{"id":331137,"date":"2022-01-07T05:00:16","date_gmt":"2022-01-07T05:00:16","guid":{"rendered":"https:\/\/www.purejewels.com\/?post_type=product&#038;p=331137"},"modified":"2026-02-18T05:22:20","modified_gmt":"2026-02-18T05:22:20","slug":"nasenstecker-aus-18-karat-weisgold-41452","status":"publish","type":"product","link":"https:\/\/www.purejewels.com\/de\/product\/18ct-white-gold-nose-pin-41452\/","title":{"rendered":"18 Karat Wei\u00dfgold 0,04 Karat Diamant-Nasenstecker"},"content":{"rendered":"<p>Erh\u00f6hen Sie Ihren Stil mit unserem exquisiten 18-kar\u00e4tigen Wei\u00dfgold <a href=\"https:\/\/www.purejewels.com\/de\/product\/cz-stone-nose-stud-in-yellow-gold-43243\/\">Wire Nose Pin<\/a> geschm\u00fcckt mit 0,04 ct. schillernden Diamanten. Diese perfekt gearbeitete Nasenbrosche strahlt Eleganz und Raffinesse aus und ist die perfekte Erg\u00e4nzung f\u00fcr Ihre Schmucksammlung. Die Diamanten weisen eine bemerkenswerte Reinheit von VVS und eine makellose Farbqualit\u00e4t von E-F auf und sorgen f\u00fcr ein brillantes Funkeln, das alle Blicke auf sich zieht. Die aus hochwertigem Wei\u00dfgold gefertigte Nasenbrosche ist luxuri\u00f6s und langlebig. Setzen Sie mit dieser atemberaubenden Brosche, die sich f\u00fcr jeden Anlass eignet, ein Statement von zeitloser Sch\u00f6nheit.<\/p>","protected":false},"excerpt":{"rendered":"<ul>\n<li>Diamant-Nasennadel de<\/li>\n<li>18ct Wei\u00dfgold Diamant Nasenschmuck<\/li>\n<li>Mit Drahtspule Spindel<\/li>\n<li>0,04ct Runder Brillantschliff Diamant\n<ul>\n<li>Diamant Reinheit. VVS<\/li>\n<li>Farbe des Diamanten.  E - F<\/li>\n<\/ul>\n<\/li>\n<li>Alle unsere Diamanten werden mit SGL-Zertifikat geliefert.<\/li>\n<li>SKU 45186, 47134<\/li>\n<li>Alle Preise inklusive Mehrwertsteuer<\/li>\n<li>Mit Pr\u00e4sentationsbox<\/li>\n<li>Lieferung inbegriffen<\/li>\n<li>Kontaktieren Sie uns \/ chatten Sie mit uns, um unsere Kollektion von Diamant-Nasensteckern zu entdecken<\/li>\n<\/ul>","protected":false},"featured_media":326673,"comment_status":"closed","ping_status":"closed","template":"","meta":{"_eb_attr":"","_crsspst_to_jayantr4sg-hostcom":false},"product_brand":[],"product_cat":[5679,6093,5457,1530,5942,1463,1574],"product_tag":[],"class_list":{"0":"post-331137","1":"product","2":"type-product","3":"status-publish","4":"has-post-thumbnail","6":"product_cat-18ct-gold-jewellery","7":"product_cat-18ct-nose-jewellery","8":"product_cat-diamond-jewellery","9":"product_cat-diamond-nose-pin","10":"product_cat-nose-jewellery","11":"product_cat-gold-nose-pins","12":"product_cat-womens-jewellery","14":"first","15":"outofstock","16":"taxable","17":"shipping-taxable","18":"product-type-simple","19":"add-to-wishlist-before_image"},"yoast_head":"<!-- This site is optimized with the Yoast SEO plugin v27.5 - https:\/\/yoast.com\/product\/yoast-seo-wordpress\/ -->\n<title>Wire Nose Pin in 18ct white gold at PureJewels UK<\/title>\n<meta name=\"description\" content=\"Buy the Best white gold Nose Pins in UK. Select from our wide range of jewellery collections at best Price with Free Shipment in the UK.\" \/>\n<meta name=\"robots\" content=\"index, follow, max-snippet:-1, max-image-preview:large, max-video-preview:-1\" \/>\n<link rel=\"canonical\" href=\"https:\/\/www.purejewels.com\/de\/produkt-2\/nasenstecker-aus-18-karat-weisgold-41452\/\" \/>\n<meta property=\"og:locale\" content=\"de_DE\" \/>\n<meta property=\"og:type\" content=\"article\" \/>\n<meta property=\"og:title\" content=\"Wire Nose Pin in 18ct white gold at PureJewels UK\" \/>\n<meta property=\"og:description\" content=\"Buy the Best white gold Nose Pins in UK. Select from our wide range of jewellery collections at best Price with Free Shipment in the UK.\" \/>\n<meta property=\"og:url\" content=\"https:\/\/www.purejewels.com\/de\/produkt-2\/nasenstecker-aus-18-karat-weisgold-41452\/\" \/>\n<meta property=\"og:site_name\" content=\"PureJewels UK\" \/>\n<meta property=\"article:modified_time\" content=\"2026-02-18T05:22:20+00:00\" \/>\n<meta property=\"og:image\" content=\"https:\/\/static.purejewels.com\/wp-content\/uploads\/2021\/07\/34155-34154-1-1.jpg\" \/>\n\t<meta property=\"og:image:width\" content=\"1000\" \/>\n\t<meta property=\"og:image:height\" content=\"1000\" \/>\n\t<meta property=\"og:image:type\" content=\"image\/jpeg\" \/>\n<meta name=\"twitter:card\" content=\"summary_large_image\" \/>\n<meta name=\"twitter:label1\" content=\"Gesch\u00e4tzte Lesezeit\" \/>\n\t<meta name=\"twitter:data1\" content=\"1\u00a0Minute\" \/>\n<script type=\"application\/ld+json\" class=\"yoast-schema-graph\">{\"@context\":\"https:\\\/\\\/schema.org\",\"@graph\":[{\"@type\":[\"WebPage\",\"ItemPage\"],\"@id\":\"https:\\\/\\\/www.purejewels.com\\\/product\\\/18ct-white-gold-nose-pin-41452\\\/\",\"url\":\"https:\\\/\\\/www.purejewels.com\\\/product\\\/18ct-white-gold-nose-pin-41452\\\/\",\"name\":\"Wire Nose Pin in 18ct white gold at PureJewels UK\",\"isPartOf\":{\"@id\":\"https:\\\/\\\/www.purejewels.com\\\/#website\"},\"primaryImageOfPage\":{\"@id\":\"https:\\\/\\\/www.purejewels.com\\\/product\\\/18ct-white-gold-nose-pin-41452\\\/#primaryimage\"},\"image\":{\"@id\":\"https:\\\/\\\/www.purejewels.com\\\/product\\\/18ct-white-gold-nose-pin-41452\\\/#primaryimage\"},\"thumbnailUrl\":\"https:\\\/\\\/static.purejewels.com\\\/wp-content\\\/uploads\\\/2021\\\/07\\\/34155-34154-1-1.jpg\",\"datePublished\":\"2022-01-07T05:00:16+00:00\",\"dateModified\":\"2026-02-18T05:22:20+00:00\",\"description\":\"Buy the Best white gold Nose Pins in UK. Select from our wide range of jewellery collections at best Price with Free Shipment in the UK.\",\"breadcrumb\":{\"@id\":\"https:\\\/\\\/www.purejewels.com\\\/product\\\/18ct-white-gold-nose-pin-41452\\\/#breadcrumb\"},\"inLanguage\":\"de\",\"potentialAction\":[{\"@type\":\"ReadAction\",\"target\":[\"https:\\\/\\\/www.purejewels.com\\\/product\\\/18ct-white-gold-nose-pin-41452\\\/\"]}]},{\"@type\":\"ImageObject\",\"inLanguage\":\"de\",\"@id\":\"https:\\\/\\\/www.purejewels.com\\\/product\\\/18ct-white-gold-nose-pin-41452\\\/#primaryimage\",\"url\":\"https:\\\/\\\/static.purejewels.com\\\/wp-content\\\/uploads\\\/2021\\\/07\\\/34155-34154-1-1.jpg\",\"contentUrl\":\"https:\\\/\\\/static.purejewels.com\\\/wp-content\\\/uploads\\\/2021\\\/07\\\/34155-34154-1-1.jpg\",\"width\":1000,\"height\":1000},{\"@type\":\"BreadcrumbList\",\"@id\":\"https:\\\/\\\/www.purejewels.com\\\/product\\\/18ct-white-gold-nose-pin-41452\\\/#breadcrumb\",\"itemListElement\":[{\"@type\":\"ListItem\",\"position\":1,\"name\":\"Home\",\"item\":\"https:\\\/\\\/www.purejewels.com\\\/\"},{\"@type\":\"ListItem\",\"position\":2,\"name\":\"Shop\",\"item\":\"https:\\\/\\\/www.purejewels.com\\\/shop\\\/\"},{\"@type\":\"ListItem\",\"position\":3,\"name\":\"18ct White Gold 0.04ct Diamond Nose Pin\"}]},{\"@type\":\"WebSite\",\"@id\":\"https:\\\/\\\/www.purejewels.com\\\/#website\",\"url\":\"https:\\\/\\\/www.purejewels.com\\\/\",\"name\":\"PureJewels UK\",\"description\":\"Share the Love\",\"publisher\":{\"@id\":\"https:\\\/\\\/www.purejewels.com\\\/#organization\"},\"potentialAction\":[{\"@type\":\"SearchAction\",\"target\":{\"@type\":\"EntryPoint\",\"urlTemplate\":\"https:\\\/\\\/www.purejewels.com\\\/?s={search_term_string}\"},\"query-input\":{\"@type\":\"PropertyValueSpecification\",\"valueRequired\":true,\"valueName\":\"search_term_string\"}}],\"inLanguage\":\"de\"},{\"@type\":\"Organization\",\"@id\":\"https:\\\/\\\/www.purejewels.com\\\/#organization\",\"name\":\"PureJewels UK\",\"url\":\"https:\\\/\\\/www.purejewels.com\\\/\",\"logo\":{\"@type\":\"ImageObject\",\"inLanguage\":\"de\",\"@id\":\"https:\\\/\\\/www.purejewels.com\\\/#\\\/schema\\\/logo\\\/image\\\/\",\"url\":\"https:\\\/\\\/static.purejewels.com\\\/wp-content\\\/uploads\\\/2020\\\/11\\\/Logo-PJ-New-1.png\",\"contentUrl\":\"https:\\\/\\\/static.purejewels.com\\\/wp-content\\\/uploads\\\/2020\\\/11\\\/Logo-PJ-New-1.png\",\"width\":150,\"height\":80,\"caption\":\"PureJewels UK\"},\"image\":{\"@id\":\"https:\\\/\\\/www.purejewels.com\\\/#\\\/schema\\\/logo\\\/image\\\/\"}}]}<\/script>\n<!-- \/ Yoast SEO plugin. -->","yoast_head_json":{"title":"Draht-Nasenstecker aus 18 Karat Wei\u00dfgold bei PureJewels UK","description":"Kaufen Sie die besten Nasennadeln aus Wei\u00dfgold in Gro\u00dfbritannien. W\u00e4hlen Sie aus unserer breiten Palette von Schmuck-Kollektionen zum besten Preis mit kostenlosem Versand in Gro\u00dfbritannien.","robots":{"index":"index","follow":"follow","max-snippet":"max-snippet:-1","max-image-preview":"max-image-preview:large","max-video-preview":"max-video-preview:-1"},"canonical":"https:\/\/www.purejewels.com\/de\/produkt-2\/nasenstecker-aus-18-karat-weisgold-41452\/","og_locale":"de_DE","og_type":"article","og_title":"Wire Nose Pin in 18ct white gold at PureJewels UK","og_description":"Buy the Best white gold Nose Pins in UK. Select from our wide range of jewellery collections at best Price with Free Shipment in the UK.","og_url":"https:\/\/www.purejewels.com\/de\/produkt-2\/nasenstecker-aus-18-karat-weisgold-41452\/","og_site_name":"PureJewels UK","article_modified_time":"2026-02-18T05:22:20+00:00","og_image":[{"width":1000,"height":1000,"url":"https:\/\/static.purejewels.com\/wp-content\/uploads\/2021\/07\/34155-34154-1-1.jpg","type":"image\/jpeg"}],"twitter_card":"summary_large_image","twitter_misc":{"Gesch\u00e4tzte Lesezeit":"1\u00a0Minute"},"schema":{"@context":"https:\/\/schema.org","@graph":[{"@type":["WebPage","ItemPage"],"@id":"https:\/\/www.purejewels.com\/product\/18ct-white-gold-nose-pin-41452\/","url":"https:\/\/www.purejewels.com\/product\/18ct-white-gold-nose-pin-41452\/","name":"Draht-Nasenstecker aus 18 Karat Wei\u00dfgold bei PureJewels UK","isPartOf":{"@id":"https:\/\/www.purejewels.com\/#website"},"primaryImageOfPage":{"@id":"https:\/\/www.purejewels.com\/product\/18ct-white-gold-nose-pin-41452\/#primaryimage"},"image":{"@id":"https:\/\/www.purejewels.com\/product\/18ct-white-gold-nose-pin-41452\/#primaryimage"},"thumbnailUrl":"https:\/\/static.purejewels.com\/wp-content\/uploads\/2021\/07\/34155-34154-1-1.jpg","datePublished":"2022-01-07T05:00:16+00:00","dateModified":"2026-02-18T05:22:20+00:00","description":"Kaufen Sie die besten Nasennadeln aus Wei\u00dfgold in Gro\u00dfbritannien. W\u00e4hlen Sie aus unserer breiten Palette von Schmuck-Kollektionen zum besten Preis mit kostenlosem Versand in Gro\u00dfbritannien.","breadcrumb":{"@id":"https:\/\/www.purejewels.com\/product\/18ct-white-gold-nose-pin-41452\/#breadcrumb"},"inLanguage":"de","potentialAction":[{"@type":"ReadAction","target":["https:\/\/www.purejewels.com\/product\/18ct-white-gold-nose-pin-41452\/"]}]},{"@type":"ImageObject","inLanguage":"de","@id":"https:\/\/www.purejewels.com\/product\/18ct-white-gold-nose-pin-41452\/#primaryimage","url":"https:\/\/static.purejewels.com\/wp-content\/uploads\/2021\/07\/34155-34154-1-1.jpg","contentUrl":"https:\/\/static.purejewels.com\/wp-content\/uploads\/2021\/07\/34155-34154-1-1.jpg","width":1000,"height":1000},{"@type":"BreadcrumbList","@id":"https:\/\/www.purejewels.com\/product\/18ct-white-gold-nose-pin-41452\/#breadcrumb","itemListElement":[{"@type":"ListItem","position":1,"name":"Home","item":"https:\/\/www.purejewels.com\/"},{"@type":"ListItem","position":2,"name":"Shop","item":"https:\/\/www.purejewels.com\/shop\/"},{"@type":"ListItem","position":3,"name":"18ct White Gold 0.04ct Diamond Nose Pin"}]},{"@type":"WebSite","@id":"https:\/\/www.purejewels.com\/#website","url":"https:\/\/www.purejewels.com\/","name":"PureJewels UK","description":"Teile die Liebe","publisher":{"@id":"https:\/\/www.purejewels.com\/#organization"},"potentialAction":[{"@type":"SearchAction","target":{"@type":"EntryPoint","urlTemplate":"https:\/\/www.purejewels.com\/?s={search_term_string}"},"query-input":{"@type":"PropertyValueSpecification","valueRequired":true,"valueName":"search_term_string"}}],"inLanguage":"de"},{"@type":"Organization","@id":"https:\/\/www.purejewels.com\/#organization","name":"PureJewels UK","url":"https:\/\/www.purejewels.com\/","logo":{"@type":"ImageObject","inLanguage":"de","@id":"https:\/\/www.purejewels.com\/#\/schema\/logo\/image\/","url":"https:\/\/static.purejewels.com\/wp-content\/uploads\/2020\/11\/Logo-PJ-New-1.png","contentUrl":"https:\/\/static.purejewels.com\/wp-content\/uploads\/2020\/11\/Logo-PJ-New-1.png","width":150,"height":80,"caption":"PureJewels UK"},"image":{"@id":"https:\/\/www.purejewels.com\/#\/schema\/logo\/image\/"}}]}},"_links":{"self":[{"href":"https:\/\/www.purejewels.com\/de\/wp-json\/wp\/v2\/product\/331137","targetHints":{"allow":["GET"]}}],"collection":[{"href":"https:\/\/www.purejewels.com\/de\/wp-json\/wp\/v2\/product"}],"about":[{"href":"https:\/\/www.purejewels.com\/de\/wp-json\/wp\/v2\/types\/product"}],"replies":[{"embeddable":true,"href":"https:\/\/www.purejewels.com\/de\/wp-json\/wp\/v2\/comments?post=331137"}],"version-history":[{"count":4,"href":"https:\/\/www.purejewels.com\/de\/wp-json\/wp\/v2\/product\/331137\/revisions"}],"predecessor-version":[{"id":392717,"href":"https:\/\/www.purejewels.com\/de\/wp-json\/wp\/v2\/product\/331137\/revisions\/392717"}],"wp:featuredmedia":[{"embeddable":true,"href":"https:\/\/www.purejewels.com\/de\/wp-json\/wp\/v2\/media\/326673"}],"wp:attachment":[{"href":"https:\/\/www.purejewels.com\/de\/wp-json\/wp\/v2\/media?parent=331137"}],"wp:term":[{"taxonomy":"product_brand","embeddable":true,"href":"https:\/\/www.purejewels.com\/de\/wp-json\/wp\/v2\/product_brand?post=331137"},{"taxonomy":"product_cat","embeddable":true,"href":"https:\/\/www.purejewels.com\/de\/wp-json\/wp\/v2\/product_cat?post=331137"},{"taxonomy":"product_tag","embeddable":true,"href":"https:\/\/www.purejewels.com\/de\/wp-json\/wp\/v2\/product_tag?post=331137"}],"curies":[{"name":"wp","href":"https:\/\/api.w.org\/{rel}","templated":true}]}}