{"id":331139,"date":"2022-01-07T05:05:39","date_gmt":"2022-01-07T05:05:39","guid":{"rendered":"https:\/\/www.purejewels.com\/?post_type=product&#038;p=331139"},"modified":"2025-12-08T09:37:54","modified_gmt":"2025-12-08T09:37:54","slug":"gelbgold-diamant-nasenstecker-de-41451","status":"publish","type":"product","link":"https:\/\/www.purejewels.com\/de\/product\/yellow-gold-diamond-nose-stud-uk-41451\/","title":{"rendered":"Gelbgold Diamant-Nasenstecker | 0,06ct"},"content":{"rendered":"<p><strong>Gestaltung<\/strong><\/p>\n<p>Dieser elegante Nasenpiercing verf\u00fcgt \u00fcber einen runden Brillantdiamanten mit 0,06 Karat, der aufgrund seiner au\u00dfergew\u00f6hnlichen Reinheit und Farbe ausgew\u00e4hlt wurde. Der Stein ist in einer minimalistischen Fassung mit vier Krappen gefasst und sitzt dicht an der Nase, wodurch er sanft leuchtet. Dank seiner zarten Proportionen ist er ideal f\u00fcr alle, die einen dezenten, aber raffinierten Glanz bevorzugen.<\/p>\n<p><strong>Handwerkliches K\u00f6nnen<\/strong><\/p>\n<p>Der Ohrstecker ist aus feinem 18 Karat Gelbgold gefertigt und von Hand gefasst, um einen sicheren Sitz des Steins und maximale Brillanz zu gew\u00e4hrleisten. Der glatte Stecker und die bequeme R\u00fcckseite sorgen f\u00fcr einen angenehmen Tragekomfort im Alltag. Jedes St\u00fcck ist in Gro\u00dfbritannien punziert, was die Reinheit des Goldes und die hohen Standards der PureJewels-Handwerkskunst best\u00e4tigt.<\/p>\n<p><strong>Styling &amp; Geschenkartikel<\/strong><\/p>\n<p>Dieser Diamant-Nasenpiercing ist perfekt f\u00fcr die Eleganz des Alltags und passt wunderbar zu traditionellem und modernem Schmuck. Er ist ein durchdachtes Geschenk zum Geburtstag, zu pers\u00f6nlichen Meilensteinen oder als zeitloses Schmuckst\u00fcck, das Ihren t\u00e4glichen Stil unterstreicht. Sein zarter Glanz macht ihn zu einem beliebten Accessoire f\u00fcr jede Schmuckkollektion.<\/p>","protected":false},"excerpt":{"rendered":"<p>Ein strahlender Diamant mit 0,06 Karat, E\u2013F VVS, gefasst in poliertem 18 Karat Gelbgold, f\u00fcr einen brillanten und dennoch dezenten Glanz. Mit britischer Punzierung.<\/p>\n<ul>\n<li>Gelbgold Diamant-Nasenstecker uk<\/li>\n<li>18ct Nasenschmuck Geeignet f\u00fcr den t\u00e4glichen Gebrauch<\/li>\n<li>mit rundem Diamanten im Brillantschliff in vierzackiger Fassung<\/li>\n<li>Gewicht des Diamanten 0,06 Karat<\/li>\n<li>Gesamtgewicht 0,16 g.<\/li>\n<li>Farbe. E - F<\/li>\n<li>Klarheit. VVS<\/li>\n<li>Alle unsere Diamanten werden mit SGL-Zertifikat geliefert.<\/li>\n<li>SKU. 41451<\/li>\n<li>Alle Preise inklusive Mehrwertsteuer<\/li>\n<li>Mit Pr\u00e4sentationsbox<\/li>\n<li>Kostenlose Lieferung in ganz UK<\/li>\n<li>Entdecken Sie unsere Kollektion von Diamant-Nasensteckern<\/li>\n<li>Kontaktieren Sie uns \/ Live-Chat mit uns f\u00fcr das Video des Produkts<\/li>\n<\/ul>","protected":false},"featured_media":326683,"comment_status":"closed","ping_status":"closed","template":"","meta":{"_eb_attr":"","_crsspst_to_jayantr4sg-hostcom":false},"product_brand":[],"product_cat":[1530,1229,1711,1463,1574],"product_tag":[],"class_list":{"0":"post-331139","1":"product","2":"type-product","3":"status-publish","4":"has-post-thumbnail","6":"product_cat-diamond-nose-pin","7":"product_cat-22ct-gold-jewellery","8":"product_cat-gold-nose-studs","9":"product_cat-gold-nose-pins","10":"product_cat-womens-jewellery","12":"first","13":"outofstock","14":"taxable","15":"shipping-taxable","16":"product-type-simple","17":"add-to-wishlist-before_image"},"yoast_head":"<!-- This site is optimized with the Yoast SEO plugin v27.3 - https:\/\/yoast.com\/product\/yoast-seo-wordpress\/ -->\n<title>Shop this elegant Yellow Gold diamond Nose Stud at PureJewels.<\/title>\n<meta name=\"description\" content=\"Buy this beautifully crafted SGL Certificated Yellow Gold Diamond Nose Stud. Free delivery &amp; easy returns on all orders. Hallmarked by London Assay Office.\" \/>\n<meta name=\"robots\" content=\"index, follow, max-snippet:-1, max-image-preview:large, max-video-preview:-1\" \/>\n<link rel=\"canonical\" href=\"https:\/\/www.purejewels.com\/de\/produkt-2\/gelbgold-diamant-nasenstecker-de-41451\/\" \/>\n<meta property=\"og:locale\" content=\"de_DE\" \/>\n<meta property=\"og:type\" content=\"article\" \/>\n<meta property=\"og:title\" content=\"Shop this elegant Yellow Gold diamond Nose Stud at PureJewels.\" \/>\n<meta property=\"og:description\" content=\"Buy this beautifully crafted SGL Certificated Yellow Gold Diamond Nose Stud. Free delivery &amp; easy returns on all orders. Hallmarked by London Assay Office.\" \/>\n<meta property=\"og:url\" content=\"https:\/\/www.purejewels.com\/de\/produkt-2\/gelbgold-diamant-nasenstecker-de-41451\/\" \/>\n<meta property=\"og:site_name\" content=\"PureJewels UK\" \/>\n<meta property=\"article:modified_time\" content=\"2025-12-08T09:37:54+00:00\" \/>\n<meta property=\"og:image\" content=\"https:\/\/static.purejewels.com\/wp-content\/uploads\/2021\/07\/34160-1.jpg\" \/>\n\t<meta property=\"og:image:width\" content=\"1000\" \/>\n\t<meta property=\"og:image:height\" content=\"1000\" \/>\n\t<meta property=\"og:image:type\" content=\"image\/jpeg\" \/>\n<meta name=\"twitter:card\" content=\"summary_large_image\" \/>\n<meta name=\"twitter:label1\" content=\"Gesch\u00e4tzte Lesezeit\" \/>\n\t<meta name=\"twitter:data1\" content=\"1\u00a0Minute\" \/>\n<script type=\"application\/ld+json\" class=\"yoast-schema-graph\">{\"@context\":\"https:\\\/\\\/schema.org\",\"@graph\":[{\"@type\":[\"WebPage\",\"ItemPage\"],\"@id\":\"https:\\\/\\\/www.purejewels.com\\\/product\\\/yellow-gold-diamond-nose-stud-uk-41451\\\/\",\"url\":\"https:\\\/\\\/www.purejewels.com\\\/product\\\/yellow-gold-diamond-nose-stud-uk-41451\\\/\",\"name\":\"Shop this elegant Yellow Gold diamond Nose Stud at PureJewels.\",\"isPartOf\":{\"@id\":\"https:\\\/\\\/www.purejewels.com\\\/#website\"},\"primaryImageOfPage\":{\"@id\":\"https:\\\/\\\/www.purejewels.com\\\/product\\\/yellow-gold-diamond-nose-stud-uk-41451\\\/#primaryimage\"},\"image\":{\"@id\":\"https:\\\/\\\/www.purejewels.com\\\/product\\\/yellow-gold-diamond-nose-stud-uk-41451\\\/#primaryimage\"},\"thumbnailUrl\":\"https:\\\/\\\/static.purejewels.com\\\/wp-content\\\/uploads\\\/2021\\\/07\\\/34160-1.jpg\",\"datePublished\":\"2022-01-07T05:05:39+00:00\",\"dateModified\":\"2025-12-08T09:37:54+00:00\",\"description\":\"Buy this beautifully crafted SGL Certificated Yellow Gold Diamond Nose Stud. Free delivery & easy returns on all orders. Hallmarked by London Assay Office.\",\"breadcrumb\":{\"@id\":\"https:\\\/\\\/www.purejewels.com\\\/product\\\/yellow-gold-diamond-nose-stud-uk-41451\\\/#breadcrumb\"},\"inLanguage\":\"de\",\"potentialAction\":[{\"@type\":\"ReadAction\",\"target\":[\"https:\\\/\\\/www.purejewels.com\\\/product\\\/yellow-gold-diamond-nose-stud-uk-41451\\\/\"]}]},{\"@type\":\"ImageObject\",\"inLanguage\":\"de\",\"@id\":\"https:\\\/\\\/www.purejewels.com\\\/product\\\/yellow-gold-diamond-nose-stud-uk-41451\\\/#primaryimage\",\"url\":\"https:\\\/\\\/static.purejewels.com\\\/wp-content\\\/uploads\\\/2021\\\/07\\\/34160-1.jpg\",\"contentUrl\":\"https:\\\/\\\/static.purejewels.com\\\/wp-content\\\/uploads\\\/2021\\\/07\\\/34160-1.jpg\",\"width\":1000,\"height\":1000,\"caption\":\"Yellow Gold Diamond Nose Stud uk 34160-1\"},{\"@type\":\"BreadcrumbList\",\"@id\":\"https:\\\/\\\/www.purejewels.com\\\/product\\\/yellow-gold-diamond-nose-stud-uk-41451\\\/#breadcrumb\",\"itemListElement\":[{\"@type\":\"ListItem\",\"position\":1,\"name\":\"Home\",\"item\":\"https:\\\/\\\/www.purejewels.com\\\/\"},{\"@type\":\"ListItem\",\"position\":2,\"name\":\"Shop\",\"item\":\"https:\\\/\\\/www.purejewels.com\\\/shop\\\/\"},{\"@type\":\"ListItem\",\"position\":3,\"name\":\"Yellow Gold Diamond Nose Stud | 0.06ct\"}]},{\"@type\":\"WebSite\",\"@id\":\"https:\\\/\\\/www.purejewels.com\\\/#website\",\"url\":\"https:\\\/\\\/www.purejewels.com\\\/\",\"name\":\"PureJewels UK\",\"description\":\"Share the Love\",\"publisher\":{\"@id\":\"https:\\\/\\\/www.purejewels.com\\\/#organization\"},\"potentialAction\":[{\"@type\":\"SearchAction\",\"target\":{\"@type\":\"EntryPoint\",\"urlTemplate\":\"https:\\\/\\\/www.purejewels.com\\\/?s={search_term_string}\"},\"query-input\":{\"@type\":\"PropertyValueSpecification\",\"valueRequired\":true,\"valueName\":\"search_term_string\"}}],\"inLanguage\":\"de\"},{\"@type\":\"Organization\",\"@id\":\"https:\\\/\\\/www.purejewels.com\\\/#organization\",\"name\":\"PureJewels UK\",\"url\":\"https:\\\/\\\/www.purejewels.com\\\/\",\"logo\":{\"@type\":\"ImageObject\",\"inLanguage\":\"de\",\"@id\":\"https:\\\/\\\/www.purejewels.com\\\/#\\\/schema\\\/logo\\\/image\\\/\",\"url\":\"https:\\\/\\\/static.purejewels.com\\\/wp-content\\\/uploads\\\/2020\\\/11\\\/Logo-PJ-New-1.png\",\"contentUrl\":\"https:\\\/\\\/static.purejewels.com\\\/wp-content\\\/uploads\\\/2020\\\/11\\\/Logo-PJ-New-1.png\",\"width\":150,\"height\":80,\"caption\":\"PureJewels UK\"},\"image\":{\"@id\":\"https:\\\/\\\/www.purejewels.com\\\/#\\\/schema\\\/logo\\\/image\\\/\"}}]}<\/script>\n<!-- \/ Yoast SEO plugin. -->","yoast_head_json":{"title":"Kaufen Sie diesen eleganten Diamant-Nasenstecker aus Gelbgold bei PureJewels.","description":"Kaufen Sie diesen wundersch\u00f6n gearbeiteten SGL-zertifizierten Diamant-Nasenstecker aus Gelbgold. Kostenlose Lieferung und einfache R\u00fcckgabe bei allen Bestellungen. Gepunzt von London Assay Office.","robots":{"index":"index","follow":"follow","max-snippet":"max-snippet:-1","max-image-preview":"max-image-preview:large","max-video-preview":"max-video-preview:-1"},"canonical":"https:\/\/www.purejewels.com\/de\/produkt-2\/gelbgold-diamant-nasenstecker-de-41451\/","og_locale":"de_DE","og_type":"article","og_title":"Shop this elegant Yellow Gold diamond Nose Stud at PureJewels.","og_description":"Buy this beautifully crafted SGL Certificated Yellow Gold Diamond Nose Stud. Free delivery & easy returns on all orders. Hallmarked by London Assay Office.","og_url":"https:\/\/www.purejewels.com\/de\/produkt-2\/gelbgold-diamant-nasenstecker-de-41451\/","og_site_name":"PureJewels UK","article_modified_time":"2025-12-08T09:37:54+00:00","og_image":[{"width":1000,"height":1000,"url":"https:\/\/static.purejewels.com\/wp-content\/uploads\/2021\/07\/34160-1.jpg","type":"image\/jpeg"}],"twitter_card":"summary_large_image","twitter_misc":{"Gesch\u00e4tzte Lesezeit":"1\u00a0Minute"},"schema":{"@context":"https:\/\/schema.org","@graph":[{"@type":["WebPage","ItemPage"],"@id":"https:\/\/www.purejewels.com\/product\/yellow-gold-diamond-nose-stud-uk-41451\/","url":"https:\/\/www.purejewels.com\/product\/yellow-gold-diamond-nose-stud-uk-41451\/","name":"Kaufen Sie diesen eleganten Diamant-Nasenstecker aus Gelbgold bei PureJewels.","isPartOf":{"@id":"https:\/\/www.purejewels.com\/#website"},"primaryImageOfPage":{"@id":"https:\/\/www.purejewels.com\/product\/yellow-gold-diamond-nose-stud-uk-41451\/#primaryimage"},"image":{"@id":"https:\/\/www.purejewels.com\/product\/yellow-gold-diamond-nose-stud-uk-41451\/#primaryimage"},"thumbnailUrl":"https:\/\/static.purejewels.com\/wp-content\/uploads\/2021\/07\/34160-1.jpg","datePublished":"2022-01-07T05:05:39+00:00","dateModified":"2025-12-08T09:37:54+00:00","description":"Kaufen Sie diesen wundersch\u00f6n gearbeiteten SGL-zertifizierten Diamant-Nasenstecker aus Gelbgold. Kostenlose Lieferung und einfache R\u00fcckgabe bei allen Bestellungen. Gepunzt von London Assay Office.","breadcrumb":{"@id":"https:\/\/www.purejewels.com\/product\/yellow-gold-diamond-nose-stud-uk-41451\/#breadcrumb"},"inLanguage":"de","potentialAction":[{"@type":"ReadAction","target":["https:\/\/www.purejewels.com\/product\/yellow-gold-diamond-nose-stud-uk-41451\/"]}]},{"@type":"ImageObject","inLanguage":"de","@id":"https:\/\/www.purejewels.com\/product\/yellow-gold-diamond-nose-stud-uk-41451\/#primaryimage","url":"https:\/\/static.purejewels.com\/wp-content\/uploads\/2021\/07\/34160-1.jpg","contentUrl":"https:\/\/static.purejewels.com\/wp-content\/uploads\/2021\/07\/34160-1.jpg","width":1000,"height":1000,"caption":"Yellow Gold Diamond Nose Stud uk 34160-1"},{"@type":"BreadcrumbList","@id":"https:\/\/www.purejewels.com\/product\/yellow-gold-diamond-nose-stud-uk-41451\/#breadcrumb","itemListElement":[{"@type":"ListItem","position":1,"name":"Home","item":"https:\/\/www.purejewels.com\/"},{"@type":"ListItem","position":2,"name":"Shop","item":"https:\/\/www.purejewels.com\/shop\/"},{"@type":"ListItem","position":3,"name":"Yellow Gold Diamond Nose Stud | 0.06ct"}]},{"@type":"WebSite","@id":"https:\/\/www.purejewels.com\/#website","url":"https:\/\/www.purejewels.com\/","name":"PureJewels UK","description":"Teile die Liebe","publisher":{"@id":"https:\/\/www.purejewels.com\/#organization"},"potentialAction":[{"@type":"SearchAction","target":{"@type":"EntryPoint","urlTemplate":"https:\/\/www.purejewels.com\/?s={search_term_string}"},"query-input":{"@type":"PropertyValueSpecification","valueRequired":true,"valueName":"search_term_string"}}],"inLanguage":"de"},{"@type":"Organization","@id":"https:\/\/www.purejewels.com\/#organization","name":"PureJewels UK","url":"https:\/\/www.purejewels.com\/","logo":{"@type":"ImageObject","inLanguage":"de","@id":"https:\/\/www.purejewels.com\/#\/schema\/logo\/image\/","url":"https:\/\/static.purejewels.com\/wp-content\/uploads\/2020\/11\/Logo-PJ-New-1.png","contentUrl":"https:\/\/static.purejewels.com\/wp-content\/uploads\/2020\/11\/Logo-PJ-New-1.png","width":150,"height":80,"caption":"PureJewels UK"},"image":{"@id":"https:\/\/www.purejewels.com\/#\/schema\/logo\/image\/"}}]}},"_links":{"self":[{"href":"https:\/\/www.purejewels.com\/de\/wp-json\/wp\/v2\/product\/331139","targetHints":{"allow":["GET"]}}],"collection":[{"href":"https:\/\/www.purejewels.com\/de\/wp-json\/wp\/v2\/product"}],"about":[{"href":"https:\/\/www.purejewels.com\/de\/wp-json\/wp\/v2\/types\/product"}],"replies":[{"embeddable":true,"href":"https:\/\/www.purejewels.com\/de\/wp-json\/wp\/v2\/comments?post=331139"}],"version-history":[{"count":3,"href":"https:\/\/www.purejewels.com\/de\/wp-json\/wp\/v2\/product\/331139\/revisions"}],"predecessor-version":[{"id":422625,"href":"https:\/\/www.purejewels.com\/de\/wp-json\/wp\/v2\/product\/331139\/revisions\/422625"}],"wp:featuredmedia":[{"embeddable":true,"href":"https:\/\/www.purejewels.com\/de\/wp-json\/wp\/v2\/media\/326683"}],"wp:attachment":[{"href":"https:\/\/www.purejewels.com\/de\/wp-json\/wp\/v2\/media?parent=331139"}],"wp:term":[{"taxonomy":"product_brand","embeddable":true,"href":"https:\/\/www.purejewels.com\/de\/wp-json\/wp\/v2\/product_brand?post=331139"},{"taxonomy":"product_cat","embeddable":true,"href":"https:\/\/www.purejewels.com\/de\/wp-json\/wp\/v2\/product_cat?post=331139"},{"taxonomy":"product_tag","embeddable":true,"href":"https:\/\/www.purejewels.com\/de\/wp-json\/wp\/v2\/product_tag?post=331139"}],"curies":[{"name":"wp","href":"https:\/\/api.w.org\/{rel}","templated":true}]}}