{"id":331309,"date":"2022-01-13T09:57:26","date_gmt":"2022-01-13T09:57:26","guid":{"rendered":"https:\/\/www.purejewels.com\/?post_type=product&#038;p=331309"},"modified":"2026-01-08T06:26:25","modified_gmt":"2026-01-08T06:26:25","slug":"gelbgold-filigraner-nasenstecker-41390","status":"publish","type":"product","link":"https:\/\/www.purejewels.com\/de\/product\/yellow-gold-filigree-nose-pin-stud-41390\/","title":{"rendered":"18ct Gold | Gelbgold Filigran Nose Pin Stud | 7,6mm Durchmesser"},"content":{"rendered":"<p><strong>Gestaltung<\/strong><\/p>\n<p>Dieser filigrane Nasenstecker aus 18 Karat Gelbgold verf\u00fcgt \u00fcber ein 7,6 mm gro\u00dfes, floral inspiriertes Motiv mit zarten Schleifen und gedrehten Details. Das durchbrochene Design sorgt f\u00fcr Weichheit und Dimension, w\u00e4hrend die polierte Perle in der Mitte Licht und Bewegung verst\u00e4rkt. Seine ausdrucksstarke Form bietet eine anmutige Balance zwischen Tradition und Moderne.<\/p>\n<p><strong><a href=\"https:\/\/www.purejewels.com\/de\/a-guide-to-die-stamping\/\">Handwerkliches K\u00f6nnen<\/a><\/strong><\/p>\n<p>Jedes St\u00fcck wird in feiner Filigranarbeit handgefertigt, wobei jede Windung und Drehung sorgf\u00e4ltig geformt wird, um ein leichtes und dennoch detailreiches Finish zu erzielen. Der glatte Stecker und der sichere Verschluss sorgen f\u00fcr ganzt\u00e4gigen Tragekomfort. Jedes St\u00fcck ist in Gro\u00dfbritannien punziert, was die zertifizierte Reinheit und die hohen Standards der PureJewels-Handwerkskunst best\u00e4tigt.<\/p>\n<p><strong>Styling &amp; Geschenkartikel<\/strong><\/p>\n<p>Das aufwendige Design macht diesen Ohrstecker zu einer hervorragenden Wahl f\u00fcr alle, die Kunstfertigkeit in ihrem Alltagsschmuck sch\u00e4tzen. Er passt perfekt zu traditionellen und modernen Looks und verleiht Ihrer Alltagskleidung oder festlichen Anl\u00e4ssen einen Hauch von Eleganz. Ein durchdachtes Geschenk f\u00fcr Geburtstage, pers\u00f6nliche Meilensteine oder kulturelle Feierlichkeiten.<\/p>","protected":false},"excerpt":{"rendered":"<p>Ein wundersch\u00f6n detaillierter Nasenpiercing aus 18 Karat Gelbgold mit einem 7,6 mm gro\u00dfen, floral inspirierten Motiv und polierten Akzenten. Mit britischer Punzierung.<\/p>\n<table class=\"sh_desc\">\n<tbody>\n<tr>\n<td>Typ des Nasenstifts<\/td>\n<td>Goldblumen-Nasenstecker<\/td>\n<\/tr>\n<tr>\n<td>SKU<\/td>\n<td>41391<\/td>\n<\/tr>\n<tr>\n<td>Gewicht<\/td>\n<td>0,4 Gms<\/td>\n<\/tr>\n<tr>\n<td>Metall<\/td>\n<td>18ct Gold<\/td>\n<\/tr>\n<tr>\n<td>Dimension<\/td>\n<td>\n<ul>\n<li>Vorbaul\u00e4nge: 6,2 mm (approax)<\/li>\n<li>Durchmesser der Fassung: 7,6 mm (ca.)<\/li>\n<li>Schaftdicke: 0,9 mm (ca.)<\/li>\n<\/ul>\n<\/td>\n<\/tr>\n<tr>\n<td>Entgelte<\/td>\n<td>Lieferung und Mehrwertsteuer inbegriffen<\/td>\n<\/tr>\n<tr>\n<td>Verpackung<\/td>\n<td>Mit Pr\u00e4sentationsbox<\/td>\n<\/tr>\n<tr>\n<td>Mehr Informationen<\/td>\n<td>Live-Chat mit uns f\u00fcr die Verf\u00fcgbarkeit und mehr Bilder von Indian Nose Jewellery<\/td>\n<\/tr>\n<\/tbody>\n<\/table>","protected":false},"featured_media":345389,"comment_status":"closed","ping_status":"closed","template":"","meta":{"_eb_attr":"","_crsspst_to_jayantr4sg-hostcom":false},"product_brand":[],"product_cat":[1711,5942,1574],"product_tag":[],"class_list":{"0":"post-331309","1":"product","2":"type-product","3":"status-publish","4":"has-post-thumbnail","6":"product_cat-gold-nose-studs","7":"product_cat-nose-jewellery","8":"product_cat-womens-jewellery","10":"first","11":"instock","12":"taxable","13":"shipping-taxable","14":"purchasable","15":"product-type-simple","16":"add-to-wishlist-before_image"},"yoast_head":"<!-- This site is optimized with the Yoast SEO plugin v27.5 - https:\/\/yoast.com\/product\/yoast-seo-wordpress\/ -->\n<title>Flower Nose Pin in 18kt yellow Gold | PureJewels<\/title>\n<meta name=\"description\" content=\"This 18ct Yellow Gold Filigree Nose Pin Stud is 7.6mm Thick is best for special occasions. Order online for free UK delivery\" \/>\n<meta name=\"robots\" content=\"index, follow, max-snippet:-1, max-image-preview:large, max-video-preview:-1\" \/>\n<link rel=\"canonical\" href=\"https:\/\/www.purejewels.com\/de\/produkt-2\/gelbgold-filigraner-nasenstecker-41390\/\" \/>\n<meta property=\"og:locale\" content=\"de_DE\" \/>\n<meta property=\"og:type\" content=\"article\" \/>\n<meta property=\"og:title\" content=\"Flower Nose Pin in 18kt yellow Gold | PureJewels\" \/>\n<meta property=\"og:description\" content=\"This 18ct Yellow Gold Filigree Nose Pin Stud is 7.6mm Thick is best for special occasions. Order online for free UK delivery\" \/>\n<meta property=\"og:url\" content=\"https:\/\/www.purejewels.com\/de\/produkt-2\/gelbgold-filigraner-nasenstecker-41390\/\" \/>\n<meta property=\"og:site_name\" content=\"PureJewels UK\" \/>\n<meta property=\"article:modified_time\" content=\"2026-01-08T06:26:25+00:00\" \/>\n<meta property=\"og:image\" content=\"https:\/\/static.purejewels.com\/wp-content\/uploads\/2022\/01\/41391-7.6mm-2.jpg\" \/>\n\t<meta property=\"og:image:width\" content=\"1\" \/>\n\t<meta property=\"og:image:height\" content=\"1\" \/>\n\t<meta property=\"og:image:type\" content=\"image\/jpeg\" \/>\n<meta name=\"twitter:card\" content=\"summary_large_image\" \/>\n<meta name=\"twitter:label1\" content=\"Gesch\u00e4tzte Lesezeit\" \/>\n\t<meta name=\"twitter:data1\" content=\"1\u00a0Minute\" \/>\n<script type=\"application\/ld+json\" class=\"yoast-schema-graph\">{\"@context\":\"https:\\\/\\\/schema.org\",\"@graph\":[{\"@type\":[\"WebPage\",\"ItemPage\"],\"@id\":\"https:\\\/\\\/www.purejewels.com\\\/product\\\/yellow-gold-filigree-nose-pin-stud-41390\\\/\",\"url\":\"https:\\\/\\\/www.purejewels.com\\\/product\\\/yellow-gold-filigree-nose-pin-stud-41390\\\/\",\"name\":\"Flower Nose Pin in 18kt yellow Gold | PureJewels\",\"isPartOf\":{\"@id\":\"https:\\\/\\\/www.purejewels.com\\\/#website\"},\"primaryImageOfPage\":{\"@id\":\"https:\\\/\\\/www.purejewels.com\\\/product\\\/yellow-gold-filigree-nose-pin-stud-41390\\\/#primaryimage\"},\"image\":{\"@id\":\"https:\\\/\\\/www.purejewels.com\\\/product\\\/yellow-gold-filigree-nose-pin-stud-41390\\\/#primaryimage\"},\"thumbnailUrl\":\"https:\\\/\\\/static.purejewels.com\\\/wp-content\\\/uploads\\\/2022\\\/01\\\/41391-7.6mm-2.jpg\",\"datePublished\":\"2022-01-13T09:57:26+00:00\",\"dateModified\":\"2026-01-08T06:26:25+00:00\",\"description\":\"This 18ct Yellow Gold Filigree Nose Pin Stud is 7.6mm Thick is best for special occasions. Order online for free UK delivery\",\"breadcrumb\":{\"@id\":\"https:\\\/\\\/www.purejewels.com\\\/product\\\/yellow-gold-filigree-nose-pin-stud-41390\\\/#breadcrumb\"},\"inLanguage\":\"de\",\"potentialAction\":[{\"@type\":\"ReadAction\",\"target\":[\"https:\\\/\\\/www.purejewels.com\\\/product\\\/yellow-gold-filigree-nose-pin-stud-41390\\\/\"]}]},{\"@type\":\"ImageObject\",\"inLanguage\":\"de\",\"@id\":\"https:\\\/\\\/www.purejewels.com\\\/product\\\/yellow-gold-filigree-nose-pin-stud-41390\\\/#primaryimage\",\"url\":\"https:\\\/\\\/static.purejewels.com\\\/wp-content\\\/uploads\\\/2022\\\/01\\\/41391-7.6mm-2.jpg\",\"contentUrl\":\"https:\\\/\\\/static.purejewels.com\\\/wp-content\\\/uploads\\\/2022\\\/01\\\/41391-7.6mm-2.jpg\"},{\"@type\":\"BreadcrumbList\",\"@id\":\"https:\\\/\\\/www.purejewels.com\\\/product\\\/yellow-gold-filigree-nose-pin-stud-41390\\\/#breadcrumb\",\"itemListElement\":[{\"@type\":\"ListItem\",\"position\":1,\"name\":\"Home\",\"item\":\"https:\\\/\\\/www.purejewels.com\\\/\"},{\"@type\":\"ListItem\",\"position\":2,\"name\":\"Shop\",\"item\":\"https:\\\/\\\/www.purejewels.com\\\/shop\\\/\"},{\"@type\":\"ListItem\",\"position\":3,\"name\":\"18ct Gold | Yellow Gold Filigree Nose Pin Stud | 7.6mm Diameter\"}]},{\"@type\":\"WebSite\",\"@id\":\"https:\\\/\\\/www.purejewels.com\\\/#website\",\"url\":\"https:\\\/\\\/www.purejewels.com\\\/\",\"name\":\"PureJewels UK\",\"description\":\"Share the Love\",\"publisher\":{\"@id\":\"https:\\\/\\\/www.purejewels.com\\\/#organization\"},\"potentialAction\":[{\"@type\":\"SearchAction\",\"target\":{\"@type\":\"EntryPoint\",\"urlTemplate\":\"https:\\\/\\\/www.purejewels.com\\\/?s={search_term_string}\"},\"query-input\":{\"@type\":\"PropertyValueSpecification\",\"valueRequired\":true,\"valueName\":\"search_term_string\"}}],\"inLanguage\":\"de\"},{\"@type\":\"Organization\",\"@id\":\"https:\\\/\\\/www.purejewels.com\\\/#organization\",\"name\":\"PureJewels UK\",\"url\":\"https:\\\/\\\/www.purejewels.com\\\/\",\"logo\":{\"@type\":\"ImageObject\",\"inLanguage\":\"de\",\"@id\":\"https:\\\/\\\/www.purejewels.com\\\/#\\\/schema\\\/logo\\\/image\\\/\",\"url\":\"https:\\\/\\\/static.purejewels.com\\\/wp-content\\\/uploads\\\/2020\\\/11\\\/Logo-PJ-New-1.png\",\"contentUrl\":\"https:\\\/\\\/static.purejewels.com\\\/wp-content\\\/uploads\\\/2020\\\/11\\\/Logo-PJ-New-1.png\",\"width\":150,\"height\":80,\"caption\":\"PureJewels UK\"},\"image\":{\"@id\":\"https:\\\/\\\/www.purejewels.com\\\/#\\\/schema\\\/logo\\\/image\\\/\"}}]}<\/script>\n<!-- \/ Yoast SEO plugin. -->","yoast_head_json":{"title":"Blume Nase Pin in 18kt Gelbgold | PureJewels","description":"Dieser filigrane Nasenstecker aus 18 Karat Gelbgold ist 7,6 mm dick und eignet sich hervorragend f\u00fcr besondere Anl\u00e4sse. Bestellen Sie online f\u00fcr kostenlose UK Lieferung","robots":{"index":"index","follow":"follow","max-snippet":"max-snippet:-1","max-image-preview":"max-image-preview:large","max-video-preview":"max-video-preview:-1"},"canonical":"https:\/\/www.purejewels.com\/de\/produkt-2\/gelbgold-filigraner-nasenstecker-41390\/","og_locale":"de_DE","og_type":"article","og_title":"Flower Nose Pin in 18kt yellow Gold | PureJewels","og_description":"This 18ct Yellow Gold Filigree Nose Pin Stud is 7.6mm Thick is best for special occasions. Order online for free UK delivery","og_url":"https:\/\/www.purejewels.com\/de\/produkt-2\/gelbgold-filigraner-nasenstecker-41390\/","og_site_name":"PureJewels UK","article_modified_time":"2026-01-08T06:26:25+00:00","og_image":[{"url":"https:\/\/static.purejewels.com\/wp-content\/uploads\/2022\/01\/41391-7.6mm-2.jpg","width":1,"height":1,"type":"image\/jpeg"}],"twitter_card":"summary_large_image","twitter_misc":{"Gesch\u00e4tzte Lesezeit":"1\u00a0Minute"},"schema":{"@context":"https:\/\/schema.org","@graph":[{"@type":["WebPage","ItemPage"],"@id":"https:\/\/www.purejewels.com\/product\/yellow-gold-filigree-nose-pin-stud-41390\/","url":"https:\/\/www.purejewels.com\/product\/yellow-gold-filigree-nose-pin-stud-41390\/","name":"Blume Nase Pin in 18kt Gelbgold | PureJewels","isPartOf":{"@id":"https:\/\/www.purejewels.com\/#website"},"primaryImageOfPage":{"@id":"https:\/\/www.purejewels.com\/product\/yellow-gold-filigree-nose-pin-stud-41390\/#primaryimage"},"image":{"@id":"https:\/\/www.purejewels.com\/product\/yellow-gold-filigree-nose-pin-stud-41390\/#primaryimage"},"thumbnailUrl":"https:\/\/static.purejewels.com\/wp-content\/uploads\/2022\/01\/41391-7.6mm-2.jpg","datePublished":"2022-01-13T09:57:26+00:00","dateModified":"2026-01-08T06:26:25+00:00","description":"Dieser filigrane Nasenstecker aus 18 Karat Gelbgold ist 7,6 mm dick und eignet sich hervorragend f\u00fcr besondere Anl\u00e4sse. Bestellen Sie online f\u00fcr kostenlose UK Lieferung","breadcrumb":{"@id":"https:\/\/www.purejewels.com\/product\/yellow-gold-filigree-nose-pin-stud-41390\/#breadcrumb"},"inLanguage":"de","potentialAction":[{"@type":"ReadAction","target":["https:\/\/www.purejewels.com\/product\/yellow-gold-filigree-nose-pin-stud-41390\/"]}]},{"@type":"ImageObject","inLanguage":"de","@id":"https:\/\/www.purejewels.com\/product\/yellow-gold-filigree-nose-pin-stud-41390\/#primaryimage","url":"https:\/\/static.purejewels.com\/wp-content\/uploads\/2022\/01\/41391-7.6mm-2.jpg","contentUrl":"https:\/\/static.purejewels.com\/wp-content\/uploads\/2022\/01\/41391-7.6mm-2.jpg"},{"@type":"BreadcrumbList","@id":"https:\/\/www.purejewels.com\/product\/yellow-gold-filigree-nose-pin-stud-41390\/#breadcrumb","itemListElement":[{"@type":"ListItem","position":1,"name":"Home","item":"https:\/\/www.purejewels.com\/"},{"@type":"ListItem","position":2,"name":"Shop","item":"https:\/\/www.purejewels.com\/shop\/"},{"@type":"ListItem","position":3,"name":"18ct Gold | Yellow Gold Filigree Nose Pin Stud | 7.6mm Diameter"}]},{"@type":"WebSite","@id":"https:\/\/www.purejewels.com\/#website","url":"https:\/\/www.purejewels.com\/","name":"PureJewels UK","description":"Teile die Liebe","publisher":{"@id":"https:\/\/www.purejewels.com\/#organization"},"potentialAction":[{"@type":"SearchAction","target":{"@type":"EntryPoint","urlTemplate":"https:\/\/www.purejewels.com\/?s={search_term_string}"},"query-input":{"@type":"PropertyValueSpecification","valueRequired":true,"valueName":"search_term_string"}}],"inLanguage":"de"},{"@type":"Organization","@id":"https:\/\/www.purejewels.com\/#organization","name":"PureJewels UK","url":"https:\/\/www.purejewels.com\/","logo":{"@type":"ImageObject","inLanguage":"de","@id":"https:\/\/www.purejewels.com\/#\/schema\/logo\/image\/","url":"https:\/\/static.purejewels.com\/wp-content\/uploads\/2020\/11\/Logo-PJ-New-1.png","contentUrl":"https:\/\/static.purejewels.com\/wp-content\/uploads\/2020\/11\/Logo-PJ-New-1.png","width":150,"height":80,"caption":"PureJewels UK"},"image":{"@id":"https:\/\/www.purejewels.com\/#\/schema\/logo\/image\/"}}]}},"_links":{"self":[{"href":"https:\/\/www.purejewels.com\/de\/wp-json\/wp\/v2\/product\/331309","targetHints":{"allow":["GET"]}}],"collection":[{"href":"https:\/\/www.purejewels.com\/de\/wp-json\/wp\/v2\/product"}],"about":[{"href":"https:\/\/www.purejewels.com\/de\/wp-json\/wp\/v2\/types\/product"}],"replies":[{"embeddable":true,"href":"https:\/\/www.purejewels.com\/de\/wp-json\/wp\/v2\/comments?post=331309"}],"version-history":[{"count":4,"href":"https:\/\/www.purejewels.com\/de\/wp-json\/wp\/v2\/product\/331309\/revisions"}],"predecessor-version":[{"id":422623,"href":"https:\/\/www.purejewels.com\/de\/wp-json\/wp\/v2\/product\/331309\/revisions\/422623"}],"wp:featuredmedia":[{"embeddable":true,"href":"https:\/\/www.purejewels.com\/de\/wp-json\/wp\/v2\/media\/345389"}],"wp:attachment":[{"href":"https:\/\/www.purejewels.com\/de\/wp-json\/wp\/v2\/media?parent=331309"}],"wp:term":[{"taxonomy":"product_brand","embeddable":true,"href":"https:\/\/www.purejewels.com\/de\/wp-json\/wp\/v2\/product_brand?post=331309"},{"taxonomy":"product_cat","embeddable":true,"href":"https:\/\/www.purejewels.com\/de\/wp-json\/wp\/v2\/product_cat?post=331309"},{"taxonomy":"product_tag","embeddable":true,"href":"https:\/\/www.purejewels.com\/de\/wp-json\/wp\/v2\/product_tag?post=331309"}],"curies":[{"name":"wp","href":"https:\/\/api.w.org\/{rel}","templated":true}]}}