{"id":331332,"date":"2022-01-13T13:17:03","date_gmt":"2022-01-13T13:17:03","guid":{"rendered":"https:\/\/www.purejewels.com\/?post_type=product&#038;p=331332"},"modified":"2025-11-13T09:33:34","modified_gmt":"2025-11-13T09:33:34","slug":"18ct-gold-gelbgold-cz-stein-nase-stecker-3-7mm-dick","status":"publish","type":"product","link":"https:\/\/www.purejewels.com\/de\/product\/18ct-gold-yellow-gold-cz-stone-nose-stud-3-7mm-thick\/","title":{"rendered":"18ct Gold | CZ Stein Nase Ohrstecker | 3,7mm dick"},"content":{"rendered":"<p>Wir pr\u00e4sentieren unseren atemberaubenden Nasenstein mit kubischem Zirkonia in 18 Karat Gold. Dieser einzelne CZ-Stein Nasenstecker ist perfekt, um Ihrem Look einen Hauch von Eleganz zu verleihen. Die 3,7 mm dicke Fassung ist in hochwertigem 18-kar\u00e4tigem Gold gefasst, was ihn zu einem langlebigen und sch\u00f6nen Schmuckst\u00fcck macht.<\/p>\n<p>Unser Nasenstein ist mit einer Stiell\u00e4nge von 6 mm und einer Stieldicke von 0,6 mm fein gearbeitet, um einen bequemen Sitz zu gew\u00e4hrleisten. Die Rohrst\u00e4rke von 0,9 mm tr\u00e4gt zur Haltbarkeit dieses exquisiten St\u00fccks bei.<\/p>\n<p>Jeder Nasenstein wird in einer Pr\u00e4sentationsbox geliefert und ist somit ein perfektes Geschenk f\u00fcr Sie selbst oder einen lieben Menschen. Unser Live-Chat-Support kann Ihnen bei der Verf\u00fcgbarkeit helfen und weitere Bilder dieses atemberaubenden St\u00fccks zur Verf\u00fcgung stellen.<\/p>\n<p>Kaufen Sie bei uns online ein und genie\u00dfen Sie ein unkompliziertes Einkaufserlebnis. F\u00fcgen Sie diesen CZ Stein Nasenstecker zu Ihrer Kollektion hinzu und erh\u00f6hen Sie Ihren Stil m\u00fchelos.<\/p>","protected":false},"excerpt":{"rendered":"<table class=\"sh_desc\">\n<tbody>\n<tr>\n<td>Typ des Nasenstifts<\/td>\n<td>Einzelner CZ Stein Nasenstecker<\/td>\n<\/tr>\n<tr>\n<td>SKU<\/td>\n<td>41406, 43207<\/td>\n<\/tr>\n<tr>\n<td>Gewicht<\/td>\n<td>0,2 Gramm<\/td>\n<\/tr>\n<tr>\n<td>Metall<\/td>\n<td>18ct Gold<\/td>\n<\/tr>\n<tr>\n<td>Dimension<\/td>\n<td>\n<ul>\n<li>L\u00e4nge des Stiels: 6 mm (ca.)<\/li>\n<li>Durchmesser der Fassung: 3,7 mm (ca.)<\/li>\n<li>Schaftdicke: 0,6 mm (ca.)<\/li>\n<li>Rohrdicke: 0,9 mm (ca.)<\/li>\n<\/ul>\n<\/td>\n<\/tr>\n<tr>\n<td>Entgelte<\/td>\n<td>Lieferung und Mehrwertsteuer inbegriffen<\/td>\n<\/tr>\n<tr>\n<td>Verpackung<\/td>\n<td>Mit einer Pr\u00e4sentationsbox<\/td>\n<\/tr>\n<tr>\n<td>Mehr Informationen<\/td>\n<td>Live-Chat mit uns f\u00fcr Verf\u00fcgbarkeit und mehr Bilder<\/p>\n<p>Mehr Nose Pins erforschen<\/td>\n<\/tr>\n<\/tbody>\n<\/table>","protected":false},"featured_media":345444,"comment_status":"closed","ping_status":"closed","template":"","meta":{"_eb_attr":"","_crsspst_to_jayantr4sg-hostcom":false},"product_brand":[],"product_cat":[5679,1711,5342,1463,5305,1574,5306],"product_tag":[],"class_list":{"0":"post-331332","1":"product","2":"type-product","3":"status-publish","4":"has-post-thumbnail","6":"product_cat-18ct-gold-jewellery","7":"product_cat-gold-nose-studs","8":"product_cat-jewellery-under-250","9":"product_cat-gold-nose-pins","10":"product_cat-nose-studs","11":"product_cat-womens-jewellery","12":"product_cat-yellow-gold-nose-studs","14":"first","15":"outofstock","16":"taxable","17":"shipping-taxable","18":"product-type-simple","19":"add-to-wishlist-before_image"},"yoast_head":"<!-- This site is optimized with the Yoast SEO plugin v27.3 - https:\/\/yoast.com\/product\/yoast-seo-wordpress\/ -->\n<title>Shop Nose Pin Online with Cubic Zirconia Stone<\/title>\n<meta name=\"description\" content=\"Browse our latest collection of nose pins and nose rings online. We have plain nose pins and nose pins with stone in 18ct yellow and white gold.\" \/>\n<meta name=\"robots\" content=\"index, follow, max-snippet:-1, max-image-preview:large, max-video-preview:-1\" \/>\n<link rel=\"canonical\" href=\"https:\/\/www.purejewels.com\/de\/produkt-2\/18ct-gold-gelbgold-cz-stein-nase-stecker-3-7mm-dick\/\" \/>\n<meta property=\"og:locale\" content=\"de_DE\" \/>\n<meta property=\"og:type\" content=\"article\" \/>\n<meta property=\"og:title\" content=\"Shop Nose Pin Online with Cubic Zirconia Stone\" \/>\n<meta property=\"og:description\" content=\"Browse our latest collection of nose pins and nose rings online. We have plain nose pins and nose pins with stone in 18ct yellow and white gold.\" \/>\n<meta property=\"og:url\" content=\"https:\/\/www.purejewels.com\/de\/produkt-2\/18ct-gold-gelbgold-cz-stein-nase-stecker-3-7mm-dick\/\" \/>\n<meta property=\"og:site_name\" content=\"PureJewels UK\" \/>\n<meta property=\"article:modified_time\" content=\"2025-11-13T09:33:34+00:00\" \/>\n<meta property=\"og:image\" content=\"https:\/\/www.purejewels.com\/wp-content\/uploads\/2022\/01\/41406-3.7mm-1.jpg\" \/>\n\t<meta property=\"og:image:width\" content=\"1\" \/>\n\t<meta property=\"og:image:height\" content=\"1\" \/>\n\t<meta property=\"og:image:type\" content=\"image\/jpeg\" \/>\n<meta name=\"twitter:card\" content=\"summary_large_image\" \/>\n<meta name=\"twitter:label1\" content=\"Gesch\u00e4tzte Lesezeit\" \/>\n\t<meta name=\"twitter:data1\" content=\"1\u00a0Minute\" \/>\n<script type=\"application\/ld+json\" class=\"yoast-schema-graph\">{\"@context\":\"https:\\\/\\\/schema.org\",\"@graph\":[{\"@type\":[\"WebPage\",\"ItemPage\"],\"@id\":\"https:\\\/\\\/www.purejewels.com\\\/product\\\/18ct-gold-yellow-gold-cz-stone-nose-stud-3-7mm-thick\\\/\",\"url\":\"https:\\\/\\\/www.purejewels.com\\\/product\\\/18ct-gold-yellow-gold-cz-stone-nose-stud-3-7mm-thick\\\/\",\"name\":\"Shop Nose Pin Online with Cubic Zirconia Stone\",\"isPartOf\":{\"@id\":\"https:\\\/\\\/www.purejewels.com\\\/#website\"},\"primaryImageOfPage\":{\"@id\":\"https:\\\/\\\/www.purejewels.com\\\/product\\\/18ct-gold-yellow-gold-cz-stone-nose-stud-3-7mm-thick\\\/#primaryimage\"},\"image\":{\"@id\":\"https:\\\/\\\/www.purejewels.com\\\/product\\\/18ct-gold-yellow-gold-cz-stone-nose-stud-3-7mm-thick\\\/#primaryimage\"},\"thumbnailUrl\":\"https:\\\/\\\/static.purejewels.com\\\/wp-content\\\/uploads\\\/2022\\\/01\\\/41406-3.7mm-1.jpg\",\"datePublished\":\"2022-01-13T13:17:03+00:00\",\"dateModified\":\"2025-11-13T09:33:34+00:00\",\"description\":\"Browse our latest collection of nose pins and nose rings online. We have plain nose pins and nose pins with stone in 18ct yellow and white gold.\",\"breadcrumb\":{\"@id\":\"https:\\\/\\\/www.purejewels.com\\\/product\\\/18ct-gold-yellow-gold-cz-stone-nose-stud-3-7mm-thick\\\/#breadcrumb\"},\"inLanguage\":\"de\",\"potentialAction\":[{\"@type\":\"ReadAction\",\"target\":[\"https:\\\/\\\/www.purejewels.com\\\/product\\\/18ct-gold-yellow-gold-cz-stone-nose-stud-3-7mm-thick\\\/\"]}]},{\"@type\":\"ImageObject\",\"inLanguage\":\"de\",\"@id\":\"https:\\\/\\\/www.purejewels.com\\\/product\\\/18ct-gold-yellow-gold-cz-stone-nose-stud-3-7mm-thick\\\/#primaryimage\",\"url\":\"https:\\\/\\\/static.purejewels.com\\\/wp-content\\\/uploads\\\/2022\\\/01\\\/41406-3.7mm-1.jpg\",\"contentUrl\":\"https:\\\/\\\/static.purejewels.com\\\/wp-content\\\/uploads\\\/2022\\\/01\\\/41406-3.7mm-1.jpg\",\"caption\":\"18ct Gold | CZ Stone Nose Stud | 3.7mm Thick\"},{\"@type\":\"BreadcrumbList\",\"@id\":\"https:\\\/\\\/www.purejewels.com\\\/product\\\/18ct-gold-yellow-gold-cz-stone-nose-stud-3-7mm-thick\\\/#breadcrumb\",\"itemListElement\":[{\"@type\":\"ListItem\",\"position\":1,\"name\":\"Home\",\"item\":\"https:\\\/\\\/www.purejewels.com\\\/\"},{\"@type\":\"ListItem\",\"position\":2,\"name\":\"Shop\",\"item\":\"https:\\\/\\\/www.purejewels.com\\\/shop\\\/\"},{\"@type\":\"ListItem\",\"position\":3,\"name\":\"18ct Gold | CZ Stone Nose Stud | 3.7mm Thick\"}]},{\"@type\":\"WebSite\",\"@id\":\"https:\\\/\\\/www.purejewels.com\\\/#website\",\"url\":\"https:\\\/\\\/www.purejewels.com\\\/\",\"name\":\"PureJewels UK\",\"description\":\"Share the Love\",\"publisher\":{\"@id\":\"https:\\\/\\\/www.purejewels.com\\\/#organization\"},\"potentialAction\":[{\"@type\":\"SearchAction\",\"target\":{\"@type\":\"EntryPoint\",\"urlTemplate\":\"https:\\\/\\\/www.purejewels.com\\\/?s={search_term_string}\"},\"query-input\":{\"@type\":\"PropertyValueSpecification\",\"valueRequired\":true,\"valueName\":\"search_term_string\"}}],\"inLanguage\":\"de\"},{\"@type\":\"Organization\",\"@id\":\"https:\\\/\\\/www.purejewels.com\\\/#organization\",\"name\":\"PureJewels UK\",\"url\":\"https:\\\/\\\/www.purejewels.com\\\/\",\"logo\":{\"@type\":\"ImageObject\",\"inLanguage\":\"de\",\"@id\":\"https:\\\/\\\/www.purejewels.com\\\/#\\\/schema\\\/logo\\\/image\\\/\",\"url\":\"https:\\\/\\\/static.purejewels.com\\\/wp-content\\\/uploads\\\/2020\\\/11\\\/Logo-PJ-New-1.png\",\"contentUrl\":\"https:\\\/\\\/static.purejewels.com\\\/wp-content\\\/uploads\\\/2020\\\/11\\\/Logo-PJ-New-1.png\",\"width\":150,\"height\":80,\"caption\":\"PureJewels UK\"},\"image\":{\"@id\":\"https:\\\/\\\/www.purejewels.com\\\/#\\\/schema\\\/logo\\\/image\\\/\"}}]}<\/script>\n<!-- \/ Yoast SEO plugin. -->","yoast_head_json":{"title":"Nasenstecker mit kubischem Zirkonia online kaufen","description":"St\u00f6bern Sie online in unserer aktuellen Kollektion von Anstecknadeln und Nasenringen. Wir haben schlichte Nasenpins und Nasenpins mit Stein in 18 Karat Gelb- und Wei\u00dfgold.","robots":{"index":"index","follow":"follow","max-snippet":"max-snippet:-1","max-image-preview":"max-image-preview:large","max-video-preview":"max-video-preview:-1"},"canonical":"https:\/\/www.purejewels.com\/de\/produkt-2\/18ct-gold-gelbgold-cz-stein-nase-stecker-3-7mm-dick\/","og_locale":"de_DE","og_type":"article","og_title":"Shop Nose Pin Online with Cubic Zirconia Stone","og_description":"Browse our latest collection of nose pins and nose rings online. We have plain nose pins and nose pins with stone in 18ct yellow and white gold.","og_url":"https:\/\/www.purejewels.com\/de\/produkt-2\/18ct-gold-gelbgold-cz-stein-nase-stecker-3-7mm-dick\/","og_site_name":"PureJewels UK","article_modified_time":"2025-11-13T09:33:34+00:00","og_image":[{"url":"https:\/\/www.purejewels.com\/wp-content\/uploads\/2022\/01\/41406-3.7mm-1.jpg","width":1,"height":1,"type":"image\/jpeg"}],"twitter_card":"summary_large_image","twitter_misc":{"Gesch\u00e4tzte Lesezeit":"1\u00a0Minute"},"schema":{"@context":"https:\/\/schema.org","@graph":[{"@type":["WebPage","ItemPage"],"@id":"https:\/\/www.purejewels.com\/product\/18ct-gold-yellow-gold-cz-stone-nose-stud-3-7mm-thick\/","url":"https:\/\/www.purejewels.com\/product\/18ct-gold-yellow-gold-cz-stone-nose-stud-3-7mm-thick\/","name":"Nasenstecker mit kubischem Zirkonia online kaufen","isPartOf":{"@id":"https:\/\/www.purejewels.com\/#website"},"primaryImageOfPage":{"@id":"https:\/\/www.purejewels.com\/product\/18ct-gold-yellow-gold-cz-stone-nose-stud-3-7mm-thick\/#primaryimage"},"image":{"@id":"https:\/\/www.purejewels.com\/product\/18ct-gold-yellow-gold-cz-stone-nose-stud-3-7mm-thick\/#primaryimage"},"thumbnailUrl":"https:\/\/static.purejewels.com\/wp-content\/uploads\/2022\/01\/41406-3.7mm-1.jpg","datePublished":"2022-01-13T13:17:03+00:00","dateModified":"2025-11-13T09:33:34+00:00","description":"St\u00f6bern Sie online in unserer aktuellen Kollektion von Anstecknadeln und Nasenringen. Wir haben schlichte Nasenpins und Nasenpins mit Stein in 18 Karat Gelb- und Wei\u00dfgold.","breadcrumb":{"@id":"https:\/\/www.purejewels.com\/product\/18ct-gold-yellow-gold-cz-stone-nose-stud-3-7mm-thick\/#breadcrumb"},"inLanguage":"de","potentialAction":[{"@type":"ReadAction","target":["https:\/\/www.purejewels.com\/product\/18ct-gold-yellow-gold-cz-stone-nose-stud-3-7mm-thick\/"]}]},{"@type":"ImageObject","inLanguage":"de","@id":"https:\/\/www.purejewels.com\/product\/18ct-gold-yellow-gold-cz-stone-nose-stud-3-7mm-thick\/#primaryimage","url":"https:\/\/static.purejewels.com\/wp-content\/uploads\/2022\/01\/41406-3.7mm-1.jpg","contentUrl":"https:\/\/static.purejewels.com\/wp-content\/uploads\/2022\/01\/41406-3.7mm-1.jpg","caption":"18ct Gold | CZ Stone Nose Stud | 3.7mm Thick"},{"@type":"BreadcrumbList","@id":"https:\/\/www.purejewels.com\/product\/18ct-gold-yellow-gold-cz-stone-nose-stud-3-7mm-thick\/#breadcrumb","itemListElement":[{"@type":"ListItem","position":1,"name":"Home","item":"https:\/\/www.purejewels.com\/"},{"@type":"ListItem","position":2,"name":"Shop","item":"https:\/\/www.purejewels.com\/shop\/"},{"@type":"ListItem","position":3,"name":"18ct Gold | CZ Stone Nose Stud | 3.7mm Thick"}]},{"@type":"WebSite","@id":"https:\/\/www.purejewels.com\/#website","url":"https:\/\/www.purejewels.com\/","name":"PureJewels UK","description":"Teile die Liebe","publisher":{"@id":"https:\/\/www.purejewels.com\/#organization"},"potentialAction":[{"@type":"SearchAction","target":{"@type":"EntryPoint","urlTemplate":"https:\/\/www.purejewels.com\/?s={search_term_string}"},"query-input":{"@type":"PropertyValueSpecification","valueRequired":true,"valueName":"search_term_string"}}],"inLanguage":"de"},{"@type":"Organization","@id":"https:\/\/www.purejewels.com\/#organization","name":"PureJewels UK","url":"https:\/\/www.purejewels.com\/","logo":{"@type":"ImageObject","inLanguage":"de","@id":"https:\/\/www.purejewels.com\/#\/schema\/logo\/image\/","url":"https:\/\/static.purejewels.com\/wp-content\/uploads\/2020\/11\/Logo-PJ-New-1.png","contentUrl":"https:\/\/static.purejewels.com\/wp-content\/uploads\/2020\/11\/Logo-PJ-New-1.png","width":150,"height":80,"caption":"PureJewels UK"},"image":{"@id":"https:\/\/www.purejewels.com\/#\/schema\/logo\/image\/"}}]}},"_links":{"self":[{"href":"https:\/\/www.purejewels.com\/de\/wp-json\/wp\/v2\/product\/331332","targetHints":{"allow":["GET"]}}],"collection":[{"href":"https:\/\/www.purejewels.com\/de\/wp-json\/wp\/v2\/product"}],"about":[{"href":"https:\/\/www.purejewels.com\/de\/wp-json\/wp\/v2\/types\/product"}],"replies":[{"embeddable":true,"href":"https:\/\/www.purejewels.com\/de\/wp-json\/wp\/v2\/comments?post=331332"}],"version-history":[{"count":2,"href":"https:\/\/www.purejewels.com\/de\/wp-json\/wp\/v2\/product\/331332\/revisions"}],"predecessor-version":[{"id":420986,"href":"https:\/\/www.purejewels.com\/de\/wp-json\/wp\/v2\/product\/331332\/revisions\/420986"}],"wp:featuredmedia":[{"embeddable":true,"href":"https:\/\/www.purejewels.com\/de\/wp-json\/wp\/v2\/media\/345444"}],"wp:attachment":[{"href":"https:\/\/www.purejewels.com\/de\/wp-json\/wp\/v2\/media?parent=331332"}],"wp:term":[{"taxonomy":"product_brand","embeddable":true,"href":"https:\/\/www.purejewels.com\/de\/wp-json\/wp\/v2\/product_brand?post=331332"},{"taxonomy":"product_cat","embeddable":true,"href":"https:\/\/www.purejewels.com\/de\/wp-json\/wp\/v2\/product_cat?post=331332"},{"taxonomy":"product_tag","embeddable":true,"href":"https:\/\/www.purejewels.com\/de\/wp-json\/wp\/v2\/product_tag?post=331332"}],"curies":[{"name":"wp","href":"https:\/\/api.w.org\/{rel}","templated":true}]}}