{"id":331358,"date":"2022-01-13T11:35:00","date_gmt":"2022-01-13T11:35:00","guid":{"rendered":"https:\/\/www.purejewels.com\/?post_type=product&#038;p=331358"},"modified":"2026-02-18T11:33:05","modified_gmt":"2026-02-18T11:33:05","slug":"indischer-goldnasenstecker-41400","status":"publish","type":"product","link":"https:\/\/www.purejewels.com\/de\/product\/indian-gold-nose-pin-stud-41400\/","title":{"rendered":"18ct Gold | Indian Gold Nose Pin Stud | 1.8mm dick"},"content":{"rendered":"<p>Die zeitgen\u00f6ssische Sch\u00f6nheit <a href=\"https:\/\/www.purejewels.com\/de\/product\/18ct-gold-yellow-gold-cz-stone-nose-stud-3-7mm-thick\/\">Nasenstecker aus 18 Karat Gold<\/a> ist mit CZ-Steinen verziert. Die R\u00fcckseite des goldenen Nasensteckers ist direkt einer Blume nachempfunden, w\u00e4hrend die Vorderseite die moderne Form eines Bl\u00fctenblattes aufgreift. Die CZ-Steine im goldenen Nasenstecker sind sicher in einer \u00e4hnlich inspirierten, modernen Form gehalten.<\/p>\n<p>Die echte <a href=\"https:\/\/www.purejewels.com\/de\/product\/18-carat-yellow-gold-nose-pin-33271\/\">goldener Nasenstecker<\/a> wurde hergestellt, um den Komfort f\u00fcr den Tr\u00e4ger zu gew\u00e4hrleisten. Unser goldener Nasenstecker kann leicht entfernt und mit warmem Wasser und milder Seife mit einer weichen B\u00fcrste gereinigt werden, um seinen warmen Glanz zu erhalten.<\/p>","protected":false},"excerpt":{"rendered":"<table class=\"sh_desc\" style=\"width: 100%; height: 355px;\">\n<tbody>\n<tr style=\"height: 27px;\">\n<td style=\"height: 27px;\">Typ des Nasenstifts<\/td>\n<td style=\"height: 27px;\">CZ Stein Nase Pin Stud<\/td>\n<\/tr>\n<tr style=\"height: 27px;\">\n<td style=\"height: 27px;\">SKU<\/td>\n<td style=\"height: 27px;\">41400<\/td>\n<\/tr>\n<tr style=\"height: 27px;\">\n<td style=\"height: 27px;\">Gewicht<\/td>\n<td style=\"height: 27px;\">0,2 Gms<\/td>\n<\/tr>\n<tr style=\"height: 27px;\">\n<td style=\"height: 27px;\">Metall<\/td>\n<td style=\"height: 27px;\">18ct Gold<\/td>\n<\/tr>\n<tr style=\"height: 139px;\">\n<td style=\"height: 139px;\">Dimension<\/td>\n<td style=\"height: 139px;\">\n<ul>\n<li>L\u00e4nge des Stiels: 6 mm (ca.)<\/li>\n<li>Durchmesser der Fassung: 1,8 mm (ca.)<\/li>\n<li>Schaftdicke: 0,6 mm (ca.)<\/li>\n<li>Rohrdicke: 0,9 mm (ca.)<\/li>\n<\/ul>\n<\/td>\n<\/tr>\n<tr style=\"height: 27px;\">\n<td style=\"height: 27px;\">Entgelte<\/td>\n<td style=\"height: 27px;\">Lieferung und Mehrwertsteuer inbegriffen<\/td>\n<\/tr>\n<tr style=\"height: 27px;\">\n<td style=\"height: 27px;\">Verpackung<\/td>\n<td style=\"height: 27px;\">Mit einer Pr\u00e4sentationsbox<\/td>\n<\/tr>\n<tr style=\"height: 27px;\">\n<td style=\"height: 27px;\">Mehr Informationen<\/td>\n<td style=\"height: 27px;\">Live-Chat mit uns f\u00fcr Verf\u00fcgbarkeit und mehr Bilder<\/p>\n<p>Mehr Nose Pins erforschen<\/td>\n<\/tr>\n<\/tbody>\n<\/table>","protected":false},"featured_media":345461,"comment_status":"closed","ping_status":"closed","template":"","meta":{"_eb_attr":"","_crsspst_to_jayantr4sg-hostcom":false},"product_brand":[],"product_cat":[5679,1711,5342,5942,1574],"product_tag":[],"class_list":{"0":"post-331358","1":"product","2":"type-product","3":"status-publish","4":"has-post-thumbnail","6":"product_cat-18ct-gold-jewellery","7":"product_cat-gold-nose-studs","8":"product_cat-jewellery-under-250","9":"product_cat-nose-jewellery","10":"product_cat-womens-jewellery","12":"first","13":"instock","14":"taxable","15":"shipping-taxable","16":"purchasable","17":"product-type-simple","18":"add-to-wishlist-before_image"},"yoast_head":"<!-- This site is optimized with the Yoast SEO plugin v27.3 - https:\/\/yoast.com\/product\/yoast-seo-wordpress\/ -->\n<title>18ct gold petal shape nose pin embellished with CZ stones<\/title>\n<meta name=\"description\" content=\"The real gold nose stud has been made to ensure comfort for the wearer. Our gold nose stud can be easily removed and cleaned.\" \/>\n<meta name=\"robots\" content=\"index, follow, max-snippet:-1, max-image-preview:large, max-video-preview:-1\" \/>\n<link rel=\"canonical\" href=\"https:\/\/www.purejewels.com\/de\/produkt-2\/indischer-goldnasenstecker-41400\/\" \/>\n<meta property=\"og:locale\" content=\"de_DE\" \/>\n<meta property=\"og:type\" content=\"article\" \/>\n<meta property=\"og:title\" content=\"18ct gold petal shape nose pin embellished with CZ stones\" \/>\n<meta property=\"og:description\" content=\"The real gold nose stud has been made to ensure comfort for the wearer. Our gold nose stud can be easily removed and cleaned.\" \/>\n<meta property=\"og:url\" content=\"https:\/\/www.purejewels.com\/de\/produkt-2\/indischer-goldnasenstecker-41400\/\" \/>\n<meta property=\"og:site_name\" content=\"PureJewels UK\" \/>\n<meta property=\"article:modified_time\" content=\"2026-02-18T11:33:05+00:00\" \/>\n<meta property=\"og:image\" content=\"https:\/\/static.purejewels.com\/wp-content\/uploads\/2022\/01\/41400-1.8mm-1.jpg\" \/>\n\t<meta property=\"og:image:width\" content=\"1000\" \/>\n\t<meta property=\"og:image:height\" content=\"1000\" \/>\n\t<meta property=\"og:image:type\" content=\"image\/jpeg\" \/>\n<meta name=\"twitter:card\" content=\"summary_large_image\" \/>\n<meta name=\"twitter:label1\" content=\"Gesch\u00e4tzte Lesezeit\" \/>\n\t<meta name=\"twitter:data1\" content=\"1\u00a0Minute\" \/>\n<script type=\"application\/ld+json\" class=\"yoast-schema-graph\">{\"@context\":\"https:\\\/\\\/schema.org\",\"@graph\":[{\"@type\":[\"WebPage\",\"ItemPage\"],\"@id\":\"https:\\\/\\\/www.purejewels.com\\\/product\\\/indian-gold-nose-pin-stud-41400\\\/\",\"url\":\"https:\\\/\\\/www.purejewels.com\\\/product\\\/indian-gold-nose-pin-stud-41400\\\/\",\"name\":\"18ct gold petal shape nose pin embellished with CZ stones\",\"isPartOf\":{\"@id\":\"https:\\\/\\\/www.purejewels.com\\\/#website\"},\"primaryImageOfPage\":{\"@id\":\"https:\\\/\\\/www.purejewels.com\\\/product\\\/indian-gold-nose-pin-stud-41400\\\/#primaryimage\"},\"image\":{\"@id\":\"https:\\\/\\\/www.purejewels.com\\\/product\\\/indian-gold-nose-pin-stud-41400\\\/#primaryimage\"},\"thumbnailUrl\":\"https:\\\/\\\/static.purejewels.com\\\/wp-content\\\/uploads\\\/2022\\\/01\\\/41400-1.8mm-1.jpg\",\"datePublished\":\"2022-01-13T11:35:00+00:00\",\"dateModified\":\"2026-02-18T11:33:05+00:00\",\"description\":\"The real gold nose stud has been made to ensure comfort for the wearer. Our gold nose stud can be easily removed and cleaned.\",\"breadcrumb\":{\"@id\":\"https:\\\/\\\/www.purejewels.com\\\/product\\\/indian-gold-nose-pin-stud-41400\\\/#breadcrumb\"},\"inLanguage\":\"de\",\"potentialAction\":[{\"@type\":\"ReadAction\",\"target\":[\"https:\\\/\\\/www.purejewels.com\\\/product\\\/indian-gold-nose-pin-stud-41400\\\/\"]}]},{\"@type\":\"ImageObject\",\"inLanguage\":\"de\",\"@id\":\"https:\\\/\\\/www.purejewels.com\\\/product\\\/indian-gold-nose-pin-stud-41400\\\/#primaryimage\",\"url\":\"https:\\\/\\\/static.purejewels.com\\\/wp-content\\\/uploads\\\/2022\\\/01\\\/41400-1.8mm-1.jpg\",\"contentUrl\":\"https:\\\/\\\/static.purejewels.com\\\/wp-content\\\/uploads\\\/2022\\\/01\\\/41400-1.8mm-1.jpg\",\"width\":1000,\"height\":1000,\"caption\":\"18ct Gold | Indian Gold Nose Pin Stud | 1.8mm Thick\"},{\"@type\":\"BreadcrumbList\",\"@id\":\"https:\\\/\\\/www.purejewels.com\\\/product\\\/indian-gold-nose-pin-stud-41400\\\/#breadcrumb\",\"itemListElement\":[{\"@type\":\"ListItem\",\"position\":1,\"name\":\"Home\",\"item\":\"https:\\\/\\\/www.purejewels.com\\\/\"},{\"@type\":\"ListItem\",\"position\":2,\"name\":\"Shop\",\"item\":\"https:\\\/\\\/www.purejewels.com\\\/shop\\\/\"},{\"@type\":\"ListItem\",\"position\":3,\"name\":\"18ct Gold | Indian Gold Nose Pin Stud | 1.8mm Thick\"}]},{\"@type\":\"WebSite\",\"@id\":\"https:\\\/\\\/www.purejewels.com\\\/#website\",\"url\":\"https:\\\/\\\/www.purejewels.com\\\/\",\"name\":\"PureJewels UK\",\"description\":\"Share the Love\",\"publisher\":{\"@id\":\"https:\\\/\\\/www.purejewels.com\\\/#organization\"},\"potentialAction\":[{\"@type\":\"SearchAction\",\"target\":{\"@type\":\"EntryPoint\",\"urlTemplate\":\"https:\\\/\\\/www.purejewels.com\\\/?s={search_term_string}\"},\"query-input\":{\"@type\":\"PropertyValueSpecification\",\"valueRequired\":true,\"valueName\":\"search_term_string\"}}],\"inLanguage\":\"de\"},{\"@type\":\"Organization\",\"@id\":\"https:\\\/\\\/www.purejewels.com\\\/#organization\",\"name\":\"PureJewels UK\",\"url\":\"https:\\\/\\\/www.purejewels.com\\\/\",\"logo\":{\"@type\":\"ImageObject\",\"inLanguage\":\"de\",\"@id\":\"https:\\\/\\\/www.purejewels.com\\\/#\\\/schema\\\/logo\\\/image\\\/\",\"url\":\"https:\\\/\\\/static.purejewels.com\\\/wp-content\\\/uploads\\\/2020\\\/11\\\/Logo-PJ-New-1.png\",\"contentUrl\":\"https:\\\/\\\/static.purejewels.com\\\/wp-content\\\/uploads\\\/2020\\\/11\\\/Logo-PJ-New-1.png\",\"width\":150,\"height\":80,\"caption\":\"PureJewels UK\"},\"image\":{\"@id\":\"https:\\\/\\\/www.purejewels.com\\\/#\\\/schema\\\/logo\\\/image\\\/\"}}]}<\/script>\n<!-- \/ Yoast SEO plugin. -->","yoast_head_json":{"title":"Nasenstecker in Form eines Bl\u00fctenblattes aus 18 Karat Gold mit CZ-Steinen verziert","description":"Der Nasenstecker aus echtem Gold wurde so gefertigt, dass er einen hohen Tragekomfort bietet. Unser goldener Nasenstecker kann leicht entfernt und gereinigt werden.","robots":{"index":"index","follow":"follow","max-snippet":"max-snippet:-1","max-image-preview":"max-image-preview:large","max-video-preview":"max-video-preview:-1"},"canonical":"https:\/\/www.purejewels.com\/de\/produkt-2\/indischer-goldnasenstecker-41400\/","og_locale":"de_DE","og_type":"article","og_title":"18ct gold petal shape nose pin embellished with CZ stones","og_description":"The real gold nose stud has been made to ensure comfort for the wearer. Our gold nose stud can be easily removed and cleaned.","og_url":"https:\/\/www.purejewels.com\/de\/produkt-2\/indischer-goldnasenstecker-41400\/","og_site_name":"PureJewels UK","article_modified_time":"2026-02-18T11:33:05+00:00","og_image":[{"width":1000,"height":1000,"url":"https:\/\/static.purejewels.com\/wp-content\/uploads\/2022\/01\/41400-1.8mm-1.jpg","type":"image\/jpeg"}],"twitter_card":"summary_large_image","twitter_misc":{"Gesch\u00e4tzte Lesezeit":"1\u00a0Minute"},"schema":{"@context":"https:\/\/schema.org","@graph":[{"@type":["WebPage","ItemPage"],"@id":"https:\/\/www.purejewels.com\/product\/indian-gold-nose-pin-stud-41400\/","url":"https:\/\/www.purejewels.com\/product\/indian-gold-nose-pin-stud-41400\/","name":"Nasenstecker in Form eines Bl\u00fctenblattes aus 18 Karat Gold mit CZ-Steinen verziert","isPartOf":{"@id":"https:\/\/www.purejewels.com\/#website"},"primaryImageOfPage":{"@id":"https:\/\/www.purejewels.com\/product\/indian-gold-nose-pin-stud-41400\/#primaryimage"},"image":{"@id":"https:\/\/www.purejewels.com\/product\/indian-gold-nose-pin-stud-41400\/#primaryimage"},"thumbnailUrl":"https:\/\/static.purejewels.com\/wp-content\/uploads\/2022\/01\/41400-1.8mm-1.jpg","datePublished":"2022-01-13T11:35:00+00:00","dateModified":"2026-02-18T11:33:05+00:00","description":"Der Nasenstecker aus echtem Gold wurde so gefertigt, dass er einen hohen Tragekomfort bietet. Unser goldener Nasenstecker kann leicht entfernt und gereinigt werden.","breadcrumb":{"@id":"https:\/\/www.purejewels.com\/product\/indian-gold-nose-pin-stud-41400\/#breadcrumb"},"inLanguage":"de","potentialAction":[{"@type":"ReadAction","target":["https:\/\/www.purejewels.com\/product\/indian-gold-nose-pin-stud-41400\/"]}]},{"@type":"ImageObject","inLanguage":"de","@id":"https:\/\/www.purejewels.com\/product\/indian-gold-nose-pin-stud-41400\/#primaryimage","url":"https:\/\/static.purejewels.com\/wp-content\/uploads\/2022\/01\/41400-1.8mm-1.jpg","contentUrl":"https:\/\/static.purejewels.com\/wp-content\/uploads\/2022\/01\/41400-1.8mm-1.jpg","width":1000,"height":1000,"caption":"18ct Gold | Indian Gold Nose Pin Stud | 1.8mm Thick"},{"@type":"BreadcrumbList","@id":"https:\/\/www.purejewels.com\/product\/indian-gold-nose-pin-stud-41400\/#breadcrumb","itemListElement":[{"@type":"ListItem","position":1,"name":"Home","item":"https:\/\/www.purejewels.com\/"},{"@type":"ListItem","position":2,"name":"Shop","item":"https:\/\/www.purejewels.com\/shop\/"},{"@type":"ListItem","position":3,"name":"18ct Gold | Indian Gold Nose Pin Stud | 1.8mm Thick"}]},{"@type":"WebSite","@id":"https:\/\/www.purejewels.com\/#website","url":"https:\/\/www.purejewels.com\/","name":"PureJewels UK","description":"Teile die Liebe","publisher":{"@id":"https:\/\/www.purejewels.com\/#organization"},"potentialAction":[{"@type":"SearchAction","target":{"@type":"EntryPoint","urlTemplate":"https:\/\/www.purejewels.com\/?s={search_term_string}"},"query-input":{"@type":"PropertyValueSpecification","valueRequired":true,"valueName":"search_term_string"}}],"inLanguage":"de"},{"@type":"Organization","@id":"https:\/\/www.purejewels.com\/#organization","name":"PureJewels UK","url":"https:\/\/www.purejewels.com\/","logo":{"@type":"ImageObject","inLanguage":"de","@id":"https:\/\/www.purejewels.com\/#\/schema\/logo\/image\/","url":"https:\/\/static.purejewels.com\/wp-content\/uploads\/2020\/11\/Logo-PJ-New-1.png","contentUrl":"https:\/\/static.purejewels.com\/wp-content\/uploads\/2020\/11\/Logo-PJ-New-1.png","width":150,"height":80,"caption":"PureJewels UK"},"image":{"@id":"https:\/\/www.purejewels.com\/#\/schema\/logo\/image\/"}}]}},"_links":{"self":[{"href":"https:\/\/www.purejewels.com\/de\/wp-json\/wp\/v2\/product\/331358","targetHints":{"allow":["GET"]}}],"collection":[{"href":"https:\/\/www.purejewels.com\/de\/wp-json\/wp\/v2\/product"}],"about":[{"href":"https:\/\/www.purejewels.com\/de\/wp-json\/wp\/v2\/types\/product"}],"replies":[{"embeddable":true,"href":"https:\/\/www.purejewels.com\/de\/wp-json\/wp\/v2\/comments?post=331358"}],"version-history":[{"count":2,"href":"https:\/\/www.purejewels.com\/de\/wp-json\/wp\/v2\/product\/331358\/revisions"}],"predecessor-version":[{"id":392749,"href":"https:\/\/www.purejewels.com\/de\/wp-json\/wp\/v2\/product\/331358\/revisions\/392749"}],"wp:featuredmedia":[{"embeddable":true,"href":"https:\/\/www.purejewels.com\/de\/wp-json\/wp\/v2\/media\/345461"}],"wp:attachment":[{"href":"https:\/\/www.purejewels.com\/de\/wp-json\/wp\/v2\/media?parent=331358"}],"wp:term":[{"taxonomy":"product_brand","embeddable":true,"href":"https:\/\/www.purejewels.com\/de\/wp-json\/wp\/v2\/product_brand?post=331358"},{"taxonomy":"product_cat","embeddable":true,"href":"https:\/\/www.purejewels.com\/de\/wp-json\/wp\/v2\/product_cat?post=331358"},{"taxonomy":"product_tag","embeddable":true,"href":"https:\/\/www.purejewels.com\/de\/wp-json\/wp\/v2\/product_tag?post=331358"}],"curies":[{"name":"wp","href":"https:\/\/api.w.org\/{rel}","templated":true}]}}