{"id":331402,"date":"2022-01-17T13:30:29","date_gmt":"2022-01-17T13:30:29","guid":{"rendered":"https:\/\/www.purejewels.com\/?post_type=product&#038;p=331402"},"modified":"2025-12-10T08:18:50","modified_gmt":"2025-12-10T08:18:50","slug":"ehering-band-rg-2-5mmhofband","status":"publish","type":"product","link":"https:\/\/www.purejewels.com\/de\/product\/wedding-ring-band-rg-2-5mmcourtband\/","title":{"rendered":"Schmaler Ehering aus 18 Karat Ros\u00e9gold \u2013 2,5 mm Breite"},"content":{"rendered":"<p data-start=\"537\" data-end=\"806\"><strong data-start=\"537\" data-end=\"555\">Designkonzept<\/strong><br data-start=\"555\" data-end=\"558\" \/>Die <a href=\"https:\/\/www.purejewels.com\/de\/product\/18ct-white-gold-khanda-sikh-religious-pendant-6226\/\">18ct<\/a> Der schmale Ehering aus Ros\u00e9gold ist f\u00fcr alle gedacht, die subtile Sch\u00f6nheit sch\u00e4tzen. Der sanfte Ros\u00e9goldton symbolisiert ewige Liebe, w\u00e4hrend die schlanke Breite von 2,5 mm ein raffiniertes, feminines Profil bietet.<\/p>\n<p data-start=\"808\" data-end=\"1110\"><strong data-start=\"808\" data-end=\"825\">Handwerkliches K\u00f6nnen<\/strong><br data-start=\"825\" data-end=\"828\" \/>Dieser polierte Ring wurde fachm\u00e4nnisch aus hochwertigem 18 Karat Ros\u00e9gold gegossen, ist in Gro\u00dfbritannien punziert und wurde mit Blick auf Tragekomfort entworfen. Seine schlanke Form schmiegt sich sanft an die Haut an und macht ihn zur idealen Wahl f\u00fcr minimalistisches Styling, den Alltag oder zum Kombinieren mit einem Verlobungsring oder Diamantring.<\/p>\n<p data-start=\"1112\" data-end=\"1308\"><strong data-start=\"1112\" data-end=\"1129\">Styling-Ideen<\/strong><br data-start=\"1129\" data-end=\"1132\" \/>Tragen Sie ihn solo f\u00fcr einen dezenten, zeitlosen Look \u2013 oder kombinieren Sie ihn mit anderen schmalen Ringen aus verschiedenen Metallen f\u00fcr einen modernen Touch. Dieses Schmuckst\u00fcck eignet sich auch hervorragend als Jubil\u00e4ums- oder Verlobungsring.<\/p>","protected":false},"excerpt":{"rendered":"<p>Dieser schmale Ehering mit einem raffinierten 2,5 mm breiten Band aus 18 Karat Ros\u00e9gold besticht durch seinen zarten Rosaton und seine polierte Oberfl\u00e4che. Er ist leicht und elegant und eignet sich perfekt f\u00fcr den Alltag, zum Kombinieren mit anderen Ringen oder f\u00fcr einen minimalistischen Brautlook.<\/p>\n<table class=\"sh_desc\">\n<tbody>\n<tr>\n<td>Typ des Rings<\/td>\n<td>Hochzeitsband<\/td>\n<\/tr>\n<tr>\n<td>Metall<\/td>\n<td>18ct Rose Gold<\/td>\n<\/tr>\n<tr>\n<td>Dicke<\/td>\n<td>2,5 mm<\/td>\n<\/tr>\n<tr>\n<td>Gr\u00f6\u00dfe<\/td>\n<td>Kann in verschiedenen Gr\u00f6\u00dfen und Breiten hergestellt werden<\/td>\n<\/tr>\n<tr>\n<td><strong>Lieferung<\/strong><\/td>\n<td><strong>Die Lieferung kann bis zu vier Wochen dauern.<\/strong><\/td>\n<\/tr>\n<tr>\n<td>Wahrzeichen<\/td>\n<td>18ct Gold gestempelt von London Assay Office<\/td>\n<\/tr>\n<tr>\n<td>Entgelte<\/td>\n<td>Lieferung und Mehrwertsteuer inbegriffen<\/td>\n<\/tr>\n<tr>\n<td>Verpackung<\/td>\n<td>Mit Pr\u00e4sentationsbox<\/td>\n<\/tr>\n<tr>\n<td>Mehr Informationen<\/td>\n<td>Live-Chat mit uns f\u00fcr Verf\u00fcgbarkeit und mehr Bilder<\/td>\n<\/tr>\n<\/tbody>\n<\/table>","protected":false},"featured_media":331413,"comment_status":"closed","ping_status":"closed","template":"","meta":{"_eb_attr":"","_crsspst_to_jayantr4sg-hostcom":false},"product_brand":[],"product_cat":[1799,5679,5299,229],"product_tag":[64],"class_list":{"0":"post-331402","1":"product","2":"type-product","3":"status-publish","4":"has-post-thumbnail","6":"product_cat-18ct-gold-bands","7":"product_cat-18ct-gold-jewellery","8":"product_cat-rose-gold-wedding-bands","9":"product_cat-wedding-bands","10":"product_tag-rings","12":"first","13":"onbackorder","14":"taxable","15":"shipping-taxable","16":"product-type-variable","17":"add-to-wishlist-before_image"},"yoast_head":"<!-- This site is optimized with the Yoast SEO plugin v27.5 - https:\/\/yoast.com\/product\/yoast-seo-wordpress\/ -->\n<title>Slim 18ct Rose Gold Wedding Ring \u2013 2.5mm Polished Band<\/title>\n<meta name=\"description\" content=\"Explore our 2.5mm 18ct Rose Gold Slim Wedding Ring. Elegant, lightweight and perfect for stacking or daily wear. Crafted and hallmarked in the UK.\" \/>\n<meta name=\"robots\" content=\"index, follow, max-snippet:-1, max-image-preview:large, max-video-preview:-1\" \/>\n<link rel=\"canonical\" href=\"https:\/\/www.purejewels.com\/de\/produkt-2\/ehering-band-rg-2-5mmhofband\/\" \/>\n<meta property=\"og:locale\" content=\"de_DE\" \/>\n<meta property=\"og:type\" content=\"article\" \/>\n<meta property=\"og:title\" content=\"Slim 18ct Rose Gold Wedding Ring \u2013 2.5mm Polished Band\" \/>\n<meta property=\"og:description\" content=\"Explore our 2.5mm 18ct Rose Gold Slim Wedding Ring. Elegant, lightweight and perfect for stacking or daily wear. Crafted and hallmarked in the UK.\" \/>\n<meta property=\"og:url\" content=\"https:\/\/www.purejewels.com\/de\/produkt-2\/ehering-band-rg-2-5mmhofband\/\" \/>\n<meta property=\"og:site_name\" content=\"PureJewels UK\" \/>\n<meta property=\"article:modified_time\" content=\"2025-12-10T08:18:50+00:00\" \/>\n<meta property=\"og:image\" content=\"https:\/\/static.purejewels.com\/wp-content\/uploads\/2022\/01\/RG-_-2.5mm-Court-_-Medium-Weight.jpg\" \/>\n\t<meta property=\"og:image:width\" content=\"1280\" \/>\n\t<meta property=\"og:image:height\" content=\"910\" \/>\n\t<meta property=\"og:image:type\" content=\"image\/jpeg\" \/>\n<meta name=\"twitter:card\" content=\"summary_large_image\" \/>\n<meta name=\"twitter:label1\" content=\"Gesch\u00e4tzte Lesezeit\" \/>\n\t<meta name=\"twitter:data1\" content=\"1\u00a0Minute\" \/>\n<script type=\"application\/ld+json\" class=\"yoast-schema-graph\">{\"@context\":\"https:\\\/\\\/schema.org\",\"@graph\":[{\"@type\":[\"WebPage\",\"ItemPage\"],\"@id\":\"https:\\\/\\\/www.purejewels.com\\\/product\\\/wedding-ring-band-rg-2-5mmcourtband\\\/\",\"url\":\"https:\\\/\\\/www.purejewels.com\\\/product\\\/wedding-ring-band-rg-2-5mmcourtband\\\/\",\"name\":\"Slim 18ct Rose Gold Wedding Ring \u2013 2.5mm Polished Band\",\"isPartOf\":{\"@id\":\"https:\\\/\\\/www.purejewels.com\\\/#website\"},\"primaryImageOfPage\":{\"@id\":\"https:\\\/\\\/www.purejewels.com\\\/product\\\/wedding-ring-band-rg-2-5mmcourtband\\\/#primaryimage\"},\"image\":{\"@id\":\"https:\\\/\\\/www.purejewels.com\\\/product\\\/wedding-ring-band-rg-2-5mmcourtband\\\/#primaryimage\"},\"thumbnailUrl\":\"https:\\\/\\\/static.purejewels.com\\\/wp-content\\\/uploads\\\/2022\\\/01\\\/RG-_-2.5mm-Court-_-Medium-Weight.jpg\",\"datePublished\":\"2022-01-17T13:30:29+00:00\",\"dateModified\":\"2025-12-10T08:18:50+00:00\",\"description\":\"Explore our 2.5mm 18ct Rose Gold Slim Wedding Ring. Elegant, lightweight and perfect for stacking or daily wear. Crafted and hallmarked in the UK.\",\"breadcrumb\":{\"@id\":\"https:\\\/\\\/www.purejewels.com\\\/product\\\/wedding-ring-band-rg-2-5mmcourtband\\\/#breadcrumb\"},\"inLanguage\":\"de\",\"potentialAction\":[{\"@type\":\"ReadAction\",\"target\":[\"https:\\\/\\\/www.purejewels.com\\\/product\\\/wedding-ring-band-rg-2-5mmcourtband\\\/\"]}]},{\"@type\":\"ImageObject\",\"inLanguage\":\"de\",\"@id\":\"https:\\\/\\\/www.purejewels.com\\\/product\\\/wedding-ring-band-rg-2-5mmcourtband\\\/#primaryimage\",\"url\":\"https:\\\/\\\/static.purejewels.com\\\/wp-content\\\/uploads\\\/2022\\\/01\\\/RG-_-2.5mm-Court-_-Medium-Weight.jpg\",\"contentUrl\":\"https:\\\/\\\/static.purejewels.com\\\/wp-content\\\/uploads\\\/2022\\\/01\\\/RG-_-2.5mm-Court-_-Medium-Weight.jpg\",\"width\":1280,\"height\":910,\"caption\":\"18ct Rose Gold Slim Wedding Ring \u2013 2.5mm Band\"},{\"@type\":\"BreadcrumbList\",\"@id\":\"https:\\\/\\\/www.purejewels.com\\\/product\\\/wedding-ring-band-rg-2-5mmcourtband\\\/#breadcrumb\",\"itemListElement\":[{\"@type\":\"ListItem\",\"position\":1,\"name\":\"Home\",\"item\":\"https:\\\/\\\/www.purejewels.com\\\/\"},{\"@type\":\"ListItem\",\"position\":2,\"name\":\"Shop\",\"item\":\"https:\\\/\\\/www.purejewels.com\\\/shop\\\/\"},{\"@type\":\"ListItem\",\"position\":3,\"name\":\"18ct Rose Gold Slim Wedding Ring \u2013 2.5mm Band\"}]},{\"@type\":\"WebSite\",\"@id\":\"https:\\\/\\\/www.purejewels.com\\\/#website\",\"url\":\"https:\\\/\\\/www.purejewels.com\\\/\",\"name\":\"PureJewels UK\",\"description\":\"Share the Love\",\"publisher\":{\"@id\":\"https:\\\/\\\/www.purejewels.com\\\/#organization\"},\"potentialAction\":[{\"@type\":\"SearchAction\",\"target\":{\"@type\":\"EntryPoint\",\"urlTemplate\":\"https:\\\/\\\/www.purejewels.com\\\/?s={search_term_string}\"},\"query-input\":{\"@type\":\"PropertyValueSpecification\",\"valueRequired\":true,\"valueName\":\"search_term_string\"}}],\"inLanguage\":\"de\"},{\"@type\":\"Organization\",\"@id\":\"https:\\\/\\\/www.purejewels.com\\\/#organization\",\"name\":\"PureJewels UK\",\"url\":\"https:\\\/\\\/www.purejewels.com\\\/\",\"logo\":{\"@type\":\"ImageObject\",\"inLanguage\":\"de\",\"@id\":\"https:\\\/\\\/www.purejewels.com\\\/#\\\/schema\\\/logo\\\/image\\\/\",\"url\":\"https:\\\/\\\/static.purejewels.com\\\/wp-content\\\/uploads\\\/2020\\\/11\\\/Logo-PJ-New-1.png\",\"contentUrl\":\"https:\\\/\\\/static.purejewels.com\\\/wp-content\\\/uploads\\\/2020\\\/11\\\/Logo-PJ-New-1.png\",\"width\":150,\"height\":80,\"caption\":\"PureJewels UK\"},\"image\":{\"@id\":\"https:\\\/\\\/www.purejewels.com\\\/#\\\/schema\\\/logo\\\/image\\\/\"}}]}<\/script>\n<!-- \/ Yoast SEO plugin. -->","yoast_head_json":{"title":"Schmaler Ehering aus 18 Karat Ros\u00e9gold \u2013 2,5 mm poliertes Band","description":"Entdecken Sie unseren 2,5 mm breiten, schmalen Ehering aus 18 Karat Ros\u00e9gold. Elegant, leicht und perfekt zum Kombinieren oder f\u00fcr den Alltag. Hergestellt und punziert in Gro\u00dfbritannien.","robots":{"index":"index","follow":"follow","max-snippet":"max-snippet:-1","max-image-preview":"max-image-preview:large","max-video-preview":"max-video-preview:-1"},"canonical":"https:\/\/www.purejewels.com\/de\/produkt-2\/ehering-band-rg-2-5mmhofband\/","og_locale":"de_DE","og_type":"article","og_title":"Slim 18ct Rose Gold Wedding Ring \u2013 2.5mm Polished Band","og_description":"Explore our 2.5mm 18ct Rose Gold Slim Wedding Ring. Elegant, lightweight and perfect for stacking or daily wear. Crafted and hallmarked in the UK.","og_url":"https:\/\/www.purejewels.com\/de\/produkt-2\/ehering-band-rg-2-5mmhofband\/","og_site_name":"PureJewels UK","article_modified_time":"2025-12-10T08:18:50+00:00","og_image":[{"width":1280,"height":910,"url":"https:\/\/static.purejewels.com\/wp-content\/uploads\/2022\/01\/RG-_-2.5mm-Court-_-Medium-Weight.jpg","type":"image\/jpeg"}],"twitter_card":"summary_large_image","twitter_misc":{"Gesch\u00e4tzte Lesezeit":"1\u00a0Minute"},"schema":{"@context":"https:\/\/schema.org","@graph":[{"@type":["WebPage","ItemPage"],"@id":"https:\/\/www.purejewels.com\/product\/wedding-ring-band-rg-2-5mmcourtband\/","url":"https:\/\/www.purejewels.com\/product\/wedding-ring-band-rg-2-5mmcourtband\/","name":"Schmaler Ehering aus 18 Karat Ros\u00e9gold \u2013 2,5 mm poliertes Band","isPartOf":{"@id":"https:\/\/www.purejewels.com\/#website"},"primaryImageOfPage":{"@id":"https:\/\/www.purejewels.com\/product\/wedding-ring-band-rg-2-5mmcourtband\/#primaryimage"},"image":{"@id":"https:\/\/www.purejewels.com\/product\/wedding-ring-band-rg-2-5mmcourtband\/#primaryimage"},"thumbnailUrl":"https:\/\/static.purejewels.com\/wp-content\/uploads\/2022\/01\/RG-_-2.5mm-Court-_-Medium-Weight.jpg","datePublished":"2022-01-17T13:30:29+00:00","dateModified":"2025-12-10T08:18:50+00:00","description":"Entdecken Sie unseren 2,5 mm breiten, schmalen Ehering aus 18 Karat Ros\u00e9gold. Elegant, leicht und perfekt zum Kombinieren oder f\u00fcr den Alltag. Hergestellt und punziert in Gro\u00dfbritannien.","breadcrumb":{"@id":"https:\/\/www.purejewels.com\/product\/wedding-ring-band-rg-2-5mmcourtband\/#breadcrumb"},"inLanguage":"de","potentialAction":[{"@type":"ReadAction","target":["https:\/\/www.purejewels.com\/product\/wedding-ring-band-rg-2-5mmcourtband\/"]}]},{"@type":"ImageObject","inLanguage":"de","@id":"https:\/\/www.purejewels.com\/product\/wedding-ring-band-rg-2-5mmcourtband\/#primaryimage","url":"https:\/\/static.purejewels.com\/wp-content\/uploads\/2022\/01\/RG-_-2.5mm-Court-_-Medium-Weight.jpg","contentUrl":"https:\/\/static.purejewels.com\/wp-content\/uploads\/2022\/01\/RG-_-2.5mm-Court-_-Medium-Weight.jpg","width":1280,"height":910,"caption":"18ct Rose Gold Slim Wedding Ring \u2013 2.5mm Band"},{"@type":"BreadcrumbList","@id":"https:\/\/www.purejewels.com\/product\/wedding-ring-band-rg-2-5mmcourtband\/#breadcrumb","itemListElement":[{"@type":"ListItem","position":1,"name":"Home","item":"https:\/\/www.purejewels.com\/"},{"@type":"ListItem","position":2,"name":"Shop","item":"https:\/\/www.purejewels.com\/shop\/"},{"@type":"ListItem","position":3,"name":"18ct Rose Gold Slim Wedding Ring \u2013 2.5mm Band"}]},{"@type":"WebSite","@id":"https:\/\/www.purejewels.com\/#website","url":"https:\/\/www.purejewels.com\/","name":"PureJewels UK","description":"Teile die Liebe","publisher":{"@id":"https:\/\/www.purejewels.com\/#organization"},"potentialAction":[{"@type":"SearchAction","target":{"@type":"EntryPoint","urlTemplate":"https:\/\/www.purejewels.com\/?s={search_term_string}"},"query-input":{"@type":"PropertyValueSpecification","valueRequired":true,"valueName":"search_term_string"}}],"inLanguage":"de"},{"@type":"Organization","@id":"https:\/\/www.purejewels.com\/#organization","name":"PureJewels UK","url":"https:\/\/www.purejewels.com\/","logo":{"@type":"ImageObject","inLanguage":"de","@id":"https:\/\/www.purejewels.com\/#\/schema\/logo\/image\/","url":"https:\/\/static.purejewels.com\/wp-content\/uploads\/2020\/11\/Logo-PJ-New-1.png","contentUrl":"https:\/\/static.purejewels.com\/wp-content\/uploads\/2020\/11\/Logo-PJ-New-1.png","width":150,"height":80,"caption":"PureJewels UK"},"image":{"@id":"https:\/\/www.purejewels.com\/#\/schema\/logo\/image\/"}}]}},"_links":{"self":[{"href":"https:\/\/www.purejewels.com\/de\/wp-json\/wp\/v2\/product\/331402","targetHints":{"allow":["GET"]}}],"collection":[{"href":"https:\/\/www.purejewels.com\/de\/wp-json\/wp\/v2\/product"}],"about":[{"href":"https:\/\/www.purejewels.com\/de\/wp-json\/wp\/v2\/types\/product"}],"replies":[{"embeddable":true,"href":"https:\/\/www.purejewels.com\/de\/wp-json\/wp\/v2\/comments?post=331402"}],"version-history":[{"count":3,"href":"https:\/\/www.purejewels.com\/de\/wp-json\/wp\/v2\/product\/331402\/revisions"}],"predecessor-version":[{"id":422824,"href":"https:\/\/www.purejewels.com\/de\/wp-json\/wp\/v2\/product\/331402\/revisions\/422824"}],"wp:featuredmedia":[{"embeddable":true,"href":"https:\/\/www.purejewels.com\/de\/wp-json\/wp\/v2\/media\/331413"}],"wp:attachment":[{"href":"https:\/\/www.purejewels.com\/de\/wp-json\/wp\/v2\/media?parent=331402"}],"wp:term":[{"taxonomy":"product_brand","embeddable":true,"href":"https:\/\/www.purejewels.com\/de\/wp-json\/wp\/v2\/product_brand?post=331402"},{"taxonomy":"product_cat","embeddable":true,"href":"https:\/\/www.purejewels.com\/de\/wp-json\/wp\/v2\/product_cat?post=331402"},{"taxonomy":"product_tag","embeddable":true,"href":"https:\/\/www.purejewels.com\/de\/wp-json\/wp\/v2\/product_tag?post=331402"}],"curies":[{"name":"wp","href":"https:\/\/api.w.org\/{rel}","templated":true}]}}