{"id":332077,"date":"2022-01-20T10:08:31","date_gmt":"2022-01-20T10:08:31","guid":{"rendered":"https:\/\/www.purejewels.com\/?post_type=product&#038;p=332077"},"modified":"2025-11-13T10:12:57","modified_gmt":"2025-11-13T10:12:57","slug":"platin-ehering-band-traditionelles-gericht-2mm-breit","status":"publish","type":"product","link":"https:\/\/www.purejewels.com\/de\/product\/platinum-wedding-ring-band-traditional-court-2mm-wide\/","title":{"rendered":"Platin | Ehering Band | 2mm breit"},"content":{"rendered":"<p data-start=\"0\" data-end=\"364\"><strong data-start=\"0\" data-end=\"10\">Gestaltung<\/strong><br data-start=\"10\" data-end=\"13\" \/>Dieser Ehering aus Platin ist als schlankes, zur\u00fcckhaltendes Symbol der Verbundenheit gestaltet. Mit einer Breite von 2 mm bietet er ein feines, elegantes Profil, das sich geschmeidig an den Finger schmiegt, ohne aufzutragen. Die glatte, polierte Oberfl\u00e4che verleiht ihm einen klaren, zeitgem\u00e4\u00dfen Look, der sowohl zu M\u00e4nnern als auch zu Frauen passt und sich wunderbar mit klassischen oder modernen Verlobungsringen kombinieren l\u00e4sst.<\/p>\n<p data-start=\"366\" data-end=\"729\"><strong data-start=\"366\" data-end=\"383\">Handwerkliches K\u00f6nnen<\/strong><br data-start=\"383\" data-end=\"386\" \/>Das aus hochwertigem Platin gefertigte Band ist sorgf\u00e4ltig geformt, sodass es bequem sitzt und sich beim t\u00e4glichen Tragen nat\u00fcrlich anf\u00fchlt. Jeder Ring ist mit dem Punzzeichen des London Assay Office versehen, das die Reinheit und Echtheit des Metalls garantiert. Er ist in verschiedenen Gr\u00f6\u00dfen erh\u00e4ltlich und wird auf Bestellung in Ihrer bevorzugten Passform angefertigt. Er ist so konzipiert, dass Sie ihn ein Leben lang tragen k\u00f6nnen.<\/p>\n<p data-start=\"731\" data-end=\"1160\" data-is-last-node=\"\" data-is-only-node=\"\"><strong data-start=\"731\" data-end=\"748\">Styling-Ideen<\/strong><br data-start=\"748\" data-end=\"751\" \/>Tragen Sie diesen 2 mm breiten Platinring allein f\u00fcr einen minimalistischen, raffinierten Look oder kombinieren Sie ihn mit einem Diamant-Solit\u00e4rring oder einem Ewigkeitsring, um ein individuelles Braut-Set zu kreieren. Sein k\u00fchler Farbton passt perfekt zu Gelbgold und Wei\u00dfmetallen und erg\u00e4nzt somit jede bestehende Schmucksammlung. Er eignet sich gleicherma\u00dfen f\u00fcr den Alltag wie f\u00fcr besondere Anl\u00e4sse und verleiht Ihren bedeutungsvollsten Momenten eine dezente und dennoch luxuri\u00f6se Note.<\/p>","protected":false},"excerpt":{"rendered":"<table class=\"sh_desc\">\n<tbody>\n<tr>\n<td>Typ des Rings<\/td>\n<td>Hochzeitsband<\/td>\n<\/tr>\n<tr>\n<td>Metall<\/td>\n<td>Platin<\/td>\n<\/tr>\n<tr>\n<td>Dicke<\/td>\n<td>2mm<\/td>\n<\/tr>\n<tr>\n<td>Gr\u00f6\u00dfe<\/td>\n<td>Kann in verschiedenen Gr\u00f6\u00dfen und Breiten hergestellt werden<\/td>\n<\/tr>\n<tr>\n<td>Wahrzeichen<\/td>\n<td>Platin gestempelt von London Assay Office<\/td>\n<\/tr>\n<tr>\n<td>Entgelte<\/td>\n<td>Lieferung und Mehrwertsteuer inbegriffen<\/td>\n<\/tr>\n<tr>\n<td>Verpackung<\/td>\n<td>Mit Pr\u00e4sentationsbox<\/td>\n<\/tr>\n<tr>\n<td>Mehr Informationen<\/td>\n<td>\n<ul>\n<li>Live-Chat mit uns f\u00fcr Verf\u00fcgbarkeit und mehr Bilder<\/li>\n<li>Die Lieferung kann bis zu vier Wochen dauern.<\/li>\n<\/ul>\n<\/td>\n<\/tr>\n<\/tbody>\n<\/table>","protected":false},"featured_media":331740,"comment_status":"closed","ping_status":"closed","template":"","meta":{"_eb_attr":"","_crsspst_to_jayantr4sg-hostcom":false},"product_brand":[],"product_cat":[5293,5294,5295],"product_tag":[],"class_list":{"0":"post-332077","1":"product","2":"type-product","3":"status-publish","4":"has-post-thumbnail","6":"product_cat-platinum-wedding-bands-2","7":"product_cat-platinum-wedding-bands-for-men","8":"product_cat-platinum-wedding-bands-for-women","10":"first","11":"onbackorder","12":"taxable","13":"shipping-taxable","14":"product-type-variable","15":"add-to-wishlist-before_image"},"yoast_head":"<!-- This site is optimized with the Yoast SEO plugin v27.5 - https:\/\/yoast.com\/product\/yoast-seo-wordpress\/ -->\n<title>Platinum Wedding Band Sets online in UK | PureJewels.com<\/title>\n<meta name=\"description\" content=\"Matching Platinum Wedding Bands | Valentines Day Gifts Near Me | Shop bands for this valentines day | Explore more collection at PureJewels.com\" \/>\n<meta name=\"robots\" content=\"index, follow, max-snippet:-1, max-image-preview:large, max-video-preview:-1\" \/>\n<link rel=\"canonical\" href=\"https:\/\/www.purejewels.com\/de\/produkt-2\/platin-ehering-band-traditionelles-gericht-2mm-breit\/\" \/>\n<meta property=\"og:locale\" content=\"de_DE\" \/>\n<meta property=\"og:type\" content=\"article\" \/>\n<meta property=\"og:title\" content=\"Platinum Wedding Band Sets online in UK | PureJewels.com\" \/>\n<meta property=\"og:description\" content=\"Matching Platinum Wedding Bands | Valentines Day Gifts Near Me | Shop bands for this valentines day | Explore more collection at PureJewels.com\" \/>\n<meta property=\"og:url\" content=\"https:\/\/www.purejewels.com\/de\/produkt-2\/platin-ehering-band-traditionelles-gericht-2mm-breit\/\" \/>\n<meta property=\"og:site_name\" content=\"PureJewels UK\" \/>\n<meta property=\"article:modified_time\" content=\"2025-11-13T10:12:57+00:00\" \/>\n<meta property=\"og:image\" content=\"https:\/\/www.purejewels.com\/wp-content\/uploads\/2022\/01\/WG-PT-_-2mm-Court-_-Medium-Weight.jpg\" \/>\n\t<meta property=\"og:image:width\" content=\"1280\" \/>\n\t<meta property=\"og:image:height\" content=\"910\" \/>\n\t<meta property=\"og:image:type\" content=\"image\/jpeg\" \/>\n<meta name=\"twitter:card\" content=\"summary_large_image\" \/>\n<meta name=\"twitter:label1\" content=\"Gesch\u00e4tzte Lesezeit\" \/>\n\t<meta name=\"twitter:data1\" content=\"2\u00a0Minuten\" \/>\n<script type=\"application\/ld+json\" class=\"yoast-schema-graph\">{\"@context\":\"https:\\\/\\\/schema.org\",\"@graph\":[{\"@type\":[\"WebPage\",\"ItemPage\"],\"@id\":\"https:\\\/\\\/www.purejewels.com\\\/product\\\/platinum-wedding-ring-band-traditional-court-2mm-wide\\\/\",\"url\":\"https:\\\/\\\/www.purejewels.com\\\/product\\\/platinum-wedding-ring-band-traditional-court-2mm-wide\\\/\",\"name\":\"Platinum Wedding Band Sets online in UK | PureJewels.com\",\"isPartOf\":{\"@id\":\"https:\\\/\\\/www.purejewels.com\\\/#website\"},\"primaryImageOfPage\":{\"@id\":\"https:\\\/\\\/www.purejewels.com\\\/product\\\/platinum-wedding-ring-band-traditional-court-2mm-wide\\\/#primaryimage\"},\"image\":{\"@id\":\"https:\\\/\\\/www.purejewels.com\\\/product\\\/platinum-wedding-ring-band-traditional-court-2mm-wide\\\/#primaryimage\"},\"thumbnailUrl\":\"https:\\\/\\\/static.purejewels.com\\\/wp-content\\\/uploads\\\/2022\\\/01\\\/WG-PT-_-2mm-Court-_-Medium-Weight.jpg\",\"datePublished\":\"2022-01-20T10:08:31+00:00\",\"dateModified\":\"2025-11-13T10:12:57+00:00\",\"description\":\"Matching Platinum Wedding Bands | Valentines Day Gifts Near Me | Shop bands for this valentines day | Explore more collection at PureJewels.com\",\"breadcrumb\":{\"@id\":\"https:\\\/\\\/www.purejewels.com\\\/product\\\/platinum-wedding-ring-band-traditional-court-2mm-wide\\\/#breadcrumb\"},\"inLanguage\":\"de\",\"potentialAction\":[{\"@type\":\"ReadAction\",\"target\":[\"https:\\\/\\\/www.purejewels.com\\\/product\\\/platinum-wedding-ring-band-traditional-court-2mm-wide\\\/\"]}]},{\"@type\":\"ImageObject\",\"inLanguage\":\"de\",\"@id\":\"https:\\\/\\\/www.purejewels.com\\\/product\\\/platinum-wedding-ring-band-traditional-court-2mm-wide\\\/#primaryimage\",\"url\":\"https:\\\/\\\/static.purejewels.com\\\/wp-content\\\/uploads\\\/2022\\\/01\\\/WG-PT-_-2mm-Court-_-Medium-Weight.jpg\",\"contentUrl\":\"https:\\\/\\\/static.purejewels.com\\\/wp-content\\\/uploads\\\/2022\\\/01\\\/WG-PT-_-2mm-Court-_-Medium-Weight.jpg\",\"width\":1280,\"height\":910,\"caption\":\"WG, PT _ 2mm Court _ Medium Weight\"},{\"@type\":\"BreadcrumbList\",\"@id\":\"https:\\\/\\\/www.purejewels.com\\\/product\\\/platinum-wedding-ring-band-traditional-court-2mm-wide\\\/#breadcrumb\",\"itemListElement\":[{\"@type\":\"ListItem\",\"position\":1,\"name\":\"Home\",\"item\":\"https:\\\/\\\/www.purejewels.com\\\/\"},{\"@type\":\"ListItem\",\"position\":2,\"name\":\"Shop\",\"item\":\"https:\\\/\\\/www.purejewels.com\\\/shop\\\/\"},{\"@type\":\"ListItem\",\"position\":3,\"name\":\"Platinum | Wedding Ring Band | 2mm wide\"}]},{\"@type\":\"WebSite\",\"@id\":\"https:\\\/\\\/www.purejewels.com\\\/#website\",\"url\":\"https:\\\/\\\/www.purejewels.com\\\/\",\"name\":\"PureJewels UK\",\"description\":\"Share the Love\",\"publisher\":{\"@id\":\"https:\\\/\\\/www.purejewels.com\\\/#organization\"},\"potentialAction\":[{\"@type\":\"SearchAction\",\"target\":{\"@type\":\"EntryPoint\",\"urlTemplate\":\"https:\\\/\\\/www.purejewels.com\\\/?s={search_term_string}\"},\"query-input\":{\"@type\":\"PropertyValueSpecification\",\"valueRequired\":true,\"valueName\":\"search_term_string\"}}],\"inLanguage\":\"de\"},{\"@type\":\"Organization\",\"@id\":\"https:\\\/\\\/www.purejewels.com\\\/#organization\",\"name\":\"PureJewels UK\",\"url\":\"https:\\\/\\\/www.purejewels.com\\\/\",\"logo\":{\"@type\":\"ImageObject\",\"inLanguage\":\"de\",\"@id\":\"https:\\\/\\\/www.purejewels.com\\\/#\\\/schema\\\/logo\\\/image\\\/\",\"url\":\"https:\\\/\\\/static.purejewels.com\\\/wp-content\\\/uploads\\\/2020\\\/11\\\/Logo-PJ-New-1.png\",\"contentUrl\":\"https:\\\/\\\/static.purejewels.com\\\/wp-content\\\/uploads\\\/2020\\\/11\\\/Logo-PJ-New-1.png\",\"width\":150,\"height\":80,\"caption\":\"PureJewels UK\"},\"image\":{\"@id\":\"https:\\\/\\\/www.purejewels.com\\\/#\\\/schema\\\/logo\\\/image\\\/\"}}]}<\/script>\n<!-- \/ Yoast SEO plugin. -->","yoast_head_json":{"title":"Platin-Hochzeitsband-Sets online in UK | PureJewels.com","description":"Passende Platin Eheringe | Valentinstag Geschenke in der N\u00e4he von mir | Shop Bands f\u00fcr diesen Valentinstag | Entdecken Sie mehr Sammlung auf PureJewels.com","robots":{"index":"index","follow":"follow","max-snippet":"max-snippet:-1","max-image-preview":"max-image-preview:large","max-video-preview":"max-video-preview:-1"},"canonical":"https:\/\/www.purejewels.com\/de\/produkt-2\/platin-ehering-band-traditionelles-gericht-2mm-breit\/","og_locale":"de_DE","og_type":"article","og_title":"Platinum Wedding Band Sets online in UK | PureJewels.com","og_description":"Matching Platinum Wedding Bands | Valentines Day Gifts Near Me | Shop bands for this valentines day | Explore more collection at PureJewels.com","og_url":"https:\/\/www.purejewels.com\/de\/produkt-2\/platin-ehering-band-traditionelles-gericht-2mm-breit\/","og_site_name":"PureJewels UK","article_modified_time":"2025-11-13T10:12:57+00:00","og_image":[{"width":1280,"height":910,"url":"https:\/\/www.purejewels.com\/wp-content\/uploads\/2022\/01\/WG-PT-_-2mm-Court-_-Medium-Weight.jpg","type":"image\/jpeg"}],"twitter_card":"summary_large_image","twitter_misc":{"Gesch\u00e4tzte Lesezeit":"2\u00a0Minuten"},"schema":{"@context":"https:\/\/schema.org","@graph":[{"@type":["WebPage","ItemPage"],"@id":"https:\/\/www.purejewels.com\/product\/platinum-wedding-ring-band-traditional-court-2mm-wide\/","url":"https:\/\/www.purejewels.com\/product\/platinum-wedding-ring-band-traditional-court-2mm-wide\/","name":"Platin-Hochzeitsband-Sets online in UK | PureJewels.com","isPartOf":{"@id":"https:\/\/www.purejewels.com\/#website"},"primaryImageOfPage":{"@id":"https:\/\/www.purejewels.com\/product\/platinum-wedding-ring-band-traditional-court-2mm-wide\/#primaryimage"},"image":{"@id":"https:\/\/www.purejewels.com\/product\/platinum-wedding-ring-band-traditional-court-2mm-wide\/#primaryimage"},"thumbnailUrl":"https:\/\/static.purejewels.com\/wp-content\/uploads\/2022\/01\/WG-PT-_-2mm-Court-_-Medium-Weight.jpg","datePublished":"2022-01-20T10:08:31+00:00","dateModified":"2025-11-13T10:12:57+00:00","description":"Passende Platin Eheringe | Valentinstag Geschenke in der N\u00e4he von mir | Shop Bands f\u00fcr diesen Valentinstag | Entdecken Sie mehr Sammlung auf PureJewels.com","breadcrumb":{"@id":"https:\/\/www.purejewels.com\/product\/platinum-wedding-ring-band-traditional-court-2mm-wide\/#breadcrumb"},"inLanguage":"de","potentialAction":[{"@type":"ReadAction","target":["https:\/\/www.purejewels.com\/product\/platinum-wedding-ring-band-traditional-court-2mm-wide\/"]}]},{"@type":"ImageObject","inLanguage":"de","@id":"https:\/\/www.purejewels.com\/product\/platinum-wedding-ring-band-traditional-court-2mm-wide\/#primaryimage","url":"https:\/\/static.purejewels.com\/wp-content\/uploads\/2022\/01\/WG-PT-_-2mm-Court-_-Medium-Weight.jpg","contentUrl":"https:\/\/static.purejewels.com\/wp-content\/uploads\/2022\/01\/WG-PT-_-2mm-Court-_-Medium-Weight.jpg","width":1280,"height":910,"caption":"WG, PT _ 2mm Court _ Medium Weight"},{"@type":"BreadcrumbList","@id":"https:\/\/www.purejewels.com\/product\/platinum-wedding-ring-band-traditional-court-2mm-wide\/#breadcrumb","itemListElement":[{"@type":"ListItem","position":1,"name":"Home","item":"https:\/\/www.purejewels.com\/"},{"@type":"ListItem","position":2,"name":"Shop","item":"https:\/\/www.purejewels.com\/shop\/"},{"@type":"ListItem","position":3,"name":"Platinum | Wedding Ring Band | 2mm wide"}]},{"@type":"WebSite","@id":"https:\/\/www.purejewels.com\/#website","url":"https:\/\/www.purejewels.com\/","name":"PureJewels UK","description":"Teile die Liebe","publisher":{"@id":"https:\/\/www.purejewels.com\/#organization"},"potentialAction":[{"@type":"SearchAction","target":{"@type":"EntryPoint","urlTemplate":"https:\/\/www.purejewels.com\/?s={search_term_string}"},"query-input":{"@type":"PropertyValueSpecification","valueRequired":true,"valueName":"search_term_string"}}],"inLanguage":"de"},{"@type":"Organization","@id":"https:\/\/www.purejewels.com\/#organization","name":"PureJewels UK","url":"https:\/\/www.purejewels.com\/","logo":{"@type":"ImageObject","inLanguage":"de","@id":"https:\/\/www.purejewels.com\/#\/schema\/logo\/image\/","url":"https:\/\/static.purejewels.com\/wp-content\/uploads\/2020\/11\/Logo-PJ-New-1.png","contentUrl":"https:\/\/static.purejewels.com\/wp-content\/uploads\/2020\/11\/Logo-PJ-New-1.png","width":150,"height":80,"caption":"PureJewels UK"},"image":{"@id":"https:\/\/www.purejewels.com\/#\/schema\/logo\/image\/"}}]}},"_links":{"self":[{"href":"https:\/\/www.purejewels.com\/de\/wp-json\/wp\/v2\/product\/332077","targetHints":{"allow":["GET"]}}],"collection":[{"href":"https:\/\/www.purejewels.com\/de\/wp-json\/wp\/v2\/product"}],"about":[{"href":"https:\/\/www.purejewels.com\/de\/wp-json\/wp\/v2\/types\/product"}],"replies":[{"embeddable":true,"href":"https:\/\/www.purejewels.com\/de\/wp-json\/wp\/v2\/comments?post=332077"}],"version-history":[{"count":2,"href":"https:\/\/www.purejewels.com\/de\/wp-json\/wp\/v2\/product\/332077\/revisions"}],"predecessor-version":[{"id":421002,"href":"https:\/\/www.purejewels.com\/de\/wp-json\/wp\/v2\/product\/332077\/revisions\/421002"}],"wp:featuredmedia":[{"embeddable":true,"href":"https:\/\/www.purejewels.com\/de\/wp-json\/wp\/v2\/media\/331740"}],"wp:attachment":[{"href":"https:\/\/www.purejewels.com\/de\/wp-json\/wp\/v2\/media?parent=332077"}],"wp:term":[{"taxonomy":"product_brand","embeddable":true,"href":"https:\/\/www.purejewels.com\/de\/wp-json\/wp\/v2\/product_brand?post=332077"},{"taxonomy":"product_cat","embeddable":true,"href":"https:\/\/www.purejewels.com\/de\/wp-json\/wp\/v2\/product_cat?post=332077"},{"taxonomy":"product_tag","embeddable":true,"href":"https:\/\/www.purejewels.com\/de\/wp-json\/wp\/v2\/product_tag?post=332077"}],"curies":[{"name":"wp","href":"https:\/\/api.w.org\/{rel}","templated":true}]}}