{"id":332225,"date":"2022-01-24T06:16:15","date_gmt":"2022-01-24T06:16:15","guid":{"rendered":"https:\/\/www.purejewels.com\/?post_type=product&#038;p=332225"},"modified":"2025-12-08T07:12:24","modified_gmt":"2025-12-08T07:12:24","slug":"gelbgold-ehering-band-traditionell-gericht-2-5mm-breit","status":"publish","type":"product","link":"https:\/\/www.purejewels.com\/de\/product\/yellow-gold-wedding-ring-band-traditional-court-2-5mm-wide\/","title":{"rendered":"18ct Gelbgold | Ehering Band | 2.5mm breit"},"content":{"rendered":"<p>Schlank, elegant und langlebig \u2013 diese 2,5 mm <a href=\"https:\/\/www.purejewels.com\/de\/product\/18ct-white-gold-khanda-sikh-religious-pendant-6226\/\">18ct<\/a> Der Ehering aus Gelbgold ist eine raffinierte Hommage an die Liebe. Der Ring aus hochwertigem, hochreinem 18-kar\u00e4tigem Gold wurde sorgf\u00e4ltig poliert, um ihm ein strahlendes Finish zu verleihen, und so gestaltet, dass er sich m\u00fchelos am Finger tragen l\u00e4sst.<\/p>\n<p>Ob als Ehering oder als bedeutungsvoller Alltagsring \u2013 sein schlankes Profil sorgt f\u00fcr zeitlosen Charme und au\u00dfergew\u00f6hnlichen Tragekomfort. Die Breite von 2,5 mm vermittelt ein zartes und dennoch solides Gef\u00fchl \u2013 ideal zum Kombinieren mit anderen Ringen oder zum alleinigen Tragen.<\/p>\n<p>Jedes St\u00fcck wird in unserer Londoner Werkstatt handgefertigt und vom London Assay Office punziert, wodurch Authentizit\u00e4t und dauerhafte Qualit\u00e4t gew\u00e4hrleistet sind. Ein klassischer Ring, neu interpretiert f\u00fcr den anspruchsvollen modernen Romantiker.<\/p>\n<p><strong>Designstil<\/strong><\/p>\n<p>Elegant und zur\u00fcckhaltend. Die Breite von 2,5 mm sorgt f\u00fcr ein feminines, minimalistisches Profil \u2013 ideal f\u00fcr alle, die subtile Sch\u00f6nheit mit dauerhafter Pr\u00e4senz suchen. Traditionelle Court-Form f\u00fcr geschmeidigen Tragekomfort.<\/p>\n<p><strong>Handwerkliches K\u00f6nnen<\/strong><\/p>\n<p>Dieser Ring wurde fachm\u00e4nnisch aus massivem 18 Karat Gelbgold gefertigt und von Hand zu einem spiegelglatten Finish poliert. Sein Court-Profil sorgt f\u00fcr eine nat\u00fcrlich konturierte Innenfl\u00e4che und somit f\u00fcr h\u00f6chsten Tragekomfort. Jeder Ring ist punziert und wird von unseren erfahrenen Handwerkern in London auf Bestellung angefertigt.<\/p>","protected":false},"excerpt":{"rendered":"<p>Ein schlankes Symbol f\u00fcr die Ewigkeit \u2013 dieser 2,5 mm breite Ehering aus strahlendem 18 Karat Gelbgold bietet klassische Eleganz in einer wundersch\u00f6n ausgewogenen Form.<\/p>\n<table class=\"sh_desc\">\n<tbody>\n<tr>\n<td>Typ des Rings<\/td>\n<td>Hochzeitsband<\/td>\n<\/tr>\n<tr>\n<td>Metall<\/td>\n<td>Gelbgold<\/td>\n<\/tr>\n<tr>\n<td>Dicke<\/td>\n<td>2,5 mm<\/td>\n<\/tr>\n<tr>\n<td>Gr\u00f6\u00dfe<\/td>\n<td>Kann in verschiedenen Gr\u00f6\u00dfen und Breiten hergestellt werden<\/td>\n<\/tr>\n<tr>\n<td>Wahrzeichen<\/td>\n<td>18ct Gold gestempelt von London Assay Office<\/td>\n<\/tr>\n<tr>\n<td>Entgelte<\/td>\n<td>Lieferung und Mehrwertsteuer inbegriffen<\/td>\n<\/tr>\n<tr>\n<td>Verpackung<\/td>\n<td>Mit Pr\u00e4sentationsbox<\/td>\n<\/tr>\n<tr>\n<td>Mehr Informationen<\/td>\n<td>\n<ul>\n<li>Live-Chat mit uns f\u00fcr Verf\u00fcgbarkeit und mehr Bilder<\/li>\n<li>Die Lieferung kann bis zu vier Wochen dauern.<\/li>\n<\/ul>\n<\/td>\n<\/tr>\n<\/tbody>\n<\/table>","protected":false},"featured_media":332233,"comment_status":"closed","ping_status":"closed","template":"","meta":{"_eb_attr":"","_crsspst_to_jayantr4sg-hostcom":false},"product_brand":[],"product_cat":[5297,5321,5322],"product_tag":[64],"class_list":{"0":"post-332225","1":"product","2":"type-product","3":"status-publish","4":"has-post-thumbnail","6":"product_cat-yellow-gold-wedding-bands","7":"product_cat-18ct-yellow-gold-wedding-bands-for-men","8":"product_cat-yellow-gold-wedding-bands-for-women","9":"product_tag-rings","11":"first","12":"onbackorder","13":"taxable","14":"shipping-taxable","15":"product-type-variable","16":"add-to-wishlist-before_image"},"yoast_head":"<!-- This site is optimized with the Yoast SEO plugin v27.5 - https:\/\/yoast.com\/product\/yoast-seo-wordpress\/ -->\n<title>Valentines ring for men &amp; women | Shop Love Bands | PureJewel.com<\/title>\n<meta name=\"description\" content=\"22ct yellow gold wedding band | ladies yellow gold wedding bands in London | Fast Delivery &amp; Easy Returns.\" \/>\n<meta name=\"robots\" content=\"index, follow, max-snippet:-1, max-image-preview:large, max-video-preview:-1\" \/>\n<link rel=\"canonical\" href=\"https:\/\/www.purejewels.com\/de\/produkt-2\/gelbgold-ehering-band-traditionell-gericht-2-5mm-breit\/\" \/>\n<meta property=\"og:locale\" content=\"de_DE\" \/>\n<meta property=\"og:type\" content=\"article\" \/>\n<meta property=\"og:title\" content=\"Valentines ring for men &amp; women | Shop Love Bands | PureJewel.com\" \/>\n<meta property=\"og:description\" content=\"22ct yellow gold wedding band | ladies yellow gold wedding bands in London | Fast Delivery &amp; Easy Returns.\" \/>\n<meta property=\"og:url\" content=\"https:\/\/www.purejewels.com\/de\/produkt-2\/gelbgold-ehering-band-traditionell-gericht-2-5mm-breit\/\" \/>\n<meta property=\"og:site_name\" content=\"PureJewels UK\" \/>\n<meta property=\"article:modified_time\" content=\"2025-12-08T07:12:24+00:00\" \/>\n<meta property=\"og:image\" content=\"https:\/\/static.purejewels.com\/wp-content\/uploads\/2022\/01\/YG-_-2.5mm-Court-_-Medium-Weight.jpg\" \/>\n\t<meta property=\"og:image:width\" content=\"1280\" \/>\n\t<meta property=\"og:image:height\" content=\"910\" \/>\n\t<meta property=\"og:image:type\" content=\"image\/jpeg\" \/>\n<meta name=\"twitter:card\" content=\"summary_large_image\" \/>\n<meta name=\"twitter:label1\" content=\"Gesch\u00e4tzte Lesezeit\" \/>\n\t<meta name=\"twitter:data1\" content=\"1\u00a0Minute\" \/>\n<script type=\"application\/ld+json\" class=\"yoast-schema-graph\">{\"@context\":\"https:\\\/\\\/schema.org\",\"@graph\":[{\"@type\":[\"WebPage\",\"ItemPage\"],\"@id\":\"https:\\\/\\\/www.purejewels.com\\\/product\\\/yellow-gold-wedding-ring-band-traditional-court-2-5mm-wide\\\/\",\"url\":\"https:\\\/\\\/www.purejewels.com\\\/product\\\/yellow-gold-wedding-ring-band-traditional-court-2-5mm-wide\\\/\",\"name\":\"Valentines ring for men & women | Shop Love Bands | PureJewel.com\",\"isPartOf\":{\"@id\":\"https:\\\/\\\/www.purejewels.com\\\/#website\"},\"primaryImageOfPage\":{\"@id\":\"https:\\\/\\\/www.purejewels.com\\\/product\\\/yellow-gold-wedding-ring-band-traditional-court-2-5mm-wide\\\/#primaryimage\"},\"image\":{\"@id\":\"https:\\\/\\\/www.purejewels.com\\\/product\\\/yellow-gold-wedding-ring-band-traditional-court-2-5mm-wide\\\/#primaryimage\"},\"thumbnailUrl\":\"https:\\\/\\\/static.purejewels.com\\\/wp-content\\\/uploads\\\/2022\\\/01\\\/YG-_-2.5mm-Court-_-Medium-Weight.jpg\",\"datePublished\":\"2022-01-24T06:16:15+00:00\",\"dateModified\":\"2025-12-08T07:12:24+00:00\",\"description\":\"22ct yellow gold wedding band | ladies yellow gold wedding bands in London | Fast Delivery & Easy Returns.\",\"breadcrumb\":{\"@id\":\"https:\\\/\\\/www.purejewels.com\\\/product\\\/yellow-gold-wedding-ring-band-traditional-court-2-5mm-wide\\\/#breadcrumb\"},\"inLanguage\":\"de\",\"potentialAction\":[{\"@type\":\"ReadAction\",\"target\":[\"https:\\\/\\\/www.purejewels.com\\\/product\\\/yellow-gold-wedding-ring-band-traditional-court-2-5mm-wide\\\/\"]}]},{\"@type\":\"ImageObject\",\"inLanguage\":\"de\",\"@id\":\"https:\\\/\\\/www.purejewels.com\\\/product\\\/yellow-gold-wedding-ring-band-traditional-court-2-5mm-wide\\\/#primaryimage\",\"url\":\"https:\\\/\\\/static.purejewels.com\\\/wp-content\\\/uploads\\\/2022\\\/01\\\/YG-_-2.5mm-Court-_-Medium-Weight.jpg\",\"contentUrl\":\"https:\\\/\\\/static.purejewels.com\\\/wp-content\\\/uploads\\\/2022\\\/01\\\/YG-_-2.5mm-Court-_-Medium-Weight.jpg\",\"width\":1280,\"height\":910,\"caption\":\"Yellow Gold | Wedding Ring Band | Traditional Court | 2.5mm wide\"},{\"@type\":\"BreadcrumbList\",\"@id\":\"https:\\\/\\\/www.purejewels.com\\\/product\\\/yellow-gold-wedding-ring-band-traditional-court-2-5mm-wide\\\/#breadcrumb\",\"itemListElement\":[{\"@type\":\"ListItem\",\"position\":1,\"name\":\"Home\",\"item\":\"https:\\\/\\\/www.purejewels.com\\\/\"},{\"@type\":\"ListItem\",\"position\":2,\"name\":\"Shop\",\"item\":\"https:\\\/\\\/www.purejewels.com\\\/shop\\\/\"},{\"@type\":\"ListItem\",\"position\":3,\"name\":\"18ct Yellow Gold | Wedding Ring Band | 2.5mm wide\"}]},{\"@type\":\"WebSite\",\"@id\":\"https:\\\/\\\/www.purejewels.com\\\/#website\",\"url\":\"https:\\\/\\\/www.purejewels.com\\\/\",\"name\":\"PureJewels UK\",\"description\":\"Share the Love\",\"publisher\":{\"@id\":\"https:\\\/\\\/www.purejewels.com\\\/#organization\"},\"potentialAction\":[{\"@type\":\"SearchAction\",\"target\":{\"@type\":\"EntryPoint\",\"urlTemplate\":\"https:\\\/\\\/www.purejewels.com\\\/?s={search_term_string}\"},\"query-input\":{\"@type\":\"PropertyValueSpecification\",\"valueRequired\":true,\"valueName\":\"search_term_string\"}}],\"inLanguage\":\"de\"},{\"@type\":\"Organization\",\"@id\":\"https:\\\/\\\/www.purejewels.com\\\/#organization\",\"name\":\"PureJewels UK\",\"url\":\"https:\\\/\\\/www.purejewels.com\\\/\",\"logo\":{\"@type\":\"ImageObject\",\"inLanguage\":\"de\",\"@id\":\"https:\\\/\\\/www.purejewels.com\\\/#\\\/schema\\\/logo\\\/image\\\/\",\"url\":\"https:\\\/\\\/static.purejewels.com\\\/wp-content\\\/uploads\\\/2020\\\/11\\\/Logo-PJ-New-1.png\",\"contentUrl\":\"https:\\\/\\\/static.purejewels.com\\\/wp-content\\\/uploads\\\/2020\\\/11\\\/Logo-PJ-New-1.png\",\"width\":150,\"height\":80,\"caption\":\"PureJewels UK\"},\"image\":{\"@id\":\"https:\\\/\\\/www.purejewels.com\\\/#\\\/schema\\\/logo\\\/image\\\/\"}}]}<\/script>\n<!-- \/ Yoast SEO plugin. -->","yoast_head_json":{"title":"Valentins Ring f\u00fcr M\u00e4nner &amp; Frauen | Shop Love Bands | PureJewel.com","description":"22ct Gelbgold Eheringe | Damen Gelbgold Eheringe in London | Schnelle Lieferung &amp; einfache R\u00fcckgabe.","robots":{"index":"index","follow":"follow","max-snippet":"max-snippet:-1","max-image-preview":"max-image-preview:large","max-video-preview":"max-video-preview:-1"},"canonical":"https:\/\/www.purejewels.com\/de\/produkt-2\/gelbgold-ehering-band-traditionell-gericht-2-5mm-breit\/","og_locale":"de_DE","og_type":"article","og_title":"Valentines ring for men & women | Shop Love Bands | PureJewel.com","og_description":"22ct yellow gold wedding band | ladies yellow gold wedding bands in London | Fast Delivery & Easy Returns.","og_url":"https:\/\/www.purejewels.com\/de\/produkt-2\/gelbgold-ehering-band-traditionell-gericht-2-5mm-breit\/","og_site_name":"PureJewels UK","article_modified_time":"2025-12-08T07:12:24+00:00","og_image":[{"width":1280,"height":910,"url":"https:\/\/static.purejewels.com\/wp-content\/uploads\/2022\/01\/YG-_-2.5mm-Court-_-Medium-Weight.jpg","type":"image\/jpeg"}],"twitter_card":"summary_large_image","twitter_misc":{"Gesch\u00e4tzte Lesezeit":"1\u00a0Minute"},"schema":{"@context":"https:\/\/schema.org","@graph":[{"@type":["WebPage","ItemPage"],"@id":"https:\/\/www.purejewels.com\/product\/yellow-gold-wedding-ring-band-traditional-court-2-5mm-wide\/","url":"https:\/\/www.purejewels.com\/product\/yellow-gold-wedding-ring-band-traditional-court-2-5mm-wide\/","name":"Valentins Ring f\u00fcr M\u00e4nner &amp; Frauen | Shop Love Bands | PureJewel.com","isPartOf":{"@id":"https:\/\/www.purejewels.com\/#website"},"primaryImageOfPage":{"@id":"https:\/\/www.purejewels.com\/product\/yellow-gold-wedding-ring-band-traditional-court-2-5mm-wide\/#primaryimage"},"image":{"@id":"https:\/\/www.purejewels.com\/product\/yellow-gold-wedding-ring-band-traditional-court-2-5mm-wide\/#primaryimage"},"thumbnailUrl":"https:\/\/static.purejewels.com\/wp-content\/uploads\/2022\/01\/YG-_-2.5mm-Court-_-Medium-Weight.jpg","datePublished":"2022-01-24T06:16:15+00:00","dateModified":"2025-12-08T07:12:24+00:00","description":"22ct Gelbgold Eheringe | Damen Gelbgold Eheringe in London | Schnelle Lieferung &amp; einfache R\u00fcckgabe.","breadcrumb":{"@id":"https:\/\/www.purejewels.com\/product\/yellow-gold-wedding-ring-band-traditional-court-2-5mm-wide\/#breadcrumb"},"inLanguage":"de","potentialAction":[{"@type":"ReadAction","target":["https:\/\/www.purejewels.com\/product\/yellow-gold-wedding-ring-band-traditional-court-2-5mm-wide\/"]}]},{"@type":"ImageObject","inLanguage":"de","@id":"https:\/\/www.purejewels.com\/product\/yellow-gold-wedding-ring-band-traditional-court-2-5mm-wide\/#primaryimage","url":"https:\/\/static.purejewels.com\/wp-content\/uploads\/2022\/01\/YG-_-2.5mm-Court-_-Medium-Weight.jpg","contentUrl":"https:\/\/static.purejewels.com\/wp-content\/uploads\/2022\/01\/YG-_-2.5mm-Court-_-Medium-Weight.jpg","width":1280,"height":910,"caption":"Yellow Gold | Wedding Ring Band | Traditional Court | 2.5mm wide"},{"@type":"BreadcrumbList","@id":"https:\/\/www.purejewels.com\/product\/yellow-gold-wedding-ring-band-traditional-court-2-5mm-wide\/#breadcrumb","itemListElement":[{"@type":"ListItem","position":1,"name":"Home","item":"https:\/\/www.purejewels.com\/"},{"@type":"ListItem","position":2,"name":"Shop","item":"https:\/\/www.purejewels.com\/shop\/"},{"@type":"ListItem","position":3,"name":"18ct Yellow Gold | Wedding Ring Band | 2.5mm wide"}]},{"@type":"WebSite","@id":"https:\/\/www.purejewels.com\/#website","url":"https:\/\/www.purejewels.com\/","name":"PureJewels UK","description":"Teile die Liebe","publisher":{"@id":"https:\/\/www.purejewels.com\/#organization"},"potentialAction":[{"@type":"SearchAction","target":{"@type":"EntryPoint","urlTemplate":"https:\/\/www.purejewels.com\/?s={search_term_string}"},"query-input":{"@type":"PropertyValueSpecification","valueRequired":true,"valueName":"search_term_string"}}],"inLanguage":"de"},{"@type":"Organization","@id":"https:\/\/www.purejewels.com\/#organization","name":"PureJewels UK","url":"https:\/\/www.purejewels.com\/","logo":{"@type":"ImageObject","inLanguage":"de","@id":"https:\/\/www.purejewels.com\/#\/schema\/logo\/image\/","url":"https:\/\/static.purejewels.com\/wp-content\/uploads\/2020\/11\/Logo-PJ-New-1.png","contentUrl":"https:\/\/static.purejewels.com\/wp-content\/uploads\/2020\/11\/Logo-PJ-New-1.png","width":150,"height":80,"caption":"PureJewels UK"},"image":{"@id":"https:\/\/www.purejewels.com\/#\/schema\/logo\/image\/"}}]}},"_links":{"self":[{"href":"https:\/\/www.purejewels.com\/de\/wp-json\/wp\/v2\/product\/332225","targetHints":{"allow":["GET"]}}],"collection":[{"href":"https:\/\/www.purejewels.com\/de\/wp-json\/wp\/v2\/product"}],"about":[{"href":"https:\/\/www.purejewels.com\/de\/wp-json\/wp\/v2\/types\/product"}],"replies":[{"embeddable":true,"href":"https:\/\/www.purejewels.com\/de\/wp-json\/wp\/v2\/comments?post=332225"}],"version-history":[{"count":3,"href":"https:\/\/www.purejewels.com\/de\/wp-json\/wp\/v2\/product\/332225\/revisions"}],"predecessor-version":[{"id":422594,"href":"https:\/\/www.purejewels.com\/de\/wp-json\/wp\/v2\/product\/332225\/revisions\/422594"}],"wp:featuredmedia":[{"embeddable":true,"href":"https:\/\/www.purejewels.com\/de\/wp-json\/wp\/v2\/media\/332233"}],"wp:attachment":[{"href":"https:\/\/www.purejewels.com\/de\/wp-json\/wp\/v2\/media?parent=332225"}],"wp:term":[{"taxonomy":"product_brand","embeddable":true,"href":"https:\/\/www.purejewels.com\/de\/wp-json\/wp\/v2\/product_brand?post=332225"},{"taxonomy":"product_cat","embeddable":true,"href":"https:\/\/www.purejewels.com\/de\/wp-json\/wp\/v2\/product_cat?post=332225"},{"taxonomy":"product_tag","embeddable":true,"href":"https:\/\/www.purejewels.com\/de\/wp-json\/wp\/v2\/product_tag?post=332225"}],"curies":[{"name":"wp","href":"https:\/\/api.w.org\/{rel}","templated":true}]}}