{"id":332226,"date":"2022-01-24T06:25:09","date_gmt":"2022-01-24T06:25:09","guid":{"rendered":"https:\/\/www.purejewels.com\/?post_type=product&#038;p=332226"},"modified":"2025-12-08T07:06:50","modified_gmt":"2025-12-08T07:06:50","slug":"gelbgold-ehering-band-traditionelles-gericht-2mm-breit","status":"publish","type":"product","link":"https:\/\/www.purejewels.com\/de\/product\/yellow-gold-wedding-ring-band-traditional-court-2mm-wide\/","title":{"rendered":"18ct Gelbgold | Ehering Band | 2mm breit"},"content":{"rendered":"<p>Ein eleganter Kreis der Verpflichtung, dieser <a href=\"https:\/\/www.purejewels.com\/de\/product\/18ct-white-gold-khanda-sikh-religious-pendant-6226\/\">18ct<\/a> Der Ehering aus Gelbgold ist eine zeitlose Wahl, die Reinheit, Tradition und Hingabe widerspiegelt. Er wird mit viel Liebe zum Detail in Bezug auf Proportionen und Politur handgefertigt, sitzt bequem am Finger und ist ein elegantes und best\u00e4ndiges Symbol der Liebe.<\/p>\n<p>Das klare, abgerundete Profil w\u00fcrdigt traditionelles Design und bietet gleichzeitig Alltagstauglichkeit. Ob f\u00fcr eine Hochzeit, eine Erneuerung des Eheversprechens oder als bedeutungsvolles Geschenk \u2013 es spiegelt auf ruhige, aber kraftvolle Weise eine Verbindung wider, die ein Leben lang h\u00e4lt.<\/p>\n<p>Jeder Ring ist aus hochreinem 18 Karat Gelbgold gefertigt und vom London Assay Office punziert und steht f\u00fcr die Integrit\u00e4t und Exzellenz von PureJewels. F\u00fcr alle, die klassische Sch\u00f6nheit mit dezentem Luxus sch\u00e4tzen, ist dies ein Ring, den man f\u00fcr immer tragen und sch\u00e4tzen wird.<\/p>\n<p><strong>Designstil<\/strong><\/p>\n<p>Zur\u00fcckhaltend, klassisch und unisex. Eine hochglanzpolierte Oberfl\u00e4che unterstreicht die sanfte Rundung des Rings und verk\u00f6rpert zeitlose Eleganz und emotionale Resonanz.<\/p>\n<p><strong>Handwerkliches K\u00f6nnen<\/strong><\/p>\n<p>Dieser Ring wurde in der Londoner Werkstatt von PureJewels unter Verwendung traditioneller Goldschmiedetechniken aus massivem 18-kar\u00e4tigem Gold gefertigt und verf\u00fcgt \u00fcber eine komfortable Innenseite, sodass er sich m\u00fchelos im Alltag tragen l\u00e4sst. Jedes St\u00fcck wird einzeln fertiggestellt und zur Echtheitsbest\u00e4tigung punziert.<\/p>","protected":false},"excerpt":{"rendered":"<p>Als Symbol f\u00fcr ewige Liebe wurde dieser klassische Ehering aus 18 Karat Gelbgold f\u00fcr Komfort, Eleganz und zeitlose Raffinesse gefertigt.<\/p>\n<table class=\"sh_desc\">\n<tbody>\n<tr>\n<td>Typ des Rings<\/td>\n<td>Hochzeitsband<\/td>\n<\/tr>\n<tr>\n<td>Metall<\/td>\n<td>Gelbgold<\/td>\n<\/tr>\n<tr>\n<td>Dicke<\/td>\n<td>2mm<\/td>\n<\/tr>\n<tr>\n<td>Gr\u00f6\u00dfe<\/td>\n<td>Kann in verschiedenen Gr\u00f6\u00dfen und Breiten hergestellt werden<\/td>\n<\/tr>\n<tr>\n<td>Wahrzeichen<\/td>\n<td>18ct Gold gestempelt von London Assay Office<\/td>\n<\/tr>\n<tr>\n<td>Entgelte<\/td>\n<td>Lieferung und Mehrwertsteuer inbegriffen<\/td>\n<\/tr>\n<tr>\n<td>Verpackung<\/td>\n<td>Mit Pr\u00e4sentationsbox<\/td>\n<\/tr>\n<tr>\n<td>Mehr Informationen<\/td>\n<td>\n<ul>\n<li>Live-Chat mit uns f\u00fcr Verf\u00fcgbarkeit und mehr Bilder<\/li>\n<li>Die Lieferung kann bis zu vier Wochen dauern.<\/li>\n<\/ul>\n<\/td>\n<\/tr>\n<\/tbody>\n<\/table>","protected":false},"featured_media":332234,"comment_status":"closed","ping_status":"closed","template":"","meta":{"_eb_attr":"","_crsspst_to_jayantr4sg-hostcom":false},"product_brand":[],"product_cat":[5297,5321,5322],"product_tag":[64],"class_list":{"0":"post-332226","1":"product","2":"type-product","3":"status-publish","4":"has-post-thumbnail","6":"product_cat-yellow-gold-wedding-bands","7":"product_cat-18ct-yellow-gold-wedding-bands-for-men","8":"product_cat-yellow-gold-wedding-bands-for-women","9":"product_tag-rings","11":"first","12":"onbackorder","13":"taxable","14":"shipping-taxable","15":"product-type-variable","16":"add-to-wishlist-before_image"},"yoast_head":"<!-- This site is optimized with the Yoast SEO plugin v27.5 - https:\/\/yoast.com\/product\/yoast-seo-wordpress\/ -->\n<title>unique yellow gold wedding Bands online in UK | PureJewel.com<\/title>\n<meta name=\"description\" content=\"yellow gold wedding bands for him and her | Shop Love bands online in UK | Valentines Day Rings, bands in UK\" \/>\n<meta name=\"robots\" content=\"index, follow, max-snippet:-1, max-image-preview:large, max-video-preview:-1\" \/>\n<link rel=\"canonical\" href=\"https:\/\/www.purejewels.com\/de\/produkt-2\/gelbgold-ehering-band-traditionelles-gericht-2mm-breit\/\" \/>\n<meta property=\"og:locale\" content=\"de_DE\" \/>\n<meta property=\"og:type\" content=\"article\" \/>\n<meta property=\"og:title\" content=\"unique yellow gold wedding Bands online in UK | PureJewel.com\" \/>\n<meta property=\"og:description\" content=\"yellow gold wedding bands for him and her | Shop Love bands online in UK | Valentines Day Rings, bands in UK\" \/>\n<meta property=\"og:url\" content=\"https:\/\/www.purejewels.com\/de\/produkt-2\/gelbgold-ehering-band-traditionelles-gericht-2mm-breit\/\" \/>\n<meta property=\"og:site_name\" content=\"PureJewels UK\" \/>\n<meta property=\"article:modified_time\" content=\"2025-12-08T07:06:50+00:00\" \/>\n<meta property=\"og:image\" content=\"https:\/\/static.purejewels.com\/wp-content\/uploads\/2022\/01\/YG-_-2mm-Court-_-Medium-Weight-.jpg\" \/>\n\t<meta property=\"og:image:width\" content=\"1280\" \/>\n\t<meta property=\"og:image:height\" content=\"910\" \/>\n\t<meta property=\"og:image:type\" content=\"image\/jpeg\" \/>\n<meta name=\"twitter:card\" content=\"summary_large_image\" \/>\n<meta name=\"twitter:label1\" content=\"Gesch\u00e4tzte Lesezeit\" \/>\n\t<meta name=\"twitter:data1\" content=\"1\u00a0Minute\" \/>\n<script type=\"application\/ld+json\" class=\"yoast-schema-graph\">{\"@context\":\"https:\\\/\\\/schema.org\",\"@graph\":[{\"@type\":[\"WebPage\",\"ItemPage\"],\"@id\":\"https:\\\/\\\/www.purejewels.com\\\/product\\\/yellow-gold-wedding-ring-band-traditional-court-2mm-wide\\\/\",\"url\":\"https:\\\/\\\/www.purejewels.com\\\/product\\\/yellow-gold-wedding-ring-band-traditional-court-2mm-wide\\\/\",\"name\":\"unique yellow gold wedding Bands online in UK | PureJewel.com\",\"isPartOf\":{\"@id\":\"https:\\\/\\\/www.purejewels.com\\\/#website\"},\"primaryImageOfPage\":{\"@id\":\"https:\\\/\\\/www.purejewels.com\\\/product\\\/yellow-gold-wedding-ring-band-traditional-court-2mm-wide\\\/#primaryimage\"},\"image\":{\"@id\":\"https:\\\/\\\/www.purejewels.com\\\/product\\\/yellow-gold-wedding-ring-band-traditional-court-2mm-wide\\\/#primaryimage\"},\"thumbnailUrl\":\"https:\\\/\\\/static.purejewels.com\\\/wp-content\\\/uploads\\\/2022\\\/01\\\/YG-_-2mm-Court-_-Medium-Weight-.jpg\",\"datePublished\":\"2022-01-24T06:25:09+00:00\",\"dateModified\":\"2025-12-08T07:06:50+00:00\",\"description\":\"yellow gold wedding bands for him and her | Shop Love bands online in UK | Valentines Day Rings, bands in UK\",\"breadcrumb\":{\"@id\":\"https:\\\/\\\/www.purejewels.com\\\/product\\\/yellow-gold-wedding-ring-band-traditional-court-2mm-wide\\\/#breadcrumb\"},\"inLanguage\":\"de\",\"potentialAction\":[{\"@type\":\"ReadAction\",\"target\":[\"https:\\\/\\\/www.purejewels.com\\\/product\\\/yellow-gold-wedding-ring-band-traditional-court-2mm-wide\\\/\"]}]},{\"@type\":\"ImageObject\",\"inLanguage\":\"de\",\"@id\":\"https:\\\/\\\/www.purejewels.com\\\/product\\\/yellow-gold-wedding-ring-band-traditional-court-2mm-wide\\\/#primaryimage\",\"url\":\"https:\\\/\\\/static.purejewels.com\\\/wp-content\\\/uploads\\\/2022\\\/01\\\/YG-_-2mm-Court-_-Medium-Weight-.jpg\",\"contentUrl\":\"https:\\\/\\\/static.purejewels.com\\\/wp-content\\\/uploads\\\/2022\\\/01\\\/YG-_-2mm-Court-_-Medium-Weight-.jpg\",\"width\":1280,\"height\":910,\"caption\":\"Yellow Gold | Wedding Ring Band | Traditional Court | 2mm wide\"},{\"@type\":\"BreadcrumbList\",\"@id\":\"https:\\\/\\\/www.purejewels.com\\\/product\\\/yellow-gold-wedding-ring-band-traditional-court-2mm-wide\\\/#breadcrumb\",\"itemListElement\":[{\"@type\":\"ListItem\",\"position\":1,\"name\":\"Home\",\"item\":\"https:\\\/\\\/www.purejewels.com\\\/\"},{\"@type\":\"ListItem\",\"position\":2,\"name\":\"Shop\",\"item\":\"https:\\\/\\\/www.purejewels.com\\\/shop\\\/\"},{\"@type\":\"ListItem\",\"position\":3,\"name\":\"18ct Yellow Gold | Wedding Ring Band | 2mm wide\"}]},{\"@type\":\"WebSite\",\"@id\":\"https:\\\/\\\/www.purejewels.com\\\/#website\",\"url\":\"https:\\\/\\\/www.purejewels.com\\\/\",\"name\":\"PureJewels UK\",\"description\":\"Share the Love\",\"publisher\":{\"@id\":\"https:\\\/\\\/www.purejewels.com\\\/#organization\"},\"potentialAction\":[{\"@type\":\"SearchAction\",\"target\":{\"@type\":\"EntryPoint\",\"urlTemplate\":\"https:\\\/\\\/www.purejewels.com\\\/?s={search_term_string}\"},\"query-input\":{\"@type\":\"PropertyValueSpecification\",\"valueRequired\":true,\"valueName\":\"search_term_string\"}}],\"inLanguage\":\"de\"},{\"@type\":\"Organization\",\"@id\":\"https:\\\/\\\/www.purejewels.com\\\/#organization\",\"name\":\"PureJewels UK\",\"url\":\"https:\\\/\\\/www.purejewels.com\\\/\",\"logo\":{\"@type\":\"ImageObject\",\"inLanguage\":\"de\",\"@id\":\"https:\\\/\\\/www.purejewels.com\\\/#\\\/schema\\\/logo\\\/image\\\/\",\"url\":\"https:\\\/\\\/static.purejewels.com\\\/wp-content\\\/uploads\\\/2020\\\/11\\\/Logo-PJ-New-1.png\",\"contentUrl\":\"https:\\\/\\\/static.purejewels.com\\\/wp-content\\\/uploads\\\/2020\\\/11\\\/Logo-PJ-New-1.png\",\"width\":150,\"height\":80,\"caption\":\"PureJewels UK\"},\"image\":{\"@id\":\"https:\\\/\\\/www.purejewels.com\\\/#\\\/schema\\\/logo\\\/image\\\/\"}}]}<\/script>\n<!-- \/ Yoast SEO plugin. -->","yoast_head_json":{"title":"einzigartige Gelbgold Hochzeit Bands online in UK | PureJewel.com","description":"Gelbgold-Hochzeitsringe f\u00fcr Sie und Ihn | Love bands online shop in UK | Valentines Day Rings, bands in UK","robots":{"index":"index","follow":"follow","max-snippet":"max-snippet:-1","max-image-preview":"max-image-preview:large","max-video-preview":"max-video-preview:-1"},"canonical":"https:\/\/www.purejewels.com\/de\/produkt-2\/gelbgold-ehering-band-traditionelles-gericht-2mm-breit\/","og_locale":"de_DE","og_type":"article","og_title":"unique yellow gold wedding Bands online in UK | PureJewel.com","og_description":"yellow gold wedding bands for him and her | Shop Love bands online in UK | Valentines Day Rings, bands in UK","og_url":"https:\/\/www.purejewels.com\/de\/produkt-2\/gelbgold-ehering-band-traditionelles-gericht-2mm-breit\/","og_site_name":"PureJewels UK","article_modified_time":"2025-12-08T07:06:50+00:00","og_image":[{"width":1280,"height":910,"url":"https:\/\/static.purejewels.com\/wp-content\/uploads\/2022\/01\/YG-_-2mm-Court-_-Medium-Weight-.jpg","type":"image\/jpeg"}],"twitter_card":"summary_large_image","twitter_misc":{"Gesch\u00e4tzte Lesezeit":"1\u00a0Minute"},"schema":{"@context":"https:\/\/schema.org","@graph":[{"@type":["WebPage","ItemPage"],"@id":"https:\/\/www.purejewels.com\/product\/yellow-gold-wedding-ring-band-traditional-court-2mm-wide\/","url":"https:\/\/www.purejewels.com\/product\/yellow-gold-wedding-ring-band-traditional-court-2mm-wide\/","name":"einzigartige Gelbgold Hochzeit Bands online in UK | PureJewel.com","isPartOf":{"@id":"https:\/\/www.purejewels.com\/#website"},"primaryImageOfPage":{"@id":"https:\/\/www.purejewels.com\/product\/yellow-gold-wedding-ring-band-traditional-court-2mm-wide\/#primaryimage"},"image":{"@id":"https:\/\/www.purejewels.com\/product\/yellow-gold-wedding-ring-band-traditional-court-2mm-wide\/#primaryimage"},"thumbnailUrl":"https:\/\/static.purejewels.com\/wp-content\/uploads\/2022\/01\/YG-_-2mm-Court-_-Medium-Weight-.jpg","datePublished":"2022-01-24T06:25:09+00:00","dateModified":"2025-12-08T07:06:50+00:00","description":"Gelbgold-Hochzeitsringe f\u00fcr Sie und Ihn | Love bands online shop in UK | Valentines Day Rings, bands in UK","breadcrumb":{"@id":"https:\/\/www.purejewels.com\/product\/yellow-gold-wedding-ring-band-traditional-court-2mm-wide\/#breadcrumb"},"inLanguage":"de","potentialAction":[{"@type":"ReadAction","target":["https:\/\/www.purejewels.com\/product\/yellow-gold-wedding-ring-band-traditional-court-2mm-wide\/"]}]},{"@type":"ImageObject","inLanguage":"de","@id":"https:\/\/www.purejewels.com\/product\/yellow-gold-wedding-ring-band-traditional-court-2mm-wide\/#primaryimage","url":"https:\/\/static.purejewels.com\/wp-content\/uploads\/2022\/01\/YG-_-2mm-Court-_-Medium-Weight-.jpg","contentUrl":"https:\/\/static.purejewels.com\/wp-content\/uploads\/2022\/01\/YG-_-2mm-Court-_-Medium-Weight-.jpg","width":1280,"height":910,"caption":"Yellow Gold | Wedding Ring Band | Traditional Court | 2mm wide"},{"@type":"BreadcrumbList","@id":"https:\/\/www.purejewels.com\/product\/yellow-gold-wedding-ring-band-traditional-court-2mm-wide\/#breadcrumb","itemListElement":[{"@type":"ListItem","position":1,"name":"Home","item":"https:\/\/www.purejewels.com\/"},{"@type":"ListItem","position":2,"name":"Shop","item":"https:\/\/www.purejewels.com\/shop\/"},{"@type":"ListItem","position":3,"name":"18ct Yellow Gold | Wedding Ring Band | 2mm wide"}]},{"@type":"WebSite","@id":"https:\/\/www.purejewels.com\/#website","url":"https:\/\/www.purejewels.com\/","name":"PureJewels UK","description":"Teile die Liebe","publisher":{"@id":"https:\/\/www.purejewels.com\/#organization"},"potentialAction":[{"@type":"SearchAction","target":{"@type":"EntryPoint","urlTemplate":"https:\/\/www.purejewels.com\/?s={search_term_string}"},"query-input":{"@type":"PropertyValueSpecification","valueRequired":true,"valueName":"search_term_string"}}],"inLanguage":"de"},{"@type":"Organization","@id":"https:\/\/www.purejewels.com\/#organization","name":"PureJewels UK","url":"https:\/\/www.purejewels.com\/","logo":{"@type":"ImageObject","inLanguage":"de","@id":"https:\/\/www.purejewels.com\/#\/schema\/logo\/image\/","url":"https:\/\/static.purejewels.com\/wp-content\/uploads\/2020\/11\/Logo-PJ-New-1.png","contentUrl":"https:\/\/static.purejewels.com\/wp-content\/uploads\/2020\/11\/Logo-PJ-New-1.png","width":150,"height":80,"caption":"PureJewels UK"},"image":{"@id":"https:\/\/www.purejewels.com\/#\/schema\/logo\/image\/"}}]}},"_links":{"self":[{"href":"https:\/\/www.purejewels.com\/de\/wp-json\/wp\/v2\/product\/332226","targetHints":{"allow":["GET"]}}],"collection":[{"href":"https:\/\/www.purejewels.com\/de\/wp-json\/wp\/v2\/product"}],"about":[{"href":"https:\/\/www.purejewels.com\/de\/wp-json\/wp\/v2\/types\/product"}],"replies":[{"embeddable":true,"href":"https:\/\/www.purejewels.com\/de\/wp-json\/wp\/v2\/comments?post=332226"}],"version-history":[{"count":3,"href":"https:\/\/www.purejewels.com\/de\/wp-json\/wp\/v2\/product\/332226\/revisions"}],"predecessor-version":[{"id":422592,"href":"https:\/\/www.purejewels.com\/de\/wp-json\/wp\/v2\/product\/332226\/revisions\/422592"}],"wp:featuredmedia":[{"embeddable":true,"href":"https:\/\/www.purejewels.com\/de\/wp-json\/wp\/v2\/media\/332234"}],"wp:attachment":[{"href":"https:\/\/www.purejewels.com\/de\/wp-json\/wp\/v2\/media?parent=332226"}],"wp:term":[{"taxonomy":"product_brand","embeddable":true,"href":"https:\/\/www.purejewels.com\/de\/wp-json\/wp\/v2\/product_brand?post=332226"},{"taxonomy":"product_cat","embeddable":true,"href":"https:\/\/www.purejewels.com\/de\/wp-json\/wp\/v2\/product_cat?post=332226"},{"taxonomy":"product_tag","embeddable":true,"href":"https:\/\/www.purejewels.com\/de\/wp-json\/wp\/v2\/product_tag?post=332226"}],"curies":[{"name":"wp","href":"https:\/\/api.w.org\/{rel}","templated":true}]}}