{"id":332231,"date":"2022-01-24T05:52:27","date_gmt":"2022-01-24T05:52:27","guid":{"rendered":"https:\/\/www.purejewels.com\/?post_type=product&#038;p=332231"},"modified":"2025-11-07T11:04:54","modified_gmt":"2025-11-07T11:04:54","slug":"18ct-gelbgold-ehering-band-traditionelles-gericht-7mm-breit","status":"publish","type":"product","link":"https:\/\/www.purejewels.com\/de\/product\/18ct-yellow-gold-wedding-ring-band-traditional-court-7mm-wide\/","title":{"rendered":"18ct Gelbgold | Ehering Band | 7mm breit"},"content":{"rendered":"<p>Diese atemberaubende <a href=\"https:\/\/www.purejewels.com\/de\/product\/18ct-white-gold-khanda-sikh-religious-pendant-6226\/\">18ct<\/a> Der Ehering aus Gelbgold ist das perfekte Symbol f\u00fcr ewige Liebe und Hingabe. Mit einer Breite von 7 mm ist dieser breite Ehering sowohl k\u00fchn als auch elegant, was ihn zu einer zeitlosen Wahl f\u00fcr Ihren besonderen Tag macht. Dieser mit Pr\u00e4zision und Sorgfalt handgefertigte Ring ist vom London Assay Office gepunzt, um seine Echtheit und Qualit\u00e4t zu garantieren.<\/p>\n<p>Erh\u00e4ltlich in verschiedenen Gr\u00f6\u00dfen und Breiten, k\u00f6nnen Sie die perfekte Passform f\u00fcr Ihren Finger w\u00e4hlen. Egal, ob Sie einen klassischen, traditionellen Look oder einen moderneren Stil bevorzugen, dieser Ehering ist vielseitig genug, um allen Vorlieben gerecht zu werden.<\/p>\n<p>Verpackt in einer sch\u00f6nen Pr\u00e4sentationsschachtel ist dieser Ring bereit, verschenkt zu werden oder ein Leben lang zu bewahren. Bei Fragen oder wenn Sie eine schnellere Lieferung w\u00fcnschen, steht Ihnen unser freundliches Kundenservice-Team per Live-Chat zur Verf\u00fcgung. Machen Sie Ihren besonderen Tag noch mehr unvergesslich mit diesem exquisiten 18ct Gelbgold Ehering Band.<\/p>","protected":false},"excerpt":{"rendered":"<table class=\"sh_desc\">\n<tbody>\n<tr>\n<td>Typ des Rings<\/td>\n<td>Hochzeitsband<\/td>\n<\/tr>\n<tr>\n<td>Metall<\/td>\n<td>Gelbgold<\/td>\n<\/tr>\n<tr>\n<td>Dicke<\/td>\n<td>7mm<\/td>\n<\/tr>\n<tr>\n<td>Gr\u00f6\u00dfe<\/td>\n<td>Kann in verschiedenen Gr\u00f6\u00dfen und Breiten hergestellt werden<\/td>\n<\/tr>\n<tr>\n<td>Wahrzeichen<\/td>\n<td>18ct Gold gestempelt von London Assay Office<\/td>\n<\/tr>\n<tr>\n<td>Entgelte<\/td>\n<td>Lieferung und Mehrwertsteuer inbegriffen<\/td>\n<\/tr>\n<tr>\n<td>Verpackung<\/td>\n<td>Mit Pr\u00e4sentationsbox<\/td>\n<\/tr>\n<tr>\n<td>Mehr Informationen<\/td>\n<td>\n<ul>\n<li>Live-Chat mit uns f\u00fcr Verf\u00fcgbarkeit und mehr Bilder<\/li>\n<li>Die Lieferung kann bis zu vier Wochen dauern.<\/li>\n<\/ul>\n<\/td>\n<\/tr>\n<\/tbody>\n<\/table>","protected":false},"featured_media":332239,"comment_status":"closed","ping_status":"closed","template":"","meta":{"_eb_attr":"","_crsspst_to_jayantr4sg-hostcom":false},"product_brand":[],"product_cat":[5297,5321,5322],"product_tag":[64],"class_list":{"0":"post-332231","1":"product","2":"type-product","3":"status-publish","4":"has-post-thumbnail","6":"product_cat-yellow-gold-wedding-bands","7":"product_cat-18ct-yellow-gold-wedding-bands-for-men","8":"product_cat-yellow-gold-wedding-bands-for-women","9":"product_tag-rings","11":"first","12":"onbackorder","13":"taxable","14":"shipping-taxable","15":"product-type-variable","16":"add-to-wishlist-before_image"},"yoast_head":"<!-- This site is optimized with the Yoast SEO plugin v27.5 - https:\/\/yoast.com\/product\/yoast-seo-wordpress\/ -->\n<title>wide yellow gold wedding bands | Shop Simple Bands | Purejewels<\/title>\n<meta name=\"description\" content=\"mens plain yellow gold wedding bands | Explore Rose Gold Wedding Band And Platinum Engagement Ring in London | Fast Delivery &amp; Easy Returns\" \/>\n<meta name=\"robots\" content=\"index, follow, max-snippet:-1, max-image-preview:large, max-video-preview:-1\" \/>\n<link rel=\"canonical\" href=\"https:\/\/www.purejewels.com\/de\/produkt-2\/18ct-gelbgold-ehering-band-traditionelles-gericht-7mm-breit\/\" \/>\n<meta property=\"og:locale\" content=\"de_DE\" \/>\n<meta property=\"og:type\" content=\"article\" \/>\n<meta property=\"og:title\" content=\"wide yellow gold wedding bands | Shop Simple Bands | Purejewels\" \/>\n<meta property=\"og:description\" content=\"mens plain yellow gold wedding bands | Explore Rose Gold Wedding Band And Platinum Engagement Ring in London | Fast Delivery &amp; Easy Returns\" \/>\n<meta property=\"og:url\" content=\"https:\/\/www.purejewels.com\/de\/produkt-2\/18ct-gelbgold-ehering-band-traditionelles-gericht-7mm-breit\/\" \/>\n<meta property=\"og:site_name\" content=\"PureJewels UK\" \/>\n<meta property=\"article:modified_time\" content=\"2025-11-07T11:04:54+00:00\" \/>\n<meta property=\"og:image\" content=\"https:\/\/www.purejewels.com\/wp-content\/uploads\/2022\/01\/YG-_-7mm-Court-_-Medium-Weight-.jpg\" \/>\n\t<meta property=\"og:image:width\" content=\"1280\" \/>\n\t<meta property=\"og:image:height\" content=\"910\" \/>\n\t<meta property=\"og:image:type\" content=\"image\/jpeg\" \/>\n<meta name=\"twitter:card\" content=\"summary_large_image\" \/>\n<meta name=\"twitter:label1\" content=\"Gesch\u00e4tzte Lesezeit\" \/>\n\t<meta name=\"twitter:data1\" content=\"1\u00a0Minute\" \/>\n<script type=\"application\/ld+json\" class=\"yoast-schema-graph\">{\"@context\":\"https:\\\/\\\/schema.org\",\"@graph\":[{\"@type\":[\"WebPage\",\"ItemPage\"],\"@id\":\"https:\\\/\\\/www.purejewels.com\\\/product\\\/18ct-yellow-gold-wedding-ring-band-traditional-court-7mm-wide\\\/\",\"url\":\"https:\\\/\\\/www.purejewels.com\\\/product\\\/18ct-yellow-gold-wedding-ring-band-traditional-court-7mm-wide\\\/\",\"name\":\"wide yellow gold wedding bands | Shop Simple Bands | Purejewels\",\"isPartOf\":{\"@id\":\"https:\\\/\\\/www.purejewels.com\\\/#website\"},\"primaryImageOfPage\":{\"@id\":\"https:\\\/\\\/www.purejewels.com\\\/product\\\/18ct-yellow-gold-wedding-ring-band-traditional-court-7mm-wide\\\/#primaryimage\"},\"image\":{\"@id\":\"https:\\\/\\\/www.purejewels.com\\\/product\\\/18ct-yellow-gold-wedding-ring-band-traditional-court-7mm-wide\\\/#primaryimage\"},\"thumbnailUrl\":\"https:\\\/\\\/static.purejewels.com\\\/wp-content\\\/uploads\\\/2022\\\/01\\\/YG-_-7mm-Court-_-Medium-Weight-.jpg\",\"datePublished\":\"2022-01-24T05:52:27+00:00\",\"dateModified\":\"2025-11-07T11:04:54+00:00\",\"description\":\"mens plain yellow gold wedding bands | Explore Rose Gold Wedding Band And Platinum Engagement Ring in London | Fast Delivery & Easy Returns\",\"breadcrumb\":{\"@id\":\"https:\\\/\\\/www.purejewels.com\\\/product\\\/18ct-yellow-gold-wedding-ring-band-traditional-court-7mm-wide\\\/#breadcrumb\"},\"inLanguage\":\"de\",\"potentialAction\":[{\"@type\":\"ReadAction\",\"target\":[\"https:\\\/\\\/www.purejewels.com\\\/product\\\/18ct-yellow-gold-wedding-ring-band-traditional-court-7mm-wide\\\/\"]}]},{\"@type\":\"ImageObject\",\"inLanguage\":\"de\",\"@id\":\"https:\\\/\\\/www.purejewels.com\\\/product\\\/18ct-yellow-gold-wedding-ring-band-traditional-court-7mm-wide\\\/#primaryimage\",\"url\":\"https:\\\/\\\/static.purejewels.com\\\/wp-content\\\/uploads\\\/2022\\\/01\\\/YG-_-7mm-Court-_-Medium-Weight-.jpg\",\"contentUrl\":\"https:\\\/\\\/static.purejewels.com\\\/wp-content\\\/uploads\\\/2022\\\/01\\\/YG-_-7mm-Court-_-Medium-Weight-.jpg\",\"width\":1280,\"height\":910,\"caption\":\"Yellow Gold | Wedding Ring Band | Traditional Court | 7mm wide\"},{\"@type\":\"BreadcrumbList\",\"@id\":\"https:\\\/\\\/www.purejewels.com\\\/product\\\/18ct-yellow-gold-wedding-ring-band-traditional-court-7mm-wide\\\/#breadcrumb\",\"itemListElement\":[{\"@type\":\"ListItem\",\"position\":1,\"name\":\"Home\",\"item\":\"https:\\\/\\\/www.purejewels.com\\\/\"},{\"@type\":\"ListItem\",\"position\":2,\"name\":\"Shop\",\"item\":\"https:\\\/\\\/www.purejewels.com\\\/shop\\\/\"},{\"@type\":\"ListItem\",\"position\":3,\"name\":\"18ct Yellow Gold | Wedding Ring Band | 7mm wide\"}]},{\"@type\":\"WebSite\",\"@id\":\"https:\\\/\\\/www.purejewels.com\\\/#website\",\"url\":\"https:\\\/\\\/www.purejewels.com\\\/\",\"name\":\"PureJewels UK\",\"description\":\"Share the Love\",\"publisher\":{\"@id\":\"https:\\\/\\\/www.purejewels.com\\\/#organization\"},\"potentialAction\":[{\"@type\":\"SearchAction\",\"target\":{\"@type\":\"EntryPoint\",\"urlTemplate\":\"https:\\\/\\\/www.purejewels.com\\\/?s={search_term_string}\"},\"query-input\":{\"@type\":\"PropertyValueSpecification\",\"valueRequired\":true,\"valueName\":\"search_term_string\"}}],\"inLanguage\":\"de\"},{\"@type\":\"Organization\",\"@id\":\"https:\\\/\\\/www.purejewels.com\\\/#organization\",\"name\":\"PureJewels UK\",\"url\":\"https:\\\/\\\/www.purejewels.com\\\/\",\"logo\":{\"@type\":\"ImageObject\",\"inLanguage\":\"de\",\"@id\":\"https:\\\/\\\/www.purejewels.com\\\/#\\\/schema\\\/logo\\\/image\\\/\",\"url\":\"https:\\\/\\\/static.purejewels.com\\\/wp-content\\\/uploads\\\/2020\\\/11\\\/Logo-PJ-New-1.png\",\"contentUrl\":\"https:\\\/\\\/static.purejewels.com\\\/wp-content\\\/uploads\\\/2020\\\/11\\\/Logo-PJ-New-1.png\",\"width\":150,\"height\":80,\"caption\":\"PureJewels UK\"},\"image\":{\"@id\":\"https:\\\/\\\/www.purejewels.com\\\/#\\\/schema\\\/logo\\\/image\\\/\"}}]}<\/script>\n<!-- \/ Yoast SEO plugin. -->","yoast_head_json":{"title":"breite Eheringe aus Gelbgold | Shop Simple Bands | Purejewels","description":"Eheringe aus Gelbgold f\u00fcr Herren | Entdecken Sie Eheringe aus Ros\u00e9gold und Verlobungsringe aus Platin in London | Schnelle Lieferung und einfache R\u00fccksendung","robots":{"index":"index","follow":"follow","max-snippet":"max-snippet:-1","max-image-preview":"max-image-preview:large","max-video-preview":"max-video-preview:-1"},"canonical":"https:\/\/www.purejewels.com\/de\/produkt-2\/18ct-gelbgold-ehering-band-traditionelles-gericht-7mm-breit\/","og_locale":"de_DE","og_type":"article","og_title":"wide yellow gold wedding bands | Shop Simple Bands | Purejewels","og_description":"mens plain yellow gold wedding bands | Explore Rose Gold Wedding Band And Platinum Engagement Ring in London | Fast Delivery & Easy Returns","og_url":"https:\/\/www.purejewels.com\/de\/produkt-2\/18ct-gelbgold-ehering-band-traditionelles-gericht-7mm-breit\/","og_site_name":"PureJewels UK","article_modified_time":"2025-11-07T11:04:54+00:00","og_image":[{"width":1280,"height":910,"url":"https:\/\/www.purejewels.com\/wp-content\/uploads\/2022\/01\/YG-_-7mm-Court-_-Medium-Weight-.jpg","type":"image\/jpeg"}],"twitter_card":"summary_large_image","twitter_misc":{"Gesch\u00e4tzte Lesezeit":"1\u00a0Minute"},"schema":{"@context":"https:\/\/schema.org","@graph":[{"@type":["WebPage","ItemPage"],"@id":"https:\/\/www.purejewels.com\/product\/18ct-yellow-gold-wedding-ring-band-traditional-court-7mm-wide\/","url":"https:\/\/www.purejewels.com\/product\/18ct-yellow-gold-wedding-ring-band-traditional-court-7mm-wide\/","name":"breite Eheringe aus Gelbgold | Shop Simple Bands | Purejewels","isPartOf":{"@id":"https:\/\/www.purejewels.com\/#website"},"primaryImageOfPage":{"@id":"https:\/\/www.purejewels.com\/product\/18ct-yellow-gold-wedding-ring-band-traditional-court-7mm-wide\/#primaryimage"},"image":{"@id":"https:\/\/www.purejewels.com\/product\/18ct-yellow-gold-wedding-ring-band-traditional-court-7mm-wide\/#primaryimage"},"thumbnailUrl":"https:\/\/static.purejewels.com\/wp-content\/uploads\/2022\/01\/YG-_-7mm-Court-_-Medium-Weight-.jpg","datePublished":"2022-01-24T05:52:27+00:00","dateModified":"2025-11-07T11:04:54+00:00","description":"Eheringe aus Gelbgold f\u00fcr Herren | Entdecken Sie Eheringe aus Ros\u00e9gold und Verlobungsringe aus Platin in London | Schnelle Lieferung und einfache R\u00fccksendung","breadcrumb":{"@id":"https:\/\/www.purejewels.com\/product\/18ct-yellow-gold-wedding-ring-band-traditional-court-7mm-wide\/#breadcrumb"},"inLanguage":"de","potentialAction":[{"@type":"ReadAction","target":["https:\/\/www.purejewels.com\/product\/18ct-yellow-gold-wedding-ring-band-traditional-court-7mm-wide\/"]}]},{"@type":"ImageObject","inLanguage":"de","@id":"https:\/\/www.purejewels.com\/product\/18ct-yellow-gold-wedding-ring-band-traditional-court-7mm-wide\/#primaryimage","url":"https:\/\/static.purejewels.com\/wp-content\/uploads\/2022\/01\/YG-_-7mm-Court-_-Medium-Weight-.jpg","contentUrl":"https:\/\/static.purejewels.com\/wp-content\/uploads\/2022\/01\/YG-_-7mm-Court-_-Medium-Weight-.jpg","width":1280,"height":910,"caption":"Yellow Gold | Wedding Ring Band | Traditional Court | 7mm wide"},{"@type":"BreadcrumbList","@id":"https:\/\/www.purejewels.com\/product\/18ct-yellow-gold-wedding-ring-band-traditional-court-7mm-wide\/#breadcrumb","itemListElement":[{"@type":"ListItem","position":1,"name":"Home","item":"https:\/\/www.purejewels.com\/"},{"@type":"ListItem","position":2,"name":"Shop","item":"https:\/\/www.purejewels.com\/shop\/"},{"@type":"ListItem","position":3,"name":"18ct Yellow Gold | Wedding Ring Band | 7mm wide"}]},{"@type":"WebSite","@id":"https:\/\/www.purejewels.com\/#website","url":"https:\/\/www.purejewels.com\/","name":"PureJewels UK","description":"Teile die Liebe","publisher":{"@id":"https:\/\/www.purejewels.com\/#organization"},"potentialAction":[{"@type":"SearchAction","target":{"@type":"EntryPoint","urlTemplate":"https:\/\/www.purejewels.com\/?s={search_term_string}"},"query-input":{"@type":"PropertyValueSpecification","valueRequired":true,"valueName":"search_term_string"}}],"inLanguage":"de"},{"@type":"Organization","@id":"https:\/\/www.purejewels.com\/#organization","name":"PureJewels UK","url":"https:\/\/www.purejewels.com\/","logo":{"@type":"ImageObject","inLanguage":"de","@id":"https:\/\/www.purejewels.com\/#\/schema\/logo\/image\/","url":"https:\/\/static.purejewels.com\/wp-content\/uploads\/2020\/11\/Logo-PJ-New-1.png","contentUrl":"https:\/\/static.purejewels.com\/wp-content\/uploads\/2020\/11\/Logo-PJ-New-1.png","width":150,"height":80,"caption":"PureJewels UK"},"image":{"@id":"https:\/\/www.purejewels.com\/#\/schema\/logo\/image\/"}}]}},"_links":{"self":[{"href":"https:\/\/www.purejewels.com\/de\/wp-json\/wp\/v2\/product\/332231","targetHints":{"allow":["GET"]}}],"collection":[{"href":"https:\/\/www.purejewels.com\/de\/wp-json\/wp\/v2\/product"}],"about":[{"href":"https:\/\/www.purejewels.com\/de\/wp-json\/wp\/v2\/types\/product"}],"replies":[{"embeddable":true,"href":"https:\/\/www.purejewels.com\/de\/wp-json\/wp\/v2\/comments?post=332231"}],"version-history":[{"count":3,"href":"https:\/\/www.purejewels.com\/de\/wp-json\/wp\/v2\/product\/332231\/revisions"}],"predecessor-version":[{"id":420528,"href":"https:\/\/www.purejewels.com\/de\/wp-json\/wp\/v2\/product\/332231\/revisions\/420528"}],"wp:featuredmedia":[{"embeddable":true,"href":"https:\/\/www.purejewels.com\/de\/wp-json\/wp\/v2\/media\/332239"}],"wp:attachment":[{"href":"https:\/\/www.purejewels.com\/de\/wp-json\/wp\/v2\/media?parent=332231"}],"wp:term":[{"taxonomy":"product_brand","embeddable":true,"href":"https:\/\/www.purejewels.com\/de\/wp-json\/wp\/v2\/product_brand?post=332231"},{"taxonomy":"product_cat","embeddable":true,"href":"https:\/\/www.purejewels.com\/de\/wp-json\/wp\/v2\/product_cat?post=332231"},{"taxonomy":"product_tag","embeddable":true,"href":"https:\/\/www.purejewels.com\/de\/wp-json\/wp\/v2\/product_tag?post=332231"}],"curies":[{"name":"wp","href":"https:\/\/api.w.org\/{rel}","templated":true}]}}