{"id":332403,"date":"2022-01-24T10:00:10","date_gmt":"2022-01-24T10:00:10","guid":{"rendered":"https:\/\/www.purejewels.com\/?post_type=product&#038;p=332403"},"modified":"2025-11-13T10:16:01","modified_gmt":"2025-11-13T10:16:01","slug":"platin-ehering-band-traditionelles-gericht-4-5mm-breit","status":"publish","type":"product","link":"https:\/\/www.purejewels.com\/de\/product\/platinum-wedding-ring-band-traditional-court-4-5mm-wide\/","title":{"rendered":"Platin | Ehering Band | 4.5mm breit"},"content":{"rendered":"<p>Suchen Sie nach dem perfekten Platin-Hochzeitsring in Gro\u00dfbritannien? Suchen Sie nicht weiter als PureJewles.com! Unser Platin-Hochzeitsring ist eine atemberaubende Wahl f\u00fcr Ihren besonderen Tag, mit einer Breite von 4,5 mm f\u00fcr einen schlanken und eleganten Look. Aus hochwertigem Platin gefertigt, ist dieser Ehering nicht nur sch\u00f6n, sondern auch haltbar und langlebig.<\/p>\n<p>Jeder Ring wird nach Ma\u00df gefertigt, damit er perfekt auf Ihren Finger passt. W\u00e4hlen Sie aus einer Reihe von Gr\u00f6\u00dfen und Breiten, die zu Ihrem pers\u00f6nlichen Stil passen. Unser Ehering aus Platin ist vom London Assay Office gepunzt, was seine Echtheit und Qualit\u00e4t garantiert.<\/p>\n<p>Mit kostenloser verfolgter Lieferung, sicheren Online-Zahlungen.  Haben Sie Fragen oder ben\u00f6tigen Sie eine schnellere Lieferung? Kontaktieren Sie uns per Live-Chat f\u00fcr Hilfe.<\/p>\n<p>Geben Sie sich an Ihrem Hochzeitstag nicht mit weniger als dem Besten zufrieden - w\u00e4hlen Sie PureJewles.com f\u00fcr Ihren Platin-Hochzeitsring in Gro\u00dfbritannien.<\/p>","protected":false},"excerpt":{"rendered":"<table class=\"sh_desc\">\n<tbody>\n<tr>\n<td>Typ des Rings<\/td>\n<td>Hochzeitsband<\/td>\n<\/tr>\n<tr>\n<td>Metall<\/td>\n<td>Platin<\/td>\n<\/tr>\n<tr>\n<td>Dicke<\/td>\n<td>4,5 mm<\/td>\n<\/tr>\n<tr>\n<td>Gr\u00f6\u00dfe<\/td>\n<td>Kann in verschiedenen Gr\u00f6\u00dfen und Breiten hergestellt werden<\/td>\n<\/tr>\n<tr>\n<td>Wahrzeichen<\/td>\n<td>Platin gestempelt von London Assay Office<\/td>\n<\/tr>\n<tr>\n<td>Entgelte<\/td>\n<td>Lieferung und Mehrwertsteuer inbegriffen<\/td>\n<\/tr>\n<tr>\n<td>Verpackung<\/td>\n<td>Mit Pr\u00e4sentationsbox<\/td>\n<\/tr>\n<tr>\n<td>Mehr Informationen<\/td>\n<td>\n<ul>\n<li>Live-Chat mit uns f\u00fcr Verf\u00fcgbarkeit und mehr Bilder<\/li>\n<li>Die Lieferung kann bis zu vier Wochen dauern.<\/li>\n<\/ul>\n<\/td>\n<\/tr>\n<\/tbody>\n<\/table>","protected":false},"featured_media":331862,"comment_status":"closed","ping_status":"closed","template":"","meta":{"_eb_attr":"","_crsspst_to_jayantr4sg-hostcom":false},"product_brand":[],"product_cat":[5293,5294,5295,229],"product_tag":[],"class_list":{"0":"post-332403","1":"product","2":"type-product","3":"status-publish","4":"has-post-thumbnail","6":"product_cat-platinum-wedding-bands-2","7":"product_cat-platinum-wedding-bands-for-men","8":"product_cat-platinum-wedding-bands-for-women","9":"product_cat-wedding-bands","11":"first","12":"onbackorder","13":"taxable","14":"shipping-taxable","15":"product-type-variable","16":"add-to-wishlist-before_image"},"yoast_head":"<!-- This site is optimized with the Yoast SEO plugin v27.3 - https:\/\/yoast.com\/product\/yoast-seo-wordpress\/ -->\n<title>Platinum Wedding Rings Online in UK | PureJewles.com<\/title>\n<meta name=\"description\" content=\"Mens Platinum Wedding Bands | Platinum Ladies Wedding Band | Explore More Luxurious Jewellery in UK | Quick Delivery\" \/>\n<meta name=\"robots\" content=\"index, follow, max-snippet:-1, max-image-preview:large, max-video-preview:-1\" \/>\n<link rel=\"canonical\" href=\"https:\/\/www.purejewels.com\/de\/produkt-2\/platin-ehering-band-traditionelles-gericht-4-5mm-breit\/\" \/>\n<meta property=\"og:locale\" content=\"de_DE\" \/>\n<meta property=\"og:type\" content=\"article\" \/>\n<meta property=\"og:title\" content=\"Platinum Wedding Rings Online in UK | PureJewles.com\" \/>\n<meta property=\"og:description\" content=\"Mens Platinum Wedding Bands | Platinum Ladies Wedding Band | Explore More Luxurious Jewellery in UK | Quick Delivery\" \/>\n<meta property=\"og:url\" content=\"https:\/\/www.purejewels.com\/de\/produkt-2\/platin-ehering-band-traditionelles-gericht-4-5mm-breit\/\" \/>\n<meta property=\"og:site_name\" content=\"PureJewels UK\" \/>\n<meta property=\"article:modified_time\" content=\"2025-11-13T10:16:01+00:00\" \/>\n<meta property=\"og:image\" content=\"https:\/\/www.purejewels.com\/wp-content\/uploads\/2022\/01\/WG-PT-_-4mm-Court-_-Medium-Weight.jpg\" \/>\n\t<meta property=\"og:image:width\" content=\"1280\" \/>\n\t<meta property=\"og:image:height\" content=\"910\" \/>\n\t<meta property=\"og:image:type\" content=\"image\/jpeg\" \/>\n<meta name=\"twitter:card\" content=\"summary_large_image\" \/>\n<meta name=\"twitter:label1\" content=\"Gesch\u00e4tzte Lesezeit\" \/>\n\t<meta name=\"twitter:data1\" content=\"1\u00a0Minute\" \/>\n<script type=\"application\/ld+json\" class=\"yoast-schema-graph\">{\"@context\":\"https:\\\/\\\/schema.org\",\"@graph\":[{\"@type\":[\"WebPage\",\"ItemPage\"],\"@id\":\"https:\\\/\\\/www.purejewels.com\\\/product\\\/platinum-wedding-ring-band-traditional-court-4-5mm-wide\\\/\",\"url\":\"https:\\\/\\\/www.purejewels.com\\\/product\\\/platinum-wedding-ring-band-traditional-court-4-5mm-wide\\\/\",\"name\":\"Platinum Wedding Rings Online in UK | PureJewles.com\",\"isPartOf\":{\"@id\":\"https:\\\/\\\/www.purejewels.com\\\/#website\"},\"primaryImageOfPage\":{\"@id\":\"https:\\\/\\\/www.purejewels.com\\\/product\\\/platinum-wedding-ring-band-traditional-court-4-5mm-wide\\\/#primaryimage\"},\"image\":{\"@id\":\"https:\\\/\\\/www.purejewels.com\\\/product\\\/platinum-wedding-ring-band-traditional-court-4-5mm-wide\\\/#primaryimage\"},\"thumbnailUrl\":\"https:\\\/\\\/static.purejewels.com\\\/wp-content\\\/uploads\\\/2022\\\/01\\\/WG-PT-_-4mm-Court-_-Medium-Weight.jpg\",\"datePublished\":\"2022-01-24T10:00:10+00:00\",\"dateModified\":\"2025-11-13T10:16:01+00:00\",\"description\":\"Mens Platinum Wedding Bands | Platinum Ladies Wedding Band | Explore More Luxurious Jewellery in UK | Quick Delivery\",\"breadcrumb\":{\"@id\":\"https:\\\/\\\/www.purejewels.com\\\/product\\\/platinum-wedding-ring-band-traditional-court-4-5mm-wide\\\/#breadcrumb\"},\"inLanguage\":\"de\",\"potentialAction\":[{\"@type\":\"ReadAction\",\"target\":[\"https:\\\/\\\/www.purejewels.com\\\/product\\\/platinum-wedding-ring-band-traditional-court-4-5mm-wide\\\/\"]}]},{\"@type\":\"ImageObject\",\"inLanguage\":\"de\",\"@id\":\"https:\\\/\\\/www.purejewels.com\\\/product\\\/platinum-wedding-ring-band-traditional-court-4-5mm-wide\\\/#primaryimage\",\"url\":\"https:\\\/\\\/static.purejewels.com\\\/wp-content\\\/uploads\\\/2022\\\/01\\\/WG-PT-_-4mm-Court-_-Medium-Weight.jpg\",\"contentUrl\":\"https:\\\/\\\/static.purejewels.com\\\/wp-content\\\/uploads\\\/2022\\\/01\\\/WG-PT-_-4mm-Court-_-Medium-Weight.jpg\",\"width\":1280,\"height\":910,\"caption\":\"WG, PT _ 4mm Court _ Medium Weight\"},{\"@type\":\"BreadcrumbList\",\"@id\":\"https:\\\/\\\/www.purejewels.com\\\/product\\\/platinum-wedding-ring-band-traditional-court-4-5mm-wide\\\/#breadcrumb\",\"itemListElement\":[{\"@type\":\"ListItem\",\"position\":1,\"name\":\"Home\",\"item\":\"https:\\\/\\\/www.purejewels.com\\\/\"},{\"@type\":\"ListItem\",\"position\":2,\"name\":\"Shop\",\"item\":\"https:\\\/\\\/www.purejewels.com\\\/shop\\\/\"},{\"@type\":\"ListItem\",\"position\":3,\"name\":\"Platinum | Wedding Ring Band | 4.5mm wide\"}]},{\"@type\":\"WebSite\",\"@id\":\"https:\\\/\\\/www.purejewels.com\\\/#website\",\"url\":\"https:\\\/\\\/www.purejewels.com\\\/\",\"name\":\"PureJewels UK\",\"description\":\"Share the Love\",\"publisher\":{\"@id\":\"https:\\\/\\\/www.purejewels.com\\\/#organization\"},\"potentialAction\":[{\"@type\":\"SearchAction\",\"target\":{\"@type\":\"EntryPoint\",\"urlTemplate\":\"https:\\\/\\\/www.purejewels.com\\\/?s={search_term_string}\"},\"query-input\":{\"@type\":\"PropertyValueSpecification\",\"valueRequired\":true,\"valueName\":\"search_term_string\"}}],\"inLanguage\":\"de\"},{\"@type\":\"Organization\",\"@id\":\"https:\\\/\\\/www.purejewels.com\\\/#organization\",\"name\":\"PureJewels UK\",\"url\":\"https:\\\/\\\/www.purejewels.com\\\/\",\"logo\":{\"@type\":\"ImageObject\",\"inLanguage\":\"de\",\"@id\":\"https:\\\/\\\/www.purejewels.com\\\/#\\\/schema\\\/logo\\\/image\\\/\",\"url\":\"https:\\\/\\\/static.purejewels.com\\\/wp-content\\\/uploads\\\/2020\\\/11\\\/Logo-PJ-New-1.png\",\"contentUrl\":\"https:\\\/\\\/static.purejewels.com\\\/wp-content\\\/uploads\\\/2020\\\/11\\\/Logo-PJ-New-1.png\",\"width\":150,\"height\":80,\"caption\":\"PureJewels UK\"},\"image\":{\"@id\":\"https:\\\/\\\/www.purejewels.com\\\/#\\\/schema\\\/logo\\\/image\\\/\"}}]}<\/script>\n<!-- \/ Yoast SEO plugin. -->","yoast_head_json":{"title":"Platin Eheringe Online in UK | PureJewles.com","description":"Eheringe aus Platin f\u00fcr Herren | Eheringe aus Platin f\u00fcr Damen | Entdecken Sie mehr luxuri\u00f6sen Schmuck in Gro\u00dfbritannien | Schnelle Lieferung","robots":{"index":"index","follow":"follow","max-snippet":"max-snippet:-1","max-image-preview":"max-image-preview:large","max-video-preview":"max-video-preview:-1"},"canonical":"https:\/\/www.purejewels.com\/de\/produkt-2\/platin-ehering-band-traditionelles-gericht-4-5mm-breit\/","og_locale":"de_DE","og_type":"article","og_title":"Platinum Wedding Rings Online in UK | PureJewles.com","og_description":"Mens Platinum Wedding Bands | Platinum Ladies Wedding Band | Explore More Luxurious Jewellery in UK | Quick Delivery","og_url":"https:\/\/www.purejewels.com\/de\/produkt-2\/platin-ehering-band-traditionelles-gericht-4-5mm-breit\/","og_site_name":"PureJewels UK","article_modified_time":"2025-11-13T10:16:01+00:00","og_image":[{"width":1280,"height":910,"url":"https:\/\/www.purejewels.com\/wp-content\/uploads\/2022\/01\/WG-PT-_-4mm-Court-_-Medium-Weight.jpg","type":"image\/jpeg"}],"twitter_card":"summary_large_image","twitter_misc":{"Gesch\u00e4tzte Lesezeit":"1\u00a0Minute"},"schema":{"@context":"https:\/\/schema.org","@graph":[{"@type":["WebPage","ItemPage"],"@id":"https:\/\/www.purejewels.com\/product\/platinum-wedding-ring-band-traditional-court-4-5mm-wide\/","url":"https:\/\/www.purejewels.com\/product\/platinum-wedding-ring-band-traditional-court-4-5mm-wide\/","name":"Platin Eheringe Online in UK | PureJewles.com","isPartOf":{"@id":"https:\/\/www.purejewels.com\/#website"},"primaryImageOfPage":{"@id":"https:\/\/www.purejewels.com\/product\/platinum-wedding-ring-band-traditional-court-4-5mm-wide\/#primaryimage"},"image":{"@id":"https:\/\/www.purejewels.com\/product\/platinum-wedding-ring-band-traditional-court-4-5mm-wide\/#primaryimage"},"thumbnailUrl":"https:\/\/static.purejewels.com\/wp-content\/uploads\/2022\/01\/WG-PT-_-4mm-Court-_-Medium-Weight.jpg","datePublished":"2022-01-24T10:00:10+00:00","dateModified":"2025-11-13T10:16:01+00:00","description":"Eheringe aus Platin f\u00fcr Herren | Eheringe aus Platin f\u00fcr Damen | Entdecken Sie mehr luxuri\u00f6sen Schmuck in Gro\u00dfbritannien | Schnelle Lieferung","breadcrumb":{"@id":"https:\/\/www.purejewels.com\/product\/platinum-wedding-ring-band-traditional-court-4-5mm-wide\/#breadcrumb"},"inLanguage":"de","potentialAction":[{"@type":"ReadAction","target":["https:\/\/www.purejewels.com\/product\/platinum-wedding-ring-band-traditional-court-4-5mm-wide\/"]}]},{"@type":"ImageObject","inLanguage":"de","@id":"https:\/\/www.purejewels.com\/product\/platinum-wedding-ring-band-traditional-court-4-5mm-wide\/#primaryimage","url":"https:\/\/static.purejewels.com\/wp-content\/uploads\/2022\/01\/WG-PT-_-4mm-Court-_-Medium-Weight.jpg","contentUrl":"https:\/\/static.purejewels.com\/wp-content\/uploads\/2022\/01\/WG-PT-_-4mm-Court-_-Medium-Weight.jpg","width":1280,"height":910,"caption":"WG, PT _ 4mm Court _ Medium Weight"},{"@type":"BreadcrumbList","@id":"https:\/\/www.purejewels.com\/product\/platinum-wedding-ring-band-traditional-court-4-5mm-wide\/#breadcrumb","itemListElement":[{"@type":"ListItem","position":1,"name":"Home","item":"https:\/\/www.purejewels.com\/"},{"@type":"ListItem","position":2,"name":"Shop","item":"https:\/\/www.purejewels.com\/shop\/"},{"@type":"ListItem","position":3,"name":"Platinum | Wedding Ring Band | 4.5mm wide"}]},{"@type":"WebSite","@id":"https:\/\/www.purejewels.com\/#website","url":"https:\/\/www.purejewels.com\/","name":"PureJewels UK","description":"Teile die Liebe","publisher":{"@id":"https:\/\/www.purejewels.com\/#organization"},"potentialAction":[{"@type":"SearchAction","target":{"@type":"EntryPoint","urlTemplate":"https:\/\/www.purejewels.com\/?s={search_term_string}"},"query-input":{"@type":"PropertyValueSpecification","valueRequired":true,"valueName":"search_term_string"}}],"inLanguage":"de"},{"@type":"Organization","@id":"https:\/\/www.purejewels.com\/#organization","name":"PureJewels UK","url":"https:\/\/www.purejewels.com\/","logo":{"@type":"ImageObject","inLanguage":"de","@id":"https:\/\/www.purejewels.com\/#\/schema\/logo\/image\/","url":"https:\/\/static.purejewels.com\/wp-content\/uploads\/2020\/11\/Logo-PJ-New-1.png","contentUrl":"https:\/\/static.purejewels.com\/wp-content\/uploads\/2020\/11\/Logo-PJ-New-1.png","width":150,"height":80,"caption":"PureJewels UK"},"image":{"@id":"https:\/\/www.purejewels.com\/#\/schema\/logo\/image\/"}}]}},"_links":{"self":[{"href":"https:\/\/www.purejewels.com\/de\/wp-json\/wp\/v2\/product\/332403","targetHints":{"allow":["GET"]}}],"collection":[{"href":"https:\/\/www.purejewels.com\/de\/wp-json\/wp\/v2\/product"}],"about":[{"href":"https:\/\/www.purejewels.com\/de\/wp-json\/wp\/v2\/types\/product"}],"replies":[{"embeddable":true,"href":"https:\/\/www.purejewels.com\/de\/wp-json\/wp\/v2\/comments?post=332403"}],"version-history":[{"count":2,"href":"https:\/\/www.purejewels.com\/de\/wp-json\/wp\/v2\/product\/332403\/revisions"}],"predecessor-version":[{"id":421003,"href":"https:\/\/www.purejewels.com\/de\/wp-json\/wp\/v2\/product\/332403\/revisions\/421003"}],"wp:featuredmedia":[{"embeddable":true,"href":"https:\/\/www.purejewels.com\/de\/wp-json\/wp\/v2\/media\/331862"}],"wp:attachment":[{"href":"https:\/\/www.purejewels.com\/de\/wp-json\/wp\/v2\/media?parent=332403"}],"wp:term":[{"taxonomy":"product_brand","embeddable":true,"href":"https:\/\/www.purejewels.com\/de\/wp-json\/wp\/v2\/product_brand?post=332403"},{"taxonomy":"product_cat","embeddable":true,"href":"https:\/\/www.purejewels.com\/de\/wp-json\/wp\/v2\/product_cat?post=332403"},{"taxonomy":"product_tag","embeddable":true,"href":"https:\/\/www.purejewels.com\/de\/wp-json\/wp\/v2\/product_tag?post=332403"}],"curies":[{"name":"wp","href":"https:\/\/api.w.org\/{rel}","templated":true}]}}