{"id":332445,"date":"2022-01-24T10:42:05","date_gmt":"2022-01-24T10:42:05","guid":{"rendered":"https:\/\/www.purejewels.com\/?post_type=product&#038;p=332445"},"modified":"2025-11-06T07:09:20","modified_gmt":"2025-11-06T07:09:20","slug":"platin-ehering-band-traditionelles-gericht-5mm-breit","status":"publish","type":"product","link":"https:\/\/www.purejewels.com\/de\/product\/platinum-wedding-ring-band-traditional-court-5mm-wide\/","title":{"rendered":"Platin Ehering | 5mm breit"},"content":{"rendered":"<p>Dieser schlichte Platin-Ehering ist eine zeitlose und elegante Wahl f\u00fcr Paare, die ein Symbol ihrer ewigen Liebe suchen. Aus hochwertigem Platin gefertigt, ist dieser 5 mm breite Ehering eine klassische und vielseitige Wahl, die nie aus der Mode kommt.<\/p>\n<p>Jeder Ehering wird auf Bestellung angefertigt, so dass Sie die perfekte Gr\u00f6\u00dfe und Breite f\u00fcr Ihren pers\u00f6nlichen Stil w\u00e4hlen k\u00f6nnen. Der Ring ist vom London Assay Office gepunzt, was seine Echtheit und Qualit\u00e4t garantiert.<\/p>\n<p>Ganz gleich, ob Sie einen Ehering f\u00fcr sich selbst oder f\u00fcr einen geliebten Menschen suchen, dieser schlichte Platin-Ehering ist eine wundersch\u00f6ne Wahl, die ein Leben lang halten wird. Bestellen Sie jetzt und genie\u00dfen Sie die zeitlose Eleganz von Platin.<\/p>","protected":false},"excerpt":{"rendered":"<table class=\"sh_desc\">\n<tbody>\n<tr>\n<td>Typ des Rings<\/td>\n<td>Hochzeitsband<\/td>\n<\/tr>\n<tr>\n<td>Metall<\/td>\n<td>Platin<\/td>\n<\/tr>\n<tr>\n<td>Dicke<\/td>\n<td>5 mm<\/td>\n<\/tr>\n<tr>\n<td>Gr\u00f6\u00dfe<\/td>\n<td>Kann in verschiedenen Gr\u00f6\u00dfen und Breiten hergestellt werden<\/td>\n<\/tr>\n<tr>\n<td>Wahrzeichen<\/td>\n<td>Platin gestempelt von London Assay Office<\/td>\n<\/tr>\n<tr>\n<td>Entgelte<\/td>\n<td>Lieferung und Mehrwertsteuer inbegriffen<\/td>\n<\/tr>\n<tr>\n<td>Verpackung<\/td>\n<td>Mit Pr\u00e4sentationsbox<\/td>\n<\/tr>\n<tr>\n<td>Mehr Informationen<\/td>\n<td>\n<ul>\n<li>Live-Chat mit uns f\u00fcr Verf\u00fcgbarkeit und mehr Bilder<\/li>\n<li>Die Lieferung kann bis zu vier Wochen dauern.<\/li>\n<\/ul>\n<\/td>\n<\/tr>\n<\/tbody>\n<\/table>","protected":false},"featured_media":331903,"comment_status":"closed","ping_status":"closed","template":"","meta":{"_eb_attr":"","_crsspst_to_jayantr4sg-hostcom":false},"product_brand":[],"product_cat":[5293,5294,5295,229],"product_tag":[64],"class_list":{"0":"post-332445","1":"product","2":"type-product","3":"status-publish","4":"has-post-thumbnail","6":"product_cat-platinum-wedding-bands-2","7":"product_cat-platinum-wedding-bands-for-men","8":"product_cat-platinum-wedding-bands-for-women","9":"product_cat-wedding-bands","10":"product_tag-rings","12":"first","13":"outofstock","14":"taxable","15":"shipping-taxable","16":"product-type-simple","17":"add-to-wishlist-before_image"},"yoast_head":"<!-- This site is optimized with the Yoast SEO plugin v27.3 - https:\/\/yoast.com\/product\/yoast-seo-wordpress\/ -->\n<title>Plain Platinum Wedding Band | Shop Online in UK | PureJewels.com<\/title>\n<meta name=\"description\" content=\"Thin Platinum Wedding Band in UK | Shop wide range of platinum jewellery at Purejewels.com | Hassle free delivery &amp; easy returns.\" \/>\n<meta name=\"robots\" content=\"index, follow, max-snippet:-1, max-image-preview:large, max-video-preview:-1\" \/>\n<link rel=\"canonical\" href=\"https:\/\/www.purejewels.com\/de\/produkt-2\/platin-ehering-band-traditionelles-gericht-5mm-breit\/\" \/>\n<meta property=\"og:locale\" content=\"de_DE\" \/>\n<meta property=\"og:type\" content=\"article\" \/>\n<meta property=\"og:title\" content=\"Plain Platinum Wedding Band | Shop Online in UK | PureJewels.com\" \/>\n<meta property=\"og:description\" content=\"Thin Platinum Wedding Band in UK | Shop wide range of platinum jewellery at Purejewels.com | Hassle free delivery &amp; easy returns.\" \/>\n<meta property=\"og:url\" content=\"https:\/\/www.purejewels.com\/de\/produkt-2\/platin-ehering-band-traditionelles-gericht-5mm-breit\/\" \/>\n<meta property=\"og:site_name\" content=\"PureJewels UK\" \/>\n<meta property=\"article:modified_time\" content=\"2025-11-06T07:09:20+00:00\" \/>\n<meta property=\"og:image\" content=\"https:\/\/www.purejewels.com\/wp-content\/uploads\/2022\/01\/WG-PT-_-5mm-Court-_-Medium-Weight.jpg\" \/>\n\t<meta property=\"og:image:width\" content=\"1280\" \/>\n\t<meta property=\"og:image:height\" content=\"910\" \/>\n\t<meta property=\"og:image:type\" content=\"image\/jpeg\" \/>\n<meta name=\"twitter:card\" content=\"summary_large_image\" \/>\n<meta name=\"twitter:label1\" content=\"Gesch\u00e4tzte Lesezeit\" \/>\n\t<meta name=\"twitter:data1\" content=\"1\u00a0Minute\" \/>\n<script type=\"application\/ld+json\" class=\"yoast-schema-graph\">{\"@context\":\"https:\\\/\\\/schema.org\",\"@graph\":[{\"@type\":[\"WebPage\",\"ItemPage\"],\"@id\":\"https:\\\/\\\/www.purejewels.com\\\/product\\\/platinum-wedding-ring-band-traditional-court-5mm-wide\\\/\",\"url\":\"https:\\\/\\\/www.purejewels.com\\\/product\\\/platinum-wedding-ring-band-traditional-court-5mm-wide\\\/\",\"name\":\"Plain Platinum Wedding Band | Shop Online in UK | PureJewels.com\",\"isPartOf\":{\"@id\":\"https:\\\/\\\/www.purejewels.com\\\/#website\"},\"primaryImageOfPage\":{\"@id\":\"https:\\\/\\\/www.purejewels.com\\\/product\\\/platinum-wedding-ring-band-traditional-court-5mm-wide\\\/#primaryimage\"},\"image\":{\"@id\":\"https:\\\/\\\/www.purejewels.com\\\/product\\\/platinum-wedding-ring-band-traditional-court-5mm-wide\\\/#primaryimage\"},\"thumbnailUrl\":\"https:\\\/\\\/static.purejewels.com\\\/wp-content\\\/uploads\\\/2022\\\/01\\\/WG-PT-_-5mm-Court-_-Medium-Weight.jpg\",\"datePublished\":\"2022-01-24T10:42:05+00:00\",\"dateModified\":\"2025-11-06T07:09:20+00:00\",\"description\":\"Thin Platinum Wedding Band in UK | Shop wide range of platinum jewellery at Purejewels.com | Hassle free delivery & easy returns.\",\"breadcrumb\":{\"@id\":\"https:\\\/\\\/www.purejewels.com\\\/product\\\/platinum-wedding-ring-band-traditional-court-5mm-wide\\\/#breadcrumb\"},\"inLanguage\":\"de\",\"potentialAction\":[{\"@type\":\"ReadAction\",\"target\":[\"https:\\\/\\\/www.purejewels.com\\\/product\\\/platinum-wedding-ring-band-traditional-court-5mm-wide\\\/\"]}]},{\"@type\":\"ImageObject\",\"inLanguage\":\"de\",\"@id\":\"https:\\\/\\\/www.purejewels.com\\\/product\\\/platinum-wedding-ring-band-traditional-court-5mm-wide\\\/#primaryimage\",\"url\":\"https:\\\/\\\/static.purejewels.com\\\/wp-content\\\/uploads\\\/2022\\\/01\\\/WG-PT-_-5mm-Court-_-Medium-Weight.jpg\",\"contentUrl\":\"https:\\\/\\\/static.purejewels.com\\\/wp-content\\\/uploads\\\/2022\\\/01\\\/WG-PT-_-5mm-Court-_-Medium-Weight.jpg\",\"width\":1280,\"height\":910,\"caption\":\"WG, PT _ 5mm Court _ Medium Weight\"},{\"@type\":\"BreadcrumbList\",\"@id\":\"https:\\\/\\\/www.purejewels.com\\\/product\\\/platinum-wedding-ring-band-traditional-court-5mm-wide\\\/#breadcrumb\",\"itemListElement\":[{\"@type\":\"ListItem\",\"position\":1,\"name\":\"Home\",\"item\":\"https:\\\/\\\/www.purejewels.com\\\/\"},{\"@type\":\"ListItem\",\"position\":2,\"name\":\"Shop\",\"item\":\"https:\\\/\\\/www.purejewels.com\\\/shop\\\/\"},{\"@type\":\"ListItem\",\"position\":3,\"name\":\"Platinum Wedding Band | 5mm wide\"}]},{\"@type\":\"WebSite\",\"@id\":\"https:\\\/\\\/www.purejewels.com\\\/#website\",\"url\":\"https:\\\/\\\/www.purejewels.com\\\/\",\"name\":\"PureJewels UK\",\"description\":\"Share the Love\",\"publisher\":{\"@id\":\"https:\\\/\\\/www.purejewels.com\\\/#organization\"},\"potentialAction\":[{\"@type\":\"SearchAction\",\"target\":{\"@type\":\"EntryPoint\",\"urlTemplate\":\"https:\\\/\\\/www.purejewels.com\\\/?s={search_term_string}\"},\"query-input\":{\"@type\":\"PropertyValueSpecification\",\"valueRequired\":true,\"valueName\":\"search_term_string\"}}],\"inLanguage\":\"de\"},{\"@type\":\"Organization\",\"@id\":\"https:\\\/\\\/www.purejewels.com\\\/#organization\",\"name\":\"PureJewels UK\",\"url\":\"https:\\\/\\\/www.purejewels.com\\\/\",\"logo\":{\"@type\":\"ImageObject\",\"inLanguage\":\"de\",\"@id\":\"https:\\\/\\\/www.purejewels.com\\\/#\\\/schema\\\/logo\\\/image\\\/\",\"url\":\"https:\\\/\\\/static.purejewels.com\\\/wp-content\\\/uploads\\\/2020\\\/11\\\/Logo-PJ-New-1.png\",\"contentUrl\":\"https:\\\/\\\/static.purejewels.com\\\/wp-content\\\/uploads\\\/2020\\\/11\\\/Logo-PJ-New-1.png\",\"width\":150,\"height\":80,\"caption\":\"PureJewels UK\"},\"image\":{\"@id\":\"https:\\\/\\\/www.purejewels.com\\\/#\\\/schema\\\/logo\\\/image\\\/\"}}]}<\/script>\n<!-- \/ Yoast SEO plugin. -->","yoast_head_json":{"title":"Einfarbiges Platin Ehering | Online Shop in UK | PureJewels.com","description":"Thin Platinum Wedding Band in UK | Shop breite Palette von Platin-Schmuck auf Purejewels.com | Hassle free delivery &amp; easy returns.","robots":{"index":"index","follow":"follow","max-snippet":"max-snippet:-1","max-image-preview":"max-image-preview:large","max-video-preview":"max-video-preview:-1"},"canonical":"https:\/\/www.purejewels.com\/de\/produkt-2\/platin-ehering-band-traditionelles-gericht-5mm-breit\/","og_locale":"de_DE","og_type":"article","og_title":"Plain Platinum Wedding Band | Shop Online in UK | PureJewels.com","og_description":"Thin Platinum Wedding Band in UK | Shop wide range of platinum jewellery at Purejewels.com | Hassle free delivery & easy returns.","og_url":"https:\/\/www.purejewels.com\/de\/produkt-2\/platin-ehering-band-traditionelles-gericht-5mm-breit\/","og_site_name":"PureJewels UK","article_modified_time":"2025-11-06T07:09:20+00:00","og_image":[{"width":1280,"height":910,"url":"https:\/\/www.purejewels.com\/wp-content\/uploads\/2022\/01\/WG-PT-_-5mm-Court-_-Medium-Weight.jpg","type":"image\/jpeg"}],"twitter_card":"summary_large_image","twitter_misc":{"Gesch\u00e4tzte Lesezeit":"1\u00a0Minute"},"schema":{"@context":"https:\/\/schema.org","@graph":[{"@type":["WebPage","ItemPage"],"@id":"https:\/\/www.purejewels.com\/product\/platinum-wedding-ring-band-traditional-court-5mm-wide\/","url":"https:\/\/www.purejewels.com\/product\/platinum-wedding-ring-band-traditional-court-5mm-wide\/","name":"Einfarbiges Platin Ehering | Online Shop in UK | PureJewels.com","isPartOf":{"@id":"https:\/\/www.purejewels.com\/#website"},"primaryImageOfPage":{"@id":"https:\/\/www.purejewels.com\/product\/platinum-wedding-ring-band-traditional-court-5mm-wide\/#primaryimage"},"image":{"@id":"https:\/\/www.purejewels.com\/product\/platinum-wedding-ring-band-traditional-court-5mm-wide\/#primaryimage"},"thumbnailUrl":"https:\/\/static.purejewels.com\/wp-content\/uploads\/2022\/01\/WG-PT-_-5mm-Court-_-Medium-Weight.jpg","datePublished":"2022-01-24T10:42:05+00:00","dateModified":"2025-11-06T07:09:20+00:00","description":"Thin Platinum Wedding Band in UK | Shop breite Palette von Platin-Schmuck auf Purejewels.com | Hassle free delivery &amp; easy returns.","breadcrumb":{"@id":"https:\/\/www.purejewels.com\/product\/platinum-wedding-ring-band-traditional-court-5mm-wide\/#breadcrumb"},"inLanguage":"de","potentialAction":[{"@type":"ReadAction","target":["https:\/\/www.purejewels.com\/product\/platinum-wedding-ring-band-traditional-court-5mm-wide\/"]}]},{"@type":"ImageObject","inLanguage":"de","@id":"https:\/\/www.purejewels.com\/product\/platinum-wedding-ring-band-traditional-court-5mm-wide\/#primaryimage","url":"https:\/\/static.purejewels.com\/wp-content\/uploads\/2022\/01\/WG-PT-_-5mm-Court-_-Medium-Weight.jpg","contentUrl":"https:\/\/static.purejewels.com\/wp-content\/uploads\/2022\/01\/WG-PT-_-5mm-Court-_-Medium-Weight.jpg","width":1280,"height":910,"caption":"WG, PT _ 5mm Court _ Medium Weight"},{"@type":"BreadcrumbList","@id":"https:\/\/www.purejewels.com\/product\/platinum-wedding-ring-band-traditional-court-5mm-wide\/#breadcrumb","itemListElement":[{"@type":"ListItem","position":1,"name":"Home","item":"https:\/\/www.purejewels.com\/"},{"@type":"ListItem","position":2,"name":"Shop","item":"https:\/\/www.purejewels.com\/shop\/"},{"@type":"ListItem","position":3,"name":"Platinum Wedding Band | 5mm wide"}]},{"@type":"WebSite","@id":"https:\/\/www.purejewels.com\/#website","url":"https:\/\/www.purejewels.com\/","name":"PureJewels UK","description":"Teile die Liebe","publisher":{"@id":"https:\/\/www.purejewels.com\/#organization"},"potentialAction":[{"@type":"SearchAction","target":{"@type":"EntryPoint","urlTemplate":"https:\/\/www.purejewels.com\/?s={search_term_string}"},"query-input":{"@type":"PropertyValueSpecification","valueRequired":true,"valueName":"search_term_string"}}],"inLanguage":"de"},{"@type":"Organization","@id":"https:\/\/www.purejewels.com\/#organization","name":"PureJewels UK","url":"https:\/\/www.purejewels.com\/","logo":{"@type":"ImageObject","inLanguage":"de","@id":"https:\/\/www.purejewels.com\/#\/schema\/logo\/image\/","url":"https:\/\/static.purejewels.com\/wp-content\/uploads\/2020\/11\/Logo-PJ-New-1.png","contentUrl":"https:\/\/static.purejewels.com\/wp-content\/uploads\/2020\/11\/Logo-PJ-New-1.png","width":150,"height":80,"caption":"PureJewels UK"},"image":{"@id":"https:\/\/www.purejewels.com\/#\/schema\/logo\/image\/"}}]}},"_links":{"self":[{"href":"https:\/\/www.purejewels.com\/de\/wp-json\/wp\/v2\/product\/332445","targetHints":{"allow":["GET"]}}],"collection":[{"href":"https:\/\/www.purejewels.com\/de\/wp-json\/wp\/v2\/product"}],"about":[{"href":"https:\/\/www.purejewels.com\/de\/wp-json\/wp\/v2\/types\/product"}],"replies":[{"embeddable":true,"href":"https:\/\/www.purejewels.com\/de\/wp-json\/wp\/v2\/comments?post=332445"}],"version-history":[{"count":4,"href":"https:\/\/www.purejewels.com\/de\/wp-json\/wp\/v2\/product\/332445\/revisions"}],"predecessor-version":[{"id":420343,"href":"https:\/\/www.purejewels.com\/de\/wp-json\/wp\/v2\/product\/332445\/revisions\/420343"}],"wp:featuredmedia":[{"embeddable":true,"href":"https:\/\/www.purejewels.com\/de\/wp-json\/wp\/v2\/media\/331903"}],"wp:attachment":[{"href":"https:\/\/www.purejewels.com\/de\/wp-json\/wp\/v2\/media?parent=332445"}],"wp:term":[{"taxonomy":"product_brand","embeddable":true,"href":"https:\/\/www.purejewels.com\/de\/wp-json\/wp\/v2\/product_brand?post=332445"},{"taxonomy":"product_cat","embeddable":true,"href":"https:\/\/www.purejewels.com\/de\/wp-json\/wp\/v2\/product_cat?post=332445"},{"taxonomy":"product_tag","embeddable":true,"href":"https:\/\/www.purejewels.com\/de\/wp-json\/wp\/v2\/product_tag?post=332445"}],"curies":[{"name":"wp","href":"https:\/\/api.w.org\/{rel}","templated":true}]}}