{"id":333241,"date":"2022-01-25T13:40:41","date_gmt":"2022-01-25T13:40:41","guid":{"rendered":"https:\/\/www.purejewels.com\/?post_type=product&#038;p=333241"},"modified":"2025-11-12T05:54:34","modified_gmt":"2025-11-12T05:54:34","slug":"18ct-gelbgold-ehering-band-traditionell-gericht-4-5mm-breit","status":"publish","type":"product","link":"https:\/\/www.purejewels.com\/de\/product\/18ct-yellow-gold-wedding-ring-band-traditional-court-4-5mm-wide\/","title":{"rendered":"18ct Gelbgold | Ehering Band | 4.5mm breit"},"content":{"rendered":"<p>Machen Sie Ihren besonderen Tag noch unvergesslicher mit diesem atemberaubenden Ehering aus 18 Karat Gelbgold. Dieses zeitlose St\u00fcck wurde mit Pr\u00e4zision und Sorgfalt gefertigt und ist das perfekte Symbol f\u00fcr Ihre Liebe und Ihr Engagement. Die Breite von 4,5 mm verleiht dem Design einen Hauch von Eleganz und Raffinesse und macht ihn zu einer wirklich einzigartigen und auff\u00e4lligen Wahl f\u00fcr Ihren Hochzeitstag.<\/p>\n<p>Jeder Ring wird auf Bestellung gefertigt, damit er perfekt auf Ihren Finger passt. W\u00e4hlen Sie aus einer Reihe von Gr\u00f6\u00dfen und Breiten, um den idealen Ring f\u00fcr Sie zu finden. Die <a href=\"https:\/\/www.purejewels.com\/de\/product\/18ct-white-gold-khanda-sikh-religious-pendant-6226\/\">18ct<\/a> Die Goldpunze des London Assay Office garantiert die Qualit\u00e4t und Echtheit des Metalls und gibt Ihnen die Gewissheit, dass Sie in ein hochwertiges Schmuckst\u00fcck investieren.<\/p>\n<p>Dieser Ehering wird in einer sch\u00f6nen Pr\u00e4sentationsbox geliefert und ist somit das perfekte Geschenk f\u00fcr Ihre Liebsten. Z\u00f6gern Sie nicht, uns f\u00fcr weitere Informationen oder eine schnellere Lieferung zu kontaktieren.<\/p>","protected":false},"excerpt":{"rendered":"<table class=\"sh_desc\">\n<tbody>\n<tr>\n<td>Typ des Rings<\/td>\n<td>Hochzeitsband<\/td>\n<\/tr>\n<tr>\n<td>Metall<\/td>\n<td>Gelbgold<\/td>\n<\/tr>\n<tr>\n<td>Dicke<\/td>\n<td>4,5 mm<\/td>\n<\/tr>\n<tr>\n<td>Gr\u00f6\u00dfe<\/td>\n<td>Kann in verschiedenen Gr\u00f6\u00dfen und Breiten hergestellt werden<\/td>\n<\/tr>\n<tr>\n<td>Wahrzeichen<\/td>\n<td>18ct Gold gestempelt von London Assay Office<\/td>\n<\/tr>\n<tr>\n<td>Entgelte<\/td>\n<td>Lieferung und Mehrwertsteuer inbegriffen<\/td>\n<\/tr>\n<tr>\n<td>Verpackung<\/td>\n<td>Mit Pr\u00e4sentationsbox<\/td>\n<\/tr>\n<tr>\n<td>Mehr Informationen<\/td>\n<td>\n<ul>\n<li>Live-Chat mit uns f\u00fcr Verf\u00fcgbarkeit und mehr Bilder<\/li>\n<li>Die Lieferung kann bis zu vier Wochen dauern.<\/li>\n<\/ul>\n<\/td>\n<\/tr>\n<\/tbody>\n<\/table>","protected":false},"featured_media":333325,"comment_status":"closed","ping_status":"closed","template":"","meta":{"_eb_attr":"","_crsspst_to_jayantr4sg-hostcom":false},"product_brand":[],"product_cat":[5679,5296,229,226],"product_tag":[],"class_list":{"0":"post-333241","1":"product","2":"type-product","3":"status-publish","4":"has-post-thumbnail","6":"product_cat-18ct-gold-jewellery","7":"product_cat-18ct-wedding-bands","8":"product_cat-wedding-bands","9":"product_cat-wedding-rings-bands","11":"first","12":"onbackorder","13":"taxable","14":"shipping-taxable","15":"product-type-simple","16":"add-to-wishlist-before_image"},"yoast_head":"<!-- This site is optimized with the Yoast SEO plugin v27.3 - https:\/\/yoast.com\/product\/yoast-seo-wordpress\/ -->\n<title>Wedding Ring Band in 18ct Yellow Gold<\/title>\n<meta name=\"description\" content=\"This 18ct Yellow Gold Wedding Ring Band is 4.5mm wide and can be made in various sizes and widths\" \/>\n<meta name=\"robots\" content=\"index, follow, max-snippet:-1, max-image-preview:large, max-video-preview:-1\" \/>\n<link rel=\"canonical\" href=\"https:\/\/www.purejewels.com\/de\/produkt-2\/18ct-gelbgold-ehering-band-traditionell-gericht-4-5mm-breit\/\" \/>\n<meta property=\"og:locale\" content=\"de_DE\" \/>\n<meta property=\"og:type\" content=\"article\" \/>\n<meta property=\"og:title\" content=\"Wedding Ring Band in 18ct Yellow Gold\" \/>\n<meta property=\"og:description\" content=\"This 18ct Yellow Gold Wedding Ring Band is 4.5mm wide and can be made in various sizes and widths\" \/>\n<meta property=\"og:url\" content=\"https:\/\/www.purejewels.com\/de\/produkt-2\/18ct-gelbgold-ehering-band-traditionell-gericht-4-5mm-breit\/\" \/>\n<meta property=\"og:site_name\" content=\"PureJewels UK\" \/>\n<meta property=\"article:modified_time\" content=\"2025-11-12T05:54:34+00:00\" \/>\n<meta property=\"og:image\" content=\"https:\/\/www.purejewels.com\/wp-content\/uploads\/2022\/01\/YG-_-4mm-Court-_-Medium-Weight-2.jpg\" \/>\n\t<meta property=\"og:image:width\" content=\"1280\" \/>\n\t<meta property=\"og:image:height\" content=\"910\" \/>\n\t<meta property=\"og:image:type\" content=\"image\/jpeg\" \/>\n<meta name=\"twitter:card\" content=\"summary_large_image\" \/>\n<meta name=\"twitter:label1\" content=\"Gesch\u00e4tzte Lesezeit\" \/>\n\t<meta name=\"twitter:data1\" content=\"1\u00a0Minute\" \/>\n<script type=\"application\/ld+json\" class=\"yoast-schema-graph\">{\"@context\":\"https:\\\/\\\/schema.org\",\"@graph\":[{\"@type\":[\"WebPage\",\"ItemPage\"],\"@id\":\"https:\\\/\\\/www.purejewels.com\\\/product\\\/18ct-yellow-gold-wedding-ring-band-traditional-court-4-5mm-wide\\\/\",\"url\":\"https:\\\/\\\/www.purejewels.com\\\/product\\\/18ct-yellow-gold-wedding-ring-band-traditional-court-4-5mm-wide\\\/\",\"name\":\"Wedding Ring Band in 18ct Yellow Gold\",\"isPartOf\":{\"@id\":\"https:\\\/\\\/www.purejewels.com\\\/#website\"},\"primaryImageOfPage\":{\"@id\":\"https:\\\/\\\/www.purejewels.com\\\/product\\\/18ct-yellow-gold-wedding-ring-band-traditional-court-4-5mm-wide\\\/#primaryimage\"},\"image\":{\"@id\":\"https:\\\/\\\/www.purejewels.com\\\/product\\\/18ct-yellow-gold-wedding-ring-band-traditional-court-4-5mm-wide\\\/#primaryimage\"},\"thumbnailUrl\":\"https:\\\/\\\/static.purejewels.com\\\/wp-content\\\/uploads\\\/2022\\\/01\\\/YG-_-4mm-Court-_-Medium-Weight-2.jpg\",\"datePublished\":\"2022-01-25T13:40:41+00:00\",\"dateModified\":\"2025-11-12T05:54:34+00:00\",\"description\":\"This 18ct Yellow Gold Wedding Ring Band is 4.5mm wide and can be made in various sizes and widths\",\"breadcrumb\":{\"@id\":\"https:\\\/\\\/www.purejewels.com\\\/product\\\/18ct-yellow-gold-wedding-ring-band-traditional-court-4-5mm-wide\\\/#breadcrumb\"},\"inLanguage\":\"de\",\"potentialAction\":[{\"@type\":\"ReadAction\",\"target\":[\"https:\\\/\\\/www.purejewels.com\\\/product\\\/18ct-yellow-gold-wedding-ring-band-traditional-court-4-5mm-wide\\\/\"]}]},{\"@type\":\"ImageObject\",\"inLanguage\":\"de\",\"@id\":\"https:\\\/\\\/www.purejewels.com\\\/product\\\/18ct-yellow-gold-wedding-ring-band-traditional-court-4-5mm-wide\\\/#primaryimage\",\"url\":\"https:\\\/\\\/static.purejewels.com\\\/wp-content\\\/uploads\\\/2022\\\/01\\\/YG-_-4mm-Court-_-Medium-Weight-2.jpg\",\"contentUrl\":\"https:\\\/\\\/static.purejewels.com\\\/wp-content\\\/uploads\\\/2022\\\/01\\\/YG-_-4mm-Court-_-Medium-Weight-2.jpg\",\"width\":1280,\"height\":910,\"caption\":\"18ct Yellow Gold | Wedding Ring Band | Traditional Court | 4.5mm wide\"},{\"@type\":\"BreadcrumbList\",\"@id\":\"https:\\\/\\\/www.purejewels.com\\\/product\\\/18ct-yellow-gold-wedding-ring-band-traditional-court-4-5mm-wide\\\/#breadcrumb\",\"itemListElement\":[{\"@type\":\"ListItem\",\"position\":1,\"name\":\"Home\",\"item\":\"https:\\\/\\\/www.purejewels.com\\\/\"},{\"@type\":\"ListItem\",\"position\":2,\"name\":\"Shop\",\"item\":\"https:\\\/\\\/www.purejewels.com\\\/shop\\\/\"},{\"@type\":\"ListItem\",\"position\":3,\"name\":\"18ct Yellow Gold | Wedding Ring Band | 4.5mm wide\"}]},{\"@type\":\"WebSite\",\"@id\":\"https:\\\/\\\/www.purejewels.com\\\/#website\",\"url\":\"https:\\\/\\\/www.purejewels.com\\\/\",\"name\":\"PureJewels UK\",\"description\":\"Share the Love\",\"publisher\":{\"@id\":\"https:\\\/\\\/www.purejewels.com\\\/#organization\"},\"potentialAction\":[{\"@type\":\"SearchAction\",\"target\":{\"@type\":\"EntryPoint\",\"urlTemplate\":\"https:\\\/\\\/www.purejewels.com\\\/?s={search_term_string}\"},\"query-input\":{\"@type\":\"PropertyValueSpecification\",\"valueRequired\":true,\"valueName\":\"search_term_string\"}}],\"inLanguage\":\"de\"},{\"@type\":\"Organization\",\"@id\":\"https:\\\/\\\/www.purejewels.com\\\/#organization\",\"name\":\"PureJewels UK\",\"url\":\"https:\\\/\\\/www.purejewels.com\\\/\",\"logo\":{\"@type\":\"ImageObject\",\"inLanguage\":\"de\",\"@id\":\"https:\\\/\\\/www.purejewels.com\\\/#\\\/schema\\\/logo\\\/image\\\/\",\"url\":\"https:\\\/\\\/static.purejewels.com\\\/wp-content\\\/uploads\\\/2020\\\/11\\\/Logo-PJ-New-1.png\",\"contentUrl\":\"https:\\\/\\\/static.purejewels.com\\\/wp-content\\\/uploads\\\/2020\\\/11\\\/Logo-PJ-New-1.png\",\"width\":150,\"height\":80,\"caption\":\"PureJewels UK\"},\"image\":{\"@id\":\"https:\\\/\\\/www.purejewels.com\\\/#\\\/schema\\\/logo\\\/image\\\/\"}}]}<\/script>\n<!-- \/ Yoast SEO plugin. -->","yoast_head_json":{"title":"Ehering Band aus 18 Karat Gelbgold","description":"Diese 18ct Gelbgold Ehering Band ist 4,5 mm breit und kann in verschiedenen Gr\u00f6\u00dfen und Breiten gemacht werden","robots":{"index":"index","follow":"follow","max-snippet":"max-snippet:-1","max-image-preview":"max-image-preview:large","max-video-preview":"max-video-preview:-1"},"canonical":"https:\/\/www.purejewels.com\/de\/produkt-2\/18ct-gelbgold-ehering-band-traditionell-gericht-4-5mm-breit\/","og_locale":"de_DE","og_type":"article","og_title":"Wedding Ring Band in 18ct Yellow Gold","og_description":"This 18ct Yellow Gold Wedding Ring Band is 4.5mm wide and can be made in various sizes and widths","og_url":"https:\/\/www.purejewels.com\/de\/produkt-2\/18ct-gelbgold-ehering-band-traditionell-gericht-4-5mm-breit\/","og_site_name":"PureJewels UK","article_modified_time":"2025-11-12T05:54:34+00:00","og_image":[{"width":1280,"height":910,"url":"https:\/\/www.purejewels.com\/wp-content\/uploads\/2022\/01\/YG-_-4mm-Court-_-Medium-Weight-2.jpg","type":"image\/jpeg"}],"twitter_card":"summary_large_image","twitter_misc":{"Gesch\u00e4tzte Lesezeit":"1\u00a0Minute"},"schema":{"@context":"https:\/\/schema.org","@graph":[{"@type":["WebPage","ItemPage"],"@id":"https:\/\/www.purejewels.com\/product\/18ct-yellow-gold-wedding-ring-band-traditional-court-4-5mm-wide\/","url":"https:\/\/www.purejewels.com\/product\/18ct-yellow-gold-wedding-ring-band-traditional-court-4-5mm-wide\/","name":"Ehering Band aus 18 Karat Gelbgold","isPartOf":{"@id":"https:\/\/www.purejewels.com\/#website"},"primaryImageOfPage":{"@id":"https:\/\/www.purejewels.com\/product\/18ct-yellow-gold-wedding-ring-band-traditional-court-4-5mm-wide\/#primaryimage"},"image":{"@id":"https:\/\/www.purejewels.com\/product\/18ct-yellow-gold-wedding-ring-band-traditional-court-4-5mm-wide\/#primaryimage"},"thumbnailUrl":"https:\/\/static.purejewels.com\/wp-content\/uploads\/2022\/01\/YG-_-4mm-Court-_-Medium-Weight-2.jpg","datePublished":"2022-01-25T13:40:41+00:00","dateModified":"2025-11-12T05:54:34+00:00","description":"Diese 18ct Gelbgold Ehering Band ist 4,5 mm breit und kann in verschiedenen Gr\u00f6\u00dfen und Breiten gemacht werden","breadcrumb":{"@id":"https:\/\/www.purejewels.com\/product\/18ct-yellow-gold-wedding-ring-band-traditional-court-4-5mm-wide\/#breadcrumb"},"inLanguage":"de","potentialAction":[{"@type":"ReadAction","target":["https:\/\/www.purejewels.com\/product\/18ct-yellow-gold-wedding-ring-band-traditional-court-4-5mm-wide\/"]}]},{"@type":"ImageObject","inLanguage":"de","@id":"https:\/\/www.purejewels.com\/product\/18ct-yellow-gold-wedding-ring-band-traditional-court-4-5mm-wide\/#primaryimage","url":"https:\/\/static.purejewels.com\/wp-content\/uploads\/2022\/01\/YG-_-4mm-Court-_-Medium-Weight-2.jpg","contentUrl":"https:\/\/static.purejewels.com\/wp-content\/uploads\/2022\/01\/YG-_-4mm-Court-_-Medium-Weight-2.jpg","width":1280,"height":910,"caption":"18ct Yellow Gold | Wedding Ring Band | Traditional Court | 4.5mm wide"},{"@type":"BreadcrumbList","@id":"https:\/\/www.purejewels.com\/product\/18ct-yellow-gold-wedding-ring-band-traditional-court-4-5mm-wide\/#breadcrumb","itemListElement":[{"@type":"ListItem","position":1,"name":"Home","item":"https:\/\/www.purejewels.com\/"},{"@type":"ListItem","position":2,"name":"Shop","item":"https:\/\/www.purejewels.com\/shop\/"},{"@type":"ListItem","position":3,"name":"18ct Yellow Gold | Wedding Ring Band | 4.5mm wide"}]},{"@type":"WebSite","@id":"https:\/\/www.purejewels.com\/#website","url":"https:\/\/www.purejewels.com\/","name":"PureJewels UK","description":"Teile die Liebe","publisher":{"@id":"https:\/\/www.purejewels.com\/#organization"},"potentialAction":[{"@type":"SearchAction","target":{"@type":"EntryPoint","urlTemplate":"https:\/\/www.purejewels.com\/?s={search_term_string}"},"query-input":{"@type":"PropertyValueSpecification","valueRequired":true,"valueName":"search_term_string"}}],"inLanguage":"de"},{"@type":"Organization","@id":"https:\/\/www.purejewels.com\/#organization","name":"PureJewels UK","url":"https:\/\/www.purejewels.com\/","logo":{"@type":"ImageObject","inLanguage":"de","@id":"https:\/\/www.purejewels.com\/#\/schema\/logo\/image\/","url":"https:\/\/static.purejewels.com\/wp-content\/uploads\/2020\/11\/Logo-PJ-New-1.png","contentUrl":"https:\/\/static.purejewels.com\/wp-content\/uploads\/2020\/11\/Logo-PJ-New-1.png","width":150,"height":80,"caption":"PureJewels UK"},"image":{"@id":"https:\/\/www.purejewels.com\/#\/schema\/logo\/image\/"}}]}},"_links":{"self":[{"href":"https:\/\/www.purejewels.com\/de\/wp-json\/wp\/v2\/product\/333241","targetHints":{"allow":["GET"]}}],"collection":[{"href":"https:\/\/www.purejewels.com\/de\/wp-json\/wp\/v2\/product"}],"about":[{"href":"https:\/\/www.purejewels.com\/de\/wp-json\/wp\/v2\/types\/product"}],"replies":[{"embeddable":true,"href":"https:\/\/www.purejewels.com\/de\/wp-json\/wp\/v2\/comments?post=333241"}],"version-history":[{"count":3,"href":"https:\/\/www.purejewels.com\/de\/wp-json\/wp\/v2\/product\/333241\/revisions"}],"predecessor-version":[{"id":420837,"href":"https:\/\/www.purejewels.com\/de\/wp-json\/wp\/v2\/product\/333241\/revisions\/420837"}],"wp:featuredmedia":[{"embeddable":true,"href":"https:\/\/www.purejewels.com\/de\/wp-json\/wp\/v2\/media\/333325"}],"wp:attachment":[{"href":"https:\/\/www.purejewels.com\/de\/wp-json\/wp\/v2\/media?parent=333241"}],"wp:term":[{"taxonomy":"product_brand","embeddable":true,"href":"https:\/\/www.purejewels.com\/de\/wp-json\/wp\/v2\/product_brand?post=333241"},{"taxonomy":"product_cat","embeddable":true,"href":"https:\/\/www.purejewels.com\/de\/wp-json\/wp\/v2\/product_cat?post=333241"},{"taxonomy":"product_tag","embeddable":true,"href":"https:\/\/www.purejewels.com\/de\/wp-json\/wp\/v2\/product_tag?post=333241"}],"curies":[{"name":"wp","href":"https:\/\/api.w.org\/{rel}","templated":true}]}}