{"id":333656,"date":"2024-02-25T11:07:25","date_gmt":"2024-02-25T11:07:25","guid":{"rendered":"https:\/\/www.purejewels.com\/?post_type=product&#038;p=333656"},"modified":"2026-04-27T10:18:18","modified_gmt":"2026-04-27T09:18:18","slug":"anhanger-mit-initialen-m-52078","status":"publish","type":"product","link":"https:\/\/www.purejewels.com\/de\/product\/initial-m-pendant-52078\/","title":{"rendered":"22ct Gold Alphabet M Anh\u00e4nger"},"content":{"rendered":"<p>Diese <a href=\"https:\/\/www.purejewels.com\/de\/product\/22ct-gold-jali-filigree-ring-jali-collection-31926\/\">22ct<\/a> Der goldene Alphabet-Anh\u00e4nger \"M\" ist ein charmantes Schmuckst\u00fcck f\u00fcr Kinder und Frauen. Er ist aus strahlendem Gelbgold gefertigt und besticht durch sein klares und klassisches Design, das sich perfekt f\u00fcr den t\u00e4glichen Gebrauch oder als Geschenk eignet. Eine zeitlose M\u00f6glichkeit, Ihren Schmuck mit einer bedeutungsvollen Initiale zu personalisieren.<\/p>","protected":false},"excerpt":{"rendered":"<p>Zelebrieren Sie Ihre Identit\u00e4t mit diesem eleganten 22ct Gold Initial M Anh\u00e4nger von PureJewels UK. Gefertigt in reichem Gelbgold, macht es ein durchdachtes Geschenk oder ein stilvolles pers\u00f6nliches Accessoire f\u00fcr den Alltag tragen.<\/p>\n<p><strong>Material:<\/strong>\u00a022ct Gold<strong><br \/>\nWahrzeichen:\u00a0<\/strong>Britisches G\u00fctesiegel<strong><br \/>\n<\/strong><strong>Bruttogewicht:\u00a0<\/strong>1,70 Gramm<strong><br \/>\nSKU: <\/strong>52078<\/p>\n<p><strong>Preis und Lieferung<\/strong>:Inklusive Mehrwertsteuer und Lieferkosten<br \/>\n<strong>Hinweis<\/strong>: Die Kette ist nicht enthalten<\/p>\n<p><a href=\"https:\/\/www.purejewels.com\/de\/ruckgabepolitik\/\">R\u00fcckgabepolitik<\/a><\/p>","protected":false},"featured_media":400763,"comment_status":"closed","ping_status":"closed","template":"","meta":{"_eb_attr":"","_crsspst_to_jayantr4sg-hostcom":true},"product_brand":[],"product_cat":[1559,1576,1794,1793,1229,1255,5598,5343,5943,1769,1768,1570,5338,1575,1574,5349],"product_tag":[],"class_list":{"0":"post-333656","1":"product","2":"type-product","3":"status-publish","4":"has-post-thumbnail","6":"product_cat-birthday-gifts","7":"product_cat-childrens-jewellery","8":"product_cat-christmas-gifts","9":"product_cat-diwali-gifts","10":"product_cat-22ct-gold-jewellery","11":"product_cat-gold-pendants","12":"product_cat-initial-pendant","13":"product_cat-jewellery-under-550","14":"product_cat-kids-jewellery","15":"product_cat-kids-pendants","16":"product_cat-mens-pendants","17":"product_cat-mothers-day-gifts","18":"product_cat-shop-by-price","19":"product_cat-teenage-jewellery","20":"product_cat-womens-jewellery","21":"product_cat-yellow-gold-jewellery","23":"first","24":"instock","25":"taxable","26":"shipping-taxable","27":"purchasable","28":"product-type-simple","29":"add-to-wishlist-before_image"},"yoast_head":"<!-- This site is optimized with the Yoast SEO plugin v27.5 - https:\/\/yoast.com\/product\/yoast-seo-wordpress\/ -->\n<title>Buy Initial M Pendant in 22ct yellow Gold from PureJewels<\/title>\n<meta name=\"description\" content=\"Explore our unique range of Initial Pendant Jewellery. Shop Initial M Pendant in 22ct yellow gold from PureJewels UK\" \/>\n<meta name=\"robots\" content=\"index, follow, max-snippet:-1, max-image-preview:large, max-video-preview:-1\" \/>\n<link rel=\"canonical\" href=\"https:\/\/www.purejewels.com\/de\/produkt-2\/anhanger-mit-initialen-m-52078\/\" \/>\n<meta property=\"og:locale\" content=\"de_DE\" \/>\n<meta property=\"og:type\" content=\"article\" \/>\n<meta property=\"og:title\" content=\"Buy Initial M Pendant in 22ct yellow Gold from PureJewels\" \/>\n<meta property=\"og:description\" content=\"Explore our unique range of Initial Pendant Jewellery. Shop Initial M Pendant in 22ct yellow gold from PureJewels UK\" \/>\n<meta property=\"og:url\" content=\"https:\/\/www.purejewels.com\/de\/produkt-2\/anhanger-mit-initialen-m-52078\/\" \/>\n<meta property=\"og:site_name\" content=\"PureJewels UK\" \/>\n<meta property=\"article:modified_time\" content=\"2026-04-27T09:18:18+00:00\" \/>\n<meta property=\"og:image\" content=\"https:\/\/static.purejewels.com\/wp-content\/uploads\/2024\/02\/SKU-52078.png\" \/>\n\t<meta property=\"og:image:width\" content=\"1000\" \/>\n\t<meta property=\"og:image:height\" content=\"1000\" \/>\n\t<meta property=\"og:image:type\" content=\"image\/png\" \/>\n<meta name=\"twitter:card\" content=\"summary_large_image\" \/>\n<meta name=\"twitter:label1\" content=\"Gesch\u00e4tzte Lesezeit\" \/>\n\t<meta name=\"twitter:data1\" content=\"1\u00a0Minute\" \/>\n<script type=\"application\/ld+json\" class=\"yoast-schema-graph\">{\"@context\":\"https:\\\/\\\/schema.org\",\"@graph\":[{\"@type\":[\"WebPage\",\"ItemPage\"],\"@id\":\"https:\\\/\\\/www.purejewels.com\\\/product\\\/initial-m-pendant-52078\\\/\",\"url\":\"https:\\\/\\\/www.purejewels.com\\\/product\\\/initial-m-pendant-52078\\\/\",\"name\":\"Buy Initial M Pendant in 22ct yellow Gold from PureJewels\",\"isPartOf\":{\"@id\":\"https:\\\/\\\/www.purejewels.com\\\/#website\"},\"primaryImageOfPage\":{\"@id\":\"https:\\\/\\\/www.purejewels.com\\\/product\\\/initial-m-pendant-52078\\\/#primaryimage\"},\"image\":{\"@id\":\"https:\\\/\\\/www.purejewels.com\\\/product\\\/initial-m-pendant-52078\\\/#primaryimage\"},\"thumbnailUrl\":\"https:\\\/\\\/static.purejewels.com\\\/wp-content\\\/uploads\\\/2024\\\/02\\\/SKU-52078.png\",\"datePublished\":\"2024-02-25T11:07:25+00:00\",\"dateModified\":\"2026-04-27T09:18:18+00:00\",\"description\":\"Explore our unique range of Initial Pendant Jewellery. Shop Initial M Pendant in 22ct yellow gold from PureJewels UK\",\"breadcrumb\":{\"@id\":\"https:\\\/\\\/www.purejewels.com\\\/product\\\/initial-m-pendant-52078\\\/#breadcrumb\"},\"inLanguage\":\"de\",\"potentialAction\":[{\"@type\":\"ReadAction\",\"target\":[\"https:\\\/\\\/www.purejewels.com\\\/product\\\/initial-m-pendant-52078\\\/\"]}]},{\"@type\":\"ImageObject\",\"inLanguage\":\"de\",\"@id\":\"https:\\\/\\\/www.purejewels.com\\\/product\\\/initial-m-pendant-52078\\\/#primaryimage\",\"url\":\"https:\\\/\\\/static.purejewels.com\\\/wp-content\\\/uploads\\\/2024\\\/02\\\/SKU-52078.png\",\"contentUrl\":\"https:\\\/\\\/static.purejewels.com\\\/wp-content\\\/uploads\\\/2024\\\/02\\\/SKU-52078.png\",\"width\":1000,\"height\":1000,\"caption\":\"Initial M Pendant\"},{\"@type\":\"BreadcrumbList\",\"@id\":\"https:\\\/\\\/www.purejewels.com\\\/product\\\/initial-m-pendant-52078\\\/#breadcrumb\",\"itemListElement\":[{\"@type\":\"ListItem\",\"position\":1,\"name\":\"Home\",\"item\":\"https:\\\/\\\/www.purejewels.com\\\/\"},{\"@type\":\"ListItem\",\"position\":2,\"name\":\"Shop\",\"item\":\"https:\\\/\\\/www.purejewels.com\\\/shop\\\/\"},{\"@type\":\"ListItem\",\"position\":3,\"name\":\"22ct Gold Alphabet M Pendant\"}]},{\"@type\":\"WebSite\",\"@id\":\"https:\\\/\\\/www.purejewels.com\\\/#website\",\"url\":\"https:\\\/\\\/www.purejewels.com\\\/\",\"name\":\"PureJewels UK\",\"description\":\"Share the Love\",\"publisher\":{\"@id\":\"https:\\\/\\\/www.purejewels.com\\\/#organization\"},\"potentialAction\":[{\"@type\":\"SearchAction\",\"target\":{\"@type\":\"EntryPoint\",\"urlTemplate\":\"https:\\\/\\\/www.purejewels.com\\\/?s={search_term_string}\"},\"query-input\":{\"@type\":\"PropertyValueSpecification\",\"valueRequired\":true,\"valueName\":\"search_term_string\"}}],\"inLanguage\":\"de\"},{\"@type\":\"Organization\",\"@id\":\"https:\\\/\\\/www.purejewels.com\\\/#organization\",\"name\":\"PureJewels UK\",\"url\":\"https:\\\/\\\/www.purejewels.com\\\/\",\"logo\":{\"@type\":\"ImageObject\",\"inLanguage\":\"de\",\"@id\":\"https:\\\/\\\/www.purejewels.com\\\/#\\\/schema\\\/logo\\\/image\\\/\",\"url\":\"https:\\\/\\\/static.purejewels.com\\\/wp-content\\\/uploads\\\/2020\\\/11\\\/Logo-PJ-New-1.png\",\"contentUrl\":\"https:\\\/\\\/static.purejewels.com\\\/wp-content\\\/uploads\\\/2020\\\/11\\\/Logo-PJ-New-1.png\",\"width\":150,\"height\":80,\"caption\":\"PureJewels UK\"},\"image\":{\"@id\":\"https:\\\/\\\/www.purejewels.com\\\/#\\\/schema\\\/logo\\\/image\\\/\"}}]}<\/script>\n<!-- \/ Yoast SEO plugin. -->","yoast_head_json":{"title":"Initial M Anh\u00e4nger in 22ct Gelbgold von PureJewels kaufen","description":"Entdecken Sie unser einzigartiges Angebot an Initial-Anh\u00e4nger-Schmuck. Shop Initial M Anh\u00e4nger in 22ct Gelbgold von PureJewels UK","robots":{"index":"index","follow":"follow","max-snippet":"max-snippet:-1","max-image-preview":"max-image-preview:large","max-video-preview":"max-video-preview:-1"},"canonical":"https:\/\/www.purejewels.com\/de\/produkt-2\/anhanger-mit-initialen-m-52078\/","og_locale":"de_DE","og_type":"article","og_title":"Buy Initial M Pendant in 22ct yellow Gold from PureJewels","og_description":"Explore our unique range of Initial Pendant Jewellery. Shop Initial M Pendant in 22ct yellow gold from PureJewels UK","og_url":"https:\/\/www.purejewels.com\/de\/produkt-2\/anhanger-mit-initialen-m-52078\/","og_site_name":"PureJewels UK","article_modified_time":"2026-04-27T09:18:18+00:00","og_image":[{"width":1000,"height":1000,"url":"https:\/\/static.purejewels.com\/wp-content\/uploads\/2024\/02\/SKU-52078.png","type":"image\/png"}],"twitter_card":"summary_large_image","twitter_misc":{"Gesch\u00e4tzte Lesezeit":"1\u00a0Minute"},"schema":{"@context":"https:\/\/schema.org","@graph":[{"@type":["WebPage","ItemPage"],"@id":"https:\/\/www.purejewels.com\/product\/initial-m-pendant-52078\/","url":"https:\/\/www.purejewels.com\/product\/initial-m-pendant-52078\/","name":"Initial M Anh\u00e4nger in 22ct Gelbgold von PureJewels kaufen","isPartOf":{"@id":"https:\/\/www.purejewels.com\/#website"},"primaryImageOfPage":{"@id":"https:\/\/www.purejewels.com\/product\/initial-m-pendant-52078\/#primaryimage"},"image":{"@id":"https:\/\/www.purejewels.com\/product\/initial-m-pendant-52078\/#primaryimage"},"thumbnailUrl":"https:\/\/static.purejewels.com\/wp-content\/uploads\/2024\/02\/SKU-52078.png","datePublished":"2024-02-25T11:07:25+00:00","dateModified":"2026-04-27T09:18:18+00:00","description":"Entdecken Sie unser einzigartiges Angebot an Initial-Anh\u00e4nger-Schmuck. Shop Initial M Anh\u00e4nger in 22ct Gelbgold von PureJewels UK","breadcrumb":{"@id":"https:\/\/www.purejewels.com\/product\/initial-m-pendant-52078\/#breadcrumb"},"inLanguage":"de","potentialAction":[{"@type":"ReadAction","target":["https:\/\/www.purejewels.com\/product\/initial-m-pendant-52078\/"]}]},{"@type":"ImageObject","inLanguage":"de","@id":"https:\/\/www.purejewels.com\/product\/initial-m-pendant-52078\/#primaryimage","url":"https:\/\/static.purejewels.com\/wp-content\/uploads\/2024\/02\/SKU-52078.png","contentUrl":"https:\/\/static.purejewels.com\/wp-content\/uploads\/2024\/02\/SKU-52078.png","width":1000,"height":1000,"caption":"Initial M Pendant"},{"@type":"BreadcrumbList","@id":"https:\/\/www.purejewels.com\/product\/initial-m-pendant-52078\/#breadcrumb","itemListElement":[{"@type":"ListItem","position":1,"name":"Home","item":"https:\/\/www.purejewels.com\/"},{"@type":"ListItem","position":2,"name":"Shop","item":"https:\/\/www.purejewels.com\/shop\/"},{"@type":"ListItem","position":3,"name":"22ct Gold Alphabet M Pendant"}]},{"@type":"WebSite","@id":"https:\/\/www.purejewels.com\/#website","url":"https:\/\/www.purejewels.com\/","name":"PureJewels UK","description":"Teile die Liebe","publisher":{"@id":"https:\/\/www.purejewels.com\/#organization"},"potentialAction":[{"@type":"SearchAction","target":{"@type":"EntryPoint","urlTemplate":"https:\/\/www.purejewels.com\/?s={search_term_string}"},"query-input":{"@type":"PropertyValueSpecification","valueRequired":true,"valueName":"search_term_string"}}],"inLanguage":"de"},{"@type":"Organization","@id":"https:\/\/www.purejewels.com\/#organization","name":"PureJewels UK","url":"https:\/\/www.purejewels.com\/","logo":{"@type":"ImageObject","inLanguage":"de","@id":"https:\/\/www.purejewels.com\/#\/schema\/logo\/image\/","url":"https:\/\/static.purejewels.com\/wp-content\/uploads\/2020\/11\/Logo-PJ-New-1.png","contentUrl":"https:\/\/static.purejewels.com\/wp-content\/uploads\/2020\/11\/Logo-PJ-New-1.png","width":150,"height":80,"caption":"PureJewels UK"},"image":{"@id":"https:\/\/www.purejewels.com\/#\/schema\/logo\/image\/"}}]}},"_links":{"self":[{"href":"https:\/\/www.purejewels.com\/de\/wp-json\/wp\/v2\/product\/333656","targetHints":{"allow":["GET"]}}],"collection":[{"href":"https:\/\/www.purejewels.com\/de\/wp-json\/wp\/v2\/product"}],"about":[{"href":"https:\/\/www.purejewels.com\/de\/wp-json\/wp\/v2\/types\/product"}],"replies":[{"embeddable":true,"href":"https:\/\/www.purejewels.com\/de\/wp-json\/wp\/v2\/comments?post=333656"}],"version-history":[{"count":5,"href":"https:\/\/www.purejewels.com\/de\/wp-json\/wp\/v2\/product\/333656\/revisions"}],"predecessor-version":[{"id":401178,"href":"https:\/\/www.purejewels.com\/de\/wp-json\/wp\/v2\/product\/333656\/revisions\/401178"}],"wp:featuredmedia":[{"embeddable":true,"href":"https:\/\/www.purejewels.com\/de\/wp-json\/wp\/v2\/media\/400763"}],"wp:attachment":[{"href":"https:\/\/www.purejewels.com\/de\/wp-json\/wp\/v2\/media?parent=333656"}],"wp:term":[{"taxonomy":"product_brand","embeddable":true,"href":"https:\/\/www.purejewels.com\/de\/wp-json\/wp\/v2\/product_brand?post=333656"},{"taxonomy":"product_cat","embeddable":true,"href":"https:\/\/www.purejewels.com\/de\/wp-json\/wp\/v2\/product_cat?post=333656"},{"taxonomy":"product_tag","embeddable":true,"href":"https:\/\/www.purejewels.com\/de\/wp-json\/wp\/v2\/product_tag?post=333656"}],"curies":[{"name":"wp","href":"https:\/\/api.w.org\/{rel}","templated":true}]}}