{"id":333933,"date":"2022-02-07T06:57:48","date_gmt":"2022-02-07T06:57:48","guid":{"rendered":"https:\/\/www.purejewels.com\/?post_type=product&#038;p=333933"},"modified":"2026-01-19T10:25:09","modified_gmt":"2026-01-19T10:25:09","slug":"22kt-gelbgold-armreif-set-jali-kollektion-2-6-mittelschwer","status":"publish","type":"product","link":"https:\/\/www.purejewels.com\/de\/product\/22kt-yellow-gold-bangle-set-jali-collection-2-6-mediumweight\/","title":{"rendered":"22Kt Gelbgold Armreif Set | Jali Collection | 2.6 | Mittelschwer"},"content":{"rendered":"<p>SKU 41474<\/p>\n<p>SKU 41475<\/p>","protected":false},"excerpt":{"rendered":"<table class=\"sh_desc\">\n<tbody>\n<tr>\n<td>Art des Armreifs<\/td>\n<td>Brautschmuck Armreif<\/td>\n<\/tr>\n<tr>\n<td>Armreif 1<\/td>\n<td>\n<ul>\n<li>SKU 41474<\/li>\n<li>Wt. 19,1 Gramm<\/li>\n<\/ul>\n<\/td>\n<\/tr>\n<tr>\n<td>Armreif 2<\/td>\n<td>\n<ul>\n<li>SKU 41475<\/li>\n<li>Wt. 18,9 Gramm<\/li>\n<\/ul>\n<\/td>\n<\/tr>\n<tr>\n<td>Metall<\/td>\n<td>22ct Gold<\/td>\n<\/tr>\n<tr>\n<td>Armreif Gr\u00f6\u00dfe<\/td>\n<td>2.4 (Weitere Gr\u00f6\u00dfen bitte anfragen)<\/td>\n<\/tr>\n<tr>\n<td>Wahrzeichen<\/td>\n<td>22ct Gold gestempelt von London Assay Office<\/td>\n<\/tr>\n<tr>\n<td>Entgelte<\/td>\n<td>Lieferung und Mehrwertsteuer inbegriffen<\/td>\n<\/tr>\n<tr>\n<td>Verpackung<\/td>\n<td>Mit Pr\u00e4sentationsbox<\/td>\n<\/tr>\n<tr>\n<td>Mehr Informationen<\/td>\n<td>\n<ul>\n<li>Live-Chat mit uns f\u00fcr Verf\u00fcgbarkeit und mehr Bilder<\/li>\n<li>Hinweis: Der hier angegebene Preis gilt f\u00fcr ein Set mit zwei Armreifen.<\/li>\n<\/ul>\n<\/td>\n<\/tr>\n<\/tbody>\n<\/table>","protected":false},"featured_media":333927,"comment_status":"closed","ping_status":"closed","template":"","meta":{"_eb_attr":"","_crsspst_to_jayantr4sg-hostcom":true},"product_brand":[],"product_cat":[236,1233,252,1574],"product_tag":[],"class_list":{"0":"post-333933","1":"product","2":"type-product","3":"status-publish","4":"has-post-thumbnail","6":"product_cat-collections","7":"product_cat-gold-bangles","8":"product_cat-jali-collections","9":"product_cat-womens-jewellery","11":"first","12":"outofstock","13":"taxable","14":"shipping-taxable","15":"product-type-grouped","16":"add-to-wishlist-before_image"},"yoast_head":"<!-- This site is optimized with the Yoast SEO plugin v27.3 - https:\/\/yoast.com\/product\/yoast-seo-wordpress\/ -->\n<title>Filigree Bridal wear Bangle | Gold Bangles | PureJewels UK<\/title>\n<meta name=\"description\" content=\"Discover wide range of Bridal Gold Bangles at PureJewles UK. Free delivery across UK. Easy returns. Explore more on https:\/\/www.purejewels.com\/\" \/>\n<meta name=\"robots\" content=\"index, follow, max-snippet:-1, max-image-preview:large, max-video-preview:-1\" \/>\n<link rel=\"canonical\" href=\"https:\/\/www.purejewels.com\/de\/produkt-2\/22kt-gelbgold-armreif-set-jali-kollektion-2-6-mittelschwer\/\" \/>\n<meta property=\"og:locale\" content=\"de_DE\" \/>\n<meta property=\"og:type\" content=\"article\" \/>\n<meta property=\"og:title\" content=\"Filigree Bridal wear Bangle | Gold Bangles | PureJewels UK\" \/>\n<meta property=\"og:description\" content=\"Discover wide range of Bridal Gold Bangles at PureJewles UK. Free delivery across UK. Easy returns. Explore more on https:\/\/www.purejewels.com\/\" \/>\n<meta property=\"og:url\" content=\"https:\/\/www.purejewels.com\/de\/produkt-2\/22kt-gelbgold-armreif-set-jali-kollektion-2-6-mittelschwer\/\" \/>\n<meta property=\"og:site_name\" content=\"PureJewels UK\" \/>\n<meta property=\"article:modified_time\" content=\"2026-01-19T10:25:09+00:00\" \/>\n<meta property=\"og:image\" content=\"https:\/\/static.purejewels.com\/wp-content\/uploads\/2022\/02\/41474-41475-3.jpg\" \/>\n\t<meta property=\"og:image:width\" content=\"1000\" \/>\n\t<meta property=\"og:image:height\" content=\"1000\" \/>\n\t<meta property=\"og:image:type\" content=\"image\/jpeg\" \/>\n<meta name=\"twitter:card\" content=\"summary_large_image\" \/>\n<script type=\"application\/ld+json\" class=\"yoast-schema-graph\">{\"@context\":\"https:\\\/\\\/schema.org\",\"@graph\":[{\"@type\":[\"WebPage\",\"ItemPage\"],\"@id\":\"https:\\\/\\\/www.purejewels.com\\\/product\\\/22kt-yellow-gold-bangle-set-jali-collection-2-6-mediumweight\\\/\",\"url\":\"https:\\\/\\\/www.purejewels.com\\\/product\\\/22kt-yellow-gold-bangle-set-jali-collection-2-6-mediumweight\\\/\",\"name\":\"Filigree Bridal wear Bangle | Gold Bangles | PureJewels UK\",\"isPartOf\":{\"@id\":\"https:\\\/\\\/www.purejewels.com\\\/#website\"},\"primaryImageOfPage\":{\"@id\":\"https:\\\/\\\/www.purejewels.com\\\/product\\\/22kt-yellow-gold-bangle-set-jali-collection-2-6-mediumweight\\\/#primaryimage\"},\"image\":{\"@id\":\"https:\\\/\\\/www.purejewels.com\\\/product\\\/22kt-yellow-gold-bangle-set-jali-collection-2-6-mediumweight\\\/#primaryimage\"},\"thumbnailUrl\":\"https:\\\/\\\/static.purejewels.com\\\/wp-content\\\/uploads\\\/2022\\\/02\\\/41474-41475-3.jpg\",\"datePublished\":\"2022-02-07T06:57:48+00:00\",\"dateModified\":\"2026-01-19T10:25:09+00:00\",\"description\":\"Discover wide range of Bridal Gold Bangles at PureJewles UK. Free delivery across UK. Easy returns. Explore more on https:\\\/\\\/www.purejewels.com\\\/\",\"breadcrumb\":{\"@id\":\"https:\\\/\\\/www.purejewels.com\\\/product\\\/22kt-yellow-gold-bangle-set-jali-collection-2-6-mediumweight\\\/#breadcrumb\"},\"inLanguage\":\"de\",\"potentialAction\":[{\"@type\":\"ReadAction\",\"target\":[\"https:\\\/\\\/www.purejewels.com\\\/product\\\/22kt-yellow-gold-bangle-set-jali-collection-2-6-mediumweight\\\/\"]}]},{\"@type\":\"ImageObject\",\"inLanguage\":\"de\",\"@id\":\"https:\\\/\\\/www.purejewels.com\\\/product\\\/22kt-yellow-gold-bangle-set-jali-collection-2-6-mediumweight\\\/#primaryimage\",\"url\":\"https:\\\/\\\/static.purejewels.com\\\/wp-content\\\/uploads\\\/2022\\\/02\\\/41474-41475-3.jpg\",\"contentUrl\":\"https:\\\/\\\/static.purejewels.com\\\/wp-content\\\/uploads\\\/2022\\\/02\\\/41474-41475-3.jpg\",\"width\":1000,\"height\":1000,\"caption\":\"22ct Gold Bangle Set 41474-41475-3\"},{\"@type\":\"BreadcrumbList\",\"@id\":\"https:\\\/\\\/www.purejewels.com\\\/product\\\/22kt-yellow-gold-bangle-set-jali-collection-2-6-mediumweight\\\/#breadcrumb\",\"itemListElement\":[{\"@type\":\"ListItem\",\"position\":1,\"name\":\"Home\",\"item\":\"https:\\\/\\\/www.purejewels.com\\\/\"},{\"@type\":\"ListItem\",\"position\":2,\"name\":\"Shop\",\"item\":\"https:\\\/\\\/www.purejewels.com\\\/shop\\\/\"},{\"@type\":\"ListItem\",\"position\":3,\"name\":\"22Kt Yellow Gold Bangle Set | Jali Collection | 2.6 | Mediumweight\"}]},{\"@type\":\"WebSite\",\"@id\":\"https:\\\/\\\/www.purejewels.com\\\/#website\",\"url\":\"https:\\\/\\\/www.purejewels.com\\\/\",\"name\":\"PureJewels UK\",\"description\":\"Share the Love\",\"publisher\":{\"@id\":\"https:\\\/\\\/www.purejewels.com\\\/#organization\"},\"potentialAction\":[{\"@type\":\"SearchAction\",\"target\":{\"@type\":\"EntryPoint\",\"urlTemplate\":\"https:\\\/\\\/www.purejewels.com\\\/?s={search_term_string}\"},\"query-input\":{\"@type\":\"PropertyValueSpecification\",\"valueRequired\":true,\"valueName\":\"search_term_string\"}}],\"inLanguage\":\"de\"},{\"@type\":\"Organization\",\"@id\":\"https:\\\/\\\/www.purejewels.com\\\/#organization\",\"name\":\"PureJewels UK\",\"url\":\"https:\\\/\\\/www.purejewels.com\\\/\",\"logo\":{\"@type\":\"ImageObject\",\"inLanguage\":\"de\",\"@id\":\"https:\\\/\\\/www.purejewels.com\\\/#\\\/schema\\\/logo\\\/image\\\/\",\"url\":\"https:\\\/\\\/static.purejewels.com\\\/wp-content\\\/uploads\\\/2020\\\/11\\\/Logo-PJ-New-1.png\",\"contentUrl\":\"https:\\\/\\\/static.purejewels.com\\\/wp-content\\\/uploads\\\/2020\\\/11\\\/Logo-PJ-New-1.png\",\"width\":150,\"height\":80,\"caption\":\"PureJewels UK\"},\"image\":{\"@id\":\"https:\\\/\\\/www.purejewels.com\\\/#\\\/schema\\\/logo\\\/image\\\/\"}}]}<\/script>\n<!-- \/ Yoast SEO plugin. -->","yoast_head_json":{"title":"Filigraner Brautschmuck Armreif | Gold Armreifen | PureJewels UK","description":"Entdecken Sie eine gro\u00dfe Auswahl an Brautgold-Armreifen bei PureJewles UK. Kostenlose Lieferung in ganz Gro\u00dfbritannien. Einfache R\u00fcckgabe. Entdecken Sie mehr auf https:\/\/www.purejewels.com\/","robots":{"index":"index","follow":"follow","max-snippet":"max-snippet:-1","max-image-preview":"max-image-preview:large","max-video-preview":"max-video-preview:-1"},"canonical":"https:\/\/www.purejewels.com\/de\/produkt-2\/22kt-gelbgold-armreif-set-jali-kollektion-2-6-mittelschwer\/","og_locale":"de_DE","og_type":"article","og_title":"Filigree Bridal wear Bangle | Gold Bangles | PureJewels UK","og_description":"Discover wide range of Bridal Gold Bangles at PureJewles UK. Free delivery across UK. Easy returns. Explore more on https:\/\/www.purejewels.com\/","og_url":"https:\/\/www.purejewels.com\/de\/produkt-2\/22kt-gelbgold-armreif-set-jali-kollektion-2-6-mittelschwer\/","og_site_name":"PureJewels UK","article_modified_time":"2026-01-19T10:25:09+00:00","og_image":[{"width":1000,"height":1000,"url":"https:\/\/static.purejewels.com\/wp-content\/uploads\/2022\/02\/41474-41475-3.jpg","type":"image\/jpeg"}],"twitter_card":"summary_large_image","schema":{"@context":"https:\/\/schema.org","@graph":[{"@type":["WebPage","ItemPage"],"@id":"https:\/\/www.purejewels.com\/product\/22kt-yellow-gold-bangle-set-jali-collection-2-6-mediumweight\/","url":"https:\/\/www.purejewels.com\/product\/22kt-yellow-gold-bangle-set-jali-collection-2-6-mediumweight\/","name":"Filigraner Brautschmuck Armreif | Gold Armreifen | PureJewels UK","isPartOf":{"@id":"https:\/\/www.purejewels.com\/#website"},"primaryImageOfPage":{"@id":"https:\/\/www.purejewels.com\/product\/22kt-yellow-gold-bangle-set-jali-collection-2-6-mediumweight\/#primaryimage"},"image":{"@id":"https:\/\/www.purejewels.com\/product\/22kt-yellow-gold-bangle-set-jali-collection-2-6-mediumweight\/#primaryimage"},"thumbnailUrl":"https:\/\/static.purejewels.com\/wp-content\/uploads\/2022\/02\/41474-41475-3.jpg","datePublished":"2022-02-07T06:57:48+00:00","dateModified":"2026-01-19T10:25:09+00:00","description":"Entdecken Sie eine gro\u00dfe Auswahl an Brautgold-Armreifen bei PureJewles UK. Kostenlose Lieferung in ganz Gro\u00dfbritannien. Einfache R\u00fcckgabe. Entdecken Sie mehr auf https:\/\/www.purejewels.com\/","breadcrumb":{"@id":"https:\/\/www.purejewels.com\/product\/22kt-yellow-gold-bangle-set-jali-collection-2-6-mediumweight\/#breadcrumb"},"inLanguage":"de","potentialAction":[{"@type":"ReadAction","target":["https:\/\/www.purejewels.com\/product\/22kt-yellow-gold-bangle-set-jali-collection-2-6-mediumweight\/"]}]},{"@type":"ImageObject","inLanguage":"de","@id":"https:\/\/www.purejewels.com\/product\/22kt-yellow-gold-bangle-set-jali-collection-2-6-mediumweight\/#primaryimage","url":"https:\/\/static.purejewels.com\/wp-content\/uploads\/2022\/02\/41474-41475-3.jpg","contentUrl":"https:\/\/static.purejewels.com\/wp-content\/uploads\/2022\/02\/41474-41475-3.jpg","width":1000,"height":1000,"caption":"22ct Gold Bangle Set 41474-41475-3"},{"@type":"BreadcrumbList","@id":"https:\/\/www.purejewels.com\/product\/22kt-yellow-gold-bangle-set-jali-collection-2-6-mediumweight\/#breadcrumb","itemListElement":[{"@type":"ListItem","position":1,"name":"Home","item":"https:\/\/www.purejewels.com\/"},{"@type":"ListItem","position":2,"name":"Shop","item":"https:\/\/www.purejewels.com\/shop\/"},{"@type":"ListItem","position":3,"name":"22Kt Yellow Gold Bangle Set | Jali Collection | 2.6 | Mediumweight"}]},{"@type":"WebSite","@id":"https:\/\/www.purejewels.com\/#website","url":"https:\/\/www.purejewels.com\/","name":"PureJewels UK","description":"Teile die Liebe","publisher":{"@id":"https:\/\/www.purejewels.com\/#organization"},"potentialAction":[{"@type":"SearchAction","target":{"@type":"EntryPoint","urlTemplate":"https:\/\/www.purejewels.com\/?s={search_term_string}"},"query-input":{"@type":"PropertyValueSpecification","valueRequired":true,"valueName":"search_term_string"}}],"inLanguage":"de"},{"@type":"Organization","@id":"https:\/\/www.purejewels.com\/#organization","name":"PureJewels UK","url":"https:\/\/www.purejewels.com\/","logo":{"@type":"ImageObject","inLanguage":"de","@id":"https:\/\/www.purejewels.com\/#\/schema\/logo\/image\/","url":"https:\/\/static.purejewels.com\/wp-content\/uploads\/2020\/11\/Logo-PJ-New-1.png","contentUrl":"https:\/\/static.purejewels.com\/wp-content\/uploads\/2020\/11\/Logo-PJ-New-1.png","width":150,"height":80,"caption":"PureJewels UK"},"image":{"@id":"https:\/\/www.purejewels.com\/#\/schema\/logo\/image\/"}}]}},"_links":{"self":[{"href":"https:\/\/www.purejewels.com\/de\/wp-json\/wp\/v2\/product\/333933","targetHints":{"allow":["GET"]}}],"collection":[{"href":"https:\/\/www.purejewels.com\/de\/wp-json\/wp\/v2\/product"}],"about":[{"href":"https:\/\/www.purejewels.com\/de\/wp-json\/wp\/v2\/types\/product"}],"replies":[{"embeddable":true,"href":"https:\/\/www.purejewels.com\/de\/wp-json\/wp\/v2\/comments?post=333933"}],"version-history":[{"count":1,"href":"https:\/\/www.purejewels.com\/de\/wp-json\/wp\/v2\/product\/333933\/revisions"}],"predecessor-version":[{"id":385703,"href":"https:\/\/www.purejewels.com\/de\/wp-json\/wp\/v2\/product\/333933\/revisions\/385703"}],"wp:featuredmedia":[{"embeddable":true,"href":"https:\/\/www.purejewels.com\/de\/wp-json\/wp\/v2\/media\/333927"}],"wp:attachment":[{"href":"https:\/\/www.purejewels.com\/de\/wp-json\/wp\/v2\/media?parent=333933"}],"wp:term":[{"taxonomy":"product_brand","embeddable":true,"href":"https:\/\/www.purejewels.com\/de\/wp-json\/wp\/v2\/product_brand?post=333933"},{"taxonomy":"product_cat","embeddable":true,"href":"https:\/\/www.purejewels.com\/de\/wp-json\/wp\/v2\/product_cat?post=333933"},{"taxonomy":"product_tag","embeddable":true,"href":"https:\/\/www.purejewels.com\/de\/wp-json\/wp\/v2\/product_tag?post=333933"}],"curies":[{"name":"wp","href":"https:\/\/api.w.org\/{rel}","templated":true}]}}