{"id":334132,"date":"2022-02-11T08:44:21","date_gmt":"2022-02-11T08:44:21","guid":{"rendered":"https:\/\/www.purejewels.com\/?post_type=product&#038;p=334132"},"modified":"2026-01-07T06:42:04","modified_gmt":"2026-01-07T06:42:04","slug":"18ct-rose-gold-ring-diamant-40794","status":"publish","type":"product","link":"https:\/\/www.purejewels.com\/de\/product\/18ct-rose-gold-ring-diamond-40794\/","title":{"rendered":"18ct Rose Gold Diamant Ring"},"content":{"rendered":"<h3>Inspiration<\/h3>\n<p>Unser Leben, die Natur, die Geometrie und die Kunst sind gro\u00dfe Quellen der Inspiration. Deshalb ist diese 18ct rose <a href=\"https:\/\/www.purejewels.com\/de\/product\/18ct-rose-gold-ruby-and-diamond-ring\/\">Gold-Diamant-Ring<\/a> wurde in Anlehnung an das offene und flie\u00dfende Leben und die geometrischen Silhouetten rundherum entworfen. <a href=\"https:\/\/www.purejewels.com\/de\/product-category\/22ct-gold-jewellery\/gold-rings\/\">Ringe<\/a> gibt es heute in einer Vielzahl von Stilen und Designs, und hier bei Purejewels haben wir viele Optionen, die von Ihnen ausgew\u00e4hlt und gestaltet werden k\u00f6nnen.<\/p>\n<h3>Gestaltung<\/h3>\n<p>Dieser klassische, nach vorne offene Diamantring aus 18 Karat Ros\u00e9gold ist aus luxuri\u00f6sem 18-Karat-Ros\u00e9gold gefertigt und hat einen perfekt organischen und doch modernen Touch. Das Design beginnt mit einem offenen Ringschaft, der eine offene Mitte hat. Der Ring ist handgefertigt und wird bis zur Perfektion poliert, um einen butterweichen Seidenglanz auf der Oberfl\u00e4che zu erzielen. Ein Ende des Rings ist mit einer birnenf\u00f6rmigen Komponente geschm\u00fcckt, die mit \u00fcppigen wei\u00dfen feinen Diamanten besetzt ist, w\u00e4hrend die andere Seite einen eher geometrischen Touch hat, der ebenfalls mit \u00fcppigen runden Diamanten besetzt ist. Diese Diamanten sind zertifiziert und stammen aus ethischen Quellen.<\/p>\n<h3>Stil<\/h3>\n<p>Dieses minimalistische, aber stilvolle Accessoire passt perfekt zu all Ihren Outfits und verschiedenen Anl\u00e4ssen. Auch wenn er einzeln getragen entz\u00fcckend aussieht, k\u00f6nnen Sie ihn mit anderen Ringen aus Ihrer Kollektion stapeln oder aus unserer gro\u00dfen Auswahl an stapelbaren Ringen w\u00e4hlen. <strong>Ringe aus 18 Karat Ros\u00e9gold<\/strong> die Ihren stilvollen Look vervollst\u00e4ndigen k\u00f6nnen. Zu allem \u00dcberfluss wird diese Sch\u00f6nheit mit einer Pr\u00e4sentationsbox und einem Diamantzertifikat geliefert.<\/p>","protected":false},"excerpt":{"rendered":"<ul>\n<li style=\"list-style-type: none;\">\n<ul>\n<li>Diamantring in Ros\u00e9gold<\/li>\n<li>Gewicht des Diamanten 0,27 Karat<\/li>\n<li>Wt. 3.77 gms<\/li>\n<li>Ringgr\u00f6\u00dfe. Einstellbar<\/li>\n<li>SKU. 40794<\/li>\n<li>Kommt mit einem Diamant-Zertifikat<\/li>\n<li>Alle Preise inklusive Mehrwertsteuer<\/li>\n<li>Alle unsere Produkte sind vom London Assay Office gestempelt.<\/li>\n<li>Mit Pr\u00e4sentationsbox<\/li>\n<li>Lieferung inbegriffen<\/li>\n<li>Live-Chat mit uns f\u00fcr die Verf\u00fcgbarkeit und mehr Bilder von personalisierten Valentinstag Schmuck<\/li>\n<\/ul>\n<\/li>\n<\/ul>\n<p>&nbsp;<\/p>\n<p>&nbsp;<\/p>","protected":false},"featured_media":334212,"comment_status":"closed","ping_status":"closed","template":"","meta":{"_eb_attr":"","_crsspst_to_jayantr4sg-hostcom":false},"product_brand":[],"product_cat":[1679,1791,1559,1794,5371,1783,1786,246,5354,1569,1573,1574],"product_tag":[64],"class_list":{"0":"post-334132","1":"product","2":"type-product","3":"status-publish","4":"has-post-thumbnail","6":"product_cat-18ct-gold-rings","7":"product_cat-anniversary-gifts","8":"product_cat-birthday-gifts","9":"product_cat-christmas-gifts","10":"product_cat-jewellery-for-hands","11":"product_cat-ladies-rings","12":"product_cat-occasional-wear-rings","13":"product_cat-rose-gold-collections","14":"product_cat-rose-gold-jewellery","15":"product_cat-valentine-day-gifts","16":"product_cat-wedding-gifts","17":"product_cat-womens-jewellery","18":"product_tag-rings","20":"first","21":"outofstock","22":"taxable","23":"shipping-taxable","24":"product-type-simple","25":"add-to-wishlist-before_image"},"yoast_head":"<!-- This site is optimized with the Yoast SEO plugin v27.3 - https:\/\/yoast.com\/product\/yoast-seo-wordpress\/ -->\n<title>18ct Rose Gold Diamond Ring | Diamond Rings Online<\/title>\n<meta name=\"description\" content=\"Perfect the occasion for the special you with PureJewels&#039;s beautiful and quality jewellery. Buy Real Gold &amp; Diamond jewellery online.\" \/>\n<meta name=\"robots\" content=\"index, follow, max-snippet:-1, max-image-preview:large, max-video-preview:-1\" \/>\n<link rel=\"canonical\" href=\"https:\/\/www.purejewels.com\/de\/produkt-2\/18ct-rose-gold-ring-diamant-40794\/\" \/>\n<meta property=\"og:locale\" content=\"de_DE\" \/>\n<meta property=\"og:type\" content=\"article\" \/>\n<meta property=\"og:title\" content=\"18ct Rose Gold Diamond Ring | Diamond Rings Online\" \/>\n<meta property=\"og:description\" content=\"Perfect the occasion for the special you with PureJewels&#039;s beautiful and quality jewellery. Buy Real Gold &amp; Diamond jewellery online.\" \/>\n<meta property=\"og:url\" content=\"https:\/\/www.purejewels.com\/de\/produkt-2\/18ct-rose-gold-ring-diamant-40794\/\" \/>\n<meta property=\"og:site_name\" content=\"PureJewels UK\" \/>\n<meta property=\"article:modified_time\" content=\"2026-01-07T06:42:04+00:00\" \/>\n<meta property=\"og:image\" content=\"https:\/\/www.purejewels.com\/wp-content\/uploads\/2022\/02\/40794-3.jpg\" \/>\n\t<meta property=\"og:image:width\" content=\"1000\" \/>\n\t<meta property=\"og:image:height\" content=\"1000\" \/>\n\t<meta property=\"og:image:type\" content=\"image\/jpeg\" \/>\n<meta name=\"twitter:card\" content=\"summary_large_image\" \/>\n<meta name=\"twitter:label1\" content=\"Gesch\u00e4tzte Lesezeit\" \/>\n\t<meta name=\"twitter:data1\" content=\"2\u00a0Minuten\" \/>\n<script type=\"application\/ld+json\" class=\"yoast-schema-graph\">{\"@context\":\"https:\\\/\\\/schema.org\",\"@graph\":[{\"@type\":[\"WebPage\",\"ItemPage\"],\"@id\":\"https:\\\/\\\/www.purejewels.com\\\/product\\\/18ct-rose-gold-ring-diamond-40794\\\/\",\"url\":\"https:\\\/\\\/www.purejewels.com\\\/product\\\/18ct-rose-gold-ring-diamond-40794\\\/\",\"name\":\"18ct Rose Gold Diamond Ring | Diamond Rings Online\",\"isPartOf\":{\"@id\":\"https:\\\/\\\/www.purejewels.com\\\/#website\"},\"primaryImageOfPage\":{\"@id\":\"https:\\\/\\\/www.purejewels.com\\\/product\\\/18ct-rose-gold-ring-diamond-40794\\\/#primaryimage\"},\"image\":{\"@id\":\"https:\\\/\\\/www.purejewels.com\\\/product\\\/18ct-rose-gold-ring-diamond-40794\\\/#primaryimage\"},\"thumbnailUrl\":\"https:\\\/\\\/static.purejewels.com\\\/wp-content\\\/uploads\\\/2022\\\/02\\\/40794-3.jpg\",\"datePublished\":\"2022-02-11T08:44:21+00:00\",\"dateModified\":\"2026-01-07T06:42:04+00:00\",\"description\":\"Perfect the occasion for the special you with PureJewels's beautiful and quality jewellery. Buy Real Gold & Diamond jewellery online.\",\"breadcrumb\":{\"@id\":\"https:\\\/\\\/www.purejewels.com\\\/product\\\/18ct-rose-gold-ring-diamond-40794\\\/#breadcrumb\"},\"inLanguage\":\"de\",\"potentialAction\":[{\"@type\":\"ReadAction\",\"target\":[\"https:\\\/\\\/www.purejewels.com\\\/product\\\/18ct-rose-gold-ring-diamond-40794\\\/\"]}]},{\"@type\":\"ImageObject\",\"inLanguage\":\"de\",\"@id\":\"https:\\\/\\\/www.purejewels.com\\\/product\\\/18ct-rose-gold-ring-diamond-40794\\\/#primaryimage\",\"url\":\"https:\\\/\\\/static.purejewels.com\\\/wp-content\\\/uploads\\\/2022\\\/02\\\/40794-3.jpg\",\"contentUrl\":\"https:\\\/\\\/static.purejewels.com\\\/wp-content\\\/uploads\\\/2022\\\/02\\\/40794-3.jpg\",\"width\":1000,\"height\":1000},{\"@type\":\"BreadcrumbList\",\"@id\":\"https:\\\/\\\/www.purejewels.com\\\/product\\\/18ct-rose-gold-ring-diamond-40794\\\/#breadcrumb\",\"itemListElement\":[{\"@type\":\"ListItem\",\"position\":1,\"name\":\"Home\",\"item\":\"https:\\\/\\\/www.purejewels.com\\\/\"},{\"@type\":\"ListItem\",\"position\":2,\"name\":\"Shop\",\"item\":\"https:\\\/\\\/www.purejewels.com\\\/shop\\\/\"},{\"@type\":\"ListItem\",\"position\":3,\"name\":\"18ct Rose Gold Diamond Ring\"}]},{\"@type\":\"WebSite\",\"@id\":\"https:\\\/\\\/www.purejewels.com\\\/#website\",\"url\":\"https:\\\/\\\/www.purejewels.com\\\/\",\"name\":\"PureJewels UK\",\"description\":\"Share the Love\",\"publisher\":{\"@id\":\"https:\\\/\\\/www.purejewels.com\\\/#organization\"},\"potentialAction\":[{\"@type\":\"SearchAction\",\"target\":{\"@type\":\"EntryPoint\",\"urlTemplate\":\"https:\\\/\\\/www.purejewels.com\\\/?s={search_term_string}\"},\"query-input\":{\"@type\":\"PropertyValueSpecification\",\"valueRequired\":true,\"valueName\":\"search_term_string\"}}],\"inLanguage\":\"de\"},{\"@type\":\"Organization\",\"@id\":\"https:\\\/\\\/www.purejewels.com\\\/#organization\",\"name\":\"PureJewels UK\",\"url\":\"https:\\\/\\\/www.purejewels.com\\\/\",\"logo\":{\"@type\":\"ImageObject\",\"inLanguage\":\"de\",\"@id\":\"https:\\\/\\\/www.purejewels.com\\\/#\\\/schema\\\/logo\\\/image\\\/\",\"url\":\"https:\\\/\\\/static.purejewels.com\\\/wp-content\\\/uploads\\\/2020\\\/11\\\/Logo-PJ-New-1.png\",\"contentUrl\":\"https:\\\/\\\/static.purejewels.com\\\/wp-content\\\/uploads\\\/2020\\\/11\\\/Logo-PJ-New-1.png\",\"width\":150,\"height\":80,\"caption\":\"PureJewels UK\"},\"image\":{\"@id\":\"https:\\\/\\\/www.purejewels.com\\\/#\\\/schema\\\/logo\\\/image\\\/\"}}]}<\/script>\n<!-- \/ Yoast SEO plugin. -->","yoast_head_json":{"title":"18ct Rose Gold Diamant Ring | Diamant Ringe Online","description":"Perfektionieren Sie den Anlass f\u00fcr Ihr besonderes Ich mit dem sch\u00f6nen und hochwertigen Schmuck von PureJewels. Kaufen Sie echten Gold- und Diamantschmuck online.","robots":{"index":"index","follow":"follow","max-snippet":"max-snippet:-1","max-image-preview":"max-image-preview:large","max-video-preview":"max-video-preview:-1"},"canonical":"https:\/\/www.purejewels.com\/de\/produkt-2\/18ct-rose-gold-ring-diamant-40794\/","og_locale":"de_DE","og_type":"article","og_title":"18ct Rose Gold Diamond Ring | Diamond Rings Online","og_description":"Perfect the occasion for the special you with PureJewels's beautiful and quality jewellery. Buy Real Gold & Diamond jewellery online.","og_url":"https:\/\/www.purejewels.com\/de\/produkt-2\/18ct-rose-gold-ring-diamant-40794\/","og_site_name":"PureJewels UK","article_modified_time":"2026-01-07T06:42:04+00:00","og_image":[{"width":1000,"height":1000,"url":"https:\/\/www.purejewels.com\/wp-content\/uploads\/2022\/02\/40794-3.jpg","type":"image\/jpeg"}],"twitter_card":"summary_large_image","twitter_misc":{"Gesch\u00e4tzte Lesezeit":"2\u00a0Minuten"},"schema":{"@context":"https:\/\/schema.org","@graph":[{"@type":["WebPage","ItemPage"],"@id":"https:\/\/www.purejewels.com\/product\/18ct-rose-gold-ring-diamond-40794\/","url":"https:\/\/www.purejewels.com\/product\/18ct-rose-gold-ring-diamond-40794\/","name":"18ct Rose Gold Diamant Ring | Diamant Ringe Online","isPartOf":{"@id":"https:\/\/www.purejewels.com\/#website"},"primaryImageOfPage":{"@id":"https:\/\/www.purejewels.com\/product\/18ct-rose-gold-ring-diamond-40794\/#primaryimage"},"image":{"@id":"https:\/\/www.purejewels.com\/product\/18ct-rose-gold-ring-diamond-40794\/#primaryimage"},"thumbnailUrl":"https:\/\/static.purejewels.com\/wp-content\/uploads\/2022\/02\/40794-3.jpg","datePublished":"2022-02-11T08:44:21+00:00","dateModified":"2026-01-07T06:42:04+00:00","description":"Perfektionieren Sie den Anlass f\u00fcr Ihr besonderes Ich mit dem sch\u00f6nen und hochwertigen Schmuck von PureJewels. Kaufen Sie echten Gold- und Diamantschmuck online.","breadcrumb":{"@id":"https:\/\/www.purejewels.com\/product\/18ct-rose-gold-ring-diamond-40794\/#breadcrumb"},"inLanguage":"de","potentialAction":[{"@type":"ReadAction","target":["https:\/\/www.purejewels.com\/product\/18ct-rose-gold-ring-diamond-40794\/"]}]},{"@type":"ImageObject","inLanguage":"de","@id":"https:\/\/www.purejewels.com\/product\/18ct-rose-gold-ring-diamond-40794\/#primaryimage","url":"https:\/\/static.purejewels.com\/wp-content\/uploads\/2022\/02\/40794-3.jpg","contentUrl":"https:\/\/static.purejewels.com\/wp-content\/uploads\/2022\/02\/40794-3.jpg","width":1000,"height":1000},{"@type":"BreadcrumbList","@id":"https:\/\/www.purejewels.com\/product\/18ct-rose-gold-ring-diamond-40794\/#breadcrumb","itemListElement":[{"@type":"ListItem","position":1,"name":"Home","item":"https:\/\/www.purejewels.com\/"},{"@type":"ListItem","position":2,"name":"Shop","item":"https:\/\/www.purejewels.com\/shop\/"},{"@type":"ListItem","position":3,"name":"18ct Rose Gold Diamond Ring"}]},{"@type":"WebSite","@id":"https:\/\/www.purejewels.com\/#website","url":"https:\/\/www.purejewels.com\/","name":"PureJewels UK","description":"Teile die Liebe","publisher":{"@id":"https:\/\/www.purejewels.com\/#organization"},"potentialAction":[{"@type":"SearchAction","target":{"@type":"EntryPoint","urlTemplate":"https:\/\/www.purejewels.com\/?s={search_term_string}"},"query-input":{"@type":"PropertyValueSpecification","valueRequired":true,"valueName":"search_term_string"}}],"inLanguage":"de"},{"@type":"Organization","@id":"https:\/\/www.purejewels.com\/#organization","name":"PureJewels UK","url":"https:\/\/www.purejewels.com\/","logo":{"@type":"ImageObject","inLanguage":"de","@id":"https:\/\/www.purejewels.com\/#\/schema\/logo\/image\/","url":"https:\/\/static.purejewels.com\/wp-content\/uploads\/2020\/11\/Logo-PJ-New-1.png","contentUrl":"https:\/\/static.purejewels.com\/wp-content\/uploads\/2020\/11\/Logo-PJ-New-1.png","width":150,"height":80,"caption":"PureJewels UK"},"image":{"@id":"https:\/\/www.purejewels.com\/#\/schema\/logo\/image\/"}}]}},"_links":{"self":[{"href":"https:\/\/www.purejewels.com\/de\/wp-json\/wp\/v2\/product\/334132","targetHints":{"allow":["GET"]}}],"collection":[{"href":"https:\/\/www.purejewels.com\/de\/wp-json\/wp\/v2\/product"}],"about":[{"href":"https:\/\/www.purejewels.com\/de\/wp-json\/wp\/v2\/types\/product"}],"replies":[{"embeddable":true,"href":"https:\/\/www.purejewels.com\/de\/wp-json\/wp\/v2\/comments?post=334132"}],"version-history":[{"count":0,"href":"https:\/\/www.purejewels.com\/de\/wp-json\/wp\/v2\/product\/334132\/revisions"}],"wp:featuredmedia":[{"embeddable":true,"href":"https:\/\/www.purejewels.com\/de\/wp-json\/wp\/v2\/media\/334212"}],"wp:attachment":[{"href":"https:\/\/www.purejewels.com\/de\/wp-json\/wp\/v2\/media?parent=334132"}],"wp:term":[{"taxonomy":"product_brand","embeddable":true,"href":"https:\/\/www.purejewels.com\/de\/wp-json\/wp\/v2\/product_brand?post=334132"},{"taxonomy":"product_cat","embeddable":true,"href":"https:\/\/www.purejewels.com\/de\/wp-json\/wp\/v2\/product_cat?post=334132"},{"taxonomy":"product_tag","embeddable":true,"href":"https:\/\/www.purejewels.com\/de\/wp-json\/wp\/v2\/product_tag?post=334132"}],"curies":[{"name":"wp","href":"https:\/\/api.w.org\/{rel}","templated":true}]}}