{"id":334143,"date":"2022-02-11T09:53:28","date_gmt":"2022-02-11T09:53:28","guid":{"rendered":"https:\/\/www.purejewels.com\/?post_type=product&#038;p=334143"},"modified":"2026-01-07T06:42:04","modified_gmt":"2026-01-07T06:42:04","slug":"18k-gelbgold-ring-40796","status":"publish","type":"product","link":"https:\/\/www.purejewels.com\/de\/product\/18k-yellow-gold-ring-40796\/","title":{"rendered":"18kt Gelbgold Ring"},"content":{"rendered":"<p>Dieser atemberaubende Ring aus 18 Karat Gelbgold ist ein echtes Statement-St\u00fcck mit nat\u00fcrlichen Diamanten und einem wundersch\u00f6nen orangefarbenen Saphir. Mit einem Gesamtdiamantgewicht von 0,22 Karat und einem Steingewicht von 0,73 Karat ist dieser Ring ein echter Blickfang und hinterl\u00e4sst einen bleibenden Eindruck. Die verstellbare Ringgr\u00f6\u00dfe sorgt f\u00fcr eine perfekte Passform f\u00fcr jeden Finger.<\/p>\n<p>Jeder Ring wird mit einem Diamantenzertifikat geliefert, das die Echtheit best\u00e4tigt und Ihnen Sicherheit gibt. Alle unsere Produkte sind vom London Assay Office punziert, was die Qualit\u00e4t und Reinheit des Goldes garantiert. Der Ring wird au\u00dferdem in einer sch\u00f6nen Geschenkbox geliefert und ist somit die perfekte Wahl f\u00fcr einen besonderen Anlass.<\/p>\n<p>Ob Sie nun auf der Suche nach einem atemberaubenden Jubil\u00e4umsgeschenk, einem unvergesslichen Hochzeitsgeschenk oder einem wundersch\u00f6nen Geburtstagsgeschenk sind, dieser Ring aus 18 Karat Gelbgold wird Ihnen garantiert gefallen. Verpassen Sie dieses exquisite Schmuckst\u00fcck nicht \u2013 bestellen Sie jetzt und verleihen Sie Ihrer Sammlung einen Hauch von Luxus.<\/p>","protected":false},"excerpt":{"rendered":"<ul>\n<li style=\"list-style-type: none;\">\n<ul>\n<li>18ct Gelbgold Ring<\/li>\n<li>mit nat\u00fcrlichen Diamanten und orangefarbenem Saphir<\/li>\n<li>Gewicht des Diamanten 0,22 ct.<\/li>\n<li>Gewicht des Steins 0,73 ct.<\/li>\n<li>Ringgr\u00f6\u00dfe. Einstellbar<\/li>\n<li>SKU. 40796<\/li>\n<li>Kommt mit einem Diamant-Zertifikat<\/li>\n<li>Alle Preise inklusive Mehrwertsteuer<\/li>\n<li>Alle unsere Produkte sind vom London Assay Office gestempelt.<\/li>\n<li>Mit Pr\u00e4sentationsbox<\/li>\n<li>Lieferung inbegriffen<\/li>\n<li>Live-Chat mit uns f\u00fcr die Verf\u00fcgbarkeit und mehr Bilder von personalisierten Valentinstag Schmuck<\/li>\n<\/ul>\n<\/li>\n<\/ul>\n<p>&nbsp;<\/p>\n<p>&nbsp;<\/p>","protected":false},"featured_media":334213,"comment_status":"closed","ping_status":"closed","template":"","meta":{"_eb_attr":"","_crsspst_to_jayantr4sg-hostcom":false},"product_brand":[],"product_cat":[1679,1791,1559,1794,1783,1786,1569,1573,1574,5349],"product_tag":[64],"class_list":{"0":"post-334143","1":"product","2":"type-product","3":"status-publish","4":"has-post-thumbnail","6":"product_cat-18ct-gold-rings","7":"product_cat-anniversary-gifts","8":"product_cat-birthday-gifts","9":"product_cat-christmas-gifts","10":"product_cat-ladies-rings","11":"product_cat-occasional-wear-rings","12":"product_cat-valentine-day-gifts","13":"product_cat-wedding-gifts","14":"product_cat-womens-jewellery","15":"product_cat-yellow-gold-jewellery","16":"product_tag-rings","18":"first","19":"outofstock","20":"taxable","21":"shipping-taxable","22":"product-type-simple","23":"add-to-wishlist-before_image"},"yoast_head":"<!-- This site is optimized with the Yoast SEO plugin v27.3 - https:\/\/yoast.com\/product\/yoast-seo-wordpress\/ -->\n<title>18k Yellow Gold Ring | Diamond Rings | PureJewels<\/title>\n<meta name=\"description\" content=\"Purejewels Specialises In 18Ct Diamond Rings &amp; Platinum Engagement Rings. Choose The Perfect 18Kt Gold Ring For Her. Free Delivery Across Uk.\" \/>\n<meta name=\"robots\" content=\"index, follow, max-snippet:-1, max-image-preview:large, max-video-preview:-1\" \/>\n<link rel=\"canonical\" href=\"https:\/\/www.purejewels.com\/de\/produkt-2\/18k-gelbgold-ring-40796\/\" \/>\n<meta property=\"og:locale\" content=\"de_DE\" \/>\n<meta property=\"og:type\" content=\"article\" \/>\n<meta property=\"og:title\" content=\"18k Yellow Gold Ring | Diamond Rings | PureJewels\" \/>\n<meta property=\"og:description\" content=\"Purejewels Specialises In 18Ct Diamond Rings &amp; Platinum Engagement Rings. Choose The Perfect 18Kt Gold Ring For Her. Free Delivery Across Uk.\" \/>\n<meta property=\"og:url\" content=\"https:\/\/www.purejewels.com\/de\/produkt-2\/18k-gelbgold-ring-40796\/\" \/>\n<meta property=\"og:site_name\" content=\"PureJewels UK\" \/>\n<meta property=\"article:modified_time\" content=\"2026-01-07T06:42:04+00:00\" \/>\n<meta property=\"og:image\" content=\"https:\/\/www.purejewels.com\/wp-content\/uploads\/2022\/02\/40796-2.jpg\" \/>\n\t<meta property=\"og:image:width\" content=\"1000\" \/>\n\t<meta property=\"og:image:height\" content=\"1000\" \/>\n\t<meta property=\"og:image:type\" content=\"image\/jpeg\" \/>\n<meta name=\"twitter:card\" content=\"summary_large_image\" \/>\n<meta name=\"twitter:label1\" content=\"Gesch\u00e4tzte Lesezeit\" \/>\n\t<meta name=\"twitter:data1\" content=\"1\u00a0Minute\" \/>\n<script type=\"application\/ld+json\" class=\"yoast-schema-graph\">{\"@context\":\"https:\\\/\\\/schema.org\",\"@graph\":[{\"@type\":[\"WebPage\",\"ItemPage\"],\"@id\":\"https:\\\/\\\/www.purejewels.com\\\/product\\\/18k-yellow-gold-ring-40796\\\/\",\"url\":\"https:\\\/\\\/www.purejewels.com\\\/product\\\/18k-yellow-gold-ring-40796\\\/\",\"name\":\"18k Yellow Gold Ring | Diamond Rings | PureJewels\",\"isPartOf\":{\"@id\":\"https:\\\/\\\/www.purejewels.com\\\/#website\"},\"primaryImageOfPage\":{\"@id\":\"https:\\\/\\\/www.purejewels.com\\\/product\\\/18k-yellow-gold-ring-40796\\\/#primaryimage\"},\"image\":{\"@id\":\"https:\\\/\\\/www.purejewels.com\\\/product\\\/18k-yellow-gold-ring-40796\\\/#primaryimage\"},\"thumbnailUrl\":\"https:\\\/\\\/static.purejewels.com\\\/wp-content\\\/uploads\\\/2022\\\/02\\\/40796-2.jpg\",\"datePublished\":\"2022-02-11T09:53:28+00:00\",\"dateModified\":\"2026-01-07T06:42:04+00:00\",\"description\":\"Purejewels Specialises In 18Ct Diamond Rings & Platinum Engagement Rings. Choose The Perfect 18Kt Gold Ring For Her. Free Delivery Across Uk.\",\"breadcrumb\":{\"@id\":\"https:\\\/\\\/www.purejewels.com\\\/product\\\/18k-yellow-gold-ring-40796\\\/#breadcrumb\"},\"inLanguage\":\"de\",\"potentialAction\":[{\"@type\":\"ReadAction\",\"target\":[\"https:\\\/\\\/www.purejewels.com\\\/product\\\/18k-yellow-gold-ring-40796\\\/\"]}]},{\"@type\":\"ImageObject\",\"inLanguage\":\"de\",\"@id\":\"https:\\\/\\\/www.purejewels.com\\\/product\\\/18k-yellow-gold-ring-40796\\\/#primaryimage\",\"url\":\"https:\\\/\\\/static.purejewels.com\\\/wp-content\\\/uploads\\\/2022\\\/02\\\/40796-2.jpg\",\"contentUrl\":\"https:\\\/\\\/static.purejewels.com\\\/wp-content\\\/uploads\\\/2022\\\/02\\\/40796-2.jpg\",\"width\":1000,\"height\":1000},{\"@type\":\"BreadcrumbList\",\"@id\":\"https:\\\/\\\/www.purejewels.com\\\/product\\\/18k-yellow-gold-ring-40796\\\/#breadcrumb\",\"itemListElement\":[{\"@type\":\"ListItem\",\"position\":1,\"name\":\"Home\",\"item\":\"https:\\\/\\\/www.purejewels.com\\\/\"},{\"@type\":\"ListItem\",\"position\":2,\"name\":\"Shop\",\"item\":\"https:\\\/\\\/www.purejewels.com\\\/shop\\\/\"},{\"@type\":\"ListItem\",\"position\":3,\"name\":\"18kt Yellow Gold Ring\"}]},{\"@type\":\"WebSite\",\"@id\":\"https:\\\/\\\/www.purejewels.com\\\/#website\",\"url\":\"https:\\\/\\\/www.purejewels.com\\\/\",\"name\":\"PureJewels UK\",\"description\":\"Share the Love\",\"publisher\":{\"@id\":\"https:\\\/\\\/www.purejewels.com\\\/#organization\"},\"potentialAction\":[{\"@type\":\"SearchAction\",\"target\":{\"@type\":\"EntryPoint\",\"urlTemplate\":\"https:\\\/\\\/www.purejewels.com\\\/?s={search_term_string}\"},\"query-input\":{\"@type\":\"PropertyValueSpecification\",\"valueRequired\":true,\"valueName\":\"search_term_string\"}}],\"inLanguage\":\"de\"},{\"@type\":\"Organization\",\"@id\":\"https:\\\/\\\/www.purejewels.com\\\/#organization\",\"name\":\"PureJewels UK\",\"url\":\"https:\\\/\\\/www.purejewels.com\\\/\",\"logo\":{\"@type\":\"ImageObject\",\"inLanguage\":\"de\",\"@id\":\"https:\\\/\\\/www.purejewels.com\\\/#\\\/schema\\\/logo\\\/image\\\/\",\"url\":\"https:\\\/\\\/static.purejewels.com\\\/wp-content\\\/uploads\\\/2020\\\/11\\\/Logo-PJ-New-1.png\",\"contentUrl\":\"https:\\\/\\\/static.purejewels.com\\\/wp-content\\\/uploads\\\/2020\\\/11\\\/Logo-PJ-New-1.png\",\"width\":150,\"height\":80,\"caption\":\"PureJewels UK\"},\"image\":{\"@id\":\"https:\\\/\\\/www.purejewels.com\\\/#\\\/schema\\\/logo\\\/image\\\/\"}}]}<\/script>\n<!-- \/ Yoast SEO plugin. -->","yoast_head_json":{"title":"18k Gelbgold Ring | Diamant Ringe | PureJewels","description":"Purejewels ist spezialisiert auf 18Kt Diamantringe und Verlobungsringe aus Platin. W\u00e4hlen Sie den perfekten 18Kt Goldring f\u00fcr Sie. Kostenlose Lieferung in ganz Uk.","robots":{"index":"index","follow":"follow","max-snippet":"max-snippet:-1","max-image-preview":"max-image-preview:large","max-video-preview":"max-video-preview:-1"},"canonical":"https:\/\/www.purejewels.com\/de\/produkt-2\/18k-gelbgold-ring-40796\/","og_locale":"de_DE","og_type":"article","og_title":"18k Yellow Gold Ring | Diamond Rings | PureJewels","og_description":"Purejewels Specialises In 18Ct Diamond Rings & Platinum Engagement Rings. Choose The Perfect 18Kt Gold Ring For Her. Free Delivery Across Uk.","og_url":"https:\/\/www.purejewels.com\/de\/produkt-2\/18k-gelbgold-ring-40796\/","og_site_name":"PureJewels UK","article_modified_time":"2026-01-07T06:42:04+00:00","og_image":[{"width":1000,"height":1000,"url":"https:\/\/www.purejewels.com\/wp-content\/uploads\/2022\/02\/40796-2.jpg","type":"image\/jpeg"}],"twitter_card":"summary_large_image","twitter_misc":{"Gesch\u00e4tzte Lesezeit":"1\u00a0Minute"},"schema":{"@context":"https:\/\/schema.org","@graph":[{"@type":["WebPage","ItemPage"],"@id":"https:\/\/www.purejewels.com\/product\/18k-yellow-gold-ring-40796\/","url":"https:\/\/www.purejewels.com\/product\/18k-yellow-gold-ring-40796\/","name":"18k Gelbgold Ring | Diamant Ringe | PureJewels","isPartOf":{"@id":"https:\/\/www.purejewels.com\/#website"},"primaryImageOfPage":{"@id":"https:\/\/www.purejewels.com\/product\/18k-yellow-gold-ring-40796\/#primaryimage"},"image":{"@id":"https:\/\/www.purejewels.com\/product\/18k-yellow-gold-ring-40796\/#primaryimage"},"thumbnailUrl":"https:\/\/static.purejewels.com\/wp-content\/uploads\/2022\/02\/40796-2.jpg","datePublished":"2022-02-11T09:53:28+00:00","dateModified":"2026-01-07T06:42:04+00:00","description":"Purejewels ist spezialisiert auf 18Kt Diamantringe und Verlobungsringe aus Platin. W\u00e4hlen Sie den perfekten 18Kt Goldring f\u00fcr Sie. Kostenlose Lieferung in ganz Uk.","breadcrumb":{"@id":"https:\/\/www.purejewels.com\/product\/18k-yellow-gold-ring-40796\/#breadcrumb"},"inLanguage":"de","potentialAction":[{"@type":"ReadAction","target":["https:\/\/www.purejewels.com\/product\/18k-yellow-gold-ring-40796\/"]}]},{"@type":"ImageObject","inLanguage":"de","@id":"https:\/\/www.purejewels.com\/product\/18k-yellow-gold-ring-40796\/#primaryimage","url":"https:\/\/static.purejewels.com\/wp-content\/uploads\/2022\/02\/40796-2.jpg","contentUrl":"https:\/\/static.purejewels.com\/wp-content\/uploads\/2022\/02\/40796-2.jpg","width":1000,"height":1000},{"@type":"BreadcrumbList","@id":"https:\/\/www.purejewels.com\/product\/18k-yellow-gold-ring-40796\/#breadcrumb","itemListElement":[{"@type":"ListItem","position":1,"name":"Home","item":"https:\/\/www.purejewels.com\/"},{"@type":"ListItem","position":2,"name":"Shop","item":"https:\/\/www.purejewels.com\/shop\/"},{"@type":"ListItem","position":3,"name":"18kt Yellow Gold Ring"}]},{"@type":"WebSite","@id":"https:\/\/www.purejewels.com\/#website","url":"https:\/\/www.purejewels.com\/","name":"PureJewels UK","description":"Teile die Liebe","publisher":{"@id":"https:\/\/www.purejewels.com\/#organization"},"potentialAction":[{"@type":"SearchAction","target":{"@type":"EntryPoint","urlTemplate":"https:\/\/www.purejewels.com\/?s={search_term_string}"},"query-input":{"@type":"PropertyValueSpecification","valueRequired":true,"valueName":"search_term_string"}}],"inLanguage":"de"},{"@type":"Organization","@id":"https:\/\/www.purejewels.com\/#organization","name":"PureJewels UK","url":"https:\/\/www.purejewels.com\/","logo":{"@type":"ImageObject","inLanguage":"de","@id":"https:\/\/www.purejewels.com\/#\/schema\/logo\/image\/","url":"https:\/\/static.purejewels.com\/wp-content\/uploads\/2020\/11\/Logo-PJ-New-1.png","contentUrl":"https:\/\/static.purejewels.com\/wp-content\/uploads\/2020\/11\/Logo-PJ-New-1.png","width":150,"height":80,"caption":"PureJewels UK"},"image":{"@id":"https:\/\/www.purejewels.com\/#\/schema\/logo\/image\/"}}]}},"_links":{"self":[{"href":"https:\/\/www.purejewels.com\/de\/wp-json\/wp\/v2\/product\/334143","targetHints":{"allow":["GET"]}}],"collection":[{"href":"https:\/\/www.purejewels.com\/de\/wp-json\/wp\/v2\/product"}],"about":[{"href":"https:\/\/www.purejewels.com\/de\/wp-json\/wp\/v2\/types\/product"}],"replies":[{"embeddable":true,"href":"https:\/\/www.purejewels.com\/de\/wp-json\/wp\/v2\/comments?post=334143"}],"version-history":[{"count":1,"href":"https:\/\/www.purejewels.com\/de\/wp-json\/wp\/v2\/product\/334143\/revisions"}],"predecessor-version":[{"id":420862,"href":"https:\/\/www.purejewels.com\/de\/wp-json\/wp\/v2\/product\/334143\/revisions\/420862"}],"wp:featuredmedia":[{"embeddable":true,"href":"https:\/\/www.purejewels.com\/de\/wp-json\/wp\/v2\/media\/334213"}],"wp:attachment":[{"href":"https:\/\/www.purejewels.com\/de\/wp-json\/wp\/v2\/media?parent=334143"}],"wp:term":[{"taxonomy":"product_brand","embeddable":true,"href":"https:\/\/www.purejewels.com\/de\/wp-json\/wp\/v2\/product_brand?post=334143"},{"taxonomy":"product_cat","embeddable":true,"href":"https:\/\/www.purejewels.com\/de\/wp-json\/wp\/v2\/product_cat?post=334143"},{"taxonomy":"product_tag","embeddable":true,"href":"https:\/\/www.purejewels.com\/de\/wp-json\/wp\/v2\/product_tag?post=334143"}],"curies":[{"name":"wp","href":"https:\/\/api.w.org\/{rel}","templated":true}]}}