{"id":334149,"date":"2022-02-11T19:44:17","date_gmt":"2022-02-11T19:44:17","guid":{"rendered":"https:\/\/www.purejewels.com\/?post_type=product&#038;p=334149"},"modified":"2026-01-06T05:33:50","modified_gmt":"2026-01-06T05:33:50","slug":"diamant-ohrstecker-aus-18-karat-gelbgold-48532","status":"publish","type":"product","link":"https:\/\/www.purejewels.com\/de\/product\/18ct-yellow-gold-diamond-stud-earring-48532\/","title":{"rendered":"Diamant-Ohrstecker aus 18 Karat Gelbgold"},"content":{"rendered":"<h3>Vogue<\/h3>\n<p>Ohrstecker sind m\u00fchelos, frech und wundersch\u00f6n. Sie sind im Grunde kleinere Versionen von l\u00e4ngeren <a href=\"https:\/\/www.purejewels.com\/de\/product-category\/22ct-gold-jewellery\/gold-earrings\/\">Ohrringe<\/a> die unter die Ohrl\u00e4ppchen fallen. Sie sind so gearbeitet, dass sie die Ohrl\u00e4ppchen m\u00fchelos bedecken, ohne zu viel Aufsehen zu erregen. Heutzutage gibt es auch Ohrstecker, die in Form eines Anh\u00e4ngers oder eines Steintropfens ein wenig l\u00e4nger sind.<\/p>\n<h3>Inspiration<\/h3>\n<p>Diese Vintage und Bold Paar von <strong>Stollen<\/strong> sieht ekstatisch und sch\u00f6n aus. Diese immergr\u00fcnen <a href=\"https:\/\/www.purejewels.com\/de\/product\/18ct-white-gold-khanda-sikh-religious-pendant-6226\/\">18ct<\/a> <a href=\"https:\/\/www.purejewels.com\/de\/product\/diamond-studs-in-rose-gold\/\">Diamant-Ohrstecker aus Gelbgold<\/a> sind inspiriert von den reichen Kulturen der Vergangenheit, die sich mit der modernen Kultur vermischen. Diese Gelbgold-Ohrstecker sind Teil unserer Kollektion von Diamantschmuck im Vintage-Look und wurden von Hand in Gold mit Techniken wie Gravur gefertigt, <a href=\"https:\/\/www.purejewels.com\/de\/a-guide-to-die-stamping\/\">Pr\u00e4gung<\/a> und Spikes.<\/p>\n<p>Diese 18-kar\u00e4tigen Goldstecker sind ein Evergreen und haben die Herzen rund um den Globus ber\u00fchrt. Einmal nach Hause gebracht, werden diese Kugeln Teil Ihrer Sammlung von Familienerbst\u00fccken werden, w\u00e4hrend Sie sie in bedeutenden und sch\u00f6nen Momenten schm\u00fccken.<\/p>","protected":false},"excerpt":{"rendered":"<ul>\n<li>18ct Gelbgold Diamant Ohrstecker<\/li>\n<li>Gewicht des Diamanten 0,7ct<\/li>\n<li>Breite. 9 mm<\/li>\n<li>SKU. 48532<\/li>\n<li>Mit Diamant-Zertifikat<\/li>\n<li>Alle unsere Produkte sind vom London Assay Office gestempelt.<\/li>\n<li>Alle Preise inklusive Mehrwertsteuer<\/li>\n<li>Mit Pr\u00e4sentationsbox<\/li>\n<li>Lieferung inbegriffen<\/li>\n<li>Kontaktieren Sie uns \/ Live-Chat mit uns f\u00fcr das Video von diesem Produkt.<\/li>\n<\/ul>","protected":false},"featured_media":383978,"comment_status":"closed","ping_status":"closed","template":"","meta":{"_eb_attr":"","_crsspst_to_jayantr4sg-hostcom":false},"product_brand":[],"product_cat":[1791,1254,1577,1569,1574,5349],"product_tag":[],"class_list":{"0":"post-334149","1":"product","2":"type-product","3":"status-publish","4":"has-post-thumbnail","6":"product_cat-anniversary-gifts","7":"product_cat-gold-earrings","8":"product_cat-stud-earrings","9":"product_cat-valentine-day-gifts","10":"product_cat-womens-jewellery","11":"product_cat-yellow-gold-jewellery","13":"first","14":"outofstock","15":"taxable","16":"shipping-taxable","17":"product-type-simple","18":"add-to-wishlist-before_image"},"yoast_head":"<!-- This site is optimized with the Yoast SEO plugin v27.4 - https:\/\/yoast.com\/product\/yoast-seo-wordpress\/ -->\n<title>Yellow Gold Diamond Stud Earring | PureJewels.com<\/title>\n<meta name=\"description\" content=\"18K gold stud Online in London | Browse Latest Designs | Quick Delivery | 100 % Certified Jewellery.\" \/>\n<meta name=\"robots\" content=\"index, follow, max-snippet:-1, max-image-preview:large, max-video-preview:-1\" \/>\n<link rel=\"canonical\" href=\"https:\/\/www.purejewels.com\/de\/produkt-2\/diamant-ohrstecker-aus-18-karat-gelbgold-48532\/\" \/>\n<meta property=\"og:locale\" content=\"de_DE\" \/>\n<meta property=\"og:type\" content=\"article\" \/>\n<meta property=\"og:title\" content=\"Yellow Gold Diamond Stud Earring | PureJewels.com\" \/>\n<meta property=\"og:description\" content=\"18K gold stud Online in London | Browse Latest Designs | Quick Delivery | 100 % Certified Jewellery.\" \/>\n<meta property=\"og:url\" content=\"https:\/\/www.purejewels.com\/de\/produkt-2\/diamant-ohrstecker-aus-18-karat-gelbgold-48532\/\" \/>\n<meta property=\"og:site_name\" content=\"PureJewels UK\" \/>\n<meta property=\"article:modified_time\" content=\"2026-01-06T05:33:50+00:00\" \/>\n<meta property=\"og:image\" content=\"https:\/\/www.purejewels.com\/wp-content\/uploads\/2022\/02\/48532.png\" \/>\n\t<meta property=\"og:image:width\" content=\"1000\" \/>\n\t<meta property=\"og:image:height\" content=\"1000\" \/>\n\t<meta property=\"og:image:type\" content=\"image\/png\" \/>\n<meta name=\"twitter:card\" content=\"summary_large_image\" \/>\n<meta name=\"twitter:label1\" content=\"Gesch\u00e4tzte Lesezeit\" \/>\n\t<meta name=\"twitter:data1\" content=\"1\u00a0Minute\" \/>\n<script type=\"application\/ld+json\" class=\"yoast-schema-graph\">{\"@context\":\"https:\\\/\\\/schema.org\",\"@graph\":[{\"@type\":[\"WebPage\",\"ItemPage\"],\"@id\":\"https:\\\/\\\/www.purejewels.com\\\/product\\\/18ct-yellow-gold-diamond-stud-earring-48532\\\/\",\"url\":\"https:\\\/\\\/www.purejewels.com\\\/product\\\/18ct-yellow-gold-diamond-stud-earring-48532\\\/\",\"name\":\"Yellow Gold Diamond Stud Earring | PureJewels.com\",\"isPartOf\":{\"@id\":\"https:\\\/\\\/www.purejewels.com\\\/#website\"},\"primaryImageOfPage\":{\"@id\":\"https:\\\/\\\/www.purejewels.com\\\/product\\\/18ct-yellow-gold-diamond-stud-earring-48532\\\/#primaryimage\"},\"image\":{\"@id\":\"https:\\\/\\\/www.purejewels.com\\\/product\\\/18ct-yellow-gold-diamond-stud-earring-48532\\\/#primaryimage\"},\"thumbnailUrl\":\"https:\\\/\\\/static.purejewels.com\\\/wp-content\\\/uploads\\\/2022\\\/02\\\/48532.png\",\"datePublished\":\"2022-02-11T19:44:17+00:00\",\"dateModified\":\"2026-01-06T05:33:50+00:00\",\"description\":\"18K gold stud Online in London | Browse Latest Designs | Quick Delivery | 100 % Certified Jewellery.\",\"breadcrumb\":{\"@id\":\"https:\\\/\\\/www.purejewels.com\\\/product\\\/18ct-yellow-gold-diamond-stud-earring-48532\\\/#breadcrumb\"},\"inLanguage\":\"de\",\"potentialAction\":[{\"@type\":\"ReadAction\",\"target\":[\"https:\\\/\\\/www.purejewels.com\\\/product\\\/18ct-yellow-gold-diamond-stud-earring-48532\\\/\"]}]},{\"@type\":\"ImageObject\",\"inLanguage\":\"de\",\"@id\":\"https:\\\/\\\/www.purejewels.com\\\/product\\\/18ct-yellow-gold-diamond-stud-earring-48532\\\/#primaryimage\",\"url\":\"https:\\\/\\\/static.purejewels.com\\\/wp-content\\\/uploads\\\/2022\\\/02\\\/48532.png\",\"contentUrl\":\"https:\\\/\\\/static.purejewels.com\\\/wp-content\\\/uploads\\\/2022\\\/02\\\/48532.png\",\"width\":1000,\"height\":1000,\"caption\":\"18ct Yellow Gold Diamond Stud Earring\"},{\"@type\":\"BreadcrumbList\",\"@id\":\"https:\\\/\\\/www.purejewels.com\\\/product\\\/18ct-yellow-gold-diamond-stud-earring-48532\\\/#breadcrumb\",\"itemListElement\":[{\"@type\":\"ListItem\",\"position\":1,\"name\":\"Home\",\"item\":\"https:\\\/\\\/www.purejewels.com\\\/\"},{\"@type\":\"ListItem\",\"position\":2,\"name\":\"Shop\",\"item\":\"https:\\\/\\\/www.purejewels.com\\\/shop\\\/\"},{\"@type\":\"ListItem\",\"position\":3,\"name\":\"18ct Yellow Gold Diamond Stud Earring\"}]},{\"@type\":\"WebSite\",\"@id\":\"https:\\\/\\\/www.purejewels.com\\\/#website\",\"url\":\"https:\\\/\\\/www.purejewels.com\\\/\",\"name\":\"PureJewels UK\",\"description\":\"Share the Love\",\"publisher\":{\"@id\":\"https:\\\/\\\/www.purejewels.com\\\/#organization\"},\"potentialAction\":[{\"@type\":\"SearchAction\",\"target\":{\"@type\":\"EntryPoint\",\"urlTemplate\":\"https:\\\/\\\/www.purejewels.com\\\/?s={search_term_string}\"},\"query-input\":{\"@type\":\"PropertyValueSpecification\",\"valueRequired\":true,\"valueName\":\"search_term_string\"}}],\"inLanguage\":\"de\"},{\"@type\":\"Organization\",\"@id\":\"https:\\\/\\\/www.purejewels.com\\\/#organization\",\"name\":\"PureJewels UK\",\"url\":\"https:\\\/\\\/www.purejewels.com\\\/\",\"logo\":{\"@type\":\"ImageObject\",\"inLanguage\":\"de\",\"@id\":\"https:\\\/\\\/www.purejewels.com\\\/#\\\/schema\\\/logo\\\/image\\\/\",\"url\":\"https:\\\/\\\/static.purejewels.com\\\/wp-content\\\/uploads\\\/2020\\\/11\\\/Logo-PJ-New-1.png\",\"contentUrl\":\"https:\\\/\\\/static.purejewels.com\\\/wp-content\\\/uploads\\\/2020\\\/11\\\/Logo-PJ-New-1.png\",\"width\":150,\"height\":80,\"caption\":\"PureJewels UK\"},\"image\":{\"@id\":\"https:\\\/\\\/www.purejewels.com\\\/#\\\/schema\\\/logo\\\/image\\\/\"}}]}<\/script>\n<!-- \/ Yoast SEO plugin. -->","yoast_head_json":{"title":"Gelbgold-Diamant-Ohrstecker | PureJewels.com","description":"18K gold stud Online in London | Browse Latest Designs | Quick Delivery | 100 % Certified Jewellery.","robots":{"index":"index","follow":"follow","max-snippet":"max-snippet:-1","max-image-preview":"max-image-preview:large","max-video-preview":"max-video-preview:-1"},"canonical":"https:\/\/www.purejewels.com\/de\/produkt-2\/diamant-ohrstecker-aus-18-karat-gelbgold-48532\/","og_locale":"de_DE","og_type":"article","og_title":"Yellow Gold Diamond Stud Earring | PureJewels.com","og_description":"18K gold stud Online in London | Browse Latest Designs | Quick Delivery | 100 % Certified Jewellery.","og_url":"https:\/\/www.purejewels.com\/de\/produkt-2\/diamant-ohrstecker-aus-18-karat-gelbgold-48532\/","og_site_name":"PureJewels UK","article_modified_time":"2026-01-06T05:33:50+00:00","og_image":[{"width":1000,"height":1000,"url":"https:\/\/www.purejewels.com\/wp-content\/uploads\/2022\/02\/48532.png","type":"image\/png"}],"twitter_card":"summary_large_image","twitter_misc":{"Gesch\u00e4tzte Lesezeit":"1\u00a0Minute"},"schema":{"@context":"https:\/\/schema.org","@graph":[{"@type":["WebPage","ItemPage"],"@id":"https:\/\/www.purejewels.com\/product\/18ct-yellow-gold-diamond-stud-earring-48532\/","url":"https:\/\/www.purejewels.com\/product\/18ct-yellow-gold-diamond-stud-earring-48532\/","name":"Gelbgold-Diamant-Ohrstecker | PureJewels.com","isPartOf":{"@id":"https:\/\/www.purejewels.com\/#website"},"primaryImageOfPage":{"@id":"https:\/\/www.purejewels.com\/product\/18ct-yellow-gold-diamond-stud-earring-48532\/#primaryimage"},"image":{"@id":"https:\/\/www.purejewels.com\/product\/18ct-yellow-gold-diamond-stud-earring-48532\/#primaryimage"},"thumbnailUrl":"https:\/\/static.purejewels.com\/wp-content\/uploads\/2022\/02\/48532.png","datePublished":"2022-02-11T19:44:17+00:00","dateModified":"2026-01-06T05:33:50+00:00","description":"18K gold stud Online in London | Browse Latest Designs | Quick Delivery | 100 % Certified Jewellery.","breadcrumb":{"@id":"https:\/\/www.purejewels.com\/product\/18ct-yellow-gold-diamond-stud-earring-48532\/#breadcrumb"},"inLanguage":"de","potentialAction":[{"@type":"ReadAction","target":["https:\/\/www.purejewels.com\/product\/18ct-yellow-gold-diamond-stud-earring-48532\/"]}]},{"@type":"ImageObject","inLanguage":"de","@id":"https:\/\/www.purejewels.com\/product\/18ct-yellow-gold-diamond-stud-earring-48532\/#primaryimage","url":"https:\/\/static.purejewels.com\/wp-content\/uploads\/2022\/02\/48532.png","contentUrl":"https:\/\/static.purejewels.com\/wp-content\/uploads\/2022\/02\/48532.png","width":1000,"height":1000,"caption":"18ct Yellow Gold Diamond Stud Earring"},{"@type":"BreadcrumbList","@id":"https:\/\/www.purejewels.com\/product\/18ct-yellow-gold-diamond-stud-earring-48532\/#breadcrumb","itemListElement":[{"@type":"ListItem","position":1,"name":"Home","item":"https:\/\/www.purejewels.com\/"},{"@type":"ListItem","position":2,"name":"Shop","item":"https:\/\/www.purejewels.com\/shop\/"},{"@type":"ListItem","position":3,"name":"18ct Yellow Gold Diamond Stud Earring"}]},{"@type":"WebSite","@id":"https:\/\/www.purejewels.com\/#website","url":"https:\/\/www.purejewels.com\/","name":"PureJewels UK","description":"Teile die Liebe","publisher":{"@id":"https:\/\/www.purejewels.com\/#organization"},"potentialAction":[{"@type":"SearchAction","target":{"@type":"EntryPoint","urlTemplate":"https:\/\/www.purejewels.com\/?s={search_term_string}"},"query-input":{"@type":"PropertyValueSpecification","valueRequired":true,"valueName":"search_term_string"}}],"inLanguage":"de"},{"@type":"Organization","@id":"https:\/\/www.purejewels.com\/#organization","name":"PureJewels UK","url":"https:\/\/www.purejewels.com\/","logo":{"@type":"ImageObject","inLanguage":"de","@id":"https:\/\/www.purejewels.com\/#\/schema\/logo\/image\/","url":"https:\/\/static.purejewels.com\/wp-content\/uploads\/2020\/11\/Logo-PJ-New-1.png","contentUrl":"https:\/\/static.purejewels.com\/wp-content\/uploads\/2020\/11\/Logo-PJ-New-1.png","width":150,"height":80,"caption":"PureJewels UK"},"image":{"@id":"https:\/\/www.purejewels.com\/#\/schema\/logo\/image\/"}}]}},"_links":{"self":[{"href":"https:\/\/www.purejewels.com\/de\/wp-json\/wp\/v2\/product\/334149","targetHints":{"allow":["GET"]}}],"collection":[{"href":"https:\/\/www.purejewels.com\/de\/wp-json\/wp\/v2\/product"}],"about":[{"href":"https:\/\/www.purejewels.com\/de\/wp-json\/wp\/v2\/types\/product"}],"replies":[{"embeddable":true,"href":"https:\/\/www.purejewels.com\/de\/wp-json\/wp\/v2\/comments?post=334149"}],"version-history":[{"count":3,"href":"https:\/\/www.purejewels.com\/de\/wp-json\/wp\/v2\/product\/334149\/revisions"}],"predecessor-version":[{"id":389749,"href":"https:\/\/www.purejewels.com\/de\/wp-json\/wp\/v2\/product\/334149\/revisions\/389749"}],"wp:featuredmedia":[{"embeddable":true,"href":"https:\/\/www.purejewels.com\/de\/wp-json\/wp\/v2\/media\/383978"}],"wp:attachment":[{"href":"https:\/\/www.purejewels.com\/de\/wp-json\/wp\/v2\/media?parent=334149"}],"wp:term":[{"taxonomy":"product_brand","embeddable":true,"href":"https:\/\/www.purejewels.com\/de\/wp-json\/wp\/v2\/product_brand?post=334149"},{"taxonomy":"product_cat","embeddable":true,"href":"https:\/\/www.purejewels.com\/de\/wp-json\/wp\/v2\/product_cat?post=334149"},{"taxonomy":"product_tag","embeddable":true,"href":"https:\/\/www.purejewels.com\/de\/wp-json\/wp\/v2\/product_tag?post=334149"}],"curies":[{"name":"wp","href":"https:\/\/api.w.org\/{rel}","templated":true}]}}