{"id":334270,"date":"2024-08-04T05:56:28","date_gmt":"2024-08-04T04:56:28","guid":{"rendered":"https:\/\/www.purejewels.com\/?post_type=product&#038;p=334270"},"modified":"2026-01-30T07:36:49","modified_gmt":"2026-01-30T07:36:49","slug":"indische-goldene-reif-ohrringe-49204","status":"publish","type":"product","link":"https:\/\/www.purejewels.com\/de\/product\/indian-gold-hoop-earrings-49204\/","title":{"rendered":"Indische Gold-Reifen-Ohrringe"},"content":{"rendered":"<p data-start=\"0\" data-end=\"367\"><strong data-start=\"0\" data-end=\"10\">Gestaltung<\/strong><br data-start=\"10\" data-end=\"13\" \/>Diese Jhumka-Ohrringe aus 22-kar\u00e4tigem Gold aus unserer Jali Filigree Collection zelebrieren die klassische indische Form mit einer raffinierten, architektonischen Note. Eine skulpturale Kuppel h\u00e4ngt von einem kunstvoll gemusterten Oberteil mit offener Jali-Arbeit, die das Licht wie Spitze durchl\u00e4sst. Das Ergebnis ist ein Paar Ohrringe, das sich bei jedem Schritt luftig, elegant und voller ruhiger Bewegung anf\u00fchlt.<\/p>\n<p data-start=\"369\" data-end=\"754\"><strong data-start=\"369\" data-end=\"386\">Handwerkliches K\u00f6nnen<\/strong><br data-start=\"386\" data-end=\"389\" \/>Jede Jhumka wiegt ca. 8,9 Gramm und ist sorgf\u00e4ltig aus reichhaltigem 22-kar\u00e4tigem Gold gefertigt. Feine Filigran- und Schliffarbeiten zeugen vom K\u00f6nnen unserer Kunsthandwerker. Die Kuppeln sind sorgf\u00e4ltig ausbalanciert, um einen sanften Schwung zu erzeugen und gleichzeitig bequem am Ohr zu sitzen. Jedes Paar wird im Vereinigten K\u00f6nigreich mit einem Feingehaltsstempel versehen, so dass Sie es mit vollem Vertrauen tragen k\u00f6nnen.<\/p>\n<p data-start=\"756\" data-end=\"1167\" data-is-last-node=\"\" data-is-only-node=\"\"><strong data-start=\"756\" data-end=\"777\">Styling &amp; Geschenkartikel<\/strong><br data-start=\"777\" data-end=\"780\" \/>Diese Jhumkas passen perfekt zu Seidensaris, Lehengas und Anlasskleidung und verleihen Hochzeiten, Empf\u00e4ngen und festlichen Anl\u00e4ssen sofort einen Hauch von indischer Pracht. Sie werten auch eine schlichte Kurta oder ein Kleid auf, wenn Sie m\u00f6chten, dass Ihr Schmuck f\u00fcr sich spricht. In einer sch\u00f6nen Geschenkbox verpackt, sind sie eine denkw\u00fcrdige Wahl f\u00fcr Brautausstattungen, Jubil\u00e4en oder als besonderes Geschenk, das ein Erbst\u00fcck wert ist.<\/p>","protected":false},"excerpt":{"rendered":"<div class=\"woocommerce-product-details__short-description\">\n<table class=\"sh_desc\">\n<tbody>\n<tr>\n<td>Art des Ohrrings<\/td>\n<td>Hoop-Ohrring mit Jumkha<\/td>\n<\/tr>\n<tr>\n<td>SKU<\/td>\n<td>49204<\/td>\n<\/tr>\n<tr>\n<td>Durchmesser<\/td>\n<td>42mm<\/td>\n<\/tr>\n<tr>\n<td>Gewicht<\/td>\n<td>11,5 Gramm<\/td>\n<\/tr>\n<tr>\n<td>Metall<\/td>\n<td>22ct Gold<\/td>\n<\/tr>\n<tr>\n<td>KatalogID<\/td>\n<td>A1006<\/td>\n<\/tr>\n<tr>\n<td>Entgelte<\/td>\n<td>Lieferung und Mehrwertsteuer inbegriffen<\/td>\n<\/tr>\n<tr>\n<td>Verpackung<\/td>\n<td>Mit Pr\u00e4sentationsbox<\/td>\n<\/tr>\n<tr>\n<td>Mehr Informationen<\/td>\n<td>Live-Chat mit uns f\u00fcr Verf\u00fcgbarkeit und mehr Bilder<\/td>\n<\/tr>\n<\/tbody>\n<\/table>\n<\/div>\n<div class=\"btn-atc atc-slide\"><\/div>\n<div class=\"product_meta\"><\/div>","protected":false},"featured_media":355134,"comment_status":"closed","ping_status":"closed","template":"","meta":{"_eb_attr":"","_crsspst_to_jayantr4sg-hostcom":false},"product_brand":[],"product_cat":[1791,245,5639,6145,6139,5370,1254,1229,1579,1574],"product_tag":[66],"class_list":{"0":"post-334270","1":"product","2":"type-product","3":"status-publish","4":"has-post-thumbnail","6":"product_cat-anniversary-gifts","7":"product_cat-armari-collections","8":"product_cat-armari-earring","9":"product_cat-armari-hoop-earring","10":"product_cat-armari-jhumka-earring","11":"product_cat-ethnic-jewellery","12":"product_cat-gold-earrings","13":"product_cat-22ct-gold-jewellery","14":"product_cat-hoop-earrings","15":"product_cat-womens-jewellery","16":"product_tag-earrings","18":"first","19":"onbackorder","20":"taxable","21":"shipping-taxable","22":"purchasable","23":"product-type-simple","24":"add-to-wishlist-before_image"},"yoast_head":"<!-- This site is optimized with the Yoast SEO plugin v27.5 - https:\/\/yoast.com\/product\/yoast-seo-wordpress\/ -->\n<title>22ct Indian Gold Hoop Earrings Best Jewellery Gift for Her<\/title>\n<meta name=\"description\" content=\"Buy the best real gold jewellery gifts for your loved ones this Festival. Order online for free and fast UK delivery.\" \/>\n<meta name=\"robots\" content=\"index, follow, max-snippet:-1, max-image-preview:large, max-video-preview:-1\" \/>\n<link rel=\"canonical\" href=\"https:\/\/www.purejewels.com\/de\/produkt-2\/indische-goldene-reif-ohrringe-49204\/\" \/>\n<meta property=\"og:locale\" content=\"de_DE\" \/>\n<meta property=\"og:type\" content=\"article\" \/>\n<meta property=\"og:title\" content=\"22ct Indian Gold Hoop Earrings Best Jewellery Gift for Her\" \/>\n<meta property=\"og:description\" content=\"Buy the best real gold jewellery gifts for your loved ones this Festival. Order online for free and fast UK delivery.\" \/>\n<meta property=\"og:url\" content=\"https:\/\/www.purejewels.com\/de\/produkt-2\/indische-goldene-reif-ohrringe-49204\/\" \/>\n<meta property=\"og:site_name\" content=\"PureJewels UK\" \/>\n<meta property=\"article:modified_time\" content=\"2026-01-30T07:36:49+00:00\" \/>\n<meta property=\"og:image\" content=\"https:\/\/static.purejewels.com\/wp-content\/uploads\/2022\/09\/46003.jpg\" \/>\n\t<meta property=\"og:image:width\" content=\"27058\" \/>\n\t<meta property=\"og:image:height\" content=\"55040\" \/>\n\t<meta property=\"og:image:type\" content=\"image\/jpeg\" \/>\n<meta name=\"twitter:card\" content=\"summary_large_image\" \/>\n<meta name=\"twitter:label1\" content=\"Gesch\u00e4tzte Lesezeit\" \/>\n\t<meta name=\"twitter:data1\" content=\"1\u00a0Minute\" \/>\n<script type=\"application\/ld+json\" class=\"yoast-schema-graph\">{\"@context\":\"https:\\\/\\\/schema.org\",\"@graph\":[{\"@type\":[\"WebPage\",\"ItemPage\"],\"@id\":\"https:\\\/\\\/www.purejewels.com\\\/product\\\/indian-gold-hoop-earrings-49204\\\/\",\"url\":\"https:\\\/\\\/www.purejewels.com\\\/product\\\/indian-gold-hoop-earrings-49204\\\/\",\"name\":\"22ct Indian Gold Hoop Earrings Best Jewellery Gift for Her\",\"isPartOf\":{\"@id\":\"https:\\\/\\\/www.purejewels.com\\\/#website\"},\"primaryImageOfPage\":{\"@id\":\"https:\\\/\\\/www.purejewels.com\\\/product\\\/indian-gold-hoop-earrings-49204\\\/#primaryimage\"},\"image\":{\"@id\":\"https:\\\/\\\/www.purejewels.com\\\/product\\\/indian-gold-hoop-earrings-49204\\\/#primaryimage\"},\"thumbnailUrl\":\"https:\\\/\\\/static.purejewels.com\\\/wp-content\\\/uploads\\\/2022\\\/09\\\/46003.jpg\",\"datePublished\":\"2024-08-04T04:56:28+00:00\",\"dateModified\":\"2026-01-30T07:36:49+00:00\",\"description\":\"Buy the best real gold jewellery gifts for your loved ones this Festival. Order online for free and fast UK delivery.\",\"breadcrumb\":{\"@id\":\"https:\\\/\\\/www.purejewels.com\\\/product\\\/indian-gold-hoop-earrings-49204\\\/#breadcrumb\"},\"inLanguage\":\"de\",\"potentialAction\":[{\"@type\":\"ReadAction\",\"target\":[\"https:\\\/\\\/www.purejewels.com\\\/product\\\/indian-gold-hoop-earrings-49204\\\/\"]}]},{\"@type\":\"ImageObject\",\"inLanguage\":\"de\",\"@id\":\"https:\\\/\\\/www.purejewels.com\\\/product\\\/indian-gold-hoop-earrings-49204\\\/#primaryimage\",\"url\":\"https:\\\/\\\/static.purejewels.com\\\/wp-content\\\/uploads\\\/2022\\\/09\\\/46003.jpg\",\"contentUrl\":\"https:\\\/\\\/static.purejewels.com\\\/wp-content\\\/uploads\\\/2022\\\/09\\\/46003.jpg\",\"width\":27058,\"height\":55040,\"caption\":\"22ctGold Hoops with Jumkha\"},{\"@type\":\"BreadcrumbList\",\"@id\":\"https:\\\/\\\/www.purejewels.com\\\/product\\\/indian-gold-hoop-earrings-49204\\\/#breadcrumb\",\"itemListElement\":[{\"@type\":\"ListItem\",\"position\":1,\"name\":\"Home\",\"item\":\"https:\\\/\\\/www.purejewels.com\\\/\"},{\"@type\":\"ListItem\",\"position\":2,\"name\":\"Shop\",\"item\":\"https:\\\/\\\/www.purejewels.com\\\/shop\\\/\"},{\"@type\":\"ListItem\",\"position\":3,\"name\":\"Indian Gold Hoop Earrings\"}]},{\"@type\":\"WebSite\",\"@id\":\"https:\\\/\\\/www.purejewels.com\\\/#website\",\"url\":\"https:\\\/\\\/www.purejewels.com\\\/\",\"name\":\"PureJewels UK\",\"description\":\"Share the Love\",\"publisher\":{\"@id\":\"https:\\\/\\\/www.purejewels.com\\\/#organization\"},\"potentialAction\":[{\"@type\":\"SearchAction\",\"target\":{\"@type\":\"EntryPoint\",\"urlTemplate\":\"https:\\\/\\\/www.purejewels.com\\\/?s={search_term_string}\"},\"query-input\":{\"@type\":\"PropertyValueSpecification\",\"valueRequired\":true,\"valueName\":\"search_term_string\"}}],\"inLanguage\":\"de\"},{\"@type\":\"Organization\",\"@id\":\"https:\\\/\\\/www.purejewels.com\\\/#organization\",\"name\":\"PureJewels UK\",\"url\":\"https:\\\/\\\/www.purejewels.com\\\/\",\"logo\":{\"@type\":\"ImageObject\",\"inLanguage\":\"de\",\"@id\":\"https:\\\/\\\/www.purejewels.com\\\/#\\\/schema\\\/logo\\\/image\\\/\",\"url\":\"https:\\\/\\\/static.purejewels.com\\\/wp-content\\\/uploads\\\/2020\\\/11\\\/Logo-PJ-New-1.png\",\"contentUrl\":\"https:\\\/\\\/static.purejewels.com\\\/wp-content\\\/uploads\\\/2020\\\/11\\\/Logo-PJ-New-1.png\",\"width\":150,\"height\":80,\"caption\":\"PureJewels UK\"},\"image\":{\"@id\":\"https:\\\/\\\/www.purejewels.com\\\/#\\\/schema\\\/logo\\\/image\\\/\"}}]}<\/script>\n<!-- \/ Yoast SEO plugin. -->","yoast_head_json":{"title":"22ct Indian Gold Hoop Earrings Bester Schmuck Geschenk f\u00fcr Sie","description":"Kaufen Sie die besten Schmuckgeschenke aus echtem Gold f\u00fcr Ihre Liebsten zu diesem Fest. Bestellen Sie online f\u00fcr eine kostenlose und schnelle Lieferung nach Gro\u00dfbritannien.","robots":{"index":"index","follow":"follow","max-snippet":"max-snippet:-1","max-image-preview":"max-image-preview:large","max-video-preview":"max-video-preview:-1"},"canonical":"https:\/\/www.purejewels.com\/de\/produkt-2\/indische-goldene-reif-ohrringe-49204\/","og_locale":"de_DE","og_type":"article","og_title":"22ct Indian Gold Hoop Earrings Best Jewellery Gift for Her","og_description":"Buy the best real gold jewellery gifts for your loved ones this Festival. Order online for free and fast UK delivery.","og_url":"https:\/\/www.purejewels.com\/de\/produkt-2\/indische-goldene-reif-ohrringe-49204\/","og_site_name":"PureJewels UK","article_modified_time":"2026-01-30T07:36:49+00:00","og_image":[{"width":27058,"height":55040,"url":"https:\/\/static.purejewels.com\/wp-content\/uploads\/2022\/09\/46003.jpg","type":"image\/jpeg"}],"twitter_card":"summary_large_image","twitter_misc":{"Gesch\u00e4tzte Lesezeit":"1\u00a0Minute"},"schema":{"@context":"https:\/\/schema.org","@graph":[{"@type":["WebPage","ItemPage"],"@id":"https:\/\/www.purejewels.com\/product\/indian-gold-hoop-earrings-49204\/","url":"https:\/\/www.purejewels.com\/product\/indian-gold-hoop-earrings-49204\/","name":"22ct Indian Gold Hoop Earrings Bester Schmuck Geschenk f\u00fcr Sie","isPartOf":{"@id":"https:\/\/www.purejewels.com\/#website"},"primaryImageOfPage":{"@id":"https:\/\/www.purejewels.com\/product\/indian-gold-hoop-earrings-49204\/#primaryimage"},"image":{"@id":"https:\/\/www.purejewels.com\/product\/indian-gold-hoop-earrings-49204\/#primaryimage"},"thumbnailUrl":"https:\/\/static.purejewels.com\/wp-content\/uploads\/2022\/09\/46003.jpg","datePublished":"2024-08-04T04:56:28+00:00","dateModified":"2026-01-30T07:36:49+00:00","description":"Kaufen Sie die besten Schmuckgeschenke aus echtem Gold f\u00fcr Ihre Liebsten zu diesem Fest. Bestellen Sie online f\u00fcr eine kostenlose und schnelle Lieferung nach Gro\u00dfbritannien.","breadcrumb":{"@id":"https:\/\/www.purejewels.com\/product\/indian-gold-hoop-earrings-49204\/#breadcrumb"},"inLanguage":"de","potentialAction":[{"@type":"ReadAction","target":["https:\/\/www.purejewels.com\/product\/indian-gold-hoop-earrings-49204\/"]}]},{"@type":"ImageObject","inLanguage":"de","@id":"https:\/\/www.purejewels.com\/product\/indian-gold-hoop-earrings-49204\/#primaryimage","url":"https:\/\/static.purejewels.com\/wp-content\/uploads\/2022\/09\/46003.jpg","contentUrl":"https:\/\/static.purejewels.com\/wp-content\/uploads\/2022\/09\/46003.jpg","width":27058,"height":55040,"caption":"22ctGold Hoops with Jumkha"},{"@type":"BreadcrumbList","@id":"https:\/\/www.purejewels.com\/product\/indian-gold-hoop-earrings-49204\/#breadcrumb","itemListElement":[{"@type":"ListItem","position":1,"name":"Home","item":"https:\/\/www.purejewels.com\/"},{"@type":"ListItem","position":2,"name":"Shop","item":"https:\/\/www.purejewels.com\/shop\/"},{"@type":"ListItem","position":3,"name":"Indian Gold Hoop Earrings"}]},{"@type":"WebSite","@id":"https:\/\/www.purejewels.com\/#website","url":"https:\/\/www.purejewels.com\/","name":"PureJewels UK","description":"Teile die Liebe","publisher":{"@id":"https:\/\/www.purejewels.com\/#organization"},"potentialAction":[{"@type":"SearchAction","target":{"@type":"EntryPoint","urlTemplate":"https:\/\/www.purejewels.com\/?s={search_term_string}"},"query-input":{"@type":"PropertyValueSpecification","valueRequired":true,"valueName":"search_term_string"}}],"inLanguage":"de"},{"@type":"Organization","@id":"https:\/\/www.purejewels.com\/#organization","name":"PureJewels UK","url":"https:\/\/www.purejewels.com\/","logo":{"@type":"ImageObject","inLanguage":"de","@id":"https:\/\/www.purejewels.com\/#\/schema\/logo\/image\/","url":"https:\/\/static.purejewels.com\/wp-content\/uploads\/2020\/11\/Logo-PJ-New-1.png","contentUrl":"https:\/\/static.purejewels.com\/wp-content\/uploads\/2020\/11\/Logo-PJ-New-1.png","width":150,"height":80,"caption":"PureJewels UK"},"image":{"@id":"https:\/\/www.purejewels.com\/#\/schema\/logo\/image\/"}}]}},"_links":{"self":[{"href":"https:\/\/www.purejewels.com\/de\/wp-json\/wp\/v2\/product\/334270","targetHints":{"allow":["GET"]}}],"collection":[{"href":"https:\/\/www.purejewels.com\/de\/wp-json\/wp\/v2\/product"}],"about":[{"href":"https:\/\/www.purejewels.com\/de\/wp-json\/wp\/v2\/types\/product"}],"replies":[{"embeddable":true,"href":"https:\/\/www.purejewels.com\/de\/wp-json\/wp\/v2\/comments?post=334270"}],"version-history":[{"count":4,"href":"https:\/\/www.purejewels.com\/de\/wp-json\/wp\/v2\/product\/334270\/revisions"}],"predecessor-version":[{"id":425009,"href":"https:\/\/www.purejewels.com\/de\/wp-json\/wp\/v2\/product\/334270\/revisions\/425009"}],"wp:featuredmedia":[{"embeddable":true,"href":"https:\/\/www.purejewels.com\/de\/wp-json\/wp\/v2\/media\/355134"}],"wp:attachment":[{"href":"https:\/\/www.purejewels.com\/de\/wp-json\/wp\/v2\/media?parent=334270"}],"wp:term":[{"taxonomy":"product_brand","embeddable":true,"href":"https:\/\/www.purejewels.com\/de\/wp-json\/wp\/v2\/product_brand?post=334270"},{"taxonomy":"product_cat","embeddable":true,"href":"https:\/\/www.purejewels.com\/de\/wp-json\/wp\/v2\/product_cat?post=334270"},{"taxonomy":"product_tag","embeddable":true,"href":"https:\/\/www.purejewels.com\/de\/wp-json\/wp\/v2\/product_tag?post=334270"}],"curies":[{"name":"wp","href":"https:\/\/api.w.org\/{rel}","templated":true}]}}