{"id":334314,"date":"2022-05-27T06:48:42","date_gmt":"2022-05-27T05:48:42","guid":{"rendered":"https:\/\/www.purejewels.com\/?post_type=product&#038;p=334314"},"modified":"2026-01-06T08:09:02","modified_gmt":"2026-01-06T08:09:02","slug":"anhanger-aus-22-karat-gold-rosevergoldet-41783","status":"publish","type":"product","link":"https:\/\/www.purejewels.com\/de\/product\/22ct-gold-pendant-rose-gold-finish-41783\/","title":{"rendered":"22ct Gold Anh\u00e4nger | Rose Gold Finish | Runde Form"},"content":{"rendered":"<p>Wir stellen unseren exquisiten 22-kar\u00e4tigen Ros\u00e9gold-Anh\u00e4nger vor, eine atemberaubende Erg\u00e4nzung unserer Ros\u00e9gold-Kollektion. Dieser runde Anh\u00e4nger hat ein wundersch\u00f6nes Ros\u00e9gold-Finish und wiegt 5,1 Gramm f\u00fcr ein luxuri\u00f6ses Gef\u00fchl. Der Anh\u00e4nger hat ein elegantes Design und eignet sich perfekt f\u00fcr das t\u00e4gliche Tragen oder f\u00fcr besondere Anl\u00e4sse. Bitte beachten Sie, dass die Kette nicht im Lieferumfang enthalten ist, aber Sie k\u00f6nnen unsere Sammlung von Damen sehen <a href=\"https:\/\/www.purejewels.com\/de\/product-category\/22ct-gold-jewellery\/gold-chains\/\">Ketten<\/a> um den perfekten Partner zu finden.<\/p>\n<p>Alle unsere Produkte sind vom London Assay Office gepunzt, um h\u00f6chste Qualit\u00e4t und Echtheit zu gew\u00e4hrleisten. Ihr Anh\u00e4nger wird in einer sch\u00f6nen Geschenkbox geliefert, wobei die Lieferung im Preis inbegriffen ist. Wenn Sie Fragen haben oder ein Video des Produkts sehen m\u00f6chten, kontaktieren Sie uns bitte oder chatten Sie mit uns live.<\/p>\n<p>Dieser Anh\u00e4nger aus Ros\u00e9gold ist ein perfektes Geschenk f\u00fcr Jahrestage, Geburtstage, Valentinstag, Muttertag, Hochzeiten oder jeden anderen besonderen Anlass. Entdecken Sie unsere Sparkle-Kollektion und g\u00f6nnen Sie sich oder einem lieben Menschen dieses elegante Schmuckst\u00fcck.<\/p>","protected":false},"excerpt":{"rendered":"<ul>\n<li>22ct Rose Gold Anh\u00e4nger<\/li>\n<li>Gewicht. 5.1 gms<\/li>\n<li>SKU.41783<\/li>\n<li>Kette nicht enthalten<\/li>\n<li>Sehen Sie sich unsere Sammlung von\u00a0<strong>Damen-Kette<\/strong><\/li>\n<li>Alle unsere Produkte sind vom London Assay Office gestempelt.<\/li>\n<li>Mit Pr\u00e4sentationsbox<\/li>\n<li>Lieferung inbegriffen<\/li>\n<li>Alle Preise inklusive Mehrwertsteuer<\/li>\n<li>Kontaktieren Sie uns\/Live-Chat mit uns, um ein Video des Produkts zu sehen<\/li>\n<\/ul>","protected":false},"featured_media":336930,"comment_status":"closed","ping_status":"closed","template":"","meta":{"_eb_attr":"","_crsspst_to_jayantr4sg-hostcom":false},"product_brand":[],"product_cat":[1791,1559,236,1770,1792,1790,1255,1767,1570,246,5354,248,1569,1573,1574],"product_tag":[],"class_list":{"0":"post-334314","1":"product","2":"type-product","3":"status-publish","4":"has-post-thumbnail","6":"product_cat-anniversary-gifts","7":"product_cat-birthday-gifts","8":"product_cat-collections","9":"product_cat-fancy-pendants","10":"product_cat-festival-gifts","11":"product_cat-for-whom-when","12":"product_cat-gold-pendants","13":"product_cat-ladies-pendants","14":"product_cat-mothers-day-gifts","15":"product_cat-rose-gold-collections","16":"product_cat-rose-gold-jewellery","17":"product_cat-sparkle-collections","18":"product_cat-valentine-day-gifts","19":"product_cat-wedding-gifts","20":"product_cat-womens-jewellery","22":"first","23":"outofstock","24":"taxable","25":"shipping-taxable","26":"product-type-simple","27":"add-to-wishlist-before_image"},"yoast_head":"<!-- This site is optimized with the Yoast SEO plugin v27.3 - https:\/\/yoast.com\/product\/yoast-seo-wordpress\/ -->\n<title>Rose Gold Pendants | Round Pendants | PureJewels.com<\/title>\n<meta name=\"description\" content=\"Round Shaped Rose Gold Pendants Online in UK | Shop wide range of Rose Gold Jewellery in London | Perfect For Gifting | Quick Delivery\" \/>\n<meta name=\"robots\" content=\"index, follow, max-snippet:-1, max-image-preview:large, max-video-preview:-1\" \/>\n<link rel=\"canonical\" href=\"https:\/\/www.purejewels.com\/de\/produkt-2\/anhanger-aus-22-karat-gold-rosevergoldet-41783\/\" \/>\n<meta property=\"og:locale\" content=\"de_DE\" \/>\n<meta property=\"og:type\" content=\"article\" \/>\n<meta property=\"og:title\" content=\"Rose Gold Pendants | Round Pendants | PureJewels.com\" \/>\n<meta property=\"og:description\" content=\"Round Shaped Rose Gold Pendants Online in UK | Shop wide range of Rose Gold Jewellery in London | Perfect For Gifting | Quick Delivery\" \/>\n<meta property=\"og:url\" content=\"https:\/\/www.purejewels.com\/de\/produkt-2\/anhanger-aus-22-karat-gold-rosevergoldet-41783\/\" \/>\n<meta property=\"og:site_name\" content=\"PureJewels UK\" \/>\n<meta property=\"article:modified_time\" content=\"2026-01-06T08:09:02+00:00\" \/>\n<meta property=\"og:image\" content=\"https:\/\/www.purejewels.com\/wp-content\/uploads\/2022\/02\/41783-1.jpg\" \/>\n\t<meta property=\"og:image:width\" content=\"1000\" \/>\n\t<meta property=\"og:image:height\" content=\"1000\" \/>\n\t<meta property=\"og:image:type\" content=\"image\/jpeg\" \/>\n<meta name=\"twitter:card\" content=\"summary_large_image\" \/>\n<meta name=\"twitter:label1\" content=\"Gesch\u00e4tzte Lesezeit\" \/>\n\t<meta name=\"twitter:data1\" content=\"1\u00a0Minute\" \/>\n<script type=\"application\/ld+json\" class=\"yoast-schema-graph\">{\"@context\":\"https:\\\/\\\/schema.org\",\"@graph\":[{\"@type\":[\"WebPage\",\"ItemPage\"],\"@id\":\"https:\\\/\\\/www.purejewels.com\\\/product\\\/22ct-gold-pendant-rose-gold-finish-41783\\\/\",\"url\":\"https:\\\/\\\/www.purejewels.com\\\/product\\\/22ct-gold-pendant-rose-gold-finish-41783\\\/\",\"name\":\"Rose Gold Pendants | Round Pendants | PureJewels.com\",\"isPartOf\":{\"@id\":\"https:\\\/\\\/www.purejewels.com\\\/#website\"},\"primaryImageOfPage\":{\"@id\":\"https:\\\/\\\/www.purejewels.com\\\/product\\\/22ct-gold-pendant-rose-gold-finish-41783\\\/#primaryimage\"},\"image\":{\"@id\":\"https:\\\/\\\/www.purejewels.com\\\/product\\\/22ct-gold-pendant-rose-gold-finish-41783\\\/#primaryimage\"},\"thumbnailUrl\":\"https:\\\/\\\/static.purejewels.com\\\/wp-content\\\/uploads\\\/2022\\\/02\\\/41783-1.jpg\",\"datePublished\":\"2022-05-27T05:48:42+00:00\",\"dateModified\":\"2026-01-06T08:09:02+00:00\",\"description\":\"Round Shaped Rose Gold Pendants Online in UK | Shop wide range of Rose Gold Jewellery in London | Perfect For Gifting | Quick Delivery\",\"breadcrumb\":{\"@id\":\"https:\\\/\\\/www.purejewels.com\\\/product\\\/22ct-gold-pendant-rose-gold-finish-41783\\\/#breadcrumb\"},\"inLanguage\":\"de\",\"potentialAction\":[{\"@type\":\"ReadAction\",\"target\":[\"https:\\\/\\\/www.purejewels.com\\\/product\\\/22ct-gold-pendant-rose-gold-finish-41783\\\/\"]}]},{\"@type\":\"ImageObject\",\"inLanguage\":\"de\",\"@id\":\"https:\\\/\\\/www.purejewels.com\\\/product\\\/22ct-gold-pendant-rose-gold-finish-41783\\\/#primaryimage\",\"url\":\"https:\\\/\\\/static.purejewels.com\\\/wp-content\\\/uploads\\\/2022\\\/02\\\/41783-1.jpg\",\"contentUrl\":\"https:\\\/\\\/static.purejewels.com\\\/wp-content\\\/uploads\\\/2022\\\/02\\\/41783-1.jpg\",\"width\":1000,\"height\":1000,\"caption\":\"22ct Gold Pendant\"},{\"@type\":\"BreadcrumbList\",\"@id\":\"https:\\\/\\\/www.purejewels.com\\\/product\\\/22ct-gold-pendant-rose-gold-finish-41783\\\/#breadcrumb\",\"itemListElement\":[{\"@type\":\"ListItem\",\"position\":1,\"name\":\"Home\",\"item\":\"https:\\\/\\\/www.purejewels.com\\\/\"},{\"@type\":\"ListItem\",\"position\":2,\"name\":\"Shop\",\"item\":\"https:\\\/\\\/www.purejewels.com\\\/shop\\\/\"},{\"@type\":\"ListItem\",\"position\":3,\"name\":\"22ct Gold Pendant | Rose Gold Finish | Round Shape\"}]},{\"@type\":\"WebSite\",\"@id\":\"https:\\\/\\\/www.purejewels.com\\\/#website\",\"url\":\"https:\\\/\\\/www.purejewels.com\\\/\",\"name\":\"PureJewels UK\",\"description\":\"Share the Love\",\"publisher\":{\"@id\":\"https:\\\/\\\/www.purejewels.com\\\/#organization\"},\"potentialAction\":[{\"@type\":\"SearchAction\",\"target\":{\"@type\":\"EntryPoint\",\"urlTemplate\":\"https:\\\/\\\/www.purejewels.com\\\/?s={search_term_string}\"},\"query-input\":{\"@type\":\"PropertyValueSpecification\",\"valueRequired\":true,\"valueName\":\"search_term_string\"}}],\"inLanguage\":\"de\"},{\"@type\":\"Organization\",\"@id\":\"https:\\\/\\\/www.purejewels.com\\\/#organization\",\"name\":\"PureJewels UK\",\"url\":\"https:\\\/\\\/www.purejewels.com\\\/\",\"logo\":{\"@type\":\"ImageObject\",\"inLanguage\":\"de\",\"@id\":\"https:\\\/\\\/www.purejewels.com\\\/#\\\/schema\\\/logo\\\/image\\\/\",\"url\":\"https:\\\/\\\/static.purejewels.com\\\/wp-content\\\/uploads\\\/2020\\\/11\\\/Logo-PJ-New-1.png\",\"contentUrl\":\"https:\\\/\\\/static.purejewels.com\\\/wp-content\\\/uploads\\\/2020\\\/11\\\/Logo-PJ-New-1.png\",\"width\":150,\"height\":80,\"caption\":\"PureJewels UK\"},\"image\":{\"@id\":\"https:\\\/\\\/www.purejewels.com\\\/#\\\/schema\\\/logo\\\/image\\\/\"}}]}<\/script>\n<!-- \/ Yoast SEO plugin. -->","yoast_head_json":{"title":"Rose Gold Anh\u00e4nger | Runde Anh\u00e4nger | PureJewels.com","description":"Round Shaped Rose Gold Anh\u00e4nger Online in UK | Shop breite Palette von Rose Gold Schmuck in London | Perfekt f\u00fcr Geschenkartikel | Schnelle Lieferung","robots":{"index":"index","follow":"follow","max-snippet":"max-snippet:-1","max-image-preview":"max-image-preview:large","max-video-preview":"max-video-preview:-1"},"canonical":"https:\/\/www.purejewels.com\/de\/produkt-2\/anhanger-aus-22-karat-gold-rosevergoldet-41783\/","og_locale":"de_DE","og_type":"article","og_title":"Rose Gold Pendants | Round Pendants | PureJewels.com","og_description":"Round Shaped Rose Gold Pendants Online in UK | Shop wide range of Rose Gold Jewellery in London | Perfect For Gifting | Quick Delivery","og_url":"https:\/\/www.purejewels.com\/de\/produkt-2\/anhanger-aus-22-karat-gold-rosevergoldet-41783\/","og_site_name":"PureJewels UK","article_modified_time":"2026-01-06T08:09:02+00:00","og_image":[{"width":1000,"height":1000,"url":"https:\/\/www.purejewels.com\/wp-content\/uploads\/2022\/02\/41783-1.jpg","type":"image\/jpeg"}],"twitter_card":"summary_large_image","twitter_misc":{"Gesch\u00e4tzte Lesezeit":"1\u00a0Minute"},"schema":{"@context":"https:\/\/schema.org","@graph":[{"@type":["WebPage","ItemPage"],"@id":"https:\/\/www.purejewels.com\/product\/22ct-gold-pendant-rose-gold-finish-41783\/","url":"https:\/\/www.purejewels.com\/product\/22ct-gold-pendant-rose-gold-finish-41783\/","name":"Rose Gold Anh\u00e4nger | Runde Anh\u00e4nger | PureJewels.com","isPartOf":{"@id":"https:\/\/www.purejewels.com\/#website"},"primaryImageOfPage":{"@id":"https:\/\/www.purejewels.com\/product\/22ct-gold-pendant-rose-gold-finish-41783\/#primaryimage"},"image":{"@id":"https:\/\/www.purejewels.com\/product\/22ct-gold-pendant-rose-gold-finish-41783\/#primaryimage"},"thumbnailUrl":"https:\/\/static.purejewels.com\/wp-content\/uploads\/2022\/02\/41783-1.jpg","datePublished":"2022-05-27T05:48:42+00:00","dateModified":"2026-01-06T08:09:02+00:00","description":"Round Shaped Rose Gold Anh\u00e4nger Online in UK | Shop breite Palette von Rose Gold Schmuck in London | Perfekt f\u00fcr Geschenkartikel | Schnelle Lieferung","breadcrumb":{"@id":"https:\/\/www.purejewels.com\/product\/22ct-gold-pendant-rose-gold-finish-41783\/#breadcrumb"},"inLanguage":"de","potentialAction":[{"@type":"ReadAction","target":["https:\/\/www.purejewels.com\/product\/22ct-gold-pendant-rose-gold-finish-41783\/"]}]},{"@type":"ImageObject","inLanguage":"de","@id":"https:\/\/www.purejewels.com\/product\/22ct-gold-pendant-rose-gold-finish-41783\/#primaryimage","url":"https:\/\/static.purejewels.com\/wp-content\/uploads\/2022\/02\/41783-1.jpg","contentUrl":"https:\/\/static.purejewels.com\/wp-content\/uploads\/2022\/02\/41783-1.jpg","width":1000,"height":1000,"caption":"22ct Gold Pendant"},{"@type":"BreadcrumbList","@id":"https:\/\/www.purejewels.com\/product\/22ct-gold-pendant-rose-gold-finish-41783\/#breadcrumb","itemListElement":[{"@type":"ListItem","position":1,"name":"Home","item":"https:\/\/www.purejewels.com\/"},{"@type":"ListItem","position":2,"name":"Shop","item":"https:\/\/www.purejewels.com\/shop\/"},{"@type":"ListItem","position":3,"name":"22ct Gold Pendant | Rose Gold Finish | Round Shape"}]},{"@type":"WebSite","@id":"https:\/\/www.purejewels.com\/#website","url":"https:\/\/www.purejewels.com\/","name":"PureJewels UK","description":"Teile die Liebe","publisher":{"@id":"https:\/\/www.purejewels.com\/#organization"},"potentialAction":[{"@type":"SearchAction","target":{"@type":"EntryPoint","urlTemplate":"https:\/\/www.purejewels.com\/?s={search_term_string}"},"query-input":{"@type":"PropertyValueSpecification","valueRequired":true,"valueName":"search_term_string"}}],"inLanguage":"de"},{"@type":"Organization","@id":"https:\/\/www.purejewels.com\/#organization","name":"PureJewels UK","url":"https:\/\/www.purejewels.com\/","logo":{"@type":"ImageObject","inLanguage":"de","@id":"https:\/\/www.purejewels.com\/#\/schema\/logo\/image\/","url":"https:\/\/static.purejewels.com\/wp-content\/uploads\/2020\/11\/Logo-PJ-New-1.png","contentUrl":"https:\/\/static.purejewels.com\/wp-content\/uploads\/2020\/11\/Logo-PJ-New-1.png","width":150,"height":80,"caption":"PureJewels UK"},"image":{"@id":"https:\/\/www.purejewels.com\/#\/schema\/logo\/image\/"}}]}},"_links":{"self":[{"href":"https:\/\/www.purejewels.com\/de\/wp-json\/wp\/v2\/product\/334314","targetHints":{"allow":["GET"]}}],"collection":[{"href":"https:\/\/www.purejewels.com\/de\/wp-json\/wp\/v2\/product"}],"about":[{"href":"https:\/\/www.purejewels.com\/de\/wp-json\/wp\/v2\/types\/product"}],"replies":[{"embeddable":true,"href":"https:\/\/www.purejewels.com\/de\/wp-json\/wp\/v2\/comments?post=334314"}],"version-history":[{"count":1,"href":"https:\/\/www.purejewels.com\/de\/wp-json\/wp\/v2\/product\/334314\/revisions"}],"predecessor-version":[{"id":420826,"href":"https:\/\/www.purejewels.com\/de\/wp-json\/wp\/v2\/product\/334314\/revisions\/420826"}],"wp:featuredmedia":[{"embeddable":true,"href":"https:\/\/www.purejewels.com\/de\/wp-json\/wp\/v2\/media\/336930"}],"wp:attachment":[{"href":"https:\/\/www.purejewels.com\/de\/wp-json\/wp\/v2\/media?parent=334314"}],"wp:term":[{"taxonomy":"product_brand","embeddable":true,"href":"https:\/\/www.purejewels.com\/de\/wp-json\/wp\/v2\/product_brand?post=334314"},{"taxonomy":"product_cat","embeddable":true,"href":"https:\/\/www.purejewels.com\/de\/wp-json\/wp\/v2\/product_cat?post=334314"},{"taxonomy":"product_tag","embeddable":true,"href":"https:\/\/www.purejewels.com\/de\/wp-json\/wp\/v2\/product_tag?post=334314"}],"curies":[{"name":"wp","href":"https:\/\/api.w.org\/{rel}","templated":true}]}}