{"id":334344,"date":"2022-02-15T04:05:32","date_gmt":"2022-02-15T04:05:32","guid":{"rendered":"https:\/\/www.purejewels.com\/?post_type=product&#038;p=334344"},"modified":"2025-11-10T06:52:02","modified_gmt":"2025-11-10T06:52:02","slug":"indische-gold-ringe-uk-47507","status":"publish","type":"product","link":"https:\/\/www.purejewels.com\/de\/product\/indian-gold-rings-uk-47507\/","title":{"rendered":"Indische Gold Ringe UK | Gr\u00f6\u00dfe K"},"content":{"rendered":"<p data-start=\"0\" data-end=\"431\"><strong data-start=\"0\" data-end=\"10\">Gestaltung<\/strong><br data-start=\"10\" data-end=\"13\" \/>Dieser Ring aus 22-kar\u00e4tigem Gold aus der Rosette-Kollektion ist von einer bl\u00fchenden Blume inspiriert und f\u00e4ngt die weiche Geometrie der geschichteten Bl\u00fctenbl\u00e4tter in einer kompakten, tragbaren Form ein. Das verschlungene Rosettenmotiv schmiegt sich anmutig an den Finger und bietet genau die richtige Balance zwischen Detail und Schlichtheit. Mit einem raffinierten Profil und einem Gewicht von ca. 3,9 Gramm wirkt es zart und ausdrucksstark - perfekt f\u00fcr kleinere Ringgr\u00f6\u00dfen wie K.<\/p>\n<p data-start=\"433\" data-end=\"824\"><strong data-start=\"433\" data-end=\"450\">Handwerkliches K\u00f6nnen<\/strong><br data-start=\"450\" data-end=\"453\" \/>Der fachm\u00e4nnisch aus reichem 22-kar\u00e4tigem Gelbgold gefertigte Ring zeichnet sich durch eine feine Strukturierung und pr\u00e4zise Reliefarbeiten aus, die jede Kurve der Rosette hervorheben. Das Band hat eine sanfte Kontur f\u00fcr den t\u00e4glichen Tragekomfort und bietet gleichzeitig eine beruhigende Festigkeit. Jedes St\u00fcck wird im Vereinigten K\u00f6nigreich gepunzt, um die Reinheit und Echtheit des Goldes zu bescheinigen, so dass Sie es mit Zuversicht tragen k\u00f6nnen.<\/p>\n<p data-start=\"826\" data-end=\"1265\" data-is-last-node=\"\" data-is-only-node=\"\"><strong data-start=\"826\" data-end=\"847\">Styling &amp; Geschenkartikel<\/strong><br data-start=\"847\" data-end=\"850\" \/>Tragen Sie diesen Rosettenring als Einzelst\u00fcck am Zeige- oder Ringfinger oder kombinieren Sie ihn mit schmalen Stapelb\u00e4ndern f\u00fcr einen mehrschichtigen, modernen Look. Er passt sowohl zu indischer als auch zu westlicher Garderobe, von Seiden-Saris und Kurta-Sets bis hin zu Hemden und Kleidern. Er wird in einer sch\u00f6nen Geschenkbox geliefert und ist eine gute Wahl f\u00fcr Geburtstage, Jahrestage oder als besonderes Geschenk f\u00fcr sich selbst, um einen Moment zu markieren, an den man sich erinnern m\u00f6chte.<\/p>","protected":false},"excerpt":{"rendered":"<table>\n<tbody>\n<tr>\n<td>Typ des Rings<\/td>\n<td>22ct Gold Ring<\/td>\n<\/tr>\n<tr>\n<td>SKU<\/td>\n<td>45352<\/td>\n<\/tr>\n<tr>\n<td>Gewicht<\/td>\n<td>3,9 Gramm<\/td>\n<\/tr>\n<tr>\n<td>Ringgr\u00f6\u00dfe<\/td>\n<td>K<\/td>\n<\/tr>\n<tr>\n<td>Sammlung<\/td>\n<td>Kollektion Rosette<\/td>\n<\/tr>\n<tr>\n<td>Breite<\/td>\n<td>4,2 mm<\/td>\n<\/tr>\n<tr>\n<td>Entgelte<\/td>\n<td>Lieferung und Mehrwertsteuer inbegriffen<\/td>\n<\/tr>\n<tr>\n<td>Verpackung<\/td>\n<td>Mit Pr\u00e4sentationsbox<\/td>\n<\/tr>\n<tr>\n<td>Mehr Informationen<\/td>\n<td>Live-Chat mit uns f\u00fcr Verf\u00fcgbarkeit und mehr Bilder<\/td>\n<\/tr>\n<\/tbody>\n<\/table>","protected":false},"featured_media":345766,"comment_status":"closed","ping_status":"closed","template":"","meta":{"_eb_attr":"","_crsspst_to_jayantr4sg-hostcom":false},"product_brand":[],"product_cat":[236,1235,1783,1786,6156,1656,5276,1573,1574],"product_tag":[63,64],"class_list":{"0":"post-334344","1":"product","2":"type-product","3":"status-publish","4":"has-post-thumbnail","6":"product_cat-collections","7":"product_cat-gold-rings","8":"product_cat-ladies-rings","9":"product_cat-occasional-wear-rings","10":"product_cat-rosette-bands","11":"product_cat-rosettes-collections","12":"product_cat-rosettes-ring","13":"product_cat-wedding-gifts","14":"product_cat-womens-jewellery","15":"product_tag-gold","16":"product_tag-rings","18":"first","19":"outofstock","20":"taxable","21":"shipping-taxable","22":"product-type-simple","23":"add-to-wishlist-before_image"},"yoast_head":"<!-- This site is optimized with the Yoast SEO plugin v27.5 - https:\/\/yoast.com\/product\/yoast-seo-wordpress\/ -->\n<title>Indian Gold Rings UK | Buy Gold Rings Online<\/title>\n<meta name=\"description\" content=\"Choose the perfect Yellow Gold Ring from PureJewels. Buy Gold Indian Gold Rings UK from our Jewellery collection. Free delivery across UK.\" \/>\n<meta name=\"robots\" content=\"index, follow, max-snippet:-1, max-image-preview:large, max-video-preview:-1\" \/>\n<link rel=\"canonical\" href=\"https:\/\/www.purejewels.com\/de\/produkt-2\/indische-gold-ringe-uk-47507\/\" \/>\n<meta property=\"og:locale\" content=\"de_DE\" \/>\n<meta property=\"og:type\" content=\"article\" \/>\n<meta property=\"og:title\" content=\"Indian Gold Rings UK | Buy Gold Rings Online\" \/>\n<meta property=\"og:description\" content=\"Choose the perfect Yellow Gold Ring from PureJewels. Buy Gold Indian Gold Rings UK from our Jewellery collection. Free delivery across UK.\" \/>\n<meta property=\"og:url\" content=\"https:\/\/www.purejewels.com\/de\/produkt-2\/indische-gold-ringe-uk-47507\/\" \/>\n<meta property=\"og:site_name\" content=\"PureJewels UK\" \/>\n<meta property=\"article:modified_time\" content=\"2025-11-10T06:52:02+00:00\" \/>\n<meta property=\"og:image\" content=\"https:\/\/www.purejewels.com\/wp-content\/uploads\/2023\/02\/1674653536_43355-43353-43356-43404-43355-43354-41708-3.jpg\" \/>\n\t<meta property=\"og:image:width\" content=\"1000\" \/>\n\t<meta property=\"og:image:height\" content=\"1000\" \/>\n\t<meta property=\"og:image:type\" content=\"image\/jpeg\" \/>\n<meta name=\"twitter:card\" content=\"summary_large_image\" \/>\n<meta name=\"twitter:label1\" content=\"Gesch\u00e4tzte Lesezeit\" \/>\n\t<meta name=\"twitter:data1\" content=\"2\u00a0Minuten\" \/>\n<script type=\"application\/ld+json\" class=\"yoast-schema-graph\">{\"@context\":\"https:\\\/\\\/schema.org\",\"@graph\":[{\"@type\":[\"WebPage\",\"ItemPage\"],\"@id\":\"https:\\\/\\\/www.purejewels.com\\\/product\\\/indian-gold-rings-uk-47507\\\/\",\"url\":\"https:\\\/\\\/www.purejewels.com\\\/product\\\/indian-gold-rings-uk-47507\\\/\",\"name\":\"Indian Gold Rings UK | Buy Gold Rings Online\",\"isPartOf\":{\"@id\":\"https:\\\/\\\/www.purejewels.com\\\/#website\"},\"primaryImageOfPage\":{\"@id\":\"https:\\\/\\\/www.purejewels.com\\\/product\\\/indian-gold-rings-uk-47507\\\/#primaryimage\"},\"image\":{\"@id\":\"https:\\\/\\\/www.purejewels.com\\\/product\\\/indian-gold-rings-uk-47507\\\/#primaryimage\"},\"thumbnailUrl\":\"https:\\\/\\\/static.purejewels.com\\\/wp-content\\\/uploads\\\/2023\\\/02\\\/1674653536_43355-43353-43356-43404-43355-43354-41708-3.jpg\",\"datePublished\":\"2022-02-15T04:05:32+00:00\",\"dateModified\":\"2025-11-10T06:52:02+00:00\",\"description\":\"Choose the perfect Yellow Gold Ring from PureJewels. Buy Gold Indian Gold Rings UK from our Jewellery collection. Free delivery across UK.\",\"breadcrumb\":{\"@id\":\"https:\\\/\\\/www.purejewels.com\\\/product\\\/indian-gold-rings-uk-47507\\\/#breadcrumb\"},\"inLanguage\":\"de\",\"potentialAction\":[{\"@type\":\"ReadAction\",\"target\":[\"https:\\\/\\\/www.purejewels.com\\\/product\\\/indian-gold-rings-uk-47507\\\/\"]}]},{\"@type\":\"ImageObject\",\"inLanguage\":\"de\",\"@id\":\"https:\\\/\\\/www.purejewels.com\\\/product\\\/indian-gold-rings-uk-47507\\\/#primaryimage\",\"url\":\"https:\\\/\\\/static.purejewels.com\\\/wp-content\\\/uploads\\\/2023\\\/02\\\/1674653536_43355-43353-43356-43404-43355-43354-41708-3.jpg\",\"contentUrl\":\"https:\\\/\\\/static.purejewels.com\\\/wp-content\\\/uploads\\\/2023\\\/02\\\/1674653536_43355-43353-43356-43404-43355-43354-41708-3.jpg\",\"width\":1000,\"height\":1000,\"caption\":\"22ct Gold Ladies Ring | L Size | Rosettes Collection\"},{\"@type\":\"BreadcrumbList\",\"@id\":\"https:\\\/\\\/www.purejewels.com\\\/product\\\/indian-gold-rings-uk-47507\\\/#breadcrumb\",\"itemListElement\":[{\"@type\":\"ListItem\",\"position\":1,\"name\":\"Home\",\"item\":\"https:\\\/\\\/www.purejewels.com\\\/\"},{\"@type\":\"ListItem\",\"position\":2,\"name\":\"Shop\",\"item\":\"https:\\\/\\\/www.purejewels.com\\\/shop\\\/\"},{\"@type\":\"ListItem\",\"position\":3,\"name\":\"Indian Gold Rings UK | Size K\"}]},{\"@type\":\"WebSite\",\"@id\":\"https:\\\/\\\/www.purejewels.com\\\/#website\",\"url\":\"https:\\\/\\\/www.purejewels.com\\\/\",\"name\":\"PureJewels UK\",\"description\":\"Share the Love\",\"publisher\":{\"@id\":\"https:\\\/\\\/www.purejewels.com\\\/#organization\"},\"potentialAction\":[{\"@type\":\"SearchAction\",\"target\":{\"@type\":\"EntryPoint\",\"urlTemplate\":\"https:\\\/\\\/www.purejewels.com\\\/?s={search_term_string}\"},\"query-input\":{\"@type\":\"PropertyValueSpecification\",\"valueRequired\":true,\"valueName\":\"search_term_string\"}}],\"inLanguage\":\"de\"},{\"@type\":\"Organization\",\"@id\":\"https:\\\/\\\/www.purejewels.com\\\/#organization\",\"name\":\"PureJewels UK\",\"url\":\"https:\\\/\\\/www.purejewels.com\\\/\",\"logo\":{\"@type\":\"ImageObject\",\"inLanguage\":\"de\",\"@id\":\"https:\\\/\\\/www.purejewels.com\\\/#\\\/schema\\\/logo\\\/image\\\/\",\"url\":\"https:\\\/\\\/static.purejewels.com\\\/wp-content\\\/uploads\\\/2020\\\/11\\\/Logo-PJ-New-1.png\",\"contentUrl\":\"https:\\\/\\\/static.purejewels.com\\\/wp-content\\\/uploads\\\/2020\\\/11\\\/Logo-PJ-New-1.png\",\"width\":150,\"height\":80,\"caption\":\"PureJewels UK\"},\"image\":{\"@id\":\"https:\\\/\\\/www.purejewels.com\\\/#\\\/schema\\\/logo\\\/image\\\/\"}}]}<\/script>\n<!-- \/ Yoast SEO plugin. -->","yoast_head_json":{"title":"Indische Goldringe UK | Goldringe online kaufen","description":"W\u00e4hlen Sie den perfekten Gelbgoldring von PureJewels. Kaufen Sie Gold Indian Gold Rings UK aus unserer Schmuck Kollektion. Kostenlose Lieferung in ganz Gro\u00dfbritannien.","robots":{"index":"index","follow":"follow","max-snippet":"max-snippet:-1","max-image-preview":"max-image-preview:large","max-video-preview":"max-video-preview:-1"},"canonical":"https:\/\/www.purejewels.com\/de\/produkt-2\/indische-gold-ringe-uk-47507\/","og_locale":"de_DE","og_type":"article","og_title":"Indian Gold Rings UK | Buy Gold Rings Online","og_description":"Choose the perfect Yellow Gold Ring from PureJewels. Buy Gold Indian Gold Rings UK from our Jewellery collection. Free delivery across UK.","og_url":"https:\/\/www.purejewels.com\/de\/produkt-2\/indische-gold-ringe-uk-47507\/","og_site_name":"PureJewels UK","article_modified_time":"2025-11-10T06:52:02+00:00","og_image":[{"width":1000,"height":1000,"url":"https:\/\/www.purejewels.com\/wp-content\/uploads\/2023\/02\/1674653536_43355-43353-43356-43404-43355-43354-41708-3.jpg","type":"image\/jpeg"}],"twitter_card":"summary_large_image","twitter_misc":{"Gesch\u00e4tzte Lesezeit":"2\u00a0Minuten"},"schema":{"@context":"https:\/\/schema.org","@graph":[{"@type":["WebPage","ItemPage"],"@id":"https:\/\/www.purejewels.com\/product\/indian-gold-rings-uk-47507\/","url":"https:\/\/www.purejewels.com\/product\/indian-gold-rings-uk-47507\/","name":"Indische Goldringe UK | Goldringe online kaufen","isPartOf":{"@id":"https:\/\/www.purejewels.com\/#website"},"primaryImageOfPage":{"@id":"https:\/\/www.purejewels.com\/product\/indian-gold-rings-uk-47507\/#primaryimage"},"image":{"@id":"https:\/\/www.purejewels.com\/product\/indian-gold-rings-uk-47507\/#primaryimage"},"thumbnailUrl":"https:\/\/static.purejewels.com\/wp-content\/uploads\/2023\/02\/1674653536_43355-43353-43356-43404-43355-43354-41708-3.jpg","datePublished":"2022-02-15T04:05:32+00:00","dateModified":"2025-11-10T06:52:02+00:00","description":"W\u00e4hlen Sie den perfekten Gelbgoldring von PureJewels. Kaufen Sie Gold Indian Gold Rings UK aus unserer Schmuck Kollektion. Kostenlose Lieferung in ganz Gro\u00dfbritannien.","breadcrumb":{"@id":"https:\/\/www.purejewels.com\/product\/indian-gold-rings-uk-47507\/#breadcrumb"},"inLanguage":"de","potentialAction":[{"@type":"ReadAction","target":["https:\/\/www.purejewels.com\/product\/indian-gold-rings-uk-47507\/"]}]},{"@type":"ImageObject","inLanguage":"de","@id":"https:\/\/www.purejewels.com\/product\/indian-gold-rings-uk-47507\/#primaryimage","url":"https:\/\/static.purejewels.com\/wp-content\/uploads\/2023\/02\/1674653536_43355-43353-43356-43404-43355-43354-41708-3.jpg","contentUrl":"https:\/\/static.purejewels.com\/wp-content\/uploads\/2023\/02\/1674653536_43355-43353-43356-43404-43355-43354-41708-3.jpg","width":1000,"height":1000,"caption":"22ct Gold Ladies Ring | L Size | Rosettes Collection"},{"@type":"BreadcrumbList","@id":"https:\/\/www.purejewels.com\/product\/indian-gold-rings-uk-47507\/#breadcrumb","itemListElement":[{"@type":"ListItem","position":1,"name":"Home","item":"https:\/\/www.purejewels.com\/"},{"@type":"ListItem","position":2,"name":"Shop","item":"https:\/\/www.purejewels.com\/shop\/"},{"@type":"ListItem","position":3,"name":"Indian Gold Rings UK | Size K"}]},{"@type":"WebSite","@id":"https:\/\/www.purejewels.com\/#website","url":"https:\/\/www.purejewels.com\/","name":"PureJewels UK","description":"Teile die Liebe","publisher":{"@id":"https:\/\/www.purejewels.com\/#organization"},"potentialAction":[{"@type":"SearchAction","target":{"@type":"EntryPoint","urlTemplate":"https:\/\/www.purejewels.com\/?s={search_term_string}"},"query-input":{"@type":"PropertyValueSpecification","valueRequired":true,"valueName":"search_term_string"}}],"inLanguage":"de"},{"@type":"Organization","@id":"https:\/\/www.purejewels.com\/#organization","name":"PureJewels UK","url":"https:\/\/www.purejewels.com\/","logo":{"@type":"ImageObject","inLanguage":"de","@id":"https:\/\/www.purejewels.com\/#\/schema\/logo\/image\/","url":"https:\/\/static.purejewels.com\/wp-content\/uploads\/2020\/11\/Logo-PJ-New-1.png","contentUrl":"https:\/\/static.purejewels.com\/wp-content\/uploads\/2020\/11\/Logo-PJ-New-1.png","width":150,"height":80,"caption":"PureJewels UK"},"image":{"@id":"https:\/\/www.purejewels.com\/#\/schema\/logo\/image\/"}}]}},"_links":{"self":[{"href":"https:\/\/www.purejewels.com\/de\/wp-json\/wp\/v2\/product\/334344","targetHints":{"allow":["GET"]}}],"collection":[{"href":"https:\/\/www.purejewels.com\/de\/wp-json\/wp\/v2\/product"}],"about":[{"href":"https:\/\/www.purejewels.com\/de\/wp-json\/wp\/v2\/types\/product"}],"replies":[{"embeddable":true,"href":"https:\/\/www.purejewels.com\/de\/wp-json\/wp\/v2\/comments?post=334344"}],"version-history":[{"count":3,"href":"https:\/\/www.purejewels.com\/de\/wp-json\/wp\/v2\/product\/334344\/revisions"}],"predecessor-version":[{"id":420658,"href":"https:\/\/www.purejewels.com\/de\/wp-json\/wp\/v2\/product\/334344\/revisions\/420658"}],"wp:featuredmedia":[{"embeddable":true,"href":"https:\/\/www.purejewels.com\/de\/wp-json\/wp\/v2\/media\/345766"}],"wp:attachment":[{"href":"https:\/\/www.purejewels.com\/de\/wp-json\/wp\/v2\/media?parent=334344"}],"wp:term":[{"taxonomy":"product_brand","embeddable":true,"href":"https:\/\/www.purejewels.com\/de\/wp-json\/wp\/v2\/product_brand?post=334344"},{"taxonomy":"product_cat","embeddable":true,"href":"https:\/\/www.purejewels.com\/de\/wp-json\/wp\/v2\/product_cat?post=334344"},{"taxonomy":"product_tag","embeddable":true,"href":"https:\/\/www.purejewels.com\/de\/wp-json\/wp\/v2\/product_tag?post=334344"}],"curies":[{"name":"wp","href":"https:\/\/api.w.org\/{rel}","templated":true}]}}