{"id":334349,"date":"2022-02-15T04:23:59","date_gmt":"2022-02-15T04:23:59","guid":{"rendered":"https:\/\/www.purejewels.com\/?post_type=product&#038;p=334349"},"modified":"2026-01-07T05:58:14","modified_gmt":"2026-01-07T05:58:14","slug":"indischer-verlobungsring-41594","status":"publish","type":"product","link":"https:\/\/www.purejewels.com\/de\/product\/indian-engagement-ring-41594\/","title":{"rendered":"Indischer Verlobungsring (Gr\u00f6\u00dfe H)"},"content":{"rendered":"<p>Suchen Sie einen atemberaubenden indischen Verlobungsring in Gr\u00f6\u00dfe H? Suchen Sie nicht weiter! Dieser exquisite Ring aus 22 Karat Gold ist mit einem funkelnden Zirkoniastein besetzt und wiegt 1,6 Gramm. Jeder Ring ist vom London Assay Office gepunzt, was seine Echtheit und Qualit\u00e4t garantiert.<\/p>\n<p>Nicht die richtige Gr\u00f6\u00dfe? Kein Problem! Wir k\u00f6nnen diesen Ring so anfertigen, dass er perfekt auf Ihren Finger passt. Jeder Ring wird in einer sch\u00f6nen Geschenkbox geliefert und ist somit die perfekte Wahl f\u00fcr einen besonderen Anlass wie eine Verlobung oder ein Jubil\u00e4um.<\/p>\n<p>In unserem Online-Shop k\u00f6nnen Sie mit Zuversicht einkaufen, denn wir bieten Ihnen eine kostenlose, verfolgbare Lieferung und sichere Online-Zahlungen. Ob Sie nun einen Ring f\u00fcr den t\u00e4glichen Gebrauch oder ein einzigartiges St\u00fcck f\u00fcr eine besondere Feier suchen, dieser indische Verlobungsring wird Sie sicher beeindrucken.<\/p>\n<p>Warten Sie nicht, bestellen Sie Ihre Ringe noch heute und setzen Sie ein Zeichen mit diesem atemberaubenden Schmuckst\u00fcck. Setzen Sie sich mit uns in Verbindung, um \u00e4hnliche Eheringe zu entdecken und die perfekte Erg\u00e4nzung f\u00fcr Ihren Stil zu finden.<\/p>","protected":false},"excerpt":{"rendered":"<ul>\n<li>22ct\u00a0<span id=\"urn:enhancement-f69766c1\" class=\"textannotation\">Gold<\/span> Ring mit\u00a0<span id=\"urn:enhancement-ef0fa8f8\" class=\"textannotation\">Kubischer Zirkoniumdioxid<\/span> Stein<\/li>\n<li>Wt. 1,6 g<\/li>\n<li>Ring Gr\u00f6\u00dfe. H<\/li>\n<li><span id=\"urn:enhancement-b80a25bb\" class=\"textannotation\">SKU<\/span>. 41594<\/li>\n<li>Kann sein\u00a0<span id=\"urn:enhancement-c1b7fb96\" class=\"textannotation\">auf Bestellung gefertigt<\/span>\u00a0auf Ihre Fingergr\u00f6\u00dfe<\/li>\n<li>Alle unsere\u00a0<span id=\"urn:enhancement-48edcf47\" class=\"textannotation\">Produkte<\/span>\u00a0werden von London gestempelt\u00a0<span id=\"urn:enhancement-452a3ce\" class=\"textannotation\">Pr\u00fcfstelle<\/span><\/li>\n<li>Kommt mit Pr\u00e4sentation\u00a0<span id=\"urn:enhancement-ac5abee4\" class=\"textannotation\">Box<\/span><\/li>\n<li>Lieferung inbegriffen<\/li>\n<li>Alle Preise inklusive Mehrwertsteuer<\/li>\n<li>Kontaktieren Sie uns, um eine \u00e4hnliche Hochzeit zu entdecken <span id=\"urn:enhancement-1162a1de\" class=\"textannotation\">Ringe<\/span><\/li>\n<\/ul>","protected":false},"featured_media":319592,"comment_status":"closed","ping_status":"closed","template":"","meta":{"_eb_attr":"","_crsspst_to_jayantr4sg-hostcom":false},"product_brand":[],"product_cat":[1791,1559,1785,231,1235,5343,1783,5353,1574,5349],"product_tag":[64],"class_list":{"0":"post-334349","1":"product","2":"type-product","3":"status-publish","4":"has-post-thumbnail","6":"product_cat-anniversary-gifts","7":"product_cat-birthday-gifts","8":"product_cat-daily-wear-rings","9":"product_cat-engagement-rings","10":"product_cat-gold-rings","11":"product_cat-jewellery-under-550","12":"product_cat-ladies-rings","13":"product_cat-shop-by","14":"product_cat-womens-jewellery","15":"product_cat-yellow-gold-jewellery","16":"product_tag-rings","18":"first","19":"outofstock","20":"taxable","21":"shipping-taxable","22":"product-type-simple","23":"add-to-wishlist-before_image"},"yoast_head":"<!-- This site is optimized with the Yoast SEO plugin v27.5 - https:\/\/yoast.com\/product\/yoast-seo-wordpress\/ -->\n<title>Indian Engagement Ring | Buy Engagement Rings Online<\/title>\n<meta name=\"description\" content=\"Looking for Beautiful Engagement Ring? Check out our huge collection of Engagement Rings for Men and Women from PureJewels. Free delivery.\" \/>\n<meta name=\"robots\" content=\"index, follow, max-snippet:-1, max-image-preview:large, max-video-preview:-1\" \/>\n<link rel=\"canonical\" href=\"https:\/\/www.purejewels.com\/de\/produkt-2\/indischer-verlobungsring-41594\/\" \/>\n<meta property=\"og:locale\" content=\"de_DE\" \/>\n<meta property=\"og:type\" content=\"article\" \/>\n<meta property=\"og:title\" content=\"Indian Engagement Ring | Buy Engagement Rings Online\" \/>\n<meta property=\"og:description\" content=\"Looking for Beautiful Engagement Ring? Check out our huge collection of Engagement Rings for Men and Women from PureJewels. Free delivery.\" \/>\n<meta property=\"og:url\" content=\"https:\/\/www.purejewels.com\/de\/produkt-2\/indischer-verlobungsring-41594\/\" \/>\n<meta property=\"og:site_name\" content=\"PureJewels UK\" \/>\n<meta property=\"article:modified_time\" content=\"2026-01-07T05:58:14+00:00\" \/>\n<meta property=\"og:image\" content=\"https:\/\/www.purejewels.com\/wp-content\/uploads\/2020\/12\/33546-01.jpg\" \/>\n\t<meta property=\"og:image:width\" content=\"1000\" \/>\n\t<meta property=\"og:image:height\" content=\"1000\" \/>\n\t<meta property=\"og:image:type\" content=\"image\/jpeg\" \/>\n<meta name=\"twitter:card\" content=\"summary_large_image\" \/>\n<meta name=\"twitter:label1\" content=\"Gesch\u00e4tzte Lesezeit\" \/>\n\t<meta name=\"twitter:data1\" content=\"1\u00a0Minute\" \/>\n<script type=\"application\/ld+json\" class=\"yoast-schema-graph\">{\"@context\":\"https:\\\/\\\/schema.org\",\"@graph\":[{\"@type\":[\"WebPage\",\"ItemPage\"],\"@id\":\"https:\\\/\\\/www.purejewels.com\\\/product\\\/indian-engagement-ring-41594\\\/\",\"url\":\"https:\\\/\\\/www.purejewels.com\\\/product\\\/indian-engagement-ring-41594\\\/\",\"name\":\"Indian Engagement Ring | Buy Engagement Rings Online\",\"isPartOf\":{\"@id\":\"https:\\\/\\\/www.purejewels.com\\\/#website\"},\"primaryImageOfPage\":{\"@id\":\"https:\\\/\\\/www.purejewels.com\\\/product\\\/indian-engagement-ring-41594\\\/#primaryimage\"},\"image\":{\"@id\":\"https:\\\/\\\/www.purejewels.com\\\/product\\\/indian-engagement-ring-41594\\\/#primaryimage\"},\"thumbnailUrl\":\"https:\\\/\\\/static.purejewels.com\\\/wp-content\\\/uploads\\\/2020\\\/12\\\/33546-01.jpg\",\"datePublished\":\"2022-02-15T04:23:59+00:00\",\"dateModified\":\"2026-01-07T05:58:14+00:00\",\"description\":\"Looking for Beautiful Engagement Ring? Check out our huge collection of Engagement Rings for Men and Women from PureJewels. Free delivery.\",\"breadcrumb\":{\"@id\":\"https:\\\/\\\/www.purejewels.com\\\/product\\\/indian-engagement-ring-41594\\\/#breadcrumb\"},\"inLanguage\":\"de\",\"potentialAction\":[{\"@type\":\"ReadAction\",\"target\":[\"https:\\\/\\\/www.purejewels.com\\\/product\\\/indian-engagement-ring-41594\\\/\"]}]},{\"@type\":\"ImageObject\",\"inLanguage\":\"de\",\"@id\":\"https:\\\/\\\/www.purejewels.com\\\/product\\\/indian-engagement-ring-41594\\\/#primaryimage\",\"url\":\"https:\\\/\\\/static.purejewels.com\\\/wp-content\\\/uploads\\\/2020\\\/12\\\/33546-01.jpg\",\"contentUrl\":\"https:\\\/\\\/static.purejewels.com\\\/wp-content\\\/uploads\\\/2020\\\/12\\\/33546-01.jpg\",\"width\":1000,\"height\":1000,\"caption\":\"22ct Gold Ring 33546-01\"},{\"@type\":\"BreadcrumbList\",\"@id\":\"https:\\\/\\\/www.purejewels.com\\\/product\\\/indian-engagement-ring-41594\\\/#breadcrumb\",\"itemListElement\":[{\"@type\":\"ListItem\",\"position\":1,\"name\":\"Home\",\"item\":\"https:\\\/\\\/www.purejewels.com\\\/\"},{\"@type\":\"ListItem\",\"position\":2,\"name\":\"Shop\",\"item\":\"https:\\\/\\\/www.purejewels.com\\\/shop\\\/\"},{\"@type\":\"ListItem\",\"position\":3,\"name\":\"Indian Engagement Ring (Size H)\"}]},{\"@type\":\"WebSite\",\"@id\":\"https:\\\/\\\/www.purejewels.com\\\/#website\",\"url\":\"https:\\\/\\\/www.purejewels.com\\\/\",\"name\":\"PureJewels UK\",\"description\":\"Share the Love\",\"publisher\":{\"@id\":\"https:\\\/\\\/www.purejewels.com\\\/#organization\"},\"potentialAction\":[{\"@type\":\"SearchAction\",\"target\":{\"@type\":\"EntryPoint\",\"urlTemplate\":\"https:\\\/\\\/www.purejewels.com\\\/?s={search_term_string}\"},\"query-input\":{\"@type\":\"PropertyValueSpecification\",\"valueRequired\":true,\"valueName\":\"search_term_string\"}}],\"inLanguage\":\"de\"},{\"@type\":\"Organization\",\"@id\":\"https:\\\/\\\/www.purejewels.com\\\/#organization\",\"name\":\"PureJewels UK\",\"url\":\"https:\\\/\\\/www.purejewels.com\\\/\",\"logo\":{\"@type\":\"ImageObject\",\"inLanguage\":\"de\",\"@id\":\"https:\\\/\\\/www.purejewels.com\\\/#\\\/schema\\\/logo\\\/image\\\/\",\"url\":\"https:\\\/\\\/static.purejewels.com\\\/wp-content\\\/uploads\\\/2020\\\/11\\\/Logo-PJ-New-1.png\",\"contentUrl\":\"https:\\\/\\\/static.purejewels.com\\\/wp-content\\\/uploads\\\/2020\\\/11\\\/Logo-PJ-New-1.png\",\"width\":150,\"height\":80,\"caption\":\"PureJewels UK\"},\"image\":{\"@id\":\"https:\\\/\\\/www.purejewels.com\\\/#\\\/schema\\\/logo\\\/image\\\/\"}}]}<\/script>\n<!-- \/ Yoast SEO plugin. -->","yoast_head_json":{"title":"Indischer Verlobungsring | Verlobungsringe online kaufen","description":"Suchen Sie einen sch\u00f6nen Verlobungsring? Sehen Sie sich unsere riesige Kollektion von Verlobungsringen f\u00fcr M\u00e4nner und Frauen von PureJewels an. Kostenlose Lieferung.","robots":{"index":"index","follow":"follow","max-snippet":"max-snippet:-1","max-image-preview":"max-image-preview:large","max-video-preview":"max-video-preview:-1"},"canonical":"https:\/\/www.purejewels.com\/de\/produkt-2\/indischer-verlobungsring-41594\/","og_locale":"de_DE","og_type":"article","og_title":"Indian Engagement Ring | Buy Engagement Rings Online","og_description":"Looking for Beautiful Engagement Ring? Check out our huge collection of Engagement Rings for Men and Women from PureJewels. Free delivery.","og_url":"https:\/\/www.purejewels.com\/de\/produkt-2\/indischer-verlobungsring-41594\/","og_site_name":"PureJewels UK","article_modified_time":"2026-01-07T05:58:14+00:00","og_image":[{"width":1000,"height":1000,"url":"https:\/\/www.purejewels.com\/wp-content\/uploads\/2020\/12\/33546-01.jpg","type":"image\/jpeg"}],"twitter_card":"summary_large_image","twitter_misc":{"Gesch\u00e4tzte Lesezeit":"1\u00a0Minute"},"schema":{"@context":"https:\/\/schema.org","@graph":[{"@type":["WebPage","ItemPage"],"@id":"https:\/\/www.purejewels.com\/product\/indian-engagement-ring-41594\/","url":"https:\/\/www.purejewels.com\/product\/indian-engagement-ring-41594\/","name":"Indischer Verlobungsring | Verlobungsringe online kaufen","isPartOf":{"@id":"https:\/\/www.purejewels.com\/#website"},"primaryImageOfPage":{"@id":"https:\/\/www.purejewels.com\/product\/indian-engagement-ring-41594\/#primaryimage"},"image":{"@id":"https:\/\/www.purejewels.com\/product\/indian-engagement-ring-41594\/#primaryimage"},"thumbnailUrl":"https:\/\/static.purejewels.com\/wp-content\/uploads\/2020\/12\/33546-01.jpg","datePublished":"2022-02-15T04:23:59+00:00","dateModified":"2026-01-07T05:58:14+00:00","description":"Suchen Sie einen sch\u00f6nen Verlobungsring? Sehen Sie sich unsere riesige Kollektion von Verlobungsringen f\u00fcr M\u00e4nner und Frauen von PureJewels an. Kostenlose Lieferung.","breadcrumb":{"@id":"https:\/\/www.purejewels.com\/product\/indian-engagement-ring-41594\/#breadcrumb"},"inLanguage":"de","potentialAction":[{"@type":"ReadAction","target":["https:\/\/www.purejewels.com\/product\/indian-engagement-ring-41594\/"]}]},{"@type":"ImageObject","inLanguage":"de","@id":"https:\/\/www.purejewels.com\/product\/indian-engagement-ring-41594\/#primaryimage","url":"https:\/\/static.purejewels.com\/wp-content\/uploads\/2020\/12\/33546-01.jpg","contentUrl":"https:\/\/static.purejewels.com\/wp-content\/uploads\/2020\/12\/33546-01.jpg","width":1000,"height":1000,"caption":"22ct Gold Ring 33546-01"},{"@type":"BreadcrumbList","@id":"https:\/\/www.purejewels.com\/product\/indian-engagement-ring-41594\/#breadcrumb","itemListElement":[{"@type":"ListItem","position":1,"name":"Home","item":"https:\/\/www.purejewels.com\/"},{"@type":"ListItem","position":2,"name":"Shop","item":"https:\/\/www.purejewels.com\/shop\/"},{"@type":"ListItem","position":3,"name":"Indian Engagement Ring (Size H)"}]},{"@type":"WebSite","@id":"https:\/\/www.purejewels.com\/#website","url":"https:\/\/www.purejewels.com\/","name":"PureJewels UK","description":"Teile die Liebe","publisher":{"@id":"https:\/\/www.purejewels.com\/#organization"},"potentialAction":[{"@type":"SearchAction","target":{"@type":"EntryPoint","urlTemplate":"https:\/\/www.purejewels.com\/?s={search_term_string}"},"query-input":{"@type":"PropertyValueSpecification","valueRequired":true,"valueName":"search_term_string"}}],"inLanguage":"de"},{"@type":"Organization","@id":"https:\/\/www.purejewels.com\/#organization","name":"PureJewels UK","url":"https:\/\/www.purejewels.com\/","logo":{"@type":"ImageObject","inLanguage":"de","@id":"https:\/\/www.purejewels.com\/#\/schema\/logo\/image\/","url":"https:\/\/static.purejewels.com\/wp-content\/uploads\/2020\/11\/Logo-PJ-New-1.png","contentUrl":"https:\/\/static.purejewels.com\/wp-content\/uploads\/2020\/11\/Logo-PJ-New-1.png","width":150,"height":80,"caption":"PureJewels UK"},"image":{"@id":"https:\/\/www.purejewels.com\/#\/schema\/logo\/image\/"}}]}},"_links":{"self":[{"href":"https:\/\/www.purejewels.com\/de\/wp-json\/wp\/v2\/product\/334349","targetHints":{"allow":["GET"]}}],"collection":[{"href":"https:\/\/www.purejewels.com\/de\/wp-json\/wp\/v2\/product"}],"about":[{"href":"https:\/\/www.purejewels.com\/de\/wp-json\/wp\/v2\/types\/product"}],"replies":[{"embeddable":true,"href":"https:\/\/www.purejewels.com\/de\/wp-json\/wp\/v2\/comments?post=334349"}],"version-history":[{"count":2,"href":"https:\/\/www.purejewels.com\/de\/wp-json\/wp\/v2\/product\/334349\/revisions"}],"predecessor-version":[{"id":420868,"href":"https:\/\/www.purejewels.com\/de\/wp-json\/wp\/v2\/product\/334349\/revisions\/420868"}],"wp:featuredmedia":[{"embeddable":true,"href":"https:\/\/www.purejewels.com\/de\/wp-json\/wp\/v2\/media\/319592"}],"wp:attachment":[{"href":"https:\/\/www.purejewels.com\/de\/wp-json\/wp\/v2\/media?parent=334349"}],"wp:term":[{"taxonomy":"product_brand","embeddable":true,"href":"https:\/\/www.purejewels.com\/de\/wp-json\/wp\/v2\/product_brand?post=334349"},{"taxonomy":"product_cat","embeddable":true,"href":"https:\/\/www.purejewels.com\/de\/wp-json\/wp\/v2\/product_cat?post=334349"},{"taxonomy":"product_tag","embeddable":true,"href":"https:\/\/www.purejewels.com\/de\/wp-json\/wp\/v2\/product_tag?post=334349"}],"curies":[{"name":"wp","href":"https:\/\/api.w.org\/{rel}","templated":true}]}}