{"id":334362,"date":"2022-02-15T06:29:21","date_gmt":"2022-02-15T06:29:21","guid":{"rendered":"https:\/\/www.purejewels.com\/?post_type=product&#038;p=334362"},"modified":"2026-01-07T05:58:14","modified_gmt":"2026-01-07T05:58:14","slug":"22k-gold-ring-fur-frauen-46844","status":"publish","type":"product","link":"https:\/\/www.purejewels.com\/de\/product\/22k-gold-ring-for-women-46844\/","title":{"rendered":"22k Gold Ring f\u00fcr Frauen | Gr\u00f6\u00dfe N 1\/2"},"content":{"rendered":"<p>Dieser exquisite Ring aus 22 Karat Gold f\u00fcr Damen ist ein atemberaubendes Schmuckst\u00fcck, das Eleganz und Raffinesse ausstrahlt. Gefertigt aus 22 Karat Gold, ist dieser ausgefallene Ring perfekt, um jedem Outfit einen Hauch von Luxus zu verleihen. Der Ring wiegt 1,9 Gramm und ist in der Gr\u00f6\u00dfe N 1\/2 erh\u00e4ltlich.<\/p>\n<p>Bei PureJewels UK bieten wir eine kostenlose, verfolgbare Lieferung f\u00fcr alle Bestellungen an, um sicherzustellen, dass Ihr Kauf Sie sicher und zuverl\u00e4ssig erreicht.<\/p>\n<p><span data-sheets-root=\"1\">Ganz gleich, ob Sie ein besonderes Geschenk zum Jahrestag suchen oder sich einfach nur ein sch\u00f6nes Schmuckst\u00fcck g\u00f6nnen m\u00f6chten, dieser Ring aus 22 Karat Gold ist die perfekte Wahl. Mit seinem klassischen Design und seiner zeitlosen Anziehungskraft wird er mit Sicherheit zu einem gesch\u00e4tzten Teil Ihrer Sammlung.<\/span><\/p>\n<p>Verpassen Sie nicht die Gelegenheit, diesen exquisiten 22k Goldring f\u00fcr Frauen zu besitzen. Bestellen Sie jetzt und erleben Sie den Luxus von PureJewels UK.<\/p>","protected":false},"excerpt":{"rendered":"<div class=\"woocommerce-product-details__short-description\">\n<table class=\"sh_desc\">\n<tbody>\n<tr>\n<td>Typ des Rings<\/td>\n<td>Ausgefallener Ring<\/td>\n<\/tr>\n<tr>\n<td>SKU<\/td>\n<td>46844<\/td>\n<\/tr>\n<tr>\n<td>Gewicht<\/td>\n<td>1,9 Gramm<\/td>\n<\/tr>\n<tr>\n<td>Metall<\/td>\n<td>22ct Gold<\/td>\n<\/tr>\n<tr>\n<td>Entgelte<\/td>\n<td>Lieferung und Mehrwertsteuer inbegriffen<\/td>\n<\/tr>\n<tr>\n<td>Verpackung<\/td>\n<td>Mit Pr\u00e4sentationsbox<\/td>\n<\/tr>\n<tr>\n<td>Mehr Informationen<\/td>\n<td>Live-Chat mit uns f\u00fcr Verf\u00fcgbarkeit und mehr Bilder<br \/>\nKontaktieren Sie uns, um \u00e4hnliche asiatische Hochzeiten zu entdecken\u00a0<span id=\"urn:enhancement-1162a1de\" class=\"textannotation\">Ringe<\/span><br \/>\nEntdecken Sie unser <a href=\"https:\/\/www.purejewels.com\/de\/produkt-kategorie\/schmuck\/goldringe\/\" target=\"_blank\" rel=\"noopener\">Gold Ringe<\/a> Sammlung<\/td>\n<\/tr>\n<\/tbody>\n<\/table>\n<\/div>\n<div class=\"btn-atc atc-slide\"><\/div>\n<div class=\"product_meta\"><\/div>","protected":false},"featured_media":355271,"comment_status":"closed","ping_status":"closed","template":"","meta":{"_eb_attr":"","_crsspst_to_jayantr4sg-hostcom":true},"product_brand":[],"product_cat":[1791,1785,1235,5343,1783,5338,1574,5349],"product_tag":[64],"class_list":{"0":"post-334362","1":"product","2":"type-product","3":"status-publish","4":"has-post-thumbnail","6":"product_cat-anniversary-gifts","7":"product_cat-daily-wear-rings","8":"product_cat-gold-rings","9":"product_cat-jewellery-under-550","10":"product_cat-ladies-rings","11":"product_cat-shop-by-price","12":"product_cat-womens-jewellery","13":"product_cat-yellow-gold-jewellery","14":"product_tag-rings","16":"first","17":"outofstock","18":"taxable","19":"shipping-taxable","20":"product-type-simple","21":"add-to-wishlist-before_image"},"yoast_head":"<!-- This site is optimized with the Yoast SEO plugin v27.5 - https:\/\/yoast.com\/product\/yoast-seo-wordpress\/ -->\n<title>22k Gold Ring for Women | Buy Gold at PureJewels UK<\/title>\n<meta name=\"description\" content=\"22 Karat gold ring | Browse our latest collection of gold rings for weddings, special occasions at PureJewels. Fast delivery across UK.\" \/>\n<meta name=\"robots\" content=\"index, follow, max-snippet:-1, max-image-preview:large, max-video-preview:-1\" \/>\n<link rel=\"canonical\" href=\"https:\/\/www.purejewels.com\/de\/produkt-2\/22k-gold-ring-fur-frauen-46844\/\" \/>\n<meta property=\"og:locale\" content=\"de_DE\" \/>\n<meta property=\"og:type\" content=\"article\" \/>\n<meta property=\"og:title\" content=\"22k Gold Ring for Women | Buy Gold at PureJewels UK\" \/>\n<meta property=\"og:description\" content=\"22 Karat gold ring | Browse our latest collection of gold rings for weddings, special occasions at PureJewels. Fast delivery across UK.\" \/>\n<meta property=\"og:url\" content=\"https:\/\/www.purejewels.com\/de\/produkt-2\/22k-gold-ring-fur-frauen-46844\/\" \/>\n<meta property=\"og:site_name\" content=\"PureJewels UK\" \/>\n<meta property=\"article:modified_time\" content=\"2026-01-07T05:58:14+00:00\" \/>\n<meta property=\"og:image\" content=\"https:\/\/www.purejewels.com\/wp-content\/uploads\/2022\/02\/46844.jpg\" \/>\n\t<meta property=\"og:image:width\" content=\"1000\" \/>\n\t<meta property=\"og:image:height\" content=\"1000\" \/>\n\t<meta property=\"og:image:type\" content=\"image\/jpeg\" \/>\n<meta name=\"twitter:card\" content=\"summary_large_image\" \/>\n<meta name=\"twitter:label1\" content=\"Gesch\u00e4tzte Lesezeit\" \/>\n\t<meta name=\"twitter:data1\" content=\"1\u00a0Minute\" \/>\n<script type=\"application\/ld+json\" class=\"yoast-schema-graph\">{\"@context\":\"https:\\\/\\\/schema.org\",\"@graph\":[{\"@type\":[\"WebPage\",\"ItemPage\"],\"@id\":\"https:\\\/\\\/www.purejewels.com\\\/product\\\/22k-gold-ring-for-women-46844\\\/\",\"url\":\"https:\\\/\\\/www.purejewels.com\\\/product\\\/22k-gold-ring-for-women-46844\\\/\",\"name\":\"22k Gold Ring for Women | Buy Gold at PureJewels UK\",\"isPartOf\":{\"@id\":\"https:\\\/\\\/www.purejewels.com\\\/#website\"},\"primaryImageOfPage\":{\"@id\":\"https:\\\/\\\/www.purejewels.com\\\/product\\\/22k-gold-ring-for-women-46844\\\/#primaryimage\"},\"image\":{\"@id\":\"https:\\\/\\\/www.purejewels.com\\\/product\\\/22k-gold-ring-for-women-46844\\\/#primaryimage\"},\"thumbnailUrl\":\"https:\\\/\\\/static.purejewels.com\\\/wp-content\\\/uploads\\\/2022\\\/02\\\/46844.jpg\",\"datePublished\":\"2022-02-15T06:29:21+00:00\",\"dateModified\":\"2026-01-07T05:58:14+00:00\",\"description\":\"22 Karat gold ring | Browse our latest collection of gold rings for weddings, special occasions at PureJewels. Fast delivery across UK.\",\"breadcrumb\":{\"@id\":\"https:\\\/\\\/www.purejewels.com\\\/product\\\/22k-gold-ring-for-women-46844\\\/#breadcrumb\"},\"inLanguage\":\"de\",\"potentialAction\":[{\"@type\":\"ReadAction\",\"target\":[\"https:\\\/\\\/www.purejewels.com\\\/product\\\/22k-gold-ring-for-women-46844\\\/\"]}]},{\"@type\":\"ImageObject\",\"inLanguage\":\"de\",\"@id\":\"https:\\\/\\\/www.purejewels.com\\\/product\\\/22k-gold-ring-for-women-46844\\\/#primaryimage\",\"url\":\"https:\\\/\\\/static.purejewels.com\\\/wp-content\\\/uploads\\\/2022\\\/02\\\/46844.jpg\",\"contentUrl\":\"https:\\\/\\\/static.purejewels.com\\\/wp-content\\\/uploads\\\/2022\\\/02\\\/46844.jpg\",\"width\":1000,\"height\":1000,\"caption\":\"22ct Gold Ring\"},{\"@type\":\"BreadcrumbList\",\"@id\":\"https:\\\/\\\/www.purejewels.com\\\/product\\\/22k-gold-ring-for-women-46844\\\/#breadcrumb\",\"itemListElement\":[{\"@type\":\"ListItem\",\"position\":1,\"name\":\"Home\",\"item\":\"https:\\\/\\\/www.purejewels.com\\\/\"},{\"@type\":\"ListItem\",\"position\":2,\"name\":\"Shop\",\"item\":\"https:\\\/\\\/www.purejewels.com\\\/shop\\\/\"},{\"@type\":\"ListItem\",\"position\":3,\"name\":\"22k Gold Ring for Women | Size N 1\\\/2\"}]},{\"@type\":\"WebSite\",\"@id\":\"https:\\\/\\\/www.purejewels.com\\\/#website\",\"url\":\"https:\\\/\\\/www.purejewels.com\\\/\",\"name\":\"PureJewels UK\",\"description\":\"Share the Love\",\"publisher\":{\"@id\":\"https:\\\/\\\/www.purejewels.com\\\/#organization\"},\"potentialAction\":[{\"@type\":\"SearchAction\",\"target\":{\"@type\":\"EntryPoint\",\"urlTemplate\":\"https:\\\/\\\/www.purejewels.com\\\/?s={search_term_string}\"},\"query-input\":{\"@type\":\"PropertyValueSpecification\",\"valueRequired\":true,\"valueName\":\"search_term_string\"}}],\"inLanguage\":\"de\"},{\"@type\":\"Organization\",\"@id\":\"https:\\\/\\\/www.purejewels.com\\\/#organization\",\"name\":\"PureJewels UK\",\"url\":\"https:\\\/\\\/www.purejewels.com\\\/\",\"logo\":{\"@type\":\"ImageObject\",\"inLanguage\":\"de\",\"@id\":\"https:\\\/\\\/www.purejewels.com\\\/#\\\/schema\\\/logo\\\/image\\\/\",\"url\":\"https:\\\/\\\/static.purejewels.com\\\/wp-content\\\/uploads\\\/2020\\\/11\\\/Logo-PJ-New-1.png\",\"contentUrl\":\"https:\\\/\\\/static.purejewels.com\\\/wp-content\\\/uploads\\\/2020\\\/11\\\/Logo-PJ-New-1.png\",\"width\":150,\"height\":80,\"caption\":\"PureJewels UK\"},\"image\":{\"@id\":\"https:\\\/\\\/www.purejewels.com\\\/#\\\/schema\\\/logo\\\/image\\\/\"}}]}<\/script>\n<!-- \/ Yoast SEO plugin. -->","yoast_head_json":{"title":"22k Gold Ring f\u00fcr Frauen | Gold kaufen bei PureJewels UK","description":"22 Karat Goldring | St\u00f6bern Sie in unserer aktuellen Kollektion von Goldringen f\u00fcr Hochzeiten und besondere Anl\u00e4sse bei PureJewels. Schnelle Lieferung in ganz Gro\u00dfbritannien.","robots":{"index":"index","follow":"follow","max-snippet":"max-snippet:-1","max-image-preview":"max-image-preview:large","max-video-preview":"max-video-preview:-1"},"canonical":"https:\/\/www.purejewels.com\/de\/produkt-2\/22k-gold-ring-fur-frauen-46844\/","og_locale":"de_DE","og_type":"article","og_title":"22k Gold Ring for Women | Buy Gold at PureJewels UK","og_description":"22 Karat gold ring | Browse our latest collection of gold rings for weddings, special occasions at PureJewels. Fast delivery across UK.","og_url":"https:\/\/www.purejewels.com\/de\/produkt-2\/22k-gold-ring-fur-frauen-46844\/","og_site_name":"PureJewels UK","article_modified_time":"2026-01-07T05:58:14+00:00","og_image":[{"width":1000,"height":1000,"url":"https:\/\/www.purejewels.com\/wp-content\/uploads\/2022\/02\/46844.jpg","type":"image\/jpeg"}],"twitter_card":"summary_large_image","twitter_misc":{"Gesch\u00e4tzte Lesezeit":"1\u00a0Minute"},"schema":{"@context":"https:\/\/schema.org","@graph":[{"@type":["WebPage","ItemPage"],"@id":"https:\/\/www.purejewels.com\/product\/22k-gold-ring-for-women-46844\/","url":"https:\/\/www.purejewels.com\/product\/22k-gold-ring-for-women-46844\/","name":"22k Gold Ring f\u00fcr Frauen | Gold kaufen bei PureJewels UK","isPartOf":{"@id":"https:\/\/www.purejewels.com\/#website"},"primaryImageOfPage":{"@id":"https:\/\/www.purejewels.com\/product\/22k-gold-ring-for-women-46844\/#primaryimage"},"image":{"@id":"https:\/\/www.purejewels.com\/product\/22k-gold-ring-for-women-46844\/#primaryimage"},"thumbnailUrl":"https:\/\/static.purejewels.com\/wp-content\/uploads\/2022\/02\/46844.jpg","datePublished":"2022-02-15T06:29:21+00:00","dateModified":"2026-01-07T05:58:14+00:00","description":"22 Karat Goldring | St\u00f6bern Sie in unserer aktuellen Kollektion von Goldringen f\u00fcr Hochzeiten und besondere Anl\u00e4sse bei PureJewels. Schnelle Lieferung in ganz Gro\u00dfbritannien.","breadcrumb":{"@id":"https:\/\/www.purejewels.com\/product\/22k-gold-ring-for-women-46844\/#breadcrumb"},"inLanguage":"de","potentialAction":[{"@type":"ReadAction","target":["https:\/\/www.purejewels.com\/product\/22k-gold-ring-for-women-46844\/"]}]},{"@type":"ImageObject","inLanguage":"de","@id":"https:\/\/www.purejewels.com\/product\/22k-gold-ring-for-women-46844\/#primaryimage","url":"https:\/\/static.purejewels.com\/wp-content\/uploads\/2022\/02\/46844.jpg","contentUrl":"https:\/\/static.purejewels.com\/wp-content\/uploads\/2022\/02\/46844.jpg","width":1000,"height":1000,"caption":"22ct Gold Ring"},{"@type":"BreadcrumbList","@id":"https:\/\/www.purejewels.com\/product\/22k-gold-ring-for-women-46844\/#breadcrumb","itemListElement":[{"@type":"ListItem","position":1,"name":"Home","item":"https:\/\/www.purejewels.com\/"},{"@type":"ListItem","position":2,"name":"Shop","item":"https:\/\/www.purejewels.com\/shop\/"},{"@type":"ListItem","position":3,"name":"22k Gold Ring for Women | Size N 1\/2"}]},{"@type":"WebSite","@id":"https:\/\/www.purejewels.com\/#website","url":"https:\/\/www.purejewels.com\/","name":"PureJewels UK","description":"Teile die Liebe","publisher":{"@id":"https:\/\/www.purejewels.com\/#organization"},"potentialAction":[{"@type":"SearchAction","target":{"@type":"EntryPoint","urlTemplate":"https:\/\/www.purejewels.com\/?s={search_term_string}"},"query-input":{"@type":"PropertyValueSpecification","valueRequired":true,"valueName":"search_term_string"}}],"inLanguage":"de"},{"@type":"Organization","@id":"https:\/\/www.purejewels.com\/#organization","name":"PureJewels UK","url":"https:\/\/www.purejewels.com\/","logo":{"@type":"ImageObject","inLanguage":"de","@id":"https:\/\/www.purejewels.com\/#\/schema\/logo\/image\/","url":"https:\/\/static.purejewels.com\/wp-content\/uploads\/2020\/11\/Logo-PJ-New-1.png","contentUrl":"https:\/\/static.purejewels.com\/wp-content\/uploads\/2020\/11\/Logo-PJ-New-1.png","width":150,"height":80,"caption":"PureJewels UK"},"image":{"@id":"https:\/\/www.purejewels.com\/#\/schema\/logo\/image\/"}}]}},"_links":{"self":[{"href":"https:\/\/www.purejewels.com\/de\/wp-json\/wp\/v2\/product\/334362","targetHints":{"allow":["GET"]}}],"collection":[{"href":"https:\/\/www.purejewels.com\/de\/wp-json\/wp\/v2\/product"}],"about":[{"href":"https:\/\/www.purejewels.com\/de\/wp-json\/wp\/v2\/types\/product"}],"replies":[{"embeddable":true,"href":"https:\/\/www.purejewels.com\/de\/wp-json\/wp\/v2\/comments?post=334362"}],"version-history":[{"count":3,"href":"https:\/\/www.purejewels.com\/de\/wp-json\/wp\/v2\/product\/334362\/revisions"}],"predecessor-version":[{"id":420852,"href":"https:\/\/www.purejewels.com\/de\/wp-json\/wp\/v2\/product\/334362\/revisions\/420852"}],"wp:featuredmedia":[{"embeddable":true,"href":"https:\/\/www.purejewels.com\/de\/wp-json\/wp\/v2\/media\/355271"}],"wp:attachment":[{"href":"https:\/\/www.purejewels.com\/de\/wp-json\/wp\/v2\/media?parent=334362"}],"wp:term":[{"taxonomy":"product_brand","embeddable":true,"href":"https:\/\/www.purejewels.com\/de\/wp-json\/wp\/v2\/product_brand?post=334362"},{"taxonomy":"product_cat","embeddable":true,"href":"https:\/\/www.purejewels.com\/de\/wp-json\/wp\/v2\/product_cat?post=334362"},{"taxonomy":"product_tag","embeddable":true,"href":"https:\/\/www.purejewels.com\/de\/wp-json\/wp\/v2\/product_tag?post=334362"}],"curies":[{"name":"wp","href":"https:\/\/api.w.org\/{rel}","templated":true}]}}