{"id":334366,"date":"2025-05-20T08:18:39","date_gmt":"2025-05-20T07:18:39","guid":{"rendered":"https:\/\/www.purejewels.com\/?post_type=product&#038;p=334366"},"modified":"2026-01-06T10:00:18","modified_gmt":"2026-01-06T10:00:18","slug":"22-kt-gold-armband-mit-rudraksha-48775","status":"publish","type":"product","link":"https:\/\/www.purejewels.com\/de\/product\/22ct-gold-bracelet-with-rudraksha-48775\/","title":{"rendered":"22ct Gold-Armband mit Rudraksha | 8,25 Zoll"},"content":{"rendered":"<p>Wir pr\u00e4sentieren unsere exquisite 22-kar\u00e4tige <a href=\"https:\/\/www.purejewels.com\/de\/product\/22-carat-yellow-gold-rudraksha-bracelet\/\">Gold Rudraksha-Armband<\/a> - eine harmonische Mischung aus Spiritualit\u00e4t und Eleganz. Sorgf\u00e4ltig gefertigt und mit heiligen Rudraksha-Perlen verziert, ist dieses <a href=\"https:\/\/www.purejewels.com\/de\/product-category\/22ct-gold-jewellery\/gold-bracelet\/\">Armband<\/a> symbolisiert zeitlose Sch\u00f6nheit und g\u00f6ttliche Verbindung.<\/p>\n<p>Jede Rudraksha-Perle, die sorgf\u00e4ltig nach ihrer Echtheit und Wirksamkeit ausgew\u00e4hlt wurde, hat eine reiche Geschichte und spirituelle Bedeutung. Es wird angenommen, dass diese Perlen tiefgreifende heilende und meditative Qualit\u00e4ten besitzen und Ruhe und Ausgeglichenheit im Leben f\u00f6rdern. Die nat\u00fcrliche Struktur der Rudraksha-Perlen bildet einen atemberaubenden Kontrast zum Glanz des Goldes vor dem Hintergrund der gl\u00e4nzenden 22-kar\u00e4tigen Goldglieder.<\/p>\n<p>Unsere geschickten Kunsthandwerker haben dieses Armband so gestaltet, dass es sowohl \u00e4sthetische Reize als auch spirituelle Resonanz bietet. Das detaillierte <a href=\"https:\/\/www.purejewels.com\/de\/a-guide-to-die-stamping\/\">Handwerkskunst<\/a> in den Goldgliedern zeigt die Hingabe, mit der ein St\u00fcck geschaffen wurde, das nicht nur Schmuck, sondern auch ein heiliges Accessoire ist. Der sichere Verschluss sorgt f\u00fcr einen angenehmen Tragekomfort, so dass die Segnungen der Rudraksha-Perlen Sie \u00fcberallhin begleiten.<\/p>\n<p>Ob als auff\u00e4lliges Modestatement oder als bedeutungsvoller Ausdruck von Spiritualit\u00e4t getragen, das 22 Karat Gold <a href=\"https:\/\/www.purejewels.com\/de\/product\/rudraksh-gold-bracelet-48372\/\">Rudraksha-Armband<\/a> passt zu verschiedenen Stilen und Anl\u00e4ssen. Es ist ein idealer Schmuck f\u00fcr M\u00e4nner und Frauen, die ihre spirituelle Reise mit Raffinesse antreten.<\/p>\n<p>Unser Rudraksha-Armband aus 22-kar\u00e4tigem Gold mit Karabinerhaken wertet Ihr Ensemble auf und n\u00e4hrt Ihre Seele mit seiner fesselnden Anziehungskraft. Dieses bemerkenswerte St\u00fcck verk\u00f6rpert Tradition, Stil und Transzendenz - ein wahres Zeugnis f\u00fcr die zeitlose Verbindung zwischen Handwerkskunst und Spiritualit\u00e4t.<\/p>","protected":false},"excerpt":{"rendered":"<ul>\n<li>22ct Goldarmband mit echten Rudraksha-Perlen<\/li>\n<li>Gesamtgewicht. 8 Gramm<\/li>\n<li>Rudraksha Gewicht: 0,9 Gramm<\/li>\n<li>L\u00e4nge. 8,25 Zoll<\/li>\n<li>SKU. 48775<\/li>\n<li>Alle Preise inklusive Mehrwertsteuer<\/li>\n<li>22ct Gold gestempelt von London Assay Office<\/li>\n<li>Mit einer Pr\u00e4sentationsbox<\/li>\n<li>Lieferung inbegriffen<\/li>\n<li>Live-Chat mit uns f\u00fcr die Verf\u00fcgbarkeit und mehr Bilder von \u00e4hnlichen Designs derzeit auf Lager<\/li>\n<\/ul>","protected":false},"featured_media":314640,"comment_status":"closed","ping_status":"closed","template":"","meta":{"_eb_attr":"","_crsspst_to_jayantr4sg-hostcom":true},"product_brand":[],"product_cat":[5441,1571,1324,1229,1572,1628],"product_tag":[],"class_list":{"0":"post-334366","1":"product","2":"type-product","3":"status-publish","4":"has-post-thumbnail","6":"product_cat-gold-bead-bracelets","7":"product_cat-fathers-day-gifts","8":"product_cat-gold-bracelet","9":"product_cat-22ct-gold-jewellery","10":"product_cat-mens-jewellery","11":"product_cat-mens-bracelet","13":"first","14":"outofstock","15":"sale","16":"taxable","17":"shipping-taxable","18":"product-type-simple","19":"add-to-wishlist-before_image"},"yoast_head":"<!-- This site is optimized with the Yoast SEO plugin v27.3 - https:\/\/yoast.com\/product\/yoast-seo-wordpress\/ -->\n<title>Gold Rudraksha Bracelet crafted in 22ct Gold | PureJewels UK<\/title>\n<meta name=\"description\" content=\"Enhance your style with a men&#039;s 22 karat gold Rudraksha bracelet, radiating divine elegance. They are handcrafted for a powerful spiritual touch.\" \/>\n<meta name=\"robots\" content=\"index, follow, max-snippet:-1, max-image-preview:large, max-video-preview:-1\" \/>\n<link rel=\"canonical\" href=\"https:\/\/www.purejewels.com\/de\/produkt-2\/22-kt-gold-armband-mit-rudraksha-48775\/\" \/>\n<meta property=\"og:locale\" content=\"de_DE\" \/>\n<meta property=\"og:type\" content=\"article\" \/>\n<meta property=\"og:title\" content=\"Gold Rudraksha Bracelet crafted in 22ct Gold | PureJewels UK\" \/>\n<meta property=\"og:description\" content=\"Enhance your style with a men&#039;s 22 karat gold Rudraksha bracelet, radiating divine elegance. They are handcrafted for a powerful spiritual touch.\" \/>\n<meta property=\"og:url\" content=\"https:\/\/www.purejewels.com\/de\/produkt-2\/22-kt-gold-armband-mit-rudraksha-48775\/\" \/>\n<meta property=\"og:site_name\" content=\"PureJewels UK\" \/>\n<meta property=\"article:modified_time\" content=\"2026-01-06T10:00:18+00:00\" \/>\n<meta property=\"og:image\" content=\"https:\/\/www.purejewels.com\/wp-content\/uploads\/2020\/06\/image174379857.jpg\" \/>\n\t<meta property=\"og:image:width\" content=\"1000\" \/>\n\t<meta property=\"og:image:height\" content=\"1000\" \/>\n\t<meta property=\"og:image:type\" content=\"image\/jpeg\" \/>\n<meta name=\"twitter:card\" content=\"summary_large_image\" \/>\n<meta name=\"twitter:label1\" content=\"Gesch\u00e4tzte Lesezeit\" \/>\n\t<meta name=\"twitter:data1\" content=\"1\u00a0Minute\" \/>\n<script type=\"application\/ld+json\" class=\"yoast-schema-graph\">{\"@context\":\"https:\\\/\\\/schema.org\",\"@graph\":[{\"@type\":[\"WebPage\",\"ItemPage\"],\"@id\":\"https:\\\/\\\/www.purejewels.com\\\/product\\\/22ct-gold-bracelet-with-rudraksha-48775\\\/\",\"url\":\"https:\\\/\\\/www.purejewels.com\\\/product\\\/22ct-gold-bracelet-with-rudraksha-48775\\\/\",\"name\":\"Gold Rudraksha Bracelet crafted in 22ct Gold | PureJewels UK\",\"isPartOf\":{\"@id\":\"https:\\\/\\\/www.purejewels.com\\\/#website\"},\"primaryImageOfPage\":{\"@id\":\"https:\\\/\\\/www.purejewels.com\\\/product\\\/22ct-gold-bracelet-with-rudraksha-48775\\\/#primaryimage\"},\"image\":{\"@id\":\"https:\\\/\\\/www.purejewels.com\\\/product\\\/22ct-gold-bracelet-with-rudraksha-48775\\\/#primaryimage\"},\"thumbnailUrl\":\"https:\\\/\\\/static.purejewels.com\\\/wp-content\\\/uploads\\\/2020\\\/06\\\/image174379857.jpg\",\"datePublished\":\"2025-05-20T07:18:39+00:00\",\"dateModified\":\"2026-01-06T10:00:18+00:00\",\"description\":\"Enhance your style with a men's 22 karat gold Rudraksha bracelet, radiating divine elegance. They are handcrafted for a powerful spiritual touch.\",\"breadcrumb\":{\"@id\":\"https:\\\/\\\/www.purejewels.com\\\/product\\\/22ct-gold-bracelet-with-rudraksha-48775\\\/#breadcrumb\"},\"inLanguage\":\"de\",\"potentialAction\":[{\"@type\":\"ReadAction\",\"target\":[\"https:\\\/\\\/www.purejewels.com\\\/product\\\/22ct-gold-bracelet-with-rudraksha-48775\\\/\"]}]},{\"@type\":\"ImageObject\",\"inLanguage\":\"de\",\"@id\":\"https:\\\/\\\/www.purejewels.com\\\/product\\\/22ct-gold-bracelet-with-rudraksha-48775\\\/#primaryimage\",\"url\":\"https:\\\/\\\/static.purejewels.com\\\/wp-content\\\/uploads\\\/2020\\\/06\\\/image174379857.jpg\",\"contentUrl\":\"https:\\\/\\\/static.purejewels.com\\\/wp-content\\\/uploads\\\/2020\\\/06\\\/image174379857.jpg\",\"width\":1000,\"height\":1000,\"caption\":\"22ct Gold Light Rudraksh Gents Bracelet YGGB042\"},{\"@type\":\"BreadcrumbList\",\"@id\":\"https:\\\/\\\/www.purejewels.com\\\/product\\\/22ct-gold-bracelet-with-rudraksha-48775\\\/#breadcrumb\",\"itemListElement\":[{\"@type\":\"ListItem\",\"position\":1,\"name\":\"Home\",\"item\":\"https:\\\/\\\/www.purejewels.com\\\/\"},{\"@type\":\"ListItem\",\"position\":2,\"name\":\"Shop\",\"item\":\"https:\\\/\\\/www.purejewels.com\\\/shop\\\/\"},{\"@type\":\"ListItem\",\"position\":3,\"name\":\"22ct Gold Bracelet With Rudraksha | 8.25 Inches\"}]},{\"@type\":\"WebSite\",\"@id\":\"https:\\\/\\\/www.purejewels.com\\\/#website\",\"url\":\"https:\\\/\\\/www.purejewels.com\\\/\",\"name\":\"PureJewels UK\",\"description\":\"Share the Love\",\"publisher\":{\"@id\":\"https:\\\/\\\/www.purejewels.com\\\/#organization\"},\"potentialAction\":[{\"@type\":\"SearchAction\",\"target\":{\"@type\":\"EntryPoint\",\"urlTemplate\":\"https:\\\/\\\/www.purejewels.com\\\/?s={search_term_string}\"},\"query-input\":{\"@type\":\"PropertyValueSpecification\",\"valueRequired\":true,\"valueName\":\"search_term_string\"}}],\"inLanguage\":\"de\"},{\"@type\":\"Organization\",\"@id\":\"https:\\\/\\\/www.purejewels.com\\\/#organization\",\"name\":\"PureJewels UK\",\"url\":\"https:\\\/\\\/www.purejewels.com\\\/\",\"logo\":{\"@type\":\"ImageObject\",\"inLanguage\":\"de\",\"@id\":\"https:\\\/\\\/www.purejewels.com\\\/#\\\/schema\\\/logo\\\/image\\\/\",\"url\":\"https:\\\/\\\/static.purejewels.com\\\/wp-content\\\/uploads\\\/2020\\\/11\\\/Logo-PJ-New-1.png\",\"contentUrl\":\"https:\\\/\\\/static.purejewels.com\\\/wp-content\\\/uploads\\\/2020\\\/11\\\/Logo-PJ-New-1.png\",\"width\":150,\"height\":80,\"caption\":\"PureJewels UK\"},\"image\":{\"@id\":\"https:\\\/\\\/www.purejewels.com\\\/#\\\/schema\\\/logo\\\/image\\\/\"}}]}<\/script>\n<!-- \/ Yoast SEO plugin. -->","yoast_head_json":{"title":"Gold Rudraksha Armband in 22ct Gold gefertigt | PureJewels UK","description":"Verbessern Sie Ihren Stil mit einem Rudraksha-Armband f\u00fcr M\u00e4nner aus 22 Karat Gold, das g\u00f6ttliche Eleganz ausstrahlt. Sie sind handgefertigt und haben einen starken spirituellen Touch.","robots":{"index":"index","follow":"follow","max-snippet":"max-snippet:-1","max-image-preview":"max-image-preview:large","max-video-preview":"max-video-preview:-1"},"canonical":"https:\/\/www.purejewels.com\/de\/produkt-2\/22-kt-gold-armband-mit-rudraksha-48775\/","og_locale":"de_DE","og_type":"article","og_title":"Gold Rudraksha Bracelet crafted in 22ct Gold | PureJewels UK","og_description":"Enhance your style with a men's 22 karat gold Rudraksha bracelet, radiating divine elegance. They are handcrafted for a powerful spiritual touch.","og_url":"https:\/\/www.purejewels.com\/de\/produkt-2\/22-kt-gold-armband-mit-rudraksha-48775\/","og_site_name":"PureJewels UK","article_modified_time":"2026-01-06T10:00:18+00:00","og_image":[{"width":1000,"height":1000,"url":"https:\/\/www.purejewels.com\/wp-content\/uploads\/2020\/06\/image174379857.jpg","type":"image\/jpeg"}],"twitter_card":"summary_large_image","twitter_misc":{"Gesch\u00e4tzte Lesezeit":"1\u00a0Minute"},"schema":{"@context":"https:\/\/schema.org","@graph":[{"@type":["WebPage","ItemPage"],"@id":"https:\/\/www.purejewels.com\/product\/22ct-gold-bracelet-with-rudraksha-48775\/","url":"https:\/\/www.purejewels.com\/product\/22ct-gold-bracelet-with-rudraksha-48775\/","name":"Gold Rudraksha Armband in 22ct Gold gefertigt | PureJewels UK","isPartOf":{"@id":"https:\/\/www.purejewels.com\/#website"},"primaryImageOfPage":{"@id":"https:\/\/www.purejewels.com\/product\/22ct-gold-bracelet-with-rudraksha-48775\/#primaryimage"},"image":{"@id":"https:\/\/www.purejewels.com\/product\/22ct-gold-bracelet-with-rudraksha-48775\/#primaryimage"},"thumbnailUrl":"https:\/\/static.purejewels.com\/wp-content\/uploads\/2020\/06\/image174379857.jpg","datePublished":"2025-05-20T07:18:39+00:00","dateModified":"2026-01-06T10:00:18+00:00","description":"Verbessern Sie Ihren Stil mit einem Rudraksha-Armband f\u00fcr M\u00e4nner aus 22 Karat Gold, das g\u00f6ttliche Eleganz ausstrahlt. Sie sind handgefertigt und haben einen starken spirituellen Touch.","breadcrumb":{"@id":"https:\/\/www.purejewels.com\/product\/22ct-gold-bracelet-with-rudraksha-48775\/#breadcrumb"},"inLanguage":"de","potentialAction":[{"@type":"ReadAction","target":["https:\/\/www.purejewels.com\/product\/22ct-gold-bracelet-with-rudraksha-48775\/"]}]},{"@type":"ImageObject","inLanguage":"de","@id":"https:\/\/www.purejewels.com\/product\/22ct-gold-bracelet-with-rudraksha-48775\/#primaryimage","url":"https:\/\/static.purejewels.com\/wp-content\/uploads\/2020\/06\/image174379857.jpg","contentUrl":"https:\/\/static.purejewels.com\/wp-content\/uploads\/2020\/06\/image174379857.jpg","width":1000,"height":1000,"caption":"22ct Gold Light Rudraksh Gents Bracelet YGGB042"},{"@type":"BreadcrumbList","@id":"https:\/\/www.purejewels.com\/product\/22ct-gold-bracelet-with-rudraksha-48775\/#breadcrumb","itemListElement":[{"@type":"ListItem","position":1,"name":"Home","item":"https:\/\/www.purejewels.com\/"},{"@type":"ListItem","position":2,"name":"Shop","item":"https:\/\/www.purejewels.com\/shop\/"},{"@type":"ListItem","position":3,"name":"22ct Gold Bracelet With Rudraksha | 8.25 Inches"}]},{"@type":"WebSite","@id":"https:\/\/www.purejewels.com\/#website","url":"https:\/\/www.purejewels.com\/","name":"PureJewels UK","description":"Teile die Liebe","publisher":{"@id":"https:\/\/www.purejewels.com\/#organization"},"potentialAction":[{"@type":"SearchAction","target":{"@type":"EntryPoint","urlTemplate":"https:\/\/www.purejewels.com\/?s={search_term_string}"},"query-input":{"@type":"PropertyValueSpecification","valueRequired":true,"valueName":"search_term_string"}}],"inLanguage":"de"},{"@type":"Organization","@id":"https:\/\/www.purejewels.com\/#organization","name":"PureJewels UK","url":"https:\/\/www.purejewels.com\/","logo":{"@type":"ImageObject","inLanguage":"de","@id":"https:\/\/www.purejewels.com\/#\/schema\/logo\/image\/","url":"https:\/\/static.purejewels.com\/wp-content\/uploads\/2020\/11\/Logo-PJ-New-1.png","contentUrl":"https:\/\/static.purejewels.com\/wp-content\/uploads\/2020\/11\/Logo-PJ-New-1.png","width":150,"height":80,"caption":"PureJewels UK"},"image":{"@id":"https:\/\/www.purejewels.com\/#\/schema\/logo\/image\/"}}]}},"_links":{"self":[{"href":"https:\/\/www.purejewels.com\/de\/wp-json\/wp\/v2\/product\/334366","targetHints":{"allow":["GET"]}}],"collection":[{"href":"https:\/\/www.purejewels.com\/de\/wp-json\/wp\/v2\/product"}],"about":[{"href":"https:\/\/www.purejewels.com\/de\/wp-json\/wp\/v2\/types\/product"}],"replies":[{"embeddable":true,"href":"https:\/\/www.purejewels.com\/de\/wp-json\/wp\/v2\/comments?post=334366"}],"version-history":[{"count":4,"href":"https:\/\/www.purejewels.com\/de\/wp-json\/wp\/v2\/product\/334366\/revisions"}],"predecessor-version":[{"id":378950,"href":"https:\/\/www.purejewels.com\/de\/wp-json\/wp\/v2\/product\/334366\/revisions\/378950"}],"wp:featuredmedia":[{"embeddable":true,"href":"https:\/\/www.purejewels.com\/de\/wp-json\/wp\/v2\/media\/314640"}],"wp:attachment":[{"href":"https:\/\/www.purejewels.com\/de\/wp-json\/wp\/v2\/media?parent=334366"}],"wp:term":[{"taxonomy":"product_brand","embeddable":true,"href":"https:\/\/www.purejewels.com\/de\/wp-json\/wp\/v2\/product_brand?post=334366"},{"taxonomy":"product_cat","embeddable":true,"href":"https:\/\/www.purejewels.com\/de\/wp-json\/wp\/v2\/product_cat?post=334366"},{"taxonomy":"product_tag","embeddable":true,"href":"https:\/\/www.purejewels.com\/de\/wp-json\/wp\/v2\/product_tag?post=334366"}],"curies":[{"name":"wp","href":"https:\/\/api.w.org\/{rel}","templated":true}]}}