{"id":334374,"date":"2022-02-15T09:27:48","date_gmt":"2022-02-15T09:27:48","guid":{"rendered":"https:\/\/www.purejewels.com\/?post_type=product&#038;p=334374"},"modified":"2026-01-07T05:58:14","modified_gmt":"2026-01-07T05:58:14","slug":"22ct-asiatisches-gold-ringe-ringgrose-46567","status":"publish","type":"product","link":"https:\/\/www.purejewels.com\/de\/product\/22ct-asian-gold-rings-ring-size-46567\/","title":{"rendered":"22ct Asian Gold Ring | Gr\u00f6\u00dfe L 1\/2"},"content":{"rendered":"<h4 data-start=\"397\" data-end=\"422\"><strong data-start=\"402\" data-end=\"420\">Designkonzept<\/strong><\/h4>\n<p data-start=\"423\" data-end=\"824\">Dieser Ring aus 22-kar\u00e4tigem Gold ist eine Ode an das Erbe und die Weiblichkeit und wurde von der Rosette Collection inspiriert, die die Meilensteine des Lebens feiert. Das Rosettenmotiv, das durch seine filigranen, organischen Formen angedeutet wird, entstammt dem traditionellen s\u00fcdasiatischen Design und ist gleichzeitig von einer modernen, minimalistischen \u00c4sthetik gepr\u00e4gt. Seine zierliche Breite von 4 mm macht ihn vielseitig genug, um als Symbol der Liebe, des Feierns oder der Selbstverehrung gesch\u00e4tzt zu werden.<\/p>\n<h4 data-start=\"826\" data-end=\"850\"><strong data-start=\"831\" data-end=\"848\">Handwerkliches K\u00f6nnen<\/strong><\/h4>\n<p data-start=\"851\" data-end=\"1232\">Dieser in Handarbeit gefertigte Ring aus 22 Karat Gold wiegt 3,7 Gramm und ist vom London Assay Office gestempelt, was seine Reinheit und Herkunft garantiert. Die Handwerkskunst ist eine Hommage an das multinationale Erbe von PureJewels und verbindet traditionelle Techniken mit raffinierter Verarbeitung. Jede Kontur und jedes Muster ist mit Pr\u00e4zision geformt und spiegelt die stille Poesie des Erbes wider.<\/p>\n<h4 data-start=\"1449\" data-end=\"1479\"><strong data-start=\"1454\" data-end=\"1477\">Styling-Ideen<\/strong><\/h4>\n<ul>\n<li data-start=\"1482\" data-end=\"1604\">Klassisch zu kombinieren: Tragen Sie ihn zu einem schmalen Armreif oder \u00fcbereinander gestapelt mit Ringen f\u00fcr eine moderne Interpretation der traditionellen Eleganz.<\/li>\n<li data-start=\"1607\" data-end=\"1773\">Festliche Bl\u00fctenpracht: Eine anmutige Wahl f\u00fcr Diwali, Eid oder eine Jubil\u00e4umsfeier, die sowohl zu traditionellen Saris als auch zu moderner Anlasskleidung passt.<\/li>\n<li data-start=\"1776\" data-end=\"1907\">Bedeutungsvolles Geschenk: Ein durchdachtes Geschenk f\u00fcr einen geliebten Menschen, der ein neues Kapitel aufschl\u00e4gt - sei es ein Geburtstag, eine Verlobung oder ein Jubil\u00e4um.<\/li>\n<\/ul>","protected":false},"excerpt":{"rendered":"<table>\n<tbody>\n<tr>\n<td>Typ des Rings<\/td>\n<td>22ct Gold Ring<\/td>\n<\/tr>\n<tr>\n<td>SKU<\/td>\n<td>46567<\/td>\n<\/tr>\n<tr>\n<td>Gewicht<\/td>\n<td>3,7 Gramm<\/td>\n<\/tr>\n<tr>\n<td>Ringgr\u00f6\u00dfe<\/td>\n<td>L 1\/2<\/td>\n<\/tr>\n<tr>\n<td>Sammlung<\/td>\n<td>Kollektion Rosette<\/td>\n<\/tr>\n<tr>\n<td>Breite<\/td>\n<td>4mm<\/td>\n<\/tr>\n<tr>\n<td>Entgelte<\/td>\n<td>Lieferung und Mehrwertsteuer inbegriffen<\/td>\n<\/tr>\n<tr>\n<td>Verpackung<\/td>\n<td>Mit Pr\u00e4sentationsbox<\/td>\n<\/tr>\n<tr>\n<td>Mehr Informationen<\/td>\n<td>Live-Chat mit uns f\u00fcr Verf\u00fcgbarkeit und mehr Bilder<\/td>\n<\/tr>\n<\/tbody>\n<\/table>","protected":false},"featured_media":345766,"comment_status":"closed","ping_status":"closed","template":"","meta":{"_eb_attr":"","_crsspst_to_jayantr4sg-hostcom":false},"product_brand":[],"product_cat":[236,1235,1783,1570,1786,6156,1656,5276,1573,1574],"product_tag":[1430,63,64],"class_list":{"0":"post-334374","1":"product","2":"type-product","3":"status-publish","4":"has-post-thumbnail","6":"product_cat-collections","7":"product_cat-gold-rings","8":"product_cat-ladies-rings","9":"product_cat-mothers-day-gifts","10":"product_cat-occasional-wear-rings","11":"product_cat-rosette-bands","12":"product_cat-rosettes-collections","13":"product_cat-rosettes-ring","14":"product_cat-wedding-gifts","15":"product_cat-womens-jewellery","16":"product_tag-diwali-gift","17":"product_tag-gold","18":"product_tag-rings","20":"first","21":"outofstock","22":"taxable","23":"shipping-taxable","24":"product-type-simple","25":"add-to-wishlist-before_image"},"yoast_head":"<!-- This site is optimized with the Yoast SEO plugin v27.5 - https:\/\/yoast.com\/product\/yoast-seo-wordpress\/ -->\n<title>22ct Asian Gold Rings | Buy Gold Rings Online UK<\/title>\n<meta name=\"description\" content=\"Choose the perfect Asian Yellow Gold Ring from PureJewels. Buy Asian Gold Ring from our Jewellery collection. Free delivery across UK.\" \/>\n<meta name=\"robots\" content=\"index, follow, max-snippet:-1, max-image-preview:large, max-video-preview:-1\" \/>\n<link rel=\"canonical\" href=\"https:\/\/www.purejewels.com\/de\/produkt-2\/22ct-asiatisches-gold-ringe-ringgrose-46567\/\" \/>\n<meta property=\"og:locale\" content=\"de_DE\" \/>\n<meta property=\"og:type\" content=\"article\" \/>\n<meta property=\"og:title\" content=\"22ct Asian Gold Rings | Buy Gold Rings Online UK\" \/>\n<meta property=\"og:description\" content=\"Choose the perfect Asian Yellow Gold Ring from PureJewels. Buy Asian Gold Ring from our Jewellery collection. Free delivery across UK.\" \/>\n<meta property=\"og:url\" content=\"https:\/\/www.purejewels.com\/de\/produkt-2\/22ct-asiatisches-gold-ringe-ringgrose-46567\/\" \/>\n<meta property=\"og:site_name\" content=\"PureJewels UK\" \/>\n<meta property=\"article:modified_time\" content=\"2026-01-07T05:58:14+00:00\" \/>\n<meta property=\"og:image\" content=\"https:\/\/www.purejewels.com\/wp-content\/uploads\/2023\/02\/1674653536_43355-43353-43356-43404-43355-43354-41708-3.jpg\" \/>\n\t<meta property=\"og:image:width\" content=\"1000\" \/>\n\t<meta property=\"og:image:height\" content=\"1000\" \/>\n\t<meta property=\"og:image:type\" content=\"image\/jpeg\" \/>\n<meta name=\"twitter:card\" content=\"summary_large_image\" \/>\n<meta name=\"twitter:label1\" content=\"Gesch\u00e4tzte Lesezeit\" \/>\n\t<meta name=\"twitter:data1\" content=\"1\u00a0Minute\" \/>\n<script type=\"application\/ld+json\" class=\"yoast-schema-graph\">{\"@context\":\"https:\\\/\\\/schema.org\",\"@graph\":[{\"@type\":[\"WebPage\",\"ItemPage\"],\"@id\":\"https:\\\/\\\/www.purejewels.com\\\/product\\\/22ct-asian-gold-rings-ring-size-46567\\\/\",\"url\":\"https:\\\/\\\/www.purejewels.com\\\/product\\\/22ct-asian-gold-rings-ring-size-46567\\\/\",\"name\":\"22ct Asian Gold Rings | Buy Gold Rings Online UK\",\"isPartOf\":{\"@id\":\"https:\\\/\\\/www.purejewels.com\\\/#website\"},\"primaryImageOfPage\":{\"@id\":\"https:\\\/\\\/www.purejewels.com\\\/product\\\/22ct-asian-gold-rings-ring-size-46567\\\/#primaryimage\"},\"image\":{\"@id\":\"https:\\\/\\\/www.purejewels.com\\\/product\\\/22ct-asian-gold-rings-ring-size-46567\\\/#primaryimage\"},\"thumbnailUrl\":\"https:\\\/\\\/static.purejewels.com\\\/wp-content\\\/uploads\\\/2023\\\/02\\\/1674653536_43355-43353-43356-43404-43355-43354-41708-3.jpg\",\"datePublished\":\"2022-02-15T09:27:48+00:00\",\"dateModified\":\"2026-01-07T05:58:14+00:00\",\"description\":\"Choose the perfect Asian Yellow Gold Ring from PureJewels. Buy Asian Gold Ring from our Jewellery collection. Free delivery across UK.\",\"breadcrumb\":{\"@id\":\"https:\\\/\\\/www.purejewels.com\\\/product\\\/22ct-asian-gold-rings-ring-size-46567\\\/#breadcrumb\"},\"inLanguage\":\"de\",\"potentialAction\":[{\"@type\":\"ReadAction\",\"target\":[\"https:\\\/\\\/www.purejewels.com\\\/product\\\/22ct-asian-gold-rings-ring-size-46567\\\/\"]}]},{\"@type\":\"ImageObject\",\"inLanguage\":\"de\",\"@id\":\"https:\\\/\\\/www.purejewels.com\\\/product\\\/22ct-asian-gold-rings-ring-size-46567\\\/#primaryimage\",\"url\":\"https:\\\/\\\/static.purejewels.com\\\/wp-content\\\/uploads\\\/2023\\\/02\\\/1674653536_43355-43353-43356-43404-43355-43354-41708-3.jpg\",\"contentUrl\":\"https:\\\/\\\/static.purejewels.com\\\/wp-content\\\/uploads\\\/2023\\\/02\\\/1674653536_43355-43353-43356-43404-43355-43354-41708-3.jpg\",\"width\":1000,\"height\":1000,\"caption\":\"22ct Gold Ladies Ring | L Size | Rosettes Collection\"},{\"@type\":\"BreadcrumbList\",\"@id\":\"https:\\\/\\\/www.purejewels.com\\\/product\\\/22ct-asian-gold-rings-ring-size-46567\\\/#breadcrumb\",\"itemListElement\":[{\"@type\":\"ListItem\",\"position\":1,\"name\":\"Home\",\"item\":\"https:\\\/\\\/www.purejewels.com\\\/\"},{\"@type\":\"ListItem\",\"position\":2,\"name\":\"Shop\",\"item\":\"https:\\\/\\\/www.purejewels.com\\\/shop\\\/\"},{\"@type\":\"ListItem\",\"position\":3,\"name\":\"22ct Asian Gold Ring | Size L 1\\\/2\"}]},{\"@type\":\"WebSite\",\"@id\":\"https:\\\/\\\/www.purejewels.com\\\/#website\",\"url\":\"https:\\\/\\\/www.purejewels.com\\\/\",\"name\":\"PureJewels UK\",\"description\":\"Share the Love\",\"publisher\":{\"@id\":\"https:\\\/\\\/www.purejewels.com\\\/#organization\"},\"potentialAction\":[{\"@type\":\"SearchAction\",\"target\":{\"@type\":\"EntryPoint\",\"urlTemplate\":\"https:\\\/\\\/www.purejewels.com\\\/?s={search_term_string}\"},\"query-input\":{\"@type\":\"PropertyValueSpecification\",\"valueRequired\":true,\"valueName\":\"search_term_string\"}}],\"inLanguage\":\"de\"},{\"@type\":\"Organization\",\"@id\":\"https:\\\/\\\/www.purejewels.com\\\/#organization\",\"name\":\"PureJewels UK\",\"url\":\"https:\\\/\\\/www.purejewels.com\\\/\",\"logo\":{\"@type\":\"ImageObject\",\"inLanguage\":\"de\",\"@id\":\"https:\\\/\\\/www.purejewels.com\\\/#\\\/schema\\\/logo\\\/image\\\/\",\"url\":\"https:\\\/\\\/static.purejewels.com\\\/wp-content\\\/uploads\\\/2020\\\/11\\\/Logo-PJ-New-1.png\",\"contentUrl\":\"https:\\\/\\\/static.purejewels.com\\\/wp-content\\\/uploads\\\/2020\\\/11\\\/Logo-PJ-New-1.png\",\"width\":150,\"height\":80,\"caption\":\"PureJewels UK\"},\"image\":{\"@id\":\"https:\\\/\\\/www.purejewels.com\\\/#\\\/schema\\\/logo\\\/image\\\/\"}}]}<\/script>\n<!-- \/ Yoast SEO plugin. -->","yoast_head_json":{"title":"22ct Asiatische Gold Ringe | Gold Ringe Online Kaufen UK","description":"W\u00e4hlen Sie den perfekten asiatischen Gelbgoldring von PureJewels. Kaufen Sie Asian Gold Ring aus unserer Schmuck-Kollektion. Kostenlose Lieferung in ganz Gro\u00dfbritannien.","robots":{"index":"index","follow":"follow","max-snippet":"max-snippet:-1","max-image-preview":"max-image-preview:large","max-video-preview":"max-video-preview:-1"},"canonical":"https:\/\/www.purejewels.com\/de\/produkt-2\/22ct-asiatisches-gold-ringe-ringgrose-46567\/","og_locale":"de_DE","og_type":"article","og_title":"22ct Asian Gold Rings | Buy Gold Rings Online UK","og_description":"Choose the perfect Asian Yellow Gold Ring from PureJewels. Buy Asian Gold Ring from our Jewellery collection. Free delivery across UK.","og_url":"https:\/\/www.purejewels.com\/de\/produkt-2\/22ct-asiatisches-gold-ringe-ringgrose-46567\/","og_site_name":"PureJewels UK","article_modified_time":"2026-01-07T05:58:14+00:00","og_image":[{"width":1000,"height":1000,"url":"https:\/\/www.purejewels.com\/wp-content\/uploads\/2023\/02\/1674653536_43355-43353-43356-43404-43355-43354-41708-3.jpg","type":"image\/jpeg"}],"twitter_card":"summary_large_image","twitter_misc":{"Gesch\u00e4tzte Lesezeit":"1\u00a0Minute"},"schema":{"@context":"https:\/\/schema.org","@graph":[{"@type":["WebPage","ItemPage"],"@id":"https:\/\/www.purejewels.com\/product\/22ct-asian-gold-rings-ring-size-46567\/","url":"https:\/\/www.purejewels.com\/product\/22ct-asian-gold-rings-ring-size-46567\/","name":"22ct Asiatische Gold Ringe | Gold Ringe Online Kaufen UK","isPartOf":{"@id":"https:\/\/www.purejewels.com\/#website"},"primaryImageOfPage":{"@id":"https:\/\/www.purejewels.com\/product\/22ct-asian-gold-rings-ring-size-46567\/#primaryimage"},"image":{"@id":"https:\/\/www.purejewels.com\/product\/22ct-asian-gold-rings-ring-size-46567\/#primaryimage"},"thumbnailUrl":"https:\/\/static.purejewels.com\/wp-content\/uploads\/2023\/02\/1674653536_43355-43353-43356-43404-43355-43354-41708-3.jpg","datePublished":"2022-02-15T09:27:48+00:00","dateModified":"2026-01-07T05:58:14+00:00","description":"W\u00e4hlen Sie den perfekten asiatischen Gelbgoldring von PureJewels. Kaufen Sie Asian Gold Ring aus unserer Schmuck-Kollektion. Kostenlose Lieferung in ganz Gro\u00dfbritannien.","breadcrumb":{"@id":"https:\/\/www.purejewels.com\/product\/22ct-asian-gold-rings-ring-size-46567\/#breadcrumb"},"inLanguage":"de","potentialAction":[{"@type":"ReadAction","target":["https:\/\/www.purejewels.com\/product\/22ct-asian-gold-rings-ring-size-46567\/"]}]},{"@type":"ImageObject","inLanguage":"de","@id":"https:\/\/www.purejewels.com\/product\/22ct-asian-gold-rings-ring-size-46567\/#primaryimage","url":"https:\/\/static.purejewels.com\/wp-content\/uploads\/2023\/02\/1674653536_43355-43353-43356-43404-43355-43354-41708-3.jpg","contentUrl":"https:\/\/static.purejewels.com\/wp-content\/uploads\/2023\/02\/1674653536_43355-43353-43356-43404-43355-43354-41708-3.jpg","width":1000,"height":1000,"caption":"22ct Gold Ladies Ring | L Size | Rosettes Collection"},{"@type":"BreadcrumbList","@id":"https:\/\/www.purejewels.com\/product\/22ct-asian-gold-rings-ring-size-46567\/#breadcrumb","itemListElement":[{"@type":"ListItem","position":1,"name":"Home","item":"https:\/\/www.purejewels.com\/"},{"@type":"ListItem","position":2,"name":"Shop","item":"https:\/\/www.purejewels.com\/shop\/"},{"@type":"ListItem","position":3,"name":"22ct Asian Gold Ring | Size L 1\/2"}]},{"@type":"WebSite","@id":"https:\/\/www.purejewels.com\/#website","url":"https:\/\/www.purejewels.com\/","name":"PureJewels UK","description":"Teile die Liebe","publisher":{"@id":"https:\/\/www.purejewels.com\/#organization"},"potentialAction":[{"@type":"SearchAction","target":{"@type":"EntryPoint","urlTemplate":"https:\/\/www.purejewels.com\/?s={search_term_string}"},"query-input":{"@type":"PropertyValueSpecification","valueRequired":true,"valueName":"search_term_string"}}],"inLanguage":"de"},{"@type":"Organization","@id":"https:\/\/www.purejewels.com\/#organization","name":"PureJewels UK","url":"https:\/\/www.purejewels.com\/","logo":{"@type":"ImageObject","inLanguage":"de","@id":"https:\/\/www.purejewels.com\/#\/schema\/logo\/image\/","url":"https:\/\/static.purejewels.com\/wp-content\/uploads\/2020\/11\/Logo-PJ-New-1.png","contentUrl":"https:\/\/static.purejewels.com\/wp-content\/uploads\/2020\/11\/Logo-PJ-New-1.png","width":150,"height":80,"caption":"PureJewels UK"},"image":{"@id":"https:\/\/www.purejewels.com\/#\/schema\/logo\/image\/"}}]}},"_links":{"self":[{"href":"https:\/\/www.purejewels.com\/de\/wp-json\/wp\/v2\/product\/334374","targetHints":{"allow":["GET"]}}],"collection":[{"href":"https:\/\/www.purejewels.com\/de\/wp-json\/wp\/v2\/product"}],"about":[{"href":"https:\/\/www.purejewels.com\/de\/wp-json\/wp\/v2\/types\/product"}],"replies":[{"embeddable":true,"href":"https:\/\/www.purejewels.com\/de\/wp-json\/wp\/v2\/comments?post=334374"}],"version-history":[{"count":3,"href":"https:\/\/www.purejewels.com\/de\/wp-json\/wp\/v2\/product\/334374\/revisions"}],"predecessor-version":[{"id":420721,"href":"https:\/\/www.purejewels.com\/de\/wp-json\/wp\/v2\/product\/334374\/revisions\/420721"}],"wp:featuredmedia":[{"embeddable":true,"href":"https:\/\/www.purejewels.com\/de\/wp-json\/wp\/v2\/media\/345766"}],"wp:attachment":[{"href":"https:\/\/www.purejewels.com\/de\/wp-json\/wp\/v2\/media?parent=334374"}],"wp:term":[{"taxonomy":"product_brand","embeddable":true,"href":"https:\/\/www.purejewels.com\/de\/wp-json\/wp\/v2\/product_brand?post=334374"},{"taxonomy":"product_cat","embeddable":true,"href":"https:\/\/www.purejewels.com\/de\/wp-json\/wp\/v2\/product_cat?post=334374"},{"taxonomy":"product_tag","embeddable":true,"href":"https:\/\/www.purejewels.com\/de\/wp-json\/wp\/v2\/product_tag?post=334374"}],"curies":[{"name":"wp","href":"https:\/\/api.w.org\/{rel}","templated":true}]}}