{"id":334431,"date":"2022-02-16T05:30:17","date_gmt":"2022-02-16T05:30:17","guid":{"rendered":"https:\/\/www.purejewels.com\/?post_type=product&#038;p=334431"},"modified":"2025-12-08T08:11:54","modified_gmt":"2025-12-08T08:11:54","slug":"nasenstecker-aus-gelbgold-41449","status":"publish","type":"product","link":"https:\/\/www.purejewels.com\/de\/product\/yellow-gold-nose-stud-41449\/","title":{"rendered":"Gelbgold Nasenstecker"},"content":{"rendered":"<p><strong>Gestaltung<\/strong><\/p>\n<p>Dieser zarte Nasenpiercing ist mit einem runden Brillantdiamanten von 0,08 Karat besetzt, der aufgrund seines au\u00dfergew\u00f6hnlichen Feuers und seiner Klarheit ausgew\u00e4hlt wurde. Der Diamant ist in einer minimalistischen Vier-Griff-Fassung eingefasst und strahlt vor dem warmen Glanz von 18 Karat Gelbgold. Seine kompakte Form sorgt f\u00fcr einen raffinierten Glanz, der zur\u00fcckhaltend und dennoch unverkennbar elegant wirkt.<\/p>\n<p><strong>Handwerkliches K\u00f6nnen<\/strong><\/p>\n<p>Jeder Diamant wird pr\u00e4zise von Hand gefasst, um einen sicheren Sitz und maximale Brillanz zu gew\u00e4hrleisten. Der Stecker aus 18 Karat Gold ist f\u00fcr hohen Tragekomfort und einen angenehmen Sitz geformt und verf\u00fcgt \u00fcber eine sauber verarbeitete R\u00fcckseite. Jeder Ohrstecker ist in Gro\u00dfbritannien punziert, was die Reinheit des Goldes und die Einhaltung h\u00f6chster Handwerksstandards best\u00e4tigt.<\/p>\n<p><strong>Styling &amp; Geschenkartikel<\/strong><\/p>\n<p>Dieser Ohrstecker wurde f\u00fcr den Alltag entworfen und l\u00e4sst sich m\u00fchelos sowohl mit traditionellen als auch mit modernen Looks kombinieren. Sein klarer Glanz macht ihn ideal f\u00fcr die Arbeit, Feiern und besondere Anl\u00e4sse. Als durchdachtes Geschenk zum Geburtstag, zu Meilensteinen oder zur Selbstdarstellung verleiht dieses Schmuckst\u00fcck jeder Schmuckkollektion einen Hauch von Glanz.<\/p>","protected":false},"excerpt":{"rendered":"<p>Ein strahlender Nasenstecker aus 18 Karat Gold mit einem 0,08 Karat E\u2013F VVS Diamanten, der f\u00fcr brillanten Glanz und t\u00e4gliche Raffinesse gefertigt wurde. Mit britischer Punzierung.<\/p>\n<ul>\n<li>Gelbgold Diamant-Nasenstecker uk<\/li>\n<li>18ct Nasenschmuck Geeignet f\u00fcr den t\u00e4glichen Gebrauch<\/li>\n<li>mit rundem Diamanten im Brillantschliff, gefasst in einer vierzackigen Fassung<\/li>\n<li>Gewicht des Diamanten 0,08 Karat<\/li>\n<li>Gesamtgewicht 0,16 g.\n<ul>\n<li style=\"list-style-type: none;\">\n<ul>\n<li>Farbe. E - F<\/li>\n<li>Klarheit. VVS<\/li>\n<\/ul>\n<\/li>\n<\/ul>\n<\/li>\n<li>Alle unsere Diamanten kommen mit DIamant Zertifikat<\/li>\n<li>SKU. 41449<\/li>\n<li>Alle Preise inklusive Mehrwertsteuer<\/li>\n<li>Mit Pr\u00e4sentationsbox<\/li>\n<li>Kostenlose Lieferung in ganz UK<\/li>\n<li>Kontaktieren Sie uns \/ Live-Chat mit uns f\u00fcr das Video des Produkts<\/li>\n<\/ul>","protected":false},"featured_media":326683,"comment_status":"closed","ping_status":"closed","template":"","meta":{"_eb_attr":"","_crsspst_to_jayantr4sg-hostcom":false},"product_brand":[],"product_cat":[1530,1711,1463,1574,5349],"product_tag":[],"class_list":{"0":"post-334431","1":"product","2":"type-product","3":"status-publish","4":"has-post-thumbnail","6":"product_cat-diamond-nose-pin","7":"product_cat-gold-nose-studs","8":"product_cat-gold-nose-pins","9":"product_cat-womens-jewellery","10":"product_cat-yellow-gold-jewellery","12":"first","13":"outofstock","14":"taxable","15":"shipping-taxable","16":"product-type-simple","17":"add-to-wishlist-before_image"},"yoast_head":"<!-- This site is optimized with the Yoast SEO plugin v27.5 - https:\/\/yoast.com\/product\/yoast-seo-wordpress\/ -->\n<title>18ct Yellow Gold Diamond Nose Stud | PureJewels UK | Buy Online<\/title>\n<meta name=\"description\" content=\"Shop the 18ct Yellow Gold Diamond Nose Stud crafted with a 0.08ct VVS diamond in E\u2013F colour. Handset for exceptional brilliance and designed for everyday elegance.\" \/>\n<meta name=\"robots\" content=\"index, follow, max-snippet:-1, max-image-preview:large, max-video-preview:-1\" \/>\n<link rel=\"canonical\" href=\"https:\/\/www.purejewels.com\/de\/produkt-2\/nasenstecker-aus-gelbgold-41449\/\" \/>\n<meta property=\"og:locale\" content=\"de_DE\" \/>\n<meta property=\"og:type\" content=\"article\" \/>\n<meta property=\"og:title\" content=\"18ct Yellow Gold Diamond Nose Stud | PureJewels UK | Buy Online\" \/>\n<meta property=\"og:description\" content=\"Shop the 18ct Yellow Gold Diamond Nose Stud crafted with a 0.08ct VVS diamond in E\u2013F colour. Handset for exceptional brilliance and designed for everyday elegance.\" \/>\n<meta property=\"og:url\" content=\"https:\/\/www.purejewels.com\/de\/produkt-2\/nasenstecker-aus-gelbgold-41449\/\" \/>\n<meta property=\"og:site_name\" content=\"PureJewels UK\" \/>\n<meta property=\"article:modified_time\" content=\"2025-12-08T08:11:54+00:00\" \/>\n<meta property=\"og:image\" content=\"https:\/\/static.purejewels.com\/wp-content\/uploads\/2021\/07\/34160-1.jpg\" \/>\n\t<meta property=\"og:image:width\" content=\"1000\" \/>\n\t<meta property=\"og:image:height\" content=\"1000\" \/>\n\t<meta property=\"og:image:type\" content=\"image\/jpeg\" \/>\n<meta name=\"twitter:card\" content=\"summary_large_image\" \/>\n<meta name=\"twitter:label1\" content=\"Gesch\u00e4tzte Lesezeit\" \/>\n\t<meta name=\"twitter:data1\" content=\"1\u00a0Minute\" \/>\n<script type=\"application\/ld+json\" class=\"yoast-schema-graph\">{\"@context\":\"https:\\\/\\\/schema.org\",\"@graph\":[{\"@type\":[\"WebPage\",\"ItemPage\"],\"@id\":\"https:\\\/\\\/www.purejewels.com\\\/product\\\/yellow-gold-nose-stud-41449\\\/\",\"url\":\"https:\\\/\\\/www.purejewels.com\\\/product\\\/yellow-gold-nose-stud-41449\\\/\",\"name\":\"18ct Yellow Gold Diamond Nose Stud | PureJewels UK | Buy Online\",\"isPartOf\":{\"@id\":\"https:\\\/\\\/www.purejewels.com\\\/#website\"},\"primaryImageOfPage\":{\"@id\":\"https:\\\/\\\/www.purejewels.com\\\/product\\\/yellow-gold-nose-stud-41449\\\/#primaryimage\"},\"image\":{\"@id\":\"https:\\\/\\\/www.purejewels.com\\\/product\\\/yellow-gold-nose-stud-41449\\\/#primaryimage\"},\"thumbnailUrl\":\"https:\\\/\\\/static.purejewels.com\\\/wp-content\\\/uploads\\\/2021\\\/07\\\/34160-1.jpg\",\"datePublished\":\"2022-02-16T05:30:17+00:00\",\"dateModified\":\"2025-12-08T08:11:54+00:00\",\"description\":\"Shop the 18ct Yellow Gold Diamond Nose Stud crafted with a 0.08ct VVS diamond in E\u2013F colour. Handset for exceptional brilliance and designed for everyday elegance.\",\"breadcrumb\":{\"@id\":\"https:\\\/\\\/www.purejewels.com\\\/product\\\/yellow-gold-nose-stud-41449\\\/#breadcrumb\"},\"inLanguage\":\"de\",\"potentialAction\":[{\"@type\":\"ReadAction\",\"target\":[\"https:\\\/\\\/www.purejewels.com\\\/product\\\/yellow-gold-nose-stud-41449\\\/\"]}]},{\"@type\":\"ImageObject\",\"inLanguage\":\"de\",\"@id\":\"https:\\\/\\\/www.purejewels.com\\\/product\\\/yellow-gold-nose-stud-41449\\\/#primaryimage\",\"url\":\"https:\\\/\\\/static.purejewels.com\\\/wp-content\\\/uploads\\\/2021\\\/07\\\/34160-1.jpg\",\"contentUrl\":\"https:\\\/\\\/static.purejewels.com\\\/wp-content\\\/uploads\\\/2021\\\/07\\\/34160-1.jpg\",\"width\":1000,\"height\":1000,\"caption\":\"Yellow Gold Diamond Nose Stud uk 34160-1\"},{\"@type\":\"BreadcrumbList\",\"@id\":\"https:\\\/\\\/www.purejewels.com\\\/product\\\/yellow-gold-nose-stud-41449\\\/#breadcrumb\",\"itemListElement\":[{\"@type\":\"ListItem\",\"position\":1,\"name\":\"Home\",\"item\":\"https:\\\/\\\/www.purejewels.com\\\/\"},{\"@type\":\"ListItem\",\"position\":2,\"name\":\"Shop\",\"item\":\"https:\\\/\\\/www.purejewels.com\\\/shop\\\/\"},{\"@type\":\"ListItem\",\"position\":3,\"name\":\"Yellow Gold Nose Stud\"}]},{\"@type\":\"WebSite\",\"@id\":\"https:\\\/\\\/www.purejewels.com\\\/#website\",\"url\":\"https:\\\/\\\/www.purejewels.com\\\/\",\"name\":\"PureJewels UK\",\"description\":\"Share the Love\",\"publisher\":{\"@id\":\"https:\\\/\\\/www.purejewels.com\\\/#organization\"},\"potentialAction\":[{\"@type\":\"SearchAction\",\"target\":{\"@type\":\"EntryPoint\",\"urlTemplate\":\"https:\\\/\\\/www.purejewels.com\\\/?s={search_term_string}\"},\"query-input\":{\"@type\":\"PropertyValueSpecification\",\"valueRequired\":true,\"valueName\":\"search_term_string\"}}],\"inLanguage\":\"de\"},{\"@type\":\"Organization\",\"@id\":\"https:\\\/\\\/www.purejewels.com\\\/#organization\",\"name\":\"PureJewels UK\",\"url\":\"https:\\\/\\\/www.purejewels.com\\\/\",\"logo\":{\"@type\":\"ImageObject\",\"inLanguage\":\"de\",\"@id\":\"https:\\\/\\\/www.purejewels.com\\\/#\\\/schema\\\/logo\\\/image\\\/\",\"url\":\"https:\\\/\\\/static.purejewels.com\\\/wp-content\\\/uploads\\\/2020\\\/11\\\/Logo-PJ-New-1.png\",\"contentUrl\":\"https:\\\/\\\/static.purejewels.com\\\/wp-content\\\/uploads\\\/2020\\\/11\\\/Logo-PJ-New-1.png\",\"width\":150,\"height\":80,\"caption\":\"PureJewels UK\"},\"image\":{\"@id\":\"https:\\\/\\\/www.purejewels.com\\\/#\\\/schema\\\/logo\\\/image\\\/\"}}]}<\/script>\n<!-- \/ Yoast SEO plugin. -->","yoast_head_json":{"title":"18 Karat Gelbgold-Diamant-Nasenstecker | PureJewels UK | Online kaufen","description":"Entdecken Sie den Nasenstecker aus 18 Karat Gelbgold mit einem 0,08 Karat VVS-Diamanten in der Farbe E\u2013F. Von Hand gefasst f\u00fcr au\u00dfergew\u00f6hnliche Brillanz und f\u00fcr allt\u00e4gliche Eleganz entworfen.","robots":{"index":"index","follow":"follow","max-snippet":"max-snippet:-1","max-image-preview":"max-image-preview:large","max-video-preview":"max-video-preview:-1"},"canonical":"https:\/\/www.purejewels.com\/de\/produkt-2\/nasenstecker-aus-gelbgold-41449\/","og_locale":"de_DE","og_type":"article","og_title":"18ct Yellow Gold Diamond Nose Stud | PureJewels UK | Buy Online","og_description":"Shop the 18ct Yellow Gold Diamond Nose Stud crafted with a 0.08ct VVS diamond in E\u2013F colour. Handset for exceptional brilliance and designed for everyday elegance.","og_url":"https:\/\/www.purejewels.com\/de\/produkt-2\/nasenstecker-aus-gelbgold-41449\/","og_site_name":"PureJewels UK","article_modified_time":"2025-12-08T08:11:54+00:00","og_image":[{"width":1000,"height":1000,"url":"https:\/\/static.purejewels.com\/wp-content\/uploads\/2021\/07\/34160-1.jpg","type":"image\/jpeg"}],"twitter_card":"summary_large_image","twitter_misc":{"Gesch\u00e4tzte Lesezeit":"1\u00a0Minute"},"schema":{"@context":"https:\/\/schema.org","@graph":[{"@type":["WebPage","ItemPage"],"@id":"https:\/\/www.purejewels.com\/product\/yellow-gold-nose-stud-41449\/","url":"https:\/\/www.purejewels.com\/product\/yellow-gold-nose-stud-41449\/","name":"18 Karat Gelbgold-Diamant-Nasenstecker | PureJewels UK | Online kaufen","isPartOf":{"@id":"https:\/\/www.purejewels.com\/#website"},"primaryImageOfPage":{"@id":"https:\/\/www.purejewels.com\/product\/yellow-gold-nose-stud-41449\/#primaryimage"},"image":{"@id":"https:\/\/www.purejewels.com\/product\/yellow-gold-nose-stud-41449\/#primaryimage"},"thumbnailUrl":"https:\/\/static.purejewels.com\/wp-content\/uploads\/2021\/07\/34160-1.jpg","datePublished":"2022-02-16T05:30:17+00:00","dateModified":"2025-12-08T08:11:54+00:00","description":"Entdecken Sie den Nasenstecker aus 18 Karat Gelbgold mit einem 0,08 Karat VVS-Diamanten in der Farbe E\u2013F. Von Hand gefasst f\u00fcr au\u00dfergew\u00f6hnliche Brillanz und f\u00fcr allt\u00e4gliche Eleganz entworfen.","breadcrumb":{"@id":"https:\/\/www.purejewels.com\/product\/yellow-gold-nose-stud-41449\/#breadcrumb"},"inLanguage":"de","potentialAction":[{"@type":"ReadAction","target":["https:\/\/www.purejewels.com\/product\/yellow-gold-nose-stud-41449\/"]}]},{"@type":"ImageObject","inLanguage":"de","@id":"https:\/\/www.purejewels.com\/product\/yellow-gold-nose-stud-41449\/#primaryimage","url":"https:\/\/static.purejewels.com\/wp-content\/uploads\/2021\/07\/34160-1.jpg","contentUrl":"https:\/\/static.purejewels.com\/wp-content\/uploads\/2021\/07\/34160-1.jpg","width":1000,"height":1000,"caption":"Yellow Gold Diamond Nose Stud uk 34160-1"},{"@type":"BreadcrumbList","@id":"https:\/\/www.purejewels.com\/product\/yellow-gold-nose-stud-41449\/#breadcrumb","itemListElement":[{"@type":"ListItem","position":1,"name":"Home","item":"https:\/\/www.purejewels.com\/"},{"@type":"ListItem","position":2,"name":"Shop","item":"https:\/\/www.purejewels.com\/shop\/"},{"@type":"ListItem","position":3,"name":"Yellow Gold Nose Stud"}]},{"@type":"WebSite","@id":"https:\/\/www.purejewels.com\/#website","url":"https:\/\/www.purejewels.com\/","name":"PureJewels UK","description":"Teile die Liebe","publisher":{"@id":"https:\/\/www.purejewels.com\/#organization"},"potentialAction":[{"@type":"SearchAction","target":{"@type":"EntryPoint","urlTemplate":"https:\/\/www.purejewels.com\/?s={search_term_string}"},"query-input":{"@type":"PropertyValueSpecification","valueRequired":true,"valueName":"search_term_string"}}],"inLanguage":"de"},{"@type":"Organization","@id":"https:\/\/www.purejewels.com\/#organization","name":"PureJewels UK","url":"https:\/\/www.purejewels.com\/","logo":{"@type":"ImageObject","inLanguage":"de","@id":"https:\/\/www.purejewels.com\/#\/schema\/logo\/image\/","url":"https:\/\/static.purejewels.com\/wp-content\/uploads\/2020\/11\/Logo-PJ-New-1.png","contentUrl":"https:\/\/static.purejewels.com\/wp-content\/uploads\/2020\/11\/Logo-PJ-New-1.png","width":150,"height":80,"caption":"PureJewels UK"},"image":{"@id":"https:\/\/www.purejewels.com\/#\/schema\/logo\/image\/"}}]}},"_links":{"self":[{"href":"https:\/\/www.purejewels.com\/de\/wp-json\/wp\/v2\/product\/334431","targetHints":{"allow":["GET"]}}],"collection":[{"href":"https:\/\/www.purejewels.com\/de\/wp-json\/wp\/v2\/product"}],"about":[{"href":"https:\/\/www.purejewels.com\/de\/wp-json\/wp\/v2\/types\/product"}],"replies":[{"embeddable":true,"href":"https:\/\/www.purejewels.com\/de\/wp-json\/wp\/v2\/comments?post=334431"}],"version-history":[{"count":2,"href":"https:\/\/www.purejewels.com\/de\/wp-json\/wp\/v2\/product\/334431\/revisions"}],"predecessor-version":[{"id":422609,"href":"https:\/\/www.purejewels.com\/de\/wp-json\/wp\/v2\/product\/334431\/revisions\/422609"}],"wp:featuredmedia":[{"embeddable":true,"href":"https:\/\/www.purejewels.com\/de\/wp-json\/wp\/v2\/media\/326683"}],"wp:attachment":[{"href":"https:\/\/www.purejewels.com\/de\/wp-json\/wp\/v2\/media?parent=334431"}],"wp:term":[{"taxonomy":"product_brand","embeddable":true,"href":"https:\/\/www.purejewels.com\/de\/wp-json\/wp\/v2\/product_brand?post=334431"},{"taxonomy":"product_cat","embeddable":true,"href":"https:\/\/www.purejewels.com\/de\/wp-json\/wp\/v2\/product_cat?post=334431"},{"taxonomy":"product_tag","embeddable":true,"href":"https:\/\/www.purejewels.com\/de\/wp-json\/wp\/v2\/product_tag?post=334431"}],"curies":[{"name":"wp","href":"https:\/\/api.w.org\/{rel}","templated":true}]}}