{"id":334634,"date":"2022-02-21T05:16:37","date_gmt":"2022-02-21T05:16:37","guid":{"rendered":"https:\/\/www.purejewels.com\/?post_type=product&#038;p=334634"},"modified":"2022-03-25T04:41:39","modified_gmt":"2022-03-25T04:41:39","slug":"gold-ohrringe-fur-frauen-41766","status":"publish","type":"product","link":"https:\/\/www.purejewels.com\/de\/product\/gold-earrings-for-women-41766\/","title":{"rendered":"Gold-Ohrringe f\u00fcr Frauen"},"content":{"rendered":"<h3>Stil<\/h3>\n<p>Sind Sie st\u00e4ndig auf der Suche nach etwas Perfektem, um Ihrem Look sofortigen Glamour zu verleihen? Dann k\u00f6nnte das hier genau das Richtige sein! Dieses Paar einmaliger goldener Party <a href=\"https:\/\/www.purejewels.com\/de\/product-category\/22ct-gold-jewellery\/gold-earrings\/\">Ohrringe<\/a> ist alles, was Sie brauchen, um ein Statement zu setzen. Man sagt, dass Ohrringe die m\u00e4chtigsten Accessoires sind, die buchst\u00e4blich Ihren Look ausmachen oder brechen k\u00f6nnen. Mit diesen Ohrringen kannst du deinen Party-Look auf die n\u00e4chste Stufe heben. Diese k\u00fchnen und k\u00fcnstlerisch anmutenden reinen <a href=\"https:\/\/www.purejewels.com\/de\/armari-collection\/\">goldene Ohrringe<\/a>von Purejewels, sind alles, was Sie brauchen, um sich wie der Mittelpunkt einer Party zu f\u00fchlen.<\/p>\n<h3>Inspiration<\/h3>\n<p>Diese wundersch\u00f6nen langen Ohrringe sind von komplizierten architektonischen Strukturen inspiriert und wurden aus reinem 22-kar\u00e4tigem Gold gefertigt. Das Paar wurde von unseren Karigarren in aufw\u00e4ndiger Handarbeit hergestellt, indem sie die handgefertigten Kugelelemente nahtlos zusammengef\u00fcgt haben. Dar\u00fcber hinaus wurden sie durch jali-\u00e4hnliche Elemente erg\u00e4nzt, um die perfekte baumelnde Silhouette zu erreichen, und mit einem matten Goldton vollendet. Der luxuri\u00f6se, matte Goldton ist mit folgenden Details verziert <a href=\"https:\/\/www.purejewels.com\/de\/product\/designer-ring-for-women-in-22-carat-31928\/\">rhodiniert<\/a> an den R\u00e4ndern der baumelnden Elemente, so dass sie auch aus der Ferne auffallen.<\/p>\n<h3>Makellos<\/h3>\n<p>Diese Danglers passen perfekt zu allen Ihren Party-Ensembles. Bereiten Sie sich auf die Hochzeits-Cocktail-Nacht vor, f\u00fcr die Sie schon lange den perfekten Schmuck suchen, denn Ihre Suche hat ein Ende. Schm\u00fccken Sie sich mit diesen reinen <a href=\"https:\/\/www.purejewels.com\/de\/product\/gold-earrings-for-women-27179\/\">goldene Ohrringe f\u00fcr Frauen<\/a> zu besonderen Anl\u00e4ssen, w\u00e4hrend Sie mutig aussehen und sich mit einem Hauch von Raffinesse bewegen.<\/p>","protected":false},"excerpt":{"rendered":"<ul>\n<li>Gold-Ohrringe f\u00fcr Frauen<\/li>\n<li>Mit Rhodium-Politur<\/li>\n<li>Wt. 3,5 g<\/li>\n<li>SKU. 41766<\/li>\n<li>Alle Preise inklusive Mehrwertsteuer<\/li>\n<li>Gold gestempelt von London Assay Office<\/li>\n<li>22 Karat Gold Ohrring kommt mit Geschenkbox<\/li>\n<li>Lieferung inbegriffen<\/li>\n<li>Live-Chat mit uns f\u00fcr die Verf\u00fcgbarkeit und mehr Bilder von Schmuck-Geschenk-Sets<\/li>\n<\/ul>","protected":false},"featured_media":334635,"comment_status":"closed","ping_status":"closed","template":"","meta":{"_eb_attr":"","_crsspst_to_jayantr4sg-hostcom":false},"product_brand":[],"product_cat":[1559,1685,1254,1569,1573,1574],"product_tag":[66],"class_list":{"0":"post-334634","1":"product","2":"type-product","3":"status-publish","4":"has-post-thumbnail","6":"product_cat-birthday-gifts","7":"product_cat-drop-earrings","8":"product_cat-gold-earrings","9":"product_cat-valentine-day-gifts","10":"product_cat-wedding-gifts","11":"product_cat-womens-jewellery","12":"product_tag-earrings","14":"first","15":"outofstock","16":"taxable","17":"shipping-taxable","18":"product-type-simple","19":"add-to-wishlist-before_image"},"yoast_head":"<!-- This site is optimized with the Yoast SEO plugin v27.3 - https:\/\/yoast.com\/product\/yoast-seo-wordpress\/ -->\n<title>Gold Earrings for Women | Shop Gold Earrings<\/title>\n<meta name=\"description\" content=\"Gold Earrings for Women | Drop Earrings | Rhodium Finish | Earrings in UK | Fast Delivery | Easy Returns.\" \/>\n<meta name=\"robots\" content=\"index, follow, max-snippet:-1, max-image-preview:large, max-video-preview:-1\" \/>\n<link rel=\"canonical\" href=\"https:\/\/www.purejewels.com\/de\/produkt-2\/gold-ohrringe-fur-frauen-41766\/\" \/>\n<meta property=\"og:locale\" content=\"de_DE\" \/>\n<meta property=\"og:type\" content=\"article\" \/>\n<meta property=\"og:title\" content=\"Gold Earrings for Women | Shop Gold Earrings\" \/>\n<meta property=\"og:description\" content=\"Gold Earrings for Women | Drop Earrings | Rhodium Finish | Earrings in UK | Fast Delivery | Easy Returns.\" \/>\n<meta property=\"og:url\" content=\"https:\/\/www.purejewels.com\/de\/produkt-2\/gold-ohrringe-fur-frauen-41766\/\" \/>\n<meta property=\"og:site_name\" content=\"PureJewels UK\" \/>\n<meta property=\"article:modified_time\" content=\"2022-03-25T04:41:39+00:00\" \/>\n<meta property=\"og:image\" content=\"https:\/\/www.purejewels.com\/wp-content\/uploads\/2022\/02\/41766.jpg\" \/>\n\t<meta property=\"og:image:width\" content=\"1000\" \/>\n\t<meta property=\"og:image:height\" content=\"1000\" \/>\n\t<meta property=\"og:image:type\" content=\"image\/jpeg\" \/>\n<meta name=\"twitter:card\" content=\"summary_large_image\" \/>\n<meta name=\"twitter:label1\" content=\"Gesch\u00e4tzte Lesezeit\" \/>\n\t<meta name=\"twitter:data1\" content=\"2\u00a0Minuten\" \/>\n<script type=\"application\/ld+json\" class=\"yoast-schema-graph\">{\"@context\":\"https:\\\/\\\/schema.org\",\"@graph\":[{\"@type\":[\"WebPage\",\"ItemPage\"],\"@id\":\"https:\\\/\\\/www.purejewels.com\\\/product\\\/gold-earrings-for-women-41766\\\/\",\"url\":\"https:\\\/\\\/www.purejewels.com\\\/product\\\/gold-earrings-for-women-41766\\\/\",\"name\":\"Gold Earrings for Women | Shop Gold Earrings\",\"isPartOf\":{\"@id\":\"https:\\\/\\\/www.purejewels.com\\\/#website\"},\"primaryImageOfPage\":{\"@id\":\"https:\\\/\\\/www.purejewels.com\\\/product\\\/gold-earrings-for-women-41766\\\/#primaryimage\"},\"image\":{\"@id\":\"https:\\\/\\\/www.purejewels.com\\\/product\\\/gold-earrings-for-women-41766\\\/#primaryimage\"},\"thumbnailUrl\":\"https:\\\/\\\/static.purejewels.com\\\/wp-content\\\/uploads\\\/2022\\\/02\\\/41766.jpg\",\"datePublished\":\"2022-02-21T05:16:37+00:00\",\"dateModified\":\"2022-03-25T04:41:39+00:00\",\"description\":\"Gold Earrings for Women | Drop Earrings | Rhodium Finish | Earrings in UK | Fast Delivery | Easy Returns.\",\"breadcrumb\":{\"@id\":\"https:\\\/\\\/www.purejewels.com\\\/product\\\/gold-earrings-for-women-41766\\\/#breadcrumb\"},\"inLanguage\":\"de\",\"potentialAction\":[{\"@type\":\"ReadAction\",\"target\":[\"https:\\\/\\\/www.purejewels.com\\\/product\\\/gold-earrings-for-women-41766\\\/\"]}]},{\"@type\":\"ImageObject\",\"inLanguage\":\"de\",\"@id\":\"https:\\\/\\\/www.purejewels.com\\\/product\\\/gold-earrings-for-women-41766\\\/#primaryimage\",\"url\":\"https:\\\/\\\/static.purejewels.com\\\/wp-content\\\/uploads\\\/2022\\\/02\\\/41766.jpg\",\"contentUrl\":\"https:\\\/\\\/static.purejewels.com\\\/wp-content\\\/uploads\\\/2022\\\/02\\\/41766.jpg\",\"width\":1000,\"height\":1000,\"caption\":\"Gold Earrings for Women 41766\"},{\"@type\":\"BreadcrumbList\",\"@id\":\"https:\\\/\\\/www.purejewels.com\\\/product\\\/gold-earrings-for-women-41766\\\/#breadcrumb\",\"itemListElement\":[{\"@type\":\"ListItem\",\"position\":1,\"name\":\"Home\",\"item\":\"https:\\\/\\\/www.purejewels.com\\\/\"},{\"@type\":\"ListItem\",\"position\":2,\"name\":\"Shop\",\"item\":\"https:\\\/\\\/www.purejewels.com\\\/shop\\\/\"},{\"@type\":\"ListItem\",\"position\":3,\"name\":\"Gold Earrings for Women\"}]},{\"@type\":\"WebSite\",\"@id\":\"https:\\\/\\\/www.purejewels.com\\\/#website\",\"url\":\"https:\\\/\\\/www.purejewels.com\\\/\",\"name\":\"PureJewels UK\",\"description\":\"Share the Love\",\"publisher\":{\"@id\":\"https:\\\/\\\/www.purejewels.com\\\/#organization\"},\"potentialAction\":[{\"@type\":\"SearchAction\",\"target\":{\"@type\":\"EntryPoint\",\"urlTemplate\":\"https:\\\/\\\/www.purejewels.com\\\/?s={search_term_string}\"},\"query-input\":{\"@type\":\"PropertyValueSpecification\",\"valueRequired\":true,\"valueName\":\"search_term_string\"}}],\"inLanguage\":\"de\"},{\"@type\":\"Organization\",\"@id\":\"https:\\\/\\\/www.purejewels.com\\\/#organization\",\"name\":\"PureJewels UK\",\"url\":\"https:\\\/\\\/www.purejewels.com\\\/\",\"logo\":{\"@type\":\"ImageObject\",\"inLanguage\":\"de\",\"@id\":\"https:\\\/\\\/www.purejewels.com\\\/#\\\/schema\\\/logo\\\/image\\\/\",\"url\":\"https:\\\/\\\/static.purejewels.com\\\/wp-content\\\/uploads\\\/2020\\\/11\\\/Logo-PJ-New-1.png\",\"contentUrl\":\"https:\\\/\\\/static.purejewels.com\\\/wp-content\\\/uploads\\\/2020\\\/11\\\/Logo-PJ-New-1.png\",\"width\":150,\"height\":80,\"caption\":\"PureJewels UK\"},\"image\":{\"@id\":\"https:\\\/\\\/www.purejewels.com\\\/#\\\/schema\\\/logo\\\/image\\\/\"}}]}<\/script>\n<!-- \/ Yoast SEO plugin. -->","yoast_head_json":{"title":"Gold-Ohrringe f\u00fcr Frauen | Gold-Ohrringe kaufen","description":"Gold-Ohrringe f\u00fcr Frauen | Tropfen Ohrringe | Rhodium Finish | Ohrringe in UK | Schnelle Lieferung | Einfache R\u00fcckgabe.","robots":{"index":"index","follow":"follow","max-snippet":"max-snippet:-1","max-image-preview":"max-image-preview:large","max-video-preview":"max-video-preview:-1"},"canonical":"https:\/\/www.purejewels.com\/de\/produkt-2\/gold-ohrringe-fur-frauen-41766\/","og_locale":"de_DE","og_type":"article","og_title":"Gold Earrings for Women | Shop Gold Earrings","og_description":"Gold Earrings for Women | Drop Earrings | Rhodium Finish | Earrings in UK | Fast Delivery | Easy Returns.","og_url":"https:\/\/www.purejewels.com\/de\/produkt-2\/gold-ohrringe-fur-frauen-41766\/","og_site_name":"PureJewels UK","article_modified_time":"2022-03-25T04:41:39+00:00","og_image":[{"width":1000,"height":1000,"url":"https:\/\/www.purejewels.com\/wp-content\/uploads\/2022\/02\/41766.jpg","type":"image\/jpeg"}],"twitter_card":"summary_large_image","twitter_misc":{"Gesch\u00e4tzte Lesezeit":"2\u00a0Minuten"},"schema":{"@context":"https:\/\/schema.org","@graph":[{"@type":["WebPage","ItemPage"],"@id":"https:\/\/www.purejewels.com\/product\/gold-earrings-for-women-41766\/","url":"https:\/\/www.purejewels.com\/product\/gold-earrings-for-women-41766\/","name":"Gold-Ohrringe f\u00fcr Frauen | Gold-Ohrringe kaufen","isPartOf":{"@id":"https:\/\/www.purejewels.com\/#website"},"primaryImageOfPage":{"@id":"https:\/\/www.purejewels.com\/product\/gold-earrings-for-women-41766\/#primaryimage"},"image":{"@id":"https:\/\/www.purejewels.com\/product\/gold-earrings-for-women-41766\/#primaryimage"},"thumbnailUrl":"https:\/\/static.purejewels.com\/wp-content\/uploads\/2022\/02\/41766.jpg","datePublished":"2022-02-21T05:16:37+00:00","dateModified":"2022-03-25T04:41:39+00:00","description":"Gold-Ohrringe f\u00fcr Frauen | Tropfen Ohrringe | Rhodium Finish | Ohrringe in UK | Schnelle Lieferung | Einfache R\u00fcckgabe.","breadcrumb":{"@id":"https:\/\/www.purejewels.com\/product\/gold-earrings-for-women-41766\/#breadcrumb"},"inLanguage":"de","potentialAction":[{"@type":"ReadAction","target":["https:\/\/www.purejewels.com\/product\/gold-earrings-for-women-41766\/"]}]},{"@type":"ImageObject","inLanguage":"de","@id":"https:\/\/www.purejewels.com\/product\/gold-earrings-for-women-41766\/#primaryimage","url":"https:\/\/static.purejewels.com\/wp-content\/uploads\/2022\/02\/41766.jpg","contentUrl":"https:\/\/static.purejewels.com\/wp-content\/uploads\/2022\/02\/41766.jpg","width":1000,"height":1000,"caption":"Gold Earrings for Women 41766"},{"@type":"BreadcrumbList","@id":"https:\/\/www.purejewels.com\/product\/gold-earrings-for-women-41766\/#breadcrumb","itemListElement":[{"@type":"ListItem","position":1,"name":"Home","item":"https:\/\/www.purejewels.com\/"},{"@type":"ListItem","position":2,"name":"Shop","item":"https:\/\/www.purejewels.com\/shop\/"},{"@type":"ListItem","position":3,"name":"Gold Earrings for Women"}]},{"@type":"WebSite","@id":"https:\/\/www.purejewels.com\/#website","url":"https:\/\/www.purejewels.com\/","name":"PureJewels UK","description":"Teile die Liebe","publisher":{"@id":"https:\/\/www.purejewels.com\/#organization"},"potentialAction":[{"@type":"SearchAction","target":{"@type":"EntryPoint","urlTemplate":"https:\/\/www.purejewels.com\/?s={search_term_string}"},"query-input":{"@type":"PropertyValueSpecification","valueRequired":true,"valueName":"search_term_string"}}],"inLanguage":"de"},{"@type":"Organization","@id":"https:\/\/www.purejewels.com\/#organization","name":"PureJewels UK","url":"https:\/\/www.purejewels.com\/","logo":{"@type":"ImageObject","inLanguage":"de","@id":"https:\/\/www.purejewels.com\/#\/schema\/logo\/image\/","url":"https:\/\/static.purejewels.com\/wp-content\/uploads\/2020\/11\/Logo-PJ-New-1.png","contentUrl":"https:\/\/static.purejewels.com\/wp-content\/uploads\/2020\/11\/Logo-PJ-New-1.png","width":150,"height":80,"caption":"PureJewels UK"},"image":{"@id":"https:\/\/www.purejewels.com\/#\/schema\/logo\/image\/"}}]}},"_links":{"self":[{"href":"https:\/\/www.purejewels.com\/de\/wp-json\/wp\/v2\/product\/334634","targetHints":{"allow":["GET"]}}],"collection":[{"href":"https:\/\/www.purejewels.com\/de\/wp-json\/wp\/v2\/product"}],"about":[{"href":"https:\/\/www.purejewels.com\/de\/wp-json\/wp\/v2\/types\/product"}],"replies":[{"embeddable":true,"href":"https:\/\/www.purejewels.com\/de\/wp-json\/wp\/v2\/comments?post=334634"}],"version-history":[{"count":0,"href":"https:\/\/www.purejewels.com\/de\/wp-json\/wp\/v2\/product\/334634\/revisions"}],"wp:featuredmedia":[{"embeddable":true,"href":"https:\/\/www.purejewels.com\/de\/wp-json\/wp\/v2\/media\/334635"}],"wp:attachment":[{"href":"https:\/\/www.purejewels.com\/de\/wp-json\/wp\/v2\/media?parent=334634"}],"wp:term":[{"taxonomy":"product_brand","embeddable":true,"href":"https:\/\/www.purejewels.com\/de\/wp-json\/wp\/v2\/product_brand?post=334634"},{"taxonomy":"product_cat","embeddable":true,"href":"https:\/\/www.purejewels.com\/de\/wp-json\/wp\/v2\/product_cat?post=334634"},{"taxonomy":"product_tag","embeddable":true,"href":"https:\/\/www.purejewels.com\/de\/wp-json\/wp\/v2\/product_tag?post=334634"}],"curies":[{"name":"wp","href":"https:\/\/api.w.org\/{rel}","templated":true}]}}