{"id":334756,"date":"2022-03-09T05:24:44","date_gmt":"2022-03-09T05:24:44","guid":{"rendered":"https:\/\/www.purejewels.com\/?post_type=product&#038;p=334756"},"modified":"2026-01-20T10:07:43","modified_gmt":"2026-01-20T10:07:43","slug":"22-kt-gold-antik-stil-anhanger-41976","status":"publish","type":"product","link":"https:\/\/www.purejewels.com\/de\/product\/22ct-gold-antique-style-pendant-41976\/","title":{"rendered":"22ct Gold Antiker Stil Anh\u00e4nger"},"content":{"rendered":"<h2>Vintage, roh und k\u00fchn<\/h2>\n<p>Inspiriert von indischem Erbschmuck und traditionellem Vintage <a href=\"https:\/\/www.purejewels.com\/de\/product-category\/22ct-gold-jewellery\/gold-pendants\/\">Anh\u00e4nger<\/a> die aufw\u00e4ndig in Gold gearbeitet wurden, ist dieses eine frische, aber elegante Variante zu diesen alten und traditionellen <a href=\"https:\/\/www.purejewels.com\/de\/product-category\/22ct-gold-jewellery\/gold-earrings\/\">Ohrringe<\/a>.<\/p>\n<h2>Gestaltung<\/h2>\n<p>Dieser klassische indische 22k <a href=\"https:\/\/www.purejewels.com\/de\/product\/22ct-real-gold-shoe-pendant-43097\/\">Goldanh\u00e4nger<\/a> ist rau, majest\u00e4tisch und elegant. Das Finish unserer antiken Anh\u00e4nger aus Gold ist inspiriert von den reichen Kulturen der Vergangenheit, die sich mit dem Glanz des Goldes vereinen. Er ist Teil unserer Rosetten-Kollektion und wurde von Hand aus reinem 22-kar\u00e4tigem Gold gefertigt, wobei Techniken wie Gravur und <a href=\"https:\/\/www.purejewels.com\/de\/a-guide-to-die-stamping\/\">Pr\u00e4gung<\/a>.  Das Design des Anh\u00e4ngers beginnt mit einer aufwendig gestalteten und bl\u00fchenden Blume in der Mitte, gefolgt von Bl\u00fctenbl\u00e4ttern, die mit Miniatur-Ravas und floralen Ranken \u00fcber und \u00fcber verziert sind. Auf die bl\u00fchende Blume folgt ein traditioneller \"Ambi\", umgeben von traditionellen Elementen.<\/p>\n<h2>Schatz<\/h2>\n<p>Diese traditionelle indische Kugel, die Sie einmal mit nach Hause genommen haben, soll ein Teil Ihrer Familienerbst\u00fccksammlung werden, w\u00e4hrend Sie sich in Ihren bedeutenden und sch\u00f6nen Momenten schm\u00fccken. St\u00f6bern Sie auf unserer Website und entdecken Sie mehr solcher <a href=\"https:\/\/www.purejewels.com\/de\/product-category\/22ct-gold-jewellery\/\">22 Karat<\/a> antike Anh\u00e4nger, und bringen Sie Ihre Lieblingsst\u00fccke mit nach Hause.<\/p>","protected":false},"excerpt":{"rendered":"<div class=\"woocommerce-product-details__short-description\">\n<table class=\"sh_desc\">\n<tbody>\n<tr>\n<td>Typ des Anh\u00e4ngers<\/td>\n<td>Fancy Anh\u00e4nger<\/td>\n<\/tr>\n<tr>\n<td>SKU<\/td>\n<td>41976<\/td>\n<\/tr>\n<tr>\n<td>Gewicht<\/td>\n<td>1.4 Gms<\/td>\n<\/tr>\n<tr>\n<td>Metall<\/td>\n<td>22ct Gold<\/td>\n<\/tr>\n<tr>\n<td>Kette<\/td>\n<td>Kette ist nicht enthalten<\/td>\n<\/tr>\n<tr>\n<td>Typ der Kette<\/td>\n<td>Die auf dem Bild gezeigte Kette ist eine\u00a0<strong>Ackerfuchsschwanzkette<\/strong><\/td>\n<\/tr>\n<tr>\n<td>Entgelte<\/td>\n<td>Lieferung und Mehrwertsteuer inbegriffen<\/td>\n<\/tr>\n<tr>\n<td>Verpackung<\/td>\n<td>Mit Pr\u00e4sentationsbox<\/td>\n<\/tr>\n<tr>\n<td>Mehr Informationen<\/td>\n<td>Live-Chat mit uns f\u00fcr Verf\u00fcgbarkeit und mehr Bilder<\/td>\n<\/tr>\n<\/tbody>\n<\/table>\n<\/div>\n<div class=\"btn-atc atc-slide\"><\/div>\n<div class=\"product_meta\"><\/div>","protected":false},"featured_media":335128,"comment_status":"closed","ping_status":"closed","template":"","meta":{"_eb_attr":"","_crsspst_to_jayantr4sg-hostcom":false},"product_brand":[],"product_cat":[1790,1255,1767,1570,5585,1656,1574],"product_tag":[],"class_list":{"0":"post-334756","1":"product","2":"type-product","3":"status-publish","4":"has-post-thumbnail","6":"product_cat-for-whom-when","7":"product_cat-gold-pendants","8":"product_cat-ladies-pendants","9":"product_cat-mothers-day-gifts","10":"product_cat-rosette-pendant","11":"product_cat-rosettes-collections","12":"product_cat-womens-jewellery","14":"first","15":"outofstock","16":"taxable","17":"shipping-taxable","18":"product-type-simple","19":"add-to-wishlist-before_image"},"yoast_head":"<!-- This site is optimized with the Yoast SEO plugin v27.3 - https:\/\/yoast.com\/product\/yoast-seo-wordpress\/ -->\n<title>Antique Pendants Online In UK | PureJewels.com<\/title>\n<meta name=\"description\" content=\"Indian Gold Pendants | Antique Pendants Online in UK | Shop Latest Pendant Designs in UK | Quick Delivery | Easy Returns.\" \/>\n<meta name=\"robots\" content=\"index, follow, max-snippet:-1, max-image-preview:large, max-video-preview:-1\" \/>\n<link rel=\"canonical\" href=\"https:\/\/www.purejewels.com\/de\/produkt-2\/22-kt-gold-antik-stil-anhanger-41976\/\" \/>\n<meta property=\"og:locale\" content=\"de_DE\" \/>\n<meta property=\"og:type\" content=\"article\" \/>\n<meta property=\"og:title\" content=\"Antique Pendants Online In UK | PureJewels.com\" \/>\n<meta property=\"og:description\" content=\"Indian Gold Pendants | Antique Pendants Online in UK | Shop Latest Pendant Designs in UK | Quick Delivery | Easy Returns.\" \/>\n<meta property=\"og:url\" content=\"https:\/\/www.purejewels.com\/de\/produkt-2\/22-kt-gold-antik-stil-anhanger-41976\/\" \/>\n<meta property=\"og:site_name\" content=\"PureJewels UK\" \/>\n<meta property=\"article:modified_time\" content=\"2026-01-20T10:07:43+00:00\" \/>\n<meta property=\"og:image\" content=\"https:\/\/static.purejewels.com\/wp-content\/uploads\/2022\/02\/41976.jpg\" \/>\n\t<meta property=\"og:image:width\" content=\"1000\" \/>\n\t<meta property=\"og:image:height\" content=\"1000\" \/>\n\t<meta property=\"og:image:type\" content=\"image\/jpeg\" \/>\n<meta name=\"twitter:card\" content=\"summary_large_image\" \/>\n<meta name=\"twitter:label1\" content=\"Gesch\u00e4tzte Lesezeit\" \/>\n\t<meta name=\"twitter:data1\" content=\"1\u00a0Minute\" \/>\n<script type=\"application\/ld+json\" class=\"yoast-schema-graph\">{\"@context\":\"https:\\\/\\\/schema.org\",\"@graph\":[{\"@type\":[\"WebPage\",\"ItemPage\"],\"@id\":\"https:\\\/\\\/www.purejewels.com\\\/product\\\/22ct-gold-antique-style-pendant-41976\\\/\",\"url\":\"https:\\\/\\\/www.purejewels.com\\\/product\\\/22ct-gold-antique-style-pendant-41976\\\/\",\"name\":\"Antique Pendants Online In UK | PureJewels.com\",\"isPartOf\":{\"@id\":\"https:\\\/\\\/www.purejewels.com\\\/#website\"},\"primaryImageOfPage\":{\"@id\":\"https:\\\/\\\/www.purejewels.com\\\/product\\\/22ct-gold-antique-style-pendant-41976\\\/#primaryimage\"},\"image\":{\"@id\":\"https:\\\/\\\/www.purejewels.com\\\/product\\\/22ct-gold-antique-style-pendant-41976\\\/#primaryimage\"},\"thumbnailUrl\":\"https:\\\/\\\/static.purejewels.com\\\/wp-content\\\/uploads\\\/2022\\\/02\\\/41976.jpg\",\"datePublished\":\"2022-03-09T05:24:44+00:00\",\"dateModified\":\"2026-01-20T10:07:43+00:00\",\"description\":\"Indian Gold Pendants | Antique Pendants Online in UK | Shop Latest Pendant Designs in UK | Quick Delivery | Easy Returns.\",\"breadcrumb\":{\"@id\":\"https:\\\/\\\/www.purejewels.com\\\/product\\\/22ct-gold-antique-style-pendant-41976\\\/#breadcrumb\"},\"inLanguage\":\"de\",\"potentialAction\":[{\"@type\":\"ReadAction\",\"target\":[\"https:\\\/\\\/www.purejewels.com\\\/product\\\/22ct-gold-antique-style-pendant-41976\\\/\"]}]},{\"@type\":\"ImageObject\",\"inLanguage\":\"de\",\"@id\":\"https:\\\/\\\/www.purejewels.com\\\/product\\\/22ct-gold-antique-style-pendant-41976\\\/#primaryimage\",\"url\":\"https:\\\/\\\/static.purejewels.com\\\/wp-content\\\/uploads\\\/2022\\\/02\\\/41976.jpg\",\"contentUrl\":\"https:\\\/\\\/static.purejewels.com\\\/wp-content\\\/uploads\\\/2022\\\/02\\\/41976.jpg\",\"width\":1000,\"height\":1000,\"caption\":\"22ct Gold Antique Style Pendant\"},{\"@type\":\"BreadcrumbList\",\"@id\":\"https:\\\/\\\/www.purejewels.com\\\/product\\\/22ct-gold-antique-style-pendant-41976\\\/#breadcrumb\",\"itemListElement\":[{\"@type\":\"ListItem\",\"position\":1,\"name\":\"Home\",\"item\":\"https:\\\/\\\/www.purejewels.com\\\/\"},{\"@type\":\"ListItem\",\"position\":2,\"name\":\"Shop\",\"item\":\"https:\\\/\\\/www.purejewels.com\\\/shop\\\/\"},{\"@type\":\"ListItem\",\"position\":3,\"name\":\"22ct Gold Antique Style Pendant\"}]},{\"@type\":\"WebSite\",\"@id\":\"https:\\\/\\\/www.purejewels.com\\\/#website\",\"url\":\"https:\\\/\\\/www.purejewels.com\\\/\",\"name\":\"PureJewels UK\",\"description\":\"Share the Love\",\"publisher\":{\"@id\":\"https:\\\/\\\/www.purejewels.com\\\/#organization\"},\"potentialAction\":[{\"@type\":\"SearchAction\",\"target\":{\"@type\":\"EntryPoint\",\"urlTemplate\":\"https:\\\/\\\/www.purejewels.com\\\/?s={search_term_string}\"},\"query-input\":{\"@type\":\"PropertyValueSpecification\",\"valueRequired\":true,\"valueName\":\"search_term_string\"}}],\"inLanguage\":\"de\"},{\"@type\":\"Organization\",\"@id\":\"https:\\\/\\\/www.purejewels.com\\\/#organization\",\"name\":\"PureJewels UK\",\"url\":\"https:\\\/\\\/www.purejewels.com\\\/\",\"logo\":{\"@type\":\"ImageObject\",\"inLanguage\":\"de\",\"@id\":\"https:\\\/\\\/www.purejewels.com\\\/#\\\/schema\\\/logo\\\/image\\\/\",\"url\":\"https:\\\/\\\/static.purejewels.com\\\/wp-content\\\/uploads\\\/2020\\\/11\\\/Logo-PJ-New-1.png\",\"contentUrl\":\"https:\\\/\\\/static.purejewels.com\\\/wp-content\\\/uploads\\\/2020\\\/11\\\/Logo-PJ-New-1.png\",\"width\":150,\"height\":80,\"caption\":\"PureJewels UK\"},\"image\":{\"@id\":\"https:\\\/\\\/www.purejewels.com\\\/#\\\/schema\\\/logo\\\/image\\\/\"}}]}<\/script>\n<!-- \/ Yoast SEO plugin. -->","yoast_head_json":{"title":"Antike Anh\u00e4nger Online In UK | PureJewels.com","description":"Indian Gold Anh\u00e4nger | Antike Anh\u00e4nger Online in UK | Shop Neueste Anh\u00e4nger Designs in UK | Schnelle Lieferung | Einfache R\u00fcckgabe.","robots":{"index":"index","follow":"follow","max-snippet":"max-snippet:-1","max-image-preview":"max-image-preview:large","max-video-preview":"max-video-preview:-1"},"canonical":"https:\/\/www.purejewels.com\/de\/produkt-2\/22-kt-gold-antik-stil-anhanger-41976\/","og_locale":"de_DE","og_type":"article","og_title":"Antique Pendants Online In UK | PureJewels.com","og_description":"Indian Gold Pendants | Antique Pendants Online in UK | Shop Latest Pendant Designs in UK | Quick Delivery | Easy Returns.","og_url":"https:\/\/www.purejewels.com\/de\/produkt-2\/22-kt-gold-antik-stil-anhanger-41976\/","og_site_name":"PureJewels UK","article_modified_time":"2026-01-20T10:07:43+00:00","og_image":[{"width":1000,"height":1000,"url":"https:\/\/static.purejewels.com\/wp-content\/uploads\/2022\/02\/41976.jpg","type":"image\/jpeg"}],"twitter_card":"summary_large_image","twitter_misc":{"Gesch\u00e4tzte Lesezeit":"1\u00a0Minute"},"schema":{"@context":"https:\/\/schema.org","@graph":[{"@type":["WebPage","ItemPage"],"@id":"https:\/\/www.purejewels.com\/product\/22ct-gold-antique-style-pendant-41976\/","url":"https:\/\/www.purejewels.com\/product\/22ct-gold-antique-style-pendant-41976\/","name":"Antike Anh\u00e4nger Online In UK | PureJewels.com","isPartOf":{"@id":"https:\/\/www.purejewels.com\/#website"},"primaryImageOfPage":{"@id":"https:\/\/www.purejewels.com\/product\/22ct-gold-antique-style-pendant-41976\/#primaryimage"},"image":{"@id":"https:\/\/www.purejewels.com\/product\/22ct-gold-antique-style-pendant-41976\/#primaryimage"},"thumbnailUrl":"https:\/\/static.purejewels.com\/wp-content\/uploads\/2022\/02\/41976.jpg","datePublished":"2022-03-09T05:24:44+00:00","dateModified":"2026-01-20T10:07:43+00:00","description":"Indian Gold Anh\u00e4nger | Antike Anh\u00e4nger Online in UK | Shop Neueste Anh\u00e4nger Designs in UK | Schnelle Lieferung | Einfache R\u00fcckgabe.","breadcrumb":{"@id":"https:\/\/www.purejewels.com\/product\/22ct-gold-antique-style-pendant-41976\/#breadcrumb"},"inLanguage":"de","potentialAction":[{"@type":"ReadAction","target":["https:\/\/www.purejewels.com\/product\/22ct-gold-antique-style-pendant-41976\/"]}]},{"@type":"ImageObject","inLanguage":"de","@id":"https:\/\/www.purejewels.com\/product\/22ct-gold-antique-style-pendant-41976\/#primaryimage","url":"https:\/\/static.purejewels.com\/wp-content\/uploads\/2022\/02\/41976.jpg","contentUrl":"https:\/\/static.purejewels.com\/wp-content\/uploads\/2022\/02\/41976.jpg","width":1000,"height":1000,"caption":"22ct Gold Antique Style Pendant"},{"@type":"BreadcrumbList","@id":"https:\/\/www.purejewels.com\/product\/22ct-gold-antique-style-pendant-41976\/#breadcrumb","itemListElement":[{"@type":"ListItem","position":1,"name":"Home","item":"https:\/\/www.purejewels.com\/"},{"@type":"ListItem","position":2,"name":"Shop","item":"https:\/\/www.purejewels.com\/shop\/"},{"@type":"ListItem","position":3,"name":"22ct Gold Antique Style Pendant"}]},{"@type":"WebSite","@id":"https:\/\/www.purejewels.com\/#website","url":"https:\/\/www.purejewels.com\/","name":"PureJewels UK","description":"Teile die Liebe","publisher":{"@id":"https:\/\/www.purejewels.com\/#organization"},"potentialAction":[{"@type":"SearchAction","target":{"@type":"EntryPoint","urlTemplate":"https:\/\/www.purejewels.com\/?s={search_term_string}"},"query-input":{"@type":"PropertyValueSpecification","valueRequired":true,"valueName":"search_term_string"}}],"inLanguage":"de"},{"@type":"Organization","@id":"https:\/\/www.purejewels.com\/#organization","name":"PureJewels UK","url":"https:\/\/www.purejewels.com\/","logo":{"@type":"ImageObject","inLanguage":"de","@id":"https:\/\/www.purejewels.com\/#\/schema\/logo\/image\/","url":"https:\/\/static.purejewels.com\/wp-content\/uploads\/2020\/11\/Logo-PJ-New-1.png","contentUrl":"https:\/\/static.purejewels.com\/wp-content\/uploads\/2020\/11\/Logo-PJ-New-1.png","width":150,"height":80,"caption":"PureJewels UK"},"image":{"@id":"https:\/\/www.purejewels.com\/#\/schema\/logo\/image\/"}}]}},"_links":{"self":[{"href":"https:\/\/www.purejewels.com\/de\/wp-json\/wp\/v2\/product\/334756","targetHints":{"allow":["GET"]}}],"collection":[{"href":"https:\/\/www.purejewels.com\/de\/wp-json\/wp\/v2\/product"}],"about":[{"href":"https:\/\/www.purejewels.com\/de\/wp-json\/wp\/v2\/types\/product"}],"replies":[{"embeddable":true,"href":"https:\/\/www.purejewels.com\/de\/wp-json\/wp\/v2\/comments?post=334756"}],"version-history":[{"count":1,"href":"https:\/\/www.purejewels.com\/de\/wp-json\/wp\/v2\/product\/334756\/revisions"}],"predecessor-version":[{"id":388456,"href":"https:\/\/www.purejewels.com\/de\/wp-json\/wp\/v2\/product\/334756\/revisions\/388456"}],"wp:featuredmedia":[{"embeddable":true,"href":"https:\/\/www.purejewels.com\/de\/wp-json\/wp\/v2\/media\/335128"}],"wp:attachment":[{"href":"https:\/\/www.purejewels.com\/de\/wp-json\/wp\/v2\/media?parent=334756"}],"wp:term":[{"taxonomy":"product_brand","embeddable":true,"href":"https:\/\/www.purejewels.com\/de\/wp-json\/wp\/v2\/product_brand?post=334756"},{"taxonomy":"product_cat","embeddable":true,"href":"https:\/\/www.purejewels.com\/de\/wp-json\/wp\/v2\/product_cat?post=334756"},{"taxonomy":"product_tag","embeddable":true,"href":"https:\/\/www.purejewels.com\/de\/wp-json\/wp\/v2\/product_tag?post=334756"}],"curies":[{"name":"wp","href":"https:\/\/api.w.org\/{rel}","templated":true}]}}