{"id":334782,"date":"2022-02-23T06:01:13","date_gmt":"2022-02-23T06:01:13","guid":{"rendered":"https:\/\/www.purejewels.com\/?post_type=product&#038;p=334782"},"modified":"2025-05-22T11:21:44","modified_gmt":"2025-05-22T10:21:44","slug":"quadratischer-ohrring-aus-22-karat-gold-34614","status":"publish","type":"product","link":"https:\/\/www.purejewels.com\/de\/product\/22-carat-gold-square-shaped-earring-34614\/","title":{"rendered":"Quadratischer Ohrring aus 22 Karat Gold"},"content":{"rendered":"<h3>Inspiration<\/h3>\n<p>Inspiriert von Ihrer Einzigartigkeit und Modernit\u00e4t, sind diese quadratischen goldenen Ohrstecker <a href=\"https:\/\/www.purejewels.com\/de\/product-category\/22ct-gold-jewellery\/gold-earrings\/\">Ohrringe<\/a> sind der Inbegriff von Klasse und Modernit\u00e4t. Ohrstecker werden seit Jahrhunderten getragen und sind ein wichtiger Bestandteil der traditionellen indischen Schmuckk\u00e4stchen. Ohrstecker sind m\u00fchelos, frech und wundersch\u00f6n. Sie sind im Grunde kleinere Versionen l\u00e4ngerer Ohrringe, die unter die Ohrl\u00e4ppchen fallen. Sie sind so gearbeitet, dass sie m\u00fchelos die Ohrl\u00e4ppchen bedecken, ohne zu viel Aufsehen zu erregen.<\/p>\n<h3>Gestaltung<\/h3>\n<p>Das Design dieser herrlichen quadratischen goldenen <strong><a href=\"https:\/\/www.purejewels.com\/de\/product-category\/22ct-gold-jewellery\/gold-earrings\/stud-earrings\/\">Ohrstecker<\/a><\/strong> orientiert sich an modernen Stilen und Silhouetten. Sie haben einen k\u00fchnen Look, aber die Form und Gr\u00f6\u00dfe sorgen daf\u00fcr, dass die Subtilit\u00e4t und Minimalit\u00e4t gesichert ist. Unsere quadratischen Ohrstecker Gold haben eine 22-kar\u00e4tige Goldbasis, gefolgt von einer rhodinierten Oberfl\u00e4che.<\/p>\n<h3>Stil<\/h3>\n<p>Stylen Sie diese k\u00fchnen und doch minimalen Ohrstecker zu Ihren formellen Kleidern oder sogar zu Ihren Reise-Ensembles, um m\u00fchelos und doch elegant auszusehen. Sie k\u00f6nnen sie auch zu Ihren Seidensarees und anderen festlichen Kleidern tragen, w\u00e4hrend Ihr Haar hochgebunden ist, damit dieser wundersch\u00f6ne Ohrstecker seinen wahren bewundernswerten Eindruck hinterl\u00e4sst.<\/p>","protected":false},"excerpt":{"rendered":"<table class=\"sh_desc\">\n<tbody>\n<tr>\n<td>Art des Ohrrings<\/td>\n<td>Ohrstecker mit Rhodium-Finish<\/td>\n<\/tr>\n<tr>\n<td>SKU<\/td>\n<td>46514<\/td>\n<\/tr>\n<tr>\n<td>Gewicht<\/td>\n<td>1,5 Gramm<\/td>\n<\/tr>\n<tr>\n<td>Breite<\/td>\n<td>6,3 mm<\/td>\n<\/tr>\n<tr>\n<td>H\u00f6he<\/td>\n<td>6,3 mm<\/td>\n<\/tr>\n<tr>\n<td>Metall<\/td>\n<td>22ct Gold<\/td>\n<\/tr>\n<tr>\n<td>Entgelte<\/td>\n<td>Lieferung und Mehrwertsteuer inbegriffen<\/td>\n<\/tr>\n<tr>\n<td>Verpackung<\/td>\n<td>Mit Pr\u00e4sentationsbox<\/td>\n<\/tr>\n<tr>\n<td>Mehr Informationen<\/td>\n<td>\n<ul>\n<li>Live-Chat mit uns f\u00fcr Verf\u00fcgbarkeit und mehr Bilder<\/li>\n<li>Alle unsere Produkte sind vom London Assay Office gestempelt.<\/li>\n<\/ul>\n<\/td>\n<\/tr>\n<\/tbody>\n<\/table>","protected":false},"featured_media":352432,"comment_status":"closed","ping_status":"closed","template":"","meta":{"_eb_attr":"","_crsspst_to_jayantr4sg-hostcom":true},"product_brand":[],"product_cat":[1559,1793,1254,1229,5343,1577,1575,1574,5349],"product_tag":[1430,66],"class_list":{"0":"post-334782","1":"product","2":"type-product","3":"status-publish","4":"has-post-thumbnail","6":"product_cat-birthday-gifts","7":"product_cat-diwali-gifts","8":"product_cat-gold-earrings","9":"product_cat-22ct-gold-jewellery","10":"product_cat-jewellery-under-550","11":"product_cat-stud-earrings","12":"product_cat-teenage-jewellery","13":"product_cat-womens-jewellery","14":"product_cat-yellow-gold-jewellery","15":"product_tag-diwali-gift","16":"product_tag-earrings","18":"first","19":"outofstock","20":"sale","21":"taxable","22":"shipping-taxable","23":"product-type-simple","24":"add-to-wishlist-before_image"},"yoast_head":"<!-- This site is optimized with the Yoast SEO plugin v27.5 - https:\/\/yoast.com\/product\/yoast-seo-wordpress\/ -->\n<title>Square Stud Earrings | Buy Gold Stud Earrings Online<\/title>\n<meta name=\"description\" content=\"Browse our Square stud earrings selection for the very best in unique, handmade pieces from our Stud Earring Collection. Shop Online today!\" \/>\n<meta name=\"robots\" content=\"index, follow, max-snippet:-1, max-image-preview:large, max-video-preview:-1\" \/>\n<link rel=\"canonical\" href=\"https:\/\/www.purejewels.com\/de\/produkt-2\/quadratischer-ohrring-aus-22-karat-gold-34614\/\" \/>\n<meta property=\"og:locale\" content=\"de_DE\" \/>\n<meta property=\"og:type\" content=\"article\" \/>\n<meta property=\"og:title\" content=\"Square Stud Earrings | Buy Gold Stud Earrings Online\" \/>\n<meta property=\"og:description\" content=\"Browse our Square stud earrings selection for the very best in unique, handmade pieces from our Stud Earring Collection. Shop Online today!\" \/>\n<meta property=\"og:url\" content=\"https:\/\/www.purejewels.com\/de\/produkt-2\/quadratischer-ohrring-aus-22-karat-gold-34614\/\" \/>\n<meta property=\"og:site_name\" content=\"PureJewels UK\" \/>\n<meta property=\"article:modified_time\" content=\"2025-05-22T10:21:44+00:00\" \/>\n<meta property=\"og:image\" content=\"https:\/\/www.purejewels.com\/wp-content\/uploads\/2022\/02\/46514.png\" \/>\n\t<meta property=\"og:image:width\" content=\"1000\" \/>\n\t<meta property=\"og:image:height\" content=\"1000\" \/>\n\t<meta property=\"og:image:type\" content=\"image\/png\" \/>\n<meta name=\"twitter:card\" content=\"summary_large_image\" \/>\n<meta name=\"twitter:label1\" content=\"Gesch\u00e4tzte Lesezeit\" \/>\n\t<meta name=\"twitter:data1\" content=\"1\u00a0Minute\" \/>\n<script type=\"application\/ld+json\" class=\"yoast-schema-graph\">{\"@context\":\"https:\\\/\\\/schema.org\",\"@graph\":[{\"@type\":[\"WebPage\",\"ItemPage\"],\"@id\":\"https:\\\/\\\/www.purejewels.com\\\/product\\\/22-carat-gold-square-shaped-earring-34614\\\/\",\"url\":\"https:\\\/\\\/www.purejewels.com\\\/product\\\/22-carat-gold-square-shaped-earring-34614\\\/\",\"name\":\"Square Stud Earrings | Buy Gold Stud Earrings Online\",\"isPartOf\":{\"@id\":\"https:\\\/\\\/www.purejewels.com\\\/#website\"},\"primaryImageOfPage\":{\"@id\":\"https:\\\/\\\/www.purejewels.com\\\/product\\\/22-carat-gold-square-shaped-earring-34614\\\/#primaryimage\"},\"image\":{\"@id\":\"https:\\\/\\\/www.purejewels.com\\\/product\\\/22-carat-gold-square-shaped-earring-34614\\\/#primaryimage\"},\"thumbnailUrl\":\"https:\\\/\\\/static.purejewels.com\\\/wp-content\\\/uploads\\\/2022\\\/02\\\/46514.png\",\"datePublished\":\"2022-02-23T06:01:13+00:00\",\"dateModified\":\"2025-05-22T10:21:44+00:00\",\"description\":\"Browse our Square stud earrings selection for the very best in unique, handmade pieces from our Stud Earring Collection. Shop Online today!\",\"breadcrumb\":{\"@id\":\"https:\\\/\\\/www.purejewels.com\\\/product\\\/22-carat-gold-square-shaped-earring-34614\\\/#breadcrumb\"},\"inLanguage\":\"de\",\"potentialAction\":[{\"@type\":\"ReadAction\",\"target\":[\"https:\\\/\\\/www.purejewels.com\\\/product\\\/22-carat-gold-square-shaped-earring-34614\\\/\"]}]},{\"@type\":\"ImageObject\",\"inLanguage\":\"de\",\"@id\":\"https:\\\/\\\/www.purejewels.com\\\/product\\\/22-carat-gold-square-shaped-earring-34614\\\/#primaryimage\",\"url\":\"https:\\\/\\\/static.purejewels.com\\\/wp-content\\\/uploads\\\/2022\\\/02\\\/46514.png\",\"contentUrl\":\"https:\\\/\\\/static.purejewels.com\\\/wp-content\\\/uploads\\\/2022\\\/02\\\/46514.png\",\"width\":1000,\"height\":1000,\"caption\":\"22 carat Gold Square Shaped Earring\"},{\"@type\":\"BreadcrumbList\",\"@id\":\"https:\\\/\\\/www.purejewels.com\\\/product\\\/22-carat-gold-square-shaped-earring-34614\\\/#breadcrumb\",\"itemListElement\":[{\"@type\":\"ListItem\",\"position\":1,\"name\":\"Home\",\"item\":\"https:\\\/\\\/www.purejewels.com\\\/\"},{\"@type\":\"ListItem\",\"position\":2,\"name\":\"Shop\",\"item\":\"https:\\\/\\\/www.purejewels.com\\\/shop\\\/\"},{\"@type\":\"ListItem\",\"position\":3,\"name\":\"22 carat Gold Square Shaped Earring\"}]},{\"@type\":\"WebSite\",\"@id\":\"https:\\\/\\\/www.purejewels.com\\\/#website\",\"url\":\"https:\\\/\\\/www.purejewels.com\\\/\",\"name\":\"PureJewels UK\",\"description\":\"Share the Love\",\"publisher\":{\"@id\":\"https:\\\/\\\/www.purejewels.com\\\/#organization\"},\"potentialAction\":[{\"@type\":\"SearchAction\",\"target\":{\"@type\":\"EntryPoint\",\"urlTemplate\":\"https:\\\/\\\/www.purejewels.com\\\/?s={search_term_string}\"},\"query-input\":{\"@type\":\"PropertyValueSpecification\",\"valueRequired\":true,\"valueName\":\"search_term_string\"}}],\"inLanguage\":\"de\"},{\"@type\":\"Organization\",\"@id\":\"https:\\\/\\\/www.purejewels.com\\\/#organization\",\"name\":\"PureJewels UK\",\"url\":\"https:\\\/\\\/www.purejewels.com\\\/\",\"logo\":{\"@type\":\"ImageObject\",\"inLanguage\":\"de\",\"@id\":\"https:\\\/\\\/www.purejewels.com\\\/#\\\/schema\\\/logo\\\/image\\\/\",\"url\":\"https:\\\/\\\/static.purejewels.com\\\/wp-content\\\/uploads\\\/2020\\\/11\\\/Logo-PJ-New-1.png\",\"contentUrl\":\"https:\\\/\\\/static.purejewels.com\\\/wp-content\\\/uploads\\\/2020\\\/11\\\/Logo-PJ-New-1.png\",\"width\":150,\"height\":80,\"caption\":\"PureJewels UK\"},\"image\":{\"@id\":\"https:\\\/\\\/www.purejewels.com\\\/#\\\/schema\\\/logo\\\/image\\\/\"}}]}<\/script>\n<!-- \/ Yoast SEO plugin. -->","yoast_head_json":{"title":"Quadratische Ohrstecker | Gold-Ohrstecker online kaufen","description":"St\u00f6bern Sie in unserer Auswahl an quadratischen Ohrsteckern und finden Sie die besten handgefertigten Einzelst\u00fccke aus unserer Ohrstecker-Kollektion. Kaufen Sie noch heute online ein!","robots":{"index":"index","follow":"follow","max-snippet":"max-snippet:-1","max-image-preview":"max-image-preview:large","max-video-preview":"max-video-preview:-1"},"canonical":"https:\/\/www.purejewels.com\/de\/produkt-2\/quadratischer-ohrring-aus-22-karat-gold-34614\/","og_locale":"de_DE","og_type":"article","og_title":"Square Stud Earrings | Buy Gold Stud Earrings Online","og_description":"Browse our Square stud earrings selection for the very best in unique, handmade pieces from our Stud Earring Collection. Shop Online today!","og_url":"https:\/\/www.purejewels.com\/de\/produkt-2\/quadratischer-ohrring-aus-22-karat-gold-34614\/","og_site_name":"PureJewels UK","article_modified_time":"2025-05-22T10:21:44+00:00","og_image":[{"width":1000,"height":1000,"url":"https:\/\/www.purejewels.com\/wp-content\/uploads\/2022\/02\/46514.png","type":"image\/png"}],"twitter_card":"summary_large_image","twitter_misc":{"Gesch\u00e4tzte Lesezeit":"1\u00a0Minute"},"schema":{"@context":"https:\/\/schema.org","@graph":[{"@type":["WebPage","ItemPage"],"@id":"https:\/\/www.purejewels.com\/product\/22-carat-gold-square-shaped-earring-34614\/","url":"https:\/\/www.purejewels.com\/product\/22-carat-gold-square-shaped-earring-34614\/","name":"Quadratische Ohrstecker | Gold-Ohrstecker online kaufen","isPartOf":{"@id":"https:\/\/www.purejewels.com\/#website"},"primaryImageOfPage":{"@id":"https:\/\/www.purejewels.com\/product\/22-carat-gold-square-shaped-earring-34614\/#primaryimage"},"image":{"@id":"https:\/\/www.purejewels.com\/product\/22-carat-gold-square-shaped-earring-34614\/#primaryimage"},"thumbnailUrl":"https:\/\/static.purejewels.com\/wp-content\/uploads\/2022\/02\/46514.png","datePublished":"2022-02-23T06:01:13+00:00","dateModified":"2025-05-22T10:21:44+00:00","description":"St\u00f6bern Sie in unserer Auswahl an quadratischen Ohrsteckern und finden Sie die besten handgefertigten Einzelst\u00fccke aus unserer Ohrstecker-Kollektion. Kaufen Sie noch heute online ein!","breadcrumb":{"@id":"https:\/\/www.purejewels.com\/product\/22-carat-gold-square-shaped-earring-34614\/#breadcrumb"},"inLanguage":"de","potentialAction":[{"@type":"ReadAction","target":["https:\/\/www.purejewels.com\/product\/22-carat-gold-square-shaped-earring-34614\/"]}]},{"@type":"ImageObject","inLanguage":"de","@id":"https:\/\/www.purejewels.com\/product\/22-carat-gold-square-shaped-earring-34614\/#primaryimage","url":"https:\/\/static.purejewels.com\/wp-content\/uploads\/2022\/02\/46514.png","contentUrl":"https:\/\/static.purejewels.com\/wp-content\/uploads\/2022\/02\/46514.png","width":1000,"height":1000,"caption":"22 carat Gold Square Shaped Earring"},{"@type":"BreadcrumbList","@id":"https:\/\/www.purejewels.com\/product\/22-carat-gold-square-shaped-earring-34614\/#breadcrumb","itemListElement":[{"@type":"ListItem","position":1,"name":"Home","item":"https:\/\/www.purejewels.com\/"},{"@type":"ListItem","position":2,"name":"Shop","item":"https:\/\/www.purejewels.com\/shop\/"},{"@type":"ListItem","position":3,"name":"22 carat Gold Square Shaped Earring"}]},{"@type":"WebSite","@id":"https:\/\/www.purejewels.com\/#website","url":"https:\/\/www.purejewels.com\/","name":"PureJewels UK","description":"Teile die Liebe","publisher":{"@id":"https:\/\/www.purejewels.com\/#organization"},"potentialAction":[{"@type":"SearchAction","target":{"@type":"EntryPoint","urlTemplate":"https:\/\/www.purejewels.com\/?s={search_term_string}"},"query-input":{"@type":"PropertyValueSpecification","valueRequired":true,"valueName":"search_term_string"}}],"inLanguage":"de"},{"@type":"Organization","@id":"https:\/\/www.purejewels.com\/#organization","name":"PureJewels UK","url":"https:\/\/www.purejewels.com\/","logo":{"@type":"ImageObject","inLanguage":"de","@id":"https:\/\/www.purejewels.com\/#\/schema\/logo\/image\/","url":"https:\/\/static.purejewels.com\/wp-content\/uploads\/2020\/11\/Logo-PJ-New-1.png","contentUrl":"https:\/\/static.purejewels.com\/wp-content\/uploads\/2020\/11\/Logo-PJ-New-1.png","width":150,"height":80,"caption":"PureJewels UK"},"image":{"@id":"https:\/\/www.purejewels.com\/#\/schema\/logo\/image\/"}}]}},"_links":{"self":[{"href":"https:\/\/www.purejewels.com\/de\/wp-json\/wp\/v2\/product\/334782","targetHints":{"allow":["GET"]}}],"collection":[{"href":"https:\/\/www.purejewels.com\/de\/wp-json\/wp\/v2\/product"}],"about":[{"href":"https:\/\/www.purejewels.com\/de\/wp-json\/wp\/v2\/types\/product"}],"replies":[{"embeddable":true,"href":"https:\/\/www.purejewels.com\/de\/wp-json\/wp\/v2\/comments?post=334782"}],"version-history":[{"count":2,"href":"https:\/\/www.purejewels.com\/de\/wp-json\/wp\/v2\/product\/334782\/revisions"}],"predecessor-version":[{"id":387876,"href":"https:\/\/www.purejewels.com\/de\/wp-json\/wp\/v2\/product\/334782\/revisions\/387876"}],"wp:featuredmedia":[{"embeddable":true,"href":"https:\/\/www.purejewels.com\/de\/wp-json\/wp\/v2\/media\/352432"}],"wp:attachment":[{"href":"https:\/\/www.purejewels.com\/de\/wp-json\/wp\/v2\/media?parent=334782"}],"wp:term":[{"taxonomy":"product_brand","embeddable":true,"href":"https:\/\/www.purejewels.com\/de\/wp-json\/wp\/v2\/product_brand?post=334782"},{"taxonomy":"product_cat","embeddable":true,"href":"https:\/\/www.purejewels.com\/de\/wp-json\/wp\/v2\/product_cat?post=334782"},{"taxonomy":"product_tag","embeddable":true,"href":"https:\/\/www.purejewels.com\/de\/wp-json\/wp\/v2\/product_tag?post=334782"}],"curies":[{"name":"wp","href":"https:\/\/api.w.org\/{rel}","templated":true}]}}