{"id":334812,"date":"2022-03-04T07:50:05","date_gmt":"2022-03-04T07:50:05","guid":{"rendered":"https:\/\/www.purejewels.com\/?post_type=product&#038;p=334812"},"modified":"2022-05-23T07:20:05","modified_gmt":"2022-05-23T06:20:05","slug":"cz-stein-gold-ohrstecker-41990","status":"publish","type":"product","link":"https:\/\/www.purejewels.com\/de\/product\/cz-stone-gold-stud-earrings-41990\/","title":{"rendered":"CZ-Stein Gold-Ohrstecker"},"content":{"rendered":"<h2>Exquisit<\/h2>\n<p>Ohrstecker sind m\u00fchelos, frech und wundersch\u00f6n. Sie sind kleinere Versionen von l\u00e4ngeren <a href=\"https:\/\/www.purejewels.com\/de\/product-category\/22ct-gold-jewellery\/gold-earrings\/\">Ohrringe<\/a> die unter die Ohrl\u00e4ppchen fallen. Sie sind so gestaltet, dass sie Ihre Ohrl\u00e4ppchen m\u00fchelos bedecken, ohne zu viel Aufsehen zu erregen.<\/p>\n<h2>Gestaltung<\/h2>\n<p>Wenn es um Alltagsklassiker geht, gibt es nichts Besseres als goldene Nieten mit Steinen, finden Sie nicht auch? Diese minimalistischen und klassischen Ohrstecker sind perfekt f\u00fcr Sie, um sie jederzeit mit allem zu tragen, was Sie tragen. Dieses elegante Paar ist aus feinem 22-kar\u00e4tigem Gold gefertigt. Es beginnt mit einer klassischen Vier-Zacken-Spannzange, die die \u00fcppigen Zirkonia-Kristalle h\u00e4lt. Die Kristalle sind von h\u00f6chster Qualit\u00e4t und haben eine Ausstrahlung wie echte Diamanten, was dieses Paar zu einem absoluten Must-Have macht.<\/p>\n<h2>Stil<\/h2>\n<p>Kombinieren Sie sie mit Ihrer allt\u00e4glichen Freizeit-, Reise- und Arbeitskleidung oder sogar mit Ihren traditionellen Ensembles, denn sie haben die Kraft, jeden Ihrer Looks aufzupeppen. Einmal mit nach Hause gebracht, werden sie zu einem Teil Ihres t\u00e4glichen Stils und bleiben f\u00fcr lange Zeit in Ihrer Ohrstecker-Sammlung.<\/p>","protected":false},"excerpt":{"rendered":"<ul>\n<li>\n<div class=\"woocommerce-product-details__short-description\">\n<ul>\n<li>22ct Gold Ohrstecker mit CZ Stein<\/li>\n<li>Wt. 1.2 gms<\/li>\n<li>SKU. 41990<\/li>\n<li>Alle Preise inklusive Mehrwertsteuer<\/li>\n<li>22ct Gold gestempelt von London Assay Office<\/li>\n<li>Mit Pr\u00e4sentationsbox<\/li>\n<li>Lieferung inbegriffen<\/li>\n<li>Live-Chat mit uns f\u00fcr die Verf\u00fcgbarkeit und mehr Bilder von \u00e4hnlichen Designs derzeit auf Lager<\/li>\n<\/ul>\n<\/div>\n<div class=\"btn-atc atc-slide\"><\/div>\n<div class=\"product_meta\"><\/div>\n<\/li>\n<\/ul>","protected":false},"featured_media":335051,"comment_status":"closed","ping_status":"closed","template":"","meta":{"_eb_attr":"","_crsspst_to_jayantr4sg-hostcom":false},"product_brand":[],"product_cat":[1576,1790,1254,5343,1577,1574,5349],"product_tag":[],"class_list":{"0":"post-334812","1":"product","2":"type-product","3":"status-publish","4":"has-post-thumbnail","6":"product_cat-childrens-jewellery","7":"product_cat-for-whom-when","8":"product_cat-gold-earrings","9":"product_cat-jewellery-under-550","10":"product_cat-stud-earrings","11":"product_cat-womens-jewellery","12":"product_cat-yellow-gold-jewellery","14":"first","15":"outofstock","16":"taxable","17":"shipping-taxable","18":"product-type-simple","19":"add-to-wishlist-before_image"},"yoast_head":"<!-- This site is optimized with the Yoast SEO plugin v27.3 - https:\/\/yoast.com\/product\/yoast-seo-wordpress\/ -->\n<title>Gold Studs Online In London | PureJewels.com<\/title>\n<meta name=\"description\" content=\"Stud Small Earrings | Cute Studs For Women &amp; Kids Online in London | Shop Wide Range of Daily Wear Studs Online | Fast Delivery\" \/>\n<meta name=\"robots\" content=\"index, follow, max-snippet:-1, max-image-preview:large, max-video-preview:-1\" \/>\n<link rel=\"canonical\" href=\"https:\/\/www.purejewels.com\/de\/produkt-2\/cz-stein-gold-ohrstecker-41990\/\" \/>\n<meta property=\"og:locale\" content=\"de_DE\" \/>\n<meta property=\"og:type\" content=\"article\" \/>\n<meta property=\"og:title\" content=\"Gold Studs Online In London | PureJewels.com\" \/>\n<meta property=\"og:description\" content=\"Stud Small Earrings | Cute Studs For Women &amp; Kids Online in London | Shop Wide Range of Daily Wear Studs Online | Fast Delivery\" \/>\n<meta property=\"og:url\" content=\"https:\/\/www.purejewels.com\/de\/produkt-2\/cz-stein-gold-ohrstecker-41990\/\" \/>\n<meta property=\"og:site_name\" content=\"PureJewels UK\" \/>\n<meta property=\"article:modified_time\" content=\"2022-05-23T06:20:05+00:00\" \/>\n<meta property=\"og:image\" content=\"https:\/\/www.purejewels.com\/wp-content\/uploads\/2022\/02\/33181.jpg\" \/>\n\t<meta property=\"og:image:width\" content=\"1000\" \/>\n\t<meta property=\"og:image:height\" content=\"1000\" \/>\n\t<meta property=\"og:image:type\" content=\"image\/jpeg\" \/>\n<meta name=\"twitter:card\" content=\"summary_large_image\" \/>\n<meta name=\"twitter:label1\" content=\"Gesch\u00e4tzte Lesezeit\" \/>\n\t<meta name=\"twitter:data1\" content=\"1\u00a0Minute\" \/>\n<script type=\"application\/ld+json\" class=\"yoast-schema-graph\">{\"@context\":\"https:\\\/\\\/schema.org\",\"@graph\":[{\"@type\":[\"WebPage\",\"ItemPage\"],\"@id\":\"https:\\\/\\\/www.purejewels.com\\\/product\\\/cz-stone-gold-stud-earrings-41990\\\/\",\"url\":\"https:\\\/\\\/www.purejewels.com\\\/product\\\/cz-stone-gold-stud-earrings-41990\\\/\",\"name\":\"Gold Studs Online In London | PureJewels.com\",\"isPartOf\":{\"@id\":\"https:\\\/\\\/www.purejewels.com\\\/#website\"},\"primaryImageOfPage\":{\"@id\":\"https:\\\/\\\/www.purejewels.com\\\/product\\\/cz-stone-gold-stud-earrings-41990\\\/#primaryimage\"},\"image\":{\"@id\":\"https:\\\/\\\/www.purejewels.com\\\/product\\\/cz-stone-gold-stud-earrings-41990\\\/#primaryimage\"},\"thumbnailUrl\":\"https:\\\/\\\/static.purejewels.com\\\/wp-content\\\/uploads\\\/2022\\\/02\\\/33181.jpg\",\"datePublished\":\"2022-03-04T07:50:05+00:00\",\"dateModified\":\"2022-05-23T06:20:05+00:00\",\"description\":\"Stud Small Earrings | Cute Studs For Women & Kids Online in London | Shop Wide Range of Daily Wear Studs Online | Fast Delivery\",\"breadcrumb\":{\"@id\":\"https:\\\/\\\/www.purejewels.com\\\/product\\\/cz-stone-gold-stud-earrings-41990\\\/#breadcrumb\"},\"inLanguage\":\"de\",\"potentialAction\":[{\"@type\":\"ReadAction\",\"target\":[\"https:\\\/\\\/www.purejewels.com\\\/product\\\/cz-stone-gold-stud-earrings-41990\\\/\"]}]},{\"@type\":\"ImageObject\",\"inLanguage\":\"de\",\"@id\":\"https:\\\/\\\/www.purejewels.com\\\/product\\\/cz-stone-gold-stud-earrings-41990\\\/#primaryimage\",\"url\":\"https:\\\/\\\/static.purejewels.com\\\/wp-content\\\/uploads\\\/2022\\\/02\\\/33181.jpg\",\"contentUrl\":\"https:\\\/\\\/static.purejewels.com\\\/wp-content\\\/uploads\\\/2022\\\/02\\\/33181.jpg\",\"width\":1000,\"height\":1000,\"caption\":\"CZ Stone Gold Stud Earrings 33181\"},{\"@type\":\"BreadcrumbList\",\"@id\":\"https:\\\/\\\/www.purejewels.com\\\/product\\\/cz-stone-gold-stud-earrings-41990\\\/#breadcrumb\",\"itemListElement\":[{\"@type\":\"ListItem\",\"position\":1,\"name\":\"Home\",\"item\":\"https:\\\/\\\/www.purejewels.com\\\/\"},{\"@type\":\"ListItem\",\"position\":2,\"name\":\"Shop\",\"item\":\"https:\\\/\\\/www.purejewels.com\\\/shop\\\/\"},{\"@type\":\"ListItem\",\"position\":3,\"name\":\"CZ Stone Gold Stud Earrings\"}]},{\"@type\":\"WebSite\",\"@id\":\"https:\\\/\\\/www.purejewels.com\\\/#website\",\"url\":\"https:\\\/\\\/www.purejewels.com\\\/\",\"name\":\"PureJewels UK\",\"description\":\"Share the Love\",\"publisher\":{\"@id\":\"https:\\\/\\\/www.purejewels.com\\\/#organization\"},\"potentialAction\":[{\"@type\":\"SearchAction\",\"target\":{\"@type\":\"EntryPoint\",\"urlTemplate\":\"https:\\\/\\\/www.purejewels.com\\\/?s={search_term_string}\"},\"query-input\":{\"@type\":\"PropertyValueSpecification\",\"valueRequired\":true,\"valueName\":\"search_term_string\"}}],\"inLanguage\":\"de\"},{\"@type\":\"Organization\",\"@id\":\"https:\\\/\\\/www.purejewels.com\\\/#organization\",\"name\":\"PureJewels UK\",\"url\":\"https:\\\/\\\/www.purejewels.com\\\/\",\"logo\":{\"@type\":\"ImageObject\",\"inLanguage\":\"de\",\"@id\":\"https:\\\/\\\/www.purejewels.com\\\/#\\\/schema\\\/logo\\\/image\\\/\",\"url\":\"https:\\\/\\\/static.purejewels.com\\\/wp-content\\\/uploads\\\/2020\\\/11\\\/Logo-PJ-New-1.png\",\"contentUrl\":\"https:\\\/\\\/static.purejewels.com\\\/wp-content\\\/uploads\\\/2020\\\/11\\\/Logo-PJ-New-1.png\",\"width\":150,\"height\":80,\"caption\":\"PureJewels UK\"},\"image\":{\"@id\":\"https:\\\/\\\/www.purejewels.com\\\/#\\\/schema\\\/logo\\\/image\\\/\"}}]}<\/script>\n<!-- \/ Yoast SEO plugin. -->","yoast_head_json":{"title":"Gold Ohrstecker Online In London | PureJewels.com","description":"Kleine Ohrstecker | Niedliche Ohrstecker f\u00fcr Frauen und Kinder online in London | Gro\u00dfe Auswahl an Ohrsteckern f\u00fcr den t\u00e4glichen Gebrauch online kaufen | Schnelle Lieferung","robots":{"index":"index","follow":"follow","max-snippet":"max-snippet:-1","max-image-preview":"max-image-preview:large","max-video-preview":"max-video-preview:-1"},"canonical":"https:\/\/www.purejewels.com\/de\/produkt-2\/cz-stein-gold-ohrstecker-41990\/","og_locale":"de_DE","og_type":"article","og_title":"Gold Studs Online In London | PureJewels.com","og_description":"Stud Small Earrings | Cute Studs For Women & Kids Online in London | Shop Wide Range of Daily Wear Studs Online | Fast Delivery","og_url":"https:\/\/www.purejewels.com\/de\/produkt-2\/cz-stein-gold-ohrstecker-41990\/","og_site_name":"PureJewels UK","article_modified_time":"2022-05-23T06:20:05+00:00","og_image":[{"width":1000,"height":1000,"url":"https:\/\/www.purejewels.com\/wp-content\/uploads\/2022\/02\/33181.jpg","type":"image\/jpeg"}],"twitter_card":"summary_large_image","twitter_misc":{"Gesch\u00e4tzte Lesezeit":"1\u00a0Minute"},"schema":{"@context":"https:\/\/schema.org","@graph":[{"@type":["WebPage","ItemPage"],"@id":"https:\/\/www.purejewels.com\/product\/cz-stone-gold-stud-earrings-41990\/","url":"https:\/\/www.purejewels.com\/product\/cz-stone-gold-stud-earrings-41990\/","name":"Gold Ohrstecker Online In London | PureJewels.com","isPartOf":{"@id":"https:\/\/www.purejewels.com\/#website"},"primaryImageOfPage":{"@id":"https:\/\/www.purejewels.com\/product\/cz-stone-gold-stud-earrings-41990\/#primaryimage"},"image":{"@id":"https:\/\/www.purejewels.com\/product\/cz-stone-gold-stud-earrings-41990\/#primaryimage"},"thumbnailUrl":"https:\/\/static.purejewels.com\/wp-content\/uploads\/2022\/02\/33181.jpg","datePublished":"2022-03-04T07:50:05+00:00","dateModified":"2022-05-23T06:20:05+00:00","description":"Kleine Ohrstecker | Niedliche Ohrstecker f\u00fcr Frauen und Kinder online in London | Gro\u00dfe Auswahl an Ohrsteckern f\u00fcr den t\u00e4glichen Gebrauch online kaufen | Schnelle Lieferung","breadcrumb":{"@id":"https:\/\/www.purejewels.com\/product\/cz-stone-gold-stud-earrings-41990\/#breadcrumb"},"inLanguage":"de","potentialAction":[{"@type":"ReadAction","target":["https:\/\/www.purejewels.com\/product\/cz-stone-gold-stud-earrings-41990\/"]}]},{"@type":"ImageObject","inLanguage":"de","@id":"https:\/\/www.purejewels.com\/product\/cz-stone-gold-stud-earrings-41990\/#primaryimage","url":"https:\/\/static.purejewels.com\/wp-content\/uploads\/2022\/02\/33181.jpg","contentUrl":"https:\/\/static.purejewels.com\/wp-content\/uploads\/2022\/02\/33181.jpg","width":1000,"height":1000,"caption":"CZ Stone Gold Stud Earrings 33181"},{"@type":"BreadcrumbList","@id":"https:\/\/www.purejewels.com\/product\/cz-stone-gold-stud-earrings-41990\/#breadcrumb","itemListElement":[{"@type":"ListItem","position":1,"name":"Home","item":"https:\/\/www.purejewels.com\/"},{"@type":"ListItem","position":2,"name":"Shop","item":"https:\/\/www.purejewels.com\/shop\/"},{"@type":"ListItem","position":3,"name":"CZ Stone Gold Stud Earrings"}]},{"@type":"WebSite","@id":"https:\/\/www.purejewels.com\/#website","url":"https:\/\/www.purejewels.com\/","name":"PureJewels UK","description":"Teile die Liebe","publisher":{"@id":"https:\/\/www.purejewels.com\/#organization"},"potentialAction":[{"@type":"SearchAction","target":{"@type":"EntryPoint","urlTemplate":"https:\/\/www.purejewels.com\/?s={search_term_string}"},"query-input":{"@type":"PropertyValueSpecification","valueRequired":true,"valueName":"search_term_string"}}],"inLanguage":"de"},{"@type":"Organization","@id":"https:\/\/www.purejewels.com\/#organization","name":"PureJewels UK","url":"https:\/\/www.purejewels.com\/","logo":{"@type":"ImageObject","inLanguage":"de","@id":"https:\/\/www.purejewels.com\/#\/schema\/logo\/image\/","url":"https:\/\/static.purejewels.com\/wp-content\/uploads\/2020\/11\/Logo-PJ-New-1.png","contentUrl":"https:\/\/static.purejewels.com\/wp-content\/uploads\/2020\/11\/Logo-PJ-New-1.png","width":150,"height":80,"caption":"PureJewels UK"},"image":{"@id":"https:\/\/www.purejewels.com\/#\/schema\/logo\/image\/"}}]}},"_links":{"self":[{"href":"https:\/\/www.purejewels.com\/de\/wp-json\/wp\/v2\/product\/334812","targetHints":{"allow":["GET"]}}],"collection":[{"href":"https:\/\/www.purejewels.com\/de\/wp-json\/wp\/v2\/product"}],"about":[{"href":"https:\/\/www.purejewels.com\/de\/wp-json\/wp\/v2\/types\/product"}],"replies":[{"embeddable":true,"href":"https:\/\/www.purejewels.com\/de\/wp-json\/wp\/v2\/comments?post=334812"}],"version-history":[{"count":0,"href":"https:\/\/www.purejewels.com\/de\/wp-json\/wp\/v2\/product\/334812\/revisions"}],"wp:featuredmedia":[{"embeddable":true,"href":"https:\/\/www.purejewels.com\/de\/wp-json\/wp\/v2\/media\/335051"}],"wp:attachment":[{"href":"https:\/\/www.purejewels.com\/de\/wp-json\/wp\/v2\/media?parent=334812"}],"wp:term":[{"taxonomy":"product_brand","embeddable":true,"href":"https:\/\/www.purejewels.com\/de\/wp-json\/wp\/v2\/product_brand?post=334812"},{"taxonomy":"product_cat","embeddable":true,"href":"https:\/\/www.purejewels.com\/de\/wp-json\/wp\/v2\/product_cat?post=334812"},{"taxonomy":"product_tag","embeddable":true,"href":"https:\/\/www.purejewels.com\/de\/wp-json\/wp\/v2\/product_tag?post=334812"}],"curies":[{"name":"wp","href":"https:\/\/api.w.org\/{rel}","templated":true}]}}