{"id":334831,"date":"2022-03-04T05:44:05","date_gmt":"2022-03-04T05:44:05","guid":{"rendered":"https:\/\/www.purejewels.com\/?post_type=product&#038;p=334831"},"modified":"2023-12-09T14:36:01","modified_gmt":"2023-12-09T14:36:01","slug":"herz-ohrstecker-aus-22-karat-gold-41995","status":"publish","type":"product","link":"https:\/\/www.purejewels.com\/de\/product\/22ct-gold-heart-stud-earring-41995\/","title":{"rendered":"22ct Gold Herz Ohrstecker | mit CZ Stein"},"content":{"rendered":"<h2>Aufpeppen<\/h2>\n<p>Dieses moderne Paar Ohrstecker sieht ekstatisch und sch\u00f6n aus. Ohrstecker sind m\u00fchelos, frech und wundersch\u00f6n. Sie sind im Grunde kleinere Versionen von l\u00e4ngeren <a href=\"https:\/\/www.purejewels.com\/de\/product-category\/22ct-gold-jewellery\/gold-earrings\/\">Ohrringe<\/a> die unter die Ohrl\u00e4ppchen fallen. Sie sind so gearbeitet, dass sie die Ohrl\u00e4ppchen m\u00fchelos bedecken, ohne zu viel Aufsehen zu erregen. Heutzutage gibt es auch Ohrstecker, die in Form eines Anh\u00e4ngers oder eines Steintropfens ein wenig l\u00e4nger sind.<\/p>\n<h2>Gestaltung<\/h2>\n<p>Diese immergr\u00fcnen Herzen <a href=\"https:\/\/www.purejewels.com\/de\/product-category\/22ct-gold-jewellery\/gold-earrings\/stud-earrings\/\">Ohrstecker<\/a> sind elegant. Diese goldenen Ohrstecker sind von der modernen Kultur inspiriert. Diese Herzohrstecker sind Teil unserer Kollektion von Diamantschmuck im Vintage-Look und wurden von Hand in Gold mit Techniken wie Gravur gefertigt, <a href=\"https:\/\/www.purejewels.com\/de\/a-guide-to-die-stamping\/\">Pr\u00e4gung<\/a> und Beschl\u00e4ge. Das Design beginnt mit einer detailreichen Linie aus \u00fcppigen und brillanten Diamanten in einem ovalen Element. In der Mitte dieses ovalen Elements befindet sich ein wundersch\u00f6n geschliffener und fein geschliffener <a href=\"https:\/\/www.purejewels.com\/de\/euphoric-hues-topaz\/\">Topas<\/a> die dem Paar einen Vintage-Glanz verleiht.<\/p>\n<h2>Schatz<\/h2>\n<p>Diese 22K <a href=\"https:\/\/www.purejewels.com\/de\/product\/gold-stud-earrings-42487\/\">Gold-Ohrstecker<\/a> london sind immergr\u00fcn und haben die Herzen rund um den Globus ber\u00fchrt. Diese Kugeln, die Sie einmal mit nach Hause genommen haben, werden zu einem Teil Ihrer Sammlung von Familienerbst\u00fccken, die Sie in wichtigen und sch\u00f6nen Momenten schm\u00fccken. St\u00f6bern Sie auf unserer Website und entdecken Sie mehr solcher <a href=\"https:\/\/www.purejewels.com\/de\/product\/22ct-gold-heart-shape-with-sigle-pearl-pendant-43591\/\">goldenes Herz<\/a> Ohrstecker, und bringen Sie Ihre Lieblingsst\u00fccke mit nach Hause.<\/p>","protected":false},"excerpt":{"rendered":"<table class=\"sh_desc\">\n<tbody>\n<tr>\n<td>Art des Ohrrings<\/td>\n<td>Ohrstecker<\/td>\n<\/tr>\n<tr>\n<td>SKU<\/td>\n<td>34397<\/td>\n<\/tr>\n<tr>\n<td>Gewicht<\/td>\n<td>3.1 Gms<\/td>\n<\/tr>\n<tr>\n<td>Oberfl\u00e4che<\/td>\n<td>Rhodium<\/td>\n<\/tr>\n<tr>\n<td>Metall<\/td>\n<td>22ct Gold<\/td>\n<\/tr>\n<tr>\n<td>Entgelte<\/td>\n<td>Lieferung und Mehrwertsteuer inbegriffen<\/td>\n<\/tr>\n<tr>\n<td>Verpackung<\/td>\n<td>Mit Pr\u00e4sentationsbox<\/td>\n<\/tr>\n<tr>\n<td>Mehr Informationen<\/td>\n<td>Live-Chat mit uns f\u00fcr Verf\u00fcgbarkeit und mehr Bilder<\/td>\n<\/tr>\n<\/tbody>\n<\/table>","protected":false},"featured_media":335049,"comment_status":"closed","ping_status":"closed","template":"","meta":{"_eb_attr":"","_crsspst_to_jayantr4sg-hostcom":false},"product_brand":[],"product_cat":[1791,1559,1793,1792,1790,1254,5344,1570,1577,1569,1573,1574,5349],"product_tag":[],"class_list":{"0":"post-334831","1":"product","2":"type-product","3":"status-publish","4":"has-post-thumbnail","6":"product_cat-anniversary-gifts","7":"product_cat-birthday-gifts","8":"product_cat-diwali-gifts","9":"product_cat-festival-gifts","10":"product_cat-for-whom-when","11":"product_cat-gold-earrings","12":"product_cat-jewellery-under-750","13":"product_cat-mothers-day-gifts","14":"product_cat-stud-earrings","15":"product_cat-valentine-day-gifts","16":"product_cat-wedding-gifts","17":"product_cat-womens-jewellery","18":"product_cat-yellow-gold-jewellery","20":"first","21":"outofstock","22":"sale","23":"taxable","24":"shipping-taxable","25":"product-type-simple","26":"add-to-wishlist-before_image"},"yoast_head":"<!-- This site is optimized with the Yoast SEO plugin v27.3 - https:\/\/yoast.com\/product\/yoast-seo-wordpress\/ -->\n<title>Heart Shaped Studs in London | Order Now | PureJewels.com<\/title>\n<meta name=\"description\" content=\"Heart Shaped Earrings Online | Order Heart Studs Earring in UK | Gift Stud Earring | Fast Delivery | Easy Returns\" \/>\n<meta name=\"robots\" content=\"index, follow, max-snippet:-1, max-image-preview:large, max-video-preview:-1\" \/>\n<link rel=\"canonical\" href=\"https:\/\/www.purejewels.com\/de\/produkt-2\/herz-ohrstecker-aus-22-karat-gold-41995\/\" \/>\n<meta property=\"og:locale\" content=\"de_DE\" \/>\n<meta property=\"og:type\" content=\"article\" \/>\n<meta property=\"og:title\" content=\"Heart Shaped Studs in London | Order Now | PureJewels.com\" \/>\n<meta property=\"og:description\" content=\"Heart Shaped Earrings Online | Order Heart Studs Earring in UK | Gift Stud Earring | Fast Delivery | Easy Returns\" \/>\n<meta property=\"og:url\" content=\"https:\/\/www.purejewels.com\/de\/produkt-2\/herz-ohrstecker-aus-22-karat-gold-41995\/\" \/>\n<meta property=\"og:site_name\" content=\"PureJewels UK\" \/>\n<meta property=\"article:modified_time\" content=\"2023-12-09T14:36:01+00:00\" \/>\n<meta property=\"og:image\" content=\"https:\/\/www.purejewels.com\/wp-content\/uploads\/2022\/02\/34397-1.jpg\" \/>\n\t<meta property=\"og:image:width\" content=\"1000\" \/>\n\t<meta property=\"og:image:height\" content=\"1000\" \/>\n\t<meta property=\"og:image:type\" content=\"image\/jpeg\" \/>\n<meta name=\"twitter:card\" content=\"summary_large_image\" \/>\n<meta name=\"twitter:label1\" content=\"Gesch\u00e4tzte Lesezeit\" \/>\n\t<meta name=\"twitter:data1\" content=\"1\u00a0Minute\" \/>\n<script type=\"application\/ld+json\" class=\"yoast-schema-graph\">{\"@context\":\"https:\\\/\\\/schema.org\",\"@graph\":[{\"@type\":[\"WebPage\",\"ItemPage\"],\"@id\":\"https:\\\/\\\/www.purejewels.com\\\/product\\\/22ct-gold-heart-stud-earring-41995\\\/\",\"url\":\"https:\\\/\\\/www.purejewels.com\\\/product\\\/22ct-gold-heart-stud-earring-41995\\\/\",\"name\":\"Heart Shaped Studs in London | Order Now | PureJewels.com\",\"isPartOf\":{\"@id\":\"https:\\\/\\\/www.purejewels.com\\\/#website\"},\"primaryImageOfPage\":{\"@id\":\"https:\\\/\\\/www.purejewels.com\\\/product\\\/22ct-gold-heart-stud-earring-41995\\\/#primaryimage\"},\"image\":{\"@id\":\"https:\\\/\\\/www.purejewels.com\\\/product\\\/22ct-gold-heart-stud-earring-41995\\\/#primaryimage\"},\"thumbnailUrl\":\"https:\\\/\\\/static.purejewels.com\\\/wp-content\\\/uploads\\\/2022\\\/02\\\/34397-1.jpg\",\"datePublished\":\"2022-03-04T05:44:05+00:00\",\"dateModified\":\"2023-12-09T14:36:01+00:00\",\"description\":\"Heart Shaped Earrings Online | Order Heart Studs Earring in UK | Gift Stud Earring | Fast Delivery | Easy Returns\",\"breadcrumb\":{\"@id\":\"https:\\\/\\\/www.purejewels.com\\\/product\\\/22ct-gold-heart-stud-earring-41995\\\/#breadcrumb\"},\"inLanguage\":\"de\",\"potentialAction\":[{\"@type\":\"ReadAction\",\"target\":[\"https:\\\/\\\/www.purejewels.com\\\/product\\\/22ct-gold-heart-stud-earring-41995\\\/\"]}]},{\"@type\":\"ImageObject\",\"inLanguage\":\"de\",\"@id\":\"https:\\\/\\\/www.purejewels.com\\\/product\\\/22ct-gold-heart-stud-earring-41995\\\/#primaryimage\",\"url\":\"https:\\\/\\\/static.purejewels.com\\\/wp-content\\\/uploads\\\/2022\\\/02\\\/34397-1.jpg\",\"contentUrl\":\"https:\\\/\\\/static.purejewels.com\\\/wp-content\\\/uploads\\\/2022\\\/02\\\/34397-1.jpg\",\"width\":1000,\"height\":1000,\"caption\":\"22ct Gold CZ Stone Earring | Heart Studs\"},{\"@type\":\"BreadcrumbList\",\"@id\":\"https:\\\/\\\/www.purejewels.com\\\/product\\\/22ct-gold-heart-stud-earring-41995\\\/#breadcrumb\",\"itemListElement\":[{\"@type\":\"ListItem\",\"position\":1,\"name\":\"Home\",\"item\":\"https:\\\/\\\/www.purejewels.com\\\/\"},{\"@type\":\"ListItem\",\"position\":2,\"name\":\"Shop\",\"item\":\"https:\\\/\\\/www.purejewels.com\\\/shop\\\/\"},{\"@type\":\"ListItem\",\"position\":3,\"name\":\"22ct Gold Heart Stud Earring | with CZ Stone\"}]},{\"@type\":\"WebSite\",\"@id\":\"https:\\\/\\\/www.purejewels.com\\\/#website\",\"url\":\"https:\\\/\\\/www.purejewels.com\\\/\",\"name\":\"PureJewels UK\",\"description\":\"Share the Love\",\"publisher\":{\"@id\":\"https:\\\/\\\/www.purejewels.com\\\/#organization\"},\"potentialAction\":[{\"@type\":\"SearchAction\",\"target\":{\"@type\":\"EntryPoint\",\"urlTemplate\":\"https:\\\/\\\/www.purejewels.com\\\/?s={search_term_string}\"},\"query-input\":{\"@type\":\"PropertyValueSpecification\",\"valueRequired\":true,\"valueName\":\"search_term_string\"}}],\"inLanguage\":\"de\"},{\"@type\":\"Organization\",\"@id\":\"https:\\\/\\\/www.purejewels.com\\\/#organization\",\"name\":\"PureJewels UK\",\"url\":\"https:\\\/\\\/www.purejewels.com\\\/\",\"logo\":{\"@type\":\"ImageObject\",\"inLanguage\":\"de\",\"@id\":\"https:\\\/\\\/www.purejewels.com\\\/#\\\/schema\\\/logo\\\/image\\\/\",\"url\":\"https:\\\/\\\/static.purejewels.com\\\/wp-content\\\/uploads\\\/2020\\\/11\\\/Logo-PJ-New-1.png\",\"contentUrl\":\"https:\\\/\\\/static.purejewels.com\\\/wp-content\\\/uploads\\\/2020\\\/11\\\/Logo-PJ-New-1.png\",\"width\":150,\"height\":80,\"caption\":\"PureJewels UK\"},\"image\":{\"@id\":\"https:\\\/\\\/www.purejewels.com\\\/#\\\/schema\\\/logo\\\/image\\\/\"}}]}<\/script>\n<!-- \/ Yoast SEO plugin. -->","yoast_head_json":{"title":"Herzf\u00f6rmige Ohrstecker in London | Jetzt bestellen | PureJewels.com","description":"Herz Ohrringe Online | Bestellen Sie Herz Ohrstecker Ohrring in UK | Geschenk Ohrstecker | Schnelle Lieferung | Einfache R\u00fcckgabe","robots":{"index":"index","follow":"follow","max-snippet":"max-snippet:-1","max-image-preview":"max-image-preview:large","max-video-preview":"max-video-preview:-1"},"canonical":"https:\/\/www.purejewels.com\/de\/produkt-2\/herz-ohrstecker-aus-22-karat-gold-41995\/","og_locale":"de_DE","og_type":"article","og_title":"Heart Shaped Studs in London | Order Now | PureJewels.com","og_description":"Heart Shaped Earrings Online | Order Heart Studs Earring in UK | Gift Stud Earring | Fast Delivery | Easy Returns","og_url":"https:\/\/www.purejewels.com\/de\/produkt-2\/herz-ohrstecker-aus-22-karat-gold-41995\/","og_site_name":"PureJewels UK","article_modified_time":"2023-12-09T14:36:01+00:00","og_image":[{"width":1000,"height":1000,"url":"https:\/\/www.purejewels.com\/wp-content\/uploads\/2022\/02\/34397-1.jpg","type":"image\/jpeg"}],"twitter_card":"summary_large_image","twitter_misc":{"Gesch\u00e4tzte Lesezeit":"1\u00a0Minute"},"schema":{"@context":"https:\/\/schema.org","@graph":[{"@type":["WebPage","ItemPage"],"@id":"https:\/\/www.purejewels.com\/product\/22ct-gold-heart-stud-earring-41995\/","url":"https:\/\/www.purejewels.com\/product\/22ct-gold-heart-stud-earring-41995\/","name":"Herzf\u00f6rmige Ohrstecker in London | Jetzt bestellen | PureJewels.com","isPartOf":{"@id":"https:\/\/www.purejewels.com\/#website"},"primaryImageOfPage":{"@id":"https:\/\/www.purejewels.com\/product\/22ct-gold-heart-stud-earring-41995\/#primaryimage"},"image":{"@id":"https:\/\/www.purejewels.com\/product\/22ct-gold-heart-stud-earring-41995\/#primaryimage"},"thumbnailUrl":"https:\/\/static.purejewels.com\/wp-content\/uploads\/2022\/02\/34397-1.jpg","datePublished":"2022-03-04T05:44:05+00:00","dateModified":"2023-12-09T14:36:01+00:00","description":"Herz Ohrringe Online | Bestellen Sie Herz Ohrstecker Ohrring in UK | Geschenk Ohrstecker | Schnelle Lieferung | Einfache R\u00fcckgabe","breadcrumb":{"@id":"https:\/\/www.purejewels.com\/product\/22ct-gold-heart-stud-earring-41995\/#breadcrumb"},"inLanguage":"de","potentialAction":[{"@type":"ReadAction","target":["https:\/\/www.purejewels.com\/product\/22ct-gold-heart-stud-earring-41995\/"]}]},{"@type":"ImageObject","inLanguage":"de","@id":"https:\/\/www.purejewels.com\/product\/22ct-gold-heart-stud-earring-41995\/#primaryimage","url":"https:\/\/static.purejewels.com\/wp-content\/uploads\/2022\/02\/34397-1.jpg","contentUrl":"https:\/\/static.purejewels.com\/wp-content\/uploads\/2022\/02\/34397-1.jpg","width":1000,"height":1000,"caption":"22ct Gold CZ Stone Earring | Heart Studs"},{"@type":"BreadcrumbList","@id":"https:\/\/www.purejewels.com\/product\/22ct-gold-heart-stud-earring-41995\/#breadcrumb","itemListElement":[{"@type":"ListItem","position":1,"name":"Home","item":"https:\/\/www.purejewels.com\/"},{"@type":"ListItem","position":2,"name":"Shop","item":"https:\/\/www.purejewels.com\/shop\/"},{"@type":"ListItem","position":3,"name":"22ct Gold Heart Stud Earring | with CZ Stone"}]},{"@type":"WebSite","@id":"https:\/\/www.purejewels.com\/#website","url":"https:\/\/www.purejewels.com\/","name":"PureJewels UK","description":"Teile die Liebe","publisher":{"@id":"https:\/\/www.purejewels.com\/#organization"},"potentialAction":[{"@type":"SearchAction","target":{"@type":"EntryPoint","urlTemplate":"https:\/\/www.purejewels.com\/?s={search_term_string}"},"query-input":{"@type":"PropertyValueSpecification","valueRequired":true,"valueName":"search_term_string"}}],"inLanguage":"de"},{"@type":"Organization","@id":"https:\/\/www.purejewels.com\/#organization","name":"PureJewels UK","url":"https:\/\/www.purejewels.com\/","logo":{"@type":"ImageObject","inLanguage":"de","@id":"https:\/\/www.purejewels.com\/#\/schema\/logo\/image\/","url":"https:\/\/static.purejewels.com\/wp-content\/uploads\/2020\/11\/Logo-PJ-New-1.png","contentUrl":"https:\/\/static.purejewels.com\/wp-content\/uploads\/2020\/11\/Logo-PJ-New-1.png","width":150,"height":80,"caption":"PureJewels UK"},"image":{"@id":"https:\/\/www.purejewels.com\/#\/schema\/logo\/image\/"}}]}},"_links":{"self":[{"href":"https:\/\/www.purejewels.com\/de\/wp-json\/wp\/v2\/product\/334831","targetHints":{"allow":["GET"]}}],"collection":[{"href":"https:\/\/www.purejewels.com\/de\/wp-json\/wp\/v2\/product"}],"about":[{"href":"https:\/\/www.purejewels.com\/de\/wp-json\/wp\/v2\/types\/product"}],"replies":[{"embeddable":true,"href":"https:\/\/www.purejewels.com\/de\/wp-json\/wp\/v2\/comments?post=334831"}],"version-history":[{"count":0,"href":"https:\/\/www.purejewels.com\/de\/wp-json\/wp\/v2\/product\/334831\/revisions"}],"wp:featuredmedia":[{"embeddable":true,"href":"https:\/\/www.purejewels.com\/de\/wp-json\/wp\/v2\/media\/335049"}],"wp:attachment":[{"href":"https:\/\/www.purejewels.com\/de\/wp-json\/wp\/v2\/media?parent=334831"}],"wp:term":[{"taxonomy":"product_brand","embeddable":true,"href":"https:\/\/www.purejewels.com\/de\/wp-json\/wp\/v2\/product_brand?post=334831"},{"taxonomy":"product_cat","embeddable":true,"href":"https:\/\/www.purejewels.com\/de\/wp-json\/wp\/v2\/product_cat?post=334831"},{"taxonomy":"product_tag","embeddable":true,"href":"https:\/\/www.purejewels.com\/de\/wp-json\/wp\/v2\/product_tag?post=334831"}],"curies":[{"name":"wp","href":"https:\/\/api.w.org\/{rel}","templated":true}]}}