{"id":334941,"date":"2022-03-01T04:09:25","date_gmt":"2022-03-01T04:09:25","guid":{"rendered":"https:\/\/www.purejewels.com\/?post_type=product&#038;p=334941"},"modified":"2022-09-25T07:28:33","modified_gmt":"2022-09-25T06:28:33","slug":"schmetterlingsohrring-aus-22-karat-gold-41605","status":"publish","type":"product","link":"https:\/\/www.purejewels.com\/de\/product\/22ct-gold-butterfly-earring-41605\/","title":{"rendered":"22ct Gold Schmetterling Ohrring"},"content":{"rendered":"<h3>Inspiration<\/h3>\n<p>Die Natur hat so viel zu bieten, stimmt's? Nicht nur greifbare Dinge, sondern auch wichtige immaterielle Dinge wie Inspiration. Die Natur und das Leben um uns herum in unserer Umgebung sind gro\u00dfartige Inspirationsquellen. Deshalb haben wir uns bei der Gestaltung dieses Ohrschmucks von einem der sch\u00f6nsten Gesch\u00f6pfe inspirieren lassen: dem Schmetterling. Ohr <strong>Stollen<\/strong> sind m\u00fchelos, gewagt und wundersch\u00f6n. Sie sind im Grunde kleinere Versionen von l\u00e4ngeren <a href=\"https:\/\/www.purejewels.com\/de\/product-category\/22ct-gold-jewellery\/gold-earrings\/\">Ohrringe<\/a> die so gestaltet sind, dass sie Ihre Ohrl\u00e4ppchen m\u00fchelos bedecken, ohne zu viel Aufsehen zu erregen.<\/p>\n<h3>Gestaltung<\/h3>\n<p>Diese goldenen Schmetterlingsohrringe sind elegant und doch gewagt. Das Design unserer 22k Gelbgold Schmetterlingsohrringe ist direkt von der Form eines farbenfrohen und sch\u00f6nen Schmetterlings \u00fcbernommen. Die Silhouette des Ohrsteckers sieht aus wie die eines Schmetterlings, aber in einer modernen und minimalen Form. Das Paar ist aus luxuri\u00f6sem 22-kar\u00e4tigem Gold geschnitzt und wirkt wie ein eleganter High-End-Drahtrahmen.<\/p>\n<h3>Stil<\/h3>\n<p>Stylen Sie diesen goldenen Schmetterling <a href=\"https:\/\/www.purejewels.com\/de\/product\/22ct-gold-ladies-stud-earring-with-rhodium-finish-46497\/\">Ohrring<\/a> R\u00fcckseiten mit Ihrem formals oder sogar mit Ihrem Reise-Ensembles zu schaffen m\u00fchelos und doch stilvoll aussieht elegant. Sie k\u00f6nnten es auch mit Ihrer Seide Sarees und andere festliche Kleidung tragen, w\u00e4hrend Ihr Haar f\u00fcr diese wundersch\u00f6ne Ohrstecker gebunden ist, um seine wahre bewundernswerten Eindruck zu verlassen, lassen Sie alle K\u00f6pfe drehen.<\/p>","protected":false},"excerpt":{"rendered":"<ul>\n<li>22ct Gelbgold Schmetterling Ohrringe<\/li>\n<li>Wt. 1,6 g<\/li>\n<li>SKU. 41605<\/li>\n<li>Alle Preise inklusive Mehrwertsteuer<\/li>\n<li>Alle unsere Produkte sind vom London Assay Office gestempelt.<\/li>\n<li>Mit Pr\u00e4sentationsbox<\/li>\n<li>Lieferung inbegriffen<\/li>\n<li>Kontaktieren Sie uns \/ chatten Sie mit uns f\u00fcr ein Live-Video des Produkts<\/li>\n<\/ul>","protected":false},"featured_media":334943,"comment_status":"closed","ping_status":"closed","template":"","meta":{"_eb_attr":"","_crsspst_to_jayantr4sg-hostcom":false},"product_brand":[],"product_cat":[1559,1576,1254,5343,5338,1577,1575,1574,5349],"product_tag":[],"class_list":{"0":"post-334941","1":"product","2":"type-product","3":"status-publish","4":"has-post-thumbnail","6":"product_cat-birthday-gifts","7":"product_cat-childrens-jewellery","8":"product_cat-gold-earrings","9":"product_cat-jewellery-under-550","10":"product_cat-shop-by-price","11":"product_cat-stud-earrings","12":"product_cat-teenage-jewellery","13":"product_cat-womens-jewellery","14":"product_cat-yellow-gold-jewellery","16":"first","17":"outofstock","18":"taxable","19":"shipping-taxable","20":"product-type-simple","21":"add-to-wishlist-before_image"},"yoast_head":"<!-- This site is optimized with the Yoast SEO plugin v27.6 - https:\/\/yoast.com\/product\/yoast-seo-wordpress\/ -->\n<title>22ct Gold Butterfly Earring | Daily wear Earrings UK<\/title>\n<meta name=\"description\" content=\"Explore Latest collection of Stud Earrings. Shop Diamond and Gold Stud Earrings from PureJewels UK. Free delivery across UK.\" \/>\n<meta name=\"robots\" content=\"index, follow, max-snippet:-1, max-image-preview:large, max-video-preview:-1\" \/>\n<link rel=\"canonical\" href=\"https:\/\/www.purejewels.com\/de\/produkt-2\/schmetterlingsohrring-aus-22-karat-gold-41605\/\" \/>\n<meta property=\"og:locale\" content=\"de_DE\" \/>\n<meta property=\"og:type\" content=\"article\" \/>\n<meta property=\"og:title\" content=\"22ct Gold Butterfly Earring | Daily wear Earrings UK\" \/>\n<meta property=\"og:description\" content=\"Explore Latest collection of Stud Earrings. Shop Diamond and Gold Stud Earrings from PureJewels UK. Free delivery across UK.\" \/>\n<meta property=\"og:url\" content=\"https:\/\/www.purejewels.com\/de\/produkt-2\/schmetterlingsohrring-aus-22-karat-gold-41605\/\" \/>\n<meta property=\"og:site_name\" content=\"PureJewels UK\" \/>\n<meta property=\"article:modified_time\" content=\"2022-09-25T06:28:33+00:00\" \/>\n<meta property=\"og:image\" content=\"https:\/\/www.purejewels.com\/wp-content\/uploads\/2022\/03\/40605-1.jpg\" \/>\n\t<meta property=\"og:image:width\" content=\"1000\" \/>\n\t<meta property=\"og:image:height\" content=\"1000\" \/>\n\t<meta property=\"og:image:type\" content=\"image\/jpeg\" \/>\n<meta name=\"twitter:card\" content=\"summary_large_image\" \/>\n<meta name=\"twitter:label1\" content=\"Gesch\u00e4tzte Lesezeit\" \/>\n\t<meta name=\"twitter:data1\" content=\"1\u00a0Minute\" \/>\n<script type=\"application\/ld+json\" class=\"yoast-schema-graph\">{\"@context\":\"https:\\\/\\\/schema.org\",\"@graph\":[{\"@type\":[\"WebPage\",\"ItemPage\"],\"@id\":\"https:\\\/\\\/www.purejewels.com\\\/product\\\/22ct-gold-butterfly-earring-41605\\\/\",\"url\":\"https:\\\/\\\/www.purejewels.com\\\/product\\\/22ct-gold-butterfly-earring-41605\\\/\",\"name\":\"22ct Gold Butterfly Earring | Daily wear Earrings UK\",\"isPartOf\":{\"@id\":\"https:\\\/\\\/www.purejewels.com\\\/#website\"},\"primaryImageOfPage\":{\"@id\":\"https:\\\/\\\/www.purejewels.com\\\/product\\\/22ct-gold-butterfly-earring-41605\\\/#primaryimage\"},\"image\":{\"@id\":\"https:\\\/\\\/www.purejewels.com\\\/product\\\/22ct-gold-butterfly-earring-41605\\\/#primaryimage\"},\"thumbnailUrl\":\"https:\\\/\\\/static.purejewels.com\\\/wp-content\\\/uploads\\\/2022\\\/03\\\/40605-1.jpg\",\"datePublished\":\"2022-03-01T04:09:25+00:00\",\"dateModified\":\"2022-09-25T06:28:33+00:00\",\"description\":\"Explore Latest collection of Stud Earrings. Shop Diamond and Gold Stud Earrings from PureJewels UK. Free delivery across UK.\",\"breadcrumb\":{\"@id\":\"https:\\\/\\\/www.purejewels.com\\\/product\\\/22ct-gold-butterfly-earring-41605\\\/#breadcrumb\"},\"inLanguage\":\"de\",\"potentialAction\":[{\"@type\":\"ReadAction\",\"target\":[\"https:\\\/\\\/www.purejewels.com\\\/product\\\/22ct-gold-butterfly-earring-41605\\\/\"]}]},{\"@type\":\"ImageObject\",\"inLanguage\":\"de\",\"@id\":\"https:\\\/\\\/www.purejewels.com\\\/product\\\/22ct-gold-butterfly-earring-41605\\\/#primaryimage\",\"url\":\"https:\\\/\\\/static.purejewels.com\\\/wp-content\\\/uploads\\\/2022\\\/03\\\/40605-1.jpg\",\"contentUrl\":\"https:\\\/\\\/static.purejewels.com\\\/wp-content\\\/uploads\\\/2022\\\/03\\\/40605-1.jpg\",\"width\":1000,\"height\":1000,\"caption\":\"22ct Gold Butterfly Earring 40605-1\"},{\"@type\":\"BreadcrumbList\",\"@id\":\"https:\\\/\\\/www.purejewels.com\\\/product\\\/22ct-gold-butterfly-earring-41605\\\/#breadcrumb\",\"itemListElement\":[{\"@type\":\"ListItem\",\"position\":1,\"name\":\"Home\",\"item\":\"https:\\\/\\\/www.purejewels.com\\\/\"},{\"@type\":\"ListItem\",\"position\":2,\"name\":\"Shop\",\"item\":\"https:\\\/\\\/www.purejewels.com\\\/shop\\\/\"},{\"@type\":\"ListItem\",\"position\":3,\"name\":\"22ct Gold Butterfly Earring\"}]},{\"@type\":\"WebSite\",\"@id\":\"https:\\\/\\\/www.purejewels.com\\\/#website\",\"url\":\"https:\\\/\\\/www.purejewels.com\\\/\",\"name\":\"PureJewels UK\",\"description\":\"Share the Love\",\"publisher\":{\"@id\":\"https:\\\/\\\/www.purejewels.com\\\/#organization\"},\"potentialAction\":[{\"@type\":\"SearchAction\",\"target\":{\"@type\":\"EntryPoint\",\"urlTemplate\":\"https:\\\/\\\/www.purejewels.com\\\/?s={search_term_string}\"},\"query-input\":{\"@type\":\"PropertyValueSpecification\",\"valueRequired\":true,\"valueName\":\"search_term_string\"}}],\"inLanguage\":\"de\"},{\"@type\":\"Organization\",\"@id\":\"https:\\\/\\\/www.purejewels.com\\\/#organization\",\"name\":\"PureJewels UK\",\"url\":\"https:\\\/\\\/www.purejewels.com\\\/\",\"logo\":{\"@type\":\"ImageObject\",\"inLanguage\":\"de\",\"@id\":\"https:\\\/\\\/www.purejewels.com\\\/#\\\/schema\\\/logo\\\/image\\\/\",\"url\":\"https:\\\/\\\/static.purejewels.com\\\/wp-content\\\/uploads\\\/2020\\\/11\\\/Logo-PJ-New-1.png\",\"contentUrl\":\"https:\\\/\\\/static.purejewels.com\\\/wp-content\\\/uploads\\\/2020\\\/11\\\/Logo-PJ-New-1.png\",\"width\":150,\"height\":80,\"caption\":\"PureJewels UK\"},\"image\":{\"@id\":\"https:\\\/\\\/www.purejewels.com\\\/#\\\/schema\\\/logo\\\/image\\\/\"}}]}<\/script>\n<!-- \/ Yoast SEO plugin. -->","yoast_head_json":{"title":"22ct Gold Schmetterling Ohrring | T\u00e4glich tragen Ohrringe UK","description":"Entdecken Sie die neueste Kollektion von Ohrsteckern. Shop Diamant und Gold Ohrstecker von PureJewels UK. Kostenlose Lieferung in ganz Gro\u00dfbritannien.","robots":{"index":"index","follow":"follow","max-snippet":"max-snippet:-1","max-image-preview":"max-image-preview:large","max-video-preview":"max-video-preview:-1"},"canonical":"https:\/\/www.purejewels.com\/de\/produkt-2\/schmetterlingsohrring-aus-22-karat-gold-41605\/","og_locale":"de_DE","og_type":"article","og_title":"22ct Gold Butterfly Earring | Daily wear Earrings UK","og_description":"Explore Latest collection of Stud Earrings. Shop Diamond and Gold Stud Earrings from PureJewels UK. Free delivery across UK.","og_url":"https:\/\/www.purejewels.com\/de\/produkt-2\/schmetterlingsohrring-aus-22-karat-gold-41605\/","og_site_name":"PureJewels UK","article_modified_time":"2022-09-25T06:28:33+00:00","og_image":[{"width":1000,"height":1000,"url":"https:\/\/www.purejewels.com\/wp-content\/uploads\/2022\/03\/40605-1.jpg","type":"image\/jpeg"}],"twitter_card":"summary_large_image","twitter_misc":{"Gesch\u00e4tzte Lesezeit":"1\u00a0Minute"},"schema":{"@context":"https:\/\/schema.org","@graph":[{"@type":["WebPage","ItemPage"],"@id":"https:\/\/www.purejewels.com\/product\/22ct-gold-butterfly-earring-41605\/","url":"https:\/\/www.purejewels.com\/product\/22ct-gold-butterfly-earring-41605\/","name":"22ct Gold Schmetterling Ohrring | T\u00e4glich tragen Ohrringe UK","isPartOf":{"@id":"https:\/\/www.purejewels.com\/#website"},"primaryImageOfPage":{"@id":"https:\/\/www.purejewels.com\/product\/22ct-gold-butterfly-earring-41605\/#primaryimage"},"image":{"@id":"https:\/\/www.purejewels.com\/product\/22ct-gold-butterfly-earring-41605\/#primaryimage"},"thumbnailUrl":"https:\/\/static.purejewels.com\/wp-content\/uploads\/2022\/03\/40605-1.jpg","datePublished":"2022-03-01T04:09:25+00:00","dateModified":"2022-09-25T06:28:33+00:00","description":"Entdecken Sie die neueste Kollektion von Ohrsteckern. Shop Diamant und Gold Ohrstecker von PureJewels UK. Kostenlose Lieferung in ganz Gro\u00dfbritannien.","breadcrumb":{"@id":"https:\/\/www.purejewels.com\/product\/22ct-gold-butterfly-earring-41605\/#breadcrumb"},"inLanguage":"de","potentialAction":[{"@type":"ReadAction","target":["https:\/\/www.purejewels.com\/product\/22ct-gold-butterfly-earring-41605\/"]}]},{"@type":"ImageObject","inLanguage":"de","@id":"https:\/\/www.purejewels.com\/product\/22ct-gold-butterfly-earring-41605\/#primaryimage","url":"https:\/\/static.purejewels.com\/wp-content\/uploads\/2022\/03\/40605-1.jpg","contentUrl":"https:\/\/static.purejewels.com\/wp-content\/uploads\/2022\/03\/40605-1.jpg","width":1000,"height":1000,"caption":"22ct Gold Butterfly Earring 40605-1"},{"@type":"BreadcrumbList","@id":"https:\/\/www.purejewels.com\/product\/22ct-gold-butterfly-earring-41605\/#breadcrumb","itemListElement":[{"@type":"ListItem","position":1,"name":"Home","item":"https:\/\/www.purejewels.com\/"},{"@type":"ListItem","position":2,"name":"Shop","item":"https:\/\/www.purejewels.com\/shop\/"},{"@type":"ListItem","position":3,"name":"22ct Gold Butterfly Earring"}]},{"@type":"WebSite","@id":"https:\/\/www.purejewels.com\/#website","url":"https:\/\/www.purejewels.com\/","name":"PureJewels UK","description":"Teile die Liebe","publisher":{"@id":"https:\/\/www.purejewels.com\/#organization"},"potentialAction":[{"@type":"SearchAction","target":{"@type":"EntryPoint","urlTemplate":"https:\/\/www.purejewels.com\/?s={search_term_string}"},"query-input":{"@type":"PropertyValueSpecification","valueRequired":true,"valueName":"search_term_string"}}],"inLanguage":"de"},{"@type":"Organization","@id":"https:\/\/www.purejewels.com\/#organization","name":"PureJewels UK","url":"https:\/\/www.purejewels.com\/","logo":{"@type":"ImageObject","inLanguage":"de","@id":"https:\/\/www.purejewels.com\/#\/schema\/logo\/image\/","url":"https:\/\/static.purejewels.com\/wp-content\/uploads\/2020\/11\/Logo-PJ-New-1.png","contentUrl":"https:\/\/static.purejewels.com\/wp-content\/uploads\/2020\/11\/Logo-PJ-New-1.png","width":150,"height":80,"caption":"PureJewels UK"},"image":{"@id":"https:\/\/www.purejewels.com\/#\/schema\/logo\/image\/"}}]}},"_links":{"self":[{"href":"https:\/\/www.purejewels.com\/de\/wp-json\/wp\/v2\/product\/334941","targetHints":{"allow":["GET"]}}],"collection":[{"href":"https:\/\/www.purejewels.com\/de\/wp-json\/wp\/v2\/product"}],"about":[{"href":"https:\/\/www.purejewels.com\/de\/wp-json\/wp\/v2\/types\/product"}],"replies":[{"embeddable":true,"href":"https:\/\/www.purejewels.com\/de\/wp-json\/wp\/v2\/comments?post=334941"}],"version-history":[{"count":0,"href":"https:\/\/www.purejewels.com\/de\/wp-json\/wp\/v2\/product\/334941\/revisions"}],"wp:featuredmedia":[{"embeddable":true,"href":"https:\/\/www.purejewels.com\/de\/wp-json\/wp\/v2\/media\/334943"}],"wp:attachment":[{"href":"https:\/\/www.purejewels.com\/de\/wp-json\/wp\/v2\/media?parent=334941"}],"wp:term":[{"taxonomy":"product_brand","embeddable":true,"href":"https:\/\/www.purejewels.com\/de\/wp-json\/wp\/v2\/product_brand?post=334941"},{"taxonomy":"product_cat","embeddable":true,"href":"https:\/\/www.purejewels.com\/de\/wp-json\/wp\/v2\/product_cat?post=334941"},{"taxonomy":"product_tag","embeddable":true,"href":"https:\/\/www.purejewels.com\/de\/wp-json\/wp\/v2\/product_tag?post=334941"}],"curies":[{"name":"wp","href":"https:\/\/api.w.org\/{rel}","templated":true}]}}