{"id":334947,"date":"2022-03-01T06:54:05","date_gmt":"2022-03-01T06:54:05","guid":{"rendered":"https:\/\/www.purejewels.com\/?post_type=product&#038;p=334947"},"modified":"2022-10-11T05:26:44","modified_gmt":"2022-10-11T04:26:44","slug":"unendliche-ohrstecker-aus-22-karat-gold-41606","status":"publish","type":"product","link":"https:\/\/www.purejewels.com\/de\/product\/22ct-gold-plain-infinity-stud-earring-41606\/","title":{"rendered":"22ct Gold Einfacher Unendlichkeits-Ohrring"},"content":{"rendered":"<h3>Inspiration<\/h3>\n<p>Ohrstecker sind m\u00fchelos, frech und wundersch\u00f6n. Diese reinen <strong><a href=\"https:\/\/www.purejewels.com\/de\/armari-collection\/\">goldene Ohrringe<\/a><\/strong> f\u00fcr Frauen sind im Grunde kleinere Versionen von l\u00e4ngeren <a href=\"https:\/\/www.purejewels.com\/de\/product-category\/22ct-gold-jewellery\/gold-earrings\/\">Ohrringe<\/a> die so gestaltet sind, dass sie Ihre Ohrl\u00e4ppchen m\u00fchelos betonen und gleichzeitig schlicht und dezent sind.<\/p>\n<h3>Gestaltung<\/h3>\n<p>Diese Ohrringe aus reinem Gold sind f\u00fcr die moderne Frau gemacht. Das Design wurde aus reinem Gold geschnitzt. <a href=\"https:\/\/www.purejewels.com\/de\/product-category\/22ct-gold-jewellery\/\">22 Karat<\/a> Gold von Hand. Die Struktur wurde pr\u00e4zise herausgearbeitet und anschlie\u00dfend wundersch\u00f6n poliert und geschliffen, um ein luxuri\u00f6ses, hochgl\u00e4nzendes Finish zu erzielen, das schon von weitem sichtbar ist. Unendlichkeit war traditionell nur ein rein mathematisches Symbol, aber in der Neuzeit ist es popul\u00e4r geworden und wird von den Menschen verwendet, um unendliches Gl\u00fcck und Schutz zu bedeuten.<\/p>\n<h3>Stil<\/h3>\n<p>Auf dem Weg zur Arbeit oder zu einem formellen Treffen diese unendlichen <a href=\"https:\/\/www.purejewels.com\/de\/product-category\/22ct-gold-jewellery\/gold-earrings\/stud-earrings\/\">Ohrstecker<\/a> k\u00f6nnte genau das richtige Accessoire f\u00fcr Sie sein. Nicht nur, dass es perfekt ist, wenn Sie auf Reisen sind, da es leicht und minimalistisch ist, aber dennoch eine Aussage macht. St\u00f6bern Sie auf unserer Website nach weiteren Optionen f\u00fcr Unendlichkeits-Diamant-Ohrstecker oder Silber-Unendlichkeits-Ohrstecker.<\/p>","protected":false},"excerpt":{"rendered":"<ul>\n<li>22ct Gold Ohrstecker<\/li>\n<li>Wt. 1.4 gms<\/li>\n<li>SKU. 41606<\/li>\n<li>Alle Preise inklusive Mehrwertsteuer<\/li>\n<li>22ct Gold gestempelt von London Assay Office<\/li>\n<li>Mit Pr\u00e4sentationsbox<\/li>\n<li>Lieferung inbegriffen<\/li>\n<li>Live-Chat mit uns f\u00fcr die Verf\u00fcgbarkeit und mehr Bilder von \u00e4hnlichen Designs derzeit auf Lager<\/li>\n<\/ul>","protected":false},"featured_media":334952,"comment_status":"closed","ping_status":"closed","template":"","meta":{"_eb_attr":"","_crsspst_to_jayantr4sg-hostcom":false},"product_brand":[],"product_cat":[1791,1559,1576,1794,1793,1792,1790,1254,5343,5338,1577,1575,1569,1573,1574],"product_tag":[],"class_list":{"0":"post-334947","1":"product","2":"type-product","3":"status-publish","4":"has-post-thumbnail","6":"product_cat-anniversary-gifts","7":"product_cat-birthday-gifts","8":"product_cat-childrens-jewellery","9":"product_cat-christmas-gifts","10":"product_cat-diwali-gifts","11":"product_cat-festival-gifts","12":"product_cat-for-whom-when","13":"product_cat-gold-earrings","14":"product_cat-jewellery-under-550","15":"product_cat-shop-by-price","16":"product_cat-stud-earrings","17":"product_cat-teenage-jewellery","18":"product_cat-valentine-day-gifts","19":"product_cat-wedding-gifts","20":"product_cat-womens-jewellery","22":"first","23":"outofstock","24":"taxable","25":"shipping-taxable","26":"product-type-simple","27":"add-to-wishlist-before_image"},"yoast_head":"<!-- This site is optimized with the Yoast SEO plugin v27.6 - https:\/\/yoast.com\/product\/yoast-seo-wordpress\/ -->\n<title>Infinity Studs Online | 22ct Gold Studs | PureJewels.com<\/title>\n<meta name=\"description\" content=\"22ct Gold Earrings For Women Online in UK | Free Delivery Over \u00a3100 | Fast Delivery\" \/>\n<meta name=\"robots\" content=\"index, follow, max-snippet:-1, max-image-preview:large, max-video-preview:-1\" \/>\n<link rel=\"canonical\" href=\"https:\/\/www.purejewels.com\/de\/produkt-2\/unendliche-ohrstecker-aus-22-karat-gold-41606\/\" \/>\n<meta property=\"og:locale\" content=\"de_DE\" \/>\n<meta property=\"og:type\" content=\"article\" \/>\n<meta property=\"og:title\" content=\"Infinity Studs Online | 22ct Gold Studs | PureJewels.com\" \/>\n<meta property=\"og:description\" content=\"22ct Gold Earrings For Women Online in UK | Free Delivery Over \u00a3100 | Fast Delivery\" \/>\n<meta property=\"og:url\" content=\"https:\/\/www.purejewels.com\/de\/produkt-2\/unendliche-ohrstecker-aus-22-karat-gold-41606\/\" \/>\n<meta property=\"og:site_name\" content=\"PureJewels UK\" \/>\n<meta property=\"article:modified_time\" content=\"2022-10-11T04:26:44+00:00\" \/>\n<meta property=\"og:image\" content=\"https:\/\/www.purejewels.com\/wp-content\/uploads\/2022\/03\/41606-1.jpg\" \/>\n\t<meta property=\"og:image:width\" content=\"1000\" \/>\n\t<meta property=\"og:image:height\" content=\"1000\" \/>\n\t<meta property=\"og:image:type\" content=\"image\/jpeg\" \/>\n<meta name=\"twitter:card\" content=\"summary_large_image\" \/>\n<meta name=\"twitter:label1\" content=\"Gesch\u00e4tzte Lesezeit\" \/>\n\t<meta name=\"twitter:data1\" content=\"1\u00a0Minute\" \/>\n<script type=\"application\/ld+json\" class=\"yoast-schema-graph\">{\"@context\":\"https:\\\/\\\/schema.org\",\"@graph\":[{\"@type\":[\"WebPage\",\"ItemPage\"],\"@id\":\"https:\\\/\\\/www.purejewels.com\\\/product\\\/22ct-gold-plain-infinity-stud-earring-41606\\\/\",\"url\":\"https:\\\/\\\/www.purejewels.com\\\/product\\\/22ct-gold-plain-infinity-stud-earring-41606\\\/\",\"name\":\"Infinity Studs Online | 22ct Gold Studs | PureJewels.com\",\"isPartOf\":{\"@id\":\"https:\\\/\\\/www.purejewels.com\\\/#website\"},\"primaryImageOfPage\":{\"@id\":\"https:\\\/\\\/www.purejewels.com\\\/product\\\/22ct-gold-plain-infinity-stud-earring-41606\\\/#primaryimage\"},\"image\":{\"@id\":\"https:\\\/\\\/www.purejewels.com\\\/product\\\/22ct-gold-plain-infinity-stud-earring-41606\\\/#primaryimage\"},\"thumbnailUrl\":\"https:\\\/\\\/static.purejewels.com\\\/wp-content\\\/uploads\\\/2022\\\/03\\\/41606-1.jpg\",\"datePublished\":\"2022-03-01T06:54:05+00:00\",\"dateModified\":\"2022-10-11T04:26:44+00:00\",\"description\":\"22ct Gold Earrings For Women Online in UK | Free Delivery Over \u00a3100 | Fast Delivery\",\"breadcrumb\":{\"@id\":\"https:\\\/\\\/www.purejewels.com\\\/product\\\/22ct-gold-plain-infinity-stud-earring-41606\\\/#breadcrumb\"},\"inLanguage\":\"de\",\"potentialAction\":[{\"@type\":\"ReadAction\",\"target\":[\"https:\\\/\\\/www.purejewels.com\\\/product\\\/22ct-gold-plain-infinity-stud-earring-41606\\\/\"]}]},{\"@type\":\"ImageObject\",\"inLanguage\":\"de\",\"@id\":\"https:\\\/\\\/www.purejewels.com\\\/product\\\/22ct-gold-plain-infinity-stud-earring-41606\\\/#primaryimage\",\"url\":\"https:\\\/\\\/static.purejewels.com\\\/wp-content\\\/uploads\\\/2022\\\/03\\\/41606-1.jpg\",\"contentUrl\":\"https:\\\/\\\/static.purejewels.com\\\/wp-content\\\/uploads\\\/2022\\\/03\\\/41606-1.jpg\",\"width\":1000,\"height\":1000,\"caption\":\"22ct Gold Plain Infinity Stud Earring\"},{\"@type\":\"BreadcrumbList\",\"@id\":\"https:\\\/\\\/www.purejewels.com\\\/product\\\/22ct-gold-plain-infinity-stud-earring-41606\\\/#breadcrumb\",\"itemListElement\":[{\"@type\":\"ListItem\",\"position\":1,\"name\":\"Home\",\"item\":\"https:\\\/\\\/www.purejewels.com\\\/\"},{\"@type\":\"ListItem\",\"position\":2,\"name\":\"Shop\",\"item\":\"https:\\\/\\\/www.purejewels.com\\\/shop\\\/\"},{\"@type\":\"ListItem\",\"position\":3,\"name\":\"22ct Gold Plain Infinity Stud Earring\"}]},{\"@type\":\"WebSite\",\"@id\":\"https:\\\/\\\/www.purejewels.com\\\/#website\",\"url\":\"https:\\\/\\\/www.purejewels.com\\\/\",\"name\":\"PureJewels UK\",\"description\":\"Share the Love\",\"publisher\":{\"@id\":\"https:\\\/\\\/www.purejewels.com\\\/#organization\"},\"potentialAction\":[{\"@type\":\"SearchAction\",\"target\":{\"@type\":\"EntryPoint\",\"urlTemplate\":\"https:\\\/\\\/www.purejewels.com\\\/?s={search_term_string}\"},\"query-input\":{\"@type\":\"PropertyValueSpecification\",\"valueRequired\":true,\"valueName\":\"search_term_string\"}}],\"inLanguage\":\"de\"},{\"@type\":\"Organization\",\"@id\":\"https:\\\/\\\/www.purejewels.com\\\/#organization\",\"name\":\"PureJewels UK\",\"url\":\"https:\\\/\\\/www.purejewels.com\\\/\",\"logo\":{\"@type\":\"ImageObject\",\"inLanguage\":\"de\",\"@id\":\"https:\\\/\\\/www.purejewels.com\\\/#\\\/schema\\\/logo\\\/image\\\/\",\"url\":\"https:\\\/\\\/static.purejewels.com\\\/wp-content\\\/uploads\\\/2020\\\/11\\\/Logo-PJ-New-1.png\",\"contentUrl\":\"https:\\\/\\\/static.purejewels.com\\\/wp-content\\\/uploads\\\/2020\\\/11\\\/Logo-PJ-New-1.png\",\"width\":150,\"height\":80,\"caption\":\"PureJewels UK\"},\"image\":{\"@id\":\"https:\\\/\\\/www.purejewels.com\\\/#\\\/schema\\\/logo\\\/image\\\/\"}}]}<\/script>\n<!-- \/ Yoast SEO plugin. -->","yoast_head_json":{"title":"Unendliche Ohrstecker Online | 22ct Gold Ohrstecker | PureJewels.com","description":"22ct Gold Ohrringe f\u00fcr Frauen Online in UK | Kostenlose Lieferung \u00fcber \u00a3100 | Schnelle Lieferung","robots":{"index":"index","follow":"follow","max-snippet":"max-snippet:-1","max-image-preview":"max-image-preview:large","max-video-preview":"max-video-preview:-1"},"canonical":"https:\/\/www.purejewels.com\/de\/produkt-2\/unendliche-ohrstecker-aus-22-karat-gold-41606\/","og_locale":"de_DE","og_type":"article","og_title":"Infinity Studs Online | 22ct Gold Studs | PureJewels.com","og_description":"22ct Gold Earrings For Women Online in UK | Free Delivery Over \u00a3100 | Fast Delivery","og_url":"https:\/\/www.purejewels.com\/de\/produkt-2\/unendliche-ohrstecker-aus-22-karat-gold-41606\/","og_site_name":"PureJewels UK","article_modified_time":"2022-10-11T04:26:44+00:00","og_image":[{"width":1000,"height":1000,"url":"https:\/\/www.purejewels.com\/wp-content\/uploads\/2022\/03\/41606-1.jpg","type":"image\/jpeg"}],"twitter_card":"summary_large_image","twitter_misc":{"Gesch\u00e4tzte Lesezeit":"1\u00a0Minute"},"schema":{"@context":"https:\/\/schema.org","@graph":[{"@type":["WebPage","ItemPage"],"@id":"https:\/\/www.purejewels.com\/product\/22ct-gold-plain-infinity-stud-earring-41606\/","url":"https:\/\/www.purejewels.com\/product\/22ct-gold-plain-infinity-stud-earring-41606\/","name":"Unendliche Ohrstecker Online | 22ct Gold Ohrstecker | PureJewels.com","isPartOf":{"@id":"https:\/\/www.purejewels.com\/#website"},"primaryImageOfPage":{"@id":"https:\/\/www.purejewels.com\/product\/22ct-gold-plain-infinity-stud-earring-41606\/#primaryimage"},"image":{"@id":"https:\/\/www.purejewels.com\/product\/22ct-gold-plain-infinity-stud-earring-41606\/#primaryimage"},"thumbnailUrl":"https:\/\/static.purejewels.com\/wp-content\/uploads\/2022\/03\/41606-1.jpg","datePublished":"2022-03-01T06:54:05+00:00","dateModified":"2022-10-11T04:26:44+00:00","description":"22ct Gold Ohrringe f\u00fcr Frauen Online in UK | Kostenlose Lieferung \u00fcber \u00a3100 | Schnelle Lieferung","breadcrumb":{"@id":"https:\/\/www.purejewels.com\/product\/22ct-gold-plain-infinity-stud-earring-41606\/#breadcrumb"},"inLanguage":"de","potentialAction":[{"@type":"ReadAction","target":["https:\/\/www.purejewels.com\/product\/22ct-gold-plain-infinity-stud-earring-41606\/"]}]},{"@type":"ImageObject","inLanguage":"de","@id":"https:\/\/www.purejewels.com\/product\/22ct-gold-plain-infinity-stud-earring-41606\/#primaryimage","url":"https:\/\/static.purejewels.com\/wp-content\/uploads\/2022\/03\/41606-1.jpg","contentUrl":"https:\/\/static.purejewels.com\/wp-content\/uploads\/2022\/03\/41606-1.jpg","width":1000,"height":1000,"caption":"22ct Gold Plain Infinity Stud Earring"},{"@type":"BreadcrumbList","@id":"https:\/\/www.purejewels.com\/product\/22ct-gold-plain-infinity-stud-earring-41606\/#breadcrumb","itemListElement":[{"@type":"ListItem","position":1,"name":"Home","item":"https:\/\/www.purejewels.com\/"},{"@type":"ListItem","position":2,"name":"Shop","item":"https:\/\/www.purejewels.com\/shop\/"},{"@type":"ListItem","position":3,"name":"22ct Gold Plain Infinity Stud Earring"}]},{"@type":"WebSite","@id":"https:\/\/www.purejewels.com\/#website","url":"https:\/\/www.purejewels.com\/","name":"PureJewels UK","description":"Teile die Liebe","publisher":{"@id":"https:\/\/www.purejewels.com\/#organization"},"potentialAction":[{"@type":"SearchAction","target":{"@type":"EntryPoint","urlTemplate":"https:\/\/www.purejewels.com\/?s={search_term_string}"},"query-input":{"@type":"PropertyValueSpecification","valueRequired":true,"valueName":"search_term_string"}}],"inLanguage":"de"},{"@type":"Organization","@id":"https:\/\/www.purejewels.com\/#organization","name":"PureJewels UK","url":"https:\/\/www.purejewels.com\/","logo":{"@type":"ImageObject","inLanguage":"de","@id":"https:\/\/www.purejewels.com\/#\/schema\/logo\/image\/","url":"https:\/\/static.purejewels.com\/wp-content\/uploads\/2020\/11\/Logo-PJ-New-1.png","contentUrl":"https:\/\/static.purejewels.com\/wp-content\/uploads\/2020\/11\/Logo-PJ-New-1.png","width":150,"height":80,"caption":"PureJewels UK"},"image":{"@id":"https:\/\/www.purejewels.com\/#\/schema\/logo\/image\/"}}]}},"_links":{"self":[{"href":"https:\/\/www.purejewels.com\/de\/wp-json\/wp\/v2\/product\/334947","targetHints":{"allow":["GET"]}}],"collection":[{"href":"https:\/\/www.purejewels.com\/de\/wp-json\/wp\/v2\/product"}],"about":[{"href":"https:\/\/www.purejewels.com\/de\/wp-json\/wp\/v2\/types\/product"}],"replies":[{"embeddable":true,"href":"https:\/\/www.purejewels.com\/de\/wp-json\/wp\/v2\/comments?post=334947"}],"version-history":[{"count":0,"href":"https:\/\/www.purejewels.com\/de\/wp-json\/wp\/v2\/product\/334947\/revisions"}],"wp:featuredmedia":[{"embeddable":true,"href":"https:\/\/www.purejewels.com\/de\/wp-json\/wp\/v2\/media\/334952"}],"wp:attachment":[{"href":"https:\/\/www.purejewels.com\/de\/wp-json\/wp\/v2\/media?parent=334947"}],"wp:term":[{"taxonomy":"product_brand","embeddable":true,"href":"https:\/\/www.purejewels.com\/de\/wp-json\/wp\/v2\/product_brand?post=334947"},{"taxonomy":"product_cat","embeddable":true,"href":"https:\/\/www.purejewels.com\/de\/wp-json\/wp\/v2\/product_cat?post=334947"},{"taxonomy":"product_tag","embeddable":true,"href":"https:\/\/www.purejewels.com\/de\/wp-json\/wp\/v2\/product_tag?post=334947"}],"curies":[{"name":"wp","href":"https:\/\/api.w.org\/{rel}","templated":true}]}}