{"id":334949,"date":"2022-03-01T07:08:00","date_gmt":"2022-03-01T07:08:00","guid":{"rendered":"https:\/\/www.purejewels.com\/?post_type=product&#038;p=334949"},"modified":"2024-05-11T12:30:35","modified_gmt":"2024-05-11T11:30:35","slug":"22ct-gold-cz-stein-schmetterling-desgin-ohrstecker-41608","status":"publish","type":"product","link":"https:\/\/www.purejewels.com\/de\/product\/22ct-gold-cz-stone-butterfly-desgin-studs-41608\/","title":{"rendered":"22ct Gold CZ Stein Schmetterling Desgin Ohrstecker"},"content":{"rendered":"<h3>\u00a0Inspiration<\/h3>\n<p>Ist es nicht so, dass die Natur eine F\u00fclle von Angeboten bereith\u00e4lt? Es geht nicht nur um materielle Dinge, sondern auch um bedeutungsvolle immaterielle Dinge wie Inspiration. Die nat\u00fcrliche Welt, die uns umgibt, ist eine tiefe Quelle der Kreativit\u00e4t. Diese Ohrstecker sind von einem der sch\u00f6nsten Gesch\u00f6pfe inspiriert: dem Schmetterling. M\u00fchelos, k\u00fchn und atemberaubend, sind diese Ohrstecker wie Miniatur-Gegenst\u00fccke zu l\u00e4ngeren <a href=\"https:\/\/www.purejewels.com\/de\/product-category\/22ct-gold-jewellery\/gold-earrings\/\">Ohrringe<\/a>Sie schm\u00fccken Ihre Ohrl\u00e4ppchen auf elegante Weise, ohne sie zu erdr\u00fccken.<\/p>\n<h3>Gestaltung<\/h3>\n<p>Diese eleganten und doch gewagten Ohrringe bestechen durch ihr Schmetterlingsdesign. Das aus luxuri\u00f6sem 22-kar\u00e4tigem Gold gefertigte Design spiegelt direkt die leuchtenden Farben und die anmutige Form eines wundersch\u00f6nen Schmetterlings wider. Die Silhouette jedes Ohrsteckers verk\u00f6rpert die Essenz eines Schmetterlings, jedoch mit einem modernen, minimalistischen Twist. Jedes St\u00fcck \u00e4hnelt einem raffinierten Drahtrahmen und strahlt hochwertigen Charme aus. W\u00e4hrend eine Seite einen polierten, dezenten Look beibeh\u00e4lt, ist die andere Seite mit schillernden wei\u00dfen Diamanten verziert, die dem Ensemble ihren ganz eigenen Glanz verleihen.<\/p>\n<h3>Stil<\/h3>\n<p>Stylen Sie diesen goldenen Schmetterling <strong>Ohrring<\/strong> R\u00fccken mit Ihrem formals oder sogar mit Ihrem Reise-Ensembles zu schaffen m\u00fchelos und doch stilvoll aussieht elegant. Sie k\u00f6nnten es auch mit Ihrer Seide sarees und andere festliche Kleidung tragen, w\u00e4hrend Ihr Haar ist f\u00fcr diese wundersch\u00f6ne Ohrstecker gebunden, um seine wahre bewundernswerten Eindruck zu hinterlassen. W\u00e4hlen Sie aus unseren anderen Gold Schmetterling Ohrringe Designs, von unserer Website, die alle K\u00f6pfe drehen w\u00fcrde.<\/p>","protected":false},"excerpt":{"rendered":"<ul>\n<li>22ct Gold Schmetterling Ohrstecker<\/li>\n<li>Wt. 1.8 gms<\/li>\n<li>SKU. 41608<\/li>\n<li>Alle Preise inklusive Mehrwertsteuer<\/li>\n<li>22ct Gold gestempelt von London Assay Office<\/li>\n<li>Mit Pr\u00e4sentationsbox<\/li>\n<li>Lieferung inbegriffen<\/li>\n<li>Live-Chat mit uns f\u00fcr die Verf\u00fcgbarkeit und mehr Bilder von \u00e4hnlichen Designs derzeit auf Lager<\/li>\n<\/ul>","protected":false},"featured_media":334961,"comment_status":"closed","ping_status":"closed","template":"","meta":{"_eb_attr":"","_crsspst_to_jayantr4sg-hostcom":false},"product_brand":[],"product_cat":[1559,1576,1794,1793,1792,1790,1254,5343,1570,1577,1569,1574],"product_tag":[66],"class_list":{"0":"post-334949","1":"product","2":"type-product","3":"status-publish","4":"has-post-thumbnail","6":"product_cat-birthday-gifts","7":"product_cat-childrens-jewellery","8":"product_cat-christmas-gifts","9":"product_cat-diwali-gifts","10":"product_cat-festival-gifts","11":"product_cat-for-whom-when","12":"product_cat-gold-earrings","13":"product_cat-jewellery-under-550","14":"product_cat-mothers-day-gifts","15":"product_cat-stud-earrings","16":"product_cat-valentine-day-gifts","17":"product_cat-womens-jewellery","18":"product_tag-earrings","20":"first","21":"outofstock","22":"taxable","23":"shipping-taxable","24":"product-type-simple","25":"add-to-wishlist-before_image"},"yoast_head":"<!-- This site is optimized with the Yoast SEO plugin v27.6 - https:\/\/yoast.com\/product\/yoast-seo-wordpress\/ -->\n<title>Butterfly Studs With Stones in 22ct Real gold<\/title>\n<meta name=\"description\" content=\"Order Butterfly Design Studs Online | 22ct Butterfly Studs For Women &amp; Girsl | Order Pure Gold Pretty Earrings in UK | Free Delivery\" \/>\n<meta name=\"robots\" content=\"index, follow, max-snippet:-1, max-image-preview:large, max-video-preview:-1\" \/>\n<link rel=\"canonical\" href=\"https:\/\/www.purejewels.com\/de\/produkt-2\/22ct-gold-cz-stein-schmetterling-desgin-ohrstecker-41608\/\" \/>\n<meta property=\"og:locale\" content=\"de_DE\" \/>\n<meta property=\"og:type\" content=\"article\" \/>\n<meta property=\"og:title\" content=\"Butterfly Studs With Stones in 22ct Real gold\" \/>\n<meta property=\"og:description\" content=\"Order Butterfly Design Studs Online | 22ct Butterfly Studs For Women &amp; Girsl | Order Pure Gold Pretty Earrings in UK | Free Delivery\" \/>\n<meta property=\"og:url\" content=\"https:\/\/www.purejewels.com\/de\/produkt-2\/22ct-gold-cz-stein-schmetterling-desgin-ohrstecker-41608\/\" \/>\n<meta property=\"og:site_name\" content=\"PureJewels UK\" \/>\n<meta property=\"article:modified_time\" content=\"2024-05-11T11:30:35+00:00\" \/>\n<meta property=\"og:image\" content=\"https:\/\/www.purejewels.com\/wp-content\/uploads\/2022\/03\/41608-1.jpg\" \/>\n\t<meta property=\"og:image:width\" content=\"1000\" \/>\n\t<meta property=\"og:image:height\" content=\"1000\" \/>\n\t<meta property=\"og:image:type\" content=\"image\/jpeg\" \/>\n<meta name=\"twitter:card\" content=\"summary_large_image\" \/>\n<meta name=\"twitter:label1\" content=\"Gesch\u00e4tzte Lesezeit\" \/>\n\t<meta name=\"twitter:data1\" content=\"2\u00a0Minuten\" \/>\n<script type=\"application\/ld+json\" class=\"yoast-schema-graph\">{\"@context\":\"https:\\\/\\\/schema.org\",\"@graph\":[{\"@type\":[\"WebPage\",\"ItemPage\"],\"@id\":\"https:\\\/\\\/www.purejewels.com\\\/product\\\/22ct-gold-cz-stone-butterfly-desgin-studs-41608\\\/\",\"url\":\"https:\\\/\\\/www.purejewels.com\\\/product\\\/22ct-gold-cz-stone-butterfly-desgin-studs-41608\\\/\",\"name\":\"Butterfly Studs With Stones in 22ct Real gold\",\"isPartOf\":{\"@id\":\"https:\\\/\\\/www.purejewels.com\\\/#website\"},\"primaryImageOfPage\":{\"@id\":\"https:\\\/\\\/www.purejewels.com\\\/product\\\/22ct-gold-cz-stone-butterfly-desgin-studs-41608\\\/#primaryimage\"},\"image\":{\"@id\":\"https:\\\/\\\/www.purejewels.com\\\/product\\\/22ct-gold-cz-stone-butterfly-desgin-studs-41608\\\/#primaryimage\"},\"thumbnailUrl\":\"https:\\\/\\\/static.purejewels.com\\\/wp-content\\\/uploads\\\/2022\\\/03\\\/41608-1.jpg\",\"datePublished\":\"2022-03-01T07:08:00+00:00\",\"dateModified\":\"2024-05-11T11:30:35+00:00\",\"description\":\"Order Butterfly Design Studs Online | 22ct Butterfly Studs For Women & Girsl | Order Pure Gold Pretty Earrings in UK | Free Delivery\",\"breadcrumb\":{\"@id\":\"https:\\\/\\\/www.purejewels.com\\\/product\\\/22ct-gold-cz-stone-butterfly-desgin-studs-41608\\\/#breadcrumb\"},\"inLanguage\":\"de\",\"potentialAction\":[{\"@type\":\"ReadAction\",\"target\":[\"https:\\\/\\\/www.purejewels.com\\\/product\\\/22ct-gold-cz-stone-butterfly-desgin-studs-41608\\\/\"]}]},{\"@type\":\"ImageObject\",\"inLanguage\":\"de\",\"@id\":\"https:\\\/\\\/www.purejewels.com\\\/product\\\/22ct-gold-cz-stone-butterfly-desgin-studs-41608\\\/#primaryimage\",\"url\":\"https:\\\/\\\/static.purejewels.com\\\/wp-content\\\/uploads\\\/2022\\\/03\\\/41608-1.jpg\",\"contentUrl\":\"https:\\\/\\\/static.purejewels.com\\\/wp-content\\\/uploads\\\/2022\\\/03\\\/41608-1.jpg\",\"width\":1000,\"height\":1000,\"caption\":\"22ct Gold CZ Stone Butterfly Desgin Studs\"},{\"@type\":\"BreadcrumbList\",\"@id\":\"https:\\\/\\\/www.purejewels.com\\\/product\\\/22ct-gold-cz-stone-butterfly-desgin-studs-41608\\\/#breadcrumb\",\"itemListElement\":[{\"@type\":\"ListItem\",\"position\":1,\"name\":\"Home\",\"item\":\"https:\\\/\\\/www.purejewels.com\\\/\"},{\"@type\":\"ListItem\",\"position\":2,\"name\":\"Shop\",\"item\":\"https:\\\/\\\/www.purejewels.com\\\/shop\\\/\"},{\"@type\":\"ListItem\",\"position\":3,\"name\":\"22ct Gold CZ Stone Butterfly Desgin Studs\"}]},{\"@type\":\"WebSite\",\"@id\":\"https:\\\/\\\/www.purejewels.com\\\/#website\",\"url\":\"https:\\\/\\\/www.purejewels.com\\\/\",\"name\":\"PureJewels UK\",\"description\":\"Share the Love\",\"publisher\":{\"@id\":\"https:\\\/\\\/www.purejewels.com\\\/#organization\"},\"potentialAction\":[{\"@type\":\"SearchAction\",\"target\":{\"@type\":\"EntryPoint\",\"urlTemplate\":\"https:\\\/\\\/www.purejewels.com\\\/?s={search_term_string}\"},\"query-input\":{\"@type\":\"PropertyValueSpecification\",\"valueRequired\":true,\"valueName\":\"search_term_string\"}}],\"inLanguage\":\"de\"},{\"@type\":\"Organization\",\"@id\":\"https:\\\/\\\/www.purejewels.com\\\/#organization\",\"name\":\"PureJewels UK\",\"url\":\"https:\\\/\\\/www.purejewels.com\\\/\",\"logo\":{\"@type\":\"ImageObject\",\"inLanguage\":\"de\",\"@id\":\"https:\\\/\\\/www.purejewels.com\\\/#\\\/schema\\\/logo\\\/image\\\/\",\"url\":\"https:\\\/\\\/static.purejewels.com\\\/wp-content\\\/uploads\\\/2020\\\/11\\\/Logo-PJ-New-1.png\",\"contentUrl\":\"https:\\\/\\\/static.purejewels.com\\\/wp-content\\\/uploads\\\/2020\\\/11\\\/Logo-PJ-New-1.png\",\"width\":150,\"height\":80,\"caption\":\"PureJewels UK\"},\"image\":{\"@id\":\"https:\\\/\\\/www.purejewels.com\\\/#\\\/schema\\\/logo\\\/image\\\/\"}}]}<\/script>\n<!-- \/ Yoast SEO plugin. -->","yoast_head_json":{"title":"Schmetterling Ohrstecker mit Steinen in 22ct Echtgold","description":"Schmetterling Design Ohrstecker online bestellen | 22ct Schmetterling Ohrstecker f\u00fcr Frauen &amp; M\u00e4dchen | Pure Gold Pretty Ohrringe in UK bestellen | Kostenlose Lieferung","robots":{"index":"index","follow":"follow","max-snippet":"max-snippet:-1","max-image-preview":"max-image-preview:large","max-video-preview":"max-video-preview:-1"},"canonical":"https:\/\/www.purejewels.com\/de\/produkt-2\/22ct-gold-cz-stein-schmetterling-desgin-ohrstecker-41608\/","og_locale":"de_DE","og_type":"article","og_title":"Butterfly Studs With Stones in 22ct Real gold","og_description":"Order Butterfly Design Studs Online | 22ct Butterfly Studs For Women & Girsl | Order Pure Gold Pretty Earrings in UK | Free Delivery","og_url":"https:\/\/www.purejewels.com\/de\/produkt-2\/22ct-gold-cz-stein-schmetterling-desgin-ohrstecker-41608\/","og_site_name":"PureJewels UK","article_modified_time":"2024-05-11T11:30:35+00:00","og_image":[{"width":1000,"height":1000,"url":"https:\/\/www.purejewels.com\/wp-content\/uploads\/2022\/03\/41608-1.jpg","type":"image\/jpeg"}],"twitter_card":"summary_large_image","twitter_misc":{"Gesch\u00e4tzte Lesezeit":"2\u00a0Minuten"},"schema":{"@context":"https:\/\/schema.org","@graph":[{"@type":["WebPage","ItemPage"],"@id":"https:\/\/www.purejewels.com\/product\/22ct-gold-cz-stone-butterfly-desgin-studs-41608\/","url":"https:\/\/www.purejewels.com\/product\/22ct-gold-cz-stone-butterfly-desgin-studs-41608\/","name":"Schmetterling Ohrstecker mit Steinen in 22ct Echtgold","isPartOf":{"@id":"https:\/\/www.purejewels.com\/#website"},"primaryImageOfPage":{"@id":"https:\/\/www.purejewels.com\/product\/22ct-gold-cz-stone-butterfly-desgin-studs-41608\/#primaryimage"},"image":{"@id":"https:\/\/www.purejewels.com\/product\/22ct-gold-cz-stone-butterfly-desgin-studs-41608\/#primaryimage"},"thumbnailUrl":"https:\/\/static.purejewels.com\/wp-content\/uploads\/2022\/03\/41608-1.jpg","datePublished":"2022-03-01T07:08:00+00:00","dateModified":"2024-05-11T11:30:35+00:00","description":"Schmetterling Design Ohrstecker online bestellen | 22ct Schmetterling Ohrstecker f\u00fcr Frauen &amp; M\u00e4dchen | Pure Gold Pretty Ohrringe in UK bestellen | Kostenlose Lieferung","breadcrumb":{"@id":"https:\/\/www.purejewels.com\/product\/22ct-gold-cz-stone-butterfly-desgin-studs-41608\/#breadcrumb"},"inLanguage":"de","potentialAction":[{"@type":"ReadAction","target":["https:\/\/www.purejewels.com\/product\/22ct-gold-cz-stone-butterfly-desgin-studs-41608\/"]}]},{"@type":"ImageObject","inLanguage":"de","@id":"https:\/\/www.purejewels.com\/product\/22ct-gold-cz-stone-butterfly-desgin-studs-41608\/#primaryimage","url":"https:\/\/static.purejewels.com\/wp-content\/uploads\/2022\/03\/41608-1.jpg","contentUrl":"https:\/\/static.purejewels.com\/wp-content\/uploads\/2022\/03\/41608-1.jpg","width":1000,"height":1000,"caption":"22ct Gold CZ Stone Butterfly Desgin Studs"},{"@type":"BreadcrumbList","@id":"https:\/\/www.purejewels.com\/product\/22ct-gold-cz-stone-butterfly-desgin-studs-41608\/#breadcrumb","itemListElement":[{"@type":"ListItem","position":1,"name":"Home","item":"https:\/\/www.purejewels.com\/"},{"@type":"ListItem","position":2,"name":"Shop","item":"https:\/\/www.purejewels.com\/shop\/"},{"@type":"ListItem","position":3,"name":"22ct Gold CZ Stone Butterfly Desgin Studs"}]},{"@type":"WebSite","@id":"https:\/\/www.purejewels.com\/#website","url":"https:\/\/www.purejewels.com\/","name":"PureJewels UK","description":"Teile die Liebe","publisher":{"@id":"https:\/\/www.purejewels.com\/#organization"},"potentialAction":[{"@type":"SearchAction","target":{"@type":"EntryPoint","urlTemplate":"https:\/\/www.purejewels.com\/?s={search_term_string}"},"query-input":{"@type":"PropertyValueSpecification","valueRequired":true,"valueName":"search_term_string"}}],"inLanguage":"de"},{"@type":"Organization","@id":"https:\/\/www.purejewels.com\/#organization","name":"PureJewels UK","url":"https:\/\/www.purejewels.com\/","logo":{"@type":"ImageObject","inLanguage":"de","@id":"https:\/\/www.purejewels.com\/#\/schema\/logo\/image\/","url":"https:\/\/static.purejewels.com\/wp-content\/uploads\/2020\/11\/Logo-PJ-New-1.png","contentUrl":"https:\/\/static.purejewels.com\/wp-content\/uploads\/2020\/11\/Logo-PJ-New-1.png","width":150,"height":80,"caption":"PureJewels UK"},"image":{"@id":"https:\/\/www.purejewels.com\/#\/schema\/logo\/image\/"}}]}},"_links":{"self":[{"href":"https:\/\/www.purejewels.com\/de\/wp-json\/wp\/v2\/product\/334949","targetHints":{"allow":["GET"]}}],"collection":[{"href":"https:\/\/www.purejewels.com\/de\/wp-json\/wp\/v2\/product"}],"about":[{"href":"https:\/\/www.purejewels.com\/de\/wp-json\/wp\/v2\/types\/product"}],"replies":[{"embeddable":true,"href":"https:\/\/www.purejewels.com\/de\/wp-json\/wp\/v2\/comments?post=334949"}],"version-history":[{"count":3,"href":"https:\/\/www.purejewels.com\/de\/wp-json\/wp\/v2\/product\/334949\/revisions"}],"predecessor-version":[{"id":362345,"href":"https:\/\/www.purejewels.com\/de\/wp-json\/wp\/v2\/product\/334949\/revisions\/362345"}],"wp:featuredmedia":[{"embeddable":true,"href":"https:\/\/www.purejewels.com\/de\/wp-json\/wp\/v2\/media\/334961"}],"wp:attachment":[{"href":"https:\/\/www.purejewels.com\/de\/wp-json\/wp\/v2\/media?parent=334949"}],"wp:term":[{"taxonomy":"product_brand","embeddable":true,"href":"https:\/\/www.purejewels.com\/de\/wp-json\/wp\/v2\/product_brand?post=334949"},{"taxonomy":"product_cat","embeddable":true,"href":"https:\/\/www.purejewels.com\/de\/wp-json\/wp\/v2\/product_cat?post=334949"},{"taxonomy":"product_tag","embeddable":true,"href":"https:\/\/www.purejewels.com\/de\/wp-json\/wp\/v2\/product_tag?post=334949"}],"curies":[{"name":"wp","href":"https:\/\/api.w.org\/{rel}","templated":true}]}}