{"id":335178,"date":"2024-12-10T04:33:03","date_gmt":"2024-12-10T04:33:03","guid":{"rendered":"https:\/\/www.purejewels.com\/?post_type=product&#038;p=335178"},"modified":"2026-02-26T12:00:58","modified_gmt":"2026-02-26T12:00:58","slug":"gold-ohrringe-fur-frauen-27179","status":"publish","type":"product","link":"https:\/\/www.purejewels.com\/de\/product\/gold-earrings-for-women-27179\/","title":{"rendered":"Party Wear Ohrringe f\u00fcr Frauen"},"content":{"rendered":"<h2>Beleuchten Sie<\/h2>\n<p>Minimalistische Ohrh\u00e4nger sind so gestaltet, dass sie Ihre Ohren sch\u00f6n zur Geltung bringen, ohne zu viel Aufsehen zu erregen. Sie sind m\u00fchelos und haben eine kleine zus\u00e4tzliche L\u00e4nge in Form eines Anh\u00e4ngers oder eines Steintropfens.<\/p>\n<h2>Gestaltung<\/h2>\n<p>Diese minimale Partykleidung <a href=\"https:\/\/www.purejewels.com\/de\/product-category\/22ct-gold-jewellery\/gold-earrings\/\">Ohrringe<\/a> sind abwechslungsreiche Versionen von kleinen Ohrsteckern. Sie sind elegant und setzen einen k\u00fchnen und doch subtilen Akzent. Das Design beginnt mit einem blattf\u00f6rmigen Element, das von vorne gew\u00f6lbt ist. Die Oberfl\u00e4che dieses Elements wurde auf der gesamten Fl\u00e4che sehr fein poliert und mit einem hochgl\u00e4nzenden und gl\u00e4nzenden Finish versehen sowie mit einem wundersch\u00f6nen Zirkonkristall \u00fcberzogen. Auf das Element folgt eine goldene Drahtkomponente, die mit feinen Kristallen besetzt ist. Auf der Innenseite dieses Elements befinden sich Drahtbl\u00fctenbl\u00e4tter, die wundersch\u00f6n ausgerichtet und auf einer Seite platziert sind.<\/p>\n<h2>Stil<\/h2>\n<p>Wir haben einige der besten Ohrringe mit dieser Partykleidung aufgelistet <a href=\"https:\/\/www.purejewels.com\/de\/product\/22ct-gold-ladies-stud-earring-with-rhodium-finish-46497\/\">Ohrring<\/a> auf unserer Website, damit Sie sich in Ruhe umsehen und eine Auswahl treffen k\u00f6nnen. Dieses hinrei\u00dfende Paar sorgt f\u00fcr Gespr\u00e4chsstoff. Perfekt f\u00fcr alle Ihre schicke Ensembles, Seiden Sarees und alle Ihre Partei Ensembles. Besuchen Sie uns oder f\u00fchren Sie einen Live-Chat mit uns, um das gesamte neue Sortiment an <a href=\"https:\/\/www.purejewels.com\/de\/armari-collection\/\">goldene Ohrringe<\/a> Partykleidung erh\u00e4ltlich in unserem Gesch\u00e4ft in Forest Gate, London, UK<\/p>","protected":false},"excerpt":{"rendered":"<ul>\n<li>Anlassbezogene Goldohrringe f\u00fcr Frauen<\/li>\n<li>Mit CZ-Stein<\/li>\n<li>Wt. 8.4 gms<\/li>\n<li>SKU. 27179<\/li>\n<li>Alle Preise inklusive Mehrwertsteuer<\/li>\n<li>Gold gestempelt von London Assay Office<\/li>\n<li>22 Karat Gold Ohrring kommt mit Geschenkbox<\/li>\n<li>Lieferung inbegriffen<\/li>\n<li>Live-Chat mit uns f\u00fcr die Verf\u00fcgbarkeit und mehr Bilder von Schmuck-Geschenk-Sets<\/li>\n<\/ul>","protected":false},"featured_media":335179,"comment_status":"closed","ping_status":"closed","template":"","meta":{"_eb_attr":"","_crsspst_to_jayantr4sg-hostcom":true},"product_brand":[],"product_cat":[1559,1685,5701,1254,1569,1573,1574,5349],"product_tag":[66,4122],"class_list":{"0":"post-335178","1":"product","2":"type-product","3":"status-publish","4":"has-post-thumbnail","6":"product_cat-birthday-gifts","7":"product_cat-drop-earrings","8":"product_cat-eid-jewellery","9":"product_cat-gold-earrings","10":"product_cat-valentine-day-gifts","11":"product_cat-wedding-gifts","12":"product_cat-womens-jewellery","13":"product_cat-yellow-gold-jewellery","14":"product_tag-earrings","15":"product_tag-earrings-for-sale","17":"first","18":"instock","19":"sale","20":"taxable","21":"shipping-taxable","22":"purchasable","23":"product-type-simple","24":"add-to-wishlist-before_image"},"yoast_head":"<!-- This site is optimized with the Yoast SEO plugin v27.6 - https:\/\/yoast.com\/product\/yoast-seo-wordpress\/ -->\n<title>22ct Gold Earrings for Women, Party Wear Earrings<\/title>\n<meta name=\"description\" content=\"Browse our latest collection of Party Wear Earrings for Women. Shop Online today from purejewels.com. Free delivery across the UK\" \/>\n<meta name=\"robots\" content=\"index, follow, max-snippet:-1, max-image-preview:large, max-video-preview:-1\" \/>\n<link rel=\"canonical\" href=\"https:\/\/www.purejewels.com\/de\/produkt-2\/gold-ohrringe-fur-frauen-27179\/\" \/>\n<meta property=\"og:locale\" content=\"de_DE\" \/>\n<meta property=\"og:type\" content=\"article\" \/>\n<meta property=\"og:title\" content=\"22ct Gold Earrings for Women, Party Wear Earrings\" \/>\n<meta property=\"og:description\" content=\"Browse our latest collection of Party Wear Earrings for Women. Shop Online today from purejewels.com. Free delivery across the UK\" \/>\n<meta property=\"og:url\" content=\"https:\/\/www.purejewels.com\/de\/produkt-2\/gold-ohrringe-fur-frauen-27179\/\" \/>\n<meta property=\"og:site_name\" content=\"PureJewels UK\" \/>\n<meta property=\"article:modified_time\" content=\"2026-02-26T12:00:58+00:00\" \/>\n<meta property=\"og:image\" content=\"https:\/\/static.purejewels.com\/wp-content\/uploads\/2022\/03\/27179-1.jpg\" \/>\n\t<meta property=\"og:image:width\" content=\"1000\" \/>\n\t<meta property=\"og:image:height\" content=\"1000\" \/>\n\t<meta property=\"og:image:type\" content=\"image\/jpeg\" \/>\n<meta name=\"twitter:card\" content=\"summary_large_image\" \/>\n<meta name=\"twitter:label1\" content=\"Gesch\u00e4tzte Lesezeit\" \/>\n\t<meta name=\"twitter:data1\" content=\"2\u00a0Minuten\" \/>\n<script type=\"application\/ld+json\" class=\"yoast-schema-graph\">{\"@context\":\"https:\\\/\\\/schema.org\",\"@graph\":[{\"@type\":[\"WebPage\",\"ItemPage\"],\"@id\":\"https:\\\/\\\/www.purejewels.com\\\/product\\\/gold-earrings-for-women-27179\\\/\",\"url\":\"https:\\\/\\\/www.purejewels.com\\\/product\\\/gold-earrings-for-women-27179\\\/\",\"name\":\"22ct Gold Earrings for Women, Party Wear Earrings\",\"isPartOf\":{\"@id\":\"https:\\\/\\\/www.purejewels.com\\\/#website\"},\"primaryImageOfPage\":{\"@id\":\"https:\\\/\\\/www.purejewels.com\\\/product\\\/gold-earrings-for-women-27179\\\/#primaryimage\"},\"image\":{\"@id\":\"https:\\\/\\\/www.purejewels.com\\\/product\\\/gold-earrings-for-women-27179\\\/#primaryimage\"},\"thumbnailUrl\":\"https:\\\/\\\/static.purejewels.com\\\/wp-content\\\/uploads\\\/2022\\\/03\\\/27179-1.jpg\",\"datePublished\":\"2024-12-10T04:33:03+00:00\",\"dateModified\":\"2026-02-26T12:00:58+00:00\",\"description\":\"Browse our latest collection of Party Wear Earrings for Women. Shop Online today from purejewels.com. Free delivery across the UK\",\"breadcrumb\":{\"@id\":\"https:\\\/\\\/www.purejewels.com\\\/product\\\/gold-earrings-for-women-27179\\\/#breadcrumb\"},\"inLanguage\":\"de\",\"potentialAction\":[{\"@type\":\"ReadAction\",\"target\":[\"https:\\\/\\\/www.purejewels.com\\\/product\\\/gold-earrings-for-women-27179\\\/\"]}]},{\"@type\":\"ImageObject\",\"inLanguage\":\"de\",\"@id\":\"https:\\\/\\\/www.purejewels.com\\\/product\\\/gold-earrings-for-women-27179\\\/#primaryimage\",\"url\":\"https:\\\/\\\/static.purejewels.com\\\/wp-content\\\/uploads\\\/2022\\\/03\\\/27179-1.jpg\",\"contentUrl\":\"https:\\\/\\\/static.purejewels.com\\\/wp-content\\\/uploads\\\/2022\\\/03\\\/27179-1.jpg\",\"width\":1000,\"height\":1000,\"caption\":\"Party Wear Earring 27179-1\"},{\"@type\":\"BreadcrumbList\",\"@id\":\"https:\\\/\\\/www.purejewels.com\\\/product\\\/gold-earrings-for-women-27179\\\/#breadcrumb\",\"itemListElement\":[{\"@type\":\"ListItem\",\"position\":1,\"name\":\"Home\",\"item\":\"https:\\\/\\\/www.purejewels.com\\\/\"},{\"@type\":\"ListItem\",\"position\":2,\"name\":\"Shop\",\"item\":\"https:\\\/\\\/www.purejewels.com\\\/shop\\\/\"},{\"@type\":\"ListItem\",\"position\":3,\"name\":\"Party Wear Earrings for Women\"}]},{\"@type\":\"WebSite\",\"@id\":\"https:\\\/\\\/www.purejewels.com\\\/#website\",\"url\":\"https:\\\/\\\/www.purejewels.com\\\/\",\"name\":\"PureJewels UK\",\"description\":\"Share the Love\",\"publisher\":{\"@id\":\"https:\\\/\\\/www.purejewels.com\\\/#organization\"},\"potentialAction\":[{\"@type\":\"SearchAction\",\"target\":{\"@type\":\"EntryPoint\",\"urlTemplate\":\"https:\\\/\\\/www.purejewels.com\\\/?s={search_term_string}\"},\"query-input\":{\"@type\":\"PropertyValueSpecification\",\"valueRequired\":true,\"valueName\":\"search_term_string\"}}],\"inLanguage\":\"de\"},{\"@type\":\"Organization\",\"@id\":\"https:\\\/\\\/www.purejewels.com\\\/#organization\",\"name\":\"PureJewels UK\",\"url\":\"https:\\\/\\\/www.purejewels.com\\\/\",\"logo\":{\"@type\":\"ImageObject\",\"inLanguage\":\"de\",\"@id\":\"https:\\\/\\\/www.purejewels.com\\\/#\\\/schema\\\/logo\\\/image\\\/\",\"url\":\"https:\\\/\\\/static.purejewels.com\\\/wp-content\\\/uploads\\\/2020\\\/11\\\/Logo-PJ-New-1.png\",\"contentUrl\":\"https:\\\/\\\/static.purejewels.com\\\/wp-content\\\/uploads\\\/2020\\\/11\\\/Logo-PJ-New-1.png\",\"width\":150,\"height\":80,\"caption\":\"PureJewels UK\"},\"image\":{\"@id\":\"https:\\\/\\\/www.purejewels.com\\\/#\\\/schema\\\/logo\\\/image\\\/\"}}]}<\/script>\n<!-- \/ Yoast SEO plugin. -->","yoast_head_json":{"title":"22ct Gold Ohrringe f\u00fcr Frauen, Party Wear Ohrringe","description":"Durchsuchen Sie unsere neueste Kollektion von Party Wear Ohrringe f\u00fcr Frauen. Kaufen Sie noch heute online bei purejewels.com. Kostenlose Lieferung in ganz Gro\u00dfbritannien","robots":{"index":"index","follow":"follow","max-snippet":"max-snippet:-1","max-image-preview":"max-image-preview:large","max-video-preview":"max-video-preview:-1"},"canonical":"https:\/\/www.purejewels.com\/de\/produkt-2\/gold-ohrringe-fur-frauen-27179\/","og_locale":"de_DE","og_type":"article","og_title":"22ct Gold Earrings for Women, Party Wear Earrings","og_description":"Browse our latest collection of Party Wear Earrings for Women. Shop Online today from purejewels.com. Free delivery across the UK","og_url":"https:\/\/www.purejewels.com\/de\/produkt-2\/gold-ohrringe-fur-frauen-27179\/","og_site_name":"PureJewels UK","article_modified_time":"2026-02-26T12:00:58+00:00","og_image":[{"width":1000,"height":1000,"url":"https:\/\/static.purejewels.com\/wp-content\/uploads\/2022\/03\/27179-1.jpg","type":"image\/jpeg"}],"twitter_card":"summary_large_image","twitter_misc":{"Gesch\u00e4tzte Lesezeit":"2\u00a0Minuten"},"schema":{"@context":"https:\/\/schema.org","@graph":[{"@type":["WebPage","ItemPage"],"@id":"https:\/\/www.purejewels.com\/product\/gold-earrings-for-women-27179\/","url":"https:\/\/www.purejewels.com\/product\/gold-earrings-for-women-27179\/","name":"22ct Gold Ohrringe f\u00fcr Frauen, Party Wear Ohrringe","isPartOf":{"@id":"https:\/\/www.purejewels.com\/#website"},"primaryImageOfPage":{"@id":"https:\/\/www.purejewels.com\/product\/gold-earrings-for-women-27179\/#primaryimage"},"image":{"@id":"https:\/\/www.purejewels.com\/product\/gold-earrings-for-women-27179\/#primaryimage"},"thumbnailUrl":"https:\/\/static.purejewels.com\/wp-content\/uploads\/2022\/03\/27179-1.jpg","datePublished":"2024-12-10T04:33:03+00:00","dateModified":"2026-02-26T12:00:58+00:00","description":"Durchsuchen Sie unsere neueste Kollektion von Party Wear Ohrringe f\u00fcr Frauen. Kaufen Sie noch heute online bei purejewels.com. Kostenlose Lieferung in ganz Gro\u00dfbritannien","breadcrumb":{"@id":"https:\/\/www.purejewels.com\/product\/gold-earrings-for-women-27179\/#breadcrumb"},"inLanguage":"de","potentialAction":[{"@type":"ReadAction","target":["https:\/\/www.purejewels.com\/product\/gold-earrings-for-women-27179\/"]}]},{"@type":"ImageObject","inLanguage":"de","@id":"https:\/\/www.purejewels.com\/product\/gold-earrings-for-women-27179\/#primaryimage","url":"https:\/\/static.purejewels.com\/wp-content\/uploads\/2022\/03\/27179-1.jpg","contentUrl":"https:\/\/static.purejewels.com\/wp-content\/uploads\/2022\/03\/27179-1.jpg","width":1000,"height":1000,"caption":"Party Wear Earring 27179-1"},{"@type":"BreadcrumbList","@id":"https:\/\/www.purejewels.com\/product\/gold-earrings-for-women-27179\/#breadcrumb","itemListElement":[{"@type":"ListItem","position":1,"name":"Home","item":"https:\/\/www.purejewels.com\/"},{"@type":"ListItem","position":2,"name":"Shop","item":"https:\/\/www.purejewels.com\/shop\/"},{"@type":"ListItem","position":3,"name":"Party Wear Earrings for Women"}]},{"@type":"WebSite","@id":"https:\/\/www.purejewels.com\/#website","url":"https:\/\/www.purejewels.com\/","name":"PureJewels UK","description":"Teile die Liebe","publisher":{"@id":"https:\/\/www.purejewels.com\/#organization"},"potentialAction":[{"@type":"SearchAction","target":{"@type":"EntryPoint","urlTemplate":"https:\/\/www.purejewels.com\/?s={search_term_string}"},"query-input":{"@type":"PropertyValueSpecification","valueRequired":true,"valueName":"search_term_string"}}],"inLanguage":"de"},{"@type":"Organization","@id":"https:\/\/www.purejewels.com\/#organization","name":"PureJewels UK","url":"https:\/\/www.purejewels.com\/","logo":{"@type":"ImageObject","inLanguage":"de","@id":"https:\/\/www.purejewels.com\/#\/schema\/logo\/image\/","url":"https:\/\/static.purejewels.com\/wp-content\/uploads\/2020\/11\/Logo-PJ-New-1.png","contentUrl":"https:\/\/static.purejewels.com\/wp-content\/uploads\/2020\/11\/Logo-PJ-New-1.png","width":150,"height":80,"caption":"PureJewels UK"},"image":{"@id":"https:\/\/www.purejewels.com\/#\/schema\/logo\/image\/"}}]}},"_links":{"self":[{"href":"https:\/\/www.purejewels.com\/de\/wp-json\/wp\/v2\/product\/335178","targetHints":{"allow":["GET"]}}],"collection":[{"href":"https:\/\/www.purejewels.com\/de\/wp-json\/wp\/v2\/product"}],"about":[{"href":"https:\/\/www.purejewels.com\/de\/wp-json\/wp\/v2\/types\/product"}],"replies":[{"embeddable":true,"href":"https:\/\/www.purejewels.com\/de\/wp-json\/wp\/v2\/comments?post=335178"}],"version-history":[{"count":1,"href":"https:\/\/www.purejewels.com\/de\/wp-json\/wp\/v2\/product\/335178\/revisions"}],"predecessor-version":[{"id":365856,"href":"https:\/\/www.purejewels.com\/de\/wp-json\/wp\/v2\/product\/335178\/revisions\/365856"}],"wp:featuredmedia":[{"embeddable":true,"href":"https:\/\/www.purejewels.com\/de\/wp-json\/wp\/v2\/media\/335179"}],"wp:attachment":[{"href":"https:\/\/www.purejewels.com\/de\/wp-json\/wp\/v2\/media?parent=335178"}],"wp:term":[{"taxonomy":"product_brand","embeddable":true,"href":"https:\/\/www.purejewels.com\/de\/wp-json\/wp\/v2\/product_brand?post=335178"},{"taxonomy":"product_cat","embeddable":true,"href":"https:\/\/www.purejewels.com\/de\/wp-json\/wp\/v2\/product_cat?post=335178"},{"taxonomy":"product_tag","embeddable":true,"href":"https:\/\/www.purejewels.com\/de\/wp-json\/wp\/v2\/product_tag?post=335178"}],"curies":[{"name":"wp","href":"https:\/\/api.w.org\/{rel}","templated":true}]}}