{"id":335181,"date":"2022-03-10T04:50:35","date_gmt":"2022-03-10T04:50:35","guid":{"rendered":"https:\/\/www.purejewels.com\/?post_type=product&#038;p=335181"},"modified":"2025-05-22T11:21:49","modified_gmt":"2025-05-22T10:21:49","slug":"hochzeits-ohrringe-aus-22-karat-gold-28127","status":"publish","type":"product","link":"https:\/\/www.purejewels.com\/de\/product\/wedding-earrings-in-22ct-gold-28127\/","title":{"rendered":"Hochzeits-Ohrringe aus 22 Karat Gold"},"content":{"rendered":"<h2>Versch\u00f6nern Sie<\/h2>\n<p><a href=\"https:\/\/www.purejewels.com\/de\/product-category\/22ct-gold-jewellery\/gold-earrings\/\">Ohrringe<\/a> haben die Macht, Ihr Aussehen zu bestimmen oder zu ver\u00e4ndern. Wenn sie mit Geschmack und Eleganz getragen werden, k\u00f6nnen sie alle Ihre Looks aufwerten. Sie brauchen nicht wirklich eine Halskette oder ein anderes Schmuckst\u00fcck, wenn die Ohrringe, die Sie w\u00e4hlen, um zu tragen sind auf Punkt und herrlich. Eine gute <a href=\"https:\/\/www.purejewels.com\/de\/product\/gold-wedding-earrings\/\">Gold-Hochzeits-Ohrringe<\/a> Einige k\u00f6nnen ein subtiles Bild von Ihnen zeichnen, w\u00e4hrend andere ein Statement setzen wie nie zuvor.<\/p>\n<h2>Gestaltung<\/h2>\n<p>Diese goldenen Hochzeits-Ohrringe von Purejewels sind aus luxuri\u00f6sem 22 K Gold gefertigt. Diese glamour\u00f6sen <a href=\"https:\/\/www.purejewels.com\/de\/product\/22ct-gold-jali-filigree-ring-jali-collection-31926\/\">22ct<\/a> <a href=\"https:\/\/www.purejewels.com\/de\/armari-collection\/\">goldene Ohrringe<\/a> sind hier, um Ihnen das Gef\u00fchl, schick und dennoch die dringend ben\u00f6tigte Subtilit\u00e4t, die ist, so schlagen die perfekte Balance, die Sie suchen k\u00f6nnten. Das Design \u00e4hnelt einer knospenden Blume, die noch zu bl\u00fchen ist, beginnt es mit einem super komplizierte Komponente, die mit abgestuften Gold rawas gefolgt von dem Hauptelement, das eine Mischung aus traditionellen cutwork und Gold rawas hat detailliert ist. Diese Hochzeit Ohrringe Gold Ende mit Miniatur-Baumeln, so dass sie zart und elegant verlassen die Anbeterin und alle anderen ehrf\u00fcrchtig.<\/p>\n<h2>Stil<\/h2>\n<p>Dieses handgefertigte Paar goldener Ohrringe von Purejewels wurde von den festlichen indischen Traditionen und Hochzeitslooks inspiriert, ohne dabei Ihr subtiles Selbst aus den Augen zu verlieren. Nachdenklich <a href=\"https:\/\/www.purejewels.com\/de\/handmade-gold-jewellery\/\">handgefertigt<\/a> Diese 22-kar\u00e4tigen Ohrringe lassen Sie noch strahlender aussehen als je zuvor.<\/p>","protected":false},"excerpt":{"rendered":"<ul>\n<li>Gelbgold-Ohrring<\/li>\n<li>Hergestellt aus 22 Karat Gelbgold<\/li>\n<li>Von unserem\u00a0<strong>Jali Kollektion<\/strong><\/li>\n<li>Wt:  15.6 gms<\/li>\n<li>SKU: 28127<\/li>\n<li>Alle Preise inklusive Mehrwertsteuer<\/li>\n<li>Alle unsere Produkte sind vom London Assay Office gestempelt.<\/li>\n<li>Alle Ohrringe kommen mit Pr\u00e4sentationsbox<\/li>\n<li>Lieferung inbegriffen<\/li>\n<li>Live-Chat mit uns f\u00fcr die Verf\u00fcgbarkeit und mehr Bilder von \u00e4hnlichen Designs derzeit auf Lager<\/li>\n<\/ul>","protected":false},"featured_media":335182,"comment_status":"closed","ping_status":"closed","template":"","meta":{"_eb_attr":"","_crsspst_to_jayantr4sg-hostcom":true},"product_brand":[],"product_cat":[5315,236,1685,1254,252,1574],"product_tag":[66],"class_list":{"0":"post-335181","1":"product","2":"type-product","3":"status-publish","4":"has-post-thumbnail","6":"product_cat-bridal-and-wedding-earrings","7":"product_cat-collections","8":"product_cat-drop-earrings","9":"product_cat-gold-earrings","10":"product_cat-jali-collections","11":"product_cat-womens-jewellery","12":"product_tag-earrings","14":"first","15":"outofstock","16":"taxable","17":"shipping-taxable","18":"product-type-simple","19":"add-to-wishlist-before_image"},"yoast_head":"<!-- This site is optimized with the Yoast SEO plugin v27.3 - https:\/\/yoast.com\/product\/yoast-seo-wordpress\/ -->\n<title>Bridal &amp; Wedding Earrings Design | Wedding Jewellery UK<\/title>\n<meta name=\"description\" content=\"View our latest collection of Bridal &amp; Wedding Earrings .Shop Yellow Gold Wedding Earrings online. Free delivery across UK.\" \/>\n<meta name=\"robots\" content=\"index, follow, max-snippet:-1, max-image-preview:large, max-video-preview:-1\" \/>\n<link rel=\"canonical\" href=\"https:\/\/www.purejewels.com\/de\/produkt-2\/hochzeits-ohrringe-aus-22-karat-gold-28127\/\" \/>\n<meta property=\"og:locale\" content=\"de_DE\" \/>\n<meta property=\"og:type\" content=\"article\" \/>\n<meta property=\"og:title\" content=\"Bridal &amp; Wedding Earrings Design | Wedding Jewellery UK\" \/>\n<meta property=\"og:description\" content=\"View our latest collection of Bridal &amp; Wedding Earrings .Shop Yellow Gold Wedding Earrings online. Free delivery across UK.\" \/>\n<meta property=\"og:url\" content=\"https:\/\/www.purejewels.com\/de\/produkt-2\/hochzeits-ohrringe-aus-22-karat-gold-28127\/\" \/>\n<meta property=\"og:site_name\" content=\"PureJewels UK\" \/>\n<meta property=\"article:modified_time\" content=\"2025-05-22T10:21:49+00:00\" \/>\n<meta property=\"og:image\" content=\"https:\/\/www.purejewels.com\/wp-content\/uploads\/2022\/03\/28127-1.jpg\" \/>\n\t<meta property=\"og:image:width\" content=\"1000\" \/>\n\t<meta property=\"og:image:height\" content=\"1000\" \/>\n\t<meta property=\"og:image:type\" content=\"image\/jpeg\" \/>\n<meta name=\"twitter:card\" content=\"summary_large_image\" \/>\n<meta name=\"twitter:label1\" content=\"Gesch\u00e4tzte Lesezeit\" \/>\n\t<meta name=\"twitter:data1\" content=\"1\u00a0Minute\" \/>\n<script type=\"application\/ld+json\" class=\"yoast-schema-graph\">{\"@context\":\"https:\\\/\\\/schema.org\",\"@graph\":[{\"@type\":[\"WebPage\",\"ItemPage\"],\"@id\":\"https:\\\/\\\/www.purejewels.com\\\/product\\\/wedding-earrings-in-22ct-gold-28127\\\/\",\"url\":\"https:\\\/\\\/www.purejewels.com\\\/product\\\/wedding-earrings-in-22ct-gold-28127\\\/\",\"name\":\"Bridal & Wedding Earrings Design | Wedding Jewellery UK\",\"isPartOf\":{\"@id\":\"https:\\\/\\\/www.purejewels.com\\\/#website\"},\"primaryImageOfPage\":{\"@id\":\"https:\\\/\\\/www.purejewels.com\\\/product\\\/wedding-earrings-in-22ct-gold-28127\\\/#primaryimage\"},\"image\":{\"@id\":\"https:\\\/\\\/www.purejewels.com\\\/product\\\/wedding-earrings-in-22ct-gold-28127\\\/#primaryimage\"},\"thumbnailUrl\":\"https:\\\/\\\/static.purejewels.com\\\/wp-content\\\/uploads\\\/2022\\\/03\\\/28127-1.jpg\",\"datePublished\":\"2022-03-10T04:50:35+00:00\",\"dateModified\":\"2025-05-22T10:21:49+00:00\",\"description\":\"View our latest collection of Bridal & Wedding Earrings .Shop Yellow Gold Wedding Earrings online. Free delivery across UK.\",\"breadcrumb\":{\"@id\":\"https:\\\/\\\/www.purejewels.com\\\/product\\\/wedding-earrings-in-22ct-gold-28127\\\/#breadcrumb\"},\"inLanguage\":\"de\",\"potentialAction\":[{\"@type\":\"ReadAction\",\"target\":[\"https:\\\/\\\/www.purejewels.com\\\/product\\\/wedding-earrings-in-22ct-gold-28127\\\/\"]}]},{\"@type\":\"ImageObject\",\"inLanguage\":\"de\",\"@id\":\"https:\\\/\\\/www.purejewels.com\\\/product\\\/wedding-earrings-in-22ct-gold-28127\\\/#primaryimage\",\"url\":\"https:\\\/\\\/static.purejewels.com\\\/wp-content\\\/uploads\\\/2022\\\/03\\\/28127-1.jpg\",\"contentUrl\":\"https:\\\/\\\/static.purejewels.com\\\/wp-content\\\/uploads\\\/2022\\\/03\\\/28127-1.jpg\",\"width\":1000,\"height\":1000,\"caption\":\"Wedding Earrings in 22ct Gold 28127-1\"},{\"@type\":\"BreadcrumbList\",\"@id\":\"https:\\\/\\\/www.purejewels.com\\\/product\\\/wedding-earrings-in-22ct-gold-28127\\\/#breadcrumb\",\"itemListElement\":[{\"@type\":\"ListItem\",\"position\":1,\"name\":\"Home\",\"item\":\"https:\\\/\\\/www.purejewels.com\\\/\"},{\"@type\":\"ListItem\",\"position\":2,\"name\":\"Shop\",\"item\":\"https:\\\/\\\/www.purejewels.com\\\/shop\\\/\"},{\"@type\":\"ListItem\",\"position\":3,\"name\":\"Wedding Earrings in 22ct Gold\"}]},{\"@type\":\"WebSite\",\"@id\":\"https:\\\/\\\/www.purejewels.com\\\/#website\",\"url\":\"https:\\\/\\\/www.purejewels.com\\\/\",\"name\":\"PureJewels UK\",\"description\":\"Share the Love\",\"publisher\":{\"@id\":\"https:\\\/\\\/www.purejewels.com\\\/#organization\"},\"potentialAction\":[{\"@type\":\"SearchAction\",\"target\":{\"@type\":\"EntryPoint\",\"urlTemplate\":\"https:\\\/\\\/www.purejewels.com\\\/?s={search_term_string}\"},\"query-input\":{\"@type\":\"PropertyValueSpecification\",\"valueRequired\":true,\"valueName\":\"search_term_string\"}}],\"inLanguage\":\"de\"},{\"@type\":\"Organization\",\"@id\":\"https:\\\/\\\/www.purejewels.com\\\/#organization\",\"name\":\"PureJewels UK\",\"url\":\"https:\\\/\\\/www.purejewels.com\\\/\",\"logo\":{\"@type\":\"ImageObject\",\"inLanguage\":\"de\",\"@id\":\"https:\\\/\\\/www.purejewels.com\\\/#\\\/schema\\\/logo\\\/image\\\/\",\"url\":\"https:\\\/\\\/static.purejewels.com\\\/wp-content\\\/uploads\\\/2020\\\/11\\\/Logo-PJ-New-1.png\",\"contentUrl\":\"https:\\\/\\\/static.purejewels.com\\\/wp-content\\\/uploads\\\/2020\\\/11\\\/Logo-PJ-New-1.png\",\"width\":150,\"height\":80,\"caption\":\"PureJewels UK\"},\"image\":{\"@id\":\"https:\\\/\\\/www.purejewels.com\\\/#\\\/schema\\\/logo\\\/image\\\/\"}}]}<\/script>\n<!-- \/ Yoast SEO plugin. -->","yoast_head_json":{"title":"Ohrringe f\u00fcr Braut &amp; Hochzeit Design | Hochzeitsschmuck UK","description":"Schauen Sie sich unsere neueste Kollektion von Ohrringen f\u00fcr Braut und Hochzeit an und kaufen Sie Gelbgold-Ohrringe f\u00fcr Hochzeiten online. Kostenlose Lieferung in ganz Gro\u00dfbritannien.","robots":{"index":"index","follow":"follow","max-snippet":"max-snippet:-1","max-image-preview":"max-image-preview:large","max-video-preview":"max-video-preview:-1"},"canonical":"https:\/\/www.purejewels.com\/de\/produkt-2\/hochzeits-ohrringe-aus-22-karat-gold-28127\/","og_locale":"de_DE","og_type":"article","og_title":"Bridal & Wedding Earrings Design | Wedding Jewellery UK","og_description":"View our latest collection of Bridal & Wedding Earrings .Shop Yellow Gold Wedding Earrings online. Free delivery across UK.","og_url":"https:\/\/www.purejewels.com\/de\/produkt-2\/hochzeits-ohrringe-aus-22-karat-gold-28127\/","og_site_name":"PureJewels UK","article_modified_time":"2025-05-22T10:21:49+00:00","og_image":[{"width":1000,"height":1000,"url":"https:\/\/www.purejewels.com\/wp-content\/uploads\/2022\/03\/28127-1.jpg","type":"image\/jpeg"}],"twitter_card":"summary_large_image","twitter_misc":{"Gesch\u00e4tzte Lesezeit":"1\u00a0Minute"},"schema":{"@context":"https:\/\/schema.org","@graph":[{"@type":["WebPage","ItemPage"],"@id":"https:\/\/www.purejewels.com\/product\/wedding-earrings-in-22ct-gold-28127\/","url":"https:\/\/www.purejewels.com\/product\/wedding-earrings-in-22ct-gold-28127\/","name":"Ohrringe f\u00fcr Braut &amp; Hochzeit Design | Hochzeitsschmuck UK","isPartOf":{"@id":"https:\/\/www.purejewels.com\/#website"},"primaryImageOfPage":{"@id":"https:\/\/www.purejewels.com\/product\/wedding-earrings-in-22ct-gold-28127\/#primaryimage"},"image":{"@id":"https:\/\/www.purejewels.com\/product\/wedding-earrings-in-22ct-gold-28127\/#primaryimage"},"thumbnailUrl":"https:\/\/static.purejewels.com\/wp-content\/uploads\/2022\/03\/28127-1.jpg","datePublished":"2022-03-10T04:50:35+00:00","dateModified":"2025-05-22T10:21:49+00:00","description":"Schauen Sie sich unsere neueste Kollektion von Ohrringen f\u00fcr Braut und Hochzeit an und kaufen Sie Gelbgold-Ohrringe f\u00fcr Hochzeiten online. Kostenlose Lieferung in ganz Gro\u00dfbritannien.","breadcrumb":{"@id":"https:\/\/www.purejewels.com\/product\/wedding-earrings-in-22ct-gold-28127\/#breadcrumb"},"inLanguage":"de","potentialAction":[{"@type":"ReadAction","target":["https:\/\/www.purejewels.com\/product\/wedding-earrings-in-22ct-gold-28127\/"]}]},{"@type":"ImageObject","inLanguage":"de","@id":"https:\/\/www.purejewels.com\/product\/wedding-earrings-in-22ct-gold-28127\/#primaryimage","url":"https:\/\/static.purejewels.com\/wp-content\/uploads\/2022\/03\/28127-1.jpg","contentUrl":"https:\/\/static.purejewels.com\/wp-content\/uploads\/2022\/03\/28127-1.jpg","width":1000,"height":1000,"caption":"Wedding Earrings in 22ct Gold 28127-1"},{"@type":"BreadcrumbList","@id":"https:\/\/www.purejewels.com\/product\/wedding-earrings-in-22ct-gold-28127\/#breadcrumb","itemListElement":[{"@type":"ListItem","position":1,"name":"Home","item":"https:\/\/www.purejewels.com\/"},{"@type":"ListItem","position":2,"name":"Shop","item":"https:\/\/www.purejewels.com\/shop\/"},{"@type":"ListItem","position":3,"name":"Wedding Earrings in 22ct Gold"}]},{"@type":"WebSite","@id":"https:\/\/www.purejewels.com\/#website","url":"https:\/\/www.purejewels.com\/","name":"PureJewels UK","description":"Teile die Liebe","publisher":{"@id":"https:\/\/www.purejewels.com\/#organization"},"potentialAction":[{"@type":"SearchAction","target":{"@type":"EntryPoint","urlTemplate":"https:\/\/www.purejewels.com\/?s={search_term_string}"},"query-input":{"@type":"PropertyValueSpecification","valueRequired":true,"valueName":"search_term_string"}}],"inLanguage":"de"},{"@type":"Organization","@id":"https:\/\/www.purejewels.com\/#organization","name":"PureJewels UK","url":"https:\/\/www.purejewels.com\/","logo":{"@type":"ImageObject","inLanguage":"de","@id":"https:\/\/www.purejewels.com\/#\/schema\/logo\/image\/","url":"https:\/\/static.purejewels.com\/wp-content\/uploads\/2020\/11\/Logo-PJ-New-1.png","contentUrl":"https:\/\/static.purejewels.com\/wp-content\/uploads\/2020\/11\/Logo-PJ-New-1.png","width":150,"height":80,"caption":"PureJewels UK"},"image":{"@id":"https:\/\/www.purejewels.com\/#\/schema\/logo\/image\/"}}]}},"_links":{"self":[{"href":"https:\/\/www.purejewels.com\/de\/wp-json\/wp\/v2\/product\/335181","targetHints":{"allow":["GET"]}}],"collection":[{"href":"https:\/\/www.purejewels.com\/de\/wp-json\/wp\/v2\/product"}],"about":[{"href":"https:\/\/www.purejewels.com\/de\/wp-json\/wp\/v2\/types\/product"}],"replies":[{"embeddable":true,"href":"https:\/\/www.purejewels.com\/de\/wp-json\/wp\/v2\/comments?post=335181"}],"version-history":[{"count":2,"href":"https:\/\/www.purejewels.com\/de\/wp-json\/wp\/v2\/product\/335181\/revisions"}],"predecessor-version":[{"id":387787,"href":"https:\/\/www.purejewels.com\/de\/wp-json\/wp\/v2\/product\/335181\/revisions\/387787"}],"wp:featuredmedia":[{"embeddable":true,"href":"https:\/\/www.purejewels.com\/de\/wp-json\/wp\/v2\/media\/335182"}],"wp:attachment":[{"href":"https:\/\/www.purejewels.com\/de\/wp-json\/wp\/v2\/media?parent=335181"}],"wp:term":[{"taxonomy":"product_brand","embeddable":true,"href":"https:\/\/www.purejewels.com\/de\/wp-json\/wp\/v2\/product_brand?post=335181"},{"taxonomy":"product_cat","embeddable":true,"href":"https:\/\/www.purejewels.com\/de\/wp-json\/wp\/v2\/product_cat?post=335181"},{"taxonomy":"product_tag","embeddable":true,"href":"https:\/\/www.purejewels.com\/de\/wp-json\/wp\/v2\/product_tag?post=335181"}],"curies":[{"name":"wp","href":"https:\/\/api.w.org\/{rel}","templated":true}]}}