{"id":335187,"date":"2022-03-10T06:14:54","date_gmt":"2022-03-10T06:14:54","guid":{"rendered":"https:\/\/www.purejewels.com\/?post_type=product&#038;p=335187"},"modified":"2025-05-22T11:21:50","modified_gmt":"2025-05-22T10:21:50","slug":"tropfenohrringe-aus-22-karat-gold-33786","status":"publish","type":"product","link":"https:\/\/www.purejewels.com\/de\/product\/drop-earrings-in-22ct-gold-33786\/","title":{"rendered":"Tropfen-Ohrringe aus 22 Karat Gold"},"content":{"rendered":"<h2>Faszination<\/h2>\n<p><a href=\"https:\/\/www.purejewels.com\/de\/product-category\/22ct-gold-jewellery\/gold-earrings\/\">Ohrringe<\/a> sind die unverzichtbarsten Accessoires, denn im Gegensatz zu anderen Schmuckst\u00fccken haben sie die Kraft, alle Ihre Looks aufzuwerten. Sie brauchen keine Halskette oder ein anderes Schmuckst\u00fcck, wenn die Ohrringe, die Sie tragen m\u00f6chten, auf den Punkt und wundersch\u00f6n sind. Ein gutes Design f\u00fcr goldene Hochzeits-Ohrringe kann Ihrem Look eine zus\u00e4tzliche Note verleihen, einige k\u00f6nnen ein subtiles Bild von Ihnen zeichnen, w\u00e4hrend andere ein Statement wie nie zuvor setzen k\u00f6nnen.<\/p>\n<h2>Gestaltung<\/h2>\n<p>Diese glamour\u00f6sen Ohrringe aus 22-kar\u00e4tigem Gold sorgen daf\u00fcr, dass Sie sich schick f\u00fchlen, ohne dabei die n\u00f6tige Subtilit\u00e4t zu verlieren, und schaffen so das perfekte Gleichgewicht, das Sie suchen. Diese pr\u00e4zise gefertigten zweifarbigen <a href=\"https:\/\/www.purejewels.com\/de\/product\/asian-gold-earrings-uk-41235\/\">Asiatische Goldohrringe UK<\/a> ist in reinem 22-kar\u00e4tigem Gold gefasst. Das Design dieser Sch\u00f6nheit beginnt mit detaillierten Elementen, die zusammenkommen und bis zum Ende gehen. Jedes Element ist minuti\u00f6s detailliert mit Miniatur Rawas und traditionellen Mustern, die zusammen kommen. Dar\u00fcber hinaus sind diese Elemente fein verarbeitet und plattiert, um ein luxuri\u00f6ses Aussehen zu erzielen. Unsere kostbaren Kugeln enden mit kleinen baumelnden Elementen, die dem Paar einen Hauch von Dramatik verleihen und es von allen anderen abheben.<\/p>\n<h2>Stil<\/h2>\n<p>Sie k\u00f6nnen weiter bl\u00e4ttern, um eine Halskette und eine <a href=\"https:\/\/www.purejewels.com\/de\/product-category\/22ct-gold-jewellery\/gold-bracelet\/\">Armband<\/a> die zu den Designs dieser goldenen Ohrringe f\u00fcr die Braut passen, um ein komplettes Set zu bilden. Stylen Sie sie zu extravaganten indischen Ensembles, westlichen Kleidern oder sogar zu formellen B\u00fcro-Ensembles.<\/p>","protected":false},"excerpt":{"rendered":"<ul>\n<li>Gelbgold-Ohrring<\/li>\n<li>Hergestellt aus 22 Karat Gelbgold<\/li>\n<li>Von unserem\u00a0<strong>Jali Kollektion<\/strong><\/li>\n<li>Wt:  15.9 gms<\/li>\n<li>SKU: 33786<\/li>\n<li>Alle Preise inklusive Mehrwertsteuer<\/li>\n<li>Alle unsere Produkte sind vom London Assay Office gestempelt.<\/li>\n<li>Alle Ohrringe kommen mit Pr\u00e4sentationsbox<\/li>\n<li>Lieferung inbegriffen<\/li>\n<li>Live-Chat mit uns f\u00fcr die Verf\u00fcgbarkeit und mehr Bilder von \u00e4hnlichen Designs derzeit auf Lager<\/li>\n<\/ul>","protected":false},"featured_media":335188,"comment_status":"closed","ping_status":"closed","template":"","meta":{"_eb_attr":"","_crsspst_to_jayantr4sg-hostcom":true},"product_brand":[],"product_cat":[5315,236,1685,1254,252,1573,1574],"product_tag":[66],"class_list":{"0":"post-335187","1":"product","2":"type-product","3":"status-publish","4":"has-post-thumbnail","6":"product_cat-bridal-and-wedding-earrings","7":"product_cat-collections","8":"product_cat-drop-earrings","9":"product_cat-gold-earrings","10":"product_cat-jali-collections","11":"product_cat-wedding-gifts","12":"product_cat-womens-jewellery","13":"product_tag-earrings","15":"first","16":"outofstock","17":"taxable","18":"shipping-taxable","19":"product-type-simple","20":"add-to-wishlist-before_image"},"yoast_head":"<!-- This site is optimized with the Yoast SEO plugin v27.3 - https:\/\/yoast.com\/product\/yoast-seo-wordpress\/ -->\n<title>Design for Wedding Gold Earring | Wedding Jewellery UK<\/title>\n<meta name=\"description\" content=\"Explore our latest collection of Gold Wedding Earring Design .Buy Yellow Gold Wedding Earrings online. Free delivery across UK.\" \/>\n<meta name=\"robots\" content=\"index, follow, max-snippet:-1, max-image-preview:large, max-video-preview:-1\" \/>\n<link rel=\"canonical\" href=\"https:\/\/www.purejewels.com\/de\/produkt-2\/tropfenohrringe-aus-22-karat-gold-33786\/\" \/>\n<meta property=\"og:locale\" content=\"de_DE\" \/>\n<meta property=\"og:type\" content=\"article\" \/>\n<meta property=\"og:title\" content=\"Design for Wedding Gold Earring | Wedding Jewellery UK\" \/>\n<meta property=\"og:description\" content=\"Explore our latest collection of Gold Wedding Earring Design .Buy Yellow Gold Wedding Earrings online. Free delivery across UK.\" \/>\n<meta property=\"og:url\" content=\"https:\/\/www.purejewels.com\/de\/produkt-2\/tropfenohrringe-aus-22-karat-gold-33786\/\" \/>\n<meta property=\"og:site_name\" content=\"PureJewels UK\" \/>\n<meta property=\"article:modified_time\" content=\"2025-05-22T10:21:50+00:00\" \/>\n<meta property=\"og:image\" content=\"https:\/\/www.purejewels.com\/wp-content\/uploads\/2022\/03\/33786-1.jpg\" \/>\n\t<meta property=\"og:image:width\" content=\"1000\" \/>\n\t<meta property=\"og:image:height\" content=\"1000\" \/>\n\t<meta property=\"og:image:type\" content=\"image\/jpeg\" \/>\n<meta name=\"twitter:card\" content=\"summary_large_image\" \/>\n<meta name=\"twitter:label1\" content=\"Gesch\u00e4tzte Lesezeit\" \/>\n\t<meta name=\"twitter:data1\" content=\"1\u00a0Minute\" \/>\n<script type=\"application\/ld+json\" class=\"yoast-schema-graph\">{\"@context\":\"https:\\\/\\\/schema.org\",\"@graph\":[{\"@type\":[\"WebPage\",\"ItemPage\"],\"@id\":\"https:\\\/\\\/www.purejewels.com\\\/product\\\/drop-earrings-in-22ct-gold-33786\\\/\",\"url\":\"https:\\\/\\\/www.purejewels.com\\\/product\\\/drop-earrings-in-22ct-gold-33786\\\/\",\"name\":\"Design for Wedding Gold Earring | Wedding Jewellery UK\",\"isPartOf\":{\"@id\":\"https:\\\/\\\/www.purejewels.com\\\/#website\"},\"primaryImageOfPage\":{\"@id\":\"https:\\\/\\\/www.purejewels.com\\\/product\\\/drop-earrings-in-22ct-gold-33786\\\/#primaryimage\"},\"image\":{\"@id\":\"https:\\\/\\\/www.purejewels.com\\\/product\\\/drop-earrings-in-22ct-gold-33786\\\/#primaryimage\"},\"thumbnailUrl\":\"https:\\\/\\\/static.purejewels.com\\\/wp-content\\\/uploads\\\/2022\\\/03\\\/33786-1.jpg\",\"datePublished\":\"2022-03-10T06:14:54+00:00\",\"dateModified\":\"2025-05-22T10:21:50+00:00\",\"description\":\"Explore our latest collection of Gold Wedding Earring Design .Buy Yellow Gold Wedding Earrings online. Free delivery across UK.\",\"breadcrumb\":{\"@id\":\"https:\\\/\\\/www.purejewels.com\\\/product\\\/drop-earrings-in-22ct-gold-33786\\\/#breadcrumb\"},\"inLanguage\":\"de\",\"potentialAction\":[{\"@type\":\"ReadAction\",\"target\":[\"https:\\\/\\\/www.purejewels.com\\\/product\\\/drop-earrings-in-22ct-gold-33786\\\/\"]}]},{\"@type\":\"ImageObject\",\"inLanguage\":\"de\",\"@id\":\"https:\\\/\\\/www.purejewels.com\\\/product\\\/drop-earrings-in-22ct-gold-33786\\\/#primaryimage\",\"url\":\"https:\\\/\\\/static.purejewels.com\\\/wp-content\\\/uploads\\\/2022\\\/03\\\/33786-1.jpg\",\"contentUrl\":\"https:\\\/\\\/static.purejewels.com\\\/wp-content\\\/uploads\\\/2022\\\/03\\\/33786-1.jpg\",\"width\":1000,\"height\":1000,\"caption\":\"22ct Gold Earring 33786-1\"},{\"@type\":\"BreadcrumbList\",\"@id\":\"https:\\\/\\\/www.purejewels.com\\\/product\\\/drop-earrings-in-22ct-gold-33786\\\/#breadcrumb\",\"itemListElement\":[{\"@type\":\"ListItem\",\"position\":1,\"name\":\"Home\",\"item\":\"https:\\\/\\\/www.purejewels.com\\\/\"},{\"@type\":\"ListItem\",\"position\":2,\"name\":\"Shop\",\"item\":\"https:\\\/\\\/www.purejewels.com\\\/shop\\\/\"},{\"@type\":\"ListItem\",\"position\":3,\"name\":\"Drop Earrings in 22ct Gold\"}]},{\"@type\":\"WebSite\",\"@id\":\"https:\\\/\\\/www.purejewels.com\\\/#website\",\"url\":\"https:\\\/\\\/www.purejewels.com\\\/\",\"name\":\"PureJewels UK\",\"description\":\"Share the Love\",\"publisher\":{\"@id\":\"https:\\\/\\\/www.purejewels.com\\\/#organization\"},\"potentialAction\":[{\"@type\":\"SearchAction\",\"target\":{\"@type\":\"EntryPoint\",\"urlTemplate\":\"https:\\\/\\\/www.purejewels.com\\\/?s={search_term_string}\"},\"query-input\":{\"@type\":\"PropertyValueSpecification\",\"valueRequired\":true,\"valueName\":\"search_term_string\"}}],\"inLanguage\":\"de\"},{\"@type\":\"Organization\",\"@id\":\"https:\\\/\\\/www.purejewels.com\\\/#organization\",\"name\":\"PureJewels UK\",\"url\":\"https:\\\/\\\/www.purejewels.com\\\/\",\"logo\":{\"@type\":\"ImageObject\",\"inLanguage\":\"de\",\"@id\":\"https:\\\/\\\/www.purejewels.com\\\/#\\\/schema\\\/logo\\\/image\\\/\",\"url\":\"https:\\\/\\\/static.purejewels.com\\\/wp-content\\\/uploads\\\/2020\\\/11\\\/Logo-PJ-New-1.png\",\"contentUrl\":\"https:\\\/\\\/static.purejewels.com\\\/wp-content\\\/uploads\\\/2020\\\/11\\\/Logo-PJ-New-1.png\",\"width\":150,\"height\":80,\"caption\":\"PureJewels UK\"},\"image\":{\"@id\":\"https:\\\/\\\/www.purejewels.com\\\/#\\\/schema\\\/logo\\\/image\\\/\"}}]}<\/script>\n<!-- \/ Yoast SEO plugin. -->","yoast_head_json":{"title":"Design f\u00fcr Hochzeit Gold-Ohrring | Hochzeitsschmuck UK","description":"Entdecken Sie unsere neueste Kollektion von Gold Wedding Earring Design .Buy Yellow Gold Wedding Earrings online. Kostenlose Lieferung in ganz Gro\u00dfbritannien.","robots":{"index":"index","follow":"follow","max-snippet":"max-snippet:-1","max-image-preview":"max-image-preview:large","max-video-preview":"max-video-preview:-1"},"canonical":"https:\/\/www.purejewels.com\/de\/produkt-2\/tropfenohrringe-aus-22-karat-gold-33786\/","og_locale":"de_DE","og_type":"article","og_title":"Design for Wedding Gold Earring | Wedding Jewellery UK","og_description":"Explore our latest collection of Gold Wedding Earring Design .Buy Yellow Gold Wedding Earrings online. Free delivery across UK.","og_url":"https:\/\/www.purejewels.com\/de\/produkt-2\/tropfenohrringe-aus-22-karat-gold-33786\/","og_site_name":"PureJewels UK","article_modified_time":"2025-05-22T10:21:50+00:00","og_image":[{"width":1000,"height":1000,"url":"https:\/\/www.purejewels.com\/wp-content\/uploads\/2022\/03\/33786-1.jpg","type":"image\/jpeg"}],"twitter_card":"summary_large_image","twitter_misc":{"Gesch\u00e4tzte Lesezeit":"1\u00a0Minute"},"schema":{"@context":"https:\/\/schema.org","@graph":[{"@type":["WebPage","ItemPage"],"@id":"https:\/\/www.purejewels.com\/product\/drop-earrings-in-22ct-gold-33786\/","url":"https:\/\/www.purejewels.com\/product\/drop-earrings-in-22ct-gold-33786\/","name":"Design f\u00fcr Hochzeit Gold-Ohrring | Hochzeitsschmuck UK","isPartOf":{"@id":"https:\/\/www.purejewels.com\/#website"},"primaryImageOfPage":{"@id":"https:\/\/www.purejewels.com\/product\/drop-earrings-in-22ct-gold-33786\/#primaryimage"},"image":{"@id":"https:\/\/www.purejewels.com\/product\/drop-earrings-in-22ct-gold-33786\/#primaryimage"},"thumbnailUrl":"https:\/\/static.purejewels.com\/wp-content\/uploads\/2022\/03\/33786-1.jpg","datePublished":"2022-03-10T06:14:54+00:00","dateModified":"2025-05-22T10:21:50+00:00","description":"Entdecken Sie unsere neueste Kollektion von Gold Wedding Earring Design .Buy Yellow Gold Wedding Earrings online. Kostenlose Lieferung in ganz Gro\u00dfbritannien.","breadcrumb":{"@id":"https:\/\/www.purejewels.com\/product\/drop-earrings-in-22ct-gold-33786\/#breadcrumb"},"inLanguage":"de","potentialAction":[{"@type":"ReadAction","target":["https:\/\/www.purejewels.com\/product\/drop-earrings-in-22ct-gold-33786\/"]}]},{"@type":"ImageObject","inLanguage":"de","@id":"https:\/\/www.purejewels.com\/product\/drop-earrings-in-22ct-gold-33786\/#primaryimage","url":"https:\/\/static.purejewels.com\/wp-content\/uploads\/2022\/03\/33786-1.jpg","contentUrl":"https:\/\/static.purejewels.com\/wp-content\/uploads\/2022\/03\/33786-1.jpg","width":1000,"height":1000,"caption":"22ct Gold Earring 33786-1"},{"@type":"BreadcrumbList","@id":"https:\/\/www.purejewels.com\/product\/drop-earrings-in-22ct-gold-33786\/#breadcrumb","itemListElement":[{"@type":"ListItem","position":1,"name":"Home","item":"https:\/\/www.purejewels.com\/"},{"@type":"ListItem","position":2,"name":"Shop","item":"https:\/\/www.purejewels.com\/shop\/"},{"@type":"ListItem","position":3,"name":"Drop Earrings in 22ct Gold"}]},{"@type":"WebSite","@id":"https:\/\/www.purejewels.com\/#website","url":"https:\/\/www.purejewels.com\/","name":"PureJewels UK","description":"Teile die Liebe","publisher":{"@id":"https:\/\/www.purejewels.com\/#organization"},"potentialAction":[{"@type":"SearchAction","target":{"@type":"EntryPoint","urlTemplate":"https:\/\/www.purejewels.com\/?s={search_term_string}"},"query-input":{"@type":"PropertyValueSpecification","valueRequired":true,"valueName":"search_term_string"}}],"inLanguage":"de"},{"@type":"Organization","@id":"https:\/\/www.purejewels.com\/#organization","name":"PureJewels UK","url":"https:\/\/www.purejewels.com\/","logo":{"@type":"ImageObject","inLanguage":"de","@id":"https:\/\/www.purejewels.com\/#\/schema\/logo\/image\/","url":"https:\/\/static.purejewels.com\/wp-content\/uploads\/2020\/11\/Logo-PJ-New-1.png","contentUrl":"https:\/\/static.purejewels.com\/wp-content\/uploads\/2020\/11\/Logo-PJ-New-1.png","width":150,"height":80,"caption":"PureJewels UK"},"image":{"@id":"https:\/\/www.purejewels.com\/#\/schema\/logo\/image\/"}}]}},"_links":{"self":[{"href":"https:\/\/www.purejewels.com\/de\/wp-json\/wp\/v2\/product\/335187","targetHints":{"allow":["GET"]}}],"collection":[{"href":"https:\/\/www.purejewels.com\/de\/wp-json\/wp\/v2\/product"}],"about":[{"href":"https:\/\/www.purejewels.com\/de\/wp-json\/wp\/v2\/types\/product"}],"replies":[{"embeddable":true,"href":"https:\/\/www.purejewels.com\/de\/wp-json\/wp\/v2\/comments?post=335187"}],"version-history":[{"count":2,"href":"https:\/\/www.purejewels.com\/de\/wp-json\/wp\/v2\/product\/335187\/revisions"}],"predecessor-version":[{"id":387817,"href":"https:\/\/www.purejewels.com\/de\/wp-json\/wp\/v2\/product\/335187\/revisions\/387817"}],"wp:featuredmedia":[{"embeddable":true,"href":"https:\/\/www.purejewels.com\/de\/wp-json\/wp\/v2\/media\/335188"}],"wp:attachment":[{"href":"https:\/\/www.purejewels.com\/de\/wp-json\/wp\/v2\/media?parent=335187"}],"wp:term":[{"taxonomy":"product_brand","embeddable":true,"href":"https:\/\/www.purejewels.com\/de\/wp-json\/wp\/v2\/product_brand?post=335187"},{"taxonomy":"product_cat","embeddable":true,"href":"https:\/\/www.purejewels.com\/de\/wp-json\/wp\/v2\/product_cat?post=335187"},{"taxonomy":"product_tag","embeddable":true,"href":"https:\/\/www.purejewels.com\/de\/wp-json\/wp\/v2\/product_tag?post=335187"}],"curies":[{"name":"wp","href":"https:\/\/api.w.org\/{rel}","templated":true}]}}