{"id":335352,"date":"2025-12-17T06:40:28","date_gmt":"2025-12-17T06:40:28","guid":{"rendered":"https:\/\/www.purejewels.com\/?post_type=product&#038;p=335352"},"modified":"2026-03-23T07:34:09","modified_gmt":"2026-03-23T07:34:09","slug":"jhumka-ohrringe-aus-22-karat-rosegold","status":"publish","type":"product","link":"https:\/\/www.purejewels.com\/de\/product\/22ct-rose-gold-jhumka-earrings\/","title":{"rendered":"Jhumka-Ohrringe aus 22 Karat Gold"},"content":{"rendered":"<h2>Geschichte<\/h2>\n<p>Die klassischen indischen Jhumkas von heute sind weiterentwickelte Versionen der alten Kharanpool-Jhumkas. Urspr\u00fcnglich waren Jhumkis ein Teil des s\u00fcdindischen Tempelschmucks. Sie gewannen an Popularit\u00e4t, als Bharatnatyam-T\u00e4nzerinnen diese Sch\u00f6nheiten in ihre Kleidung aufnahmen.<\/p>\n<h2>Gestaltung<\/h2>\n<p>Roh, majest\u00e4tisch und elegant - diese <a href=\"https:\/\/www.purejewels.com\/de\/produkt-kategorie\/22-karatiger-goldschmuck\/goldene-ohrringe\/jhumkha-ohrringe\/\" target=\"_blank\" rel=\"noopener\">Gold-Jhumkas<\/a> sind von den reichen Kulturen der Vergangenheit inspiriert und vereinen sich mit dem Schimmer des Goldes. Sie wurden von Hand aus 22-kar\u00e4tigem Gold gefertigt, wobei Techniken wie Jaali-Filigran, Gravur und <a href=\"https:\/\/www.purejewels.com\/de\/a-guide-to-die-stamping\/\">Pr\u00e4gung<\/a>. Das Design dieser ros\u00e9goldenen <a href=\"https:\/\/www.purejewels.com\/de\/product\/22-ct-gold-jhumka-earring-uk\/\">jhumka<\/a> <a href=\"https:\/\/www.purejewels.com\/de\/product-category\/22ct-gold-jewellery\/gold-earrings\/\">Ohrringe<\/a> beginnt mit einem detailreichen runden Ohrstecker, der mit synthetischen Polkis besetzt ist und Ihr Ohrl\u00e4ppchen wundersch\u00f6n bedeckt. Auf jeden Ohrstecker folgt eine traditionelle lange Jhumka mit \u00e4hnlichen Details. Die sorgf\u00e4ltig gestalteten und gearbeiteten Ohrringe enden mit traditionellen m\u00fcnz\u00e4hnlichen Elementen, die dem Paar einen modernen Touch verleihen.<\/p>\n<h2>Schatz<\/h2>\n<p>Unsere Hochzeits-Jhumka-Ohrringe sind ewig und immergr\u00fcn. Sie haben die Herzen der indischen Frauen ber\u00fchrt und fasziniert und werden nun von immer mehr Frauen rund um den Globus geliebt. Diese traditionelle Rose <a href=\"https:\/\/www.purejewels.com\/de\/product\/gold-jhumka-earrings-41703\/\">goldene Jhumka-Ohrringe<\/a> Einmal nach Hause gebracht, sollen sie Teil Ihrer Sammlung von Familienerbst\u00fccken werden, w\u00e4hrend Sie sie in wichtigen und sch\u00f6nen Momenten schm\u00fccken.<\/p>\n<p>&nbsp;<\/p>","protected":false},"excerpt":{"rendered":"<ul>\n<li>Jhumka-Ohrringe aus 22 Karat Gold f\u00fcr die Braut<\/li>\n<li>Mit synthetischen Polki-Steinen und Rose Gold Finish<\/li>\n<li>Wt. 22 gms<\/li>\n<li>SKU. 30952<\/li>\n<li>Alle Preise inklusive Mehrwertsteuer<\/li>\n<li>22ct Gold gestempelt von London Assay Office<\/li>\n<li>Mit Pr\u00e4sentationsbox<\/li>\n<li>Lieferung inbegriffen<\/li>\n<li>Live-Chat mit uns f\u00fcr die Verf\u00fcgbarkeit und mehr Bilder von \u00e4hnlichen Designs derzeit auf Lager<\/li>\n<\/ul>","protected":false},"featured_media":335499,"comment_status":"closed","ping_status":"closed","template":"","meta":{"_eb_attr":"","_crsspst_to_jayantr4sg-hostcom":false},"product_brand":[],"product_cat":[256,236,1790,1254,1229,1578,1570,1574],"product_tag":[],"class_list":{"0":"post-335352","1":"product","2":"type-product","3":"status-publish","4":"has-post-thumbnail","6":"product_cat-anusha-collections","7":"product_cat-collections","8":"product_cat-for-whom-when","9":"product_cat-gold-earrings","10":"product_cat-22ct-gold-jewellery","11":"product_cat-jhumkha-earrings","12":"product_cat-mothers-day-gifts","13":"product_cat-womens-jewellery","15":"first","16":"instock","17":"sale","18":"taxable","19":"shipping-taxable","20":"purchasable","21":"product-type-simple","22":"add-to-wishlist-before_image"},"yoast_head":"<!-- This site is optimized with the Yoast SEO plugin v27.4 - https:\/\/yoast.com\/product\/yoast-seo-wordpress\/ -->\n<title>Gold Jhumka Earrings For Wedding in 22ct Gold | PureJewels.com<\/title>\n<meta name=\"description\" content=\"Gold Jhumka | Jhumka Earrings Gold | Explore Latest Indian Jewellery Online in London | Certified Pure Gold Jewellery.\" \/>\n<meta name=\"robots\" content=\"index, follow, max-snippet:-1, max-image-preview:large, max-video-preview:-1\" \/>\n<link rel=\"canonical\" href=\"https:\/\/www.purejewels.com\/de\/produkt-2\/jhumka-ohrringe-aus-22-karat-rosegold\/\" \/>\n<meta property=\"og:locale\" content=\"de_DE\" \/>\n<meta property=\"og:type\" content=\"article\" \/>\n<meta property=\"og:title\" content=\"Gold Jhumka Earrings For Wedding in 22ct Gold | PureJewels.com\" \/>\n<meta property=\"og:description\" content=\"Gold Jhumka | Jhumka Earrings Gold | Explore Latest Indian Jewellery Online in London | Certified Pure Gold Jewellery.\" \/>\n<meta property=\"og:url\" content=\"https:\/\/www.purejewels.com\/de\/produkt-2\/jhumka-ohrringe-aus-22-karat-rosegold\/\" \/>\n<meta property=\"og:site_name\" content=\"PureJewels UK\" \/>\n<meta property=\"article:modified_time\" content=\"2026-03-23T07:34:09+00:00\" \/>\n<meta property=\"og:image\" content=\"https:\/\/static.purejewels.com\/wp-content\/uploads\/2022\/03\/30952-1-1.jpg\" \/>\n\t<meta property=\"og:image:width\" content=\"1000\" \/>\n\t<meta property=\"og:image:height\" content=\"1000\" \/>\n\t<meta property=\"og:image:type\" content=\"image\/jpeg\" \/>\n<meta name=\"twitter:card\" content=\"summary_large_image\" \/>\n<meta name=\"twitter:label1\" content=\"Gesch\u00e4tzte Lesezeit\" \/>\n\t<meta name=\"twitter:data1\" content=\"2\u00a0Minuten\" \/>\n<script type=\"application\/ld+json\" class=\"yoast-schema-graph\">{\"@context\":\"https:\\\/\\\/schema.org\",\"@graph\":[{\"@type\":[\"WebPage\",\"ItemPage\"],\"@id\":\"https:\\\/\\\/www.purejewels.com\\\/product\\\/22ct-rose-gold-jhumka-earrings\\\/\",\"url\":\"https:\\\/\\\/www.purejewels.com\\\/product\\\/22ct-rose-gold-jhumka-earrings\\\/\",\"name\":\"Gold Jhumka Earrings For Wedding in 22ct Gold | PureJewels.com\",\"isPartOf\":{\"@id\":\"https:\\\/\\\/www.purejewels.com\\\/#website\"},\"primaryImageOfPage\":{\"@id\":\"https:\\\/\\\/www.purejewels.com\\\/product\\\/22ct-rose-gold-jhumka-earrings\\\/#primaryimage\"},\"image\":{\"@id\":\"https:\\\/\\\/www.purejewels.com\\\/product\\\/22ct-rose-gold-jhumka-earrings\\\/#primaryimage\"},\"thumbnailUrl\":\"https:\\\/\\\/static.purejewels.com\\\/wp-content\\\/uploads\\\/2022\\\/03\\\/30952-1-1.jpg\",\"datePublished\":\"2025-12-17T06:40:28+00:00\",\"dateModified\":\"2026-03-23T07:34:09+00:00\",\"description\":\"Gold Jhumka | Jhumka Earrings Gold | Explore Latest Indian Jewellery Online in London | Certified Pure Gold Jewellery.\",\"breadcrumb\":{\"@id\":\"https:\\\/\\\/www.purejewels.com\\\/product\\\/22ct-rose-gold-jhumka-earrings\\\/#breadcrumb\"},\"inLanguage\":\"de\",\"potentialAction\":[{\"@type\":\"ReadAction\",\"target\":[\"https:\\\/\\\/www.purejewels.com\\\/product\\\/22ct-rose-gold-jhumka-earrings\\\/\"]}]},{\"@type\":\"ImageObject\",\"inLanguage\":\"de\",\"@id\":\"https:\\\/\\\/www.purejewels.com\\\/product\\\/22ct-rose-gold-jhumka-earrings\\\/#primaryimage\",\"url\":\"https:\\\/\\\/static.purejewels.com\\\/wp-content\\\/uploads\\\/2022\\\/03\\\/30952-1-1.jpg\",\"contentUrl\":\"https:\\\/\\\/static.purejewels.com\\\/wp-content\\\/uploads\\\/2022\\\/03\\\/30952-1-1.jpg\",\"width\":1000,\"height\":1000,\"caption\":\"22ct Gold Jhumka Earrings\"},{\"@type\":\"BreadcrumbList\",\"@id\":\"https:\\\/\\\/www.purejewels.com\\\/product\\\/22ct-rose-gold-jhumka-earrings\\\/#breadcrumb\",\"itemListElement\":[{\"@type\":\"ListItem\",\"position\":1,\"name\":\"Home\",\"item\":\"https:\\\/\\\/www.purejewels.com\\\/\"},{\"@type\":\"ListItem\",\"position\":2,\"name\":\"Shop\",\"item\":\"https:\\\/\\\/www.purejewels.com\\\/shop\\\/\"},{\"@type\":\"ListItem\",\"position\":3,\"name\":\"22ct Gold Jhumka Earrings\"}]},{\"@type\":\"WebSite\",\"@id\":\"https:\\\/\\\/www.purejewels.com\\\/#website\",\"url\":\"https:\\\/\\\/www.purejewels.com\\\/\",\"name\":\"PureJewels UK\",\"description\":\"Share the Love\",\"publisher\":{\"@id\":\"https:\\\/\\\/www.purejewels.com\\\/#organization\"},\"potentialAction\":[{\"@type\":\"SearchAction\",\"target\":{\"@type\":\"EntryPoint\",\"urlTemplate\":\"https:\\\/\\\/www.purejewels.com\\\/?s={search_term_string}\"},\"query-input\":{\"@type\":\"PropertyValueSpecification\",\"valueRequired\":true,\"valueName\":\"search_term_string\"}}],\"inLanguage\":\"de\"},{\"@type\":\"Organization\",\"@id\":\"https:\\\/\\\/www.purejewels.com\\\/#organization\",\"name\":\"PureJewels UK\",\"url\":\"https:\\\/\\\/www.purejewels.com\\\/\",\"logo\":{\"@type\":\"ImageObject\",\"inLanguage\":\"de\",\"@id\":\"https:\\\/\\\/www.purejewels.com\\\/#\\\/schema\\\/logo\\\/image\\\/\",\"url\":\"https:\\\/\\\/static.purejewels.com\\\/wp-content\\\/uploads\\\/2020\\\/11\\\/Logo-PJ-New-1.png\",\"contentUrl\":\"https:\\\/\\\/static.purejewels.com\\\/wp-content\\\/uploads\\\/2020\\\/11\\\/Logo-PJ-New-1.png\",\"width\":150,\"height\":80,\"caption\":\"PureJewels UK\"},\"image\":{\"@id\":\"https:\\\/\\\/www.purejewels.com\\\/#\\\/schema\\\/logo\\\/image\\\/\"}}]}<\/script>\n<!-- \/ Yoast SEO plugin. -->","yoast_head_json":{"title":"Gold Jhumka Ohrringe f\u00fcr Hochzeit in 22ct Gold | PureJewels.com","description":"Gold Jhumka | Jhumka Ohrringe Gold | Entdecken Sie die neuesten indischen Schmuck online in London | Certified Pure Gold Jewellery.","robots":{"index":"index","follow":"follow","max-snippet":"max-snippet:-1","max-image-preview":"max-image-preview:large","max-video-preview":"max-video-preview:-1"},"canonical":"https:\/\/www.purejewels.com\/de\/produkt-2\/jhumka-ohrringe-aus-22-karat-rosegold\/","og_locale":"de_DE","og_type":"article","og_title":"Gold Jhumka Earrings For Wedding in 22ct Gold | PureJewels.com","og_description":"Gold Jhumka | Jhumka Earrings Gold | Explore Latest Indian Jewellery Online in London | Certified Pure Gold Jewellery.","og_url":"https:\/\/www.purejewels.com\/de\/produkt-2\/jhumka-ohrringe-aus-22-karat-rosegold\/","og_site_name":"PureJewels UK","article_modified_time":"2026-03-23T07:34:09+00:00","og_image":[{"width":1000,"height":1000,"url":"https:\/\/static.purejewels.com\/wp-content\/uploads\/2022\/03\/30952-1-1.jpg","type":"image\/jpeg"}],"twitter_card":"summary_large_image","twitter_misc":{"Gesch\u00e4tzte Lesezeit":"2\u00a0Minuten"},"schema":{"@context":"https:\/\/schema.org","@graph":[{"@type":["WebPage","ItemPage"],"@id":"https:\/\/www.purejewels.com\/product\/22ct-rose-gold-jhumka-earrings\/","url":"https:\/\/www.purejewels.com\/product\/22ct-rose-gold-jhumka-earrings\/","name":"Gold Jhumka Ohrringe f\u00fcr Hochzeit in 22ct Gold | PureJewels.com","isPartOf":{"@id":"https:\/\/www.purejewels.com\/#website"},"primaryImageOfPage":{"@id":"https:\/\/www.purejewels.com\/product\/22ct-rose-gold-jhumka-earrings\/#primaryimage"},"image":{"@id":"https:\/\/www.purejewels.com\/product\/22ct-rose-gold-jhumka-earrings\/#primaryimage"},"thumbnailUrl":"https:\/\/static.purejewels.com\/wp-content\/uploads\/2022\/03\/30952-1-1.jpg","datePublished":"2025-12-17T06:40:28+00:00","dateModified":"2026-03-23T07:34:09+00:00","description":"Gold Jhumka | Jhumka Ohrringe Gold | Entdecken Sie die neuesten indischen Schmuck online in London | Certified Pure Gold Jewellery.","breadcrumb":{"@id":"https:\/\/www.purejewels.com\/product\/22ct-rose-gold-jhumka-earrings\/#breadcrumb"},"inLanguage":"de","potentialAction":[{"@type":"ReadAction","target":["https:\/\/www.purejewels.com\/product\/22ct-rose-gold-jhumka-earrings\/"]}]},{"@type":"ImageObject","inLanguage":"de","@id":"https:\/\/www.purejewels.com\/product\/22ct-rose-gold-jhumka-earrings\/#primaryimage","url":"https:\/\/static.purejewels.com\/wp-content\/uploads\/2022\/03\/30952-1-1.jpg","contentUrl":"https:\/\/static.purejewels.com\/wp-content\/uploads\/2022\/03\/30952-1-1.jpg","width":1000,"height":1000,"caption":"22ct Gold Jhumka Earrings"},{"@type":"BreadcrumbList","@id":"https:\/\/www.purejewels.com\/product\/22ct-rose-gold-jhumka-earrings\/#breadcrumb","itemListElement":[{"@type":"ListItem","position":1,"name":"Home","item":"https:\/\/www.purejewels.com\/"},{"@type":"ListItem","position":2,"name":"Shop","item":"https:\/\/www.purejewels.com\/shop\/"},{"@type":"ListItem","position":3,"name":"22ct Gold Jhumka Earrings"}]},{"@type":"WebSite","@id":"https:\/\/www.purejewels.com\/#website","url":"https:\/\/www.purejewels.com\/","name":"PureJewels UK","description":"Teile die Liebe","publisher":{"@id":"https:\/\/www.purejewels.com\/#organization"},"potentialAction":[{"@type":"SearchAction","target":{"@type":"EntryPoint","urlTemplate":"https:\/\/www.purejewels.com\/?s={search_term_string}"},"query-input":{"@type":"PropertyValueSpecification","valueRequired":true,"valueName":"search_term_string"}}],"inLanguage":"de"},{"@type":"Organization","@id":"https:\/\/www.purejewels.com\/#organization","name":"PureJewels UK","url":"https:\/\/www.purejewels.com\/","logo":{"@type":"ImageObject","inLanguage":"de","@id":"https:\/\/www.purejewels.com\/#\/schema\/logo\/image\/","url":"https:\/\/static.purejewels.com\/wp-content\/uploads\/2020\/11\/Logo-PJ-New-1.png","contentUrl":"https:\/\/static.purejewels.com\/wp-content\/uploads\/2020\/11\/Logo-PJ-New-1.png","width":150,"height":80,"caption":"PureJewels UK"},"image":{"@id":"https:\/\/www.purejewels.com\/#\/schema\/logo\/image\/"}}]}},"_links":{"self":[{"href":"https:\/\/www.purejewels.com\/de\/wp-json\/wp\/v2\/product\/335352","targetHints":{"allow":["GET"]}}],"collection":[{"href":"https:\/\/www.purejewels.com\/de\/wp-json\/wp\/v2\/product"}],"about":[{"href":"https:\/\/www.purejewels.com\/de\/wp-json\/wp\/v2\/types\/product"}],"replies":[{"embeddable":true,"href":"https:\/\/www.purejewels.com\/de\/wp-json\/wp\/v2\/comments?post=335352"}],"version-history":[{"count":2,"href":"https:\/\/www.purejewels.com\/de\/wp-json\/wp\/v2\/product\/335352\/revisions"}],"predecessor-version":[{"id":427470,"href":"https:\/\/www.purejewels.com\/de\/wp-json\/wp\/v2\/product\/335352\/revisions\/427470"}],"wp:featuredmedia":[{"embeddable":true,"href":"https:\/\/www.purejewels.com\/de\/wp-json\/wp\/v2\/media\/335499"}],"wp:attachment":[{"href":"https:\/\/www.purejewels.com\/de\/wp-json\/wp\/v2\/media?parent=335352"}],"wp:term":[{"taxonomy":"product_brand","embeddable":true,"href":"https:\/\/www.purejewels.com\/de\/wp-json\/wp\/v2\/product_brand?post=335352"},{"taxonomy":"product_cat","embeddable":true,"href":"https:\/\/www.purejewels.com\/de\/wp-json\/wp\/v2\/product_cat?post=335352"},{"taxonomy":"product_tag","embeddable":true,"href":"https:\/\/www.purejewels.com\/de\/wp-json\/wp\/v2\/product_tag?post=335352"}],"curies":[{"name":"wp","href":"https:\/\/api.w.org\/{rel}","templated":true}]}}