{"id":335361,"date":"2024-09-20T06:45:52","date_gmt":"2024-09-20T05:45:52","guid":{"rendered":"https:\/\/www.purejewels.com\/?post_type=product&#038;p=335361"},"modified":"2025-01-30T19:54:54","modified_gmt":"2025-01-30T19:54:54","slug":"22-karat-gold-choker-halskette-7","status":"publish","type":"product","link":"https:\/\/www.purejewels.com\/de\/product\/22-carat-gold-choker-necklace-7\/","title":{"rendered":"22 Karat Gold Choker-Halskette"},"content":{"rendered":"<h2>Tradition<\/h2>\n<p>Im Altertum war es \u00fcblich, Amulette oder Talismane um den Hals zu tragen. Diese primitiven Praktiken gehen auf die Steinzeit zur\u00fcck, als sich die Menschen beil\u00e4ufig ein paar Gegenst\u00e4nde aus Z\u00e4hnen, Steinen und Muscheln um den Hals legten.<\/p>\n<h2>Inspiration<\/h2>\n<p>Dieser Evergreen <a href=\"https:\/\/www.purejewels.com\/de\/product\/22-carat-gold-choker-necklace-5\/\">Gold-Kropfband<\/a> Die Halskette wirkt rau, majest\u00e4tisch und elegant. Diese <a href=\"https:\/\/www.purejewels.com\/de\/product\/22ct-gold-choker-chain-2\/\">goldene Halskette<\/a> Gro\u00dfbritannien ist inspiriert von den reichen indischen Kulturen der Vergangenheit, die sich mit der modernen Kultur vermischen. Unser reines 22K Gelbgold <a href=\"https:\/\/www.purejewels.com\/de\/product\/22ct-gold-fancy-choker-chain-with-pendant-18-inch-43022\/\">Kropfband<\/a> Halskette ist Teil unserer Hochzeits- und Festtagskollektion von Diamantschmuck und wurde von Hand in Gold mit traditionellen Techniken wie Gravur hergestellt, <a href=\"https:\/\/www.purejewels.com\/de\/a-guide-to-die-stamping\/\">Pr\u00e4gung<\/a>und Beschl\u00e4ge. Das Design beginnt mit einem komplizierten Mittelst\u00fcck, das graviert, emailliert und mit baumelnden farbigen Edelsteinen vervollst\u00e4ndigt wurde. Beim Blick auf das Dekollet\u00e9 f\u00e4llt ein klassischer Akkord auf, der aus traditionellen Komponenten besteht und zart bl\u00fcht.<\/p>\n<h2>Stil<\/h2>\n<p>Diese pr\u00e4chtige Halskette von Purejewels hat ein rohes Finish und ist dennoch immergr\u00fcn und kann Herzen ber\u00fchren. Einmal nach Hause gebracht, soll sie ein Teil Ihrer Familienerbst\u00fccksammlung werden, w\u00e4hrend Sie sie f\u00fcr bedeutende und sch\u00f6ne Momente schm\u00fccken.<\/p>","protected":false},"excerpt":{"rendered":"<ul>\n<li>22ct Gold Braut Halsband Halskette<\/li>\n<li>Wt. 57.3 gms<\/li>\n<li>SKU. 31179<\/li>\n<li>Alle Preise inklusive Mehrwertsteuer<\/li>\n<li>22ct Gold gestempelt von London Assay Office<\/li>\n<li>Mit Pr\u00e4sentationsbox<\/li>\n<li>Lieferung inbegriffen<\/li>\n<li>Sehen Sie sich unsere Sammlung von <strong>Choker-Halsketten<\/strong><\/li>\n<li>Live-Chat mit uns f\u00fcr die Verf\u00fcgbarkeit und mehr Bilder von \u00e4hnlichen Designs derzeit auf Lager<\/li>\n<\/ul>","protected":false},"featured_media":335412,"comment_status":"closed","ping_status":"closed","template":"","meta":{"_eb_attr":"","_crsspst_to_jayantr4sg-hostcom":false},"product_brand":[],"product_cat":[1780,1781,1790,1253,1778,1573,1574],"product_tag":[],"class_list":{"0":"post-335361","1":"product","2":"type-product","3":"status-publish","4":"has-post-thumbnail","6":"product_cat-antique-style-necklaces","7":"product_cat-filligree-necklaces","8":"product_cat-for-whom-when","9":"product_cat-gold-necklaces","10":"product_cat-short-necklaces","11":"product_cat-wedding-gifts","12":"product_cat-womens-jewellery","14":"first","15":"outofstock","16":"sale","17":"taxable","18":"shipping-taxable","19":"product-type-simple","20":"add-to-wishlist-before_image"},"yoast_head":"<!-- This site is optimized with the Yoast SEO plugin v27.5 - https:\/\/yoast.com\/product\/yoast-seo-wordpress\/ -->\n<title>Gold Choker Necklace | PureJewels.com<\/title>\n<meta name=\"description\" content=\"22 Carat Gold Choker Necklace | Perfect Wedding Necklaces In Uk | Pure Gold Necklaces In Uk | Order Now | Fast Delivery\" \/>\n<meta name=\"robots\" content=\"index, follow, max-snippet:-1, max-image-preview:large, max-video-preview:-1\" \/>\n<link rel=\"canonical\" href=\"https:\/\/www.purejewels.com\/de\/produkt-2\/22-karat-gold-choker-halskette-7\/\" \/>\n<meta property=\"og:locale\" content=\"de_DE\" \/>\n<meta property=\"og:type\" content=\"article\" \/>\n<meta property=\"og:title\" content=\"Gold Choker Necklace | PureJewels.com\" \/>\n<meta property=\"og:description\" content=\"22 Carat Gold Choker Necklace | Perfect Wedding Necklaces In Uk | Pure Gold Necklaces In Uk | Order Now | Fast Delivery\" \/>\n<meta property=\"og:url\" content=\"https:\/\/www.purejewels.com\/de\/produkt-2\/22-karat-gold-choker-halskette-7\/\" \/>\n<meta property=\"og:site_name\" content=\"PureJewels UK\" \/>\n<meta property=\"article:modified_time\" content=\"2025-01-30T19:54:54+00:00\" \/>\n<meta property=\"og:image\" content=\"https:\/\/www.purejewels.com\/wp-content\/uploads\/2022\/03\/31179-1.jpg\" \/>\n\t<meta property=\"og:image:width\" content=\"1000\" \/>\n\t<meta property=\"og:image:height\" content=\"1000\" \/>\n\t<meta property=\"og:image:type\" content=\"image\/jpeg\" \/>\n<meta name=\"twitter:card\" content=\"summary_large_image\" \/>\n<meta name=\"twitter:label1\" content=\"Gesch\u00e4tzte Lesezeit\" \/>\n\t<meta name=\"twitter:data1\" content=\"1\u00a0Minute\" \/>\n<script type=\"application\/ld+json\" class=\"yoast-schema-graph\">{\"@context\":\"https:\\\/\\\/schema.org\",\"@graph\":[{\"@type\":[\"WebPage\",\"ItemPage\"],\"@id\":\"https:\\\/\\\/www.purejewels.com\\\/product\\\/22-carat-gold-choker-necklace-7\\\/\",\"url\":\"https:\\\/\\\/www.purejewels.com\\\/product\\\/22-carat-gold-choker-necklace-7\\\/\",\"name\":\"Gold Choker Necklace | PureJewels.com\",\"isPartOf\":{\"@id\":\"https:\\\/\\\/www.purejewels.com\\\/#website\"},\"primaryImageOfPage\":{\"@id\":\"https:\\\/\\\/www.purejewels.com\\\/product\\\/22-carat-gold-choker-necklace-7\\\/#primaryimage\"},\"image\":{\"@id\":\"https:\\\/\\\/www.purejewels.com\\\/product\\\/22-carat-gold-choker-necklace-7\\\/#primaryimage\"},\"thumbnailUrl\":\"https:\\\/\\\/static.purejewels.com\\\/wp-content\\\/uploads\\\/2022\\\/03\\\/31179-1.jpg\",\"datePublished\":\"2024-09-20T05:45:52+00:00\",\"dateModified\":\"2025-01-30T19:54:54+00:00\",\"description\":\"22 Carat Gold Choker Necklace | Perfect Wedding Necklaces In Uk | Pure Gold Necklaces In Uk | Order Now | Fast Delivery\",\"breadcrumb\":{\"@id\":\"https:\\\/\\\/www.purejewels.com\\\/product\\\/22-carat-gold-choker-necklace-7\\\/#breadcrumb\"},\"inLanguage\":\"de\",\"potentialAction\":[{\"@type\":\"ReadAction\",\"target\":[\"https:\\\/\\\/www.purejewels.com\\\/product\\\/22-carat-gold-choker-necklace-7\\\/\"]}]},{\"@type\":\"ImageObject\",\"inLanguage\":\"de\",\"@id\":\"https:\\\/\\\/www.purejewels.com\\\/product\\\/22-carat-gold-choker-necklace-7\\\/#primaryimage\",\"url\":\"https:\\\/\\\/static.purejewels.com\\\/wp-content\\\/uploads\\\/2022\\\/03\\\/31179-1.jpg\",\"contentUrl\":\"https:\\\/\\\/static.purejewels.com\\\/wp-content\\\/uploads\\\/2022\\\/03\\\/31179-1.jpg\",\"width\":1000,\"height\":1000,\"caption\":\"22 Carat Gold Choker Necklace\"},{\"@type\":\"BreadcrumbList\",\"@id\":\"https:\\\/\\\/www.purejewels.com\\\/product\\\/22-carat-gold-choker-necklace-7\\\/#breadcrumb\",\"itemListElement\":[{\"@type\":\"ListItem\",\"position\":1,\"name\":\"Home\",\"item\":\"https:\\\/\\\/www.purejewels.com\\\/\"},{\"@type\":\"ListItem\",\"position\":2,\"name\":\"Shop\",\"item\":\"https:\\\/\\\/www.purejewels.com\\\/shop\\\/\"},{\"@type\":\"ListItem\",\"position\":3,\"name\":\"22 Carat Gold Choker Necklace\"}]},{\"@type\":\"WebSite\",\"@id\":\"https:\\\/\\\/www.purejewels.com\\\/#website\",\"url\":\"https:\\\/\\\/www.purejewels.com\\\/\",\"name\":\"PureJewels UK\",\"description\":\"Share the Love\",\"publisher\":{\"@id\":\"https:\\\/\\\/www.purejewels.com\\\/#organization\"},\"potentialAction\":[{\"@type\":\"SearchAction\",\"target\":{\"@type\":\"EntryPoint\",\"urlTemplate\":\"https:\\\/\\\/www.purejewels.com\\\/?s={search_term_string}\"},\"query-input\":{\"@type\":\"PropertyValueSpecification\",\"valueRequired\":true,\"valueName\":\"search_term_string\"}}],\"inLanguage\":\"de\"},{\"@type\":\"Organization\",\"@id\":\"https:\\\/\\\/www.purejewels.com\\\/#organization\",\"name\":\"PureJewels UK\",\"url\":\"https:\\\/\\\/www.purejewels.com\\\/\",\"logo\":{\"@type\":\"ImageObject\",\"inLanguage\":\"de\",\"@id\":\"https:\\\/\\\/www.purejewels.com\\\/#\\\/schema\\\/logo\\\/image\\\/\",\"url\":\"https:\\\/\\\/static.purejewels.com\\\/wp-content\\\/uploads\\\/2020\\\/11\\\/Logo-PJ-New-1.png\",\"contentUrl\":\"https:\\\/\\\/static.purejewels.com\\\/wp-content\\\/uploads\\\/2020\\\/11\\\/Logo-PJ-New-1.png\",\"width\":150,\"height\":80,\"caption\":\"PureJewels UK\"},\"image\":{\"@id\":\"https:\\\/\\\/www.purejewels.com\\\/#\\\/schema\\\/logo\\\/image\\\/\"}}]}<\/script>\n<!-- \/ Yoast SEO plugin. -->","yoast_head_json":{"title":"Gold Choker Halskette | PureJewels.com","description":"22 Karat Gold Choker Halskette | Perfekte Hochzeit Halsketten In Uk | Pure Gold Halsketten In Uk | Jetzt bestellen | Schnelle Lieferung","robots":{"index":"index","follow":"follow","max-snippet":"max-snippet:-1","max-image-preview":"max-image-preview:large","max-video-preview":"max-video-preview:-1"},"canonical":"https:\/\/www.purejewels.com\/de\/produkt-2\/22-karat-gold-choker-halskette-7\/","og_locale":"de_DE","og_type":"article","og_title":"Gold Choker Necklace | PureJewels.com","og_description":"22 Carat Gold Choker Necklace | Perfect Wedding Necklaces In Uk | Pure Gold Necklaces In Uk | Order Now | Fast Delivery","og_url":"https:\/\/www.purejewels.com\/de\/produkt-2\/22-karat-gold-choker-halskette-7\/","og_site_name":"PureJewels UK","article_modified_time":"2025-01-30T19:54:54+00:00","og_image":[{"width":1000,"height":1000,"url":"https:\/\/www.purejewels.com\/wp-content\/uploads\/2022\/03\/31179-1.jpg","type":"image\/jpeg"}],"twitter_card":"summary_large_image","twitter_misc":{"Gesch\u00e4tzte Lesezeit":"1\u00a0Minute"},"schema":{"@context":"https:\/\/schema.org","@graph":[{"@type":["WebPage","ItemPage"],"@id":"https:\/\/www.purejewels.com\/product\/22-carat-gold-choker-necklace-7\/","url":"https:\/\/www.purejewels.com\/product\/22-carat-gold-choker-necklace-7\/","name":"Gold Choker Halskette | PureJewels.com","isPartOf":{"@id":"https:\/\/www.purejewels.com\/#website"},"primaryImageOfPage":{"@id":"https:\/\/www.purejewels.com\/product\/22-carat-gold-choker-necklace-7\/#primaryimage"},"image":{"@id":"https:\/\/www.purejewels.com\/product\/22-carat-gold-choker-necklace-7\/#primaryimage"},"thumbnailUrl":"https:\/\/static.purejewels.com\/wp-content\/uploads\/2022\/03\/31179-1.jpg","datePublished":"2024-09-20T05:45:52+00:00","dateModified":"2025-01-30T19:54:54+00:00","description":"22 Karat Gold Choker Halskette | Perfekte Hochzeit Halsketten In Uk | Pure Gold Halsketten In Uk | Jetzt bestellen | Schnelle Lieferung","breadcrumb":{"@id":"https:\/\/www.purejewels.com\/product\/22-carat-gold-choker-necklace-7\/#breadcrumb"},"inLanguage":"de","potentialAction":[{"@type":"ReadAction","target":["https:\/\/www.purejewels.com\/product\/22-carat-gold-choker-necklace-7\/"]}]},{"@type":"ImageObject","inLanguage":"de","@id":"https:\/\/www.purejewels.com\/product\/22-carat-gold-choker-necklace-7\/#primaryimage","url":"https:\/\/static.purejewels.com\/wp-content\/uploads\/2022\/03\/31179-1.jpg","contentUrl":"https:\/\/static.purejewels.com\/wp-content\/uploads\/2022\/03\/31179-1.jpg","width":1000,"height":1000,"caption":"22 Carat Gold Choker Necklace"},{"@type":"BreadcrumbList","@id":"https:\/\/www.purejewels.com\/product\/22-carat-gold-choker-necklace-7\/#breadcrumb","itemListElement":[{"@type":"ListItem","position":1,"name":"Home","item":"https:\/\/www.purejewels.com\/"},{"@type":"ListItem","position":2,"name":"Shop","item":"https:\/\/www.purejewels.com\/shop\/"},{"@type":"ListItem","position":3,"name":"22 Carat Gold Choker Necklace"}]},{"@type":"WebSite","@id":"https:\/\/www.purejewels.com\/#website","url":"https:\/\/www.purejewels.com\/","name":"PureJewels UK","description":"Teile die Liebe","publisher":{"@id":"https:\/\/www.purejewels.com\/#organization"},"potentialAction":[{"@type":"SearchAction","target":{"@type":"EntryPoint","urlTemplate":"https:\/\/www.purejewels.com\/?s={search_term_string}"},"query-input":{"@type":"PropertyValueSpecification","valueRequired":true,"valueName":"search_term_string"}}],"inLanguage":"de"},{"@type":"Organization","@id":"https:\/\/www.purejewels.com\/#organization","name":"PureJewels UK","url":"https:\/\/www.purejewels.com\/","logo":{"@type":"ImageObject","inLanguage":"de","@id":"https:\/\/www.purejewels.com\/#\/schema\/logo\/image\/","url":"https:\/\/static.purejewels.com\/wp-content\/uploads\/2020\/11\/Logo-PJ-New-1.png","contentUrl":"https:\/\/static.purejewels.com\/wp-content\/uploads\/2020\/11\/Logo-PJ-New-1.png","width":150,"height":80,"caption":"PureJewels UK"},"image":{"@id":"https:\/\/www.purejewels.com\/#\/schema\/logo\/image\/"}}]}},"_links":{"self":[{"href":"https:\/\/www.purejewels.com\/de\/wp-json\/wp\/v2\/product\/335361","targetHints":{"allow":["GET"]}}],"collection":[{"href":"https:\/\/www.purejewels.com\/de\/wp-json\/wp\/v2\/product"}],"about":[{"href":"https:\/\/www.purejewels.com\/de\/wp-json\/wp\/v2\/types\/product"}],"replies":[{"embeddable":true,"href":"https:\/\/www.purejewels.com\/de\/wp-json\/wp\/v2\/comments?post=335361"}],"version-history":[{"count":2,"href":"https:\/\/www.purejewels.com\/de\/wp-json\/wp\/v2\/product\/335361\/revisions"}],"predecessor-version":[{"id":368128,"href":"https:\/\/www.purejewels.com\/de\/wp-json\/wp\/v2\/product\/335361\/revisions\/368128"}],"wp:featuredmedia":[{"embeddable":true,"href":"https:\/\/www.purejewels.com\/de\/wp-json\/wp\/v2\/media\/335412"}],"wp:attachment":[{"href":"https:\/\/www.purejewels.com\/de\/wp-json\/wp\/v2\/media?parent=335361"}],"wp:term":[{"taxonomy":"product_brand","embeddable":true,"href":"https:\/\/www.purejewels.com\/de\/wp-json\/wp\/v2\/product_brand?post=335361"},{"taxonomy":"product_cat","embeddable":true,"href":"https:\/\/www.purejewels.com\/de\/wp-json\/wp\/v2\/product_cat?post=335361"},{"taxonomy":"product_tag","embeddable":true,"href":"https:\/\/www.purejewels.com\/de\/wp-json\/wp\/v2\/product_tag?post=335361"}],"curies":[{"name":"wp","href":"https:\/\/api.w.org\/{rel}","templated":true}]}}