{"id":335365,"date":"2022-03-17T07:09:12","date_gmt":"2022-03-17T07:09:12","guid":{"rendered":"https:\/\/www.purejewels.com\/?post_type=product&#038;p=335365"},"modified":"2026-01-06T08:09:03","modified_gmt":"2026-01-06T08:09:03","slug":"22-kt-gold-antik-mattiert-anhanger","status":"publish","type":"product","link":"https:\/\/www.purejewels.com\/de\/product\/22ct-gold-antique-matte-finish-pendant\/","title":{"rendered":"22ct Gold Antik Matte Finish Anh\u00e4nger"},"content":{"rendered":"<h2>Geschichte<\/h2>\n<p>Die <strong>Kollektion Rosetten<\/strong> von Purejewels ist kompliziert, einzigartig und. Die Kollektion besteht aus St\u00fccken, die ihre eigenen Geschichten erz\u00e4hlen und von unseren Karigar-Meistern in Indien mit verschiedenen traditionellen Techniken handgefertigt wurden. Diese Designs haben eine eigene traditionelle Bedeutung und ein k\u00fcnstlerisches Flair wie kein anderes.<\/p>\n<h2>Gestaltung<\/h2>\n<p>Diese <strong>Vintage-Anh\u00e4nger<\/strong> von unserem <strong>Kollektion Rosetten<\/strong> wurde in Indien von den erfahrensten Handwerkern unseres Teams pr\u00e4zise entworfen und gefertigt. Diese <strong><a href=\"https:\/\/www.purejewels.com\/de\/product\/22ct-real-gold-shoe-pendant-43097\/\">Goldanh\u00e4nger<\/a><\/strong> beginnt mit einer Reihe von schimmernden <a href=\"https:\/\/www.purejewels.com\/de\/product\/22ct-gold-pretty-ladies-bracelet-7-inches-42354\/\">Gold-K\u00fcgelchen<\/a> in einem kreisf\u00f6rmigen Element mit einer knospenartigen Mitte platziert. Darauf folgt ein gr\u00f6\u00dferes kreisf\u00f6rmiges Element, das mit floralen 3D-Elementen und Gravurdetails verziert ist. Diese schimmernde <a href=\"https:\/\/www.purejewels.com\/de\/rosette-collection\/\">antikes Gold<\/a> Der Anh\u00e4nger endet mit einem runden Element, das mit Miniatur-Rawas bedeckt ist. Dieser wundersch\u00f6ne Anh\u00e4nger ist an sich schon ein Kunstwerk und wird in Handarbeit gefertigt.<strong> 22K Gold<\/strong> mit einem subtilen, matten Finish.<\/p>\n<h2>Stil<\/h2>\n<p>F\u00fchlen Sie sich wie ein K\u00f6nig, wenn Sie diese majest\u00e4tische Halskette von Purejewels tragen. Sie k\u00f6nnen diese Sch\u00f6nheit unabh\u00e4ngig tragen oder sich sogar daf\u00fcr entscheiden, Ihr Set zu vervollst\u00e4ndigen, indem Sie sich ein Paar passende <a href=\"https:\/\/www.purejewels.com\/de\/product-category\/22ct-gold-jewellery\/gold-earrings\/\">Ohrringe<\/a> aus unserer Kollektion. Stylen Sie dieses kostbare Kleidungsst\u00fcck heute mit Ihren traditionellen Kleidungsst\u00fccken zu einer Puja oder einer Hochzeitsfeier und setzen Sie ein stilvolles und elegantes Statement.<\/p>","protected":false},"excerpt":{"rendered":"<ul>\n<li>22\u00a0<span id=\"urn:enhancement-89deda8d\" class=\"textannotation\">Karat<\/span>\u00a0<span id=\"urn:enhancement-445855e2\" class=\"textannotation\">Gold<\/span> Indischer Anh\u00e4nger mit mattem Finish<\/li>\n<li>Geeignet f\u00fcr Alltagskleidung<\/li>\n<li>Wt. 11,6 g<\/li>\n<li>SKU. 34546<\/li>\n<li>Kette nicht enthalten.<\/li>\n<li>Sehen Sie sich unsere Sammlung von <strong>Damen-Kette<\/strong><\/li>\n<li>Alle Preise inklusive Mehrwertsteuer<\/li>\n<li>Alle unsere Produkte sind von London gestempelt\u00a0<span id=\"urn:enhancement-7d2af146\" class=\"textannotation\">Pr\u00fcfstelle<\/span><\/li>\n<li>Alle Sets werden mit Pr\u00e4sentationsbox geliefert<\/li>\n<li>Kostenlose Lieferung in ganz Europa\u00a0<span id=\"urn:enhancement-bbb162f2\" class=\"textannotation\">UK<\/span><\/li>\n<li>Kontaktieren Sie uns \/ chatten Sie mit uns und entdecken Sie unser\u00a0<span id=\"urn:enhancement-32269751\" class=\"textannotation\">Gold<\/span>\u00a0Anh\u00e4nger Halskette Indische Kollektion<\/li>\n<\/ul>","protected":false},"featured_media":335449,"comment_status":"closed","ping_status":"closed","template":"","meta":{"_eb_attr":"","_crsspst_to_jayantr4sg-hostcom":false},"product_brand":[],"product_cat":[1791,1770,1255,1767,1656,5275,1573,1574],"product_tag":[],"class_list":{"0":"post-335365","1":"product","2":"type-product","3":"status-publish","4":"has-post-thumbnail","6":"product_cat-anniversary-gifts","7":"product_cat-fancy-pendants","8":"product_cat-gold-pendants","9":"product_cat-ladies-pendants","10":"product_cat-rosettes-collections","11":"product_cat-rosettes-necklace","12":"product_cat-wedding-gifts","13":"product_cat-womens-jewellery","15":"first","16":"outofstock","17":"taxable","18":"shipping-taxable","19":"product-type-simple","20":"add-to-wishlist-before_image"},"yoast_head":"<!-- This site is optimized with the Yoast SEO plugin v27.3 - https:\/\/yoast.com\/product\/yoast-seo-wordpress\/ -->\n<title>22ct Gold Pendant | Purejewels.com<\/title>\n<meta name=\"description\" content=\"Antique Pendant in 22ct Gold Online | Explore Designer Matte Finish Gold Pendants | Quick Delivery | Hassle-Free Returns.\" \/>\n<meta name=\"robots\" content=\"index, follow, max-snippet:-1, max-image-preview:large, max-video-preview:-1\" \/>\n<link rel=\"canonical\" href=\"https:\/\/www.purejewels.com\/de\/produkt-2\/22-kt-gold-antik-mattiert-anhanger\/\" \/>\n<meta property=\"og:locale\" content=\"de_DE\" \/>\n<meta property=\"og:type\" content=\"article\" \/>\n<meta property=\"og:title\" content=\"22ct Gold Pendant | Purejewels.com\" \/>\n<meta property=\"og:description\" content=\"Antique Pendant in 22ct Gold Online | Explore Designer Matte Finish Gold Pendants | Quick Delivery | Hassle-Free Returns.\" \/>\n<meta property=\"og:url\" content=\"https:\/\/www.purejewels.com\/de\/produkt-2\/22-kt-gold-antik-mattiert-anhanger\/\" \/>\n<meta property=\"og:site_name\" content=\"PureJewels UK\" \/>\n<meta property=\"article:modified_time\" content=\"2026-01-06T08:09:03+00:00\" \/>\n<meta property=\"og:image\" content=\"https:\/\/www.purejewels.com\/wp-content\/uploads\/2022\/03\/34546-1.jpg\" \/>\n\t<meta property=\"og:image:width\" content=\"1000\" \/>\n\t<meta property=\"og:image:height\" content=\"1000\" \/>\n\t<meta property=\"og:image:type\" content=\"image\/jpeg\" \/>\n<meta name=\"twitter:card\" content=\"summary_large_image\" \/>\n<meta name=\"twitter:label1\" content=\"Gesch\u00e4tzte Lesezeit\" \/>\n\t<meta name=\"twitter:data1\" content=\"1\u00a0Minute\" \/>\n<script type=\"application\/ld+json\" class=\"yoast-schema-graph\">{\"@context\":\"https:\\\/\\\/schema.org\",\"@graph\":[{\"@type\":[\"WebPage\",\"ItemPage\"],\"@id\":\"https:\\\/\\\/www.purejewels.com\\\/product\\\/22ct-gold-antique-matte-finish-pendant\\\/\",\"url\":\"https:\\\/\\\/www.purejewels.com\\\/product\\\/22ct-gold-antique-matte-finish-pendant\\\/\",\"name\":\"22ct Gold Pendant | Purejewels.com\",\"isPartOf\":{\"@id\":\"https:\\\/\\\/www.purejewels.com\\\/#website\"},\"primaryImageOfPage\":{\"@id\":\"https:\\\/\\\/www.purejewels.com\\\/product\\\/22ct-gold-antique-matte-finish-pendant\\\/#primaryimage\"},\"image\":{\"@id\":\"https:\\\/\\\/www.purejewels.com\\\/product\\\/22ct-gold-antique-matte-finish-pendant\\\/#primaryimage\"},\"thumbnailUrl\":\"https:\\\/\\\/static.purejewels.com\\\/wp-content\\\/uploads\\\/2022\\\/03\\\/34546-1.jpg\",\"datePublished\":\"2022-03-17T07:09:12+00:00\",\"dateModified\":\"2026-01-06T08:09:03+00:00\",\"description\":\"Antique Pendant in 22ct Gold Online | Explore Designer Matte Finish Gold Pendants | Quick Delivery | Hassle-Free Returns.\",\"breadcrumb\":{\"@id\":\"https:\\\/\\\/www.purejewels.com\\\/product\\\/22ct-gold-antique-matte-finish-pendant\\\/#breadcrumb\"},\"inLanguage\":\"de\",\"potentialAction\":[{\"@type\":\"ReadAction\",\"target\":[\"https:\\\/\\\/www.purejewels.com\\\/product\\\/22ct-gold-antique-matte-finish-pendant\\\/\"]}]},{\"@type\":\"ImageObject\",\"inLanguage\":\"de\",\"@id\":\"https:\\\/\\\/www.purejewels.com\\\/product\\\/22ct-gold-antique-matte-finish-pendant\\\/#primaryimage\",\"url\":\"https:\\\/\\\/static.purejewels.com\\\/wp-content\\\/uploads\\\/2022\\\/03\\\/34546-1.jpg\",\"contentUrl\":\"https:\\\/\\\/static.purejewels.com\\\/wp-content\\\/uploads\\\/2022\\\/03\\\/34546-1.jpg\",\"width\":1000,\"height\":1000,\"caption\":\"22ct Gold Antique Matte Finish Pendant\"},{\"@type\":\"BreadcrumbList\",\"@id\":\"https:\\\/\\\/www.purejewels.com\\\/product\\\/22ct-gold-antique-matte-finish-pendant\\\/#breadcrumb\",\"itemListElement\":[{\"@type\":\"ListItem\",\"position\":1,\"name\":\"Home\",\"item\":\"https:\\\/\\\/www.purejewels.com\\\/\"},{\"@type\":\"ListItem\",\"position\":2,\"name\":\"Shop\",\"item\":\"https:\\\/\\\/www.purejewels.com\\\/shop\\\/\"},{\"@type\":\"ListItem\",\"position\":3,\"name\":\"22ct Gold Antique Matte Finish Pendant\"}]},{\"@type\":\"WebSite\",\"@id\":\"https:\\\/\\\/www.purejewels.com\\\/#website\",\"url\":\"https:\\\/\\\/www.purejewels.com\\\/\",\"name\":\"PureJewels UK\",\"description\":\"Share the Love\",\"publisher\":{\"@id\":\"https:\\\/\\\/www.purejewels.com\\\/#organization\"},\"potentialAction\":[{\"@type\":\"SearchAction\",\"target\":{\"@type\":\"EntryPoint\",\"urlTemplate\":\"https:\\\/\\\/www.purejewels.com\\\/?s={search_term_string}\"},\"query-input\":{\"@type\":\"PropertyValueSpecification\",\"valueRequired\":true,\"valueName\":\"search_term_string\"}}],\"inLanguage\":\"de\"},{\"@type\":\"Organization\",\"@id\":\"https:\\\/\\\/www.purejewels.com\\\/#organization\",\"name\":\"PureJewels UK\",\"url\":\"https:\\\/\\\/www.purejewels.com\\\/\",\"logo\":{\"@type\":\"ImageObject\",\"inLanguage\":\"de\",\"@id\":\"https:\\\/\\\/www.purejewels.com\\\/#\\\/schema\\\/logo\\\/image\\\/\",\"url\":\"https:\\\/\\\/static.purejewels.com\\\/wp-content\\\/uploads\\\/2020\\\/11\\\/Logo-PJ-New-1.png\",\"contentUrl\":\"https:\\\/\\\/static.purejewels.com\\\/wp-content\\\/uploads\\\/2020\\\/11\\\/Logo-PJ-New-1.png\",\"width\":150,\"height\":80,\"caption\":\"PureJewels UK\"},\"image\":{\"@id\":\"https:\\\/\\\/www.purejewels.com\\\/#\\\/schema\\\/logo\\\/image\\\/\"}}]}<\/script>\n<!-- \/ Yoast SEO plugin. -->","yoast_head_json":{"title":"22ct Gold Anh\u00e4nger | Purejewels.com","description":"Antik-Anh\u00e4nger in 22ct Gold Online | Entdecken Sie Designer Matt Finish Gold Anh\u00e4nger | Schnelle Lieferung | Hassle-Free Returns.","robots":{"index":"index","follow":"follow","max-snippet":"max-snippet:-1","max-image-preview":"max-image-preview:large","max-video-preview":"max-video-preview:-1"},"canonical":"https:\/\/www.purejewels.com\/de\/produkt-2\/22-kt-gold-antik-mattiert-anhanger\/","og_locale":"de_DE","og_type":"article","og_title":"22ct Gold Pendant | Purejewels.com","og_description":"Antique Pendant in 22ct Gold Online | Explore Designer Matte Finish Gold Pendants | Quick Delivery | Hassle-Free Returns.","og_url":"https:\/\/www.purejewels.com\/de\/produkt-2\/22-kt-gold-antik-mattiert-anhanger\/","og_site_name":"PureJewels UK","article_modified_time":"2026-01-06T08:09:03+00:00","og_image":[{"width":1000,"height":1000,"url":"https:\/\/www.purejewels.com\/wp-content\/uploads\/2022\/03\/34546-1.jpg","type":"image\/jpeg"}],"twitter_card":"summary_large_image","twitter_misc":{"Gesch\u00e4tzte Lesezeit":"1\u00a0Minute"},"schema":{"@context":"https:\/\/schema.org","@graph":[{"@type":["WebPage","ItemPage"],"@id":"https:\/\/www.purejewels.com\/product\/22ct-gold-antique-matte-finish-pendant\/","url":"https:\/\/www.purejewels.com\/product\/22ct-gold-antique-matte-finish-pendant\/","name":"22ct Gold Anh\u00e4nger | Purejewels.com","isPartOf":{"@id":"https:\/\/www.purejewels.com\/#website"},"primaryImageOfPage":{"@id":"https:\/\/www.purejewels.com\/product\/22ct-gold-antique-matte-finish-pendant\/#primaryimage"},"image":{"@id":"https:\/\/www.purejewels.com\/product\/22ct-gold-antique-matte-finish-pendant\/#primaryimage"},"thumbnailUrl":"https:\/\/static.purejewels.com\/wp-content\/uploads\/2022\/03\/34546-1.jpg","datePublished":"2022-03-17T07:09:12+00:00","dateModified":"2026-01-06T08:09:03+00:00","description":"Antik-Anh\u00e4nger in 22ct Gold Online | Entdecken Sie Designer Matt Finish Gold Anh\u00e4nger | Schnelle Lieferung | Hassle-Free Returns.","breadcrumb":{"@id":"https:\/\/www.purejewels.com\/product\/22ct-gold-antique-matte-finish-pendant\/#breadcrumb"},"inLanguage":"de","potentialAction":[{"@type":"ReadAction","target":["https:\/\/www.purejewels.com\/product\/22ct-gold-antique-matte-finish-pendant\/"]}]},{"@type":"ImageObject","inLanguage":"de","@id":"https:\/\/www.purejewels.com\/product\/22ct-gold-antique-matte-finish-pendant\/#primaryimage","url":"https:\/\/static.purejewels.com\/wp-content\/uploads\/2022\/03\/34546-1.jpg","contentUrl":"https:\/\/static.purejewels.com\/wp-content\/uploads\/2022\/03\/34546-1.jpg","width":1000,"height":1000,"caption":"22ct Gold Antique Matte Finish Pendant"},{"@type":"BreadcrumbList","@id":"https:\/\/www.purejewels.com\/product\/22ct-gold-antique-matte-finish-pendant\/#breadcrumb","itemListElement":[{"@type":"ListItem","position":1,"name":"Home","item":"https:\/\/www.purejewels.com\/"},{"@type":"ListItem","position":2,"name":"Shop","item":"https:\/\/www.purejewels.com\/shop\/"},{"@type":"ListItem","position":3,"name":"22ct Gold Antique Matte Finish Pendant"}]},{"@type":"WebSite","@id":"https:\/\/www.purejewels.com\/#website","url":"https:\/\/www.purejewels.com\/","name":"PureJewels UK","description":"Teile die Liebe","publisher":{"@id":"https:\/\/www.purejewels.com\/#organization"},"potentialAction":[{"@type":"SearchAction","target":{"@type":"EntryPoint","urlTemplate":"https:\/\/www.purejewels.com\/?s={search_term_string}"},"query-input":{"@type":"PropertyValueSpecification","valueRequired":true,"valueName":"search_term_string"}}],"inLanguage":"de"},{"@type":"Organization","@id":"https:\/\/www.purejewels.com\/#organization","name":"PureJewels UK","url":"https:\/\/www.purejewels.com\/","logo":{"@type":"ImageObject","inLanguage":"de","@id":"https:\/\/www.purejewels.com\/#\/schema\/logo\/image\/","url":"https:\/\/static.purejewels.com\/wp-content\/uploads\/2020\/11\/Logo-PJ-New-1.png","contentUrl":"https:\/\/static.purejewels.com\/wp-content\/uploads\/2020\/11\/Logo-PJ-New-1.png","width":150,"height":80,"caption":"PureJewels UK"},"image":{"@id":"https:\/\/www.purejewels.com\/#\/schema\/logo\/image\/"}}]}},"_links":{"self":[{"href":"https:\/\/www.purejewels.com\/de\/wp-json\/wp\/v2\/product\/335365","targetHints":{"allow":["GET"]}}],"collection":[{"href":"https:\/\/www.purejewels.com\/de\/wp-json\/wp\/v2\/product"}],"about":[{"href":"https:\/\/www.purejewels.com\/de\/wp-json\/wp\/v2\/types\/product"}],"replies":[{"embeddable":true,"href":"https:\/\/www.purejewels.com\/de\/wp-json\/wp\/v2\/comments?post=335365"}],"version-history":[{"count":1,"href":"https:\/\/www.purejewels.com\/de\/wp-json\/wp\/v2\/product\/335365\/revisions"}],"predecessor-version":[{"id":388455,"href":"https:\/\/www.purejewels.com\/de\/wp-json\/wp\/v2\/product\/335365\/revisions\/388455"}],"wp:featuredmedia":[{"embeddable":true,"href":"https:\/\/www.purejewels.com\/de\/wp-json\/wp\/v2\/media\/335449"}],"wp:attachment":[{"href":"https:\/\/www.purejewels.com\/de\/wp-json\/wp\/v2\/media?parent=335365"}],"wp:term":[{"taxonomy":"product_brand","embeddable":true,"href":"https:\/\/www.purejewels.com\/de\/wp-json\/wp\/v2\/product_brand?post=335365"},{"taxonomy":"product_cat","embeddable":true,"href":"https:\/\/www.purejewels.com\/de\/wp-json\/wp\/v2\/product_cat?post=335365"},{"taxonomy":"product_tag","embeddable":true,"href":"https:\/\/www.purejewels.com\/de\/wp-json\/wp\/v2\/product_tag?post=335365"}],"curies":[{"name":"wp","href":"https:\/\/api.w.org\/{rel}","templated":true}]}}