{"id":335369,"date":"2025-04-16T11:26:26","date_gmt":"2025-04-16T10:26:26","guid":{"rendered":"https:\/\/www.purejewels.com\/?post_type=product&#038;p=335369"},"modified":"2026-02-05T05:38:08","modified_gmt":"2026-02-05T05:38:08","slug":"22-karat-sunrise-gold-armreifen-50104","status":"publish","type":"product","link":"https:\/\/www.purejewels.com\/de\/product\/22-carat-sunrise-gold-bangles-50104\/","title":{"rendered":"Rosette 22ct Sunrise Gold Armreif | Gr\u00f6\u00dfe 2.4"},"content":{"rendered":"<p data-start=\"272\" data-end=\"635\">Dieser exquisite Armreif aus leuchtendem 22 Karat Sunrise Gold ist eine poetische Hommage an Anmut, Weiblichkeit und die stille Eleganz der Tradition. Der in sorgf\u00e4ltiger Handarbeit gefertigte Armreif besteht aus einem raffinierten Spiralband, das mit zarten Rosettenbl\u00fcten verziert ist - jede Bl\u00fcte ist kunstvoll positioniert, um einen Rhythmus von sanfter Sch\u00f6nheit und zeitlosem Charme zu schaffen.<\/p>\n<p data-start=\"637\" data-end=\"990\">Inspiriert von der Natur und der Nostalgie, ist die <strong data-start=\"675\" data-end=\"697\">Kollektion Rosette<\/strong> zelebriert die entscheidenden Momente im Leben mit floralen Motiven, die die ruhige St\u00e4rke und Eleganz der Frauen widerspiegeln, die sie tragen. Jede Rosette auf diesem Armreif ist eine Miniaturskulptur, die sorgf\u00e4ltig geformt wurde, um Wachstum, Bl\u00fcte und Kontinuit\u00e4t zu reflektieren - eine symbolische Anspielung auf die pers\u00f6nliche Reise der Tr\u00e4gerin.<\/p>\n<p data-start=\"992\" data-end=\"1418\">Das Band selbst ist mit feinem, gewundenem Draht umwickelt - eine jahrhundertealte Goldschmiedetechnik, die mit moderner Pr\u00e4zision neu interpretiert wurde. Diese zarte Textur sorgt f\u00fcr visuelles Interesse und taktile Raffinesse und macht das Schmuckst\u00fcck ebenso bezaubernd zu tragen wie zu betrachten. Ob allein getragen als Ausdruck subtilen Luxus oder in Kombination mit erg\u00e4nzenden Armreifen, die ausgewogene Silhouette und die detaillierte Handwerkskunst sorgen f\u00fcr eine harmonische Pr\u00e4senz.<\/p>\n<p data-start=\"1420\" data-end=\"1743\">Entworfen in <strong data-start=\"1432\" data-end=\"1444\">Gr\u00f6\u00dfe 2.4<\/strong>Dieser Armreif liegt bequem am Handgelenk und bietet sowohl Haltbarkeit als auch Eleganz f\u00fcr den Alltag oder besondere Anl\u00e4sse. Der 22ct <strong data-start=\"1580\" data-end=\"1596\">Sonnenaufgang Gold<\/strong>-exklusiv bei PureJewels- strahlt eine weiche, goldene W\u00e4rme aus, die an das erste Licht der Morgend\u00e4mmerung erinnert und der Gesamtkomposition Tiefe und Reichtum verleiht.<\/p>\n<p data-start=\"1745\" data-end=\"1982\">Jeder Armreif wird von Meisterhand gefertigt und verbindet die Reinheit der Tradition mit der Geschmeidigkeit des modernen Designs. Wie alle PureJewels-Kreationen ist auch dieser Armreif mit dem G\u00fctesiegel <strong data-start=\"1925\" data-end=\"1948\">Londoner Bescheinigungsamt<\/strong>und sorgt f\u00fcr Authentizit\u00e4t und Vertrauen.<\/p>","protected":false},"excerpt":{"rendered":"<p>Dieser zarte und zeitlose Armreif aus 22 Karat Sunrise Gold der Rosette Collection ist mit plastischen Blumenmotiven verziert, die Anmut und Wachstum symbolisieren. Die gewundene Drahtstruktur verleiht ihm handwerklichen Charme, w\u00e4hrend der warme Goldton an das sanfte Gl\u00fchen der Morgend\u00e4mmerung erinnert. Dieser mit Pr\u00e4zision handgefertigte Armreif verbindet traditionelle Handwerkskunst mit poetischer Eleganz. Ein anmutiger Begleiter f\u00fcr den Alltag und bedeutende Anl\u00e4sse.<\/p>\n<p><strong>Material:<\/strong> 22ct Gold<br \/>\n<strong>Reinheit:<\/strong> 91.6% rein<br \/>\n<strong>Wahrzeichen:<\/strong> Britisches G\u00fctesiegel<br \/>\n<strong>Bruttogewicht:<\/strong> 8,40 Gramm<br \/>\n<strong>Armreif Gr\u00f6\u00dfe:<\/strong> 2.4 (Weitere Gr\u00f6\u00dfen bitte anfragen)<br \/>\n<strong>SKU:<\/strong> 50104<\/p>\n<p><strong>Preis und Lieferung:<\/strong>\u00a0 Inklusive Mehrwertsteuer und Lieferkosten<br \/>\n<strong><a href=\"https:\/\/www.purejewels.com\/de\/ruckgabepolitik\/\">R\u00fcckgabepolitik<\/a><\/strong><\/p>","protected":false},"featured_media":388282,"comment_status":"closed","ping_status":"closed","template":"","meta":{"_eb_attr":"","_crsspst_to_jayantr4sg-hostcom":false},"product_brand":[],"product_cat":[1791,1559,5270,1793,5701,1792,1790,1233,1229,5347,5271,5273,1656,1573,1574,5349],"product_tag":[5310],"class_list":{"0":"post-335369","1":"product","2":"type-product","3":"status-publish","4":"has-post-thumbnail","6":"product_cat-anniversary-gifts","7":"product_cat-birthday-gifts","8":"product_cat-daily-wear-bangles","9":"product_cat-diwali-gifts","10":"product_cat-eid-jewellery","11":"product_cat-festival-gifts","12":"product_cat-for-whom-when","13":"product_cat-gold-bangles","14":"product_cat-22ct-gold-jewellery","15":"product_cat-shop-by-metal","16":"product_cat-occasion-wear-bangles","17":"product_cat-22ct-gold-poncha-bracelet","18":"product_cat-rosettes-collections","19":"product_cat-wedding-gifts","20":"product_cat-womens-jewellery","21":"product_cat-yellow-gold-jewellery","22":"product_tag-22k-gold-bangles","24":"first","25":"instock","26":"taxable","27":"shipping-taxable","28":"purchasable","29":"product-type-simple","30":"add-to-wishlist-before_image"},"yoast_head":"<!-- This site is optimized with the Yoast SEO plugin v27.4 - https:\/\/yoast.com\/product\/yoast-seo-wordpress\/ -->\n<title>Gold Bangles Online in London | PureJewels.com<\/title>\n<meta name=\"description\" content=\"Discover stunning 22ct gold bangles for women in the UK. Latest designer styles, 22ct Sunrise gold. Fast delivery &amp; easy returns. Shop now!\" \/>\n<meta name=\"robots\" content=\"index, follow, max-snippet:-1, max-image-preview:large, max-video-preview:-1\" \/>\n<link rel=\"canonical\" href=\"https:\/\/www.purejewels.com\/de\/produkt-2\/22-karat-sunrise-gold-armreifen-50104\/\" \/>\n<meta property=\"og:locale\" content=\"de_DE\" \/>\n<meta property=\"og:type\" content=\"article\" \/>\n<meta property=\"og:title\" content=\"Gold Bangles Online in London | PureJewels.com\" \/>\n<meta property=\"og:description\" content=\"Discover stunning 22ct gold bangles for women in the UK. Latest designer styles, 22ct Sunrise gold. Fast delivery &amp; easy returns. Shop now!\" \/>\n<meta property=\"og:url\" content=\"https:\/\/www.purejewels.com\/de\/produkt-2\/22-karat-sunrise-gold-armreifen-50104\/\" \/>\n<meta property=\"og:site_name\" content=\"PureJewels UK\" \/>\n<meta property=\"article:modified_time\" content=\"2026-02-05T05:38:08+00:00\" \/>\n<meta property=\"og:image\" content=\"https:\/\/static.purejewels.com\/wp-content\/uploads\/2022\/03\/50104_1.png\" \/>\n\t<meta property=\"og:image:width\" content=\"1000\" \/>\n\t<meta property=\"og:image:height\" content=\"1000\" \/>\n\t<meta property=\"og:image:type\" content=\"image\/png\" \/>\n<meta name=\"twitter:card\" content=\"summary_large_image\" \/>\n<meta name=\"twitter:label1\" content=\"Gesch\u00e4tzte Lesezeit\" \/>\n\t<meta name=\"twitter:data1\" content=\"2\u00a0Minuten\" \/>\n<script type=\"application\/ld+json\" class=\"yoast-schema-graph\">{\"@context\":\"https:\\\/\\\/schema.org\",\"@graph\":[{\"@type\":[\"WebPage\",\"ItemPage\"],\"@id\":\"https:\\\/\\\/www.purejewels.com\\\/product\\\/22-carat-sunrise-gold-bangles-50104\\\/\",\"url\":\"https:\\\/\\\/www.purejewels.com\\\/product\\\/22-carat-sunrise-gold-bangles-50104\\\/\",\"name\":\"Gold Bangles Online in London | PureJewels.com\",\"isPartOf\":{\"@id\":\"https:\\\/\\\/www.purejewels.com\\\/#website\"},\"primaryImageOfPage\":{\"@id\":\"https:\\\/\\\/www.purejewels.com\\\/product\\\/22-carat-sunrise-gold-bangles-50104\\\/#primaryimage\"},\"image\":{\"@id\":\"https:\\\/\\\/www.purejewels.com\\\/product\\\/22-carat-sunrise-gold-bangles-50104\\\/#primaryimage\"},\"thumbnailUrl\":\"https:\\\/\\\/static.purejewels.com\\\/wp-content\\\/uploads\\\/2022\\\/03\\\/50104_1.png\",\"datePublished\":\"2025-04-16T10:26:26+00:00\",\"dateModified\":\"2026-02-05T05:38:08+00:00\",\"description\":\"Discover stunning 22ct gold bangles for women in the UK. Latest designer styles, 22ct Sunrise gold. Fast delivery & easy returns. Shop now!\",\"breadcrumb\":{\"@id\":\"https:\\\/\\\/www.purejewels.com\\\/product\\\/22-carat-sunrise-gold-bangles-50104\\\/#breadcrumb\"},\"inLanguage\":\"de\",\"potentialAction\":[{\"@type\":\"ReadAction\",\"target\":[\"https:\\\/\\\/www.purejewels.com\\\/product\\\/22-carat-sunrise-gold-bangles-50104\\\/\"]}]},{\"@type\":\"ImageObject\",\"inLanguage\":\"de\",\"@id\":\"https:\\\/\\\/www.purejewels.com\\\/product\\\/22-carat-sunrise-gold-bangles-50104\\\/#primaryimage\",\"url\":\"https:\\\/\\\/static.purejewels.com\\\/wp-content\\\/uploads\\\/2022\\\/03\\\/50104_1.png\",\"contentUrl\":\"https:\\\/\\\/static.purejewels.com\\\/wp-content\\\/uploads\\\/2022\\\/03\\\/50104_1.png\",\"width\":1000,\"height\":1000,\"caption\":\"22ct Gold Bangle\"},{\"@type\":\"BreadcrumbList\",\"@id\":\"https:\\\/\\\/www.purejewels.com\\\/product\\\/22-carat-sunrise-gold-bangles-50104\\\/#breadcrumb\",\"itemListElement\":[{\"@type\":\"ListItem\",\"position\":1,\"name\":\"Home\",\"item\":\"https:\\\/\\\/www.purejewels.com\\\/\"},{\"@type\":\"ListItem\",\"position\":2,\"name\":\"Shop\",\"item\":\"https:\\\/\\\/www.purejewels.com\\\/shop\\\/\"},{\"@type\":\"ListItem\",\"position\":3,\"name\":\"Rosette 22ct Sunrise Gold Bangle | Size 2.4\"}]},{\"@type\":\"WebSite\",\"@id\":\"https:\\\/\\\/www.purejewels.com\\\/#website\",\"url\":\"https:\\\/\\\/www.purejewels.com\\\/\",\"name\":\"PureJewels UK\",\"description\":\"Share the Love\",\"publisher\":{\"@id\":\"https:\\\/\\\/www.purejewels.com\\\/#organization\"},\"potentialAction\":[{\"@type\":\"SearchAction\",\"target\":{\"@type\":\"EntryPoint\",\"urlTemplate\":\"https:\\\/\\\/www.purejewels.com\\\/?s={search_term_string}\"},\"query-input\":{\"@type\":\"PropertyValueSpecification\",\"valueRequired\":true,\"valueName\":\"search_term_string\"}}],\"inLanguage\":\"de\"},{\"@type\":\"Organization\",\"@id\":\"https:\\\/\\\/www.purejewels.com\\\/#organization\",\"name\":\"PureJewels UK\",\"url\":\"https:\\\/\\\/www.purejewels.com\\\/\",\"logo\":{\"@type\":\"ImageObject\",\"inLanguage\":\"de\",\"@id\":\"https:\\\/\\\/www.purejewels.com\\\/#\\\/schema\\\/logo\\\/image\\\/\",\"url\":\"https:\\\/\\\/static.purejewels.com\\\/wp-content\\\/uploads\\\/2020\\\/11\\\/Logo-PJ-New-1.png\",\"contentUrl\":\"https:\\\/\\\/static.purejewels.com\\\/wp-content\\\/uploads\\\/2020\\\/11\\\/Logo-PJ-New-1.png\",\"width\":150,\"height\":80,\"caption\":\"PureJewels UK\"},\"image\":{\"@id\":\"https:\\\/\\\/www.purejewels.com\\\/#\\\/schema\\\/logo\\\/image\\\/\"}}]}<\/script>\n<!-- \/ Yoast SEO plugin. -->","yoast_head_json":{"title":"Gold Armreifen Online in London | PureJewels.com","description":"Entdecken Sie atemberaubende Armreifen aus 22 Karat Gold f\u00fcr Frauen in Gro\u00dfbritannien. Neueste Designer-Stile, 22ct Sunrise Gold. Schnelle Lieferung und einfache R\u00fcckgabe. Jetzt einkaufen!","robots":{"index":"index","follow":"follow","max-snippet":"max-snippet:-1","max-image-preview":"max-image-preview:large","max-video-preview":"max-video-preview:-1"},"canonical":"https:\/\/www.purejewels.com\/de\/produkt-2\/22-karat-sunrise-gold-armreifen-50104\/","og_locale":"de_DE","og_type":"article","og_title":"Gold Bangles Online in London | PureJewels.com","og_description":"Discover stunning 22ct gold bangles for women in the UK. Latest designer styles, 22ct Sunrise gold. Fast delivery & easy returns. Shop now!","og_url":"https:\/\/www.purejewels.com\/de\/produkt-2\/22-karat-sunrise-gold-armreifen-50104\/","og_site_name":"PureJewels UK","article_modified_time":"2026-02-05T05:38:08+00:00","og_image":[{"width":1000,"height":1000,"url":"https:\/\/static.purejewels.com\/wp-content\/uploads\/2022\/03\/50104_1.png","type":"image\/png"}],"twitter_card":"summary_large_image","twitter_misc":{"Gesch\u00e4tzte Lesezeit":"2\u00a0Minuten"},"schema":{"@context":"https:\/\/schema.org","@graph":[{"@type":["WebPage","ItemPage"],"@id":"https:\/\/www.purejewels.com\/product\/22-carat-sunrise-gold-bangles-50104\/","url":"https:\/\/www.purejewels.com\/product\/22-carat-sunrise-gold-bangles-50104\/","name":"Gold Armreifen Online in London | PureJewels.com","isPartOf":{"@id":"https:\/\/www.purejewels.com\/#website"},"primaryImageOfPage":{"@id":"https:\/\/www.purejewels.com\/product\/22-carat-sunrise-gold-bangles-50104\/#primaryimage"},"image":{"@id":"https:\/\/www.purejewels.com\/product\/22-carat-sunrise-gold-bangles-50104\/#primaryimage"},"thumbnailUrl":"https:\/\/static.purejewels.com\/wp-content\/uploads\/2022\/03\/50104_1.png","datePublished":"2025-04-16T10:26:26+00:00","dateModified":"2026-02-05T05:38:08+00:00","description":"Entdecken Sie atemberaubende Armreifen aus 22 Karat Gold f\u00fcr Frauen in Gro\u00dfbritannien. Neueste Designer-Stile, 22ct Sunrise Gold. Schnelle Lieferung und einfache R\u00fcckgabe. Jetzt einkaufen!","breadcrumb":{"@id":"https:\/\/www.purejewels.com\/product\/22-carat-sunrise-gold-bangles-50104\/#breadcrumb"},"inLanguage":"de","potentialAction":[{"@type":"ReadAction","target":["https:\/\/www.purejewels.com\/product\/22-carat-sunrise-gold-bangles-50104\/"]}]},{"@type":"ImageObject","inLanguage":"de","@id":"https:\/\/www.purejewels.com\/product\/22-carat-sunrise-gold-bangles-50104\/#primaryimage","url":"https:\/\/static.purejewels.com\/wp-content\/uploads\/2022\/03\/50104_1.png","contentUrl":"https:\/\/static.purejewels.com\/wp-content\/uploads\/2022\/03\/50104_1.png","width":1000,"height":1000,"caption":"22ct Gold Bangle"},{"@type":"BreadcrumbList","@id":"https:\/\/www.purejewels.com\/product\/22-carat-sunrise-gold-bangles-50104\/#breadcrumb","itemListElement":[{"@type":"ListItem","position":1,"name":"Home","item":"https:\/\/www.purejewels.com\/"},{"@type":"ListItem","position":2,"name":"Shop","item":"https:\/\/www.purejewels.com\/shop\/"},{"@type":"ListItem","position":3,"name":"Rosette 22ct Sunrise Gold Bangle | Size 2.4"}]},{"@type":"WebSite","@id":"https:\/\/www.purejewels.com\/#website","url":"https:\/\/www.purejewels.com\/","name":"PureJewels UK","description":"Teile die Liebe","publisher":{"@id":"https:\/\/www.purejewels.com\/#organization"},"potentialAction":[{"@type":"SearchAction","target":{"@type":"EntryPoint","urlTemplate":"https:\/\/www.purejewels.com\/?s={search_term_string}"},"query-input":{"@type":"PropertyValueSpecification","valueRequired":true,"valueName":"search_term_string"}}],"inLanguage":"de"},{"@type":"Organization","@id":"https:\/\/www.purejewels.com\/#organization","name":"PureJewels UK","url":"https:\/\/www.purejewels.com\/","logo":{"@type":"ImageObject","inLanguage":"de","@id":"https:\/\/www.purejewels.com\/#\/schema\/logo\/image\/","url":"https:\/\/static.purejewels.com\/wp-content\/uploads\/2020\/11\/Logo-PJ-New-1.png","contentUrl":"https:\/\/static.purejewels.com\/wp-content\/uploads\/2020\/11\/Logo-PJ-New-1.png","width":150,"height":80,"caption":"PureJewels UK"},"image":{"@id":"https:\/\/www.purejewels.com\/#\/schema\/logo\/image\/"}}]}},"_links":{"self":[{"href":"https:\/\/www.purejewels.com\/de\/wp-json\/wp\/v2\/product\/335369","targetHints":{"allow":["GET"]}}],"collection":[{"href":"https:\/\/www.purejewels.com\/de\/wp-json\/wp\/v2\/product"}],"about":[{"href":"https:\/\/www.purejewels.com\/de\/wp-json\/wp\/v2\/types\/product"}],"replies":[{"embeddable":true,"href":"https:\/\/www.purejewels.com\/de\/wp-json\/wp\/v2\/comments?post=335369"}],"version-history":[{"count":4,"href":"https:\/\/www.purejewels.com\/de\/wp-json\/wp\/v2\/product\/335369\/revisions"}],"predecessor-version":[{"id":411499,"href":"https:\/\/www.purejewels.com\/de\/wp-json\/wp\/v2\/product\/335369\/revisions\/411499"}],"wp:featuredmedia":[{"embeddable":true,"href":"https:\/\/www.purejewels.com\/de\/wp-json\/wp\/v2\/media\/388282"}],"wp:attachment":[{"href":"https:\/\/www.purejewels.com\/de\/wp-json\/wp\/v2\/media?parent=335369"}],"wp:term":[{"taxonomy":"product_brand","embeddable":true,"href":"https:\/\/www.purejewels.com\/de\/wp-json\/wp\/v2\/product_brand?post=335369"},{"taxonomy":"product_cat","embeddable":true,"href":"https:\/\/www.purejewels.com\/de\/wp-json\/wp\/v2\/product_cat?post=335369"},{"taxonomy":"product_tag","embeddable":true,"href":"https:\/\/www.purejewels.com\/de\/wp-json\/wp\/v2\/product_tag?post=335369"}],"curies":[{"name":"wp","href":"https:\/\/api.w.org\/{rel}","templated":true}]}}