{"id":335527,"date":"2022-10-17T02:43:44","date_gmt":"2022-10-17T01:43:44","guid":{"rendered":"https:\/\/www.purejewels.com\/?post_type=product&#038;p=335527"},"modified":"2026-05-12T13:08:55","modified_gmt":"2026-05-12T12:08:55","slug":"22ct-gold-initial-s-unisex-anhanger-43091","status":"publish","type":"product","link":"https:\/\/www.purejewels.com\/de\/product\/22ct-gold-initial-s-unisex-pendant-43091\/","title":{"rendered":"22ct Gold Initial S Unisex-Anh\u00e4nger"},"content":{"rendered":"<p data-start=\"384\" data-end=\"683\"><strong data-start=\"384\" data-end=\"402\">Designkonzept<\/strong><br data-start=\"402\" data-end=\"405\" \/>Unser zeitloser und bedeutungsvoller Anh\u00e4nger mit der Initiale \u201cS\u201d aus 22 Karat Gelbgold ist eine wunderbar einfache Art, Identit\u00e4t, Liebe oder Verm\u00e4chtnis auszudr\u00fccken. Dieser Anh\u00e4nger, der sowohl f\u00fcr M\u00e4nner als auch f\u00fcr Frauen geeignet ist, verbindet klassische Eleganz mit pers\u00f6nlicher Symbolik - perfekt f\u00fcr den t\u00e4glichen Gebrauch oder als durchdachtes Geschenk.<\/p>\n<p data-start=\"685\" data-end=\"1044\"><strong data-start=\"685\" data-end=\"702\">Handwerkliches K\u00f6nnen<\/strong><br data-start=\"702\" data-end=\"705\" \/>Dieser Anh\u00e4nger wurde fachm\u00e4nnisch aus massivem 22-kar\u00e4tigem Gold gefertigt, wiegt 2,7 Gramm und besticht durch klare, raffinierte Linien und ein strahlendes Finish. Vom London Assay Office gestempelt, spiegelt jedes St\u00fcck PureJewels\u2019 Engagement f\u00fcr Authentizit\u00e4t und Qualit\u00e4t wider. Pr\u00e4sentiert in einer hochwertigen Geschenkbox, ist er bereit f\u00fcr Geburtstage, Meilensteine oder unvergessliche Momente.<\/p>\n<p data-start=\"1046\" data-end=\"1289\"><strong data-start=\"1046\" data-end=\"1063\">Styling-Ideen<\/strong><br data-start=\"1063\" data-end=\"1066\" \/>Kombinieren Sie diesen Anh\u00e4nger mit einer Fuchsschwanzkette oder einer feinen goldenen Gliederkette aus unserer Kollektion f\u00fcr einen eleganten Alltagslook. Tragen Sie ihn allein f\u00fcr einen subtilen Charme oder kombinieren Sie ihn mit anderen Initialen oder Anh\u00e4ngern f\u00fcr ein ausdrucksstarkes Statement.<\/p>","protected":false},"excerpt":{"rendered":"<ul>\n<li>Aus 22 Karat Gelbgold<\/li>\n<li>Ein perfektes Geschenk f\u00fcr alle Gelegenheiten<\/li>\n<li>Alle Alphabete sind in den Gesch\u00e4ften erh\u00e4ltlich.<\/li>\n<li>Gewicht. 2,7 Gramm<\/li>\n<li>Sku 43091<\/li>\n<li>Die Kette ist nicht enthalten<\/li>\n<li>Siehe unser<strong> Ackerfuchsschwanzkette<\/strong>\u00a0Sammlung<\/li>\n<li>Alle unsere Produkte sind durch das London Assay Office gestempelt.<\/li>\n<li>Mit einer Pr\u00e4sentationsbox<\/li>\n<li>Lieferung inbegriffen<\/li>\n<li>Alle Preise inklusive Mehrwertsteuer<\/li>\n<li>Kontaktieren Sie uns\/Live-Chat mit uns, um alle Alphabet-Schmuckst\u00fccke zu sehen<\/li>\n<\/ul>","protected":false},"featured_media":339722,"comment_status":"closed","ping_status":"closed","template":"","meta":{"_eb_attr":"","_crsspst_to_jayantr4sg-hostcom":false},"product_brand":[],"product_cat":[1770,1229,1255,5598,5344,1767,1768,5347,5349],"product_tag":[],"class_list":{"0":"post-335527","1":"product","2":"type-product","3":"status-publish","4":"has-post-thumbnail","6":"product_cat-fancy-pendants","7":"product_cat-22ct-gold-jewellery","8":"product_cat-gold-pendants","9":"product_cat-initial-pendant","10":"product_cat-jewellery-under-750","11":"product_cat-ladies-pendants","12":"product_cat-mens-pendants","13":"product_cat-shop-by-metal","14":"product_cat-yellow-gold-jewellery","16":"first","17":"instock","18":"taxable","19":"shipping-taxable","20":"purchasable","21":"product-type-simple","22":"add-to-wishlist-before_image"},"yoast_head":"<!-- This site is optimized with the Yoast SEO plugin v27.6 - https:\/\/yoast.com\/product\/yoast-seo-wordpress\/ -->\n<title>S Letter Gold Pendant Online in UK | PureJewels.com<\/title>\n<meta name=\"description\" content=\"Gold Pendant | Unisex Gold Pendant | Order Pendants at Best Price | Explore Wide Range of Gold Pendants in London\" \/>\n<meta name=\"robots\" content=\"index, follow, max-snippet:-1, max-image-preview:large, max-video-preview:-1\" \/>\n<link rel=\"canonical\" href=\"https:\/\/www.purejewels.com\/de\/produkt-2\/22ct-gold-initial-s-unisex-anhanger-43091\/\" \/>\n<meta property=\"og:locale\" content=\"de_DE\" \/>\n<meta property=\"og:type\" content=\"article\" \/>\n<meta property=\"og:title\" content=\"S Letter Gold Pendant Online in UK | PureJewels.com\" \/>\n<meta property=\"og:description\" content=\"Gold Pendant | Unisex Gold Pendant | Order Pendants at Best Price | Explore Wide Range of Gold Pendants in London\" \/>\n<meta property=\"og:url\" content=\"https:\/\/www.purejewels.com\/de\/produkt-2\/22ct-gold-initial-s-unisex-anhanger-43091\/\" \/>\n<meta property=\"og:site_name\" content=\"PureJewels UK\" \/>\n<meta property=\"article:modified_time\" content=\"2026-05-12T12:08:55+00:00\" \/>\n<meta property=\"og:image\" content=\"https:\/\/static.purejewels.com\/wp-content\/uploads\/2022\/03\/43091-1.jpg\" \/>\n\t<meta property=\"og:image:width\" content=\"1000\" \/>\n\t<meta property=\"og:image:height\" content=\"1000\" \/>\n\t<meta property=\"og:image:type\" content=\"image\/jpeg\" \/>\n<meta name=\"twitter:card\" content=\"summary_large_image\" \/>\n<meta name=\"twitter:label1\" content=\"Gesch\u00e4tzte Lesezeit\" \/>\n\t<meta name=\"twitter:data1\" content=\"1\u00a0Minute\" \/>\n<script type=\"application\/ld+json\" class=\"yoast-schema-graph\">{\"@context\":\"https:\\\/\\\/schema.org\",\"@graph\":[{\"@type\":[\"WebPage\",\"ItemPage\"],\"@id\":\"https:\\\/\\\/www.purejewels.com\\\/product\\\/22ct-gold-initial-s-unisex-pendant-43091\\\/\",\"url\":\"https:\\\/\\\/www.purejewels.com\\\/product\\\/22ct-gold-initial-s-unisex-pendant-43091\\\/\",\"name\":\"S Letter Gold Pendant Online in UK | PureJewels.com\",\"isPartOf\":{\"@id\":\"https:\\\/\\\/www.purejewels.com\\\/#website\"},\"primaryImageOfPage\":{\"@id\":\"https:\\\/\\\/www.purejewels.com\\\/product\\\/22ct-gold-initial-s-unisex-pendant-43091\\\/#primaryimage\"},\"image\":{\"@id\":\"https:\\\/\\\/www.purejewels.com\\\/product\\\/22ct-gold-initial-s-unisex-pendant-43091\\\/#primaryimage\"},\"thumbnailUrl\":\"https:\\\/\\\/static.purejewels.com\\\/wp-content\\\/uploads\\\/2022\\\/03\\\/43091-1.jpg\",\"datePublished\":\"2022-10-17T01:43:44+00:00\",\"dateModified\":\"2026-05-12T12:08:55+00:00\",\"description\":\"Gold Pendant | Unisex Gold Pendant | Order Pendants at Best Price | Explore Wide Range of Gold Pendants in London\",\"breadcrumb\":{\"@id\":\"https:\\\/\\\/www.purejewels.com\\\/product\\\/22ct-gold-initial-s-unisex-pendant-43091\\\/#breadcrumb\"},\"inLanguage\":\"de\",\"potentialAction\":[{\"@type\":\"ReadAction\",\"target\":[\"https:\\\/\\\/www.purejewels.com\\\/product\\\/22ct-gold-initial-s-unisex-pendant-43091\\\/\"]}]},{\"@type\":\"ImageObject\",\"inLanguage\":\"de\",\"@id\":\"https:\\\/\\\/www.purejewels.com\\\/product\\\/22ct-gold-initial-s-unisex-pendant-43091\\\/#primaryimage\",\"url\":\"https:\\\/\\\/static.purejewels.com\\\/wp-content\\\/uploads\\\/2022\\\/03\\\/43091-1.jpg\",\"contentUrl\":\"https:\\\/\\\/static.purejewels.com\\\/wp-content\\\/uploads\\\/2022\\\/03\\\/43091-1.jpg\",\"width\":1000,\"height\":1000,\"caption\":\"22ct Initial S Pendant | Unisex | Matt Finish\"},{\"@type\":\"BreadcrumbList\",\"@id\":\"https:\\\/\\\/www.purejewels.com\\\/product\\\/22ct-gold-initial-s-unisex-pendant-43091\\\/#breadcrumb\",\"itemListElement\":[{\"@type\":\"ListItem\",\"position\":1,\"name\":\"Home\",\"item\":\"https:\\\/\\\/www.purejewels.com\\\/\"},{\"@type\":\"ListItem\",\"position\":2,\"name\":\"Shop\",\"item\":\"https:\\\/\\\/www.purejewels.com\\\/shop\\\/\"},{\"@type\":\"ListItem\",\"position\":3,\"name\":\"22ct Gold Initial S Unisex Pendant\"}]},{\"@type\":\"WebSite\",\"@id\":\"https:\\\/\\\/www.purejewels.com\\\/#website\",\"url\":\"https:\\\/\\\/www.purejewels.com\\\/\",\"name\":\"PureJewels UK\",\"description\":\"Share the Love\",\"publisher\":{\"@id\":\"https:\\\/\\\/www.purejewels.com\\\/#organization\"},\"potentialAction\":[{\"@type\":\"SearchAction\",\"target\":{\"@type\":\"EntryPoint\",\"urlTemplate\":\"https:\\\/\\\/www.purejewels.com\\\/?s={search_term_string}\"},\"query-input\":{\"@type\":\"PropertyValueSpecification\",\"valueRequired\":true,\"valueName\":\"search_term_string\"}}],\"inLanguage\":\"de\"},{\"@type\":\"Organization\",\"@id\":\"https:\\\/\\\/www.purejewels.com\\\/#organization\",\"name\":\"PureJewels UK\",\"url\":\"https:\\\/\\\/www.purejewels.com\\\/\",\"logo\":{\"@type\":\"ImageObject\",\"inLanguage\":\"de\",\"@id\":\"https:\\\/\\\/www.purejewels.com\\\/#\\\/schema\\\/logo\\\/image\\\/\",\"url\":\"https:\\\/\\\/static.purejewels.com\\\/wp-content\\\/uploads\\\/2020\\\/11\\\/Logo-PJ-New-1.png\",\"contentUrl\":\"https:\\\/\\\/static.purejewels.com\\\/wp-content\\\/uploads\\\/2020\\\/11\\\/Logo-PJ-New-1.png\",\"width\":150,\"height\":80,\"caption\":\"PureJewels UK\"},\"image\":{\"@id\":\"https:\\\/\\\/www.purejewels.com\\\/#\\\/schema\\\/logo\\\/image\\\/\"}}]}<\/script>\n<!-- \/ Yoast SEO plugin. -->","yoast_head_json":{"title":"S Letter Gold Anh\u00e4nger Online in UK | PureJewels.com","description":"Goldanh\u00e4nger | Unisex-Goldanh\u00e4nger | Anh\u00e4nger zum besten Preis bestellen | Entdecken Sie eine gro\u00dfe Auswahl an Goldanh\u00e4ngern in London","robots":{"index":"index","follow":"follow","max-snippet":"max-snippet:-1","max-image-preview":"max-image-preview:large","max-video-preview":"max-video-preview:-1"},"canonical":"https:\/\/www.purejewels.com\/de\/produkt-2\/22ct-gold-initial-s-unisex-anhanger-43091\/","og_locale":"de_DE","og_type":"article","og_title":"S Letter Gold Pendant Online in UK | PureJewels.com","og_description":"Gold Pendant | Unisex Gold Pendant | Order Pendants at Best Price | Explore Wide Range of Gold Pendants in London","og_url":"https:\/\/www.purejewels.com\/de\/produkt-2\/22ct-gold-initial-s-unisex-anhanger-43091\/","og_site_name":"PureJewels UK","article_modified_time":"2026-05-12T12:08:55+00:00","og_image":[{"width":1000,"height":1000,"url":"https:\/\/static.purejewels.com\/wp-content\/uploads\/2022\/03\/43091-1.jpg","type":"image\/jpeg"}],"twitter_card":"summary_large_image","twitter_misc":{"Gesch\u00e4tzte Lesezeit":"1\u00a0Minute"},"schema":{"@context":"https:\/\/schema.org","@graph":[{"@type":["WebPage","ItemPage"],"@id":"https:\/\/www.purejewels.com\/product\/22ct-gold-initial-s-unisex-pendant-43091\/","url":"https:\/\/www.purejewels.com\/product\/22ct-gold-initial-s-unisex-pendant-43091\/","name":"S Letter Gold Anh\u00e4nger Online in UK | PureJewels.com","isPartOf":{"@id":"https:\/\/www.purejewels.com\/#website"},"primaryImageOfPage":{"@id":"https:\/\/www.purejewels.com\/product\/22ct-gold-initial-s-unisex-pendant-43091\/#primaryimage"},"image":{"@id":"https:\/\/www.purejewels.com\/product\/22ct-gold-initial-s-unisex-pendant-43091\/#primaryimage"},"thumbnailUrl":"https:\/\/static.purejewels.com\/wp-content\/uploads\/2022\/03\/43091-1.jpg","datePublished":"2022-10-17T01:43:44+00:00","dateModified":"2026-05-12T12:08:55+00:00","description":"Goldanh\u00e4nger | Unisex-Goldanh\u00e4nger | Anh\u00e4nger zum besten Preis bestellen | Entdecken Sie eine gro\u00dfe Auswahl an Goldanh\u00e4ngern in London","breadcrumb":{"@id":"https:\/\/www.purejewels.com\/product\/22ct-gold-initial-s-unisex-pendant-43091\/#breadcrumb"},"inLanguage":"de","potentialAction":[{"@type":"ReadAction","target":["https:\/\/www.purejewels.com\/product\/22ct-gold-initial-s-unisex-pendant-43091\/"]}]},{"@type":"ImageObject","inLanguage":"de","@id":"https:\/\/www.purejewels.com\/product\/22ct-gold-initial-s-unisex-pendant-43091\/#primaryimage","url":"https:\/\/static.purejewels.com\/wp-content\/uploads\/2022\/03\/43091-1.jpg","contentUrl":"https:\/\/static.purejewels.com\/wp-content\/uploads\/2022\/03\/43091-1.jpg","width":1000,"height":1000,"caption":"22ct Initial S Pendant | Unisex | Matt Finish"},{"@type":"BreadcrumbList","@id":"https:\/\/www.purejewels.com\/product\/22ct-gold-initial-s-unisex-pendant-43091\/#breadcrumb","itemListElement":[{"@type":"ListItem","position":1,"name":"Home","item":"https:\/\/www.purejewels.com\/"},{"@type":"ListItem","position":2,"name":"Shop","item":"https:\/\/www.purejewels.com\/shop\/"},{"@type":"ListItem","position":3,"name":"22ct Gold Initial S Unisex Pendant"}]},{"@type":"WebSite","@id":"https:\/\/www.purejewels.com\/#website","url":"https:\/\/www.purejewels.com\/","name":"PureJewels UK","description":"Teile die Liebe","publisher":{"@id":"https:\/\/www.purejewels.com\/#organization"},"potentialAction":[{"@type":"SearchAction","target":{"@type":"EntryPoint","urlTemplate":"https:\/\/www.purejewels.com\/?s={search_term_string}"},"query-input":{"@type":"PropertyValueSpecification","valueRequired":true,"valueName":"search_term_string"}}],"inLanguage":"de"},{"@type":"Organization","@id":"https:\/\/www.purejewels.com\/#organization","name":"PureJewels UK","url":"https:\/\/www.purejewels.com\/","logo":{"@type":"ImageObject","inLanguage":"de","@id":"https:\/\/www.purejewels.com\/#\/schema\/logo\/image\/","url":"https:\/\/static.purejewels.com\/wp-content\/uploads\/2020\/11\/Logo-PJ-New-1.png","contentUrl":"https:\/\/static.purejewels.com\/wp-content\/uploads\/2020\/11\/Logo-PJ-New-1.png","width":150,"height":80,"caption":"PureJewels UK"},"image":{"@id":"https:\/\/www.purejewels.com\/#\/schema\/logo\/image\/"}}]}},"_links":{"self":[{"href":"https:\/\/www.purejewels.com\/de\/wp-json\/wp\/v2\/product\/335527","targetHints":{"allow":["GET"]}}],"collection":[{"href":"https:\/\/www.purejewels.com\/de\/wp-json\/wp\/v2\/product"}],"about":[{"href":"https:\/\/www.purejewels.com\/de\/wp-json\/wp\/v2\/types\/product"}],"replies":[{"embeddable":true,"href":"https:\/\/www.purejewels.com\/de\/wp-json\/wp\/v2\/comments?post=335527"}],"version-history":[{"count":3,"href":"https:\/\/www.purejewels.com\/de\/wp-json\/wp\/v2\/product\/335527\/revisions"}],"predecessor-version":[{"id":420385,"href":"https:\/\/www.purejewels.com\/de\/wp-json\/wp\/v2\/product\/335527\/revisions\/420385"}],"wp:featuredmedia":[{"embeddable":true,"href":"https:\/\/www.purejewels.com\/de\/wp-json\/wp\/v2\/media\/339722"}],"wp:attachment":[{"href":"https:\/\/www.purejewels.com\/de\/wp-json\/wp\/v2\/media?parent=335527"}],"wp:term":[{"taxonomy":"product_brand","embeddable":true,"href":"https:\/\/www.purejewels.com\/de\/wp-json\/wp\/v2\/product_brand?post=335527"},{"taxonomy":"product_cat","embeddable":true,"href":"https:\/\/www.purejewels.com\/de\/wp-json\/wp\/v2\/product_cat?post=335527"},{"taxonomy":"product_tag","embeddable":true,"href":"https:\/\/www.purejewels.com\/de\/wp-json\/wp\/v2\/product_tag?post=335527"}],"curies":[{"name":"wp","href":"https:\/\/api.w.org\/{rel}","templated":true}]}}