{"id":335664,"date":"2024-10-29T07:00:10","date_gmt":"2024-10-29T07:00:10","guid":{"rendered":"https:\/\/www.purejewels.com\/?post_type=product&#038;p=335664"},"modified":"2026-04-27T10:05:54","modified_gmt":"2026-04-27T09:05:54","slug":"om-anhanger-aus-22ct-gold-unisex","status":"publish","type":"product","link":"https:\/\/www.purejewels.com\/de\/product\/om-pendant-in-22ct-gold-unisex\/","title":{"rendered":"Om-Anh\u00e4nger in 22ct Gold | Unisex"},"content":{"rendered":"<p data-start=\"293\" data-end=\"623\">Feiern Sie den heiligen Klang des Universums mit diesem wundersch\u00f6n handgefertigten <strong data-start=\"370\" data-end=\"384\">Om-Anh\u00e4nger<\/strong>Der Anh\u00e4nger wurde sorgf\u00e4ltig aus reinem 22-kar\u00e4tigem Gelbgold gefertigt. Das detaillierte Om-Motiv in der Mitte des herzf\u00f6rmigen Rahmens strahlt Gelassenheit und spirituelle Kraft aus und macht es zu einem begehrten Schmuckst\u00fcck f\u00fcr alle, die Wert auf eine tiefere Bedeutung ihres Schmucks legen.<\/p>\n<p data-start=\"625\" data-end=\"959\">Zarte Schliffe und eine feine Strukturierung unterstreichen die Handwerkskunst des Anh\u00e4ngers. Dank seines Unisex-Designs kann er von jedem getragen werden, der eine Verbindung zu Tradition und innerem Frieden sucht. Ob gepaart mit einem <a href=\"https:\/\/www.purejewels.com\/de\/product\/22ct-gold-foxtail-chain-43297\/\">Goldkette<\/a> Dieser Anh\u00e4nger ist mehr als nur ein Schmuckst\u00fcck - er ist ein Symbol f\u00fcr Licht, Hingabe und universelle Harmonie.<\/p>\n<p data-start=\"961\" data-end=\"1111\">Eine durchdachte und von Herzen kommende Wahl unter <strong data-start=\"1001\" data-end=\"1020\">Diwali-Geschenke<\/strong>Er bringt den Segen der Ruhe und der gl\u00fccklichen Anf\u00e4nge in der Jahreszeit des Lichts.<\/p>","protected":false},"excerpt":{"rendered":"<table class=\"sh_desc\">\n<tbody>\n<tr>\n<td>Typ des Anh\u00e4ngers<\/td>\n<td>Religi\u00f6ser Anh\u00e4nger<\/td>\n<\/tr>\n<tr>\n<td>SKU<\/td>\n<td>6057<\/td>\n<\/tr>\n<tr>\n<td>Gewicht<\/td>\n<td>2.3 Gms<\/td>\n<\/tr>\n<tr>\n<td>Metall<\/td>\n<td>22ct Gold<\/td>\n<\/tr>\n<tr>\n<td>Entgelte<\/td>\n<td>Lieferung und Mehrwertsteuer inbegriffen<\/td>\n<\/tr>\n<tr>\n<td>Verpackung<\/td>\n<td>Mit Pr\u00e4sentationsbox<\/td>\n<\/tr>\n<tr>\n<td>Mehr Informationen<\/td>\n<td>\n<ul>\n<li>Kette ist nicht enthalten<\/li>\n<li>Die auf dem Bild gezeigte Kette ist eine\u00a0<strong>Spiga-Kette<\/strong><\/li>\n<li>Live-Chat mit uns f\u00fcr Verf\u00fcgbarkeit und mehr Bilder<\/li>\n<\/ul>\n<\/td>\n<\/tr>\n<\/tbody>\n<\/table>","protected":false},"featured_media":351853,"comment_status":"closed","ping_status":"closed","template":"","meta":{"_eb_attr":"","_crsspst_to_jayantr4sg-hostcom":true},"product_brand":[],"product_cat":[1576,1793,1229,1255,5343,1572,5600,5338,1701,1574,5349],"product_tag":[1430,5413],"class_list":{"0":"post-335664","1":"product","2":"type-product","3":"status-publish","4":"has-post-thumbnail","6":"product_cat-childrens-jewellery","7":"product_cat-diwali-gifts","8":"product_cat-22ct-gold-jewellery","9":"product_cat-gold-pendants","10":"product_cat-jewellery-under-550","11":"product_cat-mens-jewellery","12":"product_cat-om-pendants","13":"product_cat-shop-by-price","14":"product_cat-religious-pendants","15":"product_cat-womens-jewellery","16":"product_cat-yellow-gold-jewellery","17":"product_tag-diwali-gift","18":"product_tag-om-pendant-in-22ct-gold","20":"first","21":"instock","22":"taxable","23":"shipping-taxable","24":"purchasable","25":"product-type-simple","26":"add-to-wishlist-before_image"},"yoast_head":"<!-- This site is optimized with the Yoast SEO plugin v27.5 - https:\/\/yoast.com\/product\/yoast-seo-wordpress\/ -->\n<title>Om Pendant | Religious Pendants | PureJewels.com<\/title>\n<meta name=\"description\" content=\"Religious Pendants Online in London | 22ct Gold Pendants Online in UK | Buy Pendants For Men, Kids &amp; Women | Quick Delivery\" \/>\n<meta name=\"robots\" content=\"index, follow, max-snippet:-1, max-image-preview:large, max-video-preview:-1\" \/>\n<link rel=\"canonical\" href=\"https:\/\/www.purejewels.com\/de\/produkt-2\/om-anhanger-aus-22ct-gold-unisex\/\" \/>\n<meta property=\"og:locale\" content=\"de_DE\" \/>\n<meta property=\"og:type\" content=\"article\" \/>\n<meta property=\"og:title\" content=\"Om Pendant | Religious Pendants | PureJewels.com\" \/>\n<meta property=\"og:description\" content=\"Religious Pendants Online in London | 22ct Gold Pendants Online in UK | Buy Pendants For Men, Kids &amp; Women | Quick Delivery\" \/>\n<meta property=\"og:url\" content=\"https:\/\/www.purejewels.com\/de\/produkt-2\/om-anhanger-aus-22ct-gold-unisex\/\" \/>\n<meta property=\"og:site_name\" content=\"PureJewels UK\" \/>\n<meta property=\"article:modified_time\" content=\"2026-04-27T09:05:54+00:00\" \/>\n<meta property=\"og:image\" content=\"https:\/\/static.purejewels.com\/wp-content\/uploads\/2023\/09\/SKU-6057.png\" \/>\n\t<meta property=\"og:image:width\" content=\"1000\" \/>\n\t<meta property=\"og:image:height\" content=\"1000\" \/>\n\t<meta property=\"og:image:type\" content=\"image\/png\" \/>\n<meta name=\"twitter:card\" content=\"summary_large_image\" \/>\n<meta name=\"twitter:label1\" content=\"Gesch\u00e4tzte Lesezeit\" \/>\n\t<meta name=\"twitter:data1\" content=\"1\u00a0Minute\" \/>\n<script type=\"application\/ld+json\" class=\"yoast-schema-graph\">{\"@context\":\"https:\\\/\\\/schema.org\",\"@graph\":[{\"@type\":[\"WebPage\",\"ItemPage\"],\"@id\":\"https:\\\/\\\/www.purejewels.com\\\/product\\\/om-pendant-in-22ct-gold-unisex\\\/\",\"url\":\"https:\\\/\\\/www.purejewels.com\\\/product\\\/om-pendant-in-22ct-gold-unisex\\\/\",\"name\":\"Om Pendant | Religious Pendants | PureJewels.com\",\"isPartOf\":{\"@id\":\"https:\\\/\\\/www.purejewels.com\\\/#website\"},\"primaryImageOfPage\":{\"@id\":\"https:\\\/\\\/www.purejewels.com\\\/product\\\/om-pendant-in-22ct-gold-unisex\\\/#primaryimage\"},\"image\":{\"@id\":\"https:\\\/\\\/www.purejewels.com\\\/product\\\/om-pendant-in-22ct-gold-unisex\\\/#primaryimage\"},\"thumbnailUrl\":\"https:\\\/\\\/static.purejewels.com\\\/wp-content\\\/uploads\\\/2023\\\/09\\\/SKU-6057.png\",\"datePublished\":\"2024-10-29T07:00:10+00:00\",\"dateModified\":\"2026-04-27T09:05:54+00:00\",\"description\":\"Religious Pendants Online in London | 22ct Gold Pendants Online in UK | Buy Pendants For Men, Kids & Women | Quick Delivery\",\"breadcrumb\":{\"@id\":\"https:\\\/\\\/www.purejewels.com\\\/product\\\/om-pendant-in-22ct-gold-unisex\\\/#breadcrumb\"},\"inLanguage\":\"de\",\"potentialAction\":[{\"@type\":\"ReadAction\",\"target\":[\"https:\\\/\\\/www.purejewels.com\\\/product\\\/om-pendant-in-22ct-gold-unisex\\\/\"]}]},{\"@type\":\"ImageObject\",\"inLanguage\":\"de\",\"@id\":\"https:\\\/\\\/www.purejewels.com\\\/product\\\/om-pendant-in-22ct-gold-unisex\\\/#primaryimage\",\"url\":\"https:\\\/\\\/static.purejewels.com\\\/wp-content\\\/uploads\\\/2023\\\/09\\\/SKU-6057.png\",\"contentUrl\":\"https:\\\/\\\/static.purejewels.com\\\/wp-content\\\/uploads\\\/2023\\\/09\\\/SKU-6057.png\",\"width\":1000,\"height\":1000,\"caption\":\"Om Pendant in 22ct Gold\"},{\"@type\":\"BreadcrumbList\",\"@id\":\"https:\\\/\\\/www.purejewels.com\\\/product\\\/om-pendant-in-22ct-gold-unisex\\\/#breadcrumb\",\"itemListElement\":[{\"@type\":\"ListItem\",\"position\":1,\"name\":\"Home\",\"item\":\"https:\\\/\\\/www.purejewels.com\\\/\"},{\"@type\":\"ListItem\",\"position\":2,\"name\":\"Shop\",\"item\":\"https:\\\/\\\/www.purejewels.com\\\/shop\\\/\"},{\"@type\":\"ListItem\",\"position\":3,\"name\":\"Om Pendant in 22ct Gold | Unisex\"}]},{\"@type\":\"WebSite\",\"@id\":\"https:\\\/\\\/www.purejewels.com\\\/#website\",\"url\":\"https:\\\/\\\/www.purejewels.com\\\/\",\"name\":\"PureJewels UK\",\"description\":\"Share the Love\",\"publisher\":{\"@id\":\"https:\\\/\\\/www.purejewels.com\\\/#organization\"},\"potentialAction\":[{\"@type\":\"SearchAction\",\"target\":{\"@type\":\"EntryPoint\",\"urlTemplate\":\"https:\\\/\\\/www.purejewels.com\\\/?s={search_term_string}\"},\"query-input\":{\"@type\":\"PropertyValueSpecification\",\"valueRequired\":true,\"valueName\":\"search_term_string\"}}],\"inLanguage\":\"de\"},{\"@type\":\"Organization\",\"@id\":\"https:\\\/\\\/www.purejewels.com\\\/#organization\",\"name\":\"PureJewels UK\",\"url\":\"https:\\\/\\\/www.purejewels.com\\\/\",\"logo\":{\"@type\":\"ImageObject\",\"inLanguage\":\"de\",\"@id\":\"https:\\\/\\\/www.purejewels.com\\\/#\\\/schema\\\/logo\\\/image\\\/\",\"url\":\"https:\\\/\\\/static.purejewels.com\\\/wp-content\\\/uploads\\\/2020\\\/11\\\/Logo-PJ-New-1.png\",\"contentUrl\":\"https:\\\/\\\/static.purejewels.com\\\/wp-content\\\/uploads\\\/2020\\\/11\\\/Logo-PJ-New-1.png\",\"width\":150,\"height\":80,\"caption\":\"PureJewels UK\"},\"image\":{\"@id\":\"https:\\\/\\\/www.purejewels.com\\\/#\\\/schema\\\/logo\\\/image\\\/\"}}]}<\/script>\n<!-- \/ Yoast SEO plugin. -->","yoast_head_json":{"title":"Om-Anh\u00e4nger | Religi\u00f6se Anh\u00e4nger | PureJewels.com","description":"Religi\u00f6se Anh\u00e4nger Online in London | 22ct Gold Anh\u00e4nger Online in UK | Kaufen Sie Anh\u00e4nger f\u00fcr M\u00e4nner, Kinder &amp; Frauen | Schnelle Lieferung","robots":{"index":"index","follow":"follow","max-snippet":"max-snippet:-1","max-image-preview":"max-image-preview:large","max-video-preview":"max-video-preview:-1"},"canonical":"https:\/\/www.purejewels.com\/de\/produkt-2\/om-anhanger-aus-22ct-gold-unisex\/","og_locale":"de_DE","og_type":"article","og_title":"Om Pendant | Religious Pendants | PureJewels.com","og_description":"Religious Pendants Online in London | 22ct Gold Pendants Online in UK | Buy Pendants For Men, Kids & Women | Quick Delivery","og_url":"https:\/\/www.purejewels.com\/de\/produkt-2\/om-anhanger-aus-22ct-gold-unisex\/","og_site_name":"PureJewels UK","article_modified_time":"2026-04-27T09:05:54+00:00","og_image":[{"width":1000,"height":1000,"url":"https:\/\/static.purejewels.com\/wp-content\/uploads\/2023\/09\/SKU-6057.png","type":"image\/png"}],"twitter_card":"summary_large_image","twitter_misc":{"Gesch\u00e4tzte Lesezeit":"1\u00a0Minute"},"schema":{"@context":"https:\/\/schema.org","@graph":[{"@type":["WebPage","ItemPage"],"@id":"https:\/\/www.purejewels.com\/product\/om-pendant-in-22ct-gold-unisex\/","url":"https:\/\/www.purejewels.com\/product\/om-pendant-in-22ct-gold-unisex\/","name":"Om-Anh\u00e4nger | Religi\u00f6se Anh\u00e4nger | PureJewels.com","isPartOf":{"@id":"https:\/\/www.purejewels.com\/#website"},"primaryImageOfPage":{"@id":"https:\/\/www.purejewels.com\/product\/om-pendant-in-22ct-gold-unisex\/#primaryimage"},"image":{"@id":"https:\/\/www.purejewels.com\/product\/om-pendant-in-22ct-gold-unisex\/#primaryimage"},"thumbnailUrl":"https:\/\/static.purejewels.com\/wp-content\/uploads\/2023\/09\/SKU-6057.png","datePublished":"2024-10-29T07:00:10+00:00","dateModified":"2026-04-27T09:05:54+00:00","description":"Religi\u00f6se Anh\u00e4nger Online in London | 22ct Gold Anh\u00e4nger Online in UK | Kaufen Sie Anh\u00e4nger f\u00fcr M\u00e4nner, Kinder &amp; Frauen | Schnelle Lieferung","breadcrumb":{"@id":"https:\/\/www.purejewels.com\/product\/om-pendant-in-22ct-gold-unisex\/#breadcrumb"},"inLanguage":"de","potentialAction":[{"@type":"ReadAction","target":["https:\/\/www.purejewels.com\/product\/om-pendant-in-22ct-gold-unisex\/"]}]},{"@type":"ImageObject","inLanguage":"de","@id":"https:\/\/www.purejewels.com\/product\/om-pendant-in-22ct-gold-unisex\/#primaryimage","url":"https:\/\/static.purejewels.com\/wp-content\/uploads\/2023\/09\/SKU-6057.png","contentUrl":"https:\/\/static.purejewels.com\/wp-content\/uploads\/2023\/09\/SKU-6057.png","width":1000,"height":1000,"caption":"Om Pendant in 22ct Gold"},{"@type":"BreadcrumbList","@id":"https:\/\/www.purejewels.com\/product\/om-pendant-in-22ct-gold-unisex\/#breadcrumb","itemListElement":[{"@type":"ListItem","position":1,"name":"Home","item":"https:\/\/www.purejewels.com\/"},{"@type":"ListItem","position":2,"name":"Shop","item":"https:\/\/www.purejewels.com\/shop\/"},{"@type":"ListItem","position":3,"name":"Om Pendant in 22ct Gold | Unisex"}]},{"@type":"WebSite","@id":"https:\/\/www.purejewels.com\/#website","url":"https:\/\/www.purejewels.com\/","name":"PureJewels UK","description":"Teile die Liebe","publisher":{"@id":"https:\/\/www.purejewels.com\/#organization"},"potentialAction":[{"@type":"SearchAction","target":{"@type":"EntryPoint","urlTemplate":"https:\/\/www.purejewels.com\/?s={search_term_string}"},"query-input":{"@type":"PropertyValueSpecification","valueRequired":true,"valueName":"search_term_string"}}],"inLanguage":"de"},{"@type":"Organization","@id":"https:\/\/www.purejewels.com\/#organization","name":"PureJewels UK","url":"https:\/\/www.purejewels.com\/","logo":{"@type":"ImageObject","inLanguage":"de","@id":"https:\/\/www.purejewels.com\/#\/schema\/logo\/image\/","url":"https:\/\/static.purejewels.com\/wp-content\/uploads\/2020\/11\/Logo-PJ-New-1.png","contentUrl":"https:\/\/static.purejewels.com\/wp-content\/uploads\/2020\/11\/Logo-PJ-New-1.png","width":150,"height":80,"caption":"PureJewels UK"},"image":{"@id":"https:\/\/www.purejewels.com\/#\/schema\/logo\/image\/"}}]}},"_links":{"self":[{"href":"https:\/\/www.purejewels.com\/de\/wp-json\/wp\/v2\/product\/335664","targetHints":{"allow":["GET"]}}],"collection":[{"href":"https:\/\/www.purejewels.com\/de\/wp-json\/wp\/v2\/product"}],"about":[{"href":"https:\/\/www.purejewels.com\/de\/wp-json\/wp\/v2\/types\/product"}],"replies":[{"embeddable":true,"href":"https:\/\/www.purejewels.com\/de\/wp-json\/wp\/v2\/comments?post=335664"}],"version-history":[{"count":3,"href":"https:\/\/www.purejewels.com\/de\/wp-json\/wp\/v2\/product\/335664\/revisions"}],"predecessor-version":[{"id":415737,"href":"https:\/\/www.purejewels.com\/de\/wp-json\/wp\/v2\/product\/335664\/revisions\/415737"}],"wp:featuredmedia":[{"embeddable":true,"href":"https:\/\/www.purejewels.com\/de\/wp-json\/wp\/v2\/media\/351853"}],"wp:attachment":[{"href":"https:\/\/www.purejewels.com\/de\/wp-json\/wp\/v2\/media?parent=335664"}],"wp:term":[{"taxonomy":"product_brand","embeddable":true,"href":"https:\/\/www.purejewels.com\/de\/wp-json\/wp\/v2\/product_brand?post=335664"},{"taxonomy":"product_cat","embeddable":true,"href":"https:\/\/www.purejewels.com\/de\/wp-json\/wp\/v2\/product_cat?post=335664"},{"taxonomy":"product_tag","embeddable":true,"href":"https:\/\/www.purejewels.com\/de\/wp-json\/wp\/v2\/product_tag?post=335664"}],"curies":[{"name":"wp","href":"https:\/\/api.w.org\/{rel}","templated":true}]}}