{"id":335678,"date":"2024-07-08T17:28:08","date_gmt":"2024-07-08T16:28:08","guid":{"rendered":"https:\/\/www.purejewels.com\/?post_type=product&#038;p=335678"},"modified":"2026-01-06T07:29:57","modified_gmt":"2026-01-06T07:29:57","slug":"22ct-gold-gottlicher-om-anhanger-unisex","status":"publish","type":"product","link":"https:\/\/www.purejewels.com\/de\/product\/22ct-gold-divine-om-pendant-unisex\/","title":{"rendered":"22ct Gold G\u00f6ttliche Om Anh\u00e4nger | Unisex"},"content":{"rendered":"<p data-start=\"644\" data-end=\"1090\"><strong data-start=\"644\" data-end=\"663\">Designkonzept<\/strong><\/p>\n<p data-start=\"644\" data-end=\"1090\">Der Anh\u00e4nger verk\u00f6rpert die tiefgr\u00fcndige Philosophie von <em data-start=\"714\" data-end=\"718\">Om<\/em>und f\u00e4ngt seine Essenz in einer eleganten, zeitlosen und unisex Form ein. Die sanft geschliffenen Kanten betonen die Flie\u00dff\u00e4higkeit des Symbols, w\u00e4hrend die strukturierten inneren Details f\u00fcr Tiefe sorgen und die vielen Schichten des spirituellen Erwachens symbolisieren. Durch sein vielseitiges Design ist es sowohl f\u00fcr M\u00e4nner als auch f\u00fcr Frauen geeignet und spiegelt Einheit, Inklusivit\u00e4t und Hingabe in einem einzigen, herausragenden St\u00fcck wider.<\/p>\n<hr data-start=\"1092\" data-end=\"1095\" \/>\n<p data-start=\"1097\" data-end=\"1493\"><strong data-start=\"1097\" data-end=\"1115\">Handwerkliches K\u00f6nnen<\/strong><\/p>\n<p data-start=\"1097\" data-end=\"1493\">Dieser handgefertigte Anh\u00e4nger aus 22-kar\u00e4tigem Gelbgold besticht durch seine glatte, hochglanzpolierte Oberfl\u00e4che, die das symbolische Design erg\u00e4nzt. Der Ballen ist auf Langlebigkeit und Leichtigkeit ausgelegt, so dass er an verschiedenen Kettentypen anmutig getragen werden kann. Jeder Anh\u00e4nger ist vom Londoner Assay Office gepunzt, was die Echtheit und die h\u00f6chste Reinheit des Goldes garantiert.<\/p>\n<hr data-start=\"1495\" data-end=\"1498\" \/>\n<p data-start=\"1500\" data-end=\"2069\"><strong data-start=\"1500\" data-end=\"1518\">Styling-Ideen<\/strong><\/p>\n<p data-start=\"1500\" data-end=\"2069\">Die <a href=\"https:\/\/www.purejewels.com\/de\/product\/22-carat-gold-om-pendant-48433\/\">Om-Anh\u00e4nger<\/a> ist ein unglaublich vielseitiges Schmuckst\u00fcck, das auf verschiedene Weise gestylt werden kann, um Individualit\u00e4t und Hingabe zum Ausdruck zu bringen. An einer schlichten Goldkette getragen, bietet es schlichte Eleganz f\u00fcr den t\u00e4glichen Gebrauch und erinnert den Tr\u00e4ger an inneren Frieden und Erdung. F\u00fcr ein mutigeres Statement kann er mit einer schwereren Kette kombiniert werden, die seine Pr\u00e4senz verst\u00e4rkt und ihn zu einem Brennpunkt des spirituellen Ausdrucks macht. Er l\u00e4sst sich nahtlos von traditioneller Kleidung bei Festen und Ritualen bis hin zu modernen, minimalistischen Outfits tragen und ist somit ein gesch\u00e4tzter Begleiter f\u00fcr alle Gelegenheiten.<\/p>","protected":false},"excerpt":{"rendered":"<table class=\"sh_desc\">\n<tbody>\n<tr>\n<td>Typ des Anh\u00e4ngers<\/td>\n<td>Religi\u00f6ser Anh\u00e4nger<\/td>\n<\/tr>\n<tr>\n<td>SKU<\/td>\n<td>48822<\/td>\n<\/tr>\n<tr>\n<td>Gewicht<\/td>\n<td>1.2 Gms<\/td>\n<\/tr>\n<tr>\n<td>Breite<\/td>\n<td>11,8 mm<\/td>\n<\/tr>\n<tr>\n<td>L\u00e4nge<\/td>\n<td>0,8 Zoll<\/td>\n<\/tr>\n<tr>\n<td>Metall<\/td>\n<td>22ct Gold<\/td>\n<\/tr>\n<tr>\n<td>Entgelte<\/td>\n<td>Lieferung und Mehrwertsteuer inbegriffen<\/td>\n<\/tr>\n<tr>\n<td>Verpackung<\/td>\n<td>Mit Pr\u00e4sentationsbox<\/td>\n<\/tr>\n<tr>\n<td>Mehr Informationen<\/td>\n<td>\n<ul>\n<li>Kette ist nicht enthalten<\/li>\n<li>Die auf dem Bild gezeigte Kette ist eine\u00a0<strong>Spiga-Kette<\/strong><\/li>\n<li>Live-Chat mit uns f\u00fcr Verf\u00fcgbarkeit und mehr Bilder<\/li>\n<li>Sehen Sie sich unsere Sammlung von\u00a0<strong>Anh\u00e4nger f\u00fcr M\u00e4nner<\/strong><\/li>\n<\/ul>\n<\/td>\n<\/tr>\n<\/tbody>\n<\/table>\n<p>&nbsp;<\/p>","protected":false},"featured_media":335679,"comment_status":"closed","ping_status":"closed","template":"","meta":{"_eb_attr":"","_crsspst_to_jayantr4sg-hostcom":true},"product_brand":[],"product_cat":[1793,1229,1255,5343,1572,5600,5338,1701,1574,5349],"product_tag":[5413],"class_list":{"0":"post-335678","1":"product","2":"type-product","3":"status-publish","4":"has-post-thumbnail","6":"product_cat-diwali-gifts","7":"product_cat-22ct-gold-jewellery","8":"product_cat-gold-pendants","9":"product_cat-jewellery-under-550","10":"product_cat-mens-jewellery","11":"product_cat-om-pendants","12":"product_cat-shop-by-price","13":"product_cat-religious-pendants","14":"product_cat-womens-jewellery","15":"product_cat-yellow-gold-jewellery","16":"product_tag-om-pendant-in-22ct-gold","18":"first","19":"outofstock","20":"taxable","21":"shipping-taxable","22":"product-type-simple","23":"add-to-wishlist-before_image"},"yoast_head":"<!-- This site is optimized with the Yoast SEO plugin v27.4 - https:\/\/yoast.com\/product\/yoast-seo-wordpress\/ -->\n<title>Om Pendants For Men, Women &amp; Kids | PureJewels.com<\/title>\n<meta name=\"description\" content=\"Religious Pendants Online in 22ct Gold | Unisex Gold Pendants | Order Now | Certified Gold Jewellers in Londond | Visit Our Store in London\" \/>\n<meta name=\"robots\" content=\"index, follow, max-snippet:-1, max-image-preview:large, max-video-preview:-1\" \/>\n<link rel=\"canonical\" href=\"https:\/\/www.purejewels.com\/de\/produkt-2\/22ct-gold-gottlicher-om-anhanger-unisex\/\" \/>\n<meta property=\"og:locale\" content=\"de_DE\" \/>\n<meta property=\"og:type\" content=\"article\" \/>\n<meta property=\"og:title\" content=\"Om Pendants For Men, Women &amp; Kids | PureJewels.com\" \/>\n<meta property=\"og:description\" content=\"Religious Pendants Online in 22ct Gold | Unisex Gold Pendants | Order Now | Certified Gold Jewellers in Londond | Visit Our Store in London\" \/>\n<meta property=\"og:url\" content=\"https:\/\/www.purejewels.com\/de\/produkt-2\/22ct-gold-gottlicher-om-anhanger-unisex\/\" \/>\n<meta property=\"og:site_name\" content=\"PureJewels UK\" \/>\n<meta property=\"article:modified_time\" content=\"2026-01-06T07:29:57+00:00\" \/>\n<meta property=\"og:image\" content=\"https:\/\/www.purejewels.com\/wp-content\/uploads\/2022\/03\/image179598702-1.jpg\" \/>\n\t<meta property=\"og:image:width\" content=\"1000\" \/>\n\t<meta property=\"og:image:height\" content=\"1000\" \/>\n\t<meta property=\"og:image:type\" content=\"image\/jpeg\" \/>\n<meta name=\"twitter:card\" content=\"summary_large_image\" \/>\n<meta name=\"twitter:label1\" content=\"Gesch\u00e4tzte Lesezeit\" \/>\n\t<meta name=\"twitter:data1\" content=\"1\u00a0Minute\" \/>\n<script type=\"application\/ld+json\" class=\"yoast-schema-graph\">{\"@context\":\"https:\\\/\\\/schema.org\",\"@graph\":[{\"@type\":[\"WebPage\",\"ItemPage\"],\"@id\":\"https:\\\/\\\/www.purejewels.com\\\/product\\\/22ct-gold-divine-om-pendant-unisex\\\/\",\"url\":\"https:\\\/\\\/www.purejewels.com\\\/product\\\/22ct-gold-divine-om-pendant-unisex\\\/\",\"name\":\"Om Pendants For Men, Women & Kids | PureJewels.com\",\"isPartOf\":{\"@id\":\"https:\\\/\\\/www.purejewels.com\\\/#website\"},\"primaryImageOfPage\":{\"@id\":\"https:\\\/\\\/www.purejewels.com\\\/product\\\/22ct-gold-divine-om-pendant-unisex\\\/#primaryimage\"},\"image\":{\"@id\":\"https:\\\/\\\/www.purejewels.com\\\/product\\\/22ct-gold-divine-om-pendant-unisex\\\/#primaryimage\"},\"thumbnailUrl\":\"https:\\\/\\\/static.purejewels.com\\\/wp-content\\\/uploads\\\/2022\\\/03\\\/image179598702-1.jpg\",\"datePublished\":\"2024-07-08T16:28:08+00:00\",\"dateModified\":\"2026-01-06T07:29:57+00:00\",\"description\":\"Religious Pendants Online in 22ct Gold | Unisex Gold Pendants | Order Now | Certified Gold Jewellers in Londond | Visit Our Store in London\",\"breadcrumb\":{\"@id\":\"https:\\\/\\\/www.purejewels.com\\\/product\\\/22ct-gold-divine-om-pendant-unisex\\\/#breadcrumb\"},\"inLanguage\":\"de\",\"potentialAction\":[{\"@type\":\"ReadAction\",\"target\":[\"https:\\\/\\\/www.purejewels.com\\\/product\\\/22ct-gold-divine-om-pendant-unisex\\\/\"]}]},{\"@type\":\"ImageObject\",\"inLanguage\":\"de\",\"@id\":\"https:\\\/\\\/www.purejewels.com\\\/product\\\/22ct-gold-divine-om-pendant-unisex\\\/#primaryimage\",\"url\":\"https:\\\/\\\/static.purejewels.com\\\/wp-content\\\/uploads\\\/2022\\\/03\\\/image179598702-1.jpg\",\"contentUrl\":\"https:\\\/\\\/static.purejewels.com\\\/wp-content\\\/uploads\\\/2022\\\/03\\\/image179598702-1.jpg\",\"width\":1000,\"height\":1000,\"caption\":\"22ct Gold Divine Om Pendant | Unisex\"},{\"@type\":\"BreadcrumbList\",\"@id\":\"https:\\\/\\\/www.purejewels.com\\\/product\\\/22ct-gold-divine-om-pendant-unisex\\\/#breadcrumb\",\"itemListElement\":[{\"@type\":\"ListItem\",\"position\":1,\"name\":\"Home\",\"item\":\"https:\\\/\\\/www.purejewels.com\\\/\"},{\"@type\":\"ListItem\",\"position\":2,\"name\":\"Shop\",\"item\":\"https:\\\/\\\/www.purejewels.com\\\/shop\\\/\"},{\"@type\":\"ListItem\",\"position\":3,\"name\":\"22ct Gold Divine Om Pendant | Unisex\"}]},{\"@type\":\"WebSite\",\"@id\":\"https:\\\/\\\/www.purejewels.com\\\/#website\",\"url\":\"https:\\\/\\\/www.purejewels.com\\\/\",\"name\":\"PureJewels UK\",\"description\":\"Share the Love\",\"publisher\":{\"@id\":\"https:\\\/\\\/www.purejewels.com\\\/#organization\"},\"potentialAction\":[{\"@type\":\"SearchAction\",\"target\":{\"@type\":\"EntryPoint\",\"urlTemplate\":\"https:\\\/\\\/www.purejewels.com\\\/?s={search_term_string}\"},\"query-input\":{\"@type\":\"PropertyValueSpecification\",\"valueRequired\":true,\"valueName\":\"search_term_string\"}}],\"inLanguage\":\"de\"},{\"@type\":\"Organization\",\"@id\":\"https:\\\/\\\/www.purejewels.com\\\/#organization\",\"name\":\"PureJewels UK\",\"url\":\"https:\\\/\\\/www.purejewels.com\\\/\",\"logo\":{\"@type\":\"ImageObject\",\"inLanguage\":\"de\",\"@id\":\"https:\\\/\\\/www.purejewels.com\\\/#\\\/schema\\\/logo\\\/image\\\/\",\"url\":\"https:\\\/\\\/static.purejewels.com\\\/wp-content\\\/uploads\\\/2020\\\/11\\\/Logo-PJ-New-1.png\",\"contentUrl\":\"https:\\\/\\\/static.purejewels.com\\\/wp-content\\\/uploads\\\/2020\\\/11\\\/Logo-PJ-New-1.png\",\"width\":150,\"height\":80,\"caption\":\"PureJewels UK\"},\"image\":{\"@id\":\"https:\\\/\\\/www.purejewels.com\\\/#\\\/schema\\\/logo\\\/image\\\/\"}}]}<\/script>\n<!-- \/ Yoast SEO plugin. -->","yoast_head_json":{"title":"Om-Anh\u00e4nger f\u00fcr M\u00e4nner, Frauen &amp; Kinder | PureJewels.com","description":"Religi\u00f6se Anh\u00e4nger online in 22ct Gold | Unisex Goldanh\u00e4nger | Jetzt bestellen | Zertifizierte Goldjuweliere in London | Besuchen Sie unser Gesch\u00e4ft in London","robots":{"index":"index","follow":"follow","max-snippet":"max-snippet:-1","max-image-preview":"max-image-preview:large","max-video-preview":"max-video-preview:-1"},"canonical":"https:\/\/www.purejewels.com\/de\/produkt-2\/22ct-gold-gottlicher-om-anhanger-unisex\/","og_locale":"de_DE","og_type":"article","og_title":"Om Pendants For Men, Women & Kids | PureJewels.com","og_description":"Religious Pendants Online in 22ct Gold | Unisex Gold Pendants | Order Now | Certified Gold Jewellers in Londond | Visit Our Store in London","og_url":"https:\/\/www.purejewels.com\/de\/produkt-2\/22ct-gold-gottlicher-om-anhanger-unisex\/","og_site_name":"PureJewels UK","article_modified_time":"2026-01-06T07:29:57+00:00","og_image":[{"width":1000,"height":1000,"url":"https:\/\/www.purejewels.com\/wp-content\/uploads\/2022\/03\/image179598702-1.jpg","type":"image\/jpeg"}],"twitter_card":"summary_large_image","twitter_misc":{"Gesch\u00e4tzte Lesezeit":"1\u00a0Minute"},"schema":{"@context":"https:\/\/schema.org","@graph":[{"@type":["WebPage","ItemPage"],"@id":"https:\/\/www.purejewels.com\/product\/22ct-gold-divine-om-pendant-unisex\/","url":"https:\/\/www.purejewels.com\/product\/22ct-gold-divine-om-pendant-unisex\/","name":"Om-Anh\u00e4nger f\u00fcr M\u00e4nner, Frauen &amp; Kinder | PureJewels.com","isPartOf":{"@id":"https:\/\/www.purejewels.com\/#website"},"primaryImageOfPage":{"@id":"https:\/\/www.purejewels.com\/product\/22ct-gold-divine-om-pendant-unisex\/#primaryimage"},"image":{"@id":"https:\/\/www.purejewels.com\/product\/22ct-gold-divine-om-pendant-unisex\/#primaryimage"},"thumbnailUrl":"https:\/\/static.purejewels.com\/wp-content\/uploads\/2022\/03\/image179598702-1.jpg","datePublished":"2024-07-08T16:28:08+00:00","dateModified":"2026-01-06T07:29:57+00:00","description":"Religi\u00f6se Anh\u00e4nger online in 22ct Gold | Unisex Goldanh\u00e4nger | Jetzt bestellen | Zertifizierte Goldjuweliere in London | Besuchen Sie unser Gesch\u00e4ft in London","breadcrumb":{"@id":"https:\/\/www.purejewels.com\/product\/22ct-gold-divine-om-pendant-unisex\/#breadcrumb"},"inLanguage":"de","potentialAction":[{"@type":"ReadAction","target":["https:\/\/www.purejewels.com\/product\/22ct-gold-divine-om-pendant-unisex\/"]}]},{"@type":"ImageObject","inLanguage":"de","@id":"https:\/\/www.purejewels.com\/product\/22ct-gold-divine-om-pendant-unisex\/#primaryimage","url":"https:\/\/static.purejewels.com\/wp-content\/uploads\/2022\/03\/image179598702-1.jpg","contentUrl":"https:\/\/static.purejewels.com\/wp-content\/uploads\/2022\/03\/image179598702-1.jpg","width":1000,"height":1000,"caption":"22ct Gold Divine Om Pendant | Unisex"},{"@type":"BreadcrumbList","@id":"https:\/\/www.purejewels.com\/product\/22ct-gold-divine-om-pendant-unisex\/#breadcrumb","itemListElement":[{"@type":"ListItem","position":1,"name":"Home","item":"https:\/\/www.purejewels.com\/"},{"@type":"ListItem","position":2,"name":"Shop","item":"https:\/\/www.purejewels.com\/shop\/"},{"@type":"ListItem","position":3,"name":"22ct Gold Divine Om Pendant | Unisex"}]},{"@type":"WebSite","@id":"https:\/\/www.purejewels.com\/#website","url":"https:\/\/www.purejewels.com\/","name":"PureJewels UK","description":"Teile die Liebe","publisher":{"@id":"https:\/\/www.purejewels.com\/#organization"},"potentialAction":[{"@type":"SearchAction","target":{"@type":"EntryPoint","urlTemplate":"https:\/\/www.purejewels.com\/?s={search_term_string}"},"query-input":{"@type":"PropertyValueSpecification","valueRequired":true,"valueName":"search_term_string"}}],"inLanguage":"de"},{"@type":"Organization","@id":"https:\/\/www.purejewels.com\/#organization","name":"PureJewels UK","url":"https:\/\/www.purejewels.com\/","logo":{"@type":"ImageObject","inLanguage":"de","@id":"https:\/\/www.purejewels.com\/#\/schema\/logo\/image\/","url":"https:\/\/static.purejewels.com\/wp-content\/uploads\/2020\/11\/Logo-PJ-New-1.png","contentUrl":"https:\/\/static.purejewels.com\/wp-content\/uploads\/2020\/11\/Logo-PJ-New-1.png","width":150,"height":80,"caption":"PureJewels UK"},"image":{"@id":"https:\/\/www.purejewels.com\/#\/schema\/logo\/image\/"}}]}},"_links":{"self":[{"href":"https:\/\/www.purejewels.com\/de\/wp-json\/wp\/v2\/product\/335678","targetHints":{"allow":["GET"]}}],"collection":[{"href":"https:\/\/www.purejewels.com\/de\/wp-json\/wp\/v2\/product"}],"about":[{"href":"https:\/\/www.purejewels.com\/de\/wp-json\/wp\/v2\/types\/product"}],"replies":[{"embeddable":true,"href":"https:\/\/www.purejewels.com\/de\/wp-json\/wp\/v2\/comments?post=335678"}],"version-history":[{"count":3,"href":"https:\/\/www.purejewels.com\/de\/wp-json\/wp\/v2\/product\/335678\/revisions"}],"predecessor-version":[{"id":416454,"href":"https:\/\/www.purejewels.com\/de\/wp-json\/wp\/v2\/product\/335678\/revisions\/416454"}],"wp:featuredmedia":[{"embeddable":true,"href":"https:\/\/www.purejewels.com\/de\/wp-json\/wp\/v2\/media\/335679"}],"wp:attachment":[{"href":"https:\/\/www.purejewels.com\/de\/wp-json\/wp\/v2\/media?parent=335678"}],"wp:term":[{"taxonomy":"product_brand","embeddable":true,"href":"https:\/\/www.purejewels.com\/de\/wp-json\/wp\/v2\/product_brand?post=335678"},{"taxonomy":"product_cat","embeddable":true,"href":"https:\/\/www.purejewels.com\/de\/wp-json\/wp\/v2\/product_cat?post=335678"},{"taxonomy":"product_tag","embeddable":true,"href":"https:\/\/www.purejewels.com\/de\/wp-json\/wp\/v2\/product_tag?post=335678"}],"curies":[{"name":"wp","href":"https:\/\/api.w.org\/{rel}","templated":true}]}}