{"id":335686,"date":"2022-03-27T14:32:34","date_gmt":"2022-03-27T13:32:34","guid":{"rendered":"https:\/\/www.purejewels.com\/?post_type=product&#038;p=335686"},"modified":"2024-09-10T12:52:15","modified_gmt":"2024-09-10T11:52:15","slug":"22ct-gold-tropfen-ohrringe-1-5-zoll","status":"publish","type":"product","link":"https:\/\/www.purejewels.com\/de\/product\/22ct-gold-drop-earrings-1-5-inch\/","title":{"rendered":"22ct Gold Tropfen Ohrringe | 1,5 Zoll"},"content":{"rendered":"<h2>Inspiration<\/h2>\n<p>Sind Sie st\u00e4ndig auf der Suche nach etwas Perfektem, um Ihrem Look sofortigen Glamour zu verleihen? Dann k\u00f6nnte das hier genau das Richtige sein! Dieses Paar einmaliger <strong>Gold-Party <a href=\"https:\/\/www.purejewels.com\/de\/product-category\/22ct-gold-jewellery\/gold-earrings\/\">Ohrringe<\/a><\/strong> ist alles, was Sie brauchen, um ein Statement zu setzen. Man sagt, dass Ohrringe die m\u00e4chtigsten Accessoires sind, die buchst\u00e4blich Ihren Look ausmachen oder brechen k\u00f6nnen. Mit diesen Ohrringen kannst du deinen Party-Look auf die n\u00e4chste Stufe heben.<\/p>\n<h2>Gestaltung<\/h2>\n<p>Diese k\u00fchnen und k\u00fcnstlerisch anmutenden St\u00fccke von Purejewels sind alles, was Sie brauchen, um jeden Ihrer Looks zu vervollst\u00e4ndigen. Diese wundersch\u00f6nen langen Ohrringe sind von komplizierten architektonischen Strukturen inspiriert und wurden aus reinem 22K Gold gefertigt. Das Paar wurde von unseren Karigarren in aufw\u00e4ndiger Handarbeit gefertigt, indem sie die handgefertigten, kreisf\u00f6rmigen Elemente nahtlos miteinander verbinden. Das Design beginnt mit einem nahtlosen kuppelf\u00f6rmigen Ohrstecker, der von zwei ungleichm\u00e4\u00dfigen <strong>fett <a href=\"https:\/\/www.purejewels.com\/de\/product-category\/22ct-gold-jewellery\/gold-chains\/\">Ketten<\/a><\/strong>. Das Ende dieser Ketten wurde zu super detaillierten Goldkugeln verl\u00f6tet und ergibt die perfekte baumelnde Silhouette. Das Paar ist mit einem luxuri\u00f6sen, matten Gold-Finish versehen, so dass es schon von weitem auff\u00e4llt.<\/p>\n<h2>Stil<\/h2>\n<p>Diese Danglers sind die perfekte Erg\u00e4nzung zu all Ihren Party-Ensembles. Perfekt f\u00fcr jede Veranstaltung, sei es informell, formell oder offiziell, diese werden Sie nicht entt\u00e4uschen. Erg\u00e4nzen Sie diese <strong><a href=\"https:\/\/www.purejewels.com\/de\/elegance-of-sold-gold\/\">Echtes Gold<\/a> baumelnde Ohrringe<\/strong> zu besonderen Anl\u00e4ssen oder sogar auf dem Weg zu einem Arbeitstreffen, wenn Sie k\u00fchn aussehen und sich mit einem Hauch von Raffinesse bewegen.<\/p>","protected":false},"excerpt":{"rendered":"<ul>\n<li>22 Karat Gold-Ohrringe UK<\/li>\n<li>Wt: 3 Gramm<\/li>\n<li>SKU. 42301<\/li>\n<li>L\u00e4nge. 1,5 Zoll<\/li>\n<li>Alle Preise inklusive Mehrwertsteuer<\/li>\n<li>22ct Gold gestempelt von London Assay Office<\/li>\n<li>Mit Pr\u00e4sentationsbox<\/li>\n<li>Lieferung inbegriffen<\/li>\n<li>Kontaktieren Sie uns \/ Live-Chat mit uns zu sehen, Video von Goldschmuck<\/li>\n<\/ul>","protected":false},"featured_media":335687,"comment_status":"closed","ping_status":"closed","template":"","meta":{"_eb_attr":"","_crsspst_to_jayantr4sg-hostcom":false},"product_brand":[],"product_cat":[1791,1685,1254,1573,1574],"product_tag":[],"class_list":{"0":"post-335686","1":"product","2":"type-product","3":"status-publish","4":"has-post-thumbnail","6":"product_cat-anniversary-gifts","7":"product_cat-drop-earrings","8":"product_cat-gold-earrings","9":"product_cat-wedding-gifts","10":"product_cat-womens-jewellery","12":"first","13":"outofstock","14":"taxable","15":"shipping-taxable","16":"product-type-simple","17":"add-to-wishlist-before_image"},"yoast_head":"<!-- This site is optimized with the Yoast SEO plugin v27.3 - https:\/\/yoast.com\/product\/yoast-seo-wordpress\/ -->\n<title>Party Wear Drop Earrings in 22ct Gold | Purejewels.com<\/title>\n<meta name=\"description\" content=\"Long Gold Drop Earrings in 22ct Gold | Shop Variety of Long Earrings | Party wear Earrings in UK | Quick Delivery\" \/>\n<meta name=\"robots\" content=\"index, follow, max-snippet:-1, max-image-preview:large, max-video-preview:-1\" \/>\n<link rel=\"canonical\" href=\"https:\/\/www.purejewels.com\/de\/produkt-2\/22ct-gold-tropfen-ohrringe-1-5-zoll\/\" \/>\n<meta property=\"og:locale\" content=\"de_DE\" \/>\n<meta property=\"og:type\" content=\"article\" \/>\n<meta property=\"og:title\" content=\"Party Wear Drop Earrings in 22ct Gold | Purejewels.com\" \/>\n<meta property=\"og:description\" content=\"Long Gold Drop Earrings in 22ct Gold | Shop Variety of Long Earrings | Party wear Earrings in UK | Quick Delivery\" \/>\n<meta property=\"og:url\" content=\"https:\/\/www.purejewels.com\/de\/produkt-2\/22ct-gold-tropfen-ohrringe-1-5-zoll\/\" \/>\n<meta property=\"og:site_name\" content=\"PureJewels UK\" \/>\n<meta property=\"article:modified_time\" content=\"2024-09-10T11:52:15+00:00\" \/>\n<meta property=\"og:image\" content=\"https:\/\/www.purejewels.com\/wp-content\/uploads\/2022\/03\/40659-2.jpg\" \/>\n\t<meta property=\"og:image:width\" content=\"1000\" \/>\n\t<meta property=\"og:image:height\" content=\"1000\" \/>\n\t<meta property=\"og:image:type\" content=\"image\/jpeg\" \/>\n<meta name=\"twitter:card\" content=\"summary_large_image\" \/>\n<meta name=\"twitter:label1\" content=\"Gesch\u00e4tzte Lesezeit\" \/>\n\t<meta name=\"twitter:data1\" content=\"1\u00a0Minute\" \/>\n<script type=\"application\/ld+json\" class=\"yoast-schema-graph\">{\"@context\":\"https:\\\/\\\/schema.org\",\"@graph\":[{\"@type\":[\"WebPage\",\"ItemPage\"],\"@id\":\"https:\\\/\\\/www.purejewels.com\\\/product\\\/22ct-gold-drop-earrings-1-5-inch\\\/\",\"url\":\"https:\\\/\\\/www.purejewels.com\\\/product\\\/22ct-gold-drop-earrings-1-5-inch\\\/\",\"name\":\"Party Wear Drop Earrings in 22ct Gold | Purejewels.com\",\"isPartOf\":{\"@id\":\"https:\\\/\\\/www.purejewels.com\\\/#website\"},\"primaryImageOfPage\":{\"@id\":\"https:\\\/\\\/www.purejewels.com\\\/product\\\/22ct-gold-drop-earrings-1-5-inch\\\/#primaryimage\"},\"image\":{\"@id\":\"https:\\\/\\\/www.purejewels.com\\\/product\\\/22ct-gold-drop-earrings-1-5-inch\\\/#primaryimage\"},\"thumbnailUrl\":\"https:\\\/\\\/static.purejewels.com\\\/wp-content\\\/uploads\\\/2022\\\/03\\\/40659-2.jpg\",\"datePublished\":\"2022-03-27T13:32:34+00:00\",\"dateModified\":\"2024-09-10T11:52:15+00:00\",\"description\":\"Long Gold Drop Earrings in 22ct Gold | Shop Variety of Long Earrings | Party wear Earrings in UK | Quick Delivery\",\"breadcrumb\":{\"@id\":\"https:\\\/\\\/www.purejewels.com\\\/product\\\/22ct-gold-drop-earrings-1-5-inch\\\/#breadcrumb\"},\"inLanguage\":\"de\",\"potentialAction\":[{\"@type\":\"ReadAction\",\"target\":[\"https:\\\/\\\/www.purejewels.com\\\/product\\\/22ct-gold-drop-earrings-1-5-inch\\\/\"]}]},{\"@type\":\"ImageObject\",\"inLanguage\":\"de\",\"@id\":\"https:\\\/\\\/www.purejewels.com\\\/product\\\/22ct-gold-drop-earrings-1-5-inch\\\/#primaryimage\",\"url\":\"https:\\\/\\\/static.purejewels.com\\\/wp-content\\\/uploads\\\/2022\\\/03\\\/40659-2.jpg\",\"contentUrl\":\"https:\\\/\\\/static.purejewels.com\\\/wp-content\\\/uploads\\\/2022\\\/03\\\/40659-2.jpg\",\"width\":1000,\"height\":1000,\"caption\":\"22ct Gold Drop Earrings | 1.5 Inch\"},{\"@type\":\"BreadcrumbList\",\"@id\":\"https:\\\/\\\/www.purejewels.com\\\/product\\\/22ct-gold-drop-earrings-1-5-inch\\\/#breadcrumb\",\"itemListElement\":[{\"@type\":\"ListItem\",\"position\":1,\"name\":\"Home\",\"item\":\"https:\\\/\\\/www.purejewels.com\\\/\"},{\"@type\":\"ListItem\",\"position\":2,\"name\":\"Shop\",\"item\":\"https:\\\/\\\/www.purejewels.com\\\/shop\\\/\"},{\"@type\":\"ListItem\",\"position\":3,\"name\":\"22ct Gold Drop Earrings | 1.5 Inches\"}]},{\"@type\":\"WebSite\",\"@id\":\"https:\\\/\\\/www.purejewels.com\\\/#website\",\"url\":\"https:\\\/\\\/www.purejewels.com\\\/\",\"name\":\"PureJewels UK\",\"description\":\"Share the Love\",\"publisher\":{\"@id\":\"https:\\\/\\\/www.purejewels.com\\\/#organization\"},\"potentialAction\":[{\"@type\":\"SearchAction\",\"target\":{\"@type\":\"EntryPoint\",\"urlTemplate\":\"https:\\\/\\\/www.purejewels.com\\\/?s={search_term_string}\"},\"query-input\":{\"@type\":\"PropertyValueSpecification\",\"valueRequired\":true,\"valueName\":\"search_term_string\"}}],\"inLanguage\":\"de\"},{\"@type\":\"Organization\",\"@id\":\"https:\\\/\\\/www.purejewels.com\\\/#organization\",\"name\":\"PureJewels UK\",\"url\":\"https:\\\/\\\/www.purejewels.com\\\/\",\"logo\":{\"@type\":\"ImageObject\",\"inLanguage\":\"de\",\"@id\":\"https:\\\/\\\/www.purejewels.com\\\/#\\\/schema\\\/logo\\\/image\\\/\",\"url\":\"https:\\\/\\\/static.purejewels.com\\\/wp-content\\\/uploads\\\/2020\\\/11\\\/Logo-PJ-New-1.png\",\"contentUrl\":\"https:\\\/\\\/static.purejewels.com\\\/wp-content\\\/uploads\\\/2020\\\/11\\\/Logo-PJ-New-1.png\",\"width\":150,\"height\":80,\"caption\":\"PureJewels UK\"},\"image\":{\"@id\":\"https:\\\/\\\/www.purejewels.com\\\/#\\\/schema\\\/logo\\\/image\\\/\"}}]}<\/script>\n<!-- \/ Yoast SEO plugin. -->","yoast_head_json":{"title":"Party Wear Tropfenohrringe in 22ct Gold | Purejewels.com","description":"Lange goldene Tropfenohrringe in 22ct Gold | Shop Vielfalt von langen Ohrringen | Party tragen Ohrringe in UK | Schnelle Lieferung","robots":{"index":"index","follow":"follow","max-snippet":"max-snippet:-1","max-image-preview":"max-image-preview:large","max-video-preview":"max-video-preview:-1"},"canonical":"https:\/\/www.purejewels.com\/de\/produkt-2\/22ct-gold-tropfen-ohrringe-1-5-zoll\/","og_locale":"de_DE","og_type":"article","og_title":"Party Wear Drop Earrings in 22ct Gold | Purejewels.com","og_description":"Long Gold Drop Earrings in 22ct Gold | Shop Variety of Long Earrings | Party wear Earrings in UK | Quick Delivery","og_url":"https:\/\/www.purejewels.com\/de\/produkt-2\/22ct-gold-tropfen-ohrringe-1-5-zoll\/","og_site_name":"PureJewels UK","article_modified_time":"2024-09-10T11:52:15+00:00","og_image":[{"width":1000,"height":1000,"url":"https:\/\/www.purejewels.com\/wp-content\/uploads\/2022\/03\/40659-2.jpg","type":"image\/jpeg"}],"twitter_card":"summary_large_image","twitter_misc":{"Gesch\u00e4tzte Lesezeit":"1\u00a0Minute"},"schema":{"@context":"https:\/\/schema.org","@graph":[{"@type":["WebPage","ItemPage"],"@id":"https:\/\/www.purejewels.com\/product\/22ct-gold-drop-earrings-1-5-inch\/","url":"https:\/\/www.purejewels.com\/product\/22ct-gold-drop-earrings-1-5-inch\/","name":"Party Wear Tropfenohrringe in 22ct Gold | Purejewels.com","isPartOf":{"@id":"https:\/\/www.purejewels.com\/#website"},"primaryImageOfPage":{"@id":"https:\/\/www.purejewels.com\/product\/22ct-gold-drop-earrings-1-5-inch\/#primaryimage"},"image":{"@id":"https:\/\/www.purejewels.com\/product\/22ct-gold-drop-earrings-1-5-inch\/#primaryimage"},"thumbnailUrl":"https:\/\/static.purejewels.com\/wp-content\/uploads\/2022\/03\/40659-2.jpg","datePublished":"2022-03-27T13:32:34+00:00","dateModified":"2024-09-10T11:52:15+00:00","description":"Lange goldene Tropfenohrringe in 22ct Gold | Shop Vielfalt von langen Ohrringen | Party tragen Ohrringe in UK | Schnelle Lieferung","breadcrumb":{"@id":"https:\/\/www.purejewels.com\/product\/22ct-gold-drop-earrings-1-5-inch\/#breadcrumb"},"inLanguage":"de","potentialAction":[{"@type":"ReadAction","target":["https:\/\/www.purejewels.com\/product\/22ct-gold-drop-earrings-1-5-inch\/"]}]},{"@type":"ImageObject","inLanguage":"de","@id":"https:\/\/www.purejewels.com\/product\/22ct-gold-drop-earrings-1-5-inch\/#primaryimage","url":"https:\/\/static.purejewels.com\/wp-content\/uploads\/2022\/03\/40659-2.jpg","contentUrl":"https:\/\/static.purejewels.com\/wp-content\/uploads\/2022\/03\/40659-2.jpg","width":1000,"height":1000,"caption":"22ct Gold Drop Earrings | 1.5 Inch"},{"@type":"BreadcrumbList","@id":"https:\/\/www.purejewels.com\/product\/22ct-gold-drop-earrings-1-5-inch\/#breadcrumb","itemListElement":[{"@type":"ListItem","position":1,"name":"Home","item":"https:\/\/www.purejewels.com\/"},{"@type":"ListItem","position":2,"name":"Shop","item":"https:\/\/www.purejewels.com\/shop\/"},{"@type":"ListItem","position":3,"name":"22ct Gold Drop Earrings | 1.5 Inches"}]},{"@type":"WebSite","@id":"https:\/\/www.purejewels.com\/#website","url":"https:\/\/www.purejewels.com\/","name":"PureJewels UK","description":"Teile die Liebe","publisher":{"@id":"https:\/\/www.purejewels.com\/#organization"},"potentialAction":[{"@type":"SearchAction","target":{"@type":"EntryPoint","urlTemplate":"https:\/\/www.purejewels.com\/?s={search_term_string}"},"query-input":{"@type":"PropertyValueSpecification","valueRequired":true,"valueName":"search_term_string"}}],"inLanguage":"de"},{"@type":"Organization","@id":"https:\/\/www.purejewels.com\/#organization","name":"PureJewels UK","url":"https:\/\/www.purejewels.com\/","logo":{"@type":"ImageObject","inLanguage":"de","@id":"https:\/\/www.purejewels.com\/#\/schema\/logo\/image\/","url":"https:\/\/static.purejewels.com\/wp-content\/uploads\/2020\/11\/Logo-PJ-New-1.png","contentUrl":"https:\/\/static.purejewels.com\/wp-content\/uploads\/2020\/11\/Logo-PJ-New-1.png","width":150,"height":80,"caption":"PureJewels UK"},"image":{"@id":"https:\/\/www.purejewels.com\/#\/schema\/logo\/image\/"}}]}},"_links":{"self":[{"href":"https:\/\/www.purejewels.com\/de\/wp-json\/wp\/v2\/product\/335686","targetHints":{"allow":["GET"]}}],"collection":[{"href":"https:\/\/www.purejewels.com\/de\/wp-json\/wp\/v2\/product"}],"about":[{"href":"https:\/\/www.purejewels.com\/de\/wp-json\/wp\/v2\/types\/product"}],"replies":[{"embeddable":true,"href":"https:\/\/www.purejewels.com\/de\/wp-json\/wp\/v2\/comments?post=335686"}],"version-history":[{"count":1,"href":"https:\/\/www.purejewels.com\/de\/wp-json\/wp\/v2\/product\/335686\/revisions"}],"predecessor-version":[{"id":371550,"href":"https:\/\/www.purejewels.com\/de\/wp-json\/wp\/v2\/product\/335686\/revisions\/371550"}],"wp:featuredmedia":[{"embeddable":true,"href":"https:\/\/www.purejewels.com\/de\/wp-json\/wp\/v2\/media\/335687"}],"wp:attachment":[{"href":"https:\/\/www.purejewels.com\/de\/wp-json\/wp\/v2\/media?parent=335686"}],"wp:term":[{"taxonomy":"product_brand","embeddable":true,"href":"https:\/\/www.purejewels.com\/de\/wp-json\/wp\/v2\/product_brand?post=335686"},{"taxonomy":"product_cat","embeddable":true,"href":"https:\/\/www.purejewels.com\/de\/wp-json\/wp\/v2\/product_cat?post=335686"},{"taxonomy":"product_tag","embeddable":true,"href":"https:\/\/www.purejewels.com\/de\/wp-json\/wp\/v2\/product_tag?post=335686"}],"curies":[{"name":"wp","href":"https:\/\/api.w.org\/{rel}","templated":true}]}}