{"id":335806,"date":"2022-03-31T03:48:51","date_gmt":"2022-03-31T02:48:51","guid":{"rendered":"https:\/\/www.purejewels.com\/?post_type=product&#038;p=335806"},"modified":"2024-03-15T05:12:07","modified_gmt":"2024-03-15T05:12:07","slug":"22-karat-gold-runde-tropfenohrringe-rhodiniert","status":"publish","type":"product","link":"https:\/\/www.purejewels.com\/de\/product\/22ct-gold-round-drop-earrings-rhodium-finish\/","title":{"rendered":"22ct Gold Runde Tropfen Ohrringe | Rhodium Finish"},"content":{"rendered":"<h2>Geschichte<\/h2>\n<p>Inspiriert durch Ihr einzigartiges und modernes Selbst, sind diese <strong>Gold <a href=\"https:\/\/www.purejewels.com\/de\/product\/22ct-gold-oval-drop-earrings-rhodium-finish\/\">Ohrringtropfen<\/a><\/strong> sind der Inbegriff von Klasse und Modernit\u00e4t. Ohrstecker werden seit Jahrhunderten getragen und sind ein wichtiger Bestandteil der traditionellen indischen Schmuckk\u00e4stchen. <strong>Ablegen <a href=\"https:\/\/www.purejewels.com\/de\/product-category\/22ct-gold-jewellery\/gold-earrings\/\">Ohrringe<\/a><\/strong> sind m\u00fchelos, k\u00fchn und wundersch\u00f6n und sind im Grunde l\u00e4ngere Versionen von <strong>kleine Ohrstecker<\/strong>.<\/p>\n<h2>Gestaltung<\/h2>\n<p>Das Design dieser prachtvollen <strong><a href=\"https:\/\/www.purejewels.com\/de\/product-category\/22ct-gold-jewellery\/gold-earrings\/drop-earrings\/\">Goldtropfen-Ohrringe<\/a><\/strong> orientiert sich an modernen Stilen und Silhouetten. Sie haben einen k\u00fchnen Look, aber die Form und Gr\u00f6\u00dfe sorgen daf\u00fcr, dass die Subtilit\u00e4t und Minimalit\u00e4t gesichert sind. Die Ohrringe haben eine ungew\u00f6hnliche geometrische Struktur mit einem urbanen Appeal, der sie sehr fein und elegant aussehen l\u00e4sst. Sie beginnen mit k\u00fchnen Halbkugeln, die auf der Oberfl\u00e4che wundersch\u00f6n strukturiert sind, gefolgt von einem kreisf\u00f6rmigen Element mit urbanen geometrischen Mustern, die nahtlos aus reinem 22-kar\u00e4tigem Gold herausgearbeitet sind, um Sie zu verzaubern. Der obere Teil dieses kreisf\u00f6rmigen Elements ist rhodiniert und verleiht dem Paar einen modernen Look.<\/p>\n<h2>Stil<\/h2>\n<p>Stylen Sie diese minimalen Tropfenohrstecker zu Ihren formellen Kleidern oder sogar zu Ihren Reise-Ensembles, um m\u00fchelos und dennoch elegant auszusehen. Sie k\u00f6nnen sie auch zu Ihren Seidensarees und anderen festlichen Kleidern tragen, w\u00e4hrend Ihr Haar hochgebunden ist. Wir w\u00fcrden uns freuen, wenn Sie sich auf unserer Website nach weiteren<strong> sch\u00f6ne goldene Tropfenohrringe<\/strong>und warten darauf, entdeckt zu werden.<\/p>","protected":false},"excerpt":{"rendered":"<div class=\"woocommerce-product-details__short-description\">\n<ul>\n<li>22 Karat Gold-Ohrringe<\/li>\n<li>Wt: 4,7 g<\/li>\n<li>L\u00e4nge 1 Zoll<\/li>\n<li>SKU. 41743<\/li>\n<li>Alle Preise inklusive Mehrwertsteuer<\/li>\n<li>22ct Gold gestempelt von London Assay Office<\/li>\n<li>Mit Pr\u00e4sentationsbox<\/li>\n<li>Lieferung inbegriffen<\/li>\n<li>Kontaktieren Sie uns\/Live-Chat mit uns, um ein Video zu sehen von\u00a0<strong>Muttertag-Schmuck<\/strong><\/li>\n<\/ul>\n<\/div>\n<div class=\"btn-atc atc-slide\"><\/div>\n<div class=\"product_meta\"><\/div>","protected":false},"featured_media":335881,"comment_status":"closed","ping_status":"closed","template":"","meta":{"_eb_attr":"","_crsspst_to_jayantr4sg-hostcom":false},"product_brand":[],"product_cat":[1791,1559,1685,1790,1254,1570,248,1569,1574],"product_tag":[66],"class_list":{"0":"post-335806","1":"product","2":"type-product","3":"status-publish","4":"has-post-thumbnail","6":"product_cat-anniversary-gifts","7":"product_cat-birthday-gifts","8":"product_cat-drop-earrings","9":"product_cat-for-whom-when","10":"product_cat-gold-earrings","11":"product_cat-mothers-day-gifts","12":"product_cat-sparkle-collections","13":"product_cat-valentine-day-gifts","14":"product_cat-womens-jewellery","15":"product_tag-earrings","17":"first","18":"outofstock","19":"taxable","20":"shipping-taxable","21":"product-type-simple","22":"add-to-wishlist-before_image"},"yoast_head":"<!-- This site is optimized with the Yoast SEO plugin v27.4 - https:\/\/yoast.com\/product\/yoast-seo-wordpress\/ -->\n<title>Drop Earrings in 22ct Gold in London | Visit PureJewels.com<\/title>\n<meta name=\"description\" content=\"22ct Drop Earrings | Perfect Gift For Your Loved Ones | Shop Latest Earrings Collection | Certified &amp; Hallmarked Jewellery\" \/>\n<meta name=\"robots\" content=\"index, follow, max-snippet:-1, max-image-preview:large, max-video-preview:-1\" \/>\n<link rel=\"canonical\" href=\"https:\/\/www.purejewels.com\/de\/produkt-2\/22-karat-gold-runde-tropfenohrringe-rhodiniert\/\" \/>\n<meta property=\"og:locale\" content=\"de_DE\" \/>\n<meta property=\"og:type\" content=\"article\" \/>\n<meta property=\"og:title\" content=\"Drop Earrings in 22ct Gold in London | Visit PureJewels.com\" \/>\n<meta property=\"og:description\" content=\"22ct Drop Earrings | Perfect Gift For Your Loved Ones | Shop Latest Earrings Collection | Certified &amp; Hallmarked Jewellery\" \/>\n<meta property=\"og:url\" content=\"https:\/\/www.purejewels.com\/de\/produkt-2\/22-karat-gold-runde-tropfenohrringe-rhodiniert\/\" \/>\n<meta property=\"og:site_name\" content=\"PureJewels UK\" \/>\n<meta property=\"article:modified_time\" content=\"2024-03-15T05:12:07+00:00\" \/>\n<meta property=\"og:image\" content=\"https:\/\/www.purejewels.com\/wp-content\/uploads\/2022\/03\/41743-1-1.jpg\" \/>\n\t<meta property=\"og:image:width\" content=\"1000\" \/>\n\t<meta property=\"og:image:height\" content=\"1000\" \/>\n\t<meta property=\"og:image:type\" content=\"image\/jpeg\" \/>\n<meta name=\"twitter:card\" content=\"summary_large_image\" \/>\n<meta name=\"twitter:label1\" content=\"Gesch\u00e4tzte Lesezeit\" \/>\n\t<meta name=\"twitter:data1\" content=\"1\u00a0Minute\" \/>\n<script type=\"application\/ld+json\" class=\"yoast-schema-graph\">{\"@context\":\"https:\\\/\\\/schema.org\",\"@graph\":[{\"@type\":[\"WebPage\",\"ItemPage\"],\"@id\":\"https:\\\/\\\/www.purejewels.com\\\/product\\\/22ct-gold-round-drop-earrings-rhodium-finish\\\/\",\"url\":\"https:\\\/\\\/www.purejewels.com\\\/product\\\/22ct-gold-round-drop-earrings-rhodium-finish\\\/\",\"name\":\"Drop Earrings in 22ct Gold in London | Visit PureJewels.com\",\"isPartOf\":{\"@id\":\"https:\\\/\\\/www.purejewels.com\\\/#website\"},\"primaryImageOfPage\":{\"@id\":\"https:\\\/\\\/www.purejewels.com\\\/product\\\/22ct-gold-round-drop-earrings-rhodium-finish\\\/#primaryimage\"},\"image\":{\"@id\":\"https:\\\/\\\/www.purejewels.com\\\/product\\\/22ct-gold-round-drop-earrings-rhodium-finish\\\/#primaryimage\"},\"thumbnailUrl\":\"https:\\\/\\\/static.purejewels.com\\\/wp-content\\\/uploads\\\/2022\\\/03\\\/41743-1-1.jpg\",\"datePublished\":\"2022-03-31T02:48:51+00:00\",\"dateModified\":\"2024-03-15T05:12:07+00:00\",\"description\":\"22ct Drop Earrings | Perfect Gift For Your Loved Ones | Shop Latest Earrings Collection | Certified & Hallmarked Jewellery\",\"breadcrumb\":{\"@id\":\"https:\\\/\\\/www.purejewels.com\\\/product\\\/22ct-gold-round-drop-earrings-rhodium-finish\\\/#breadcrumb\"},\"inLanguage\":\"de\",\"potentialAction\":[{\"@type\":\"ReadAction\",\"target\":[\"https:\\\/\\\/www.purejewels.com\\\/product\\\/22ct-gold-round-drop-earrings-rhodium-finish\\\/\"]}]},{\"@type\":\"ImageObject\",\"inLanguage\":\"de\",\"@id\":\"https:\\\/\\\/www.purejewels.com\\\/product\\\/22ct-gold-round-drop-earrings-rhodium-finish\\\/#primaryimage\",\"url\":\"https:\\\/\\\/static.purejewels.com\\\/wp-content\\\/uploads\\\/2022\\\/03\\\/41743-1-1.jpg\",\"contentUrl\":\"https:\\\/\\\/static.purejewels.com\\\/wp-content\\\/uploads\\\/2022\\\/03\\\/41743-1-1.jpg\",\"width\":1000,\"height\":1000,\"caption\":\"22ct Gold Round Drop Earrings\"},{\"@type\":\"BreadcrumbList\",\"@id\":\"https:\\\/\\\/www.purejewels.com\\\/product\\\/22ct-gold-round-drop-earrings-rhodium-finish\\\/#breadcrumb\",\"itemListElement\":[{\"@type\":\"ListItem\",\"position\":1,\"name\":\"Home\",\"item\":\"https:\\\/\\\/www.purejewels.com\\\/\"},{\"@type\":\"ListItem\",\"position\":2,\"name\":\"Shop\",\"item\":\"https:\\\/\\\/www.purejewels.com\\\/shop\\\/\"},{\"@type\":\"ListItem\",\"position\":3,\"name\":\"22ct Gold Round Drop Earrings | Rhodium Finish\"}]},{\"@type\":\"WebSite\",\"@id\":\"https:\\\/\\\/www.purejewels.com\\\/#website\",\"url\":\"https:\\\/\\\/www.purejewels.com\\\/\",\"name\":\"PureJewels UK\",\"description\":\"Share the Love\",\"publisher\":{\"@id\":\"https:\\\/\\\/www.purejewels.com\\\/#organization\"},\"potentialAction\":[{\"@type\":\"SearchAction\",\"target\":{\"@type\":\"EntryPoint\",\"urlTemplate\":\"https:\\\/\\\/www.purejewels.com\\\/?s={search_term_string}\"},\"query-input\":{\"@type\":\"PropertyValueSpecification\",\"valueRequired\":true,\"valueName\":\"search_term_string\"}}],\"inLanguage\":\"de\"},{\"@type\":\"Organization\",\"@id\":\"https:\\\/\\\/www.purejewels.com\\\/#organization\",\"name\":\"PureJewels UK\",\"url\":\"https:\\\/\\\/www.purejewels.com\\\/\",\"logo\":{\"@type\":\"ImageObject\",\"inLanguage\":\"de\",\"@id\":\"https:\\\/\\\/www.purejewels.com\\\/#\\\/schema\\\/logo\\\/image\\\/\",\"url\":\"https:\\\/\\\/static.purejewels.com\\\/wp-content\\\/uploads\\\/2020\\\/11\\\/Logo-PJ-New-1.png\",\"contentUrl\":\"https:\\\/\\\/static.purejewels.com\\\/wp-content\\\/uploads\\\/2020\\\/11\\\/Logo-PJ-New-1.png\",\"width\":150,\"height\":80,\"caption\":\"PureJewels UK\"},\"image\":{\"@id\":\"https:\\\/\\\/www.purejewels.com\\\/#\\\/schema\\\/logo\\\/image\\\/\"}}]}<\/script>\n<!-- \/ Yoast SEO plugin. -->","yoast_head_json":{"title":"Tropfenohrringe aus 22ct Gold in London | Besuchen Sie PureJewels.com","description":"22ct Drop Earrings | Perfektes Geschenk f\u00fcr Ihre Liebsten | Aktuelle Ohrring-Kollektion | Zertifizierter &amp; gepunzter Schmuck","robots":{"index":"index","follow":"follow","max-snippet":"max-snippet:-1","max-image-preview":"max-image-preview:large","max-video-preview":"max-video-preview:-1"},"canonical":"https:\/\/www.purejewels.com\/de\/produkt-2\/22-karat-gold-runde-tropfenohrringe-rhodiniert\/","og_locale":"de_DE","og_type":"article","og_title":"Drop Earrings in 22ct Gold in London | Visit PureJewels.com","og_description":"22ct Drop Earrings | Perfect Gift For Your Loved Ones | Shop Latest Earrings Collection | Certified & Hallmarked Jewellery","og_url":"https:\/\/www.purejewels.com\/de\/produkt-2\/22-karat-gold-runde-tropfenohrringe-rhodiniert\/","og_site_name":"PureJewels UK","article_modified_time":"2024-03-15T05:12:07+00:00","og_image":[{"width":1000,"height":1000,"url":"https:\/\/www.purejewels.com\/wp-content\/uploads\/2022\/03\/41743-1-1.jpg","type":"image\/jpeg"}],"twitter_card":"summary_large_image","twitter_misc":{"Gesch\u00e4tzte Lesezeit":"1\u00a0Minute"},"schema":{"@context":"https:\/\/schema.org","@graph":[{"@type":["WebPage","ItemPage"],"@id":"https:\/\/www.purejewels.com\/product\/22ct-gold-round-drop-earrings-rhodium-finish\/","url":"https:\/\/www.purejewels.com\/product\/22ct-gold-round-drop-earrings-rhodium-finish\/","name":"Tropfenohrringe aus 22ct Gold in London | Besuchen Sie PureJewels.com","isPartOf":{"@id":"https:\/\/www.purejewels.com\/#website"},"primaryImageOfPage":{"@id":"https:\/\/www.purejewels.com\/product\/22ct-gold-round-drop-earrings-rhodium-finish\/#primaryimage"},"image":{"@id":"https:\/\/www.purejewels.com\/product\/22ct-gold-round-drop-earrings-rhodium-finish\/#primaryimage"},"thumbnailUrl":"https:\/\/static.purejewels.com\/wp-content\/uploads\/2022\/03\/41743-1-1.jpg","datePublished":"2022-03-31T02:48:51+00:00","dateModified":"2024-03-15T05:12:07+00:00","description":"22ct Drop Earrings | Perfektes Geschenk f\u00fcr Ihre Liebsten | Aktuelle Ohrring-Kollektion | Zertifizierter &amp; gepunzter Schmuck","breadcrumb":{"@id":"https:\/\/www.purejewels.com\/product\/22ct-gold-round-drop-earrings-rhodium-finish\/#breadcrumb"},"inLanguage":"de","potentialAction":[{"@type":"ReadAction","target":["https:\/\/www.purejewels.com\/product\/22ct-gold-round-drop-earrings-rhodium-finish\/"]}]},{"@type":"ImageObject","inLanguage":"de","@id":"https:\/\/www.purejewels.com\/product\/22ct-gold-round-drop-earrings-rhodium-finish\/#primaryimage","url":"https:\/\/static.purejewels.com\/wp-content\/uploads\/2022\/03\/41743-1-1.jpg","contentUrl":"https:\/\/static.purejewels.com\/wp-content\/uploads\/2022\/03\/41743-1-1.jpg","width":1000,"height":1000,"caption":"22ct Gold Round Drop Earrings"},{"@type":"BreadcrumbList","@id":"https:\/\/www.purejewels.com\/product\/22ct-gold-round-drop-earrings-rhodium-finish\/#breadcrumb","itemListElement":[{"@type":"ListItem","position":1,"name":"Home","item":"https:\/\/www.purejewels.com\/"},{"@type":"ListItem","position":2,"name":"Shop","item":"https:\/\/www.purejewels.com\/shop\/"},{"@type":"ListItem","position":3,"name":"22ct Gold Round Drop Earrings | Rhodium Finish"}]},{"@type":"WebSite","@id":"https:\/\/www.purejewels.com\/#website","url":"https:\/\/www.purejewels.com\/","name":"PureJewels UK","description":"Teile die Liebe","publisher":{"@id":"https:\/\/www.purejewels.com\/#organization"},"potentialAction":[{"@type":"SearchAction","target":{"@type":"EntryPoint","urlTemplate":"https:\/\/www.purejewels.com\/?s={search_term_string}"},"query-input":{"@type":"PropertyValueSpecification","valueRequired":true,"valueName":"search_term_string"}}],"inLanguage":"de"},{"@type":"Organization","@id":"https:\/\/www.purejewels.com\/#organization","name":"PureJewels UK","url":"https:\/\/www.purejewels.com\/","logo":{"@type":"ImageObject","inLanguage":"de","@id":"https:\/\/www.purejewels.com\/#\/schema\/logo\/image\/","url":"https:\/\/static.purejewels.com\/wp-content\/uploads\/2020\/11\/Logo-PJ-New-1.png","contentUrl":"https:\/\/static.purejewels.com\/wp-content\/uploads\/2020\/11\/Logo-PJ-New-1.png","width":150,"height":80,"caption":"PureJewels UK"},"image":{"@id":"https:\/\/www.purejewels.com\/#\/schema\/logo\/image\/"}}]}},"_links":{"self":[{"href":"https:\/\/www.purejewels.com\/de\/wp-json\/wp\/v2\/product\/335806","targetHints":{"allow":["GET"]}}],"collection":[{"href":"https:\/\/www.purejewels.com\/de\/wp-json\/wp\/v2\/product"}],"about":[{"href":"https:\/\/www.purejewels.com\/de\/wp-json\/wp\/v2\/types\/product"}],"replies":[{"embeddable":true,"href":"https:\/\/www.purejewels.com\/de\/wp-json\/wp\/v2\/comments?post=335806"}],"version-history":[{"count":0,"href":"https:\/\/www.purejewels.com\/de\/wp-json\/wp\/v2\/product\/335806\/revisions"}],"wp:featuredmedia":[{"embeddable":true,"href":"https:\/\/www.purejewels.com\/de\/wp-json\/wp\/v2\/media\/335881"}],"wp:attachment":[{"href":"https:\/\/www.purejewels.com\/de\/wp-json\/wp\/v2\/media?parent=335806"}],"wp:term":[{"taxonomy":"product_brand","embeddable":true,"href":"https:\/\/www.purejewels.com\/de\/wp-json\/wp\/v2\/product_brand?post=335806"},{"taxonomy":"product_cat","embeddable":true,"href":"https:\/\/www.purejewels.com\/de\/wp-json\/wp\/v2\/product_cat?post=335806"},{"taxonomy":"product_tag","embeddable":true,"href":"https:\/\/www.purejewels.com\/de\/wp-json\/wp\/v2\/product_tag?post=335806"}],"curies":[{"name":"wp","href":"https:\/\/api.w.org\/{rel}","templated":true}]}}