{"id":336607,"date":"2022-05-11T13:07:39","date_gmt":"2022-05-11T12:07:39","guid":{"rendered":"https:\/\/www.purejewels.com\/?post_type=product&#038;p=336607"},"modified":"2026-01-06T10:00:18","modified_gmt":"2026-01-06T10:00:18","slug":"diamantarmband-aus-18kt-weisgold-mit-schwarzen-perlen","status":"publish","type":"product","link":"https:\/\/www.purejewels.com\/de\/product\/18kt-white-gold-diamond-bracelet-with-black-beads\/","title":{"rendered":"Diamantarmband aus 18kt Wei\u00dfgold mit schwarzen Perlen"},"content":{"rendered":"<p>Unser atemberaubendes Diamantarmband aus 18kt Wei\u00dfgold mit schwarzen Perlen ist ein luxuri\u00f6ses und elegantes Schmuckst\u00fcck, mit dem Sie garantiert ein Statement setzen. Dieses exquisite Armband hat ein Gesamtgewicht von 0,22 Karat und verleiht jedem Outfit einen Hauch von Glanz und Raffinesse. Die Kombination aus Wei\u00dfgold und schwarzen Perlen bildet einen auff\u00e4lligen Kontrast und macht dieses Armband zu einem wirklich einzigartigen und auff\u00e4lligen Accessoire.<\/p>\n<p>Jedes Armband ist vom London Assay Office gepunzt, um seine Echtheit und Qualit\u00e4t zu gew\u00e4hrleisten. Es wird wundersch\u00f6n in einer Pr\u00e4sentationsbox pr\u00e4sentiert und ist somit das perfekte Geschenk f\u00fcr einen geliebten Menschen oder eine besondere Freude f\u00fcr Sie selbst. Mit kostenloser Lieferung und sicheren Online-Zahlungen ist das Einkaufen bei PureJewels UK sicher und bequem.<\/p>\n<p>Entdecken Sie unsere komplette Kollektion von Diamantarmb\u00e4ndern, indem Sie uns noch heute per WhatsApp kontaktieren.<\/p>","protected":false},"excerpt":{"rendered":"<ul>\n<li>18ct Wei\u00dfgold Diamant-Armband<\/li>\n<li>SKU. 42508<\/li>\n<li>Gewicht des Diamanten 0,22 ct.<\/li>\n<li>L\u00e4nge. 7 Zoll<\/li>\n<li>Alle Preise inklusive Mehrwertsteuer<\/li>\n<li>18kt Gold, gestempelt von London Assay Office<\/li>\n<li>Mit Pr\u00e4sentationsbox<\/li>\n<li>Lieferung inbegriffen<\/li>\n<li>Kontaktieren Sie uns per Whatsapp, um unsere gesamte Kollektion an Diamantarmb\u00e4ndern zu entdecken<\/li>\n<\/ul>","protected":false},"featured_media":337151,"comment_status":"closed","ping_status":"closed","template":"","meta":{"_eb_attr":"","_crsspst_to_jayantr4sg-hostcom":false},"product_brand":[],"product_cat":[5441,1559,1794,5462,5457,1627,1569,1573,5348,1574],"product_tag":[],"class_list":{"0":"post-336607","1":"product","2":"type-product","3":"status-publish","4":"has-post-thumbnail","6":"product_cat-gold-bead-bracelets","7":"product_cat-birthday-gifts","8":"product_cat-christmas-gifts","9":"product_cat-diamond-bracelet","10":"product_cat-diamond-jewellery","11":"product_cat-ladies-bracelet","12":"product_cat-valentine-day-gifts","13":"product_cat-wedding-gifts","14":"product_cat-white-gold-jewellery","15":"product_cat-womens-jewellery","17":"first","18":"outofstock","19":"taxable","20":"shipping-taxable","21":"product-type-simple","22":"add-to-wishlist-before_image"},"yoast_head":"<!-- This site is optimized with the Yoast SEO plugin v27.4 - https:\/\/yoast.com\/product\/yoast-seo-wordpress\/ -->\n<title>Latest Diamond Bracelets for Women | PureJewels UK<\/title>\n<meta name=\"description\" content=\"Check out the latest Diamond Bracelets Design for Women. Shop 18kt White Gold Diamond Bracelet with Black Beads from PureJewels.\" \/>\n<meta name=\"robots\" content=\"index, follow, max-snippet:-1, max-image-preview:large, max-video-preview:-1\" \/>\n<link rel=\"canonical\" href=\"https:\/\/www.purejewels.com\/de\/produkt-2\/diamantarmband-aus-18kt-weisgold-mit-schwarzen-perlen\/\" \/>\n<meta property=\"og:locale\" content=\"de_DE\" \/>\n<meta property=\"og:type\" content=\"article\" \/>\n<meta property=\"og:title\" content=\"Latest Diamond Bracelets for Women | PureJewels UK\" \/>\n<meta property=\"og:description\" content=\"Check out the latest Diamond Bracelets Design for Women. Shop 18kt White Gold Diamond Bracelet with Black Beads from PureJewels.\" \/>\n<meta property=\"og:url\" content=\"https:\/\/www.purejewels.com\/de\/produkt-2\/diamantarmband-aus-18kt-weisgold-mit-schwarzen-perlen\/\" \/>\n<meta property=\"og:site_name\" content=\"PureJewels UK\" \/>\n<meta property=\"article:modified_time\" content=\"2026-01-06T10:00:18+00:00\" \/>\n<meta property=\"og:image\" content=\"https:\/\/www.purejewels.com\/wp-content\/uploads\/2022\/05\/42508-1.jpg\" \/>\n\t<meta property=\"og:image:width\" content=\"1000\" \/>\n\t<meta property=\"og:image:height\" content=\"1000\" \/>\n\t<meta property=\"og:image:type\" content=\"image\/jpeg\" \/>\n<meta name=\"twitter:card\" content=\"summary_large_image\" \/>\n<meta name=\"twitter:label1\" content=\"Gesch\u00e4tzte Lesezeit\" \/>\n\t<meta name=\"twitter:data1\" content=\"1\u00a0Minute\" \/>\n<script type=\"application\/ld+json\" class=\"yoast-schema-graph\">{\"@context\":\"https:\\\/\\\/schema.org\",\"@graph\":[{\"@type\":[\"WebPage\",\"ItemPage\"],\"@id\":\"https:\\\/\\\/www.purejewels.com\\\/product\\\/18kt-white-gold-diamond-bracelet-with-black-beads\\\/\",\"url\":\"https:\\\/\\\/www.purejewels.com\\\/product\\\/18kt-white-gold-diamond-bracelet-with-black-beads\\\/\",\"name\":\"Latest Diamond Bracelets for Women | PureJewels UK\",\"isPartOf\":{\"@id\":\"https:\\\/\\\/www.purejewels.com\\\/#website\"},\"primaryImageOfPage\":{\"@id\":\"https:\\\/\\\/www.purejewels.com\\\/product\\\/18kt-white-gold-diamond-bracelet-with-black-beads\\\/#primaryimage\"},\"image\":{\"@id\":\"https:\\\/\\\/www.purejewels.com\\\/product\\\/18kt-white-gold-diamond-bracelet-with-black-beads\\\/#primaryimage\"},\"thumbnailUrl\":\"https:\\\/\\\/static.purejewels.com\\\/wp-content\\\/uploads\\\/2022\\\/05\\\/42508-1.jpg\",\"datePublished\":\"2022-05-11T12:07:39+00:00\",\"dateModified\":\"2026-01-06T10:00:18+00:00\",\"description\":\"Check out the latest Diamond Bracelets Design for Women. Shop 18kt White Gold Diamond Bracelet with Black Beads from PureJewels.\",\"breadcrumb\":{\"@id\":\"https:\\\/\\\/www.purejewels.com\\\/product\\\/18kt-white-gold-diamond-bracelet-with-black-beads\\\/#breadcrumb\"},\"inLanguage\":\"de\",\"potentialAction\":[{\"@type\":\"ReadAction\",\"target\":[\"https:\\\/\\\/www.purejewels.com\\\/product\\\/18kt-white-gold-diamond-bracelet-with-black-beads\\\/\"]}]},{\"@type\":\"ImageObject\",\"inLanguage\":\"de\",\"@id\":\"https:\\\/\\\/www.purejewels.com\\\/product\\\/18kt-white-gold-diamond-bracelet-with-black-beads\\\/#primaryimage\",\"url\":\"https:\\\/\\\/static.purejewels.com\\\/wp-content\\\/uploads\\\/2022\\\/05\\\/42508-1.jpg\",\"contentUrl\":\"https:\\\/\\\/static.purejewels.com\\\/wp-content\\\/uploads\\\/2022\\\/05\\\/42508-1.jpg\",\"width\":1000,\"height\":1000,\"caption\":\"18kt White Gold Diamond Bracelet with Black Beads 42508-1\"},{\"@type\":\"BreadcrumbList\",\"@id\":\"https:\\\/\\\/www.purejewels.com\\\/product\\\/18kt-white-gold-diamond-bracelet-with-black-beads\\\/#breadcrumb\",\"itemListElement\":[{\"@type\":\"ListItem\",\"position\":1,\"name\":\"Home\",\"item\":\"https:\\\/\\\/www.purejewels.com\\\/\"},{\"@type\":\"ListItem\",\"position\":2,\"name\":\"Shop\",\"item\":\"https:\\\/\\\/www.purejewels.com\\\/shop\\\/\"},{\"@type\":\"ListItem\",\"position\":3,\"name\":\"18kt White Gold Diamond Bracelet with Black Beads\"}]},{\"@type\":\"WebSite\",\"@id\":\"https:\\\/\\\/www.purejewels.com\\\/#website\",\"url\":\"https:\\\/\\\/www.purejewels.com\\\/\",\"name\":\"PureJewels UK\",\"description\":\"Share the Love\",\"publisher\":{\"@id\":\"https:\\\/\\\/www.purejewels.com\\\/#organization\"},\"potentialAction\":[{\"@type\":\"SearchAction\",\"target\":{\"@type\":\"EntryPoint\",\"urlTemplate\":\"https:\\\/\\\/www.purejewels.com\\\/?s={search_term_string}\"},\"query-input\":{\"@type\":\"PropertyValueSpecification\",\"valueRequired\":true,\"valueName\":\"search_term_string\"}}],\"inLanguage\":\"de\"},{\"@type\":\"Organization\",\"@id\":\"https:\\\/\\\/www.purejewels.com\\\/#organization\",\"name\":\"PureJewels UK\",\"url\":\"https:\\\/\\\/www.purejewels.com\\\/\",\"logo\":{\"@type\":\"ImageObject\",\"inLanguage\":\"de\",\"@id\":\"https:\\\/\\\/www.purejewels.com\\\/#\\\/schema\\\/logo\\\/image\\\/\",\"url\":\"https:\\\/\\\/static.purejewels.com\\\/wp-content\\\/uploads\\\/2020\\\/11\\\/Logo-PJ-New-1.png\",\"contentUrl\":\"https:\\\/\\\/static.purejewels.com\\\/wp-content\\\/uploads\\\/2020\\\/11\\\/Logo-PJ-New-1.png\",\"width\":150,\"height\":80,\"caption\":\"PureJewels UK\"},\"image\":{\"@id\":\"https:\\\/\\\/www.purejewels.com\\\/#\\\/schema\\\/logo\\\/image\\\/\"}}]}<\/script>\n<!-- \/ Yoast SEO plugin. -->","yoast_head_json":{"title":"Neueste Diamant-Armb\u00e4nder f\u00fcr Frauen | PureJewels UK","description":"Schauen Sie sich die neuesten Diamant-Armb\u00e4nder Design f\u00fcr Frauen. Shop 18kt Wei\u00dfgold Diamant-Armband mit schwarzen Perlen von PureJewels.","robots":{"index":"index","follow":"follow","max-snippet":"max-snippet:-1","max-image-preview":"max-image-preview:large","max-video-preview":"max-video-preview:-1"},"canonical":"https:\/\/www.purejewels.com\/de\/produkt-2\/diamantarmband-aus-18kt-weisgold-mit-schwarzen-perlen\/","og_locale":"de_DE","og_type":"article","og_title":"Latest Diamond Bracelets for Women | PureJewels UK","og_description":"Check out the latest Diamond Bracelets Design for Women. Shop 18kt White Gold Diamond Bracelet with Black Beads from PureJewels.","og_url":"https:\/\/www.purejewels.com\/de\/produkt-2\/diamantarmband-aus-18kt-weisgold-mit-schwarzen-perlen\/","og_site_name":"PureJewels UK","article_modified_time":"2026-01-06T10:00:18+00:00","og_image":[{"width":1000,"height":1000,"url":"https:\/\/www.purejewels.com\/wp-content\/uploads\/2022\/05\/42508-1.jpg","type":"image\/jpeg"}],"twitter_card":"summary_large_image","twitter_misc":{"Gesch\u00e4tzte Lesezeit":"1\u00a0Minute"},"schema":{"@context":"https:\/\/schema.org","@graph":[{"@type":["WebPage","ItemPage"],"@id":"https:\/\/www.purejewels.com\/product\/18kt-white-gold-diamond-bracelet-with-black-beads\/","url":"https:\/\/www.purejewels.com\/product\/18kt-white-gold-diamond-bracelet-with-black-beads\/","name":"Neueste Diamant-Armb\u00e4nder f\u00fcr Frauen | PureJewels UK","isPartOf":{"@id":"https:\/\/www.purejewels.com\/#website"},"primaryImageOfPage":{"@id":"https:\/\/www.purejewels.com\/product\/18kt-white-gold-diamond-bracelet-with-black-beads\/#primaryimage"},"image":{"@id":"https:\/\/www.purejewels.com\/product\/18kt-white-gold-diamond-bracelet-with-black-beads\/#primaryimage"},"thumbnailUrl":"https:\/\/static.purejewels.com\/wp-content\/uploads\/2022\/05\/42508-1.jpg","datePublished":"2022-05-11T12:07:39+00:00","dateModified":"2026-01-06T10:00:18+00:00","description":"Schauen Sie sich die neuesten Diamant-Armb\u00e4nder Design f\u00fcr Frauen. Shop 18kt Wei\u00dfgold Diamant-Armband mit schwarzen Perlen von PureJewels.","breadcrumb":{"@id":"https:\/\/www.purejewels.com\/product\/18kt-white-gold-diamond-bracelet-with-black-beads\/#breadcrumb"},"inLanguage":"de","potentialAction":[{"@type":"ReadAction","target":["https:\/\/www.purejewels.com\/product\/18kt-white-gold-diamond-bracelet-with-black-beads\/"]}]},{"@type":"ImageObject","inLanguage":"de","@id":"https:\/\/www.purejewels.com\/product\/18kt-white-gold-diamond-bracelet-with-black-beads\/#primaryimage","url":"https:\/\/static.purejewels.com\/wp-content\/uploads\/2022\/05\/42508-1.jpg","contentUrl":"https:\/\/static.purejewels.com\/wp-content\/uploads\/2022\/05\/42508-1.jpg","width":1000,"height":1000,"caption":"18kt White Gold Diamond Bracelet with Black Beads 42508-1"},{"@type":"BreadcrumbList","@id":"https:\/\/www.purejewels.com\/product\/18kt-white-gold-diamond-bracelet-with-black-beads\/#breadcrumb","itemListElement":[{"@type":"ListItem","position":1,"name":"Home","item":"https:\/\/www.purejewels.com\/"},{"@type":"ListItem","position":2,"name":"Shop","item":"https:\/\/www.purejewels.com\/shop\/"},{"@type":"ListItem","position":3,"name":"18kt White Gold Diamond Bracelet with Black Beads"}]},{"@type":"WebSite","@id":"https:\/\/www.purejewels.com\/#website","url":"https:\/\/www.purejewels.com\/","name":"PureJewels UK","description":"Teile die Liebe","publisher":{"@id":"https:\/\/www.purejewels.com\/#organization"},"potentialAction":[{"@type":"SearchAction","target":{"@type":"EntryPoint","urlTemplate":"https:\/\/www.purejewels.com\/?s={search_term_string}"},"query-input":{"@type":"PropertyValueSpecification","valueRequired":true,"valueName":"search_term_string"}}],"inLanguage":"de"},{"@type":"Organization","@id":"https:\/\/www.purejewels.com\/#organization","name":"PureJewels UK","url":"https:\/\/www.purejewels.com\/","logo":{"@type":"ImageObject","inLanguage":"de","@id":"https:\/\/www.purejewels.com\/#\/schema\/logo\/image\/","url":"https:\/\/static.purejewels.com\/wp-content\/uploads\/2020\/11\/Logo-PJ-New-1.png","contentUrl":"https:\/\/static.purejewels.com\/wp-content\/uploads\/2020\/11\/Logo-PJ-New-1.png","width":150,"height":80,"caption":"PureJewels UK"},"image":{"@id":"https:\/\/www.purejewels.com\/#\/schema\/logo\/image\/"}}]}},"_links":{"self":[{"href":"https:\/\/www.purejewels.com\/de\/wp-json\/wp\/v2\/product\/336607","targetHints":{"allow":["GET"]}}],"collection":[{"href":"https:\/\/www.purejewels.com\/de\/wp-json\/wp\/v2\/product"}],"about":[{"href":"https:\/\/www.purejewels.com\/de\/wp-json\/wp\/v2\/types\/product"}],"replies":[{"embeddable":true,"href":"https:\/\/www.purejewels.com\/de\/wp-json\/wp\/v2\/comments?post=336607"}],"version-history":[{"count":2,"href":"https:\/\/www.purejewels.com\/de\/wp-json\/wp\/v2\/product\/336607\/revisions"}],"predecessor-version":[{"id":420504,"href":"https:\/\/www.purejewels.com\/de\/wp-json\/wp\/v2\/product\/336607\/revisions\/420504"}],"wp:featuredmedia":[{"embeddable":true,"href":"https:\/\/www.purejewels.com\/de\/wp-json\/wp\/v2\/media\/337151"}],"wp:attachment":[{"href":"https:\/\/www.purejewels.com\/de\/wp-json\/wp\/v2\/media?parent=336607"}],"wp:term":[{"taxonomy":"product_brand","embeddable":true,"href":"https:\/\/www.purejewels.com\/de\/wp-json\/wp\/v2\/product_brand?post=336607"},{"taxonomy":"product_cat","embeddable":true,"href":"https:\/\/www.purejewels.com\/de\/wp-json\/wp\/v2\/product_cat?post=336607"},{"taxonomy":"product_tag","embeddable":true,"href":"https:\/\/www.purejewels.com\/de\/wp-json\/wp\/v2\/product_tag?post=336607"}],"curies":[{"name":"wp","href":"https:\/\/api.w.org\/{rel}","templated":true}]}}