{"id":336697,"date":"2022-10-01T05:20:47","date_gmt":"2022-10-01T04:20:47","guid":{"rendered":"https:\/\/www.purejewels.com\/?post_type=product&#038;p=336697"},"modified":"2026-01-07T06:06:02","modified_gmt":"2026-01-07T06:06:02","slug":"frauen-ehering-uk-42640","status":"publish","type":"product","link":"https:\/\/www.purejewels.com\/de\/product\/womens-wedding-ring-uk-42640\/","title":{"rendered":"22ct Gold Frauen Ehering UK | Gr\u00f6\u00dfe M"},"content":{"rendered":"<p><strong>Gestaltung<\/strong><\/p>\n<p>Dieser elegante Ehering ist aus edlem 22-kar\u00e4tigem Gold gefertigt und zeichnet sich durch eine raffinierte Mischung aus satinierten und polierten Oberfl\u00e4chen aus. Das mittlere Band ist mit zarten Gravuren verziert, die ein sanftes Lichtspiel erzeugen, w\u00e4hrend die glatten Kanten f\u00fcr ein klassisches und elegantes Finish sorgen. Dank seiner ausgewogenen Proportionen ist er eine zeitlose Wahl f\u00fcr den Alltag.<\/p>\n<p><strong>Handwerkliches K\u00f6nnen<\/strong><\/p>\n<p>Der Ring aus hochreinem 22-kar\u00e4tigem Gold ist pr\u00e4zise geformt, um einen hohen Tragekomfort f\u00fcr den langfristigen Gebrauch zu gew\u00e4hrleisten. Die gravierten Details werden mit Sorgfalt angebracht, um sowohl Haltbarkeit als auch Klarheit zu gew\u00e4hrleisten. Jeder Ring ist in Gro\u00dfbritannien punziert, um die zertifizierte Reinheit zu best\u00e4tigen und die au\u00dfergew\u00f6hnliche Handwerkskunst widerzuspiegeln, die PureJewels auszeichnet.<\/p>\n<p><strong>Styling &amp; Geschenkartikel<\/strong><\/p>\n<p>Als perfektes Symbol f\u00fcr Verbundenheit passt dieser Ehering m\u00fchelos sowohl zu traditionellen als auch zu modernen Verlobungsringen. Seine zur\u00fcckhaltende Eleganz macht ihn ideal f\u00fcr den Alltag und zu einem bedeutungsvollen Geschenk f\u00fcr Jubil\u00e4en oder die Erneuerung des Eheversprechens. Eine wundersch\u00f6ne Wahl f\u00fcr alle, die klassisches Design aus strahlendem 22-kar\u00e4tigem Gold sch\u00e4tzen.<\/p>","protected":false},"excerpt":{"rendered":"<p>Ein wundersch\u00f6n gearbeiteter Ehering f\u00fcr Damen aus 22 Karat Gold mit feinen Gravuren und einer angenehmen Passform. Mit britischer Punzierung.<\/p>\n<ul>\n<li>22ct Gold <span data-sheets-value=\"{\" data-sheets-userformat=\"{\">Eheringe UK<\/span><\/li>\n<li>Ring-Gewicht 6,6 g.<\/li>\n<li>Gr\u00f6\u00dfe. M<\/li>\n<li>SKU 42640<\/li>\n<li>Geschlecht: Weiblich<\/li>\n<li>Kann auf Bestellung in Ihrer Fingergr\u00f6\u00dfe angefertigt werden<\/li>\n<li>Alle unsere Produkte sind vom London Assay Office gestempelt.<\/li>\n<li>Mit Pr\u00e4sentationsbox<\/li>\n<li>Lieferung inbegriffen<\/li>\n<li>Alle Preise inklusive Mehrwertsteuer<\/li>\n<li>Kontaktieren Sie uns \/ chatten Sie mit uns, um unsere gesamte Kollektion von Hochzeitsbands zu entdecken<\/li>\n<\/ul>","protected":false},"featured_media":339140,"comment_status":"closed","ping_status":"closed","template":"","meta":{"_eb_attr":"","_crsspst_to_jayantr4sg-hostcom":false},"product_brand":[],"product_cat":[1640,1235,1783,1572,5338,229,226],"product_tag":[],"class_list":{"0":"post-336697","1":"product","2":"type-product","3":"status-publish","4":"has-post-thumbnail","6":"product_cat-22ct-gold-bands","7":"product_cat-gold-rings","8":"product_cat-ladies-rings","9":"product_cat-mens-jewellery","10":"product_cat-shop-by-price","11":"product_cat-wedding-bands","12":"product_cat-wedding-rings-bands","14":"first","15":"outofstock","16":"taxable","17":"shipping-taxable","18":"product-type-simple","19":"add-to-wishlist-before_image"},"yoast_head":"<!-- This site is optimized with the Yoast SEO plugin v27.3 - https:\/\/yoast.com\/product\/yoast-seo-wordpress\/ -->\n<title>Women&#039;s Wedding Rings UK | Wedding Bands | PureJewels<\/title>\n<meta name=\"description\" content=\"Explore our Collection of Women&#039;s Jewellery UK. Shop 22ct Gold Wedding Rings. All our Wedding Bands are hallmarked by London Assay Office.\" \/>\n<meta name=\"robots\" content=\"index, follow, max-snippet:-1, max-image-preview:large, max-video-preview:-1\" \/>\n<link rel=\"canonical\" href=\"https:\/\/www.purejewels.com\/de\/produkt-2\/frauen-ehering-uk-42640\/\" \/>\n<meta property=\"og:locale\" content=\"de_DE\" \/>\n<meta property=\"og:type\" content=\"article\" \/>\n<meta property=\"og:title\" content=\"Women&#039;s Wedding Rings UK | Wedding Bands | PureJewels\" \/>\n<meta property=\"og:description\" content=\"Explore our Collection of Women&#039;s Jewellery UK. Shop 22ct Gold Wedding Rings. All our Wedding Bands are hallmarked by London Assay Office.\" \/>\n<meta property=\"og:url\" content=\"https:\/\/www.purejewels.com\/de\/produkt-2\/frauen-ehering-uk-42640\/\" \/>\n<meta property=\"og:site_name\" content=\"PureJewels UK\" \/>\n<meta property=\"article:modified_time\" content=\"2026-01-07T06:06:02+00:00\" \/>\n<meta property=\"og:image\" content=\"https:\/\/static.purejewels.com\/wp-content\/uploads\/2022\/05\/42640-1.jpg\" \/>\n\t<meta property=\"og:image:width\" content=\"1000\" \/>\n\t<meta property=\"og:image:height\" content=\"1000\" \/>\n\t<meta property=\"og:image:type\" content=\"image\/jpeg\" \/>\n<meta name=\"twitter:card\" content=\"summary_large_image\" \/>\n<meta name=\"twitter:label1\" content=\"Gesch\u00e4tzte Lesezeit\" \/>\n\t<meta name=\"twitter:data1\" content=\"1\u00a0Minute\" \/>\n<script type=\"application\/ld+json\" class=\"yoast-schema-graph\">{\"@context\":\"https:\\\/\\\/schema.org\",\"@graph\":[{\"@type\":[\"WebPage\",\"ItemPage\"],\"@id\":\"https:\\\/\\\/www.purejewels.com\\\/product\\\/womens-wedding-ring-uk-42640\\\/\",\"url\":\"https:\\\/\\\/www.purejewels.com\\\/product\\\/womens-wedding-ring-uk-42640\\\/\",\"name\":\"Women's Wedding Rings UK | Wedding Bands | PureJewels\",\"isPartOf\":{\"@id\":\"https:\\\/\\\/www.purejewels.com\\\/#website\"},\"primaryImageOfPage\":{\"@id\":\"https:\\\/\\\/www.purejewels.com\\\/product\\\/womens-wedding-ring-uk-42640\\\/#primaryimage\"},\"image\":{\"@id\":\"https:\\\/\\\/www.purejewels.com\\\/product\\\/womens-wedding-ring-uk-42640\\\/#primaryimage\"},\"thumbnailUrl\":\"https:\\\/\\\/static.purejewels.com\\\/wp-content\\\/uploads\\\/2022\\\/05\\\/42640-1.jpg\",\"datePublished\":\"2022-10-01T04:20:47+00:00\",\"dateModified\":\"2026-01-07T06:06:02+00:00\",\"description\":\"Explore our Collection of Women's Jewellery UK. Shop 22ct Gold Wedding Rings. All our Wedding Bands are hallmarked by London Assay Office.\",\"breadcrumb\":{\"@id\":\"https:\\\/\\\/www.purejewels.com\\\/product\\\/womens-wedding-ring-uk-42640\\\/#breadcrumb\"},\"inLanguage\":\"de\",\"potentialAction\":[{\"@type\":\"ReadAction\",\"target\":[\"https:\\\/\\\/www.purejewels.com\\\/product\\\/womens-wedding-ring-uk-42640\\\/\"]}]},{\"@type\":\"ImageObject\",\"inLanguage\":\"de\",\"@id\":\"https:\\\/\\\/www.purejewels.com\\\/product\\\/womens-wedding-ring-uk-42640\\\/#primaryimage\",\"url\":\"https:\\\/\\\/static.purejewels.com\\\/wp-content\\\/uploads\\\/2022\\\/05\\\/42640-1.jpg\",\"contentUrl\":\"https:\\\/\\\/static.purejewels.com\\\/wp-content\\\/uploads\\\/2022\\\/05\\\/42640-1.jpg\",\"width\":1000,\"height\":1000,\"caption\":\"22ct Gold Women's Wedding Ring UK | Size M\"},{\"@type\":\"BreadcrumbList\",\"@id\":\"https:\\\/\\\/www.purejewels.com\\\/product\\\/womens-wedding-ring-uk-42640\\\/#breadcrumb\",\"itemListElement\":[{\"@type\":\"ListItem\",\"position\":1,\"name\":\"Home\",\"item\":\"https:\\\/\\\/www.purejewels.com\\\/\"},{\"@type\":\"ListItem\",\"position\":2,\"name\":\"Shop\",\"item\":\"https:\\\/\\\/www.purejewels.com\\\/shop\\\/\"},{\"@type\":\"ListItem\",\"position\":3,\"name\":\"22ct Gold Women&#8217;s Wedding Ring UK | Size M\"}]},{\"@type\":\"WebSite\",\"@id\":\"https:\\\/\\\/www.purejewels.com\\\/#website\",\"url\":\"https:\\\/\\\/www.purejewels.com\\\/\",\"name\":\"PureJewels UK\",\"description\":\"Share the Love\",\"publisher\":{\"@id\":\"https:\\\/\\\/www.purejewels.com\\\/#organization\"},\"potentialAction\":[{\"@type\":\"SearchAction\",\"target\":{\"@type\":\"EntryPoint\",\"urlTemplate\":\"https:\\\/\\\/www.purejewels.com\\\/?s={search_term_string}\"},\"query-input\":{\"@type\":\"PropertyValueSpecification\",\"valueRequired\":true,\"valueName\":\"search_term_string\"}}],\"inLanguage\":\"de\"},{\"@type\":\"Organization\",\"@id\":\"https:\\\/\\\/www.purejewels.com\\\/#organization\",\"name\":\"PureJewels UK\",\"url\":\"https:\\\/\\\/www.purejewels.com\\\/\",\"logo\":{\"@type\":\"ImageObject\",\"inLanguage\":\"de\",\"@id\":\"https:\\\/\\\/www.purejewels.com\\\/#\\\/schema\\\/logo\\\/image\\\/\",\"url\":\"https:\\\/\\\/static.purejewels.com\\\/wp-content\\\/uploads\\\/2020\\\/11\\\/Logo-PJ-New-1.png\",\"contentUrl\":\"https:\\\/\\\/static.purejewels.com\\\/wp-content\\\/uploads\\\/2020\\\/11\\\/Logo-PJ-New-1.png\",\"width\":150,\"height\":80,\"caption\":\"PureJewels UK\"},\"image\":{\"@id\":\"https:\\\/\\\/www.purejewels.com\\\/#\\\/schema\\\/logo\\\/image\\\/\"}}]}<\/script>\n<!-- \/ Yoast SEO plugin. -->","yoast_head_json":{"title":"Damen Eheringe UK | Eheringe | PureJewels","description":"Entdecken Sie unsere Kollektion von Frauenschmuck UK. Shop 22ct Gold Trauringe. Alle unsere Eheringe sind von London Assay Office gestempelt.","robots":{"index":"index","follow":"follow","max-snippet":"max-snippet:-1","max-image-preview":"max-image-preview:large","max-video-preview":"max-video-preview:-1"},"canonical":"https:\/\/www.purejewels.com\/de\/produkt-2\/frauen-ehering-uk-42640\/","og_locale":"de_DE","og_type":"article","og_title":"Women's Wedding Rings UK | Wedding Bands | PureJewels","og_description":"Explore our Collection of Women's Jewellery UK. Shop 22ct Gold Wedding Rings. All our Wedding Bands are hallmarked by London Assay Office.","og_url":"https:\/\/www.purejewels.com\/de\/produkt-2\/frauen-ehering-uk-42640\/","og_site_name":"PureJewels UK","article_modified_time":"2026-01-07T06:06:02+00:00","og_image":[{"width":1000,"height":1000,"url":"https:\/\/static.purejewels.com\/wp-content\/uploads\/2022\/05\/42640-1.jpg","type":"image\/jpeg"}],"twitter_card":"summary_large_image","twitter_misc":{"Gesch\u00e4tzte Lesezeit":"1\u00a0Minute"},"schema":{"@context":"https:\/\/schema.org","@graph":[{"@type":["WebPage","ItemPage"],"@id":"https:\/\/www.purejewels.com\/product\/womens-wedding-ring-uk-42640\/","url":"https:\/\/www.purejewels.com\/product\/womens-wedding-ring-uk-42640\/","name":"Damen Eheringe UK | Eheringe | PureJewels","isPartOf":{"@id":"https:\/\/www.purejewels.com\/#website"},"primaryImageOfPage":{"@id":"https:\/\/www.purejewels.com\/product\/womens-wedding-ring-uk-42640\/#primaryimage"},"image":{"@id":"https:\/\/www.purejewels.com\/product\/womens-wedding-ring-uk-42640\/#primaryimage"},"thumbnailUrl":"https:\/\/static.purejewels.com\/wp-content\/uploads\/2022\/05\/42640-1.jpg","datePublished":"2022-10-01T04:20:47+00:00","dateModified":"2026-01-07T06:06:02+00:00","description":"Entdecken Sie unsere Kollektion von Frauenschmuck UK. Shop 22ct Gold Trauringe. Alle unsere Eheringe sind von London Assay Office gestempelt.","breadcrumb":{"@id":"https:\/\/www.purejewels.com\/product\/womens-wedding-ring-uk-42640\/#breadcrumb"},"inLanguage":"de","potentialAction":[{"@type":"ReadAction","target":["https:\/\/www.purejewels.com\/product\/womens-wedding-ring-uk-42640\/"]}]},{"@type":"ImageObject","inLanguage":"de","@id":"https:\/\/www.purejewels.com\/product\/womens-wedding-ring-uk-42640\/#primaryimage","url":"https:\/\/static.purejewels.com\/wp-content\/uploads\/2022\/05\/42640-1.jpg","contentUrl":"https:\/\/static.purejewels.com\/wp-content\/uploads\/2022\/05\/42640-1.jpg","width":1000,"height":1000,"caption":"22ct Gold Women's Wedding Ring UK | Size M"},{"@type":"BreadcrumbList","@id":"https:\/\/www.purejewels.com\/product\/womens-wedding-ring-uk-42640\/#breadcrumb","itemListElement":[{"@type":"ListItem","position":1,"name":"Home","item":"https:\/\/www.purejewels.com\/"},{"@type":"ListItem","position":2,"name":"Shop","item":"https:\/\/www.purejewels.com\/shop\/"},{"@type":"ListItem","position":3,"name":"22ct Gold Women&#8217;s Wedding Ring UK | Size M"}]},{"@type":"WebSite","@id":"https:\/\/www.purejewels.com\/#website","url":"https:\/\/www.purejewels.com\/","name":"PureJewels UK","description":"Teile die Liebe","publisher":{"@id":"https:\/\/www.purejewels.com\/#organization"},"potentialAction":[{"@type":"SearchAction","target":{"@type":"EntryPoint","urlTemplate":"https:\/\/www.purejewels.com\/?s={search_term_string}"},"query-input":{"@type":"PropertyValueSpecification","valueRequired":true,"valueName":"search_term_string"}}],"inLanguage":"de"},{"@type":"Organization","@id":"https:\/\/www.purejewels.com\/#organization","name":"PureJewels UK","url":"https:\/\/www.purejewels.com\/","logo":{"@type":"ImageObject","inLanguage":"de","@id":"https:\/\/www.purejewels.com\/#\/schema\/logo\/image\/","url":"https:\/\/static.purejewels.com\/wp-content\/uploads\/2020\/11\/Logo-PJ-New-1.png","contentUrl":"https:\/\/static.purejewels.com\/wp-content\/uploads\/2020\/11\/Logo-PJ-New-1.png","width":150,"height":80,"caption":"PureJewels UK"},"image":{"@id":"https:\/\/www.purejewels.com\/#\/schema\/logo\/image\/"}}]}},"_links":{"self":[{"href":"https:\/\/www.purejewels.com\/de\/wp-json\/wp\/v2\/product\/336697","targetHints":{"allow":["GET"]}}],"collection":[{"href":"https:\/\/www.purejewels.com\/de\/wp-json\/wp\/v2\/product"}],"about":[{"href":"https:\/\/www.purejewels.com\/de\/wp-json\/wp\/v2\/types\/product"}],"replies":[{"embeddable":true,"href":"https:\/\/www.purejewels.com\/de\/wp-json\/wp\/v2\/comments?post=336697"}],"version-history":[{"count":1,"href":"https:\/\/www.purejewels.com\/de\/wp-json\/wp\/v2\/product\/336697\/revisions"}],"predecessor-version":[{"id":422652,"href":"https:\/\/www.purejewels.com\/de\/wp-json\/wp\/v2\/product\/336697\/revisions\/422652"}],"wp:featuredmedia":[{"embeddable":true,"href":"https:\/\/www.purejewels.com\/de\/wp-json\/wp\/v2\/media\/339140"}],"wp:attachment":[{"href":"https:\/\/www.purejewels.com\/de\/wp-json\/wp\/v2\/media?parent=336697"}],"wp:term":[{"taxonomy":"product_brand","embeddable":true,"href":"https:\/\/www.purejewels.com\/de\/wp-json\/wp\/v2\/product_brand?post=336697"},{"taxonomy":"product_cat","embeddable":true,"href":"https:\/\/www.purejewels.com\/de\/wp-json\/wp\/v2\/product_cat?post=336697"},{"taxonomy":"product_tag","embeddable":true,"href":"https:\/\/www.purejewels.com\/de\/wp-json\/wp\/v2\/product_tag?post=336697"}],"curies":[{"name":"wp","href":"https:\/\/api.w.org\/{rel}","templated":true}]}}