{"id":336729,"date":"2024-05-15T04:53:02","date_gmt":"2024-05-15T03:53:02","guid":{"rendered":"https:\/\/www.purejewels.com\/?post_type=product&#038;p=336729"},"modified":"2026-02-26T13:31:47","modified_gmt":"2026-02-26T13:31:47","slug":"22ct-frauen-jali-armband-50847","status":"publish","type":"product","link":"https:\/\/www.purejewels.com\/de\/product\/22ct-womens-jali-bracelet-50847\/","title":{"rendered":"22ct Jali Armband f\u00fcr Damen | Jali Kollektion"},"content":{"rendered":"<p data-start=\"510\" data-end=\"895\"><strong data-start=\"510\" data-end=\"529\">Designkonzept<\/strong><\/p>\n<p data-start=\"510\" data-end=\"895\">Inspiriert von der geometrischen Eleganz der Moguln <em data-start=\"577\" data-end=\"583\">jali<\/em> Im Mittelpunkt dieses Armbands steht eine fein gew\u00f6lbte Gitterkugel - eine moderne Neuinterpretation der architektonischen Sch\u00f6nheit. Flankiert von symmetrischen filigranen Akzenten und vollendet mit feinen Perlen <a href=\"https:\/\/www.purejewels.com\/de\/product-category\/22ct-gold-jewellery\/gold-chains\/\">Ketten<\/a>Das Design l\u00e4sst das Licht durch das goldene Ger\u00fcst hindurch, das ein feines Gleichgewicht zwischen St\u00e4rke und Zartheit hervorruft.<\/p>\n<hr data-start=\"897\" data-end=\"900\" \/>\n<p data-start=\"902\" data-end=\"1399\"><strong data-start=\"902\" data-end=\"920\"><a href=\"https:\/\/www.purejewels.com\/de\/a-guide-to-die-stamping\/\">Handwerkliches K\u00f6nnen<\/a><\/strong><\/p>\n<p data-start=\"902\" data-end=\"1399\">Jedes Glied und jedes Motiv wird in traditioneller Jali-Technik von Hand gefertigt, was akribische Pr\u00e4zision und handwerkliches K\u00f6nnen erfordert. Das aus reichem 22-kar\u00e4tigem Gold gegossene Armband ist leicht und dennoch kunstvoll und bietet Komfort, ohne auf Luxus zu verzichten. Die filigrane Kugel ist mit Textur und Tiefe geformt und bietet ein ebenso reizvolles wie visuell fesselndes haptisches Erlebnis. Die Echtheit und Reinheit des Armbands wird durch das London Assay Office garantiert.<\/p>\n<hr data-start=\"1401\" data-end=\"1404\" \/>\n<p data-start=\"1406\" data-end=\"1426\"><strong data-start=\"1406\" data-end=\"1424\">Styling-Ideen<\/strong><\/p>\n<ul>\n<li data-start=\"1429\" data-end=\"1533\">Tragen Sie ihn solo f\u00fcr ein gewagtes und doch feminines Statement, besonders mit Sarees, Lehengas oder Seidenblusen.<\/li>\n<li data-start=\"1536\" data-end=\"1622\">Kombinieren Sie sie mit einem mehrschichtigen Armreif, um traditionelle und moderne Elemente zu verbinden.<\/li>\n<li data-start=\"1625\" data-end=\"1749\">Ideal f\u00fcr Hochzeiten, Geschenkrituale oder kulturelle Feiern, die jedem Anlass eine poetische Bedeutung verleihen.<\/li>\n<\/ul>\n<p data-start=\"1751\" data-end=\"1878\">Dieses Armband ist mehr als nur Schmuck - es ist ein Gespr\u00e4ch zwischen Handwerkskunst und kulturellem Ged\u00e4chtnis, das mit Stolz am Handgelenk getragen wird.<\/p>","protected":false},"excerpt":{"rendered":"<p>Dieses 22-kar\u00e4tige Jali-Armband f\u00fcr Damen aus der Kollektion der \"Jali\"-Marken ist kunstvoll mit Licht und Erbe verwoben. <em data-start=\"257\" data-end=\"274\">Jali Kollektion<\/em> ist eine Hommage an die durchbrochene Kunstfertigkeit und raffinierte Tradition. Sie wurde f\u00fcr die anspruchsvolle Frau entworfen und verbindet uralte Motive mit zeitgen\u00f6ssischer Eleganz - ein zeitloses Andenken, das sich sowohl f\u00fcr den allt\u00e4glichen Schmuck als auch f\u00fcr feierliche Anl\u00e4sse eignet.<\/p>\n<p><strong>Material:<\/strong>\u00a022ct Gold<strong><br \/>\nWahrzeichen:\u00a0<\/strong>Britisches G\u00fctesiegel<strong><br \/>\n<\/strong><strong>Bruttogewicht: <\/strong>13 Gms<br \/>\n<strong>L\u00e4nge: <\/strong>7,5 Zoll<strong><br \/>\nSKU: <\/strong>50847<\/p>\n<p><strong>Preis und Lieferung<\/strong>:Inklusive Mehrwertsteuer und Lieferkosten<\/p>\n<p><a href=\"https:\/\/www.purejewels.com\/de\/ruckgabepolitik\/\">R\u00fcckgabepolitik<\/a><\/p>","protected":false},"featured_media":401868,"comment_status":"closed","ping_status":"closed","template":"","meta":{"_eb_attr":"","_crsspst_to_jayantr4sg-hostcom":true},"product_brand":[],"product_cat":[1791,1559,1324,1627,252,5371,1574,5349],"product_tag":[],"class_list":{"0":"post-336729","1":"product","2":"type-product","3":"status-publish","4":"has-post-thumbnail","6":"product_cat-anniversary-gifts","7":"product_cat-birthday-gifts","8":"product_cat-gold-bracelet","9":"product_cat-ladies-bracelet","10":"product_cat-jali-collections","11":"product_cat-jewellery-for-hands","12":"product_cat-womens-jewellery","13":"product_cat-yellow-gold-jewellery","15":"first","16":"instock","17":"taxable","18":"shipping-taxable","19":"purchasable","20":"product-type-simple","21":"add-to-wishlist-before_image"},"yoast_head":"<!-- This site is optimized with the Yoast SEO plugin v27.3 - https:\/\/yoast.com\/product\/yoast-seo-wordpress\/ -->\n<title>22ct Womens Jali Bracelet Bracelet | Purejewels<\/title>\n<meta name=\"description\" content=\"Embrace the elegance and timeless beauty of our 22ct 22ct Womens Jali Bracelet | Jali Collection\" \/>\n<meta name=\"robots\" content=\"index, follow, max-snippet:-1, max-image-preview:large, max-video-preview:-1\" \/>\n<link rel=\"canonical\" href=\"https:\/\/www.purejewels.com\/de\/produkt-2\/22ct-frauen-jali-armband-50847\/\" \/>\n<meta property=\"og:locale\" content=\"de_DE\" \/>\n<meta property=\"og:type\" content=\"article\" \/>\n<meta property=\"og:title\" content=\"22ct Womens Jali Bracelet Bracelet | Purejewels\" \/>\n<meta property=\"og:description\" content=\"Embrace the elegance and timeless beauty of our 22ct 22ct Womens Jali Bracelet | Jali Collection\" \/>\n<meta property=\"og:url\" content=\"https:\/\/www.purejewels.com\/de\/produkt-2\/22ct-frauen-jali-armband-50847\/\" \/>\n<meta property=\"og:site_name\" content=\"PureJewels UK\" \/>\n<meta property=\"article:modified_time\" content=\"2026-02-26T13:31:47+00:00\" \/>\n<meta property=\"og:image\" content=\"https:\/\/static.purejewels.com\/wp-content\/uploads\/2024\/05\/SKU-50847.png\" \/>\n\t<meta property=\"og:image:width\" content=\"1000\" \/>\n\t<meta property=\"og:image:height\" content=\"1000\" \/>\n\t<meta property=\"og:image:type\" content=\"image\/png\" \/>\n<meta name=\"twitter:card\" content=\"summary_large_image\" \/>\n<meta name=\"twitter:label1\" content=\"Gesch\u00e4tzte Lesezeit\" \/>\n\t<meta name=\"twitter:data1\" content=\"2\u00a0Minuten\" \/>\n<script type=\"application\/ld+json\" class=\"yoast-schema-graph\">{\"@context\":\"https:\\\/\\\/schema.org\",\"@graph\":[{\"@type\":[\"WebPage\",\"ItemPage\"],\"@id\":\"https:\\\/\\\/www.purejewels.com\\\/product\\\/22ct-womens-jali-bracelet-50847\\\/\",\"url\":\"https:\\\/\\\/www.purejewels.com\\\/product\\\/22ct-womens-jali-bracelet-50847\\\/\",\"name\":\"22ct Womens Jali Bracelet Bracelet | Purejewels\",\"isPartOf\":{\"@id\":\"https:\\\/\\\/www.purejewels.com\\\/#website\"},\"primaryImageOfPage\":{\"@id\":\"https:\\\/\\\/www.purejewels.com\\\/product\\\/22ct-womens-jali-bracelet-50847\\\/#primaryimage\"},\"image\":{\"@id\":\"https:\\\/\\\/www.purejewels.com\\\/product\\\/22ct-womens-jali-bracelet-50847\\\/#primaryimage\"},\"thumbnailUrl\":\"https:\\\/\\\/static.purejewels.com\\\/wp-content\\\/uploads\\\/2024\\\/05\\\/SKU-50847.png\",\"datePublished\":\"2024-05-15T03:53:02+00:00\",\"dateModified\":\"2026-02-26T13:31:47+00:00\",\"description\":\"Embrace the elegance and timeless beauty of our 22ct 22ct Womens Jali Bracelet | Jali Collection\",\"breadcrumb\":{\"@id\":\"https:\\\/\\\/www.purejewels.com\\\/product\\\/22ct-womens-jali-bracelet-50847\\\/#breadcrumb\"},\"inLanguage\":\"de\",\"potentialAction\":[{\"@type\":\"ReadAction\",\"target\":[\"https:\\\/\\\/www.purejewels.com\\\/product\\\/22ct-womens-jali-bracelet-50847\\\/\"]}]},{\"@type\":\"ImageObject\",\"inLanguage\":\"de\",\"@id\":\"https:\\\/\\\/www.purejewels.com\\\/product\\\/22ct-womens-jali-bracelet-50847\\\/#primaryimage\",\"url\":\"https:\\\/\\\/static.purejewels.com\\\/wp-content\\\/uploads\\\/2024\\\/05\\\/SKU-50847.png\",\"contentUrl\":\"https:\\\/\\\/static.purejewels.com\\\/wp-content\\\/uploads\\\/2024\\\/05\\\/SKU-50847.png\",\"width\":1000,\"height\":1000,\"caption\":\"22ct Womens Jali Bracelet\"},{\"@type\":\"BreadcrumbList\",\"@id\":\"https:\\\/\\\/www.purejewels.com\\\/product\\\/22ct-womens-jali-bracelet-50847\\\/#breadcrumb\",\"itemListElement\":[{\"@type\":\"ListItem\",\"position\":1,\"name\":\"Home\",\"item\":\"https:\\\/\\\/www.purejewels.com\\\/\"},{\"@type\":\"ListItem\",\"position\":2,\"name\":\"Shop\",\"item\":\"https:\\\/\\\/www.purejewels.com\\\/shop\\\/\"},{\"@type\":\"ListItem\",\"position\":3,\"name\":\"22ct Womens Jali Bracelet | Jali Collection\"}]},{\"@type\":\"WebSite\",\"@id\":\"https:\\\/\\\/www.purejewels.com\\\/#website\",\"url\":\"https:\\\/\\\/www.purejewels.com\\\/\",\"name\":\"PureJewels UK\",\"description\":\"Share the Love\",\"publisher\":{\"@id\":\"https:\\\/\\\/www.purejewels.com\\\/#organization\"},\"potentialAction\":[{\"@type\":\"SearchAction\",\"target\":{\"@type\":\"EntryPoint\",\"urlTemplate\":\"https:\\\/\\\/www.purejewels.com\\\/?s={search_term_string}\"},\"query-input\":{\"@type\":\"PropertyValueSpecification\",\"valueRequired\":true,\"valueName\":\"search_term_string\"}}],\"inLanguage\":\"de\"},{\"@type\":\"Organization\",\"@id\":\"https:\\\/\\\/www.purejewels.com\\\/#organization\",\"name\":\"PureJewels UK\",\"url\":\"https:\\\/\\\/www.purejewels.com\\\/\",\"logo\":{\"@type\":\"ImageObject\",\"inLanguage\":\"de\",\"@id\":\"https:\\\/\\\/www.purejewels.com\\\/#\\\/schema\\\/logo\\\/image\\\/\",\"url\":\"https:\\\/\\\/static.purejewels.com\\\/wp-content\\\/uploads\\\/2020\\\/11\\\/Logo-PJ-New-1.png\",\"contentUrl\":\"https:\\\/\\\/static.purejewels.com\\\/wp-content\\\/uploads\\\/2020\\\/11\\\/Logo-PJ-New-1.png\",\"width\":150,\"height\":80,\"caption\":\"PureJewels UK\"},\"image\":{\"@id\":\"https:\\\/\\\/www.purejewels.com\\\/#\\\/schema\\\/logo\\\/image\\\/\"}}]}<\/script>\n<!-- \/ Yoast SEO plugin. -->","yoast_head_json":{"title":"22ct Womens Jali Armband Armband | Purejewels","description":"Lassen Sie sich von der Eleganz und zeitlosen Sch\u00f6nheit unseres 22ct 22ct Womens Jali Bracelet | Jali Collection","robots":{"index":"index","follow":"follow","max-snippet":"max-snippet:-1","max-image-preview":"max-image-preview:large","max-video-preview":"max-video-preview:-1"},"canonical":"https:\/\/www.purejewels.com\/de\/produkt-2\/22ct-frauen-jali-armband-50847\/","og_locale":"de_DE","og_type":"article","og_title":"22ct Womens Jali Bracelet Bracelet | Purejewels","og_description":"Embrace the elegance and timeless beauty of our 22ct 22ct Womens Jali Bracelet | Jali Collection","og_url":"https:\/\/www.purejewels.com\/de\/produkt-2\/22ct-frauen-jali-armband-50847\/","og_site_name":"PureJewels UK","article_modified_time":"2026-02-26T13:31:47+00:00","og_image":[{"width":1000,"height":1000,"url":"https:\/\/static.purejewels.com\/wp-content\/uploads\/2024\/05\/SKU-50847.png","type":"image\/png"}],"twitter_card":"summary_large_image","twitter_misc":{"Gesch\u00e4tzte Lesezeit":"2\u00a0Minuten"},"schema":{"@context":"https:\/\/schema.org","@graph":[{"@type":["WebPage","ItemPage"],"@id":"https:\/\/www.purejewels.com\/product\/22ct-womens-jali-bracelet-50847\/","url":"https:\/\/www.purejewels.com\/product\/22ct-womens-jali-bracelet-50847\/","name":"22ct Womens Jali Armband Armband | Purejewels","isPartOf":{"@id":"https:\/\/www.purejewels.com\/#website"},"primaryImageOfPage":{"@id":"https:\/\/www.purejewels.com\/product\/22ct-womens-jali-bracelet-50847\/#primaryimage"},"image":{"@id":"https:\/\/www.purejewels.com\/product\/22ct-womens-jali-bracelet-50847\/#primaryimage"},"thumbnailUrl":"https:\/\/static.purejewels.com\/wp-content\/uploads\/2024\/05\/SKU-50847.png","datePublished":"2024-05-15T03:53:02+00:00","dateModified":"2026-02-26T13:31:47+00:00","description":"Lassen Sie sich von der Eleganz und zeitlosen Sch\u00f6nheit unseres 22ct 22ct Womens Jali Bracelet | Jali Collection","breadcrumb":{"@id":"https:\/\/www.purejewels.com\/product\/22ct-womens-jali-bracelet-50847\/#breadcrumb"},"inLanguage":"de","potentialAction":[{"@type":"ReadAction","target":["https:\/\/www.purejewels.com\/product\/22ct-womens-jali-bracelet-50847\/"]}]},{"@type":"ImageObject","inLanguage":"de","@id":"https:\/\/www.purejewels.com\/product\/22ct-womens-jali-bracelet-50847\/#primaryimage","url":"https:\/\/static.purejewels.com\/wp-content\/uploads\/2024\/05\/SKU-50847.png","contentUrl":"https:\/\/static.purejewels.com\/wp-content\/uploads\/2024\/05\/SKU-50847.png","width":1000,"height":1000,"caption":"22ct Womens Jali Bracelet"},{"@type":"BreadcrumbList","@id":"https:\/\/www.purejewels.com\/product\/22ct-womens-jali-bracelet-50847\/#breadcrumb","itemListElement":[{"@type":"ListItem","position":1,"name":"Home","item":"https:\/\/www.purejewels.com\/"},{"@type":"ListItem","position":2,"name":"Shop","item":"https:\/\/www.purejewels.com\/shop\/"},{"@type":"ListItem","position":3,"name":"22ct Womens Jali Bracelet | Jali Collection"}]},{"@type":"WebSite","@id":"https:\/\/www.purejewels.com\/#website","url":"https:\/\/www.purejewels.com\/","name":"PureJewels UK","description":"Teile die Liebe","publisher":{"@id":"https:\/\/www.purejewels.com\/#organization"},"potentialAction":[{"@type":"SearchAction","target":{"@type":"EntryPoint","urlTemplate":"https:\/\/www.purejewels.com\/?s={search_term_string}"},"query-input":{"@type":"PropertyValueSpecification","valueRequired":true,"valueName":"search_term_string"}}],"inLanguage":"de"},{"@type":"Organization","@id":"https:\/\/www.purejewels.com\/#organization","name":"PureJewels UK","url":"https:\/\/www.purejewels.com\/","logo":{"@type":"ImageObject","inLanguage":"de","@id":"https:\/\/www.purejewels.com\/#\/schema\/logo\/image\/","url":"https:\/\/static.purejewels.com\/wp-content\/uploads\/2020\/11\/Logo-PJ-New-1.png","contentUrl":"https:\/\/static.purejewels.com\/wp-content\/uploads\/2020\/11\/Logo-PJ-New-1.png","width":150,"height":80,"caption":"PureJewels UK"},"image":{"@id":"https:\/\/www.purejewels.com\/#\/schema\/logo\/image\/"}}]}},"_links":{"self":[{"href":"https:\/\/www.purejewels.com\/de\/wp-json\/wp\/v2\/product\/336729","targetHints":{"allow":["GET"]}}],"collection":[{"href":"https:\/\/www.purejewels.com\/de\/wp-json\/wp\/v2\/product"}],"about":[{"href":"https:\/\/www.purejewels.com\/de\/wp-json\/wp\/v2\/types\/product"}],"replies":[{"embeddable":true,"href":"https:\/\/www.purejewels.com\/de\/wp-json\/wp\/v2\/comments?post=336729"}],"version-history":[{"count":5,"href":"https:\/\/www.purejewels.com\/de\/wp-json\/wp\/v2\/product\/336729\/revisions"}],"predecessor-version":[{"id":416406,"href":"https:\/\/www.purejewels.com\/de\/wp-json\/wp\/v2\/product\/336729\/revisions\/416406"}],"wp:featuredmedia":[{"embeddable":true,"href":"https:\/\/www.purejewels.com\/de\/wp-json\/wp\/v2\/media\/401868"}],"wp:attachment":[{"href":"https:\/\/www.purejewels.com\/de\/wp-json\/wp\/v2\/media?parent=336729"}],"wp:term":[{"taxonomy":"product_brand","embeddable":true,"href":"https:\/\/www.purejewels.com\/de\/wp-json\/wp\/v2\/product_brand?post=336729"},{"taxonomy":"product_cat","embeddable":true,"href":"https:\/\/www.purejewels.com\/de\/wp-json\/wp\/v2\/product_cat?post=336729"},{"taxonomy":"product_tag","embeddable":true,"href":"https:\/\/www.purejewels.com\/de\/wp-json\/wp\/v2\/product_tag?post=336729"}],"curies":[{"name":"wp","href":"https:\/\/api.w.org\/{rel}","templated":true}]}}