{"id":337036,"date":"2022-06-01T09:06:36","date_gmt":"2022-06-01T08:06:36","guid":{"rendered":"https:\/\/www.purejewels.com\/?post_type=product&#038;p=337036"},"modified":"2026-01-06T08:09:08","modified_gmt":"2026-01-06T08:09:08","slug":"gold-anhanger-fur-frauen-41767","status":"publish","type":"product","link":"https:\/\/www.purejewels.com\/de\/product\/gold-pendant-for-women-41767\/","title":{"rendered":"Gold-Anh\u00e4nger f\u00fcr Frauen"},"content":{"rendered":"<p>Sie suchen den perfekten Goldanh\u00e4nger f\u00fcr Frauen? Dann ist unser atemberaubender Anh\u00e4nger aus 22 Karat Gold mit einem Gewicht von 6,1 Gramm genau das Richtige f\u00fcr Sie. Dieses exquisite St\u00fcck ist vom London Assay Office gepunzt, was seine Authentizit\u00e4t und Qualit\u00e4t garantiert. Bitte beachten Sie, dass die abgebildete Kette eine Spiga-Kette ist und nicht zum Lieferumfang des Anh\u00e4ngers geh\u00f6rt.<\/p>\n<p>Bei PureJewels.com bieten wir Ihnen eine kostenlose, verfolgbare Lieferung und sichere Online-Zahlungen f\u00fcr Ihren Seelenfrieden.<\/p>\n<p>Ganz gleich, ob Sie ein besonderes Geschenk f\u00fcr einen Jahrestag oder eine Hochzeit suchen oder sich einfach nur ein sch\u00f6nes Schmuckst\u00fcck g\u00f6nnen m\u00f6chten, dieser Goldanh\u00e4nger wird Sie sicher beeindrucken. Bestellen Sie jetzt und genie\u00dfen Sie die Lieferung inklusive einer Pr\u00e4sentationsbox f\u00fcr den zus\u00e4tzlichen Hauch von Luxus. Verpassen Sie nicht dieses atemberaubende St\u00fcck - bestellen Sie jetzt!<\/p>","protected":false},"excerpt":{"rendered":"<ul>\n<li>22ct Gold Anh\u00e4nger<\/li>\n<li>Gold-Anh\u00e4nger UK<\/li>\n<li>Gewicht. 6.1 gms<\/li>\n<li>SKU. 41767<\/li>\n<li>Kette nicht enthalten.<\/li>\n<li>Die auf dem Bild gezeigte Kette ist eine\u00a0<strong>Spiga-Kette<\/strong><\/li>\n<li>Alle unsere Produkte sind vom London Assay Office gestempelt.<\/li>\n<li>Mit Pr\u00e4sentationsbox<\/li>\n<li>Lieferung inbegriffen<\/li>\n<li>Alle Preise inklusive Mehrwertsteuer<\/li>\n<li>Kontaktieren Sie uns\/Live-Chat mit uns, um ein Video des Produkts zu sehen<\/li>\n<\/ul>","protected":false},"featured_media":337037,"comment_status":"closed","ping_status":"closed","template":"","meta":{"_eb_attr":"","_crsspst_to_jayantr4sg-hostcom":false},"product_brand":[],"product_cat":[1791,1770,1790,1255,1767,1573,1574],"product_tag":[],"class_list":{"0":"post-337036","1":"product","2":"type-product","3":"status-publish","4":"has-post-thumbnail","6":"product_cat-anniversary-gifts","7":"product_cat-fancy-pendants","8":"product_cat-for-whom-when","9":"product_cat-gold-pendants","10":"product_cat-ladies-pendants","11":"product_cat-wedding-gifts","12":"product_cat-womens-jewellery","14":"first","15":"outofstock","16":"taxable","17":"shipping-taxable","18":"product-type-simple","19":"add-to-wishlist-before_image"},"yoast_head":"<!-- This site is optimized with the Yoast SEO plugin v27.3 - https:\/\/yoast.com\/product\/yoast-seo-wordpress\/ -->\n<title>Gold Pendant for Women | Order Now at PureJewels.com<\/title>\n<meta name=\"description\" content=\"Pendants For Women | Pure Gold Pendants | Pair it Up With Your Favourite Chain | Fast Delivery\" \/>\n<meta name=\"robots\" content=\"index, follow, max-snippet:-1, max-image-preview:large, max-video-preview:-1\" \/>\n<link rel=\"canonical\" href=\"https:\/\/www.purejewels.com\/de\/produkt-2\/gold-anhanger-fur-frauen-41767\/\" \/>\n<meta property=\"og:locale\" content=\"de_DE\" \/>\n<meta property=\"og:type\" content=\"article\" \/>\n<meta property=\"og:title\" content=\"Gold Pendant for Women | Order Now at PureJewels.com\" \/>\n<meta property=\"og:description\" content=\"Pendants For Women | Pure Gold Pendants | Pair it Up With Your Favourite Chain | Fast Delivery\" \/>\n<meta property=\"og:url\" content=\"https:\/\/www.purejewels.com\/de\/produkt-2\/gold-anhanger-fur-frauen-41767\/\" \/>\n<meta property=\"og:site_name\" content=\"PureJewels UK\" \/>\n<meta property=\"article:modified_time\" content=\"2026-01-06T08:09:08+00:00\" \/>\n<meta property=\"og:image\" content=\"https:\/\/www.purejewels.com\/wp-content\/uploads\/2022\/06\/41767-2.jpg\" \/>\n\t<meta property=\"og:image:width\" content=\"1000\" \/>\n\t<meta property=\"og:image:height\" content=\"1000\" \/>\n\t<meta property=\"og:image:type\" content=\"image\/jpeg\" \/>\n<meta name=\"twitter:card\" content=\"summary_large_image\" \/>\n<meta name=\"twitter:label1\" content=\"Gesch\u00e4tzte Lesezeit\" \/>\n\t<meta name=\"twitter:data1\" content=\"1\u00a0Minute\" \/>\n<script type=\"application\/ld+json\" class=\"yoast-schema-graph\">{\"@context\":\"https:\\\/\\\/schema.org\",\"@graph\":[{\"@type\":[\"WebPage\",\"ItemPage\"],\"@id\":\"https:\\\/\\\/www.purejewels.com\\\/product\\\/gold-pendant-for-women-41767\\\/\",\"url\":\"https:\\\/\\\/www.purejewels.com\\\/product\\\/gold-pendant-for-women-41767\\\/\",\"name\":\"Gold Pendant for Women | Order Now at PureJewels.com\",\"isPartOf\":{\"@id\":\"https:\\\/\\\/www.purejewels.com\\\/#website\"},\"primaryImageOfPage\":{\"@id\":\"https:\\\/\\\/www.purejewels.com\\\/product\\\/gold-pendant-for-women-41767\\\/#primaryimage\"},\"image\":{\"@id\":\"https:\\\/\\\/www.purejewels.com\\\/product\\\/gold-pendant-for-women-41767\\\/#primaryimage\"},\"thumbnailUrl\":\"https:\\\/\\\/static.purejewels.com\\\/wp-content\\\/uploads\\\/2022\\\/06\\\/41767-2.jpg\",\"datePublished\":\"2022-06-01T08:06:36+00:00\",\"dateModified\":\"2026-01-06T08:09:08+00:00\",\"description\":\"Pendants For Women | Pure Gold Pendants | Pair it Up With Your Favourite Chain | Fast Delivery\",\"breadcrumb\":{\"@id\":\"https:\\\/\\\/www.purejewels.com\\\/product\\\/gold-pendant-for-women-41767\\\/#breadcrumb\"},\"inLanguage\":\"de\",\"potentialAction\":[{\"@type\":\"ReadAction\",\"target\":[\"https:\\\/\\\/www.purejewels.com\\\/product\\\/gold-pendant-for-women-41767\\\/\"]}]},{\"@type\":\"ImageObject\",\"inLanguage\":\"de\",\"@id\":\"https:\\\/\\\/www.purejewels.com\\\/product\\\/gold-pendant-for-women-41767\\\/#primaryimage\",\"url\":\"https:\\\/\\\/static.purejewels.com\\\/wp-content\\\/uploads\\\/2022\\\/06\\\/41767-2.jpg\",\"contentUrl\":\"https:\\\/\\\/static.purejewels.com\\\/wp-content\\\/uploads\\\/2022\\\/06\\\/41767-2.jpg\",\"width\":1000,\"height\":1000,\"caption\":\"Gold Pendant For Women 41767-2\"},{\"@type\":\"BreadcrumbList\",\"@id\":\"https:\\\/\\\/www.purejewels.com\\\/product\\\/gold-pendant-for-women-41767\\\/#breadcrumb\",\"itemListElement\":[{\"@type\":\"ListItem\",\"position\":1,\"name\":\"Home\",\"item\":\"https:\\\/\\\/www.purejewels.com\\\/\"},{\"@type\":\"ListItem\",\"position\":2,\"name\":\"Shop\",\"item\":\"https:\\\/\\\/www.purejewels.com\\\/shop\\\/\"},{\"@type\":\"ListItem\",\"position\":3,\"name\":\"Gold Pendant For Women\"}]},{\"@type\":\"WebSite\",\"@id\":\"https:\\\/\\\/www.purejewels.com\\\/#website\",\"url\":\"https:\\\/\\\/www.purejewels.com\\\/\",\"name\":\"PureJewels UK\",\"description\":\"Share the Love\",\"publisher\":{\"@id\":\"https:\\\/\\\/www.purejewels.com\\\/#organization\"},\"potentialAction\":[{\"@type\":\"SearchAction\",\"target\":{\"@type\":\"EntryPoint\",\"urlTemplate\":\"https:\\\/\\\/www.purejewels.com\\\/?s={search_term_string}\"},\"query-input\":{\"@type\":\"PropertyValueSpecification\",\"valueRequired\":true,\"valueName\":\"search_term_string\"}}],\"inLanguage\":\"de\"},{\"@type\":\"Organization\",\"@id\":\"https:\\\/\\\/www.purejewels.com\\\/#organization\",\"name\":\"PureJewels UK\",\"url\":\"https:\\\/\\\/www.purejewels.com\\\/\",\"logo\":{\"@type\":\"ImageObject\",\"inLanguage\":\"de\",\"@id\":\"https:\\\/\\\/www.purejewels.com\\\/#\\\/schema\\\/logo\\\/image\\\/\",\"url\":\"https:\\\/\\\/static.purejewels.com\\\/wp-content\\\/uploads\\\/2020\\\/11\\\/Logo-PJ-New-1.png\",\"contentUrl\":\"https:\\\/\\\/static.purejewels.com\\\/wp-content\\\/uploads\\\/2020\\\/11\\\/Logo-PJ-New-1.png\",\"width\":150,\"height\":80,\"caption\":\"PureJewels UK\"},\"image\":{\"@id\":\"https:\\\/\\\/www.purejewels.com\\\/#\\\/schema\\\/logo\\\/image\\\/\"}}]}<\/script>\n<!-- \/ Yoast SEO plugin. -->","yoast_head_json":{"title":"Gold-Anh\u00e4nger f\u00fcr Frauen | Jetzt bestellen bei PureJewels.com","description":"Anh\u00e4nger f\u00fcr Frauen | Reine Gold-Anh\u00e4nger | Kombinieren Sie es mit Ihrer Lieblingskette | Schnelle Lieferung","robots":{"index":"index","follow":"follow","max-snippet":"max-snippet:-1","max-image-preview":"max-image-preview:large","max-video-preview":"max-video-preview:-1"},"canonical":"https:\/\/www.purejewels.com\/de\/produkt-2\/gold-anhanger-fur-frauen-41767\/","og_locale":"de_DE","og_type":"article","og_title":"Gold Pendant for Women | Order Now at PureJewels.com","og_description":"Pendants For Women | Pure Gold Pendants | Pair it Up With Your Favourite Chain | Fast Delivery","og_url":"https:\/\/www.purejewels.com\/de\/produkt-2\/gold-anhanger-fur-frauen-41767\/","og_site_name":"PureJewels UK","article_modified_time":"2026-01-06T08:09:08+00:00","og_image":[{"width":1000,"height":1000,"url":"https:\/\/www.purejewels.com\/wp-content\/uploads\/2022\/06\/41767-2.jpg","type":"image\/jpeg"}],"twitter_card":"summary_large_image","twitter_misc":{"Gesch\u00e4tzte Lesezeit":"1\u00a0Minute"},"schema":{"@context":"https:\/\/schema.org","@graph":[{"@type":["WebPage","ItemPage"],"@id":"https:\/\/www.purejewels.com\/product\/gold-pendant-for-women-41767\/","url":"https:\/\/www.purejewels.com\/product\/gold-pendant-for-women-41767\/","name":"Gold-Anh\u00e4nger f\u00fcr Frauen | Jetzt bestellen bei PureJewels.com","isPartOf":{"@id":"https:\/\/www.purejewels.com\/#website"},"primaryImageOfPage":{"@id":"https:\/\/www.purejewels.com\/product\/gold-pendant-for-women-41767\/#primaryimage"},"image":{"@id":"https:\/\/www.purejewels.com\/product\/gold-pendant-for-women-41767\/#primaryimage"},"thumbnailUrl":"https:\/\/static.purejewels.com\/wp-content\/uploads\/2022\/06\/41767-2.jpg","datePublished":"2022-06-01T08:06:36+00:00","dateModified":"2026-01-06T08:09:08+00:00","description":"Anh\u00e4nger f\u00fcr Frauen | Reine Gold-Anh\u00e4nger | Kombinieren Sie es mit Ihrer Lieblingskette | Schnelle Lieferung","breadcrumb":{"@id":"https:\/\/www.purejewels.com\/product\/gold-pendant-for-women-41767\/#breadcrumb"},"inLanguage":"de","potentialAction":[{"@type":"ReadAction","target":["https:\/\/www.purejewels.com\/product\/gold-pendant-for-women-41767\/"]}]},{"@type":"ImageObject","inLanguage":"de","@id":"https:\/\/www.purejewels.com\/product\/gold-pendant-for-women-41767\/#primaryimage","url":"https:\/\/static.purejewels.com\/wp-content\/uploads\/2022\/06\/41767-2.jpg","contentUrl":"https:\/\/static.purejewels.com\/wp-content\/uploads\/2022\/06\/41767-2.jpg","width":1000,"height":1000,"caption":"Gold Pendant For Women 41767-2"},{"@type":"BreadcrumbList","@id":"https:\/\/www.purejewels.com\/product\/gold-pendant-for-women-41767\/#breadcrumb","itemListElement":[{"@type":"ListItem","position":1,"name":"Home","item":"https:\/\/www.purejewels.com\/"},{"@type":"ListItem","position":2,"name":"Shop","item":"https:\/\/www.purejewels.com\/shop\/"},{"@type":"ListItem","position":3,"name":"Gold Pendant For Women"}]},{"@type":"WebSite","@id":"https:\/\/www.purejewels.com\/#website","url":"https:\/\/www.purejewels.com\/","name":"PureJewels UK","description":"Teile die Liebe","publisher":{"@id":"https:\/\/www.purejewels.com\/#organization"},"potentialAction":[{"@type":"SearchAction","target":{"@type":"EntryPoint","urlTemplate":"https:\/\/www.purejewels.com\/?s={search_term_string}"},"query-input":{"@type":"PropertyValueSpecification","valueRequired":true,"valueName":"search_term_string"}}],"inLanguage":"de"},{"@type":"Organization","@id":"https:\/\/www.purejewels.com\/#organization","name":"PureJewels UK","url":"https:\/\/www.purejewels.com\/","logo":{"@type":"ImageObject","inLanguage":"de","@id":"https:\/\/www.purejewels.com\/#\/schema\/logo\/image\/","url":"https:\/\/static.purejewels.com\/wp-content\/uploads\/2020\/11\/Logo-PJ-New-1.png","contentUrl":"https:\/\/static.purejewels.com\/wp-content\/uploads\/2020\/11\/Logo-PJ-New-1.png","width":150,"height":80,"caption":"PureJewels UK"},"image":{"@id":"https:\/\/www.purejewels.com\/#\/schema\/logo\/image\/"}}]}},"_links":{"self":[{"href":"https:\/\/www.purejewels.com\/de\/wp-json\/wp\/v2\/product\/337036","targetHints":{"allow":["GET"]}}],"collection":[{"href":"https:\/\/www.purejewels.com\/de\/wp-json\/wp\/v2\/product"}],"about":[{"href":"https:\/\/www.purejewels.com\/de\/wp-json\/wp\/v2\/types\/product"}],"replies":[{"embeddable":true,"href":"https:\/\/www.purejewels.com\/de\/wp-json\/wp\/v2\/comments?post=337036"}],"version-history":[{"count":1,"href":"https:\/\/www.purejewels.com\/de\/wp-json\/wp\/v2\/product\/337036\/revisions"}],"predecessor-version":[{"id":420534,"href":"https:\/\/www.purejewels.com\/de\/wp-json\/wp\/v2\/product\/337036\/revisions\/420534"}],"wp:featuredmedia":[{"embeddable":true,"href":"https:\/\/www.purejewels.com\/de\/wp-json\/wp\/v2\/media\/337037"}],"wp:attachment":[{"href":"https:\/\/www.purejewels.com\/de\/wp-json\/wp\/v2\/media?parent=337036"}],"wp:term":[{"taxonomy":"product_brand","embeddable":true,"href":"https:\/\/www.purejewels.com\/de\/wp-json\/wp\/v2\/product_brand?post=337036"},{"taxonomy":"product_cat","embeddable":true,"href":"https:\/\/www.purejewels.com\/de\/wp-json\/wp\/v2\/product_cat?post=337036"},{"taxonomy":"product_tag","embeddable":true,"href":"https:\/\/www.purejewels.com\/de\/wp-json\/wp\/v2\/product_tag?post=337036"}],"curies":[{"name":"wp","href":"https:\/\/api.w.org\/{rel}","templated":true}]}}